{"id":8234,"date":"2016-07-05T18:23:43","date_gmt":"2016-07-05T16:23:43","guid":{"rendered":"https:\/\/luxury-rental-mc.com\/fr\/?page_id=8234"},"modified":"2017-06-21T17:56:39","modified_gmt":"2017-06-21T15:56:39","slug":"lamborghini-lp560-spider","status":"publish","type":"page","link":"https:\/\/luxury-rental-mc.com\/fr\/location-voiture\/lamborghini-lp560-spider\/","title":{"rendered":"Lamborghini LP560 Spider"},"content":{"rendered":"[vc_row][vc_column width=\u00a0\u00bb2\/3&Prime;][mk_title_box size=\u00a0\u00bb16&Prime; letter_spacing=\u00a0\u00bb4&Prime; margin_bottom=\u00a0\u00bb0&Prime; font_family=\u00a0\u00bbnone\u00a0\u00bb]\n<h1><span style=\"font-size: 14pt;\">Location Lamborghini LP560 Spider<\/span><\/h1>\n[\/mk_title_box][mk_swipe_slideshow images=\u00a0\u00bb10218,10213&Prime; image_width=\u00a0\u00bb750&Prime; image_height=\u00a0\u00bb380&Prime;][vc_column_text]\n<p style=\"text-align: justify;\">Contrairement \u00e0 la version classique la LP560 Spider est cabriolet. Un atout non n\u00e9gligeable d\u2019autant plus que sa puissance est port\u00e9e \u00e0 520 chevaux, de quoi faire taire la concurrence. La version spider voit \u00e9galement son poids augmenter et passe alors \u00e0 1520 kg. En r\u00e9sum\u00e9 la LP560 spider est rapide, puissante, a\u00e9rodynamique, confortable, esth\u00e9tique et ne vous laissera pas indiff\u00e9rent.<\/p>\n[\/vc_column_text][\/vc_column][vc_column width=\u00a0\u00bb1\/3&Prime;][mk_padding_divider size=\u00a0\u00bb12&Prime;][mk_title_box size=\u00a0\u00bb16&Prime; letter_spacing=\u00a0\u00bb4&Prime; margin_bottom=\u00a0\u00bb0&Prime; font_family=\u00a0\u00bbnone\u00a0\u00bb]\n<h2><span style=\"font-size: 14pt;\">Tarifs<\/span><\/h2>\n[\/mk_title_box][vc_table vc_table_theme=\u00a0\u00bbsimple_pink\u00a0\u00bb][align-left]Journ%C3%A9e%20(150%20Km),[align-left]1600%E2%82%AC|[b;align-left]3%20Jours%20(500%20km),[align-left]4300%E2%82%AC|[b;align-left]5%20Jours%20(750%20Km),[align-left]6500%E2%82%AC|[b;align-left]Jour%20supp.,[align-left]1200%E2%82%AC[\/vc_table][mk_button dimension=\u00a0\u00bboutline\u00a0\u00bb size=\u00a0\u00bblarge\u00a0\u00bb icon=\u00a0\u00bbmk-li-call\u00a0\u00bb url=\u00a0\u00bbhttps:\/\/luxury-rental-mc.com\/fr\/contact\/\u00a0\u00bb align=\u00a0\u00bbcenter\u00a0\u00bb fullwidth=\u00a0\u00bbtrue\u00a0\u00bb visibility=\u00a0\u00bbhidden-sm\u00a0\u00bb]R\u00e9servation +33762841105[\/mk_button][mk_button dimension=\u00a0\u00bboutline\u00a0\u00bb size=\u00a0\u00bblarge\u00a0\u00bb icon=\u00a0\u00bbmk-li-call\u00a0\u00bb url=\u00a0\u00bbtel:+33762841105&Prime; align=\u00a0\u00bbcenter\u00a0\u00bb fullwidth=\u00a0\u00bbtrue\u00a0\u00bb visibility=\u00a0\u00bbhidden-dt\u00a0\u00bb]Reservation[\/mk_button][vc_column_text]Marque\u00a0: Lamborghini<br \/>\nMod\u00e8le : LP560 Spider<br \/>\nNombre de places : 2<br \/>\nPuissance : 560 Ch<br \/>\nCylindr\u00e9e\u00a0: 5204 cm3<br \/>\nVitesse\u00a0max : 325 Km\/h<br \/>\nConsommation Mixte\u00a0: 15 l \/100 km<br \/>\nAge minimum\u00a0:\u00a018 ans[\/vc_column_text][\/vc_column][\/vc_row][vc_row fullwidth=\u00a0\u00bbtrue\u00a0\u00bb][vc_column][mk_clients clients=\u00a0\u00bb7183,7187,7173,7185,7177,7175,7179,7181,7189&Prime;][\/vc_column][\/vc_row]\n","protected":false},"excerpt":{"rendered":"<p>[vc_row][vc_column width=\u00a0\u00bb2\/3&Prime;][mk_title_box size=\u00a0\u00bb16&Prime; letter_spacing=\u00a0\u00bb4&Prime; margin_bottom=\u00a0\u00bb0&Prime; font_family=\u00a0\u00bbnone\u00a0\u00bb] Location Lamborghini LP560 Spider [\/mk_title_box][mk_swipe_slideshow images=\u00a0\u00bb10218,10213&Prime; image_width=\u00a0\u00bb750&Prime; image_height=\u00a0\u00bb380&Prime;][vc_column_text] Contrairement \u00e0 la version classique la LP560 Spider est cabriolet. Un atout non n\u00e9gligeable d\u2019autant plus que sa puissance est port\u00e9e \u00e0 520 chevaux, de quoi faire taire la concurrence. La version spider voit \u00e9galement son poids augmenter et passe alors [&hellip;]<\/p>\n","protected":false},"author":2,"featured_media":0,"parent":7038,"menu_order":0,"comment_status":"closed","ping_status":"closed","template":"","meta":{"_monsterinsights_skip_tracking":false,"_monsterinsights_sitenote_active":false,"_monsterinsights_sitenote_note":"","_monsterinsights_sitenote_category":0},"yoast_head":"<!-- This site is optimized with the Yoast SEO plugin v20.3 - https:\/\/yoast.com\/wordpress\/plugins\/seo\/ -->\n<title>Location Lamborghini LP560 Spider, voiture de luxe I LR MC<\/title>\n<meta name=\"description\" content=\"Ce mod\u00e8le de Lamborghini LP560 Spider est comme le mod\u00e8le de base : le LP560 mais avec un toit ouvrant qui conviendra \u00e0 vos vacances d&#039;\u00e9t\u00e9.\" \/>\n<meta name=\"robots\" content=\"index, follow, max-snippet:-1, max-image-preview:large, max-video-preview:-1\" \/>\n<link rel=\"canonical\" href=\"https:\/\/luxury-rental-mc.com\/fr\/location-voiture\/lamborghini-lp560-spider\/\" \/>\n<meta property=\"og:locale\" content=\"fr_FR\" \/>\n<meta property=\"og:type\" content=\"article\" \/>\n<meta property=\"og:title\" content=\"Location Lamborghini LP560 Spider, voiture de luxe I LR MC\" \/>\n<meta property=\"og:description\" content=\"Ce mod\u00e8le de Lamborghini LP560 Spider est comme le mod\u00e8le de base : le LP560 mais avec un toit ouvrant qui conviendra \u00e0 vos vacances d&#039;\u00e9t\u00e9.\" \/>\n<meta property=\"og:url\" content=\"https:\/\/luxury-rental-mc.com\/fr\/location-voiture\/lamborghini-lp560-spider\/\" \/>\n<meta property=\"og:site_name\" content=\"Luxury Car Rentals | Monaco, Nice, Cannes, Saint-Tropez\" \/>\n<meta property=\"article:modified_time\" content=\"2017-06-21T15:56:39+00:00\" \/>\n<meta name=\"twitter:label1\" content=\"Dur\u00e9e de lecture estim\u00e9e\" \/>\n\t<meta name=\"twitter:data1\" content=\"1 minute\" \/>\n<script type=\"application\/ld+json\" class=\"yoast-schema-graph\">{\"@context\":\"https:\/\/schema.org\",\"@graph\":[{\"@type\":\"WebPage\",\"@id\":\"https:\/\/luxury-rental-mc.com\/fr\/location-voiture\/lamborghini-lp560-spider\/\",\"url\":\"https:\/\/luxury-rental-mc.com\/fr\/location-voiture\/lamborghini-lp560-spider\/\",\"name\":\"Location Lamborghini LP560 Spider, voiture de luxe I LR MC\",\"isPartOf\":{\"@id\":\"https:\/\/luxury-rental-mc.com\/#website\"},\"datePublished\":\"2016-07-05T16:23:43+00:00\",\"dateModified\":\"2017-06-21T15:56:39+00:00\",\"description\":\"Ce mod\u00e8le de Lamborghini LP560 Spider est comme le mod\u00e8le de base : le LP560 mais avec un toit ouvrant qui conviendra \u00e0 vos vacances d'\u00e9t\u00e9.\",\"breadcrumb\":{\"@id\":\"https:\/\/luxury-rental-mc.com\/fr\/location-voiture\/lamborghini-lp560-spider\/#breadcrumb\"},\"inLanguage\":\"fr-FR\",\"potentialAction\":[{\"@type\":\"ReadAction\",\"target\":[\"https:\/\/luxury-rental-mc.com\/fr\/location-voiture\/lamborghini-lp560-spider\/\"]}]},{\"@type\":\"BreadcrumbList\",\"@id\":\"https:\/\/luxury-rental-mc.com\/fr\/location-voiture\/lamborghini-lp560-spider\/#breadcrumb\",\"itemListElement\":[{\"@type\":\"ListItem\",\"position\":1,\"name\":\"Accueil\",\"item\":\"https:\/\/luxury-rental-mc.com\/fr\/\"},{\"@type\":\"ListItem\",\"position\":2,\"name\":\"Location\",\"item\":\"https:\/\/luxury-rental-mc.com\/fr\/location-voiture\/\"},{\"@type\":\"ListItem\",\"position\":3,\"name\":\"Lamborghini LP560 Spider\"}]},{\"@type\":\"WebSite\",\"@id\":\"https:\/\/luxury-rental-mc.com\/#website\",\"url\":\"https:\/\/luxury-rental-mc.com\/\",\"name\":\"Luxury Car Rentals | Monaco, Nice, Cannes, Saint-Tropez\",\"description\":\"Rent the finest brands : Porsche, Ferrari, Lamborghini, Mercedes...\",\"potentialAction\":[{\"@type\":\"SearchAction\",\"target\":{\"@type\":\"EntryPoint\",\"urlTemplate\":\"https:\/\/luxury-rental-mc.com\/?s={search_term_string}\"},\"query-input\":\"required name=search_term_string\"}],\"inLanguage\":\"fr-FR\"}]}<\/script>\n<!-- \/ Yoast SEO plugin. -->","yoast_head_json":{"title":"Location Lamborghini LP560 Spider, voiture de luxe I LR MC","description":"Ce mod\u00e8le de Lamborghini LP560 Spider est comme le mod\u00e8le de base : le LP560 mais avec un toit ouvrant qui conviendra \u00e0 vos vacances d'\u00e9t\u00e9.","robots":{"index":"index","follow":"follow","max-snippet":"max-snippet:-1","max-image-preview":"max-image-preview:large","max-video-preview":"max-video-preview:-1"},"canonical":"https:\/\/luxury-rental-mc.com\/fr\/location-voiture\/lamborghini-lp560-spider\/","og_locale":"fr_FR","og_type":"article","og_title":"Location Lamborghini LP560 Spider, voiture de luxe I LR MC","og_description":"Ce mod\u00e8le de Lamborghini LP560 Spider est comme le mod\u00e8le de base : le LP560 mais avec un toit ouvrant qui conviendra \u00e0 vos vacances d'\u00e9t\u00e9.","og_url":"https:\/\/luxury-rental-mc.com\/fr\/location-voiture\/lamborghini-lp560-spider\/","og_site_name":"Luxury Car Rentals | Monaco, Nice, Cannes, Saint-Tropez","article_modified_time":"2017-06-21T15:56:39+00:00","twitter_misc":{"Dur\u00e9e de lecture estim\u00e9e":"1 minute"},"schema":{"@context":"https:\/\/schema.org","@graph":[{"@type":"WebPage","@id":"https:\/\/luxury-rental-mc.com\/fr\/location-voiture\/lamborghini-lp560-spider\/","url":"https:\/\/luxury-rental-mc.com\/fr\/location-voiture\/lamborghini-lp560-spider\/","name":"Location Lamborghini LP560 Spider, voiture de luxe I LR MC","isPartOf":{"@id":"https:\/\/luxury-rental-mc.com\/#website"},"datePublished":"2016-07-05T16:23:43+00:00","dateModified":"2017-06-21T15:56:39+00:00","description":"Ce mod\u00e8le de Lamborghini LP560 Spider est comme le mod\u00e8le de base : le LP560 mais avec un toit ouvrant qui conviendra \u00e0 vos vacances d'\u00e9t\u00e9.","breadcrumb":{"@id":"https:\/\/luxury-rental-mc.com\/fr\/location-voiture\/lamborghini-lp560-spider\/#breadcrumb"},"inLanguage":"fr-FR","potentialAction":[{"@type":"ReadAction","target":["https:\/\/luxury-rental-mc.com\/fr\/location-voiture\/lamborghini-lp560-spider\/"]}]},{"@type":"BreadcrumbList","@id":"https:\/\/luxury-rental-mc.com\/fr\/location-voiture\/lamborghini-lp560-spider\/#breadcrumb","itemListElement":[{"@type":"ListItem","position":1,"name":"Accueil","item":"https:\/\/luxury-rental-mc.com\/fr\/"},{"@type":"ListItem","position":2,"name":"Location","item":"https:\/\/luxury-rental-mc.com\/fr\/location-voiture\/"},{"@type":"ListItem","position":3,"name":"Lamborghini LP560 Spider"}]},{"@type":"WebSite","@id":"https:\/\/luxury-rental-mc.com\/#website","url":"https:\/\/luxury-rental-mc.com\/","name":"Luxury Car Rentals | Monaco, Nice, Cannes, Saint-Tropez","description":"Rent the finest brands : Porsche, Ferrari, Lamborghini, Mercedes...","potentialAction":[{"@type":"SearchAction","target":{"@type":"EntryPoint","urlTemplate":"https:\/\/luxury-rental-mc.com\/?s={search_term_string}"},"query-input":"required name=search_term_string"}],"inLanguage":"fr-FR"}]}},"_links":{"self":[{"href":"https:\/\/luxury-rental-mc.com\/fr\/wp-json\/wp\/v2\/pages\/8234\/"}],"collection":[{"href":"https:\/\/luxury-rental-mc.com\/fr\/wp-json\/wp\/v2\/pages\/"}],"about":[{"href":"https:\/\/luxury-rental-mc.com\/fr\/wp-json\/wp\/v2\/types\/page\/"}],"author":[{"embeddable":true,"href":"https:\/\/luxury-rental-mc.com\/fr\/wp-json\/wp\/v2\/users\/2\/"}],"replies":[{"embeddable":true,"href":"https:\/\/luxury-rental-mc.com\/fr\/wp-json\/wp\/v2\/comments\/?post=8234"}],"version-history":[{"count":3,"href":"https:\/\/luxury-rental-mc.com\/fr\/wp-json\/wp\/v2\/pages\/8234\/revisions\/"}],"predecessor-version":[{"id":10273,"href":"https:\/\/luxury-rental-mc.com\/fr\/wp-json\/wp\/v2\/pages\/8234\/revisions\/10273\/"}],"up":[{"embeddable":true,"href":"https:\/\/luxury-rental-mc.com\/fr\/wp-json\/wp\/v2\/pages\/7038\/"}],"wp:attachment":[{"href":"https:\/\/luxury-rental-mc.com\/fr\/wp-json\/wp\/v2\/media\/?parent=8234"}],"curies":[{"name":"wp","href":"https:\/\/api.w.org\/{rel}","templated":true}]}}