{"id":8243,"date":"2016-07-06T11:51:17","date_gmt":"2016-07-06T09:51:17","guid":{"rendered":"https:\/\/luxury-rental-mc.com\/fr\/?page_id=8243"},"modified":"2020-03-07T11:50:16","modified_gmt":"2020-03-07T10:50:16","slug":"maserati-grancabrio","status":"publish","type":"page","link":"https:\/\/luxury-rental-mc.com\/fr\/location-voiture\/maserati-grancabrio\/","title":{"rendered":"Maserati Grancabrio"},"content":{"rendered":"[vc_row][vc_column width=\u00a0\u00bb2\/3&Prime;][mk_title_box size=\u00a0\u00bb16&Prime; letter_spacing=\u00a0\u00bb4&Prime; margin_bottom=\u00a0\u00bb0&Prime; font_family=\u00a0\u00bbnone\u00a0\u00bb]\n<h1><span style=\"font-size: 14pt;\">Location Maserati Grancabrio<\/span><\/h1>\n[\/mk_title_box][mk_swipe_slideshow images=\u00a0\u00bb11229,48946&Prime; image_width=\u00a0\u00bb750&Prime; image_height=\u00a0\u00bb380&Prime;][vc_column_text]\n<p style=\"text-align: justify;\">La Maserati Grancabrio est une voiture quatre places \u00e0 la fois dynamique et \u00e9l\u00e9gante repr\u00e9sentant \u00e0 la perfection la modernit\u00e9, la sensualit\u00e9 et la passion. Elle pr\u00e9sente un habitacle spacieux, un design aux courbes f\u00e9lines qui la rende a\u00e9rodynamique. Une voiture dans laquelle vous pouvez retrouver tout le confort n\u00e9cessaire en \u00e9tant \u00e0 plusieurs ou seul tout en alliant \u00e9l\u00e9gance et souplesse. La voiture se distingue \u00e9galement par sa capote en toile, elle se transforme donc en cabriolet \u00e0 couper le souffle.<\/p>\n[\/vc_column_text][\/vc_column][vc_column width=\u00a0\u00bb1\/3&Prime;][mk_padding_divider size=\u00a0\u00bb12&Prime;][mk_title_box size=\u00a0\u00bb16&Prime; letter_spacing=\u00a0\u00bb4&Prime; margin_bottom=\u00a0\u00bb0&Prime; font_family=\u00a0\u00bbnone\u00a0\u00bb]\n<h2><span style=\"font-size: 14pt;\">Tarifs<\/span><\/h2>\n[\/mk_title_box][vc_table vc_table_theme=\u00a0\u00bbsimple_pink\u00a0\u00bb][align-left]Journ%C3%A9e%20(150%20Km),[align-left]1200%E2%82%AC|[b;align-left]3%20Jours%20(500%20km),[align-left]2800%E2%82%AC|[b;align-left]5%20Jours%20(750%20Km),[align-left]4000%E2%82%AC|[b;align-left]Jour%20supp.,[align-left]900%E2%82%AC[\/vc_table][mk_button dimension=\u00a0\u00bboutline\u00a0\u00bb size=\u00a0\u00bblarge\u00a0\u00bb icon=\u00a0\u00bbmk-li-call\u00a0\u00bb url=\u00a0\u00bbhttps:\/\/luxury-rental-mc.com\/fr\/contact\/\u00a0\u00bb align=\u00a0\u00bbcenter\u00a0\u00bb fullwidth=\u00a0\u00bbtrue\u00a0\u00bb visibility=\u00a0\u00bbhidden-sm\u00a0\u00bb]R\u00e9servation +33762841105[\/mk_button][mk_button dimension=\u00a0\u00bboutline\u00a0\u00bb size=\u00a0\u00bblarge\u00a0\u00bb icon=\u00a0\u00bbmk-li-call\u00a0\u00bb url=\u00a0\u00bbtel:+33762841105&Prime; align=\u00a0\u00bbcenter\u00a0\u00bb fullwidth=\u00a0\u00bbtrue\u00a0\u00bb visibility=\u00a0\u00bbhidden-dt\u00a0\u00bb]Reservation[\/mk_button][vc_column_text]Marque\u00a0:\u00a0Maserati<br \/>\nMod\u00e8le : Grancabrio<br \/>\nNombre de places : 4<br \/>\nPuissance : 440\u00a0Ch<br \/>\nCylindr\u00e9e\u00a0: 4691\u00a0cm3<br \/>\nVitesse\u00a0max :\u00a0283 Km\/h<br \/>\nConsommation Mixte\u00a0: 14.5\u00a0l \/100 km<br \/>\nAge minimum\u00a0:\u00a018 ans[\/vc_column_text][\/vc_column][\/vc_row][vc_row fullwidth=\u00a0\u00bbtrue\u00a0\u00bb][vc_column][mk_clients clients=\u00a0\u00bb7183,7187,7173,7185,7177,7175,7179,7181,7189&Prime;][\/vc_column][\/vc_row]\n","protected":false},"excerpt":{"rendered":"<p>[vc_row][vc_column width=\u00a0\u00bb2\/3&Prime;][mk_title_box size=\u00a0\u00bb16&Prime; letter_spacing=\u00a0\u00bb4&Prime; margin_bottom=\u00a0\u00bb0&Prime; font_family=\u00a0\u00bbnone\u00a0\u00bb] Location Maserati Grancabrio [\/mk_title_box][mk_swipe_slideshow images=\u00a0\u00bb11229,48946&Prime; image_width=\u00a0\u00bb750&Prime; image_height=\u00a0\u00bb380&Prime;][vc_column_text] La Maserati Grancabrio est une voiture quatre places \u00e0 la fois dynamique et \u00e9l\u00e9gante repr\u00e9sentant \u00e0 la perfection la modernit\u00e9, la sensualit\u00e9 et la passion. Elle pr\u00e9sente un habitacle spacieux, un design aux courbes f\u00e9lines qui la rende a\u00e9rodynamique. Une voiture dans [&hellip;]<\/p>\n","protected":false},"author":2,"featured_media":0,"parent":7038,"menu_order":0,"comment_status":"closed","ping_status":"closed","template":"","meta":{"_monsterinsights_skip_tracking":false,"_monsterinsights_sitenote_active":false,"_monsterinsights_sitenote_note":"","_monsterinsights_sitenote_category":0},"yoast_head":"<!-- This site is optimized with the Yoast SEO plugin v20.3 - https:\/\/yoast.com\/wordpress\/plugins\/seo\/ -->\n<title>Location Maserati Grancabrio, louer voiture de luxe I LR MC<\/title>\n<meta name=\"description\" content=\"La Maserati Grancabrio est une v\u00e9ritable voiture sportive et de luxe. Son \u00e9l\u00e9gance vous \u00e9tonnera. Louer ce mod\u00e8le avec MC Luxury Car Rental.\" \/>\n<meta name=\"robots\" content=\"index, follow, max-snippet:-1, max-image-preview:large, max-video-preview:-1\" \/>\n<link rel=\"canonical\" href=\"https:\/\/luxury-rental-mc.com\/fr\/location-voiture\/maserati-grancabrio\/\" \/>\n<meta property=\"og:locale\" content=\"fr_FR\" \/>\n<meta property=\"og:type\" content=\"article\" \/>\n<meta property=\"og:title\" content=\"Location Maserati Grancabrio, louer voiture de luxe I LR MC\" \/>\n<meta property=\"og:description\" content=\"La Maserati Grancabrio est une v\u00e9ritable voiture sportive et de luxe. Son \u00e9l\u00e9gance vous \u00e9tonnera. Louer ce mod\u00e8le avec MC Luxury Car Rental.\" \/>\n<meta property=\"og:url\" content=\"https:\/\/luxury-rental-mc.com\/fr\/location-voiture\/maserati-grancabrio\/\" \/>\n<meta property=\"og:site_name\" content=\"Luxury Car Rentals | Monaco, Nice, Cannes, Saint-Tropez\" \/>\n<meta property=\"article:modified_time\" content=\"2020-03-07T10:50:16+00:00\" \/>\n<meta name=\"twitter:label1\" content=\"Dur\u00e9e de lecture estim\u00e9e\" \/>\n\t<meta name=\"twitter:data1\" content=\"1 minute\" \/>\n<script type=\"application\/ld+json\" class=\"yoast-schema-graph\">{\"@context\":\"https:\/\/schema.org\",\"@graph\":[{\"@type\":\"WebPage\",\"@id\":\"https:\/\/luxury-rental-mc.com\/fr\/location-voiture\/maserati-grancabrio\/\",\"url\":\"https:\/\/luxury-rental-mc.com\/fr\/location-voiture\/maserati-grancabrio\/\",\"name\":\"Location Maserati Grancabrio, louer voiture de luxe I LR MC\",\"isPartOf\":{\"@id\":\"https:\/\/luxury-rental-mc.com\/#website\"},\"datePublished\":\"2016-07-06T09:51:17+00:00\",\"dateModified\":\"2020-03-07T10:50:16+00:00\",\"description\":\"La Maserati Grancabrio est une v\u00e9ritable voiture sportive et de luxe. Son \u00e9l\u00e9gance vous \u00e9tonnera. Louer ce mod\u00e8le avec MC Luxury Car Rental.\",\"breadcrumb\":{\"@id\":\"https:\/\/luxury-rental-mc.com\/fr\/location-voiture\/maserati-grancabrio\/#breadcrumb\"},\"inLanguage\":\"fr-FR\",\"potentialAction\":[{\"@type\":\"ReadAction\",\"target\":[\"https:\/\/luxury-rental-mc.com\/fr\/location-voiture\/maserati-grancabrio\/\"]}]},{\"@type\":\"BreadcrumbList\",\"@id\":\"https:\/\/luxury-rental-mc.com\/fr\/location-voiture\/maserati-grancabrio\/#breadcrumb\",\"itemListElement\":[{\"@type\":\"ListItem\",\"position\":1,\"name\":\"Accueil\",\"item\":\"https:\/\/luxury-rental-mc.com\/fr\/\"},{\"@type\":\"ListItem\",\"position\":2,\"name\":\"Location\",\"item\":\"https:\/\/luxury-rental-mc.com\/fr\/location-voiture\/\"},{\"@type\":\"ListItem\",\"position\":3,\"name\":\"Maserati Grancabrio\"}]},{\"@type\":\"WebSite\",\"@id\":\"https:\/\/luxury-rental-mc.com\/#website\",\"url\":\"https:\/\/luxury-rental-mc.com\/\",\"name\":\"Luxury Car Rentals | Monaco, Nice, Cannes, Saint-Tropez\",\"description\":\"Rent the finest brands : Porsche, Ferrari, Lamborghini, Mercedes...\",\"potentialAction\":[{\"@type\":\"SearchAction\",\"target\":{\"@type\":\"EntryPoint\",\"urlTemplate\":\"https:\/\/luxury-rental-mc.com\/?s={search_term_string}\"},\"query-input\":\"required name=search_term_string\"}],\"inLanguage\":\"fr-FR\"}]}<\/script>\n<!-- \/ Yoast SEO plugin. -->","yoast_head_json":{"title":"Location Maserati Grancabrio, louer voiture de luxe I LR MC","description":"La Maserati Grancabrio est une v\u00e9ritable voiture sportive et de luxe. Son \u00e9l\u00e9gance vous \u00e9tonnera. Louer ce mod\u00e8le avec MC Luxury Car Rental.","robots":{"index":"index","follow":"follow","max-snippet":"max-snippet:-1","max-image-preview":"max-image-preview:large","max-video-preview":"max-video-preview:-1"},"canonical":"https:\/\/luxury-rental-mc.com\/fr\/location-voiture\/maserati-grancabrio\/","og_locale":"fr_FR","og_type":"article","og_title":"Location Maserati Grancabrio, louer voiture de luxe I LR MC","og_description":"La Maserati Grancabrio est une v\u00e9ritable voiture sportive et de luxe. Son \u00e9l\u00e9gance vous \u00e9tonnera. Louer ce mod\u00e8le avec MC Luxury Car Rental.","og_url":"https:\/\/luxury-rental-mc.com\/fr\/location-voiture\/maserati-grancabrio\/","og_site_name":"Luxury Car Rentals | Monaco, Nice, Cannes, Saint-Tropez","article_modified_time":"2020-03-07T10:50:16+00:00","twitter_misc":{"Dur\u00e9e de lecture estim\u00e9e":"1 minute"},"schema":{"@context":"https:\/\/schema.org","@graph":[{"@type":"WebPage","@id":"https:\/\/luxury-rental-mc.com\/fr\/location-voiture\/maserati-grancabrio\/","url":"https:\/\/luxury-rental-mc.com\/fr\/location-voiture\/maserati-grancabrio\/","name":"Location Maserati Grancabrio, louer voiture de luxe I LR MC","isPartOf":{"@id":"https:\/\/luxury-rental-mc.com\/#website"},"datePublished":"2016-07-06T09:51:17+00:00","dateModified":"2020-03-07T10:50:16+00:00","description":"La Maserati Grancabrio est une v\u00e9ritable voiture sportive et de luxe. Son \u00e9l\u00e9gance vous \u00e9tonnera. Louer ce mod\u00e8le avec MC Luxury Car Rental.","breadcrumb":{"@id":"https:\/\/luxury-rental-mc.com\/fr\/location-voiture\/maserati-grancabrio\/#breadcrumb"},"inLanguage":"fr-FR","potentialAction":[{"@type":"ReadAction","target":["https:\/\/luxury-rental-mc.com\/fr\/location-voiture\/maserati-grancabrio\/"]}]},{"@type":"BreadcrumbList","@id":"https:\/\/luxury-rental-mc.com\/fr\/location-voiture\/maserati-grancabrio\/#breadcrumb","itemListElement":[{"@type":"ListItem","position":1,"name":"Accueil","item":"https:\/\/luxury-rental-mc.com\/fr\/"},{"@type":"ListItem","position":2,"name":"Location","item":"https:\/\/luxury-rental-mc.com\/fr\/location-voiture\/"},{"@type":"ListItem","position":3,"name":"Maserati Grancabrio"}]},{"@type":"WebSite","@id":"https:\/\/luxury-rental-mc.com\/#website","url":"https:\/\/luxury-rental-mc.com\/","name":"Luxury Car Rentals | Monaco, Nice, Cannes, Saint-Tropez","description":"Rent the finest brands : Porsche, Ferrari, Lamborghini, Mercedes...","potentialAction":[{"@type":"SearchAction","target":{"@type":"EntryPoint","urlTemplate":"https:\/\/luxury-rental-mc.com\/?s={search_term_string}"},"query-input":"required name=search_term_string"}],"inLanguage":"fr-FR"}]}},"_links":{"self":[{"href":"https:\/\/luxury-rental-mc.com\/fr\/wp-json\/wp\/v2\/pages\/8243\/"}],"collection":[{"href":"https:\/\/luxury-rental-mc.com\/fr\/wp-json\/wp\/v2\/pages\/"}],"about":[{"href":"https:\/\/luxury-rental-mc.com\/fr\/wp-json\/wp\/v2\/types\/page\/"}],"author":[{"embeddable":true,"href":"https:\/\/luxury-rental-mc.com\/fr\/wp-json\/wp\/v2\/users\/2\/"}],"replies":[{"embeddable":true,"href":"https:\/\/luxury-rental-mc.com\/fr\/wp-json\/wp\/v2\/comments\/?post=8243"}],"version-history":[{"count":4,"href":"https:\/\/luxury-rental-mc.com\/fr\/wp-json\/wp\/v2\/pages\/8243\/revisions\/"}],"predecessor-version":[{"id":49385,"href":"https:\/\/luxury-rental-mc.com\/fr\/wp-json\/wp\/v2\/pages\/8243\/revisions\/49385\/"}],"up":[{"embeddable":true,"href":"https:\/\/luxury-rental-mc.com\/fr\/wp-json\/wp\/v2\/pages\/7038\/"}],"wp:attachment":[{"href":"https:\/\/luxury-rental-mc.com\/fr\/wp-json\/wp\/v2\/media\/?parent=8243"}],"curies":[{"name":"wp","href":"https:\/\/api.w.org\/{rel}","templated":true}]}}