{"id":8301,"date":"2016-07-06T15:15:26","date_gmt":"2016-07-06T13:15:26","guid":{"rendered":"https:\/\/luxury-rental-mc.com\/fr\/?page_id=8301"},"modified":"2021-09-14T19:56:57","modified_gmt":"2021-09-14T17:56:57","slug":"mercedes-classe-gle","status":"publish","type":"page","link":"https:\/\/luxury-rental-mc.com\/fr\/location-voiture\/mercedes-classe-gle\/","title":{"rendered":"Mercedes Classe GLE"},"content":{"rendered":"[vc_row][vc_column width=\u00a0\u00bb2\/3&Prime;][mk_title_box size=\u00a0\u00bb16&Prime; letter_spacing=\u00a0\u00bb4&Prime; margin_bottom=\u00a0\u00bb0&Prime; font_family=\u00a0\u00bbnone\u00a0\u00bb]\n<h1><span style=\"font-size: 14pt;\">Location Mercedes Classe GLE<\/span><\/h1>\n[\/mk_title_box][mk_swipe_slideshow images=\u00a0\u00bb11840,11842,11844&Prime; image_width=\u00a0\u00bb750&Prime; image_height=\u00a0\u00bb380&Prime;][vc_column_text css=\u00a0\u00bb.vc_custom_1551110752169{margin-bottom: 0px !important;}\u00a0\u00bb]Le SUV de luxe de chez Mercedes Benz est par excellence le Mercedes Classe GLE. Ce massif v\u00e9hicule de prestige 4 roues motrices est une r\u00e9f\u00e9rence dans la gamme des SUV premium de la marque allemande.\u00a0Le nouveau Mercedes Benz GLE est <strong>disponible \u00e0 la location en courte et longue dur\u00e9e<\/strong> chez MC Luxury Rental.\u00a0Vous pouvez <strong>louer ce SUV<\/strong> de luxe pour un weekend en amoureux \u00e0 <strong>Monte-Carlo<\/strong> (Principaut\u00e9 de Monaco) ou \u00e0 <strong>Gordes<\/strong>, une semaine entre amis dans la <a href=\"https:\/\/luxury-rental-mc.com\/fr\/location-voiture-luxe\/saint-tropez\">station baln\u00e9aire de Saint-Tropez<\/a> ou de <strong>Portofino<\/strong>, ou bien pour passer des vacances inoubliables en famille sur la C\u00f4te d\u2019Azur \u00e0 <strong>Nice<\/strong>.\u00a0Vous aurez \u00e9galement l\u2019occasion de <a href=\"https:\/\/luxury-rental-mc.com\/fr\/location-voiture-luxe\/cannes\">louer ce Mercedes GLE de prestige pour un s\u00e9minaire \u00e0 Cannes<\/a> ou Paris, ou encore dans une autre plus grandes villes europ\u00e9ennes telle que <strong>Milan<\/strong>, Barcelone ou <strong>Marbella<\/strong>. Le Mercedes Benz GLE est id\u00e9al pour vous d\u00e9placer en famille gr\u00e2ce \u00e0 son habitacle et son coffre tr\u00e8s spacieux. Disponible, discr\u00e8te et \u00e0 l\u2019\u00e9coute notre \u00e9quipe est pr\u00e9sente 24\/24 7\/7 pour effectuer la livraison de votre v\u00e9hicule de location devant votre villa \u00e0 <strong>Villefranche-sur-Mer<\/strong>, \u00e0 l\u2019<a href=\"https:\/\/luxury-rental-mc.com\/fr\/location-voiture-luxe\/nice\">a\u00e9roport international de Nice C\u00f4te d\u2019Azur<\/a>, \u00e0 l\u2019h\u00e9liport de <strong>Monaco<\/strong>&#8230;\u00a0Grace \u00e0 sa technologie <strong>4 Matic<\/strong> ce SUV Mercedes Benz mod\u00e8le GLE et \u00e0 un \u00e9quipement de pneus hiver (pneus neige), il sera \u00e9galement parfait pour votre s\u00e9jour en station de sport d\u2019hiver en Suisse \u00e0 Saint Moritz. <strong>Louez un Mercedes Benz GLE \u00e0 Gstaad ou Meg\u00e8ve<\/strong> en toute s\u00e9r\u00e9nit\u00e9. Luxe, confort et agilit\u00e9 sera de mise avec ce SUV Mercedes Benz GLE prestigieux lorsque vous s\u00e9journerez \u00e0 <strong>Lech-Zurs<\/strong>. Notre \u00e9quipe de professionnels de la location de voitures de prestige s\u2019occupe de livrer votre<span class=\"Apple-converted-space\">\u00a0 <\/span>SUV Mercedes Benz GLE devant votre chalet \u00e0 <a href=\"https:\/\/luxury-rental-mc.com\/fr\/location-voiture-luxe\/location-courchevel\">Courchevel 1850<\/a>, h\u00f4tel palace \u00e0 <strong>Zermatt<\/strong>, altiport de M\u00e9ribel&#8230;<br \/>\nPour plus de simplicit\u00e9 lors de vos d\u00e9placements, choisissez la <strong>location d\u2019un Mercedes Benz GLE en aller-simple<\/strong>, avec un lieu de d\u00e9part diff\u00e9rent de celui de retour. Par exemple, prenez possession du Mercedes Benz GLE \u00e0 l\u2019<strong>a\u00e9roport de Milan Malpensa<\/strong> et restituez le dans le Sud de la France \u00e0 l\u2019<strong>a\u00e9roport international de Marseille Marignane<\/strong>.\u00a0Ce v\u00e9hicule tr\u00e8s charismatique est aussi disponible \u00e0 la location longue dur\u00e9e \u00e0 Monaco pour accompagner et faciliter votre quotidien avec \u00e9l\u00e9gance.\u00a0Faites alors appel \u00e0 notre <strong>soci\u00e9t\u00e9 de location de v\u00e9hicules de luxe<\/strong> MC Luxury Rental qui se fera un plaisir de vous servir lors de votre location de SUV de luxe tr\u00e8s bien \u00e9quip\u00e9 et disponible en version 4-Matic.[\/vc_column_text][\/vc_column][vc_column width=\u00a0\u00bb1\/3&Prime;][mk_padding_divider size=\u00a0\u00bb12&Prime;][mk_title_box size=\u00a0\u00bb16&Prime; letter_spacing=\u00a0\u00bb4&Prime; margin_bottom=\u00a0\u00bb0&Prime; font_family=\u00a0\u00bbnone\u00a0\u00bb]\n<h2><span style=\"font-size: 14pt;\">Tarifs<\/span><\/h2>\n[\/mk_title_box][vc_table vc_table_theme=\u00a0\u00bbsimple_pink\u00a0\u00bb][align-left]Journ%C3%A9e%20(150%20Km),[align-left]400%E2%82%AC|[b;align-left]3%20Jours%20(500%20km),[align-left]1000%E2%82%AC|[b;align-left]5%20Jours%20(750%20Km),[align-left]1600%E2%82%AC|[b;align-left]Jour%20supp.,[align-left]300%E2%82%AC[\/vc_table][mk_button dimension=\u00a0\u00bboutline\u00a0\u00bb size=\u00a0\u00bblarge\u00a0\u00bb icon=\u00a0\u00bbmk-li-call\u00a0\u00bb url=\u00a0\u00bbhttps:\/\/luxury-rental-mc.com\/fr\/contact\/\u00a0\u00bb align=\u00a0\u00bbcenter\u00a0\u00bb fullwidth=\u00a0\u00bbtrue\u00a0\u00bb visibility=\u00a0\u00bbhidden-sm\u00a0\u00bb]R\u00e9servation +33762841105[\/mk_button][mk_button dimension=\u00a0\u00bboutline\u00a0\u00bb size=\u00a0\u00bblarge\u00a0\u00bb icon=\u00a0\u00bbmk-li-call\u00a0\u00bb url=\u00a0\u00bbtel:+33762841105&Prime; align=\u00a0\u00bbcenter\u00a0\u00bb fullwidth=\u00a0\u00bbtrue\u00a0\u00bb visibility=\u00a0\u00bbhidden-dt\u00a0\u00bb]Reservation[\/mk_button][vc_column_text]Marque\u00a0: Mercedes<br \/>\nMod\u00e8le : Classe GLE<br \/>\nNombre de places :\u00a05<br \/>\nPuissance : 204 Ch<br \/>\nCylindr\u00e9e\u00a0: 2143 cm3<br \/>\nVitesse\u00a0max :\u00a0210 Km\/h<br \/>\nConsommation Mixte\u00a0: 5.6 l \/100 km<br \/>\nAge minimum\u00a0:\u00a018 ans[\/vc_column_text][\/vc_column][\/vc_row][vc_row fullwidth=\u00a0\u00bbtrue\u00a0\u00bb][vc_column][mk_clients clients=\u00a0\u00bb7183,7187,7173,7185,7177,7175,7179,7181,7189&Prime;][\/vc_column][\/vc_row]\n","protected":false},"excerpt":{"rendered":"<p>[vc_row][vc_column width=\u00a0\u00bb2\/3&Prime;][mk_title_box size=\u00a0\u00bb16&Prime; letter_spacing=\u00a0\u00bb4&Prime; margin_bottom=\u00a0\u00bb0&Prime; font_family=\u00a0\u00bbnone\u00a0\u00bb] Location Mercedes Classe GLE [\/mk_title_box][mk_swipe_slideshow images=\u00a0\u00bb11840,11842,11844&Prime; image_width=\u00a0\u00bb750&Prime; image_height=\u00a0\u00bb380&Prime;][vc_column_text css=\u00a0\u00bb.vc_custom_1551110752169{margin-bottom: 0px !important;}\u00a0\u00bb]Le SUV de luxe de chez Mercedes Benz est par excellence le Mercedes Classe GLE. Ce massif v\u00e9hicule de prestige 4 roues motrices est une r\u00e9f\u00e9rence dans la gamme des SUV premium de la marque allemande.\u00a0Le nouveau Mercedes Benz [&hellip;]<\/p>\n","protected":false},"author":2,"featured_media":0,"parent":7038,"menu_order":0,"comment_status":"closed","ping_status":"closed","template":"","meta":{"_monsterinsights_skip_tracking":false,"_monsterinsights_sitenote_active":false,"_monsterinsights_sitenote_note":"","_monsterinsights_sitenote_category":0},"yoast_head":"<!-- This site is optimized with the Yoast SEO plugin v20.3 - https:\/\/yoast.com\/wordpress\/plugins\/seo\/ -->\n<title>Mercedes Classe GLE \u00e0 louer, location d&#039;une Mercedes I LR MC<\/title>\n<meta name=\"description\" content=\"Le Mercedes classe GLE se modernise et reste un mod\u00e8le fantastique de la marque allemande. Son confort et son dynamisme vous raviront.D\u00e9couvrez-le avec nous\" \/>\n<meta name=\"robots\" content=\"index, follow, max-snippet:-1, max-image-preview:large, max-video-preview:-1\" \/>\n<link rel=\"canonical\" href=\"https:\/\/luxury-rental-mc.com\/fr\/location-voiture\/mercedes-classe-gle\/\" \/>\n<meta property=\"og:locale\" content=\"fr_FR\" \/>\n<meta property=\"og:type\" content=\"article\" \/>\n<meta property=\"og:title\" content=\"Mercedes Classe GLE \u00e0 louer, location d&#039;une Mercedes I LR MC\" \/>\n<meta property=\"og:description\" content=\"Le Mercedes classe GLE se modernise et reste un mod\u00e8le fantastique de la marque allemande. Son confort et son dynamisme vous raviront.D\u00e9couvrez-le avec nous\" \/>\n<meta property=\"og:url\" content=\"https:\/\/luxury-rental-mc.com\/fr\/location-voiture\/mercedes-classe-gle\/\" \/>\n<meta property=\"og:site_name\" content=\"Luxury Car Rentals | Monaco, Nice, Cannes, Saint-Tropez\" \/>\n<meta property=\"article:modified_time\" content=\"2021-09-14T17:56:57+00:00\" \/>\n<meta name=\"twitter:label1\" content=\"Dur\u00e9e de lecture estim\u00e9e\" \/>\n\t<meta name=\"twitter:data1\" content=\"3 minutes\" \/>\n<script type=\"application\/ld+json\" class=\"yoast-schema-graph\">{\"@context\":\"https:\/\/schema.org\",\"@graph\":[{\"@type\":\"WebPage\",\"@id\":\"https:\/\/luxury-rental-mc.com\/fr\/location-voiture\/mercedes-classe-gle\/\",\"url\":\"https:\/\/luxury-rental-mc.com\/fr\/location-voiture\/mercedes-classe-gle\/\",\"name\":\"Mercedes Classe GLE \u00e0 louer, location d'une Mercedes I LR MC\",\"isPartOf\":{\"@id\":\"https:\/\/luxury-rental-mc.com\/#website\"},\"datePublished\":\"2016-07-06T13:15:26+00:00\",\"dateModified\":\"2021-09-14T17:56:57+00:00\",\"description\":\"Le Mercedes classe GLE se modernise et reste un mod\u00e8le fantastique de la marque allemande. Son confort et son dynamisme vous raviront.D\u00e9couvrez-le avec nous\",\"breadcrumb\":{\"@id\":\"https:\/\/luxury-rental-mc.com\/fr\/location-voiture\/mercedes-classe-gle\/#breadcrumb\"},\"inLanguage\":\"fr-FR\",\"potentialAction\":[{\"@type\":\"ReadAction\",\"target\":[\"https:\/\/luxury-rental-mc.com\/fr\/location-voiture\/mercedes-classe-gle\/\"]}]},{\"@type\":\"BreadcrumbList\",\"@id\":\"https:\/\/luxury-rental-mc.com\/fr\/location-voiture\/mercedes-classe-gle\/#breadcrumb\",\"itemListElement\":[{\"@type\":\"ListItem\",\"position\":1,\"name\":\"Accueil\",\"item\":\"https:\/\/luxury-rental-mc.com\/fr\/\"},{\"@type\":\"ListItem\",\"position\":2,\"name\":\"Location\",\"item\":\"https:\/\/luxury-rental-mc.com\/fr\/location-voiture\/\"},{\"@type\":\"ListItem\",\"position\":3,\"name\":\"Mercedes Classe GLE\"}]},{\"@type\":\"WebSite\",\"@id\":\"https:\/\/luxury-rental-mc.com\/#website\",\"url\":\"https:\/\/luxury-rental-mc.com\/\",\"name\":\"Luxury Car Rentals | Monaco, Nice, Cannes, Saint-Tropez\",\"description\":\"Rent the finest brands : Porsche, Ferrari, Lamborghini, Mercedes...\",\"potentialAction\":[{\"@type\":\"SearchAction\",\"target\":{\"@type\":\"EntryPoint\",\"urlTemplate\":\"https:\/\/luxury-rental-mc.com\/?s={search_term_string}\"},\"query-input\":\"required name=search_term_string\"}],\"inLanguage\":\"fr-FR\"}]}<\/script>\n<!-- \/ Yoast SEO plugin. -->","yoast_head_json":{"title":"Mercedes Classe GLE \u00e0 louer, location d'une Mercedes I LR MC","description":"Le Mercedes classe GLE se modernise et reste un mod\u00e8le fantastique de la marque allemande. Son confort et son dynamisme vous raviront.D\u00e9couvrez-le avec nous","robots":{"index":"index","follow":"follow","max-snippet":"max-snippet:-1","max-image-preview":"max-image-preview:large","max-video-preview":"max-video-preview:-1"},"canonical":"https:\/\/luxury-rental-mc.com\/fr\/location-voiture\/mercedes-classe-gle\/","og_locale":"fr_FR","og_type":"article","og_title":"Mercedes Classe GLE \u00e0 louer, location d'une Mercedes I LR MC","og_description":"Le Mercedes classe GLE se modernise et reste un mod\u00e8le fantastique de la marque allemande. Son confort et son dynamisme vous raviront.D\u00e9couvrez-le avec nous","og_url":"https:\/\/luxury-rental-mc.com\/fr\/location-voiture\/mercedes-classe-gle\/","og_site_name":"Luxury Car Rentals | Monaco, Nice, Cannes, Saint-Tropez","article_modified_time":"2021-09-14T17:56:57+00:00","twitter_misc":{"Dur\u00e9e de lecture estim\u00e9e":"3 minutes"},"schema":{"@context":"https:\/\/schema.org","@graph":[{"@type":"WebPage","@id":"https:\/\/luxury-rental-mc.com\/fr\/location-voiture\/mercedes-classe-gle\/","url":"https:\/\/luxury-rental-mc.com\/fr\/location-voiture\/mercedes-classe-gle\/","name":"Mercedes Classe GLE \u00e0 louer, location d'une Mercedes I LR MC","isPartOf":{"@id":"https:\/\/luxury-rental-mc.com\/#website"},"datePublished":"2016-07-06T13:15:26+00:00","dateModified":"2021-09-14T17:56:57+00:00","description":"Le Mercedes classe GLE se modernise et reste un mod\u00e8le fantastique de la marque allemande. Son confort et son dynamisme vous raviront.D\u00e9couvrez-le avec nous","breadcrumb":{"@id":"https:\/\/luxury-rental-mc.com\/fr\/location-voiture\/mercedes-classe-gle\/#breadcrumb"},"inLanguage":"fr-FR","potentialAction":[{"@type":"ReadAction","target":["https:\/\/luxury-rental-mc.com\/fr\/location-voiture\/mercedes-classe-gle\/"]}]},{"@type":"BreadcrumbList","@id":"https:\/\/luxury-rental-mc.com\/fr\/location-voiture\/mercedes-classe-gle\/#breadcrumb","itemListElement":[{"@type":"ListItem","position":1,"name":"Accueil","item":"https:\/\/luxury-rental-mc.com\/fr\/"},{"@type":"ListItem","position":2,"name":"Location","item":"https:\/\/luxury-rental-mc.com\/fr\/location-voiture\/"},{"@type":"ListItem","position":3,"name":"Mercedes Classe GLE"}]},{"@type":"WebSite","@id":"https:\/\/luxury-rental-mc.com\/#website","url":"https:\/\/luxury-rental-mc.com\/","name":"Luxury Car Rentals | Monaco, Nice, Cannes, Saint-Tropez","description":"Rent the finest brands : Porsche, Ferrari, Lamborghini, Mercedes...","potentialAction":[{"@type":"SearchAction","target":{"@type":"EntryPoint","urlTemplate":"https:\/\/luxury-rental-mc.com\/?s={search_term_string}"},"query-input":"required name=search_term_string"}],"inLanguage":"fr-FR"}]}},"_links":{"self":[{"href":"https:\/\/luxury-rental-mc.com\/fr\/wp-json\/wp\/v2\/pages\/8301\/"}],"collection":[{"href":"https:\/\/luxury-rental-mc.com\/fr\/wp-json\/wp\/v2\/pages\/"}],"about":[{"href":"https:\/\/luxury-rental-mc.com\/fr\/wp-json\/wp\/v2\/types\/page\/"}],"author":[{"embeddable":true,"href":"https:\/\/luxury-rental-mc.com\/fr\/wp-json\/wp\/v2\/users\/2\/"}],"replies":[{"embeddable":true,"href":"https:\/\/luxury-rental-mc.com\/fr\/wp-json\/wp\/v2\/comments\/?post=8301"}],"version-history":[{"count":8,"href":"https:\/\/luxury-rental-mc.com\/fr\/wp-json\/wp\/v2\/pages\/8301\/revisions\/"}],"predecessor-version":[{"id":83618,"href":"https:\/\/luxury-rental-mc.com\/fr\/wp-json\/wp\/v2\/pages\/8301\/revisions\/83618\/"}],"up":[{"embeddable":true,"href":"https:\/\/luxury-rental-mc.com\/fr\/wp-json\/wp\/v2\/pages\/7038\/"}],"wp:attachment":[{"href":"https:\/\/luxury-rental-mc.com\/fr\/wp-json\/wp\/v2\/media\/?parent=8301"}],"curies":[{"name":"wp","href":"https:\/\/api.w.org\/{rel}","templated":true}]}}