{"id":8309,"date":"2016-07-06T15:32:52","date_gmt":"2016-07-06T13:32:52","guid":{"rendered":"https:\/\/luxury-rental-mc.com\/fr\/?page_id=8309"},"modified":"2021-09-14T21:09:10","modified_gmt":"2021-09-14T19:09:10","slug":"mercedes-classe-gl","status":"publish","type":"page","link":"https:\/\/luxury-rental-mc.com\/fr\/location-voiture\/mercedes-classe-gl\/","title":{"rendered":"Mercedes Classe GLS"},"content":{"rendered":"[vc_row][vc_column width=\u00a0\u00bb2\/3&Prime;][mk_title_box size=\u00a0\u00bb16&Prime; letter_spacing=\u00a0\u00bb4&Prime; margin_bottom=\u00a0\u00bb0&Prime; font_family=\u00a0\u00bbnone\u00a0\u00bb]\n<h1><span style=\"font-size: 14pt;\">Location\u00a0Mercedes Classe GLS<\/span><\/h1>\n[\/mk_title_box][mk_swipe_slideshow images=\u00a0\u00bb47564,47570,47568,47566&Prime; image_width=\u00a0\u00bb600&Prime; image_height=\u00a0\u00bb500&Prime;][vc_column_text css=\u00a0\u00bb.vc_custom_1583582859731{margin-bottom: 0px !important;}\u00a0\u00bb]\n<p style=\"text-align: justify;\">Le Mercedes classe GLS est un SUV de prestige disponible \u00e0 la location chez MC Luxury Rental. Ce SUV offre tout ce que vous attendez d\u2019une voiture de luxe en vous proposant d\u00e8s l\u2019entr\u00e9e de gamme \u00a0un habitacle habill\u00e9 de cuir et \u00a0r\u00e9alis\u00e9 \u00e0 la main. Son confort vous transportera dans un cocon silencieux.<\/p>\n[\/vc_column_text][\/vc_column][vc_column width=\u00a0\u00bb1\/3&Prime;][mk_padding_divider size=\u00a0\u00bb12&Prime;][mk_title_box size=\u00a0\u00bb16&Prime; letter_spacing=\u00a0\u00bb4&Prime; margin_bottom=\u00a0\u00bb0&Prime; font_family=\u00a0\u00bbnone\u00a0\u00bb]\n<h2><span style=\"font-size: 14pt;\">Tarifs<\/span><\/h2>\n[\/mk_title_box][vc_table vc_table_theme=\u00a0\u00bbsimple_pink\u00a0\u00bb][align-left]Journ%C3%A9e%20(150%20Km),[align-left]500%E2%82%AC|[b;align-left]3%20Jours%20(500%20km),[align-left]1400%E2%82%AC|[b;align-left]5%20Jours%20(750%20Km),[align-left]2200%E2%82%AC|[b;align-left]Jour%20supp.,[align-left]400%E2%82%AC[\/vc_table][mk_button dimension=\u00a0\u00bboutline\u00a0\u00bb size=\u00a0\u00bblarge\u00a0\u00bb icon=\u00a0\u00bbmk-li-call\u00a0\u00bb url=\u00a0\u00bbhttps:\/\/luxury-rental-mc.com\/fr\/contact\/\u00a0\u00bb align=\u00a0\u00bbcenter\u00a0\u00bb fullwidth=\u00a0\u00bbtrue\u00a0\u00bb visibility=\u00a0\u00bbhidden-sm\u00a0\u00bb]R\u00e9servation +33762841105[\/mk_button][mk_button dimension=\u00a0\u00bboutline\u00a0\u00bb size=\u00a0\u00bblarge\u00a0\u00bb icon=\u00a0\u00bbmk-li-call\u00a0\u00bb url=\u00a0\u00bbtel:+33762841105&Prime; align=\u00a0\u00bbcenter\u00a0\u00bb fullwidth=\u00a0\u00bbtrue\u00a0\u00bb visibility=\u00a0\u00bbhidden-dt\u00a0\u00bb]Reservation[\/mk_button][vc_column_text css=\u00a0\u00bb.vc_custom_1583582816859{margin-bottom: 0px !important;}\u00a0\u00bb]Marque\u00a0: Mercedes<br \/>\nMod\u00e8le : Classe GLS<br \/>\nNombre de places :\u00a05<br \/>\nPuissance : 333 Ch<br \/>\nCylindr\u00e9e\u00a0: 2996 cm3<br \/>\nVitesse\u00a0max :\u00a0240 Km\/h<br \/>\nConsommation Mixte\u00a0: 9.4 l \/100 km<br \/>\nAge minimum\u00a0:\u00a018 ans[\/vc_column_text][\/vc_column][\/vc_row][vc_row fullwidth=\u00a0\u00bbtrue\u00a0\u00bb][vc_column][mk_clients clients=\u00a0\u00bb7183,7187,7173,7185,7177,7175,7179,7181,7189&Prime;][\/vc_column][\/vc_row]\n","protected":false},"excerpt":{"rendered":"<p>[vc_row][vc_column width=\u00a0\u00bb2\/3&Prime;][mk_title_box size=\u00a0\u00bb16&Prime; letter_spacing=\u00a0\u00bb4&Prime; margin_bottom=\u00a0\u00bb0&Prime; font_family=\u00a0\u00bbnone\u00a0\u00bb] Location\u00a0Mercedes Classe GLS [\/mk_title_box][mk_swipe_slideshow images=\u00a0\u00bb47564,47570,47568,47566&Prime; image_width=\u00a0\u00bb600&Prime; image_height=\u00a0\u00bb500&Prime;][vc_column_text css=\u00a0\u00bb.vc_custom_1583582859731{margin-bottom: 0px !important;}\u00a0\u00bb] Le Mercedes classe GLS est un SUV de prestige disponible \u00e0 la location chez MC Luxury Rental. Ce SUV offre tout ce que vous attendez d\u2019une voiture de luxe en vous proposant d\u00e8s l\u2019entr\u00e9e de gamme \u00a0un habitacle habill\u00e9 [&hellip;]<\/p>\n","protected":false},"author":2,"featured_media":0,"parent":7038,"menu_order":0,"comment_status":"closed","ping_status":"closed","template":"","meta":{"_monsterinsights_skip_tracking":false,"_monsterinsights_sitenote_active":false,"_monsterinsights_sitenote_note":"","_monsterinsights_sitenote_category":0},"yoast_head":"<!-- This site is optimized with the Yoast SEO plugin v20.3 - https:\/\/yoast.com\/wordpress\/plugins\/seo\/ -->\n<title>Mercedes Classe GL en location, SUV de luxe I LR MC<\/title>\n<meta name=\"description\" content=\"Le Mercedes Classe GL est en location chez Mc Luxury Car Rental et ne vous d\u00e9cevra pas gr\u00e2ce \u00e0 son design \u00e9lanc\u00e9 et sa conduite silencieuse et dynamique.\" \/>\n<meta name=\"robots\" content=\"index, follow, max-snippet:-1, max-image-preview:large, max-video-preview:-1\" \/>\n<link rel=\"canonical\" href=\"https:\/\/luxury-rental-mc.com\/fr\/location-voiture\/mercedes-classe-gl\/\" \/>\n<meta property=\"og:locale\" content=\"fr_FR\" \/>\n<meta property=\"og:type\" content=\"article\" \/>\n<meta property=\"og:title\" content=\"Mercedes Classe GL en location, SUV de luxe I LR MC\" \/>\n<meta property=\"og:description\" content=\"Le Mercedes Classe GL est en location chez Mc Luxury Car Rental et ne vous d\u00e9cevra pas gr\u00e2ce \u00e0 son design \u00e9lanc\u00e9 et sa conduite silencieuse et dynamique.\" \/>\n<meta property=\"og:url\" content=\"https:\/\/luxury-rental-mc.com\/fr\/location-voiture\/mercedes-classe-gl\/\" \/>\n<meta property=\"og:site_name\" content=\"Luxury Car Rentals | Monaco, Nice, Cannes, Saint-Tropez\" \/>\n<meta property=\"article:modified_time\" content=\"2021-09-14T19:09:10+00:00\" \/>\n<meta name=\"twitter:label1\" content=\"Dur\u00e9e de lecture estim\u00e9e\" \/>\n\t<meta name=\"twitter:data1\" content=\"1 minute\" \/>\n<script type=\"application\/ld+json\" class=\"yoast-schema-graph\">{\"@context\":\"https:\/\/schema.org\",\"@graph\":[{\"@type\":\"WebPage\",\"@id\":\"https:\/\/luxury-rental-mc.com\/fr\/location-voiture\/mercedes-classe-gl\/\",\"url\":\"https:\/\/luxury-rental-mc.com\/fr\/location-voiture\/mercedes-classe-gl\/\",\"name\":\"Mercedes Classe GL en location, SUV de luxe I LR MC\",\"isPartOf\":{\"@id\":\"https:\/\/luxury-rental-mc.com\/#website\"},\"datePublished\":\"2016-07-06T13:32:52+00:00\",\"dateModified\":\"2021-09-14T19:09:10+00:00\",\"description\":\"Le Mercedes Classe GL est en location chez Mc Luxury Car Rental et ne vous d\u00e9cevra pas gr\u00e2ce \u00e0 son design \u00e9lanc\u00e9 et sa conduite silencieuse et dynamique.\",\"breadcrumb\":{\"@id\":\"https:\/\/luxury-rental-mc.com\/fr\/location-voiture\/mercedes-classe-gl\/#breadcrumb\"},\"inLanguage\":\"fr-FR\",\"potentialAction\":[{\"@type\":\"ReadAction\",\"target\":[\"https:\/\/luxury-rental-mc.com\/fr\/location-voiture\/mercedes-classe-gl\/\"]}]},{\"@type\":\"BreadcrumbList\",\"@id\":\"https:\/\/luxury-rental-mc.com\/fr\/location-voiture\/mercedes-classe-gl\/#breadcrumb\",\"itemListElement\":[{\"@type\":\"ListItem\",\"position\":1,\"name\":\"Accueil\",\"item\":\"https:\/\/luxury-rental-mc.com\/fr\/\"},{\"@type\":\"ListItem\",\"position\":2,\"name\":\"Location\",\"item\":\"https:\/\/luxury-rental-mc.com\/fr\/location-voiture\/\"},{\"@type\":\"ListItem\",\"position\":3,\"name\":\"Mercedes Classe GLS\"}]},{\"@type\":\"WebSite\",\"@id\":\"https:\/\/luxury-rental-mc.com\/#website\",\"url\":\"https:\/\/luxury-rental-mc.com\/\",\"name\":\"Luxury Car Rentals | Monaco, Nice, Cannes, Saint-Tropez\",\"description\":\"Rent the finest brands : Porsche, Ferrari, Lamborghini, Mercedes...\",\"potentialAction\":[{\"@type\":\"SearchAction\",\"target\":{\"@type\":\"EntryPoint\",\"urlTemplate\":\"https:\/\/luxury-rental-mc.com\/?s={search_term_string}\"},\"query-input\":\"required name=search_term_string\"}],\"inLanguage\":\"fr-FR\"}]}<\/script>\n<!-- \/ Yoast SEO plugin. -->","yoast_head_json":{"title":"Mercedes Classe GL en location, SUV de luxe I LR MC","description":"Le Mercedes Classe GL est en location chez Mc Luxury Car Rental et ne vous d\u00e9cevra pas gr\u00e2ce \u00e0 son design \u00e9lanc\u00e9 et sa conduite silencieuse et dynamique.","robots":{"index":"index","follow":"follow","max-snippet":"max-snippet:-1","max-image-preview":"max-image-preview:large","max-video-preview":"max-video-preview:-1"},"canonical":"https:\/\/luxury-rental-mc.com\/fr\/location-voiture\/mercedes-classe-gl\/","og_locale":"fr_FR","og_type":"article","og_title":"Mercedes Classe GL en location, SUV de luxe I LR MC","og_description":"Le Mercedes Classe GL est en location chez Mc Luxury Car Rental et ne vous d\u00e9cevra pas gr\u00e2ce \u00e0 son design \u00e9lanc\u00e9 et sa conduite silencieuse et dynamique.","og_url":"https:\/\/luxury-rental-mc.com\/fr\/location-voiture\/mercedes-classe-gl\/","og_site_name":"Luxury Car Rentals | Monaco, Nice, Cannes, Saint-Tropez","article_modified_time":"2021-09-14T19:09:10+00:00","twitter_misc":{"Dur\u00e9e de lecture estim\u00e9e":"1 minute"},"schema":{"@context":"https:\/\/schema.org","@graph":[{"@type":"WebPage","@id":"https:\/\/luxury-rental-mc.com\/fr\/location-voiture\/mercedes-classe-gl\/","url":"https:\/\/luxury-rental-mc.com\/fr\/location-voiture\/mercedes-classe-gl\/","name":"Mercedes Classe GL en location, SUV de luxe I LR MC","isPartOf":{"@id":"https:\/\/luxury-rental-mc.com\/#website"},"datePublished":"2016-07-06T13:32:52+00:00","dateModified":"2021-09-14T19:09:10+00:00","description":"Le Mercedes Classe GL est en location chez Mc Luxury Car Rental et ne vous d\u00e9cevra pas gr\u00e2ce \u00e0 son design \u00e9lanc\u00e9 et sa conduite silencieuse et dynamique.","breadcrumb":{"@id":"https:\/\/luxury-rental-mc.com\/fr\/location-voiture\/mercedes-classe-gl\/#breadcrumb"},"inLanguage":"fr-FR","potentialAction":[{"@type":"ReadAction","target":["https:\/\/luxury-rental-mc.com\/fr\/location-voiture\/mercedes-classe-gl\/"]}]},{"@type":"BreadcrumbList","@id":"https:\/\/luxury-rental-mc.com\/fr\/location-voiture\/mercedes-classe-gl\/#breadcrumb","itemListElement":[{"@type":"ListItem","position":1,"name":"Accueil","item":"https:\/\/luxury-rental-mc.com\/fr\/"},{"@type":"ListItem","position":2,"name":"Location","item":"https:\/\/luxury-rental-mc.com\/fr\/location-voiture\/"},{"@type":"ListItem","position":3,"name":"Mercedes Classe GLS"}]},{"@type":"WebSite","@id":"https:\/\/luxury-rental-mc.com\/#website","url":"https:\/\/luxury-rental-mc.com\/","name":"Luxury Car Rentals | Monaco, Nice, Cannes, Saint-Tropez","description":"Rent the finest brands : Porsche, Ferrari, Lamborghini, Mercedes...","potentialAction":[{"@type":"SearchAction","target":{"@type":"EntryPoint","urlTemplate":"https:\/\/luxury-rental-mc.com\/?s={search_term_string}"},"query-input":"required name=search_term_string"}],"inLanguage":"fr-FR"}]}},"_links":{"self":[{"href":"https:\/\/luxury-rental-mc.com\/fr\/wp-json\/wp\/v2\/pages\/8309\/"}],"collection":[{"href":"https:\/\/luxury-rental-mc.com\/fr\/wp-json\/wp\/v2\/pages\/"}],"about":[{"href":"https:\/\/luxury-rental-mc.com\/fr\/wp-json\/wp\/v2\/types\/page\/"}],"author":[{"embeddable":true,"href":"https:\/\/luxury-rental-mc.com\/fr\/wp-json\/wp\/v2\/users\/2\/"}],"replies":[{"embeddable":true,"href":"https:\/\/luxury-rental-mc.com\/fr\/wp-json\/wp\/v2\/comments\/?post=8309"}],"version-history":[{"count":10,"href":"https:\/\/luxury-rental-mc.com\/fr\/wp-json\/wp\/v2\/pages\/8309\/revisions\/"}],"predecessor-version":[{"id":83629,"href":"https:\/\/luxury-rental-mc.com\/fr\/wp-json\/wp\/v2\/pages\/8309\/revisions\/83629\/"}],"up":[{"embeddable":true,"href":"https:\/\/luxury-rental-mc.com\/fr\/wp-json\/wp\/v2\/pages\/7038\/"}],"wp:attachment":[{"href":"https:\/\/luxury-rental-mc.com\/fr\/wp-json\/wp\/v2\/media\/?parent=8309"}],"curies":[{"name":"wp","href":"https:\/\/api.w.org\/{rel}","templated":true}]}}