{"id":8326,"date":"2016-07-06T15:48:47","date_gmt":"2016-07-06T13:48:47","guid":{"rendered":"https:\/\/luxury-rental-mc.com\/fr\/?page_id=8326"},"modified":"2020-03-12T16:04:14","modified_gmt":"2020-03-12T15:04:14","slug":"mercedes-classe-gle-coupe","status":"publish","type":"page","link":"https:\/\/luxury-rental-mc.com\/fr\/location-voiture\/mercedes-classe-gle-coupe\/","title":{"rendered":"Mercedes Classe GLE coup\u00e9"},"content":{"rendered":"[vc_row][vc_column width=\u00a0\u00bb2\/3&Prime;][mk_title_box size=\u00a0\u00bb16&Prime; letter_spacing=\u00a0\u00bb4&Prime; margin_bottom=\u00a0\u00bb0&Prime; font_family=\u00a0\u00bbnone\u00a0\u00bb]\n<h1><span style=\"font-size: 14pt;\">Location\u00a0Mercedes Classe GLE coup\u00e9<\/span><\/h1>\n[\/mk_title_box][mk_swipe_slideshow images=\u00a0\u00bb48701,48703,48705&Prime; image_width=\u00a0\u00bb750&Prime; image_height=\u00a0\u00bb380&Prime;][vc_column_text css=\u00a0\u00bb.vc_custom_1584025450446{margin-bottom: 0px !important;}\u00a0\u00bb]Le SUV de luxe de chez Mercedes est par excellence le GLE. Ce massif v\u00e9hicule de prestige est une r\u00e9f\u00e9rence dans la gamme des SUV premium de la marque allemande.<\/p>\n<p>Il est disponible \u00e0 la location chez Mc Luxury Rental pour la dur\u00e9e de votre choix.<\/p>\n<p>Vous pouvez louer ce SUV de luxe pour un weekend en amoureux, une semaine entre ami ou pour passer des vacances inoubliables en famille sur la c\u00f4te d\u2019azur.<\/p>\n<p>Vous aurez \u00e9galement l\u2019occasion de louer ce Mercedes GLE de prestige pour un s\u00e9minaire \u00e0 Nice, Monaco ou dans une des plus grandes villes europ\u00e9ennes de votre choix.<\/p>\n<p>Le SUV Mercedes mod\u00e8le GLE sera \u00e9galement impeccable pour votre s\u00e9jour en station de sport d\u2019hiver pour aller faire du ski.<\/p>\n<p>Montez \u00e0 Courchevel en toute s\u00e9r\u00e9nit\u00e9 ou faites-vous livrer votre Mercedes GLE devant votre chalet ou h\u00f4tel.<\/p>\n<p>D\u00e9couvrez la magnifique station de luxe de Meg\u00e8ve au volant de ce SUV de luxe de la marque allemande Mercedes.<\/p>\n<p>Luxe, confort et facilit\u00e9 sera de mise avec de ce SUV GLE prestigieux lorsque vous s\u00e9journerez \u00e0 M\u00e9ribel.<\/p>\n<p>Ce v\u00e9hicule tr\u00e8s charismatique est aussi disponible \u00e0 la location longue dur\u00e9e pour accompagner et faciliter votre quotidien avec classe.<\/p>\n<p>Faites alors appel \u00e0 l\u2019\u00e9quipe Mc Luxury Rental qui se fera un plaisir de vous servir lors de cette location en vous livrant ce SUV de luxe tr\u00e8s bien \u00e9quip\u00e9 et disponible en version 4-Matic.<\/p>\n<p>Ce v\u00e9hicule de luxe est id\u00e9al pour vous d\u00e9placer en famille avec un int\u00e9rieur et un coffre tr\u00e8s spacieux.<\/p>\n<p>Grand concurrent du BMW X5, avec Mc Luxury Rental vous n\u2019avez qu\u2019\u00e0 choisir puisqu\u2019il est \u00e9galement disponible \u00e0 la location dans nos diff\u00e9rentes agences.<\/p>\n<p>Alors n\u2019h\u00e9sitez plus, contactez-nous par t\u00e9l\u00e9phone ou par mail pour louer ce Mercedes GLE, pour avoir un devis sur mesure ou pour toute autre information.[\/vc_column_text][\/vc_column][vc_column width=\u00a0\u00bb1\/3&Prime;][mk_padding_divider size=\u00a0\u00bb12&Prime;][mk_title_box size=\u00a0\u00bb16&Prime; letter_spacing=\u00a0\u00bb4&Prime; margin_bottom=\u00a0\u00bb0&Prime; font_family=\u00a0\u00bbnone\u00a0\u00bb]\n<h2><span style=\"font-size: 14pt;\">Tarifs<\/span><\/h2>\n[\/mk_title_box][vc_table vc_table_theme=\u00a0\u00bbsimple_pink\u00a0\u00bb][align-left]Journ%C3%A9e%20(150%20Km),[align-left]450%E2%82%AC|[b;align-left]3%20Jours%20(500%20km),[align-left]1200%E2%82%AC|[b;align-left]5%20Jours%20(750%20Km),[align-left]1700%E2%82%AC|[b;align-left]Jour%20supp.,[align-left]375%E2%82%AC[\/vc_table][mk_button dimension=\u00a0\u00bboutline\u00a0\u00bb size=\u00a0\u00bblarge\u00a0\u00bb icon=\u00a0\u00bbmk-li-call\u00a0\u00bb url=\u00a0\u00bbhttps:\/\/luxury-rental-mc.com\/fr\/contact\/\u00a0\u00bb align=\u00a0\u00bbcenter\u00a0\u00bb fullwidth=\u00a0\u00bbtrue\u00a0\u00bb visibility=\u00a0\u00bbhidden-sm\u00a0\u00bb]R\u00e9servation +33762841105[\/mk_button][mk_button dimension=\u00a0\u00bboutline\u00a0\u00bb size=\u00a0\u00bblarge\u00a0\u00bb icon=\u00a0\u00bbmk-li-call\u00a0\u00bb url=\u00a0\u00bbtel:+33762841105&Prime; align=\u00a0\u00bbcenter\u00a0\u00bb fullwidth=\u00a0\u00bbtrue\u00a0\u00bb visibility=\u00a0\u00bbhidden-dt\u00a0\u00bb]Reservation[\/mk_button][vc_column_text css=\u00a0\u00bb.vc_custom_1583345734208{margin-bottom: 0px !important;}\u00a0\u00bb]Marque\u00a0:\u00a0Mercedes<br \/>\nMod\u00e8le :\u00a0GLE coup\u00e9<br \/>\nNombre de places :\u00a05<br \/>\nPuissance :\u00a0190 Ch<br \/>\nCylindr\u00e9e\u00a0: 1968 cm3<br \/>\nVitesse\u00a0max :\u00a0232 Km\/h<br \/>\nConsommation Mixte\u00a0: 4.2\u00a0l \/100 km<br \/>\nAge minimum\u00a0:\u00a018 ans[\/vc_column_text][\/vc_column][\/vc_row][vc_row fullwidth=\u00a0\u00bbtrue\u00a0\u00bb][vc_column][mk_clients clients=\u00a0\u00bb7183,7187,7173,7185,7177,7175,7179,7181,7189&Prime;][\/vc_column][\/vc_row]\n","protected":false},"excerpt":{"rendered":"<p>[vc_row][vc_column width=\u00a0\u00bb2\/3&Prime;][mk_title_box size=\u00a0\u00bb16&Prime; letter_spacing=\u00a0\u00bb4&Prime; margin_bottom=\u00a0\u00bb0&Prime; font_family=\u00a0\u00bbnone\u00a0\u00bb] Location\u00a0Mercedes Classe GLE coup\u00e9 [\/mk_title_box][mk_swipe_slideshow images=\u00a0\u00bb48701,48703,48705&Prime; image_width=\u00a0\u00bb750&Prime; image_height=\u00a0\u00bb380&Prime;][vc_column_text css=\u00a0\u00bb.vc_custom_1584025450446{margin-bottom: 0px !important;}\u00a0\u00bb]Le SUV de luxe de chez Mercedes est par excellence le GLE. Ce massif v\u00e9hicule de prestige est une r\u00e9f\u00e9rence dans la gamme des SUV premium de la marque allemande. Il est disponible \u00e0 la location chez Mc Luxury [&hellip;]<\/p>\n","protected":false},"author":2,"featured_media":0,"parent":7038,"menu_order":0,"comment_status":"closed","ping_status":"closed","template":"","meta":{"_monsterinsights_skip_tracking":false,"_monsterinsights_sitenote_active":false,"_monsterinsights_sitenote_note":"","_monsterinsights_sitenote_category":0},"yoast_head":"<!-- This site is optimized with the Yoast SEO plugin v20.3 - https:\/\/yoast.com\/wordpress\/plugins\/seo\/ -->\n<title>Mercedes Classe GLE coup\u00e9 - Luxury Car Rentals | Monaco, Nice, Cannes, Saint-Tropez<\/title>\n<meta name=\"robots\" content=\"index, follow, max-snippet:-1, max-image-preview:large, max-video-preview:-1\" \/>\n<link rel=\"canonical\" href=\"https:\/\/luxury-rental-mc.com\/fr\/location-voiture\/mercedes-classe-gle-coupe\/\" \/>\n<meta property=\"og:locale\" content=\"fr_FR\" \/>\n<meta property=\"og:type\" content=\"article\" \/>\n<meta property=\"og:title\" content=\"Mercedes Classe GLE coup\u00e9 - Luxury Car Rentals | Monaco, Nice, Cannes, Saint-Tropez\" \/>\n<meta property=\"og:description\" content=\"[vc_row][vc_column width=\u00a0\u00bb2\/3&Prime;][mk_title_box size=\u00a0\u00bb16&Prime; letter_spacing=\u00a0\u00bb4&Prime; margin_bottom=\u00a0\u00bb0&Prime; font_family=\u00a0\u00bbnone\u00a0\u00bb] Location\u00a0Mercedes Classe GLE coup\u00e9 [\/mk_title_box][mk_swipe_slideshow images=\u00a0\u00bb48701,48703,48705&Prime; image_width=\u00a0\u00bb750&Prime; image_height=\u00a0\u00bb380&Prime;][vc_column_text css=\u00a0\u00bb.vc_custom_1584025450446{margin-bottom: 0px !important;}\u00a0\u00bb]Le SUV de luxe de chez Mercedes est par excellence le GLE. Ce massif v\u00e9hicule de prestige est une r\u00e9f\u00e9rence dans la gamme des SUV premium de la marque allemande. Il est disponible \u00e0 la location chez Mc Luxury [&hellip;]\" \/>\n<meta property=\"og:url\" content=\"https:\/\/luxury-rental-mc.com\/fr\/location-voiture\/mercedes-classe-gle-coupe\/\" \/>\n<meta property=\"og:site_name\" content=\"Luxury Car Rentals | Monaco, Nice, Cannes, Saint-Tropez\" \/>\n<meta property=\"article:modified_time\" content=\"2020-03-12T15:04:14+00:00\" \/>\n<meta name=\"twitter:label1\" content=\"Dur\u00e9e de lecture estim\u00e9e\" \/>\n\t<meta name=\"twitter:data1\" content=\"3 minutes\" \/>\n<script type=\"application\/ld+json\" class=\"yoast-schema-graph\">{\"@context\":\"https:\/\/schema.org\",\"@graph\":[{\"@type\":\"WebPage\",\"@id\":\"https:\/\/luxury-rental-mc.com\/fr\/location-voiture\/mercedes-classe-gle-coupe\/\",\"url\":\"https:\/\/luxury-rental-mc.com\/fr\/location-voiture\/mercedes-classe-gle-coupe\/\",\"name\":\"Mercedes Classe GLE coup\u00e9 - Luxury Car Rentals | Monaco, Nice, Cannes, Saint-Tropez\",\"isPartOf\":{\"@id\":\"https:\/\/luxury-rental-mc.com\/#website\"},\"datePublished\":\"2016-07-06T13:48:47+00:00\",\"dateModified\":\"2020-03-12T15:04:14+00:00\",\"breadcrumb\":{\"@id\":\"https:\/\/luxury-rental-mc.com\/fr\/location-voiture\/mercedes-classe-gle-coupe\/#breadcrumb\"},\"inLanguage\":\"fr-FR\",\"potentialAction\":[{\"@type\":\"ReadAction\",\"target\":[\"https:\/\/luxury-rental-mc.com\/fr\/location-voiture\/mercedes-classe-gle-coupe\/\"]}]},{\"@type\":\"BreadcrumbList\",\"@id\":\"https:\/\/luxury-rental-mc.com\/fr\/location-voiture\/mercedes-classe-gle-coupe\/#breadcrumb\",\"itemListElement\":[{\"@type\":\"ListItem\",\"position\":1,\"name\":\"Accueil\",\"item\":\"https:\/\/luxury-rental-mc.com\/fr\/\"},{\"@type\":\"ListItem\",\"position\":2,\"name\":\"Location\",\"item\":\"https:\/\/luxury-rental-mc.com\/fr\/location-voiture\/\"},{\"@type\":\"ListItem\",\"position\":3,\"name\":\"Mercedes Classe GLE coup\u00e9\"}]},{\"@type\":\"WebSite\",\"@id\":\"https:\/\/luxury-rental-mc.com\/#website\",\"url\":\"https:\/\/luxury-rental-mc.com\/\",\"name\":\"Luxury Car Rentals | Monaco, Nice, Cannes, Saint-Tropez\",\"description\":\"Rent the finest brands : Porsche, Ferrari, Lamborghini, Mercedes...\",\"potentialAction\":[{\"@type\":\"SearchAction\",\"target\":{\"@type\":\"EntryPoint\",\"urlTemplate\":\"https:\/\/luxury-rental-mc.com\/?s={search_term_string}\"},\"query-input\":\"required name=search_term_string\"}],\"inLanguage\":\"fr-FR\"}]}<\/script>\n<!-- \/ Yoast SEO plugin. -->","yoast_head_json":{"title":"Mercedes Classe GLE coup\u00e9 - Luxury Car Rentals | Monaco, Nice, Cannes, Saint-Tropez","robots":{"index":"index","follow":"follow","max-snippet":"max-snippet:-1","max-image-preview":"max-image-preview:large","max-video-preview":"max-video-preview:-1"},"canonical":"https:\/\/luxury-rental-mc.com\/fr\/location-voiture\/mercedes-classe-gle-coupe\/","og_locale":"fr_FR","og_type":"article","og_title":"Mercedes Classe GLE coup\u00e9 - Luxury Car Rentals | Monaco, Nice, Cannes, Saint-Tropez","og_description":"[vc_row][vc_column width=\u00a0\u00bb2\/3&Prime;][mk_title_box size=\u00a0\u00bb16&Prime; letter_spacing=\u00a0\u00bb4&Prime; margin_bottom=\u00a0\u00bb0&Prime; font_family=\u00a0\u00bbnone\u00a0\u00bb] Location\u00a0Mercedes Classe GLE coup\u00e9 [\/mk_title_box][mk_swipe_slideshow images=\u00a0\u00bb48701,48703,48705&Prime; image_width=\u00a0\u00bb750&Prime; image_height=\u00a0\u00bb380&Prime;][vc_column_text css=\u00a0\u00bb.vc_custom_1584025450446{margin-bottom: 0px !important;}\u00a0\u00bb]Le SUV de luxe de chez Mercedes est par excellence le GLE. Ce massif v\u00e9hicule de prestige est une r\u00e9f\u00e9rence dans la gamme des SUV premium de la marque allemande. Il est disponible \u00e0 la location chez Mc Luxury [&hellip;]","og_url":"https:\/\/luxury-rental-mc.com\/fr\/location-voiture\/mercedes-classe-gle-coupe\/","og_site_name":"Luxury Car Rentals | Monaco, Nice, Cannes, Saint-Tropez","article_modified_time":"2020-03-12T15:04:14+00:00","twitter_misc":{"Dur\u00e9e de lecture estim\u00e9e":"3 minutes"},"schema":{"@context":"https:\/\/schema.org","@graph":[{"@type":"WebPage","@id":"https:\/\/luxury-rental-mc.com\/fr\/location-voiture\/mercedes-classe-gle-coupe\/","url":"https:\/\/luxury-rental-mc.com\/fr\/location-voiture\/mercedes-classe-gle-coupe\/","name":"Mercedes Classe GLE coup\u00e9 - Luxury Car Rentals | Monaco, Nice, Cannes, Saint-Tropez","isPartOf":{"@id":"https:\/\/luxury-rental-mc.com\/#website"},"datePublished":"2016-07-06T13:48:47+00:00","dateModified":"2020-03-12T15:04:14+00:00","breadcrumb":{"@id":"https:\/\/luxury-rental-mc.com\/fr\/location-voiture\/mercedes-classe-gle-coupe\/#breadcrumb"},"inLanguage":"fr-FR","potentialAction":[{"@type":"ReadAction","target":["https:\/\/luxury-rental-mc.com\/fr\/location-voiture\/mercedes-classe-gle-coupe\/"]}]},{"@type":"BreadcrumbList","@id":"https:\/\/luxury-rental-mc.com\/fr\/location-voiture\/mercedes-classe-gle-coupe\/#breadcrumb","itemListElement":[{"@type":"ListItem","position":1,"name":"Accueil","item":"https:\/\/luxury-rental-mc.com\/fr\/"},{"@type":"ListItem","position":2,"name":"Location","item":"https:\/\/luxury-rental-mc.com\/fr\/location-voiture\/"},{"@type":"ListItem","position":3,"name":"Mercedes Classe GLE coup\u00e9"}]},{"@type":"WebSite","@id":"https:\/\/luxury-rental-mc.com\/#website","url":"https:\/\/luxury-rental-mc.com\/","name":"Luxury Car Rentals | Monaco, Nice, Cannes, Saint-Tropez","description":"Rent the finest brands : Porsche, Ferrari, Lamborghini, Mercedes...","potentialAction":[{"@type":"SearchAction","target":{"@type":"EntryPoint","urlTemplate":"https:\/\/luxury-rental-mc.com\/?s={search_term_string}"},"query-input":"required name=search_term_string"}],"inLanguage":"fr-FR"}]}},"_links":{"self":[{"href":"https:\/\/luxury-rental-mc.com\/fr\/wp-json\/wp\/v2\/pages\/8326\/"}],"collection":[{"href":"https:\/\/luxury-rental-mc.com\/fr\/wp-json\/wp\/v2\/pages\/"}],"about":[{"href":"https:\/\/luxury-rental-mc.com\/fr\/wp-json\/wp\/v2\/types\/page\/"}],"author":[{"embeddable":true,"href":"https:\/\/luxury-rental-mc.com\/fr\/wp-json\/wp\/v2\/users\/2\/"}],"replies":[{"embeddable":true,"href":"https:\/\/luxury-rental-mc.com\/fr\/wp-json\/wp\/v2\/comments\/?post=8326"}],"version-history":[{"count":4,"href":"https:\/\/luxury-rental-mc.com\/fr\/wp-json\/wp\/v2\/pages\/8326\/revisions\/"}],"predecessor-version":[{"id":50438,"href":"https:\/\/luxury-rental-mc.com\/fr\/wp-json\/wp\/v2\/pages\/8326\/revisions\/50438\/"}],"up":[{"embeddable":true,"href":"https:\/\/luxury-rental-mc.com\/fr\/wp-json\/wp\/v2\/pages\/7038\/"}],"wp:attachment":[{"href":"https:\/\/luxury-rental-mc.com\/fr\/wp-json\/wp\/v2\/media\/?parent=8326"}],"curies":[{"name":"wp","href":"https:\/\/api.w.org\/{rel}","templated":true}]}}