{"id":8369,"date":"2016-07-07T12:03:39","date_gmt":"2016-07-07T10:03:39","guid":{"rendered":"https:\/\/luxury-rental-mc.com\/fr\/?page_id=8369"},"modified":"2021-09-14T20:06:25","modified_gmt":"2021-09-14T18:06:25","slug":"porsche-911-carrera-cabriolet","status":"publish","type":"page","link":"https:\/\/luxury-rental-mc.com\/fr\/location-voiture\/porsche-911-carrera-cabriolet\/","title":{"rendered":"Porsche 911 Carrera Cabriolet"},"content":{"rendered":"[vc_row][vc_column width=\u00a0\u00bb2\/3&Prime;][mk_title_box size=\u00a0\u00bb16&Prime; letter_spacing=\u00a0\u00bb4&Prime; margin_bottom=\u00a0\u00bb0&Prime; font_family=\u00a0\u00bbnone\u00a0\u00bb]\n<h1><span style=\"font-size: 14pt;\">Location\u00a0Porsche 911 Carrera Cabriolet<\/span><\/h1>\n[\/mk_title_box][mk_swipe_slideshow images=\u00a0\u00bb8547,8549,8551&Prime; image_width=\u00a0\u00bb750&Prime; image_height=\u00a0\u00bb380&Prime;][vc_column_text css=\u00a0\u00bb.vc_custom_1555450174489{margin-bottom: 0px !important;}\u00a0\u00bb]<span style=\"font-size: 10pt;\">MC Luxury Rental vous propose de louer les voitures de sport classiques dont la Porsche 911 cabriolet. La marque allemande Porsche est l\u2019embl\u00e8me de la sportivit\u00e9 et du luxe. Pour profiter de votre s\u00e9jour vous pouvez <a href=\"https:\/\/luxury-rental-mc.com\/fr\/news-fr\/la-porsche-911-est-certainement-lautomobile-sportive-la-plus-intemporelle\">louer la voiture de sport convertible Porsche 911 cabriolet<\/a> \u00e0 Monte-Carlo, Monaco.\u00a0Les cheveux au vent \u00e0 <strong>Cannes<\/strong> sur la C\u00f4te d\u2019Azur,\u00a0vous aller appr\u00e9cier cette location de Porsche 911 cabriolet.\u00a0Elle vous permettra de sillonner les routes c\u00f4ti\u00e8res\u00a0entre <strong>Nice<\/strong> et <strong>Saint-Tropez<\/strong>, d\u2019aimer les virages en \u00e9pingles tout en alliant sportivit\u00e9, s\u00e9curit\u00e9, dynamisme et \u00e9l\u00e9gance.\u00a0Ce v\u00e9hicule sportif saura vous impressionner tout au long de votre s\u00e9jour en France ou en Europe. Equip\u00e9e d\u2019un moteur de 3.0L qui d\u00e9veloppe 370 chevaux la Porsche 911 cabriolet propulse le 0 \u00e0 100 km\/h en seulement 4,6s dans sa luxueuse version cabriolet.<span class=\"Apple-converted-space\">\u00a0<\/span>Notre agence location de voitures de prestige se fera un plaisir de vous louer ce v\u00e9hicule, pour vos trajets priv\u00e9s ou professionnels, partout en Europe gr\u00e2ce \u00e0 des services sur mesure. En aller simple, 24\/7, choisissez la livraison de votre <a href=\"https:\/\/luxury-rental-mc.com\/fr\/location-voiture-luxe\/cannes\">Porsche 911 cabriolet de location \u00e0 Cannes<\/a> devant votre hotel, \u00e0 votre domicile \u00e0<strong> Paris<\/strong>, sur votre lieu de vill\u00e9giature \u00e0 Nice, pour vos voyages d\u2019affaires \u00e0 <strong>Monaco<\/strong> ou encore lors de vos d\u00e9placements professionnels \u00e0 Gen\u00e8ve.\u00a0Cette <a href=\"https:\/\/luxury-rental-mc.com\/fr\/location-voiture-luxe\/monaco\">Porsche 911 cabriolet est disponible \u00e0 la location \u00e0 Monaco<\/a> et \u00e9galement en France, en <strong>Espagne<\/strong>, ou encore en Italie. Pendant votre s\u00e9jour estival \u00e0 <strong>Barcelone<\/strong>, pour un week end \u00e0 Portofino, une s\u00e9ance de shopping \u00e0 <strong>Milan<\/strong> ou un s\u00e9minaire \u00e0 Bordeaux, faites vous plaisir au volant d\u2019une Porsche 911 cabriolet de location.\u00a0MC Luxury Rental vous propose aussi de louer une Porsche 911 cabriolet en location longue dur\u00e9e car cette automobile de sport est aussi un v\u00e9hicule de tous les jours. Profitez pleinement de vos trajets quotidiens \u00e0 Monaco. Maniabilit\u00e9 ou sportivit\u00e9 ? Avec la location d\u2019une <strong>Porsche 911 cabriolet \u00e0 l\u2019a\u00e9roport de Nice C\u00f4te d\u2019Azur<\/strong> vous n\u2019aurez plus besoin de faire de compromis.<\/span>[\/vc_column_text][\/vc_column][vc_column width=\u00a0\u00bb1\/3&Prime;][mk_padding_divider size=\u00a0\u00bb12&Prime;][mk_title_box size=\u00a0\u00bb16&Prime; letter_spacing=\u00a0\u00bb4&Prime; margin_bottom=\u00a0\u00bb0&Prime; font_family=\u00a0\u00bbnone\u00a0\u00bb]\n<h2><span style=\"font-size: 14pt;\">Tarifs<\/span><\/h2>\n[\/mk_title_box][vc_table vc_table_theme=\u00a0\u00bbsimple_pink\u00a0\u00bb][align-left]Journ%C3%A9e%20(150%20Km),[align-left]750%E2%82%AC|[b;align-left]3%20Jours%20(500%20km),[align-left]2000%E2%82%AC|[b;align-left]5%20Jours%20(750%20Km),[align-left]3200%E2%82%AC|[b;align-left]Jour%20supp.,[align-left]600%E2%82%AC|[b;align-left]Km%20Extra,[align-left]4%E2%82%AC|[b;align-left]Caution,[align-left]8000%E2%82%AC[\/vc_table][mk_button dimension=\u00a0\u00bboutline\u00a0\u00bb size=\u00a0\u00bblarge\u00a0\u00bb icon=\u00a0\u00bbmk-li-call\u00a0\u00bb url=\u00a0\u00bbhttps:\/\/luxury-rental-mc.com\/fr\/contact\/\u00a0\u00bb align=\u00a0\u00bbcenter\u00a0\u00bb fullwidth=\u00a0\u00bbtrue\u00a0\u00bb visibility=\u00a0\u00bbhidden-sm\u00a0\u00bb]R\u00e9servation +33762841105[\/mk_button][mk_button dimension=\u00a0\u00bboutline\u00a0\u00bb size=\u00a0\u00bblarge\u00a0\u00bb icon=\u00a0\u00bbmk-li-call\u00a0\u00bb url=\u00a0\u00bbtel:+33762841105&Prime; align=\u00a0\u00bbcenter\u00a0\u00bb fullwidth=\u00a0\u00bbtrue\u00a0\u00bb visibility=\u00a0\u00bbhidden-dt\u00a0\u00bb]Reservation[\/mk_button][vc_column_text]Marque\u00a0:\u00a0Porsche<br \/>\nMod\u00e8le : 911 Carrera Cabriolet<br \/>\nNombre de places : 4<br \/>\nPuissance : 350 Ch<br \/>\nCylindr\u00e9e\u00a0: 3436 cm3<br \/>\nVitesse\u00a0max :\u00a0285 Km\/h<br \/>\nConsommation Mixte\u00a0: 9.3 l \/100 km<br \/>\nAge minimum\u00a0:\u00a018 ans[\/vc_column_text][\/vc_column][\/vc_row][vc_row fullwidth=\u00a0\u00bbtrue\u00a0\u00bb][vc_column][mk_clients clients=\u00a0\u00bb7183,7187,7173,7185,7177,7175,7179,7181,7189&Prime;][\/vc_column][\/vc_row]\n","protected":false},"excerpt":{"rendered":"<p>[vc_row][vc_column width=\u00a0\u00bb2\/3&Prime;][mk_title_box size=\u00a0\u00bb16&Prime; letter_spacing=\u00a0\u00bb4&Prime; margin_bottom=\u00a0\u00bb0&Prime; font_family=\u00a0\u00bbnone\u00a0\u00bb] Location\u00a0Porsche 911 Carrera Cabriolet [\/mk_title_box][mk_swipe_slideshow images=\u00a0\u00bb8547,8549,8551&Prime; image_width=\u00a0\u00bb750&Prime; image_height=\u00a0\u00bb380&Prime;][vc_column_text css=\u00a0\u00bb.vc_custom_1555450174489{margin-bottom: 0px !important;}\u00a0\u00bb]MC Luxury Rental vous propose de louer les voitures de sport classiques dont la Porsche 911 cabriolet. La marque allemande Porsche est l\u2019embl\u00e8me de la sportivit\u00e9 et du luxe. Pour profiter de votre s\u00e9jour vous pouvez louer la voiture [&hellip;]<\/p>\n","protected":false},"author":2,"featured_media":0,"parent":7038,"menu_order":0,"comment_status":"closed","ping_status":"closed","template":"","meta":{"_monsterinsights_skip_tracking":false,"_monsterinsights_sitenote_active":false,"_monsterinsights_sitenote_note":"","_monsterinsights_sitenote_category":0},"yoast_head":"<!-- This site is optimized with the Yoast SEO plugin v20.3 - https:\/\/yoast.com\/wordpress\/plugins\/seo\/ -->\n<title>Porsche 911 Carrera Cabriolet \u00e0 louer, voiture d\u00e9capotable I LR MC<\/title>\n<meta name=\"description\" content=\"La Porsche 911 Carrera Cabriolet est tout aussi puissante et \u00e9l\u00e9gante. Le plus : le toit ouvrant parfait pour des balades sous le soleil. A d\u00e9couvrir ici.\" \/>\n<meta name=\"robots\" content=\"index, follow, max-snippet:-1, max-image-preview:large, max-video-preview:-1\" \/>\n<link rel=\"canonical\" href=\"https:\/\/luxury-rental-mc.com\/fr\/location-voiture\/porsche-911-carrera-cabriolet\/\" \/>\n<meta property=\"og:locale\" content=\"fr_FR\" \/>\n<meta property=\"og:type\" content=\"article\" \/>\n<meta property=\"og:title\" content=\"Porsche 911 Carrera Cabriolet \u00e0 louer, voiture d\u00e9capotable I LR MC\" \/>\n<meta property=\"og:description\" content=\"La Porsche 911 Carrera Cabriolet est tout aussi puissante et \u00e9l\u00e9gante. Le plus : le toit ouvrant parfait pour des balades sous le soleil. A d\u00e9couvrir ici.\" \/>\n<meta property=\"og:url\" content=\"https:\/\/luxury-rental-mc.com\/fr\/location-voiture\/porsche-911-carrera-cabriolet\/\" \/>\n<meta property=\"og:site_name\" content=\"Luxury Car Rentals | Monaco, Nice, Cannes, Saint-Tropez\" \/>\n<meta property=\"article:modified_time\" content=\"2021-09-14T18:06:25+00:00\" \/>\n<meta name=\"twitter:label1\" content=\"Dur\u00e9e de lecture estim\u00e9e\" \/>\n\t<meta name=\"twitter:data1\" content=\"3 minutes\" \/>\n<script type=\"application\/ld+json\" class=\"yoast-schema-graph\">{\"@context\":\"https:\/\/schema.org\",\"@graph\":[{\"@type\":\"WebPage\",\"@id\":\"https:\/\/luxury-rental-mc.com\/fr\/location-voiture\/porsche-911-carrera-cabriolet\/\",\"url\":\"https:\/\/luxury-rental-mc.com\/fr\/location-voiture\/porsche-911-carrera-cabriolet\/\",\"name\":\"Porsche 911 Carrera Cabriolet \u00e0 louer, voiture d\u00e9capotable I LR MC\",\"isPartOf\":{\"@id\":\"https:\/\/luxury-rental-mc.com\/#website\"},\"datePublished\":\"2016-07-07T10:03:39+00:00\",\"dateModified\":\"2021-09-14T18:06:25+00:00\",\"description\":\"La Porsche 911 Carrera Cabriolet est tout aussi puissante et \u00e9l\u00e9gante. Le plus : le toit ouvrant parfait pour des balades sous le soleil. A d\u00e9couvrir ici.\",\"breadcrumb\":{\"@id\":\"https:\/\/luxury-rental-mc.com\/fr\/location-voiture\/porsche-911-carrera-cabriolet\/#breadcrumb\"},\"inLanguage\":\"fr-FR\",\"potentialAction\":[{\"@type\":\"ReadAction\",\"target\":[\"https:\/\/luxury-rental-mc.com\/fr\/location-voiture\/porsche-911-carrera-cabriolet\/\"]}]},{\"@type\":\"BreadcrumbList\",\"@id\":\"https:\/\/luxury-rental-mc.com\/fr\/location-voiture\/porsche-911-carrera-cabriolet\/#breadcrumb\",\"itemListElement\":[{\"@type\":\"ListItem\",\"position\":1,\"name\":\"Accueil\",\"item\":\"https:\/\/luxury-rental-mc.com\/fr\/\"},{\"@type\":\"ListItem\",\"position\":2,\"name\":\"Location\",\"item\":\"https:\/\/luxury-rental-mc.com\/fr\/location-voiture\/\"},{\"@type\":\"ListItem\",\"position\":3,\"name\":\"Porsche 911 Carrera Cabriolet\"}]},{\"@type\":\"WebSite\",\"@id\":\"https:\/\/luxury-rental-mc.com\/#website\",\"url\":\"https:\/\/luxury-rental-mc.com\/\",\"name\":\"Luxury Car Rentals | Monaco, Nice, Cannes, Saint-Tropez\",\"description\":\"Rent the finest brands : Porsche, Ferrari, Lamborghini, Mercedes...\",\"potentialAction\":[{\"@type\":\"SearchAction\",\"target\":{\"@type\":\"EntryPoint\",\"urlTemplate\":\"https:\/\/luxury-rental-mc.com\/?s={search_term_string}\"},\"query-input\":\"required name=search_term_string\"}],\"inLanguage\":\"fr-FR\"}]}<\/script>\n<!-- \/ Yoast SEO plugin. -->","yoast_head_json":{"title":"Porsche 911 Carrera Cabriolet \u00e0 louer, voiture d\u00e9capotable I LR MC","description":"La Porsche 911 Carrera Cabriolet est tout aussi puissante et \u00e9l\u00e9gante. Le plus : le toit ouvrant parfait pour des balades sous le soleil. A d\u00e9couvrir ici.","robots":{"index":"index","follow":"follow","max-snippet":"max-snippet:-1","max-image-preview":"max-image-preview:large","max-video-preview":"max-video-preview:-1"},"canonical":"https:\/\/luxury-rental-mc.com\/fr\/location-voiture\/porsche-911-carrera-cabriolet\/","og_locale":"fr_FR","og_type":"article","og_title":"Porsche 911 Carrera Cabriolet \u00e0 louer, voiture d\u00e9capotable I LR MC","og_description":"La Porsche 911 Carrera Cabriolet est tout aussi puissante et \u00e9l\u00e9gante. Le plus : le toit ouvrant parfait pour des balades sous le soleil. A d\u00e9couvrir ici.","og_url":"https:\/\/luxury-rental-mc.com\/fr\/location-voiture\/porsche-911-carrera-cabriolet\/","og_site_name":"Luxury Car Rentals | Monaco, Nice, Cannes, Saint-Tropez","article_modified_time":"2021-09-14T18:06:25+00:00","twitter_misc":{"Dur\u00e9e de lecture estim\u00e9e":"3 minutes"},"schema":{"@context":"https:\/\/schema.org","@graph":[{"@type":"WebPage","@id":"https:\/\/luxury-rental-mc.com\/fr\/location-voiture\/porsche-911-carrera-cabriolet\/","url":"https:\/\/luxury-rental-mc.com\/fr\/location-voiture\/porsche-911-carrera-cabriolet\/","name":"Porsche 911 Carrera Cabriolet \u00e0 louer, voiture d\u00e9capotable I LR MC","isPartOf":{"@id":"https:\/\/luxury-rental-mc.com\/#website"},"datePublished":"2016-07-07T10:03:39+00:00","dateModified":"2021-09-14T18:06:25+00:00","description":"La Porsche 911 Carrera Cabriolet est tout aussi puissante et \u00e9l\u00e9gante. Le plus : le toit ouvrant parfait pour des balades sous le soleil. A d\u00e9couvrir ici.","breadcrumb":{"@id":"https:\/\/luxury-rental-mc.com\/fr\/location-voiture\/porsche-911-carrera-cabriolet\/#breadcrumb"},"inLanguage":"fr-FR","potentialAction":[{"@type":"ReadAction","target":["https:\/\/luxury-rental-mc.com\/fr\/location-voiture\/porsche-911-carrera-cabriolet\/"]}]},{"@type":"BreadcrumbList","@id":"https:\/\/luxury-rental-mc.com\/fr\/location-voiture\/porsche-911-carrera-cabriolet\/#breadcrumb","itemListElement":[{"@type":"ListItem","position":1,"name":"Accueil","item":"https:\/\/luxury-rental-mc.com\/fr\/"},{"@type":"ListItem","position":2,"name":"Location","item":"https:\/\/luxury-rental-mc.com\/fr\/location-voiture\/"},{"@type":"ListItem","position":3,"name":"Porsche 911 Carrera Cabriolet"}]},{"@type":"WebSite","@id":"https:\/\/luxury-rental-mc.com\/#website","url":"https:\/\/luxury-rental-mc.com\/","name":"Luxury Car Rentals | Monaco, Nice, Cannes, Saint-Tropez","description":"Rent the finest brands : Porsche, Ferrari, Lamborghini, Mercedes...","potentialAction":[{"@type":"SearchAction","target":{"@type":"EntryPoint","urlTemplate":"https:\/\/luxury-rental-mc.com\/?s={search_term_string}"},"query-input":"required name=search_term_string"}],"inLanguage":"fr-FR"}]}},"_links":{"self":[{"href":"https:\/\/luxury-rental-mc.com\/fr\/wp-json\/wp\/v2\/pages\/8369\/"}],"collection":[{"href":"https:\/\/luxury-rental-mc.com\/fr\/wp-json\/wp\/v2\/pages\/"}],"about":[{"href":"https:\/\/luxury-rental-mc.com\/fr\/wp-json\/wp\/v2\/types\/page\/"}],"author":[{"embeddable":true,"href":"https:\/\/luxury-rental-mc.com\/fr\/wp-json\/wp\/v2\/users\/2\/"}],"replies":[{"embeddable":true,"href":"https:\/\/luxury-rental-mc.com\/fr\/wp-json\/wp\/v2\/comments\/?post=8369"}],"version-history":[{"count":11,"href":"https:\/\/luxury-rental-mc.com\/fr\/wp-json\/wp\/v2\/pages\/8369\/revisions\/"}],"predecessor-version":[{"id":83620,"href":"https:\/\/luxury-rental-mc.com\/fr\/wp-json\/wp\/v2\/pages\/8369\/revisions\/83620\/"}],"up":[{"embeddable":true,"href":"https:\/\/luxury-rental-mc.com\/fr\/wp-json\/wp\/v2\/pages\/7038\/"}],"wp:attachment":[{"href":"https:\/\/luxury-rental-mc.com\/fr\/wp-json\/wp\/v2\/media\/?parent=8369"}],"curies":[{"name":"wp","href":"https:\/\/api.w.org\/{rel}","templated":true}]}}