{"id":84246,"date":"2021-09-18T08:25:56","date_gmt":"2021-09-18T06:25:56","guid":{"rendered":"https:\/\/luxury-rental-mc.com\/?page_id=84246"},"modified":"2021-09-18T09:22:12","modified_gmt":"2021-09-18T07:22:12","slug":"audi-a6","status":"publish","type":"page","link":"https:\/\/luxury-rental-mc.com\/fr\/audi-a6\/","title":{"rendered":"Audi A6"},"content":{"rendered":"[vc_row][vc_column width=\u00a0\u00bb2\/3&Prime;][mk_title_box font_family=\u00a0\u00bbnone\u00a0\u00bb]\n<h1>Location AUDI A6<\/h1>\n[\/mk_title_box][mk_swipe_slideshow images=\u00a0\u00bb84249,84247,84251&Prime;][vc_column_text css=\u00a0\u00bb.vc_custom_1631945496418{margin-bottom: 0px !important;}\u00a0\u00bb]\n<p id=\"tw-target-text\" class=\"tw-data-text tw-text-large XcVN5d tw-ta\" dir=\"ltr\" data-placeholder=\"Translation\"><span class=\"Y2IQFc\" lang=\"fr\" style=\"font-size: 10pt;\">Notre agence de location de voitures premium vous propose de louer l&rsquo;Audi A6, la voiture familiale indispensable pour vos vacances \u00e0 Monaco et sur la C\u00f4te d&rsquo;Azur. Cette spacieuse berline de luxe offre un confort tout en offrant 5 places assises et beaucoup de bagages \u00e0 l&rsquo;arriv\u00e9e \u00e0 l&rsquo;a\u00e9roport international de Nice ou \u00e0 l&rsquo;a\u00e9roport de Marseille Marignane. Louez cette voiture \u00e9conomique au d\u00e9part de Cannes, et restituez-la \u00e0 l&rsquo;a\u00e9roport de Toulon-Hy\u00e8res avec une location de berline en aller simple. Pour faciliter vos d\u00e9placements priv\u00e9s ou professionnels, notre \u00e9quipe MC Luxury Rental est disponible 24h\/24 et 7j\/7. Pour un road trip en Europe, louez une Audi A6 berline. R\u00e9cup\u00e9rer la voiture de location \u00e9conomique \u00e0 Venise et la restituer dans une autre ville telle que Barcelone sera d&rsquo;une extr\u00eame simplicit\u00e9 gr\u00e2ce \u00e0 nos chauffeurs professionnels. D\u00e9couvrez la France \u00e0 bord d&rsquo;une Audi A6 de location depuis l&rsquo;a\u00e9roport de Bordeaux. Optez pour une location de voiture familiale \u00e0 Monaco, prenez la route de Cannes et rendez la limousine Audi A6 \u00e0 l&rsquo;a\u00e9roport de Lyon. D\u00e9couvrez la France au volant d&rsquo;une magnifique berline de luxe, la navigation GPS vous conduira \u00e0 Gordes, Le Castellet et Cassis qui n&rsquo;auront plus de secrets pour vous. Vous aimez la dolce vita italienne ? Offrez-vous un s\u00e9jour en Italie \u00e0 bord d&rsquo;une Audi A6 de location \u00e0 Florence. B\u00e9n\u00e9ficiez de services de location sur mesure, en aller simple lorsque vous louez une voiture pas ch\u00e8re, r\u00e9servez une livraison sur place (h\u00f4tel, a\u00e9roport, gare, port&#8230;) et dans la ville de votre choix (Monte-Carlo, St Tropez , Avignon, Forte Dei Marmi, Barcelone&#8230;), et profitez d&rsquo;un accueil privil\u00e9gi\u00e9. Fini les longues heures d&rsquo;attente aux guichets des agences de location de voitures classiques. R\u00e9servez d\u00e8s maintenant pour louer une Audi A6 berline en courte ou longue dur\u00e9e \u00e0 Monaco.<\/span><\/p>\n[\/vc_column_text][\/vc_column][vc_column width=\u00a0\u00bb1\/3&Prime;][mk_padding_divider size=\u00a0\u00bb12&Prime;][mk_title_box font_family=\u00a0\u00bbnone\u00a0\u00bb]\n<h2><strong>TARIFS<\/strong><\/h2>\n[\/mk_title_box][vc_table vc_table_theme=\u00a0\u00bbsimple_pink\u00a0\u00bb][b;align-left]Journ%C3%A9e%20(150%20Km),[b;align-left]250%E2%82%AC|[b;align-left]3%20Jours%20(500%20km),[align-left]1000%E2%82%AC|[b;align-left]5%20Jours%20(750%20Km),[align-left]600%E2%82%AC|[b;align-left]Jour%20supp.,[align-left]200%E2%82%AC[\/vc_table][mk_button dimension=\u00a0\u00bboutline\u00a0\u00bb size=\u00a0\u00bblarge\u00a0\u00bb icon=\u00a0\u00bbmk-li-call\u00a0\u00bb url=\u00a0\u00bbhttps:\/\/luxury-rental-mc.com\/fr\/contact\/\u00a0\u00bb align=\u00a0\u00bbcenter\u00a0\u00bb fullwidth=\u00a0\u00bbtrue\u00a0\u00bb visibility=\u00a0\u00bbhidden-sm\u00a0\u00bb]R\u00e9servation +33762841105[\/mk_button][mk_button dimension=\u00a0\u00bboutline\u00a0\u00bb size=\u00a0\u00bblarge\u00a0\u00bb icon=\u00a0\u00bbmk-li-call\u00a0\u00bb url=\u00a0\u00bbtel:+33762841105&Prime; align=\u00a0\u00bbcenter\u00a0\u00bb fullwidth=\u00a0\u00bbtrue\u00a0\u00bb visibility=\u00a0\u00bbhidden-dt\u00a0\u00bb]R\u00e9servation[\/mk_button][vc_column_text css=\u00a0\u00bb.vc_custom_1631946223275{margin-bottom: 0px !important;}\u00a0\u00bb]\n<pre id=\"tw-target-text\" class=\"tw-data-text tw-text-large XcVN5d tw-ta\" dir=\"ltr\" data-placeholder=\"Translation\"><span class=\"Y2IQFc\" lang=\"fr\" style=\"font-family: georgia, palatino, serif;\">Marque\u00a0:\u00a0Audi\r\nMod\u00e8le\u00a0:\u00a0A6\r\nNombre de place :\u00a05\r\nPuissance : 187cv\r\nCapacit\u00e9 : 1968cc\r\nVitesse\u00a0max\u00a0:\u00a0144 mph\r\nConsommation moyenne\u00a0: 4,2\u00a0l \/100 km\r\n\u00c2ge requis pour le conducteur\u00a0:\u00a018\u00a0ans<\/span><\/pre>\n[\/vc_column_text][\/vc_column][\/vc_row][vc_row][vc_column][mk_clients clients=\u00a0\u00bb7183, 7187, 7173, 7185, 7177, 7175, 7179, 7181, 7189&Prime;][\/vc_column][\/vc_row]\n","protected":false},"excerpt":{"rendered":"<p>[vc_row][vc_column width=\u00a0\u00bb2\/3&Prime;][mk_title_box font_family=\u00a0\u00bbnone\u00a0\u00bb] Location AUDI A6 [\/mk_title_box][mk_swipe_slideshow images=\u00a0\u00bb84249,84247,84251&Prime;][vc_column_text css=\u00a0\u00bb.vc_custom_1631945496418{margin-bottom: 0px !important;}\u00a0\u00bb] Notre agence de location de voitures premium vous propose de louer l&rsquo;Audi A6, la voiture familiale indispensable pour vos vacances \u00e0 Monaco et sur la C\u00f4te d&rsquo;Azur. Cette spacieuse berline de luxe offre un confort tout en offrant 5 places assises et beaucoup de [&hellip;]<\/p>\n","protected":false},"author":1,"featured_media":0,"parent":0,"menu_order":0,"comment_status":"closed","ping_status":"closed","template":"","meta":{"_monsterinsights_skip_tracking":false,"_monsterinsights_sitenote_active":false,"_monsterinsights_sitenote_note":"","_monsterinsights_sitenote_category":0},"yoast_head":"<!-- This site is optimized with the Yoast SEO plugin v20.3 - https:\/\/yoast.com\/wordpress\/plugins\/seo\/ -->\n<title>Audi A6 - Luxury Car Rentals | Monaco, Nice, Cannes, Saint-Tropez<\/title>\n<meta name=\"robots\" content=\"index, follow, max-snippet:-1, max-image-preview:large, max-video-preview:-1\" \/>\n<link rel=\"canonical\" href=\"https:\/\/luxury-rental-mc.com\/fr\/audi-a6\/\" \/>\n<meta property=\"og:locale\" content=\"fr_FR\" \/>\n<meta property=\"og:type\" content=\"article\" \/>\n<meta property=\"og:title\" content=\"Audi A6 - Luxury Car Rentals | Monaco, Nice, Cannes, Saint-Tropez\" \/>\n<meta property=\"og:description\" content=\"[vc_row][vc_column width=\u00a0\u00bb2\/3&Prime;][mk_title_box font_family=\u00a0\u00bbnone\u00a0\u00bb] Location AUDI A6 [\/mk_title_box][mk_swipe_slideshow images=\u00a0\u00bb84249,84247,84251&Prime;][vc_column_text css=\u00a0\u00bb.vc_custom_1631945496418{margin-bottom: 0px !important;}\u00a0\u00bb] Notre agence de location de voitures premium vous propose de louer l&rsquo;Audi A6, la voiture familiale indispensable pour vos vacances \u00e0 Monaco et sur la C\u00f4te d&rsquo;Azur. Cette spacieuse berline de luxe offre un confort tout en offrant 5 places assises et beaucoup de [&hellip;]\" \/>\n<meta property=\"og:url\" content=\"https:\/\/luxury-rental-mc.com\/fr\/audi-a6\/\" \/>\n<meta property=\"og:site_name\" content=\"Luxury Car Rentals | Monaco, Nice, Cannes, Saint-Tropez\" \/>\n<meta property=\"article:modified_time\" content=\"2021-09-18T07:22:12+00:00\" \/>\n<meta name=\"twitter:label1\" content=\"Dur\u00e9e de lecture estim\u00e9e\" \/>\n\t<meta name=\"twitter:data1\" content=\"2 minutes\" \/>\n<script type=\"application\/ld+json\" class=\"yoast-schema-graph\">{\"@context\":\"https:\/\/schema.org\",\"@graph\":[{\"@type\":\"WebPage\",\"@id\":\"https:\/\/luxury-rental-mc.com\/fr\/audi-a6\/\",\"url\":\"https:\/\/luxury-rental-mc.com\/fr\/audi-a6\/\",\"name\":\"Audi A6 - Luxury Car Rentals | Monaco, Nice, Cannes, Saint-Tropez\",\"isPartOf\":{\"@id\":\"https:\/\/luxury-rental-mc.com\/#website\"},\"datePublished\":\"2021-09-18T06:25:56+00:00\",\"dateModified\":\"2021-09-18T07:22:12+00:00\",\"breadcrumb\":{\"@id\":\"https:\/\/luxury-rental-mc.com\/fr\/audi-a6\/#breadcrumb\"},\"inLanguage\":\"fr-FR\",\"potentialAction\":[{\"@type\":\"ReadAction\",\"target\":[\"https:\/\/luxury-rental-mc.com\/fr\/audi-a6\/\"]}]},{\"@type\":\"BreadcrumbList\",\"@id\":\"https:\/\/luxury-rental-mc.com\/fr\/audi-a6\/#breadcrumb\",\"itemListElement\":[{\"@type\":\"ListItem\",\"position\":1,\"name\":\"Accueil\",\"item\":\"https:\/\/luxury-rental-mc.com\/fr\/\"},{\"@type\":\"ListItem\",\"position\":2,\"name\":\"Audi A6\"}]},{\"@type\":\"WebSite\",\"@id\":\"https:\/\/luxury-rental-mc.com\/#website\",\"url\":\"https:\/\/luxury-rental-mc.com\/\",\"name\":\"Luxury Car Rentals | Monaco, Nice, Cannes, Saint-Tropez\",\"description\":\"Rent the finest brands : Porsche, Ferrari, Lamborghini, Mercedes...\",\"potentialAction\":[{\"@type\":\"SearchAction\",\"target\":{\"@type\":\"EntryPoint\",\"urlTemplate\":\"https:\/\/luxury-rental-mc.com\/?s={search_term_string}\"},\"query-input\":\"required name=search_term_string\"}],\"inLanguage\":\"fr-FR\"}]}<\/script>\n<!-- \/ Yoast SEO plugin. -->","yoast_head_json":{"title":"Audi A6 - Luxury Car Rentals | Monaco, Nice, Cannes, Saint-Tropez","robots":{"index":"index","follow":"follow","max-snippet":"max-snippet:-1","max-image-preview":"max-image-preview:large","max-video-preview":"max-video-preview:-1"},"canonical":"https:\/\/luxury-rental-mc.com\/fr\/audi-a6\/","og_locale":"fr_FR","og_type":"article","og_title":"Audi A6 - Luxury Car Rentals | Monaco, Nice, Cannes, Saint-Tropez","og_description":"[vc_row][vc_column width=\u00a0\u00bb2\/3&Prime;][mk_title_box font_family=\u00a0\u00bbnone\u00a0\u00bb] Location AUDI A6 [\/mk_title_box][mk_swipe_slideshow images=\u00a0\u00bb84249,84247,84251&Prime;][vc_column_text css=\u00a0\u00bb.vc_custom_1631945496418{margin-bottom: 0px !important;}\u00a0\u00bb] Notre agence de location de voitures premium vous propose de louer l&rsquo;Audi A6, la voiture familiale indispensable pour vos vacances \u00e0 Monaco et sur la C\u00f4te d&rsquo;Azur. Cette spacieuse berline de luxe offre un confort tout en offrant 5 places assises et beaucoup de [&hellip;]","og_url":"https:\/\/luxury-rental-mc.com\/fr\/audi-a6\/","og_site_name":"Luxury Car Rentals | Monaco, Nice, Cannes, Saint-Tropez","article_modified_time":"2021-09-18T07:22:12+00:00","twitter_misc":{"Dur\u00e9e de lecture estim\u00e9e":"2 minutes"},"schema":{"@context":"https:\/\/schema.org","@graph":[{"@type":"WebPage","@id":"https:\/\/luxury-rental-mc.com\/fr\/audi-a6\/","url":"https:\/\/luxury-rental-mc.com\/fr\/audi-a6\/","name":"Audi A6 - Luxury Car Rentals | Monaco, Nice, Cannes, Saint-Tropez","isPartOf":{"@id":"https:\/\/luxury-rental-mc.com\/#website"},"datePublished":"2021-09-18T06:25:56+00:00","dateModified":"2021-09-18T07:22:12+00:00","breadcrumb":{"@id":"https:\/\/luxury-rental-mc.com\/fr\/audi-a6\/#breadcrumb"},"inLanguage":"fr-FR","potentialAction":[{"@type":"ReadAction","target":["https:\/\/luxury-rental-mc.com\/fr\/audi-a6\/"]}]},{"@type":"BreadcrumbList","@id":"https:\/\/luxury-rental-mc.com\/fr\/audi-a6\/#breadcrumb","itemListElement":[{"@type":"ListItem","position":1,"name":"Accueil","item":"https:\/\/luxury-rental-mc.com\/fr\/"},{"@type":"ListItem","position":2,"name":"Audi A6"}]},{"@type":"WebSite","@id":"https:\/\/luxury-rental-mc.com\/#website","url":"https:\/\/luxury-rental-mc.com\/","name":"Luxury Car Rentals | Monaco, Nice, Cannes, Saint-Tropez","description":"Rent the finest brands : Porsche, Ferrari, Lamborghini, Mercedes...","potentialAction":[{"@type":"SearchAction","target":{"@type":"EntryPoint","urlTemplate":"https:\/\/luxury-rental-mc.com\/?s={search_term_string}"},"query-input":"required name=search_term_string"}],"inLanguage":"fr-FR"}]}},"_links":{"self":[{"href":"https:\/\/luxury-rental-mc.com\/fr\/wp-json\/wp\/v2\/pages\/84246\/"}],"collection":[{"href":"https:\/\/luxury-rental-mc.com\/fr\/wp-json\/wp\/v2\/pages\/"}],"about":[{"href":"https:\/\/luxury-rental-mc.com\/fr\/wp-json\/wp\/v2\/types\/page\/"}],"author":[{"embeddable":true,"href":"https:\/\/luxury-rental-mc.com\/fr\/wp-json\/wp\/v2\/users\/1\/"}],"replies":[{"embeddable":true,"href":"https:\/\/luxury-rental-mc.com\/fr\/wp-json\/wp\/v2\/comments\/?post=84246"}],"version-history":[{"count":7,"href":"https:\/\/luxury-rental-mc.com\/fr\/wp-json\/wp\/v2\/pages\/84246\/revisions\/"}],"predecessor-version":[{"id":84258,"href":"https:\/\/luxury-rental-mc.com\/fr\/wp-json\/wp\/v2\/pages\/84246\/revisions\/84258\/"}],"wp:attachment":[{"href":"https:\/\/luxury-rental-mc.com\/fr\/wp-json\/wp\/v2\/media\/?parent=84246"}],"curies":[{"name":"wp","href":"https:\/\/api.w.org\/{rel}","templated":true}]}}