{"id":8465,"date":"2016-07-11T13:49:06","date_gmt":"2016-07-11T11:49:06","guid":{"rendered":"https:\/\/luxury-rental-mc.com\/fr\/?page_id=8465"},"modified":"2016-08-12T03:52:22","modified_gmt":"2016-08-12T01:52:22","slug":"aston-martin-db9-cabriolet","status":"publish","type":"page","link":"https:\/\/luxury-rental-mc.com\/fr\/location-voiture\/aston-martin-db9-cabriolet\/","title":{"rendered":"Aston Martin DB9 Cabriolet"},"content":{"rendered":"[vc_row][vc_column width=\u00a0\u00bb2\/3&Prime;][mk_title_box size=\u00a0\u00bb16&Prime; letter_spacing=\u00a0\u00bb4&Prime; margin_bottom=\u00a0\u00bb0&Prime; font_family=\u00a0\u00bbnone\u00a0\u00bb]\n<h1><span style=\"font-size: 14pt;\">Location\u00a0Aston Martin DB9 Cabriolet<\/span><\/h1>\n[\/mk_title_box][mk_swipe_slideshow images=\u00a0\u00bb8476,8478,8480,8482&Prime; image_width=\u00a0\u00bb750&Prime; image_height=\u00a0\u00bb380&Prime;][vc_column_text]\n<p style=\"text-align: justify;\">L\u2019Aston Martin DB9 cabriolet est une voiture de sport qui allie raffinement et confort \u00e0 la perfection. La DB9 regroupe les caract\u00e9ristiques uniques d\u2019Aston Martin, ses finitions sont un art, ses mat\u00e9riaux sont d\u2019une qualit\u00e9 irr\u00e9prochable. Avec son moteur V12 elle atteint une vitesse maximale de 306km\/h et l\u2019acc\u00e9l\u00e9ration de 0 \u00e0 100km\/h se fait en 4.8 secondes. Un vrai bijou qui m\u00e9rite d\u2019\u00eatre conduit.<\/p>\n[\/vc_column_text][\/vc_column][vc_column width=\u00a0\u00bb1\/3&Prime;][mk_padding_divider size=\u00a0\u00bb12&Prime;][mk_title_box size=\u00a0\u00bb16&Prime; letter_spacing=\u00a0\u00bb4&Prime; margin_bottom=\u00a0\u00bb0&Prime; font_family=\u00a0\u00bbnone\u00a0\u00bb]\n<h2><span style=\"font-size: 14pt;\">Tarifs<\/span><\/h2>\n[\/mk_title_box][vc_table vc_table_theme=\u00a0\u00bbsimple_pink\u00a0\u00bb][align-left]Journ%C3%A9e%20(150%20Km),[align-left]2400%E2%82%AC|[b;align-left]3%20Jours%20(500%20km),[align-left]6500%E2%82%AC|[b;align-left]5%20Jours%20(750%20Km),[align-left]10000%E2%82%AC|[b;align-left]Jour%20supp.,[align-left]2000%E2%82%AC[\/vc_table][mk_button dimension=\u00a0\u00bboutline\u00a0\u00bb size=\u00a0\u00bblarge\u00a0\u00bb icon=\u00a0\u00bbmk-li-call\u00a0\u00bb url=\u00a0\u00bbhttps:\/\/luxury-rental-mc.com\/fr\/contact\/\u00a0\u00bb align=\u00a0\u00bbcenter\u00a0\u00bb fullwidth=\u00a0\u00bbtrue\u00a0\u00bb visibility=\u00a0\u00bbhidden-sm\u00a0\u00bb]R\u00e9servation +33762841105[\/mk_button][mk_button dimension=\u00a0\u00bboutline\u00a0\u00bb size=\u00a0\u00bblarge\u00a0\u00bb icon=\u00a0\u00bbmk-li-call\u00a0\u00bb url=\u00a0\u00bbtel:+33762841105&Prime; align=\u00a0\u00bbcenter\u00a0\u00bb fullwidth=\u00a0\u00bbtrue\u00a0\u00bb visibility=\u00a0\u00bbhidden-dt\u00a0\u00bb]Reservation[\/mk_button][vc_column_text]Marque\u00a0:\u00a0Aston Martin<br \/>\nMod\u00e8le : DB9 Cabriolet<br \/>\nNombre de places : 4<br \/>\nPuissance : 517 Ch<br \/>\nCylindr\u00e9e\u00a0: 5935 cm3<br \/>\nVitesse\u00a0max : 306 Km\/h<br \/>\nConsommation Mixte\u00a0: 14.3 l \/100 km<br \/>\nAge minimum\u00a0:\u00a018 ans[\/vc_column_text][\/vc_column][\/vc_row][vc_row fullwidth=\u00a0\u00bbtrue\u00a0\u00bb][vc_column][mk_clients clients=\u00a0\u00bb7183,7187,7173,7185,7177,7175,7179,7181,7189&Prime;][\/vc_column][\/vc_row]\n","protected":false},"excerpt":{"rendered":"<p>[vc_row][vc_column width=\u00a0\u00bb2\/3&Prime;][mk_title_box size=\u00a0\u00bb16&Prime; letter_spacing=\u00a0\u00bb4&Prime; margin_bottom=\u00a0\u00bb0&Prime; font_family=\u00a0\u00bbnone\u00a0\u00bb] Location\u00a0Aston Martin DB9 Cabriolet [\/mk_title_box][mk_swipe_slideshow images=\u00a0\u00bb8476,8478,8480,8482&Prime; image_width=\u00a0\u00bb750&Prime; image_height=\u00a0\u00bb380&Prime;][vc_column_text] L\u2019Aston Martin DB9 cabriolet est une voiture de sport qui allie raffinement et confort \u00e0 la perfection. La DB9 regroupe les caract\u00e9ristiques uniques d\u2019Aston Martin, ses finitions sont un art, ses mat\u00e9riaux sont d\u2019une qualit\u00e9 irr\u00e9prochable. Avec son moteur V12 elle [&hellip;]<\/p>\n","protected":false},"author":2,"featured_media":0,"parent":7038,"menu_order":0,"comment_status":"closed","ping_status":"closed","template":"","meta":{"_monsterinsights_skip_tracking":false,"_monsterinsights_sitenote_active":false,"_monsterinsights_sitenote_note":"","_monsterinsights_sitenote_category":0},"yoast_head":"<!-- This site is optimized with the Yoast SEO plugin v20.3 - https:\/\/yoast.com\/wordpress\/plugins\/seo\/ -->\n<title>Aston Martin DB9 Cabriolet \u00e0 louer, Location voiture | LR MC<\/title>\n<meta name=\"description\" content=\"L&#039;Aston Martin DB9 Cabriolet est une super voiture. Sportif, ce mod\u00e8le allie parfaitement raffinement et confort. Vous ne serez pas d\u00e9\u00e7u par sa qualit\u00e9.\" \/>\n<meta name=\"robots\" content=\"index, follow, max-snippet:-1, max-image-preview:large, max-video-preview:-1\" \/>\n<link rel=\"canonical\" href=\"https:\/\/luxury-rental-mc.com\/fr\/location-voiture\/aston-martin-db9-cabriolet\/\" \/>\n<meta property=\"og:locale\" content=\"fr_FR\" \/>\n<meta property=\"og:type\" content=\"article\" \/>\n<meta property=\"og:title\" content=\"Aston Martin DB9 Cabriolet \u00e0 louer, Location voiture | LR MC\" \/>\n<meta property=\"og:description\" content=\"L&#039;Aston Martin DB9 Cabriolet est une super voiture. Sportif, ce mod\u00e8le allie parfaitement raffinement et confort. Vous ne serez pas d\u00e9\u00e7u par sa qualit\u00e9.\" \/>\n<meta property=\"og:url\" content=\"https:\/\/luxury-rental-mc.com\/fr\/location-voiture\/aston-martin-db9-cabriolet\/\" \/>\n<meta property=\"og:site_name\" content=\"Luxury Car Rentals | Monaco, Nice, Cannes, Saint-Tropez\" \/>\n<meta property=\"article:modified_time\" content=\"2016-08-12T01:52:22+00:00\" \/>\n<meta name=\"twitter:label1\" content=\"Dur\u00e9e de lecture estim\u00e9e\" \/>\n\t<meta name=\"twitter:data1\" content=\"1 minute\" \/>\n<script type=\"application\/ld+json\" class=\"yoast-schema-graph\">{\"@context\":\"https:\/\/schema.org\",\"@graph\":[{\"@type\":\"WebPage\",\"@id\":\"https:\/\/luxury-rental-mc.com\/fr\/location-voiture\/aston-martin-db9-cabriolet\/\",\"url\":\"https:\/\/luxury-rental-mc.com\/fr\/location-voiture\/aston-martin-db9-cabriolet\/\",\"name\":\"Aston Martin DB9 Cabriolet \u00e0 louer, Location voiture | LR MC\",\"isPartOf\":{\"@id\":\"https:\/\/luxury-rental-mc.com\/#website\"},\"datePublished\":\"2016-07-11T11:49:06+00:00\",\"dateModified\":\"2016-08-12T01:52:22+00:00\",\"description\":\"L'Aston Martin DB9 Cabriolet est une super voiture. Sportif, ce mod\u00e8le allie parfaitement raffinement et confort. Vous ne serez pas d\u00e9\u00e7u par sa qualit\u00e9.\",\"breadcrumb\":{\"@id\":\"https:\/\/luxury-rental-mc.com\/fr\/location-voiture\/aston-martin-db9-cabriolet\/#breadcrumb\"},\"inLanguage\":\"fr-FR\",\"potentialAction\":[{\"@type\":\"ReadAction\",\"target\":[\"https:\/\/luxury-rental-mc.com\/fr\/location-voiture\/aston-martin-db9-cabriolet\/\"]}]},{\"@type\":\"BreadcrumbList\",\"@id\":\"https:\/\/luxury-rental-mc.com\/fr\/location-voiture\/aston-martin-db9-cabriolet\/#breadcrumb\",\"itemListElement\":[{\"@type\":\"ListItem\",\"position\":1,\"name\":\"Accueil\",\"item\":\"https:\/\/luxury-rental-mc.com\/fr\/\"},{\"@type\":\"ListItem\",\"position\":2,\"name\":\"Location\",\"item\":\"https:\/\/luxury-rental-mc.com\/fr\/location-voiture\/\"},{\"@type\":\"ListItem\",\"position\":3,\"name\":\"Aston Martin DB9 Cabriolet\"}]},{\"@type\":\"WebSite\",\"@id\":\"https:\/\/luxury-rental-mc.com\/#website\",\"url\":\"https:\/\/luxury-rental-mc.com\/\",\"name\":\"Luxury Car Rentals | Monaco, Nice, Cannes, Saint-Tropez\",\"description\":\"Rent the finest brands : Porsche, Ferrari, Lamborghini, Mercedes...\",\"potentialAction\":[{\"@type\":\"SearchAction\",\"target\":{\"@type\":\"EntryPoint\",\"urlTemplate\":\"https:\/\/luxury-rental-mc.com\/?s={search_term_string}\"},\"query-input\":\"required name=search_term_string\"}],\"inLanguage\":\"fr-FR\"}]}<\/script>\n<!-- \/ Yoast SEO plugin. -->","yoast_head_json":{"title":"Aston Martin DB9 Cabriolet \u00e0 louer, Location voiture | LR MC","description":"L'Aston Martin DB9 Cabriolet est une super voiture. Sportif, ce mod\u00e8le allie parfaitement raffinement et confort. Vous ne serez pas d\u00e9\u00e7u par sa qualit\u00e9.","robots":{"index":"index","follow":"follow","max-snippet":"max-snippet:-1","max-image-preview":"max-image-preview:large","max-video-preview":"max-video-preview:-1"},"canonical":"https:\/\/luxury-rental-mc.com\/fr\/location-voiture\/aston-martin-db9-cabriolet\/","og_locale":"fr_FR","og_type":"article","og_title":"Aston Martin DB9 Cabriolet \u00e0 louer, Location voiture | LR MC","og_description":"L'Aston Martin DB9 Cabriolet est une super voiture. Sportif, ce mod\u00e8le allie parfaitement raffinement et confort. Vous ne serez pas d\u00e9\u00e7u par sa qualit\u00e9.","og_url":"https:\/\/luxury-rental-mc.com\/fr\/location-voiture\/aston-martin-db9-cabriolet\/","og_site_name":"Luxury Car Rentals | Monaco, Nice, Cannes, Saint-Tropez","article_modified_time":"2016-08-12T01:52:22+00:00","twitter_misc":{"Dur\u00e9e de lecture estim\u00e9e":"1 minute"},"schema":{"@context":"https:\/\/schema.org","@graph":[{"@type":"WebPage","@id":"https:\/\/luxury-rental-mc.com\/fr\/location-voiture\/aston-martin-db9-cabriolet\/","url":"https:\/\/luxury-rental-mc.com\/fr\/location-voiture\/aston-martin-db9-cabriolet\/","name":"Aston Martin DB9 Cabriolet \u00e0 louer, Location voiture | LR MC","isPartOf":{"@id":"https:\/\/luxury-rental-mc.com\/#website"},"datePublished":"2016-07-11T11:49:06+00:00","dateModified":"2016-08-12T01:52:22+00:00","description":"L'Aston Martin DB9 Cabriolet est une super voiture. Sportif, ce mod\u00e8le allie parfaitement raffinement et confort. Vous ne serez pas d\u00e9\u00e7u par sa qualit\u00e9.","breadcrumb":{"@id":"https:\/\/luxury-rental-mc.com\/fr\/location-voiture\/aston-martin-db9-cabriolet\/#breadcrumb"},"inLanguage":"fr-FR","potentialAction":[{"@type":"ReadAction","target":["https:\/\/luxury-rental-mc.com\/fr\/location-voiture\/aston-martin-db9-cabriolet\/"]}]},{"@type":"BreadcrumbList","@id":"https:\/\/luxury-rental-mc.com\/fr\/location-voiture\/aston-martin-db9-cabriolet\/#breadcrumb","itemListElement":[{"@type":"ListItem","position":1,"name":"Accueil","item":"https:\/\/luxury-rental-mc.com\/fr\/"},{"@type":"ListItem","position":2,"name":"Location","item":"https:\/\/luxury-rental-mc.com\/fr\/location-voiture\/"},{"@type":"ListItem","position":3,"name":"Aston Martin DB9 Cabriolet"}]},{"@type":"WebSite","@id":"https:\/\/luxury-rental-mc.com\/#website","url":"https:\/\/luxury-rental-mc.com\/","name":"Luxury Car Rentals | Monaco, Nice, Cannes, Saint-Tropez","description":"Rent the finest brands : Porsche, Ferrari, Lamborghini, Mercedes...","potentialAction":[{"@type":"SearchAction","target":{"@type":"EntryPoint","urlTemplate":"https:\/\/luxury-rental-mc.com\/?s={search_term_string}"},"query-input":"required name=search_term_string"}],"inLanguage":"fr-FR"}]}},"_links":{"self":[{"href":"https:\/\/luxury-rental-mc.com\/fr\/wp-json\/wp\/v2\/pages\/8465\/"}],"collection":[{"href":"https:\/\/luxury-rental-mc.com\/fr\/wp-json\/wp\/v2\/pages\/"}],"about":[{"href":"https:\/\/luxury-rental-mc.com\/fr\/wp-json\/wp\/v2\/types\/page\/"}],"author":[{"embeddable":true,"href":"https:\/\/luxury-rental-mc.com\/fr\/wp-json\/wp\/v2\/users\/2\/"}],"replies":[{"embeddable":true,"href":"https:\/\/luxury-rental-mc.com\/fr\/wp-json\/wp\/v2\/comments\/?post=8465"}],"version-history":[{"count":3,"href":"https:\/\/luxury-rental-mc.com\/fr\/wp-json\/wp\/v2\/pages\/8465\/revisions\/"}],"predecessor-version":[{"id":8502,"href":"https:\/\/luxury-rental-mc.com\/fr\/wp-json\/wp\/v2\/pages\/8465\/revisions\/8502\/"}],"up":[{"embeddable":true,"href":"https:\/\/luxury-rental-mc.com\/fr\/wp-json\/wp\/v2\/pages\/7038\/"}],"wp:attachment":[{"href":"https:\/\/luxury-rental-mc.com\/fr\/wp-json\/wp\/v2\/media\/?parent=8465"}],"curies":[{"name":"wp","href":"https:\/\/api.w.org\/{rel}","templated":true}]}}