{"id":8676,"date":"2016-08-04T19:58:52","date_gmt":"2016-08-04T17:58:52","guid":{"rendered":"https:\/\/luxury-rental-mc.com\/fr\/?page_id=8676"},"modified":"2016-08-14T19:02:59","modified_gmt":"2016-08-14T17:02:59","slug":"barcelone","status":"publish","type":"page","link":"https:\/\/luxury-rental-mc.com\/fr\/location-voiture-luxe\/barcelone\/","title":{"rendered":"Location Barcelone"},"content":{"rendered":"<h1>Location de voitures de luxe \u00e0 Barcelone<\/h1>\n<p>L\u2019Espagne est une destination touristique tr\u00e8s pris\u00e9e. La Catalogne est une des r\u00e9gions les plus touristique d\u2019Espagne gr\u00e2ce \u00e0 son histoire, \u00e0 ses plages, ses mus\u00e9es, etc.<\/p>\n<p>Barcelone est la capitale de la Catalogne et regorge de nombreuses visites \u00e0 faire. C\u2019est une ville cosmopolite situ\u00e9e entre mer et montagne ayant accueilli les JO en 1992.<\/p>\n<h2>Barcelone capitale de la Catalogne<\/h2>\n<p>Dans cette fabuleuse ville vous pourrez admirer notamment l\u2019architecture ainsi que de nombreux travaux de Dali, Gaudi, Picasso, Miro, etc.<\/p>\n<p>Vous pourrez visiter en toute tranquillit\u00e9 \u00e0 bord d\u2019une voiture de location la ville. <strong>Mc Luxury Rental Car<\/strong> est votre soci\u00e9t\u00e9 de location de v\u00e9hicules de luxe. Nous vous offrons un large choix de mod\u00e8les allant de la voiture citadine comme la<strong> Mini Cooper<\/strong> \u00e0 la voiture de sport comme une <strong>Lamborghini<\/strong> Huracan.<\/p>\n<p>Vous pourrez plus facilement visiter les sites touristiques \u00e0 bord d\u2019une voiture. Ainsi vous pourrez admirer la fameuse Sagrada Familia puis le Park Guell de Gaudi, rejoindre Figueras pour visiter le mythique mus\u00e9e de Dali.\u00a0 \u00a0 \u00a0 \u00a0 \u00a0 \u00a0 \u00a0 \u00a0 \u00a0\u00a0<img loading=\"lazy\" class=\"aligncenter wp-image-8810\" src=\"https:\/\/luxury-rental-mc.com\/wp-content\/uploads\/2016\/08\/gaudi-1160379_960_720-300x163.jpg\" alt=\"location voiture Barcelone\" width=\"366\" height=\"199\" srcset=\"https:\/\/luxury-rental-mc.com\/wp-content\/uploads\/2016\/08\/gaudi-1160379_960_720-300x163.jpg 300w, https:\/\/luxury-rental-mc.com\/wp-content\/uploads\/2016\/08\/gaudi-1160379_960_720-768x418.jpg 768w, https:\/\/luxury-rental-mc.com\/wp-content\/uploads\/2016\/08\/gaudi-1160379_960_720-400x218.jpg 400w, https:\/\/luxury-rental-mc.com\/wp-content\/uploads\/2016\/08\/gaudi-1160379_960_720-800x435.jpg 800w, https:\/\/luxury-rental-mc.com\/wp-content\/uploads\/2016\/08\/gaudi-1160379_960_720.jpg 960w\" sizes=\"(max-width: 366px) 100vw, 366px\" \/>\u00a0 \u00a0 \u00a0 \u00a0 \u00a0 \u00a0 \u00a0 \u00a0 \u00a0 \u00a0 \u00a0 \u00a0\u00a0<img loading=\"lazy\" class=\"aligncenter wp-image-8814\" src=\"https:\/\/luxury-rental-mc.com\/wp-content\/uploads\/2016\/08\/sagrada-familia-1020589_960_720-300x199.jpg\" alt=\"louer voiture de luxe\" width=\"329\" height=\"218\" srcset=\"https:\/\/luxury-rental-mc.com\/wp-content\/uploads\/2016\/08\/sagrada-familia-1020589_960_720-300x199.jpg 300w, https:\/\/luxury-rental-mc.com\/wp-content\/uploads\/2016\/08\/sagrada-familia-1020589_960_720-768x510.jpg 768w, https:\/\/luxury-rental-mc.com\/wp-content\/uploads\/2016\/08\/sagrada-familia-1020589_960_720-150x100.jpg 150w, https:\/\/luxury-rental-mc.com\/wp-content\/uploads\/2016\/08\/sagrada-familia-1020589_960_720-400x266.jpg 400w, https:\/\/luxury-rental-mc.com\/wp-content\/uploads\/2016\/08\/sagrada-familia-1020589_960_720-800x532.jpg 800w, https:\/\/luxury-rental-mc.com\/wp-content\/uploads\/2016\/08\/sagrada-familia-1020589_960_720-900x600.jpg 900w, https:\/\/luxury-rental-mc.com\/wp-content\/uploads\/2016\/08\/sagrada-familia-1020589_960_720.jpg 960w\" sizes=\"(max-width: 329px) 100vw, 329px\" \/><\/p>\n<p>Le Quartier Gothique de la ville appel\u00e9 \u00e9galement la vieille ville est accessible en voiture avant de vous balader \u00e0 pied et d\u2019observer son incroyable architecture.<\/p>\n<p>Las Ramblas est \u00e9galement un lieu incontournable de la ville o\u00f9 vous pourrez facilement vous balader et faire du shopping.<\/p>\n<p>La Costa Brava et la Costa Dorada vous offriront des moments de d\u00e9tente \u00e0 la plage. Vous pourrez \u00e9galement arpenter la c\u00f4te \u00e0 bord d\u2019un cabriolet sport lou\u00e9 chez Mc Luxury Rental Car comme une Lamborghini Huracan Spider,\u00a0une Porsche cabriolet ou encore une Ferrari.<\/p>\n<p>Si vous passez des vacances en famille notre soci\u00e9t\u00e9 vous propose \u00e9galement la <strong>location de v\u00e9hicule<\/strong> type 4&#215;4 ou berline pr\u00e9sentant plus de place pour une famille. Ce type de voiture d\u00e9montre tout de m\u00eame une tr\u00e8s bonne tenue de route. Nous choisissons les mod\u00e8les avec soin pour vous. Vous retrouverez alors les 4&#215;4 tr\u00e8s connus de la marque Range Rover, mais aussi les \u00e9l\u00e9gantes berlines de la marque allemande <strong>Mercedes<\/strong> ou encore <strong>Audi<\/strong>. Mc Luxury Rental Car met \u00e9galement \u00e0 votre disposition des vans.<\/p>\n<p><img loading=\"lazy\" class=\"aligncenter wp-image-8808\" src=\"https:\/\/luxury-rental-mc.com\/wp-content\/uploads\/2016\/08\/5944919564_7b4e69b3b2_b-300x200.jpg\" alt=\"location voiture de luxe barcelone\" width=\"325\" height=\"216\" srcset=\"https:\/\/luxury-rental-mc.com\/wp-content\/uploads\/2016\/08\/5944919564_7b4e69b3b2_b-300x200.jpg 300w, https:\/\/luxury-rental-mc.com\/wp-content\/uploads\/2016\/08\/5944919564_7b4e69b3b2_b-768x512.jpg 768w, https:\/\/luxury-rental-mc.com\/wp-content\/uploads\/2016\/08\/5944919564_7b4e69b3b2_b.jpg 1024w, https:\/\/luxury-rental-mc.com\/wp-content\/uploads\/2016\/08\/5944919564_7b4e69b3b2_b-150x100.jpg 150w, https:\/\/luxury-rental-mc.com\/wp-content\/uploads\/2016\/08\/5944919564_7b4e69b3b2_b-400x267.jpg 400w, https:\/\/luxury-rental-mc.com\/wp-content\/uploads\/2016\/08\/5944919564_7b4e69b3b2_b-800x534.jpg 800w, https:\/\/luxury-rental-mc.com\/wp-content\/uploads\/2016\/08\/5944919564_7b4e69b3b2_b-900x600.jpg 900w\" sizes=\"(max-width: 325px) 100vw, 325px\" \/><\/p>\n<p><img loading=\"lazy\" class=\"wp-image-8812 aligncenter\" src=\"https:\/\/luxury-rental-mc.com\/wp-content\/uploads\/2016\/08\/Location-vacances-prestige-Barcelone-Voilier-avec-skipper_18-300x225.jpg\" alt=\"Location-vacances-prestige-Barcelone-Voilier-avec-skipper_18\" width=\"315\" height=\"236\" srcset=\"https:\/\/luxury-rental-mc.com\/wp-content\/uploads\/2016\/08\/Location-vacances-prestige-Barcelone-Voilier-avec-skipper_18-300x225.jpg 300w, https:\/\/luxury-rental-mc.com\/wp-content\/uploads\/2016\/08\/Location-vacances-prestige-Barcelone-Voilier-avec-skipper_18-768x576.jpg 768w, https:\/\/luxury-rental-mc.com\/wp-content\/uploads\/2016\/08\/Location-vacances-prestige-Barcelone-Voilier-avec-skipper_18-400x300.jpg 400w, https:\/\/luxury-rental-mc.com\/wp-content\/uploads\/2016\/08\/Location-vacances-prestige-Barcelone-Voilier-avec-skipper_18.jpg 800w\" sizes=\"(max-width: 315px) 100vw, 315px\" \/><\/p>\n<h2>La qualit\u00e9 attendue<\/h2>\n<p>Mc Luxury Rental Car est une soci\u00e9t\u00e9 qui ne cesse de s\u2019\u00e9tendre en s\u2019implantant dans les grandes villes en <strong>Europe<\/strong>. \u00a0C\u2019est gr\u00e2ce \u00e0 ses 7 ann\u00e9es d\u2019exp\u00e9rience dans le domaine de la location de v\u00e9hicule de luxe qu\u2019Mc Luxury Rental Car sait r\u00e9pondre \u00e0 vos attentes et fid\u00e9lise les clients. \u00a0Nous avons la possibilit\u00e9 de vous offrir un large choix parmi les marques de voitures partant de la Mini Cooper \u00e0 la Bugatti.<\/p>\n<p>Comme nous sommes soucieux de la qualit\u00e9 de notre service nous vous offrons une assistance en cas de probl\u00e8me o\u00f9 que vous soyez. \u00a0Par ailleurs nous pouvons \u00e9galement livrer le v\u00e9hicule lou\u00e9 o\u00f9 vous vous situez : \u00e0 l\u2019a\u00e9roport de Barcelone, \u00e0 l\u2019h\u00f4tel, \u00e0 domicile ou encore \u00e0 la gare RENFE. Notre mot d\u2019ordre est la r\u00e9activit\u00e9 c\u2019est ainsi que nous livrerons votre v\u00e9hicule en moins d\u2019une heure. Mc Luxury Rental Car est la seule \u00e0 vous offrir une telle qualit\u00e9 lors de la <strong>location d\u2019un v\u00e9hicule<\/strong>.<\/p>\n<p>Pour rendre vos vacances toujours plus surprenantes nous vous proposons de louer des mod\u00e8les sport disponibles avec les marques <strong>Ferrari<\/strong> et le mod\u00e8le 488 GTB, Lamborghini dont la Huracan et la Aventador, \u00a0l\u2019unique <strong>Bugatti<\/strong> Veyron, ou encore Audi avec le mod\u00e8le R8.<\/p>\n<p>Vivre \u00e0 l\u2019Espagnole le temps d\u2019un court s\u00e9jour dans une Lamborghini vous permettra de profiter de la ville les cheveux au vent sous un soleil radieux ou encore une balade dans les alentours \u00e0 bord d\u2019une \u00e9l\u00e9gante et sportive voiture de luxe. Une exp\u00e9rience sportive et unique que vous vivrez gr\u00e2ce \u00e0 la soci\u00e9t\u00e9 Mc Luxury Rental Car.<\/p>\n<p><img loading=\"lazy\" class=\" wp-image-8816 aligncenter\" src=\"https:\/\/luxury-rental-mc.com\/wp-content\/uploads\/2016\/08\/barcelona-913487_960_720-300x122.jpg\" alt=\"barcelona-913487_960_720\" width=\"396\" height=\"161\" srcset=\"https:\/\/luxury-rental-mc.com\/wp-content\/uploads\/2016\/08\/barcelona-913487_960_720-300x122.jpg 300w, https:\/\/luxury-rental-mc.com\/wp-content\/uploads\/2016\/08\/barcelona-913487_960_720-768x312.jpg 768w, https:\/\/luxury-rental-mc.com\/wp-content\/uploads\/2016\/08\/barcelona-913487_960_720-400x163.jpg 400w, https:\/\/luxury-rental-mc.com\/wp-content\/uploads\/2016\/08\/barcelona-913487_960_720-800x325.jpg 800w, https:\/\/luxury-rental-mc.com\/wp-content\/uploads\/2016\/08\/barcelona-913487_960_720.jpg 960w\" sizes=\"(max-width: 396px) 100vw, 396px\" \/><\/p>\n<p><span style=\"text-decoration: underline;\"><strong>D\u00e9couvrez les autres villes :<\/strong><\/span><\/p>\n<ul>\n<li><a href=\"https:\/\/luxury-rental-mc.com\/fr\/location-voiture-luxe\/cannes\">Location Cannes<\/a><\/li>\n<li><a href=\"https:\/\/luxury-rental-mc.com\/fr\/location-voiture-luxe\/location-corse\">Location Corse<\/a><\/li>\n<li><a href=\"https:\/\/luxury-rental-mc.com\/fr\/location-voiture-luxe\/marbella\">Location Marbella<\/a><\/li>\n<li><a href=\"https:\/\/luxury-rental-mc.com\/fr\/location-voiture-luxe\/milan\">Location Milan<\/a><\/li>\n<li><a href=\"https:\/\/luxury-rental-mc.com\/fr\/location-voiture-luxe\/monaco\">Location Monaco<\/a><\/li>\n<li><a href=\"https:\/\/luxury-rental-mc.com\/fr\/location-voiture-luxe\/nice\">Location Nice<\/a><\/li>\n<li><a href=\"https:\/\/luxury-rental-mc.com\/fr\/location-voiture-luxe\/rome\">Location Rome<\/a><\/li>\n<li><a href=\"https:\/\/luxury-rental-mc.com\/fr\/location-voiture-luxe\/saint-tropez\">Location Saint Tropez<\/a><\/li>\n<li><a href=\"https:\/\/luxury-rental-mc.com\/fr\/location-voiture-luxe\/toulon\">Location Toulon<\/a><\/li>\n<\/ul>\n","protected":false},"excerpt":{"rendered":"<p>Location de voitures de luxe \u00e0 Barcelone L\u2019Espagne est une destination touristique tr\u00e8s pris\u00e9e. La Catalogne est une des r\u00e9gions les plus touristique d\u2019Espagne gr\u00e2ce \u00e0 son histoire, \u00e0 ses plages, ses mus\u00e9es, etc. Barcelone est la capitale de la Catalogne et regorge de nombreuses visites \u00e0 faire. C\u2019est une ville cosmopolite situ\u00e9e entre mer [&hellip;]<\/p>\n","protected":false},"author":1,"featured_media":0,"parent":8650,"menu_order":0,"comment_status":"closed","ping_status":"closed","template":"","meta":{"_monsterinsights_skip_tracking":false,"_monsterinsights_sitenote_active":false,"_monsterinsights_sitenote_note":"","_monsterinsights_sitenote_category":0},"yoast_head":"<!-- This site is optimized with the Yoast SEO plugin v20.3 - https:\/\/yoast.com\/wordpress\/plugins\/seo\/ -->\n<title>Location de voiture Barcelone, voiture de luxe | LR MC<\/title>\n<meta name=\"description\" content=\"Barcelone est la capitale de la Catalogne et une ville tr\u00e8s visit\u00e9e pour son architecture, ses monuments et son mode de vie. Louer une voiture c&#039;est facile!\" \/>\n<meta name=\"robots\" content=\"index, follow, max-snippet:-1, max-image-preview:large, max-video-preview:-1\" \/>\n<link rel=\"canonical\" href=\"https:\/\/luxury-rental-mc.com\/fr\/location-voiture-luxe\/barcelone\/\" \/>\n<meta property=\"og:locale\" content=\"fr_FR\" \/>\n<meta property=\"og:type\" content=\"article\" \/>\n<meta property=\"og:title\" content=\"Location de voiture Barcelone, voiture de luxe | LR MC\" \/>\n<meta property=\"og:description\" content=\"Barcelone est la capitale de la Catalogne et une ville tr\u00e8s visit\u00e9e pour son architecture, ses monuments et son mode de vie. Louer une voiture c&#039;est facile!\" \/>\n<meta property=\"og:url\" content=\"https:\/\/luxury-rental-mc.com\/fr\/location-voiture-luxe\/barcelone\/\" \/>\n<meta property=\"og:site_name\" content=\"Luxury Car Rentals | Monaco, Nice, Cannes, Saint-Tropez\" \/>\n<meta property=\"article:modified_time\" content=\"2016-08-14T17:02:59+00:00\" \/>\n<meta property=\"og:image\" content=\"https:\/\/luxury-rental-mc.com\/wp-content\/uploads\/2016\/08\/gaudi-1160379_960_720-300x163.jpg\" \/>\n<meta name=\"twitter:label1\" content=\"Dur\u00e9e de lecture estim\u00e9e\" \/>\n\t<meta name=\"twitter:data1\" content=\"3 minutes\" \/>\n<script type=\"application\/ld+json\" class=\"yoast-schema-graph\">{\"@context\":\"https:\/\/schema.org\",\"@graph\":[{\"@type\":\"WebPage\",\"@id\":\"https:\/\/luxury-rental-mc.com\/fr\/location-voiture-luxe\/barcelone\/\",\"url\":\"https:\/\/luxury-rental-mc.com\/fr\/location-voiture-luxe\/barcelone\/\",\"name\":\"Location de voiture Barcelone, voiture de luxe | LR MC\",\"isPartOf\":{\"@id\":\"https:\/\/luxury-rental-mc.com\/#website\"},\"datePublished\":\"2016-08-04T17:58:52+00:00\",\"dateModified\":\"2016-08-14T17:02:59+00:00\",\"description\":\"Barcelone est la capitale de la Catalogne et une ville tr\u00e8s visit\u00e9e pour son architecture, ses monuments et son mode de vie. Louer une voiture c'est facile!\",\"breadcrumb\":{\"@id\":\"https:\/\/luxury-rental-mc.com\/fr\/location-voiture-luxe\/barcelone\/#breadcrumb\"},\"inLanguage\":\"fr-FR\",\"potentialAction\":[{\"@type\":\"ReadAction\",\"target\":[\"https:\/\/luxury-rental-mc.com\/fr\/location-voiture-luxe\/barcelone\/\"]}]},{\"@type\":\"BreadcrumbList\",\"@id\":\"https:\/\/luxury-rental-mc.com\/fr\/location-voiture-luxe\/barcelone\/#breadcrumb\",\"itemListElement\":[{\"@type\":\"ListItem\",\"position\":1,\"name\":\"Accueil\",\"item\":\"https:\/\/luxury-rental-mc.com\/fr\/\"},{\"@type\":\"ListItem\",\"position\":2,\"name\":\"Location\",\"item\":\"https:\/\/luxury-rental-mc.com\/fr\/location-voiture-luxe\/\"},{\"@type\":\"ListItem\",\"position\":3,\"name\":\"Location Barcelone\"}]},{\"@type\":\"WebSite\",\"@id\":\"https:\/\/luxury-rental-mc.com\/#website\",\"url\":\"https:\/\/luxury-rental-mc.com\/\",\"name\":\"Luxury Car Rentals | Monaco, Nice, Cannes, Saint-Tropez\",\"description\":\"Rent the finest brands : Porsche, Ferrari, Lamborghini, Mercedes...\",\"potentialAction\":[{\"@type\":\"SearchAction\",\"target\":{\"@type\":\"EntryPoint\",\"urlTemplate\":\"https:\/\/luxury-rental-mc.com\/?s={search_term_string}\"},\"query-input\":\"required name=search_term_string\"}],\"inLanguage\":\"fr-FR\"}]}<\/script>\n<!-- \/ Yoast SEO plugin. -->","yoast_head_json":{"title":"Location de voiture Barcelone, voiture de luxe | LR MC","description":"Barcelone est la capitale de la Catalogne et une ville tr\u00e8s visit\u00e9e pour son architecture, ses monuments et son mode de vie. Louer une voiture c'est facile!","robots":{"index":"index","follow":"follow","max-snippet":"max-snippet:-1","max-image-preview":"max-image-preview:large","max-video-preview":"max-video-preview:-1"},"canonical":"https:\/\/luxury-rental-mc.com\/fr\/location-voiture-luxe\/barcelone\/","og_locale":"fr_FR","og_type":"article","og_title":"Location de voiture Barcelone, voiture de luxe | LR MC","og_description":"Barcelone est la capitale de la Catalogne et une ville tr\u00e8s visit\u00e9e pour son architecture, ses monuments et son mode de vie. Louer une voiture c'est facile!","og_url":"https:\/\/luxury-rental-mc.com\/fr\/location-voiture-luxe\/barcelone\/","og_site_name":"Luxury Car Rentals | Monaco, Nice, Cannes, Saint-Tropez","article_modified_time":"2016-08-14T17:02:59+00:00","og_image":[{"url":"https:\/\/luxury-rental-mc.com\/wp-content\/uploads\/2016\/08\/gaudi-1160379_960_720-300x163.jpg"}],"twitter_misc":{"Dur\u00e9e de lecture estim\u00e9e":"3 minutes"},"schema":{"@context":"https:\/\/schema.org","@graph":[{"@type":"WebPage","@id":"https:\/\/luxury-rental-mc.com\/fr\/location-voiture-luxe\/barcelone\/","url":"https:\/\/luxury-rental-mc.com\/fr\/location-voiture-luxe\/barcelone\/","name":"Location de voiture Barcelone, voiture de luxe | LR MC","isPartOf":{"@id":"https:\/\/luxury-rental-mc.com\/#website"},"datePublished":"2016-08-04T17:58:52+00:00","dateModified":"2016-08-14T17:02:59+00:00","description":"Barcelone est la capitale de la Catalogne et une ville tr\u00e8s visit\u00e9e pour son architecture, ses monuments et son mode de vie. Louer une voiture c'est facile!","breadcrumb":{"@id":"https:\/\/luxury-rental-mc.com\/fr\/location-voiture-luxe\/barcelone\/#breadcrumb"},"inLanguage":"fr-FR","potentialAction":[{"@type":"ReadAction","target":["https:\/\/luxury-rental-mc.com\/fr\/location-voiture-luxe\/barcelone\/"]}]},{"@type":"BreadcrumbList","@id":"https:\/\/luxury-rental-mc.com\/fr\/location-voiture-luxe\/barcelone\/#breadcrumb","itemListElement":[{"@type":"ListItem","position":1,"name":"Accueil","item":"https:\/\/luxury-rental-mc.com\/fr\/"},{"@type":"ListItem","position":2,"name":"Location","item":"https:\/\/luxury-rental-mc.com\/fr\/location-voiture-luxe\/"},{"@type":"ListItem","position":3,"name":"Location Barcelone"}]},{"@type":"WebSite","@id":"https:\/\/luxury-rental-mc.com\/#website","url":"https:\/\/luxury-rental-mc.com\/","name":"Luxury Car Rentals | Monaco, Nice, Cannes, Saint-Tropez","description":"Rent the finest brands : Porsche, Ferrari, Lamborghini, Mercedes...","potentialAction":[{"@type":"SearchAction","target":{"@type":"EntryPoint","urlTemplate":"https:\/\/luxury-rental-mc.com\/?s={search_term_string}"},"query-input":"required name=search_term_string"}],"inLanguage":"fr-FR"}]}},"_links":{"self":[{"href":"https:\/\/luxury-rental-mc.com\/fr\/wp-json\/wp\/v2\/pages\/8676\/"}],"collection":[{"href":"https:\/\/luxury-rental-mc.com\/fr\/wp-json\/wp\/v2\/pages\/"}],"about":[{"href":"https:\/\/luxury-rental-mc.com\/fr\/wp-json\/wp\/v2\/types\/page\/"}],"author":[{"embeddable":true,"href":"https:\/\/luxury-rental-mc.com\/fr\/wp-json\/wp\/v2\/users\/1\/"}],"replies":[{"embeddable":true,"href":"https:\/\/luxury-rental-mc.com\/fr\/wp-json\/wp\/v2\/comments\/?post=8676"}],"version-history":[{"count":10,"href":"https:\/\/luxury-rental-mc.com\/fr\/wp-json\/wp\/v2\/pages\/8676\/revisions\/"}],"predecessor-version":[{"id":9024,"href":"https:\/\/luxury-rental-mc.com\/fr\/wp-json\/wp\/v2\/pages\/8676\/revisions\/9024\/"}],"up":[{"embeddable":true,"href":"https:\/\/luxury-rental-mc.com\/fr\/wp-json\/wp\/v2\/pages\/8650\/"}],"wp:attachment":[{"href":"https:\/\/luxury-rental-mc.com\/fr\/wp-json\/wp\/v2\/media\/?parent=8676"}],"curies":[{"name":"wp","href":"https:\/\/api.w.org\/{rel}","templated":true}]}}