{"id":8678,"date":"2016-08-04T20:00:07","date_gmt":"2016-08-04T18:00:07","guid":{"rendered":"https:\/\/luxury-rental-mc.com\/fr\/?page_id=8678"},"modified":"2016-08-14T19:03:34","modified_gmt":"2016-08-14T17:03:34","slug":"milan","status":"publish","type":"page","link":"https:\/\/luxury-rental-mc.com\/fr\/location-voiture-luxe\/milan\/","title":{"rendered":"Location Milan"},"content":{"rendered":"<h1 style=\"text-align: justify;\">Voitures de location \u00e0 Milan<\/h1>\n<p>Milan est une ville se situant au nord de l\u2019Italie. Elle est la capitale de la <strong>Lombardie<\/strong>, une r\u00e9gion d\u2019Italie, ainsi que la capitale \u00e9conomique du pays.<\/p>\n<p style=\"text-align: justify;\">Milan est une ville moderne qui a su garder un charme gr\u00e2ce \u00e0 ses monuments grandioses. Une ville tr\u00e8s connue \u00e9galement pour la mode et ses nombreuses boutiques de luxe.<\/p>\n<h2 style=\"text-align: justify;\">Milan et ses lieux incontournables<\/h2>\n<p style=\"text-align: justify;\">Au c\u0153ur de la ville vous pourrez donc visiter la Cath\u00e9drale du Duomo qui est une merveille architecturale ainsi que sa place : la Piazza Duomo o\u00f9 se trouve la Galerie Vittorio Emmanuele II dans laquelle qui abrite les boutiques des plus prestigieux noms de la haute couture.<\/p>\n<p style=\"text-align: justify;\">D\u2019autres lieux incontournables sont \u00e0 visiter et c\u2019est gr\u00e2ce \u00e0 la soci\u00e9t\u00e9 <strong>Mc Luxury Rental Car<\/strong> que vous pourrez profiter de Milan. Nous sommes une soci\u00e9t\u00e9 de location de v\u00e9hicules de luxe. Vous po<img loading=\"lazy\" class=\"alignleft wp-image-8853\" src=\"https:\/\/luxury-rental-mc.com\/wp-content\/uploads\/2016\/08\/6772611083_773f3c44f6_b-300x200.jpg\" alt=\"location voiture milan\" width=\"381\" height=\"254\" srcset=\"https:\/\/luxury-rental-mc.com\/wp-content\/uploads\/2016\/08\/6772611083_773f3c44f6_b-300x200.jpg 300w, https:\/\/luxury-rental-mc.com\/wp-content\/uploads\/2016\/08\/6772611083_773f3c44f6_b-768x512.jpg 768w, https:\/\/luxury-rental-mc.com\/wp-content\/uploads\/2016\/08\/6772611083_773f3c44f6_b.jpg 1024w, https:\/\/luxury-rental-mc.com\/wp-content\/uploads\/2016\/08\/6772611083_773f3c44f6_b-150x100.jpg 150w, https:\/\/luxury-rental-mc.com\/wp-content\/uploads\/2016\/08\/6772611083_773f3c44f6_b-400x267.jpg 400w, https:\/\/luxury-rental-mc.com\/wp-content\/uploads\/2016\/08\/6772611083_773f3c44f6_b-800x534.jpg 800w, https:\/\/luxury-rental-mc.com\/wp-content\/uploads\/2016\/08\/6772611083_773f3c44f6_b-900x600.jpg 900w\" sizes=\"(max-width: 381px) 100vw, 381px\" \/>urrez donc louer une petite \u00a0voiture citadine pour arpenter les rues de Milan et faire votre shopping. La <strong>Mini Cooper<\/strong> d\u00e9capotable est parfaite pour les vacances d\u2019\u00e9t\u00e9, elle a un c\u00f4t\u00e9 tr\u00e8s authentique qui ira \u00e0 merveille avec l\u2019ambiance de la Dolce Vita. Nous pouvons \u00e9galement vous proposer des mod\u00e8les comme Audi ou Mercedes. Si vous \u00eates plus nombreux et pr\u00e9f\u00e9rez l\u2019espace nous vous offrons la possibilit\u00e9 de choisir diff\u00e9rentes berlines et limousines. Tr\u00e8s classe nous pouvons vous proposer les mod\u00e8les <strong>Rolls Royce<\/strong> qui se marient parfaitement avec l\u2019\u00e9l\u00e9gance italienne comme la Ghost ou Phantom. Les mod\u00e8les <strong>Mercedes<\/strong> que nous proposons sont \u00e9galement spacieux et luxueux. Certains mod\u00e8les sont \u00e9galement disponibles en cabriolet.<\/p>\n<h2 style=\"text-align: justify;\">Un s\u00e9jour parfait gr\u00e2ce \u00e0 Mc Luxury Rental Car<\/h2>\n<p>Nous vous offrons la possibilit\u00e9 de vous livrer la voiture o\u00f9 vous voulez. A votre domicile, \u00e0 votre h\u00f4tel, \u00e0 la gare de train ou encore \u00e0 l\u2019a\u00e9roport. Milan poss\u00e8de trois a\u00e9roports. Linate, Malpensa et Oria al Serio (Bergamo). Notre service vous garantie une livraison de votre <strong>v\u00e9hicule de location<\/strong> en moins d\u2019une heure. Par ailleurs, n\u2019\u00e9tant jamais \u00e0 l\u2019abris d\u2019un probl\u00e8me nous vous mettons \u00e0 disposition une assistance. Notre service est d\u2019une qualit\u00e9 irr\u00e9prochable gr\u00e2ce \u00e0 notre \u00e9quipe d\u2019experts pr\u00e9sents pour r\u00e9pondre \u00e0 toutes vos attentes.<\/p>\n<p style=\"text-align: justify;\">Vous pourrez \u00e9galement visiter<strong> le Th\u00e9\u00e2tre de la Scala<\/strong> dans son atmosph\u00e8re magique \u00e0 bord d\u2019un v\u00e9hicule de luxe comme une Ferrari ou une <strong>Lamborghini<\/strong> repr\u00e9sentant des marques italiennes. Divers mod\u00e8les sont \u00e0 votre disposition comme la 488 GTB, la Huracan, ou la Aventador dont certains mod\u00e8les en cabriolet pour profiter d\u2019un soleil estival.<\/p>\n<p style=\"text-align: justify;\">Milan c\u2019est aussi La \u00ab\u00a0C\u00e8ne\u00a0\u00bb de L\u00e9onard de Vinci, un chef d&rsquo;oeuvre exceptionnel situ\u00e9 dans un ancien couvent dominicain. Puis le Chateau Sforzesco, ses mus\u00e9es et son magnifique jardin en plein centre-ville ainsi que de nombreux mus\u00e9es \u00e0 visiter comme \u00a0la Brera, Science et Technologie, \u2026 et enfin le Stade San Siro, aussi connu comme temple du football ou encore la Scala del Calcio o\u00f9 vous pourrez assister \u00e0 des matchs en y allant \u00e0 plusieurs gr\u00e2ce \u00e0 nos 4&#215;4 \/ SUV de la marque Range Rover, BMW ou encore Audi. Les Range Rover Vogue, Sport et Authentique sont des mod\u00e8les spacieux avec un design carr\u00e9. Plut\u00f4t imposants ils sont d\u2019une qualit\u00e9 de conduite irr\u00e9prochable ainsi que leur habitacle tr\u00e8s moderne. Les 4&#215;4 <strong>BMW<\/strong> ont un design plus \u00e9lanc\u00e9 tout comme les 4&#215;4 Audi.<\/p>\n<p style=\"text-align: justify;\">Mc Luxury Rental Car est une soci\u00e9t\u00e9 de confiance qui fid\u00e9lise ses clients depuis plus de 7 ans gr\u00e2ce \u00e0 son professionnalisme et \u00e0 son large choix de location de v\u00e9hicule de luxe. Notre implantation et notre r\u00e9activit\u00e9 permettent de r\u00e9pondre \u00e0 vos crit\u00e8res gr\u00e2ce \u00e0 notre large choix de v\u00e9hicules d\u2019exceptions. \u00a0La r\u00e9activit\u00e9 est notre mot d\u2019ordre, notre service client\u00e8le est mis en place pour vous offrir la possibilit\u00e9 de profiter sans r\u00e9fl\u00e9chir.<\/p>\n<p style=\"text-align: justify;\">A bient\u00f4t chez Mc Luxury Rental Car.<\/p>\n<p style=\"text-align: justify;\"><img loading=\"lazy\" class=\"aligncenter wp-image-8855\" src=\"https:\/\/luxury-rental-mc.com\/wp-content\/uploads\/2016\/08\/city-centre-705879_960_720-300x199.jpg\" alt=\"louer voiture de luxe \u00e0 milan\" width=\"401\" height=\"266\" srcset=\"https:\/\/luxury-rental-mc.com\/wp-content\/uploads\/2016\/08\/city-centre-705879_960_720-300x199.jpg 300w, https:\/\/luxury-rental-mc.com\/wp-content\/uploads\/2016\/08\/city-centre-705879_960_720-768x510.jpg 768w, https:\/\/luxury-rental-mc.com\/wp-content\/uploads\/2016\/08\/city-centre-705879_960_720-150x100.jpg 150w, https:\/\/luxury-rental-mc.com\/wp-content\/uploads\/2016\/08\/city-centre-705879_960_720-400x265.jpg 400w, https:\/\/luxury-rental-mc.com\/wp-content\/uploads\/2016\/08\/city-centre-705879_960_720-800x531.jpg 800w, https:\/\/luxury-rental-mc.com\/wp-content\/uploads\/2016\/08\/city-centre-705879_960_720-900x600.jpg 900w, https:\/\/luxury-rental-mc.com\/wp-content\/uploads\/2016\/08\/city-centre-705879_960_720.jpg 960w\" sizes=\"(max-width: 401px) 100vw, 401px\" \/><\/p>\n<p><span style=\"text-decoration: underline;\"><strong>D\u00e9couvrez les autres villes :<\/strong><\/span><\/p>\n<ul>\n<li><a href=\"https:\/\/luxury-rental-mc.com\/fr\/location-voiture-luxe\/barcelone\">Location Barcelone<\/a><\/li>\n<li><a href=\"https:\/\/luxury-rental-mc.com\/fr\/location-voiture-luxe\/cannes\">Location Cannes<\/a><\/li>\n<li><a href=\"https:\/\/luxury-rental-mc.com\/fr\/location-voiture-luxe\/location-corse\">Location Corse<\/a><\/li>\n<li><a href=\"https:\/\/luxury-rental-mc.com\/fr\/location-voiture-luxe\/marbella\">Location Marbella<\/a><\/li>\n<li><a href=\"https:\/\/luxury-rental-mc.com\/fr\/location-voiture-luxe\/monaco\">Location Monaco<\/a><\/li>\n<li><a href=\"https:\/\/luxury-rental-mc.com\/fr\/location-voiture-luxe\/nice\">Location Nice<\/a><\/li>\n<li><a href=\"https:\/\/luxury-rental-mc.com\/fr\/location-voiture-luxe\/rome\">Location Rome<\/a><\/li>\n<li><a href=\"https:\/\/luxury-rental-mc.com\/fr\/location-voiture-luxe\/saint-tropez\">Location Saint Tropez<\/a><\/li>\n<li><a href=\"https:\/\/luxury-rental-mc.com\/fr\/location-voiture-luxe\/toulon\">Location Toulon<\/a><\/li>\n<\/ul>\n","protected":false},"excerpt":{"rendered":"<p>Voitures de location \u00e0 Milan Milan est une ville se situant au nord de l\u2019Italie. Elle est la capitale de la Lombardie, une r\u00e9gion d\u2019Italie, ainsi que la capitale \u00e9conomique du pays. Milan est une ville moderne qui a su garder un charme gr\u00e2ce \u00e0 ses monuments grandioses. Une ville tr\u00e8s connue \u00e9galement pour la [&hellip;]<\/p>\n","protected":false},"author":1,"featured_media":0,"parent":8650,"menu_order":0,"comment_status":"closed","ping_status":"closed","template":"","meta":{"_monsterinsights_skip_tracking":false,"_monsterinsights_sitenote_active":false,"_monsterinsights_sitenote_note":"","_monsterinsights_sitenote_category":0},"yoast_head":"<!-- This site is optimized with the Yoast SEO plugin v20.3 - https:\/\/yoast.com\/wordpress\/plugins\/seo\/ -->\n<title>Location \u00e0 Milan, louez une voiture de luxe | LR MC<\/title>\n<meta name=\"description\" content=\"Milan est connue pour \u00eatre la capitale de la mode. Vous pouvez louer une voiture de luxe afin de visiter la ville et de faire votre shopping.\" \/>\n<meta name=\"robots\" content=\"index, follow, max-snippet:-1, max-image-preview:large, max-video-preview:-1\" \/>\n<link rel=\"canonical\" href=\"https:\/\/luxury-rental-mc.com\/fr\/location-voiture-luxe\/milan\/\" \/>\n<meta property=\"og:locale\" content=\"fr_FR\" \/>\n<meta property=\"og:type\" content=\"article\" \/>\n<meta property=\"og:title\" content=\"Location \u00e0 Milan, louez une voiture de luxe | LR MC\" \/>\n<meta property=\"og:description\" content=\"Milan est connue pour \u00eatre la capitale de la mode. Vous pouvez louer une voiture de luxe afin de visiter la ville et de faire votre shopping.\" \/>\n<meta property=\"og:url\" content=\"https:\/\/luxury-rental-mc.com\/fr\/location-voiture-luxe\/milan\/\" \/>\n<meta property=\"og:site_name\" content=\"Luxury Car Rentals | Monaco, Nice, Cannes, Saint-Tropez\" \/>\n<meta property=\"article:modified_time\" content=\"2016-08-14T17:03:34+00:00\" \/>\n<meta property=\"og:image\" content=\"https:\/\/luxury-rental-mc.com\/wp-content\/uploads\/2016\/08\/6772611083_773f3c44f6_b-300x200.jpg\" \/>\n<meta name=\"twitter:label1\" content=\"Dur\u00e9e de lecture estim\u00e9e\" \/>\n\t<meta name=\"twitter:data1\" content=\"4 minutes\" \/>\n<script type=\"application\/ld+json\" class=\"yoast-schema-graph\">{\"@context\":\"https:\/\/schema.org\",\"@graph\":[{\"@type\":\"WebPage\",\"@id\":\"https:\/\/luxury-rental-mc.com\/fr\/location-voiture-luxe\/milan\/\",\"url\":\"https:\/\/luxury-rental-mc.com\/fr\/location-voiture-luxe\/milan\/\",\"name\":\"Location \u00e0 Milan, louez une voiture de luxe | LR MC\",\"isPartOf\":{\"@id\":\"https:\/\/luxury-rental-mc.com\/#website\"},\"datePublished\":\"2016-08-04T18:00:07+00:00\",\"dateModified\":\"2016-08-14T17:03:34+00:00\",\"description\":\"Milan est connue pour \u00eatre la capitale de la mode. Vous pouvez louer une voiture de luxe afin de visiter la ville et de faire votre shopping.\",\"breadcrumb\":{\"@id\":\"https:\/\/luxury-rental-mc.com\/fr\/location-voiture-luxe\/milan\/#breadcrumb\"},\"inLanguage\":\"fr-FR\",\"potentialAction\":[{\"@type\":\"ReadAction\",\"target\":[\"https:\/\/luxury-rental-mc.com\/fr\/location-voiture-luxe\/milan\/\"]}]},{\"@type\":\"BreadcrumbList\",\"@id\":\"https:\/\/luxury-rental-mc.com\/fr\/location-voiture-luxe\/milan\/#breadcrumb\",\"itemListElement\":[{\"@type\":\"ListItem\",\"position\":1,\"name\":\"Accueil\",\"item\":\"https:\/\/luxury-rental-mc.com\/fr\/\"},{\"@type\":\"ListItem\",\"position\":2,\"name\":\"Location\",\"item\":\"https:\/\/luxury-rental-mc.com\/fr\/location-voiture-luxe\/\"},{\"@type\":\"ListItem\",\"position\":3,\"name\":\"Location Milan\"}]},{\"@type\":\"WebSite\",\"@id\":\"https:\/\/luxury-rental-mc.com\/#website\",\"url\":\"https:\/\/luxury-rental-mc.com\/\",\"name\":\"Luxury Car Rentals | Monaco, Nice, Cannes, Saint-Tropez\",\"description\":\"Rent the finest brands : Porsche, Ferrari, Lamborghini, Mercedes...\",\"potentialAction\":[{\"@type\":\"SearchAction\",\"target\":{\"@type\":\"EntryPoint\",\"urlTemplate\":\"https:\/\/luxury-rental-mc.com\/?s={search_term_string}\"},\"query-input\":\"required name=search_term_string\"}],\"inLanguage\":\"fr-FR\"}]}<\/script>\n<!-- \/ Yoast SEO plugin. -->","yoast_head_json":{"title":"Location \u00e0 Milan, louez une voiture de luxe | LR MC","description":"Milan est connue pour \u00eatre la capitale de la mode. Vous pouvez louer une voiture de luxe afin de visiter la ville et de faire votre shopping.","robots":{"index":"index","follow":"follow","max-snippet":"max-snippet:-1","max-image-preview":"max-image-preview:large","max-video-preview":"max-video-preview:-1"},"canonical":"https:\/\/luxury-rental-mc.com\/fr\/location-voiture-luxe\/milan\/","og_locale":"fr_FR","og_type":"article","og_title":"Location \u00e0 Milan, louez une voiture de luxe | LR MC","og_description":"Milan est connue pour \u00eatre la capitale de la mode. Vous pouvez louer une voiture de luxe afin de visiter la ville et de faire votre shopping.","og_url":"https:\/\/luxury-rental-mc.com\/fr\/location-voiture-luxe\/milan\/","og_site_name":"Luxury Car Rentals | Monaco, Nice, Cannes, Saint-Tropez","article_modified_time":"2016-08-14T17:03:34+00:00","og_image":[{"url":"https:\/\/luxury-rental-mc.com\/wp-content\/uploads\/2016\/08\/6772611083_773f3c44f6_b-300x200.jpg"}],"twitter_misc":{"Dur\u00e9e de lecture estim\u00e9e":"4 minutes"},"schema":{"@context":"https:\/\/schema.org","@graph":[{"@type":"WebPage","@id":"https:\/\/luxury-rental-mc.com\/fr\/location-voiture-luxe\/milan\/","url":"https:\/\/luxury-rental-mc.com\/fr\/location-voiture-luxe\/milan\/","name":"Location \u00e0 Milan, louez une voiture de luxe | LR MC","isPartOf":{"@id":"https:\/\/luxury-rental-mc.com\/#website"},"datePublished":"2016-08-04T18:00:07+00:00","dateModified":"2016-08-14T17:03:34+00:00","description":"Milan est connue pour \u00eatre la capitale de la mode. Vous pouvez louer une voiture de luxe afin de visiter la ville et de faire votre shopping.","breadcrumb":{"@id":"https:\/\/luxury-rental-mc.com\/fr\/location-voiture-luxe\/milan\/#breadcrumb"},"inLanguage":"fr-FR","potentialAction":[{"@type":"ReadAction","target":["https:\/\/luxury-rental-mc.com\/fr\/location-voiture-luxe\/milan\/"]}]},{"@type":"BreadcrumbList","@id":"https:\/\/luxury-rental-mc.com\/fr\/location-voiture-luxe\/milan\/#breadcrumb","itemListElement":[{"@type":"ListItem","position":1,"name":"Accueil","item":"https:\/\/luxury-rental-mc.com\/fr\/"},{"@type":"ListItem","position":2,"name":"Location","item":"https:\/\/luxury-rental-mc.com\/fr\/location-voiture-luxe\/"},{"@type":"ListItem","position":3,"name":"Location Milan"}]},{"@type":"WebSite","@id":"https:\/\/luxury-rental-mc.com\/#website","url":"https:\/\/luxury-rental-mc.com\/","name":"Luxury Car Rentals | Monaco, Nice, Cannes, Saint-Tropez","description":"Rent the finest brands : Porsche, Ferrari, Lamborghini, Mercedes...","potentialAction":[{"@type":"SearchAction","target":{"@type":"EntryPoint","urlTemplate":"https:\/\/luxury-rental-mc.com\/?s={search_term_string}"},"query-input":"required name=search_term_string"}],"inLanguage":"fr-FR"}]}},"_links":{"self":[{"href":"https:\/\/luxury-rental-mc.com\/fr\/wp-json\/wp\/v2\/pages\/8678\/"}],"collection":[{"href":"https:\/\/luxury-rental-mc.com\/fr\/wp-json\/wp\/v2\/pages\/"}],"about":[{"href":"https:\/\/luxury-rental-mc.com\/fr\/wp-json\/wp\/v2\/types\/page\/"}],"author":[{"embeddable":true,"href":"https:\/\/luxury-rental-mc.com\/fr\/wp-json\/wp\/v2\/users\/1\/"}],"replies":[{"embeddable":true,"href":"https:\/\/luxury-rental-mc.com\/fr\/wp-json\/wp\/v2\/comments\/?post=8678"}],"version-history":[{"count":6,"href":"https:\/\/luxury-rental-mc.com\/fr\/wp-json\/wp\/v2\/pages\/8678\/revisions\/"}],"predecessor-version":[{"id":9027,"href":"https:\/\/luxury-rental-mc.com\/fr\/wp-json\/wp\/v2\/pages\/8678\/revisions\/9027\/"}],"up":[{"embeddable":true,"href":"https:\/\/luxury-rental-mc.com\/fr\/wp-json\/wp\/v2\/pages\/8650\/"}],"wp:attachment":[{"href":"https:\/\/luxury-rental-mc.com\/fr\/wp-json\/wp\/v2\/media\/?parent=8678"}],"curies":[{"name":"wp","href":"https:\/\/api.w.org\/{rel}","templated":true}]}}