{"id":8683,"date":"2016-08-04T20:03:23","date_gmt":"2016-08-04T18:03:23","guid":{"rendered":"https:\/\/luxury-rental-mc.com\/fr\/?page_id=8683"},"modified":"2016-08-14T19:04:14","modified_gmt":"2016-08-14T17:04:14","slug":"rome","status":"publish","type":"page","link":"https:\/\/luxury-rental-mc.com\/fr\/location-voiture-luxe\/rome\/","title":{"rendered":"Location Rome"},"content":{"rendered":"<h1>Location \u00e0 Rome<\/h1>\n<p style=\"text-align: justify;\">Rome est une ville d\u2019Italie connue mondialement pour ses nombreux monuments antiques, son histoire et sa culture. La ville est aussi tr\u00e8s c\u00e9l\u00e8bre gr\u00e2ce au charme et \u00e0 la beaut\u00e9 de ses nombreuses places repr\u00e9sentant des lieux de rencontre et de d\u00e9tente.<\/p>\n<h2 style=\"text-align: justify;\">Rome : l\u2019incontournable<\/h2>\n<p style=\"text-align: justify;\">Rome est une ville magnifique o\u00f9 de nombreux monuments sont \u00e0 visiter. Tout d\u2019abord le plus connu : le <strong>Vatican<\/strong>, site incontournable o\u00f9 vit le Pape. Un lieu d\u2019une architecture splendide. En suite les sites des ruines antiques comme le <strong>Colis\u00e9e<\/strong>, le <strong>Panth\u00e9on<\/strong>, les Thermes de Caracalla, les Catacombes, etc. Ces lieux repr\u00e9sentent des si\u00e8cles d\u2019histoire.<img loading=\"lazy\" class=\"aligncenter wp-image-8899\" src=\"https:\/\/luxury-rental-mc.com\/wp-content\/uploads\/2016\/08\/rome-971425_960_720-300x200.jpg\" alt=\"louer voiture \u00e0 rome\" width=\"374\" height=\"249\" srcset=\"https:\/\/luxury-rental-mc.com\/wp-content\/uploads\/2016\/08\/rome-971425_960_720-300x200.jpg 300w, https:\/\/luxury-rental-mc.com\/wp-content\/uploads\/2016\/08\/rome-971425_960_720-768x512.jpg 768w, https:\/\/luxury-rental-mc.com\/wp-content\/uploads\/2016\/08\/rome-971425_960_720-150x100.jpg 150w, https:\/\/luxury-rental-mc.com\/wp-content\/uploads\/2016\/08\/rome-971425_960_720-400x267.jpg 400w, https:\/\/luxury-rental-mc.com\/wp-content\/uploads\/2016\/08\/rome-971425_960_720-800x533.jpg 800w, https:\/\/luxury-rental-mc.com\/wp-content\/uploads\/2016\/08\/rome-971425_960_720-900x600.jpg 900w, https:\/\/luxury-rental-mc.com\/wp-content\/uploads\/2016\/08\/rome-971425_960_720.jpg 960w\" sizes=\"(max-width: 374px) 100vw, 374px\" \/><\/p>\n<p style=\"text-align: justify;\">Rome vous offrira \u00e9galement la possibilit\u00e9 de profiter d\u2019un moment de d\u00e9tente tout en admirant la beaut\u00e9 d\u2019un lieu, d\u2019une architecture comme sur la place Saint Pierre, la place de la Colonne, \u00a0la Fontaine de Trevi, etc.<\/p>\n<p style=\"text-align: justify;\"><img loading=\"lazy\" class=\"alignnone wp-image-8891\" src=\"https:\/\/luxury-rental-mc.com\/wp-content\/uploads\/2016\/08\/Capture-d\u2019\u00e9cran-2016-07-29-\u00e0-16.19.26-300x197.png\" alt=\"location voiture de luxe rome\" width=\"388\" height=\"255\" srcset=\"https:\/\/luxury-rental-mc.com\/wp-content\/uploads\/2016\/08\/Capture-d\u2019\u00e9cran-2016-07-29-\u00e0-16.19.26-300x197.png 300w, https:\/\/luxury-rental-mc.com\/wp-content\/uploads\/2016\/08\/Capture-d\u2019\u00e9cran-2016-07-29-\u00e0-16.19.26-768x506.png 768w, https:\/\/luxury-rental-mc.com\/wp-content\/uploads\/2016\/08\/Capture-d\u2019\u00e9cran-2016-07-29-\u00e0-16.19.26-150x100.png 150w, https:\/\/luxury-rental-mc.com\/wp-content\/uploads\/2016\/08\/Capture-d\u2019\u00e9cran-2016-07-29-\u00e0-16.19.26-400x263.png 400w, https:\/\/luxury-rental-mc.com\/wp-content\/uploads\/2016\/08\/Capture-d\u2019\u00e9cran-2016-07-29-\u00e0-16.19.26.png 790w\" sizes=\"(max-width: 388px) 100vw, 388px\" \/>\u00a0 \u00a0 \u00a0 \u00a0 \u00a0 <img loading=\"lazy\" class=\"alignnone wp-image-8897\" src=\"https:\/\/luxury-rental-mc.com\/wp-content\/uploads\/2016\/08\/rome-537939_960_720-300x199.jpg\" alt=\"voiture de luxe \u00e0 rome\" width=\"389\" height=\"258\" srcset=\"https:\/\/luxury-rental-mc.com\/wp-content\/uploads\/2016\/08\/rome-537939_960_720-300x199.jpg 300w, https:\/\/luxury-rental-mc.com\/wp-content\/uploads\/2016\/08\/rome-537939_960_720-768x510.jpg 768w, https:\/\/luxury-rental-mc.com\/wp-content\/uploads\/2016\/08\/rome-537939_960_720-150x100.jpg 150w, https:\/\/luxury-rental-mc.com\/wp-content\/uploads\/2016\/08\/rome-537939_960_720-400x265.jpg 400w, https:\/\/luxury-rental-mc.com\/wp-content\/uploads\/2016\/08\/rome-537939_960_720-800x531.jpg 800w, https:\/\/luxury-rental-mc.com\/wp-content\/uploads\/2016\/08\/rome-537939_960_720-900x600.jpg 900w, https:\/\/luxury-rental-mc.com\/wp-content\/uploads\/2016\/08\/rome-537939_960_720.jpg 960w\" sizes=\"(max-width: 389px) 100vw, 389px\" \/><\/p>\n<p style=\"text-align: justify;\">Pour faciliter votre acc\u00e8s \u00e0 Rome la soci\u00e9t\u00e9 Mc Luxury Rental Car est \u00e9galement implant\u00e9e \u00e0 Rome et vous permettra de <strong>louer une voiture<\/strong> en moins d\u2019une heure. \u00a0Rome est une ville dans laquelle vous pourrez profiter d\u2019une petite voiture citadine tel qu\u2019une Audi A1, une Mini Cooper, ou une petite BMW s\u00e9rie 1. Si vous \u00eates en famille nous pouvons \u00e9galement vous proposer des 4&#215;4 ou des berlines comme le BMW x5, ou la modernit\u00e9 des Range Rover Vogue, Sport, ou enfin l\u2019agilit\u00e9 des Audi. A l\u2019inverse des 4&#215;4 les berlines de luxe que nous vous proposons ont un design \u00e9lanc\u00e9 et \u00e9l\u00e9gant. \u00a0Vous pourrez trouver votre bonheur parmi les <strong>Rolls Royce<\/strong>, Ghost, Phantom, Drophead ou encore les Mercedes, \u00a0les Audi, ou BMW.<\/p>\n<p style=\"text-align: justify;\">Les alentours de Rome sont \u00e9galement des lieux \u00e0 visiter et pour lesquels vous aurez besoin d\u2019une voiture. Gr\u00e2ce \u00e0 nos marques de voiture vous pourrez conduire en toute s\u00e9curit\u00e9 et de mani\u00e8re sereine vers Tivoli ou la R\u00e9gion des Lacs. \u00a0Tivoli est un lieu de repos total entour\u00e9 de verdure, la R\u00e9gion des Lacs vous permettra de faire de nombreuses balades et de vous \u00e9loigner \u00a0de la ville l\u2019espace d\u2019un instant. Ostia Antica sur la c\u00f4te, \u00e0 20 kms de Rome, vous pr\u00e9sentera des ruines de l\u2019ancienne cit\u00e9e portuaire.<\/p>\n<p style=\"text-align: justify;\">Ces visites vous seront encore plus agr\u00e9ables en famille \u00e0 bord d\u2019un 4&#215;4 propos\u00e9 par notre soci\u00e9t\u00e9. Un <strong>Range Rover<\/strong> pour sa sportivit\u00e9, un <strong>BMW<\/strong> x5 pour son \u00e9l\u00e9gance, ou encore un Audi pour son dynamisme.<\/p>\n<h2 style=\"text-align: justify;\">Un service de qualit\u00e9 pour votre s\u00e9jour<\/h2>\n<p style=\"text-align: justify;\">Depuis l\u2019a\u00e9roport de Fiumicino vous pourrez plus simplement acc\u00e9der \u00e0 votre h\u00f4tel gr\u00e2ce \u00e0 la location d\u2019un v\u00e9hicule. La soci\u00e9t\u00e9 <strong>Mc Luxury Rental Car<\/strong> vous met \u00e0 disposition un v\u00e9hicule dans l\u2019heure o\u00f9 que vous soyez. Mais aussi depuis la gare \u00a0de train Termini, gare principale de Rome.<img loading=\"lazy\" class=\"aligncenter wp-image-8895\" src=\"https:\/\/luxury-rental-mc.com\/wp-content\/uploads\/2016\/08\/Locations-vacances-Rome-Felici_15-300x225.jpg\" alt=\"louer voiture vatican\" width=\"358\" height=\"269\" srcset=\"https:\/\/luxury-rental-mc.com\/wp-content\/uploads\/2016\/08\/Locations-vacances-Rome-Felici_15-300x225.jpg 300w, https:\/\/luxury-rental-mc.com\/wp-content\/uploads\/2016\/08\/Locations-vacances-Rome-Felici_15-768x576.jpg 768w, https:\/\/luxury-rental-mc.com\/wp-content\/uploads\/2016\/08\/Locations-vacances-Rome-Felici_15-400x300.jpg 400w, https:\/\/luxury-rental-mc.com\/wp-content\/uploads\/2016\/08\/Locations-vacances-Rome-Felici_15.jpg 800w\" sizes=\"(max-width: 358px) 100vw, 358px\" \/><\/p>\n<p style=\"text-align: justify;\">Notre soci\u00e9t\u00e9 est implant\u00e9e en Italie et notamment \u00e0 Milan. C\u2019est gr\u00e2ce \u00e0 nos 7 ann\u00e9es d\u2019exp\u00e9riences que nous continuons de fid\u00e9liser nos clients. Une \u00e9quipe d\u2019experts est \u00e0 votre disposition pour r\u00e9pondre \u00e0 vos questions, vos attentes, et trouver la meilleure location pour vous et vos besoins.<\/p>\n<p style=\"text-align: justify;\">Notre mot d\u2019ordre est la r\u00e9activit\u00e9. Nous souhaitons vous offrir un service unique et irr\u00e9prochable. N\u2019\u00e9tant jamais \u00e0 l\u2019abri d\u2019un probl\u00e8me Mc Luxury Rental Car met \u00e0 votre disposition une assistance.<img loading=\"lazy\" class=\" wp-image-8893 aligncenter\" src=\"https:\/\/luxury-rental-mc.com\/wp-content\/uploads\/2016\/08\/Capture-d\u2019\u00e9cran-2016-07-29-\u00e0-16.21.04-300x205.png\" alt=\"Capture d\u2019\u00e9cran 2016-07-29 \u00e0 16.21.04\" width=\"391\" height=\"267\" srcset=\"https:\/\/luxury-rental-mc.com\/wp-content\/uploads\/2016\/08\/Capture-d\u2019\u00e9cran-2016-07-29-\u00e0-16.21.04-300x205.png 300w, https:\/\/luxury-rental-mc.com\/wp-content\/uploads\/2016\/08\/Capture-d\u2019\u00e9cran-2016-07-29-\u00e0-16.21.04-400x273.png 400w, https:\/\/luxury-rental-mc.com\/wp-content\/uploads\/2016\/08\/Capture-d\u2019\u00e9cran-2016-07-29-\u00e0-16.21.04.png 652w\" sizes=\"(max-width: 391px) 100vw, 391px\" \/><\/p>\n<p style=\"text-align: justify;\">Pour rendre votre s\u00e9jour encore plus fun nous vous proposons de <strong>louer<\/strong> des mod\u00e8les sport disponibles avec les marques <strong>Ferrari<\/strong>, Lamborghini, <strong>Bugatti<\/strong>, ou encore Audi.<\/p>\n<p style=\"text-align: justify;\">La Dolce Vita peut se vivre le temps d\u2019un court s\u00e9jour dans une <strong>Lamborghini<\/strong> Aventador Spider qui vous permettra de profiter de la ville les cheveux au vent sous un soleil radieux ou encore une balade dans les alentours \u00e0 bord d\u2019une \u00e9l\u00e9gante et sportive <strong>Audi<\/strong> R8. Une exp\u00e9rience sportive et unique que vous vivrez gr\u00e2ce \u00e0 la soci\u00e9t\u00e9 Mc Luxury Rental Car.<\/p>\n<p style=\"text-align: justify;\">Ne r\u00e9fl\u00e9chissez plus, contactez nous !<\/p>\n<p><span style=\"text-decoration: underline;\"><strong>D\u00e9couvrez les autres villes :<\/strong><\/span><\/p>\n<ul>\n<li><a href=\"https:\/\/luxury-rental-mc.com\/fr\/location-voiture-luxe\/barcelone\">Location Barcelone<\/a><\/li>\n<li><a href=\"https:\/\/luxury-rental-mc.com\/fr\/location-voiture-luxe\/cannes\">Location Cannes<\/a><\/li>\n<li><a href=\"https:\/\/luxury-rental-mc.com\/fr\/location-voiture-luxe\/location-corse\">Location Corse<\/a><\/li>\n<li><a href=\"https:\/\/luxury-rental-mc.com\/fr\/location-voiture-luxe\/marbella\">Location Marbella<\/a><\/li>\n<li><a href=\"https:\/\/luxury-rental-mc.com\/fr\/location-voiture-luxe\/milan\">Location Milan<\/a><\/li>\n<li><a href=\"https:\/\/luxury-rental-mc.com\/fr\/location-voiture-luxe\/monaco\">Location Monaco<\/a><\/li>\n<li><a href=\"https:\/\/luxury-rental-mc.com\/fr\/location-voiture-luxe\/nice\">Location Nice<\/a><\/li>\n<li><a href=\"https:\/\/luxury-rental-mc.com\/fr\/location-voiture-luxe\/saint-tropez\">Location Saint Tropez<\/a><\/li>\n<li><a href=\"https:\/\/luxury-rental-mc.com\/fr\/location-voiture-luxe\/toulon\">Location Toulon<\/a><\/li>\n<\/ul>\n<p style=\"text-align: justify;\">\n","protected":false},"excerpt":{"rendered":"<p>Location \u00e0 Rome Rome est une ville d\u2019Italie connue mondialement pour ses nombreux monuments antiques, son histoire et sa culture. La ville est aussi tr\u00e8s c\u00e9l\u00e8bre gr\u00e2ce au charme et \u00e0 la beaut\u00e9 de ses nombreuses places repr\u00e9sentant des lieux de rencontre et de d\u00e9tente. Rome : l\u2019incontournable Rome est une ville magnifique o\u00f9 de [&hellip;]<\/p>\n","protected":false},"author":1,"featured_media":0,"parent":8650,"menu_order":0,"comment_status":"closed","ping_status":"closed","template":"","meta":{"_monsterinsights_skip_tracking":false,"_monsterinsights_sitenote_active":false,"_monsterinsights_sitenote_note":"","_monsterinsights_sitenote_category":0},"yoast_head":"<!-- This site is optimized with the Yoast SEO plugin v20.3 - https:\/\/yoast.com\/wordpress\/plugins\/seo\/ -->\n<title>Location de voiture \u00e0 Rome, voitures de luxe | LR MC<\/title>\n<meta name=\"description\" content=\"Rome est une ville connue d&#039;Italie de par son histoire et pour h\u00e9berger le Pape dans le Vatican. Vous pouvez louer une voiture et visiter la ville ici.\" \/>\n<meta name=\"robots\" content=\"index, follow, max-snippet:-1, max-image-preview:large, max-video-preview:-1\" \/>\n<link rel=\"canonical\" href=\"https:\/\/luxury-rental-mc.com\/fr\/location-voiture-luxe\/rome\/\" \/>\n<meta property=\"og:locale\" content=\"fr_FR\" \/>\n<meta property=\"og:type\" content=\"article\" \/>\n<meta property=\"og:title\" content=\"Location de voiture \u00e0 Rome, voitures de luxe | LR MC\" \/>\n<meta property=\"og:description\" content=\"Rome est une ville connue d&#039;Italie de par son histoire et pour h\u00e9berger le Pape dans le Vatican. Vous pouvez louer une voiture et visiter la ville ici.\" \/>\n<meta property=\"og:url\" content=\"https:\/\/luxury-rental-mc.com\/fr\/location-voiture-luxe\/rome\/\" \/>\n<meta property=\"og:site_name\" content=\"Luxury Car Rentals | Monaco, Nice, Cannes, Saint-Tropez\" \/>\n<meta property=\"article:modified_time\" content=\"2016-08-14T17:04:14+00:00\" \/>\n<meta property=\"og:image\" content=\"https:\/\/luxury-rental-mc.com\/wp-content\/uploads\/2016\/08\/rome-971425_960_720-300x200.jpg\" \/>\n<meta name=\"twitter:label1\" content=\"Dur\u00e9e de lecture estim\u00e9e\" \/>\n\t<meta name=\"twitter:data1\" content=\"4 minutes\" \/>\n<script type=\"application\/ld+json\" class=\"yoast-schema-graph\">{\"@context\":\"https:\/\/schema.org\",\"@graph\":[{\"@type\":\"WebPage\",\"@id\":\"https:\/\/luxury-rental-mc.com\/fr\/location-voiture-luxe\/rome\/\",\"url\":\"https:\/\/luxury-rental-mc.com\/fr\/location-voiture-luxe\/rome\/\",\"name\":\"Location de voiture \u00e0 Rome, voitures de luxe | LR MC\",\"isPartOf\":{\"@id\":\"https:\/\/luxury-rental-mc.com\/#website\"},\"datePublished\":\"2016-08-04T18:03:23+00:00\",\"dateModified\":\"2016-08-14T17:04:14+00:00\",\"description\":\"Rome est une ville connue d'Italie de par son histoire et pour h\u00e9berger le Pape dans le Vatican. Vous pouvez louer une voiture et visiter la ville ici.\",\"breadcrumb\":{\"@id\":\"https:\/\/luxury-rental-mc.com\/fr\/location-voiture-luxe\/rome\/#breadcrumb\"},\"inLanguage\":\"fr-FR\",\"potentialAction\":[{\"@type\":\"ReadAction\",\"target\":[\"https:\/\/luxury-rental-mc.com\/fr\/location-voiture-luxe\/rome\/\"]}]},{\"@type\":\"BreadcrumbList\",\"@id\":\"https:\/\/luxury-rental-mc.com\/fr\/location-voiture-luxe\/rome\/#breadcrumb\",\"itemListElement\":[{\"@type\":\"ListItem\",\"position\":1,\"name\":\"Accueil\",\"item\":\"https:\/\/luxury-rental-mc.com\/fr\/\"},{\"@type\":\"ListItem\",\"position\":2,\"name\":\"Location\",\"item\":\"https:\/\/luxury-rental-mc.com\/fr\/location-voiture-luxe\/\"},{\"@type\":\"ListItem\",\"position\":3,\"name\":\"Location Rome\"}]},{\"@type\":\"WebSite\",\"@id\":\"https:\/\/luxury-rental-mc.com\/#website\",\"url\":\"https:\/\/luxury-rental-mc.com\/\",\"name\":\"Luxury Car Rentals | Monaco, Nice, Cannes, Saint-Tropez\",\"description\":\"Rent the finest brands : Porsche, Ferrari, Lamborghini, Mercedes...\",\"potentialAction\":[{\"@type\":\"SearchAction\",\"target\":{\"@type\":\"EntryPoint\",\"urlTemplate\":\"https:\/\/luxury-rental-mc.com\/?s={search_term_string}\"},\"query-input\":\"required name=search_term_string\"}],\"inLanguage\":\"fr-FR\"}]}<\/script>\n<!-- \/ Yoast SEO plugin. -->","yoast_head_json":{"title":"Location de voiture \u00e0 Rome, voitures de luxe | LR MC","description":"Rome est une ville connue d'Italie de par son histoire et pour h\u00e9berger le Pape dans le Vatican. Vous pouvez louer une voiture et visiter la ville ici.","robots":{"index":"index","follow":"follow","max-snippet":"max-snippet:-1","max-image-preview":"max-image-preview:large","max-video-preview":"max-video-preview:-1"},"canonical":"https:\/\/luxury-rental-mc.com\/fr\/location-voiture-luxe\/rome\/","og_locale":"fr_FR","og_type":"article","og_title":"Location de voiture \u00e0 Rome, voitures de luxe | LR MC","og_description":"Rome est une ville connue d'Italie de par son histoire et pour h\u00e9berger le Pape dans le Vatican. Vous pouvez louer une voiture et visiter la ville ici.","og_url":"https:\/\/luxury-rental-mc.com\/fr\/location-voiture-luxe\/rome\/","og_site_name":"Luxury Car Rentals | Monaco, Nice, Cannes, Saint-Tropez","article_modified_time":"2016-08-14T17:04:14+00:00","og_image":[{"url":"https:\/\/luxury-rental-mc.com\/wp-content\/uploads\/2016\/08\/rome-971425_960_720-300x200.jpg"}],"twitter_misc":{"Dur\u00e9e de lecture estim\u00e9e":"4 minutes"},"schema":{"@context":"https:\/\/schema.org","@graph":[{"@type":"WebPage","@id":"https:\/\/luxury-rental-mc.com\/fr\/location-voiture-luxe\/rome\/","url":"https:\/\/luxury-rental-mc.com\/fr\/location-voiture-luxe\/rome\/","name":"Location de voiture \u00e0 Rome, voitures de luxe | LR MC","isPartOf":{"@id":"https:\/\/luxury-rental-mc.com\/#website"},"datePublished":"2016-08-04T18:03:23+00:00","dateModified":"2016-08-14T17:04:14+00:00","description":"Rome est une ville connue d'Italie de par son histoire et pour h\u00e9berger le Pape dans le Vatican. Vous pouvez louer une voiture et visiter la ville ici.","breadcrumb":{"@id":"https:\/\/luxury-rental-mc.com\/fr\/location-voiture-luxe\/rome\/#breadcrumb"},"inLanguage":"fr-FR","potentialAction":[{"@type":"ReadAction","target":["https:\/\/luxury-rental-mc.com\/fr\/location-voiture-luxe\/rome\/"]}]},{"@type":"BreadcrumbList","@id":"https:\/\/luxury-rental-mc.com\/fr\/location-voiture-luxe\/rome\/#breadcrumb","itemListElement":[{"@type":"ListItem","position":1,"name":"Accueil","item":"https:\/\/luxury-rental-mc.com\/fr\/"},{"@type":"ListItem","position":2,"name":"Location","item":"https:\/\/luxury-rental-mc.com\/fr\/location-voiture-luxe\/"},{"@type":"ListItem","position":3,"name":"Location Rome"}]},{"@type":"WebSite","@id":"https:\/\/luxury-rental-mc.com\/#website","url":"https:\/\/luxury-rental-mc.com\/","name":"Luxury Car Rentals | Monaco, Nice, Cannes, Saint-Tropez","description":"Rent the finest brands : Porsche, Ferrari, Lamborghini, Mercedes...","potentialAction":[{"@type":"SearchAction","target":{"@type":"EntryPoint","urlTemplate":"https:\/\/luxury-rental-mc.com\/?s={search_term_string}"},"query-input":"required name=search_term_string"}],"inLanguage":"fr-FR"}]}},"_links":{"self":[{"href":"https:\/\/luxury-rental-mc.com\/fr\/wp-json\/wp\/v2\/pages\/8683\/"}],"collection":[{"href":"https:\/\/luxury-rental-mc.com\/fr\/wp-json\/wp\/v2\/pages\/"}],"about":[{"href":"https:\/\/luxury-rental-mc.com\/fr\/wp-json\/wp\/v2\/types\/page\/"}],"author":[{"embeddable":true,"href":"https:\/\/luxury-rental-mc.com\/fr\/wp-json\/wp\/v2\/users\/1\/"}],"replies":[{"embeddable":true,"href":"https:\/\/luxury-rental-mc.com\/fr\/wp-json\/wp\/v2\/comments\/?post=8683"}],"version-history":[{"count":6,"href":"https:\/\/luxury-rental-mc.com\/fr\/wp-json\/wp\/v2\/pages\/8683\/revisions\/"}],"predecessor-version":[{"id":9030,"href":"https:\/\/luxury-rental-mc.com\/fr\/wp-json\/wp\/v2\/pages\/8683\/revisions\/9030\/"}],"up":[{"embeddable":true,"href":"https:\/\/luxury-rental-mc.com\/fr\/wp-json\/wp\/v2\/pages\/8650\/"}],"wp:attachment":[{"href":"https:\/\/luxury-rental-mc.com\/fr\/wp-json\/wp\/v2\/media\/?parent=8683"}],"curies":[{"name":"wp","href":"https:\/\/api.w.org\/{rel}","templated":true}]}}