{"id":8685,"date":"2016-08-04T20:04:06","date_gmt":"2016-08-04T18:04:06","guid":{"rendered":"https:\/\/luxury-rental-mc.com\/fr\/?page_id=8685"},"modified":"2016-08-14T19:03:21","modified_gmt":"2016-08-14T17:03:21","slug":"marbella","status":"publish","type":"page","link":"https:\/\/luxury-rental-mc.com\/fr\/location-voiture-luxe\/marbella\/","title":{"rendered":"Location Marbella"},"content":{"rendered":"<h1>Location de luxe \u00e0 Marbella<\/h1>\n<p style=\"text-align: justify;\">Marbella est la deuxi\u00e8me ville de la province de Malaga, elle repr\u00e9sente un des centres d\u2019attractions les plus importants de la <strong>Costa del Sol<\/strong>. Situ\u00e9e dans le sud de l\u2019Espagne Marbella accueille de nombreux touristes gr\u00e2ce \u00e0 la qualit\u00e9 des infrastructur<br \/>\nes et des services offerts.<\/p>\n<h2>Marbella, le Monaco espagnol ?<\/h2>\n<p style=\"text-align: justify;\">Marbella est une destination de vacances de r\u00eave avec plus de 300 jours de soleil par an offrant un climat agr\u00e9able. Paradis des amoureux du golf, Marbella, pr\u00e9sente une vingtaine de terrains incroyablement entretenus entre me<img loading=\"lazy\" class=\"alignright wp-image-8841\" src=\"https:\/\/luxury-rental-mc.com\/wp-content\/uploads\/2016\/08\/jetty-1255005_960_720-300x202.jpg\" alt=\"location voiture marbella\" width=\"377\" height=\"254\" srcset=\"https:\/\/luxury-rental-mc.com\/wp-content\/uploads\/2016\/08\/jetty-1255005_960_720-300x202.jpg 300w, https:\/\/luxury-rental-mc.com\/wp-content\/uploads\/2016\/08\/jetty-1255005_960_720-768x518.jpg 768w, https:\/\/luxury-rental-mc.com\/wp-content\/uploads\/2016\/08\/jetty-1255005_960_720-150x100.jpg 150w, https:\/\/luxury-rental-mc.com\/wp-content\/uploads\/2016\/08\/jetty-1255005_960_720-400x270.jpg 400w, https:\/\/luxury-rental-mc.com\/wp-content\/uploads\/2016\/08\/jetty-1255005_960_720-800x539.jpg 800w, https:\/\/luxury-rental-mc.com\/wp-content\/uploads\/2016\/08\/jetty-1255005_960_720.jpg 960w\" sizes=\"(max-width: 377px) 100vw, 377px\" \/>r et montagne.<\/p>\n<p>&nbsp;<\/p>\n<p>Situ\u00e9e \u00e0 56 kilom\u00e8tres de Malaga, Marbella accueille tout comme Monaco la soci\u00e9t\u00e9 Mc Luxury Rental. Soci\u00e9t\u00e9 de <strong>location de voiture de luxe<\/strong> depuis plus de 7 ans, nos experts vous proposeront une large gamme de v\u00e9hicule de luxe avec lesquels vous pourrez profiter de vos vacances en toute s\u00e9r\u00e9nit\u00e9. Rallier Marbella de l\u2019a\u00e9roport international de Malaga \u00e0 bord d\u2019une voiture de location sera simple et rapide.<\/p>\n<p style=\"text-align: justify;\"><img loading=\"lazy\" class=\"alignleft wp-image-8847\" src=\"https:\/\/luxury-rental-mc.com\/wp-content\/uploads\/2016\/08\/marbella-1270299_960_720-300x199.jpg\" alt=\"louer voiture luxe marbella\" width=\"375\" height=\"249\" srcset=\"https:\/\/luxury-rental-mc.com\/wp-content\/uploads\/2016\/08\/marbella-1270299_960_720-300x199.jpg 300w, https:\/\/luxury-rental-mc.com\/wp-content\/uploads\/2016\/08\/marbella-1270299_960_720-768x510.jpg 768w, https:\/\/luxury-rental-mc.com\/wp-content\/uploads\/2016\/08\/marbella-1270299_960_720-150x100.jpg 150w, https:\/\/luxury-rental-mc.com\/wp-content\/uploads\/2016\/08\/marbella-1270299_960_720-400x266.jpg 400w, https:\/\/luxury-rental-mc.com\/wp-content\/uploads\/2016\/08\/marbella-1270299_960_720-800x532.jpg 800w, https:\/\/luxury-rental-mc.com\/wp-content\/uploads\/2016\/08\/marbella-1270299_960_720-900x600.jpg 900w, https:\/\/luxury-rental-mc.com\/wp-content\/uploads\/2016\/08\/marbella-1270299_960_720.jpg 960w\" sizes=\"(max-width: 375px) 100vw, 375px\" \/>Vous pourrez \u00e9galement visiter l\u2019arri\u00e8re pays d\u2019Andalousie \u00e0 bord de nos SUV et 4&#215;4. Nous proposons les plus beaux mod\u00e8les de la marque allemande <strong>Mercedes<\/strong> tel que le GL pour sa polyvalence et son agilit\u00e9, le GLE pour son \u00e9l\u00e9gance alli\u00e9e \u00e0 la fougue, le GLS pour profiter du meilleur sur tous les terrains ou encore le design antique des G63 et G350 ainsi que leur robustesse. \u00a0Mais aussi le BMW X5 ou encore la gamme <strong>Range Rover<\/strong> souvent demand\u00e9e par nos fid\u00e8les clients avec le Range Rover Sport si vous aimez une conduite sportive, le Range Rover Autobiography pour un maniement dynamique sur tous les terrains ou notre Range Rover Vogue pour son raffinement.<\/p>\n<p style=\"text-align: justify;\">Si vous \u00eates plut\u00f4t balade dans les petites rues et les petits centres villes typiques aux alentours de Marbella vous pourrez louer des petites citadines qui ne n\u00e9gligent pas leur dynamisme comme l\u2019<strong>Audi<\/strong> A1, A3, la <strong>BMW<\/strong> s\u00e9rie 1. Compacte et confortable elles permettent de conduire en toute tranquillit\u00e9. Par ailleurs si vous souhaitez passer des vacances en famille nous vous proposons \u00e9galement des vans ou des berlines type Rolls Royce Phantom 2009, Ghost, ou des limousines comme la Mercedes classe E louable \u00e9galement en version cabriolet pour arpenter toutes les routes sous le soleil Andalou.<\/p>\n<h2 style=\"text-align: justify;\">Un service de luxe made in France<\/h2>\n<p style=\"text-align: justify;\">Mc Luxury Rental est bas\u00e9e \u00e0 Monaco depuis 7 ann\u00e9es et continue de s\u2019implanter dans diff\u00e9rentes villes d\u2019Europe comme Gen\u00e8ve, Paris, Meg\u00e8ve, Saint Tropez, \u2026 Une demande de la part de nos clients qui ne cesse d\u2019augmenter gr\u00e2ce \u00e0 notre qualit\u00e9 de service.<\/p>\n<p style=\"text-align: justify;\">Nous n\u2019avons qu\u2019une seule pr\u00e9occupation : satisfaire nos clients. Notre \u00e9quipe d\u2019experts r\u00e9pond \u00e0 vos questions et est \u00e0 votre service. Leur mot d\u2019ordre ? \u00a0La rapidit\u00e9.<\/p>\n<p style=\"text-align: justify;\">En effet, nous vous assurons la <strong>livraison de votre v\u00e9hicule<\/strong> en une heure o\u00f9 que vous soyez. A l\u2019a\u00e9roport, \u00e0 votre domicile, \u00e0 l\u2019h\u00f4tel nous serons o\u00f9 vous serez !<\/p>\n<p style=\"text-align: justify;\">Par ailleurs nous vous assurons un suivi en cas de probl\u00e8me en vous envoyant une assistance rapidement. M\u00eame en vacances h\u00e9las nous ne sommes pas \u00e0 l\u2019abri d\u2019un probl\u00e8me !<\/p>\n<p style=\"text-align: justify;\">Ce type de service de location d\u2019automobile de luxe est in\u00e9dit sur le territoire et nous permet d\u2019\u00eatre votre r\u00e9f\u00e9rent principal en mati\u00e8re de location de v\u00e9hicule de luxe. Nous n\u2019h\u00e9siterons pas \u00e0 rendre votre s\u00e9jour inoubliable gr\u00e2ce \u00e0 la location d\u2019une <strong>Lamborghini<\/strong> Aventador ou Huracan Spider pour pimenter vos sensations.<\/p>\n<p style=\"text-align: justify;\">Nous restons \u00e0 votre \u00e9coute, \u00e0 bient\u00f4t chez <strong>Mc Luxury Rental<\/strong>. <img loading=\"lazy\" class=\"aligncenter wp-image-8845\" src=\"https:\/\/luxury-rental-mc.com\/wp-content\/uploads\/2016\/08\/marbella-1175246_960_720-300x199.jpg\" alt=\"voitures de luxe marbella\" width=\"399\" height=\"265\" srcset=\"https:\/\/luxury-rental-mc.com\/wp-content\/uploads\/2016\/08\/marbella-1175246_960_720-300x199.jpg 300w, https:\/\/luxury-rental-mc.com\/wp-content\/uploads\/2016\/08\/marbella-1175246_960_720-768x510.jpg 768w, https:\/\/luxury-rental-mc.com\/wp-content\/uploads\/2016\/08\/marbella-1175246_960_720-150x100.jpg 150w, https:\/\/luxury-rental-mc.com\/wp-content\/uploads\/2016\/08\/marbella-1175246_960_720-400x266.jpg 400w, https:\/\/luxury-rental-mc.com\/wp-content\/uploads\/2016\/08\/marbella-1175246_960_720-800x532.jpg 800w, https:\/\/luxury-rental-mc.com\/wp-content\/uploads\/2016\/08\/marbella-1175246_960_720-900x600.jpg 900w, https:\/\/luxury-rental-mc.com\/wp-content\/uploads\/2016\/08\/marbella-1175246_960_720.jpg 960w\" sizes=\"(max-width: 399px) 100vw, 399px\" \/><\/p>\n<p style=\"text-align: justify;\">\n<p><span style=\"text-decoration: underline;\"><strong>D\u00e9couvrez les autres villes :<\/strong><\/span><\/p>\n<ul>\n<li><a href=\"https:\/\/luxury-rental-mc.com\/fr\/location-voiture-luxe\/barcelone\">Location Barcelone<\/a><\/li>\n<li><a href=\"https:\/\/luxury-rental-mc.com\/fr\/location-voiture-luxe\/cannes\">Location Cannes<\/a><\/li>\n<li><a href=\"https:\/\/luxury-rental-mc.com\/fr\/location-voiture-luxe\/location-corse\">Location Corse<\/a><\/li>\n<li><a href=\"https:\/\/luxury-rental-mc.com\/fr\/location-voiture-luxe\/milan\">Location Milan<\/a><\/li>\n<li><a href=\"https:\/\/luxury-rental-mc.com\/fr\/location-voiture-luxe\/monaco\">Location Monaco<\/a><\/li>\n<li><a href=\"https:\/\/luxury-rental-mc.com\/fr\/location-voiture-luxe\/nice\">Location Nice<\/a><\/li>\n<li><a href=\"https:\/\/luxury-rental-mc.com\/fr\/location-voiture-luxe\/rome\">Location Rome<\/a><\/li>\n<li><a href=\"https:\/\/luxury-rental-mc.com\/fr\/location-voiture-luxe\/saint-tropez\">Location Saint Tropez<\/a><\/li>\n<li><a href=\"https:\/\/luxury-rental-mc.com\/fr\/location-voiture-luxe\/toulon\">Location Toulon<\/a><\/li>\n<\/ul>\n","protected":false},"excerpt":{"rendered":"<p>Location de luxe \u00e0 Marbella Marbella est la deuxi\u00e8me ville de la province de Malaga, elle repr\u00e9sente un des centres d\u2019attractions les plus importants de la Costa del Sol. Situ\u00e9e dans le sud de l\u2019Espagne Marbella accueille de nombreux touristes gr\u00e2ce \u00e0 la qualit\u00e9 des infrastructur es et des services offerts. Marbella, le Monaco espagnol [&hellip;]<\/p>\n","protected":false},"author":1,"featured_media":0,"parent":8650,"menu_order":0,"comment_status":"closed","ping_status":"closed","template":"","meta":{"_monsterinsights_skip_tracking":false,"_monsterinsights_sitenote_active":false,"_monsterinsights_sitenote_note":"","_monsterinsights_sitenote_category":0},"yoast_head":"<!-- This site is optimized with the Yoast SEO plugin v20.3 - https:\/\/yoast.com\/wordpress\/plugins\/seo\/ -->\n<title>Louer v\u00e9hicule de luxe \u00e0 Marbella, location | LR MC<\/title>\n<meta name=\"description\" content=\"Marbella est une ville espagnole faisant partie de l&#039;Andalousie. Une merveilleuse r\u00e9gion \u00e0 visiter en voiture gr\u00e2ce \u00e0 une location sur mesure.\" \/>\n<meta name=\"robots\" content=\"index, follow, max-snippet:-1, max-image-preview:large, max-video-preview:-1\" \/>\n<link rel=\"canonical\" href=\"https:\/\/luxury-rental-mc.com\/fr\/location-voiture-luxe\/marbella\/\" \/>\n<meta property=\"og:locale\" content=\"fr_FR\" \/>\n<meta property=\"og:type\" content=\"article\" \/>\n<meta property=\"og:title\" content=\"Louer v\u00e9hicule de luxe \u00e0 Marbella, location | LR MC\" \/>\n<meta property=\"og:description\" content=\"Marbella est une ville espagnole faisant partie de l&#039;Andalousie. Une merveilleuse r\u00e9gion \u00e0 visiter en voiture gr\u00e2ce \u00e0 une location sur mesure.\" \/>\n<meta property=\"og:url\" content=\"https:\/\/luxury-rental-mc.com\/fr\/location-voiture-luxe\/marbella\/\" \/>\n<meta property=\"og:site_name\" content=\"Luxury Car Rentals | Monaco, Nice, Cannes, Saint-Tropez\" \/>\n<meta property=\"article:modified_time\" content=\"2016-08-14T17:03:21+00:00\" \/>\n<meta property=\"og:image\" content=\"https:\/\/luxury-rental-mc.com\/wp-content\/uploads\/2016\/08\/jetty-1255005_960_720-300x202.jpg\" \/>\n<meta name=\"twitter:label1\" content=\"Dur\u00e9e de lecture estim\u00e9e\" \/>\n\t<meta name=\"twitter:data1\" content=\"3 minutes\" \/>\n<script type=\"application\/ld+json\" class=\"yoast-schema-graph\">{\"@context\":\"https:\/\/schema.org\",\"@graph\":[{\"@type\":\"WebPage\",\"@id\":\"https:\/\/luxury-rental-mc.com\/fr\/location-voiture-luxe\/marbella\/\",\"url\":\"https:\/\/luxury-rental-mc.com\/fr\/location-voiture-luxe\/marbella\/\",\"name\":\"Louer v\u00e9hicule de luxe \u00e0 Marbella, location | LR MC\",\"isPartOf\":{\"@id\":\"https:\/\/luxury-rental-mc.com\/#website\"},\"datePublished\":\"2016-08-04T18:04:06+00:00\",\"dateModified\":\"2016-08-14T17:03:21+00:00\",\"description\":\"Marbella est une ville espagnole faisant partie de l'Andalousie. Une merveilleuse r\u00e9gion \u00e0 visiter en voiture gr\u00e2ce \u00e0 une location sur mesure.\",\"breadcrumb\":{\"@id\":\"https:\/\/luxury-rental-mc.com\/fr\/location-voiture-luxe\/marbella\/#breadcrumb\"},\"inLanguage\":\"fr-FR\",\"potentialAction\":[{\"@type\":\"ReadAction\",\"target\":[\"https:\/\/luxury-rental-mc.com\/fr\/location-voiture-luxe\/marbella\/\"]}]},{\"@type\":\"BreadcrumbList\",\"@id\":\"https:\/\/luxury-rental-mc.com\/fr\/location-voiture-luxe\/marbella\/#breadcrumb\",\"itemListElement\":[{\"@type\":\"ListItem\",\"position\":1,\"name\":\"Accueil\",\"item\":\"https:\/\/luxury-rental-mc.com\/fr\/\"},{\"@type\":\"ListItem\",\"position\":2,\"name\":\"Location\",\"item\":\"https:\/\/luxury-rental-mc.com\/fr\/location-voiture-luxe\/\"},{\"@type\":\"ListItem\",\"position\":3,\"name\":\"Location Marbella\"}]},{\"@type\":\"WebSite\",\"@id\":\"https:\/\/luxury-rental-mc.com\/#website\",\"url\":\"https:\/\/luxury-rental-mc.com\/\",\"name\":\"Luxury Car Rentals | Monaco, Nice, Cannes, Saint-Tropez\",\"description\":\"Rent the finest brands : Porsche, Ferrari, Lamborghini, Mercedes...\",\"potentialAction\":[{\"@type\":\"SearchAction\",\"target\":{\"@type\":\"EntryPoint\",\"urlTemplate\":\"https:\/\/luxury-rental-mc.com\/?s={search_term_string}\"},\"query-input\":\"required name=search_term_string\"}],\"inLanguage\":\"fr-FR\"}]}<\/script>\n<!-- \/ Yoast SEO plugin. -->","yoast_head_json":{"title":"Louer v\u00e9hicule de luxe \u00e0 Marbella, location | LR MC","description":"Marbella est une ville espagnole faisant partie de l'Andalousie. Une merveilleuse r\u00e9gion \u00e0 visiter en voiture gr\u00e2ce \u00e0 une location sur mesure.","robots":{"index":"index","follow":"follow","max-snippet":"max-snippet:-1","max-image-preview":"max-image-preview:large","max-video-preview":"max-video-preview:-1"},"canonical":"https:\/\/luxury-rental-mc.com\/fr\/location-voiture-luxe\/marbella\/","og_locale":"fr_FR","og_type":"article","og_title":"Louer v\u00e9hicule de luxe \u00e0 Marbella, location | LR MC","og_description":"Marbella est une ville espagnole faisant partie de l'Andalousie. Une merveilleuse r\u00e9gion \u00e0 visiter en voiture gr\u00e2ce \u00e0 une location sur mesure.","og_url":"https:\/\/luxury-rental-mc.com\/fr\/location-voiture-luxe\/marbella\/","og_site_name":"Luxury Car Rentals | Monaco, Nice, Cannes, Saint-Tropez","article_modified_time":"2016-08-14T17:03:21+00:00","og_image":[{"url":"https:\/\/luxury-rental-mc.com\/wp-content\/uploads\/2016\/08\/jetty-1255005_960_720-300x202.jpg"}],"twitter_misc":{"Dur\u00e9e de lecture estim\u00e9e":"3 minutes"},"schema":{"@context":"https:\/\/schema.org","@graph":[{"@type":"WebPage","@id":"https:\/\/luxury-rental-mc.com\/fr\/location-voiture-luxe\/marbella\/","url":"https:\/\/luxury-rental-mc.com\/fr\/location-voiture-luxe\/marbella\/","name":"Louer v\u00e9hicule de luxe \u00e0 Marbella, location | LR MC","isPartOf":{"@id":"https:\/\/luxury-rental-mc.com\/#website"},"datePublished":"2016-08-04T18:04:06+00:00","dateModified":"2016-08-14T17:03:21+00:00","description":"Marbella est une ville espagnole faisant partie de l'Andalousie. Une merveilleuse r\u00e9gion \u00e0 visiter en voiture gr\u00e2ce \u00e0 une location sur mesure.","breadcrumb":{"@id":"https:\/\/luxury-rental-mc.com\/fr\/location-voiture-luxe\/marbella\/#breadcrumb"},"inLanguage":"fr-FR","potentialAction":[{"@type":"ReadAction","target":["https:\/\/luxury-rental-mc.com\/fr\/location-voiture-luxe\/marbella\/"]}]},{"@type":"BreadcrumbList","@id":"https:\/\/luxury-rental-mc.com\/fr\/location-voiture-luxe\/marbella\/#breadcrumb","itemListElement":[{"@type":"ListItem","position":1,"name":"Accueil","item":"https:\/\/luxury-rental-mc.com\/fr\/"},{"@type":"ListItem","position":2,"name":"Location","item":"https:\/\/luxury-rental-mc.com\/fr\/location-voiture-luxe\/"},{"@type":"ListItem","position":3,"name":"Location Marbella"}]},{"@type":"WebSite","@id":"https:\/\/luxury-rental-mc.com\/#website","url":"https:\/\/luxury-rental-mc.com\/","name":"Luxury Car Rentals | Monaco, Nice, Cannes, Saint-Tropez","description":"Rent the finest brands : Porsche, Ferrari, Lamborghini, Mercedes...","potentialAction":[{"@type":"SearchAction","target":{"@type":"EntryPoint","urlTemplate":"https:\/\/luxury-rental-mc.com\/?s={search_term_string}"},"query-input":"required name=search_term_string"}],"inLanguage":"fr-FR"}]}},"_links":{"self":[{"href":"https:\/\/luxury-rental-mc.com\/fr\/wp-json\/wp\/v2\/pages\/8685\/"}],"collection":[{"href":"https:\/\/luxury-rental-mc.com\/fr\/wp-json\/wp\/v2\/pages\/"}],"about":[{"href":"https:\/\/luxury-rental-mc.com\/fr\/wp-json\/wp\/v2\/types\/page\/"}],"author":[{"embeddable":true,"href":"https:\/\/luxury-rental-mc.com\/fr\/wp-json\/wp\/v2\/users\/1\/"}],"replies":[{"embeddable":true,"href":"https:\/\/luxury-rental-mc.com\/fr\/wp-json\/wp\/v2\/comments\/?post=8685"}],"version-history":[{"count":7,"href":"https:\/\/luxury-rental-mc.com\/fr\/wp-json\/wp\/v2\/pages\/8685\/revisions\/"}],"predecessor-version":[{"id":9026,"href":"https:\/\/luxury-rental-mc.com\/fr\/wp-json\/wp\/v2\/pages\/8685\/revisions\/9026\/"}],"up":[{"embeddable":true,"href":"https:\/\/luxury-rental-mc.com\/fr\/wp-json\/wp\/v2\/pages\/8650\/"}],"wp:attachment":[{"href":"https:\/\/luxury-rental-mc.com\/fr\/wp-json\/wp\/v2\/media\/?parent=8685"}],"curies":[{"name":"wp","href":"https:\/\/api.w.org\/{rel}","templated":true}]}}