{"id":8687,"date":"2016-08-04T20:04:44","date_gmt":"2016-08-04T18:04:44","guid":{"rendered":"https:\/\/luxury-rental-mc.com\/fr\/?page_id=8687"},"modified":"2016-08-14T19:03:48","modified_gmt":"2016-08-14T17:03:48","slug":"monaco","status":"publish","type":"page","link":"https:\/\/luxury-rental-mc.com\/fr\/location-voiture-luxe\/monaco\/","title":{"rendered":"Location Monaco"},"content":{"rendered":"<h1>Louez un v\u00e9hicule de luxe \u00e0 Monaco<\/h1>\n<p>Mc Luxury Rental est une agence de <strong>location de voiture de luxe<\/strong>. Bas\u00e9e \u00e0 Monaco depuis plus de 7 ans elle a r\u00e9ussi \u00e0 satisfaire et fid\u00e9liser ses clients gr\u00e2ce \u00e0 son \u00e9quipe d\u2019experts. Ils \u00e9tudieront toutes vos demandes en y r\u00e9pondant avec pr\u00e9cision.<\/p>\n<p>Un large choix de marques de v\u00e9hicules de luxe est disponible en passant par les classiques Audi, Mercedes aux supers marques comme Lamborghini, Ferrari ou McLaren.<\/p>\n<h2>Mc Luxury Rental dans la Principaut\u00e9<\/h2>\n<p><strong>Mc Luxury Rental<\/strong> a \u00e9galement r\u00e9ussi \u00e0 s\u2019implanter et garder sa place de favoris gr\u00e2ce \u00e0 sa qualit\u00e9 de service irr\u00e9prochable. Rapidit\u00e9 est notre mot d\u2019ordre, suite \u00e0 votre commande vous recevrez votre v\u00e9hicule en moins d\u2019une heure. Que vous soyez \u00e0 votre domicile, \u00e0 l\u2019a\u00e9roport, ou \u00e0 l\u2019h\u00f4tel nous vous d\u00e9poserons le v\u00e9hicule de votre choix pour la dur\u00e9e de location souhait\u00e9e.<\/p>\n<p>Notre politique est d\u2019assister le client tout au long de sa location en cas de probl\u00e8me nous vous proposons un service d\u2019assistance rapide. Notre implantation et notre qualit\u00e9 de service permettent de r\u00e9pondre \u00e0 vos attentes et vos crit\u00e8res gr\u00e2ce \u00e0 notre \u00e9quipe d\u2019expert et notre<strong> large choix de v\u00e9hicules<\/strong> d\u2019exceptions. <img loading=\"lazy\" class=\"alignnone wp-image-8865\" src=\"https:\/\/luxury-rental-mc.com\/wp-content\/uploads\/2016\/08\/Capture-d\u2019\u00e9cran-2016-07-29-\u00e0-16.28.30-300x211.png\" alt=\"location voiture de luxe monaco\" width=\"382\" height=\"268\" srcset=\"https:\/\/luxury-rental-mc.com\/wp-content\/uploads\/2016\/08\/Capture-d\u2019\u00e9cran-2016-07-29-\u00e0-16.28.30-300x211.png 300w, https:\/\/luxury-rental-mc.com\/wp-content\/uploads\/2016\/08\/Capture-d\u2019\u00e9cran-2016-07-29-\u00e0-16.28.30-400x281.png 400w, https:\/\/luxury-rental-mc.com\/wp-content\/uploads\/2016\/08\/Capture-d\u2019\u00e9cran-2016-07-29-\u00e0-16.28.30.png 630w\" sizes=\"(max-width: 382px) 100vw, 382px\" \/>\u00a0 \u00a0 \u00a0\u00a0<img loading=\"lazy\" class=\"alignnone wp-image-8871\" src=\"https:\/\/luxury-rental-mc.com\/wp-content\/uploads\/2016\/08\/monaco-1126123_960_720-300x200.jpg\" alt=\"louer voiture \u00e0 monaco\" width=\"382\" height=\"254\" srcset=\"https:\/\/luxury-rental-mc.com\/wp-content\/uploads\/2016\/08\/monaco-1126123_960_720-300x200.jpg 300w, https:\/\/luxury-rental-mc.com\/wp-content\/uploads\/2016\/08\/monaco-1126123_960_720-768x512.jpg 768w, https:\/\/luxury-rental-mc.com\/wp-content\/uploads\/2016\/08\/monaco-1126123_960_720-150x100.jpg 150w, https:\/\/luxury-rental-mc.com\/wp-content\/uploads\/2016\/08\/monaco-1126123_960_720-400x267.jpg 400w, https:\/\/luxury-rental-mc.com\/wp-content\/uploads\/2016\/08\/monaco-1126123_960_720-800x533.jpg 800w, https:\/\/luxury-rental-mc.com\/wp-content\/uploads\/2016\/08\/monaco-1126123_960_720-900x600.jpg 900w, https:\/\/luxury-rental-mc.com\/wp-content\/uploads\/2016\/08\/monaco-1126123_960_720.jpg 960w\" sizes=\"(max-width: 382px) 100vw, 382px\" \/><\/p>\n<p>Afin d\u2019arpenter les petites rues de la principaut\u00e9 vous pouvez louer une petite citadine comme les sportives Audi A1, les \u00e9l\u00e9gantes <strong>BMW<\/strong> s\u00e9rie 1, ou encore les authentiques Mini Cooper. Nous proposons \u00e9galement des mod\u00e8les cabriolet qui vous permettrons de profiter pleinement de votre s\u00e9jour dans le sud de la France comme les <strong>Mini Cooper<\/strong> cabriolet, ou les voitures plus sportives tel que la <strong>Porsche<\/strong> 911 Carrera cabriolet et certains mod\u00e8les de la marque italienne <strong>Lamborghini<\/strong> : la Huracan Spider \u00a0ou \u00a0la Aventador aux traits beaucoup plus g\u00e9om\u00e9triques.<\/p>\n<h2>Monaco et son attraction<\/h2>\n<p>Monaco est une principaut\u00e9 qui fait r\u00eaver. Elle regroupe le luxe et la beaut\u00e9 attirant de nombreux touristes tout au long de l\u2019ann\u00e9e. Gr\u00e2ce \u00e0 sa g\u00e9olocalisation et son climat m\u00e9diterran\u00e9en les touristes peuvent profiter de la mer et de la montagne tout au long de l\u2019ann\u00e9e. Tout au long de l\u2019ann\u00e9e Monaco accueille de nombreux \u00e9v\u00e9nements de renomm\u00e9 internationale comme notamment le<strong> Grand Prix de Formule 1<\/strong> pour les passionn\u00e9s de voitures sportives comme nous mais aussi le Monte Carlo Rolex Masters, le Festival de la T\u00e9l\u00e9vision, International Jumping de Monte Carlo, etc. <img loading=\"lazy\" class=\"alignnone wp-image-8869\" src=\"https:\/\/luxury-rental-mc.com\/wp-content\/uploads\/2016\/08\/monaco-572428_960_720-300x169.jpg\" alt=\"voitures de luxe monaco\" width=\"408\" height=\"230\" srcset=\"https:\/\/luxury-rental-mc.com\/wp-content\/uploads\/2016\/08\/monaco-572428_960_720-300x169.jpg 300w, https:\/\/luxury-rental-mc.com\/wp-content\/uploads\/2016\/08\/monaco-572428_960_720-768x432.jpg 768w, https:\/\/luxury-rental-mc.com\/wp-content\/uploads\/2016\/08\/monaco-572428_960_720-400x225.jpg 400w, https:\/\/luxury-rental-mc.com\/wp-content\/uploads\/2016\/08\/monaco-572428_960_720-800x450.jpg 800w, https:\/\/luxury-rental-mc.com\/wp-content\/uploads\/2016\/08\/monaco-572428_960_720.jpg 960w\" sizes=\"(max-width: 408px) 100vw, 408px\" \/>\u00a0 \u00a0 \u00a0 \u00a0<img loading=\"lazy\" class=\"alignnone wp-image-8867\" src=\"https:\/\/luxury-rental-mc.com\/wp-content\/uploads\/2016\/08\/Fuerstenhof_zu_Monaco-300x200.jpg\" alt=\"Fuerstenhof_zu_Monaco\" width=\"400\" height=\"266\" srcset=\"https:\/\/luxury-rental-mc.com\/wp-content\/uploads\/2016\/08\/Fuerstenhof_zu_Monaco-300x200.jpg 300w, https:\/\/luxury-rental-mc.com\/wp-content\/uploads\/2016\/08\/Fuerstenhof_zu_Monaco-768x512.jpg 768w, https:\/\/luxury-rental-mc.com\/wp-content\/uploads\/2016\/08\/Fuerstenhof_zu_Monaco-1024x683.jpg 1024w, https:\/\/luxury-rental-mc.com\/wp-content\/uploads\/2016\/08\/Fuerstenhof_zu_Monaco-150x100.jpg 150w, https:\/\/luxury-rental-mc.com\/wp-content\/uploads\/2016\/08\/Fuerstenhof_zu_Monaco-400x267.jpg 400w, https:\/\/luxury-rental-mc.com\/wp-content\/uploads\/2016\/08\/Fuerstenhof_zu_Monaco-800x533.jpg 800w, https:\/\/luxury-rental-mc.com\/wp-content\/uploads\/2016\/08\/Fuerstenhof_zu_Monaco-900x600.jpg 900w, https:\/\/luxury-rental-mc.com\/wp-content\/uploads\/2016\/08\/Fuerstenhof_zu_Monaco.jpg 1200w\" sizes=\"(max-width: 400px) 100vw, 400px\" \/><\/p>\n<p>Pourquoi vous aussi ne pas vivre votre propre \u00e9v\u00e9nement \u00e0 Monaco en louant une voiture de luxe sportive et dynamique comme une Lamborghini Huracan Spider ou une Bugatti Veyron chez Mc Luxury Rental afin de vivre des sensations in\u00e9dites ? Si vous \u00eates plut\u00f4t Ferrari 488 GTB, Audi R8 pour son \u00e9l\u00e9gance vous pouvez \u00e9galement trouver votre bonheur dans notre large gamme de voiture de luxe.<\/p>\n<p>La Principaut\u00e9 de Monaco vous r\u00e9serve \u00e9galement des soir\u00e9es inoubliables entre son Casino, ses restaurants hupp\u00e9s ou encore ses clubs auxquels vous pourrez assister \u00e0 plusieurs en louant nos limousines <strong>Mercedes<\/strong> classe E pour leur \u00e9l\u00e9gance, les v\u00e9hicules <strong>Rolls Royce<\/strong> comme le mod\u00e8le Ghost ou Drophead \u00a0pour leur caract\u00e8re et leur robustesse. Des v\u00e9hicules confortables dans lesquels vous serez en s\u00e9curit\u00e9 tout comme dans nos SUV <strong>Range Rover<\/strong> Vogue, ou Sport qui sont toujours des mod\u00e8les d\u2019exceptions alliant sportivit\u00e9, dynamisme et \u00e9l\u00e9gance gr\u00e2ce \u00e0 leurs mat\u00e9riaux.<\/p>\n<p>Monaco se situe \u00e0 30kms de l\u2019<strong>a\u00e9roport Nice C\u00f4te d\u2019Azur<\/strong> qui est le troisi\u00e8me a\u00e9roport international de France. Vous pourrez donc acc\u00e9der \u00e0 la Principaut\u00e9 en moins de 30min gr\u00e2ce \u00e0 la location d\u2019une voiture chez Mc Luxury Rental. Monaco est un endroit \u00e0 visiter notamment son Palais Princier, ses plages priv\u00e9es, ses h\u00f4tels de luxes comme le Monte Carlo Bay, l\u2019h\u00f4tel Fairmont ou encore l\u2019H\u00f4tel de Paris. Apr\u00e8s une journ\u00e9e de d\u00e9tente \u00e0 la plage ou au spa comme par exemple aux Thermes Marins quoi de mieux que de continuer \u00e0 se relaxer dans une voiture de luxe de la gamme Maserati avec son Grancabrio ou la Porsche Panamera.<img loading=\"lazy\" class=\" wp-image-8863 aligncenter\" src=\"https:\/\/luxury-rental-mc.com\/wp-content\/uploads\/2016\/08\/16008388106_94ce818041_b-300x200.jpg\" alt=\"16008388106_94ce818041_b\" width=\"399\" height=\"266\" srcset=\"https:\/\/luxury-rental-mc.com\/wp-content\/uploads\/2016\/08\/16008388106_94ce818041_b-300x200.jpg 300w, https:\/\/luxury-rental-mc.com\/wp-content\/uploads\/2016\/08\/16008388106_94ce818041_b-768x512.jpg 768w, https:\/\/luxury-rental-mc.com\/wp-content\/uploads\/2016\/08\/16008388106_94ce818041_b.jpg 1024w, https:\/\/luxury-rental-mc.com\/wp-content\/uploads\/2016\/08\/16008388106_94ce818041_b-150x100.jpg 150w, https:\/\/luxury-rental-mc.com\/wp-content\/uploads\/2016\/08\/16008388106_94ce818041_b-400x267.jpg 400w, https:\/\/luxury-rental-mc.com\/wp-content\/uploads\/2016\/08\/16008388106_94ce818041_b-800x534.jpg 800w, https:\/\/luxury-rental-mc.com\/wp-content\/uploads\/2016\/08\/16008388106_94ce818041_b-900x600.jpg 900w\" sizes=\"(max-width: 399px) 100vw, 399px\" \/><\/p>\n<p>Nous pouvons mettre \u00e9galement \u00e0 votre disposition des vans beaucoup plus spacieux si vous \u00eates une famille nombreuse ou si vous assistez \u00e0 un rendez-vous professionnel \u00e0 plusieurs. Ce type de voiture vous permettra \u00e9galement de profiter des routes pour rejoindre les domaines montagneux skiables comme Auron, Isola 2000 et Valberg accessibles \u00e9galement en p\u00e9riode estivale. Des stations se situant \u00e0 environ 2h de route de Monaco.<\/p>\n<p>Mc Luxury Rental vous attend afin de vous proposer les v\u00e9hicules les plus adapt\u00e9s pour vos s\u00e9jours sur la C\u00f4te.<\/p>\n<p><span style=\"text-decoration: underline;\"><strong>D\u00e9couvrez les autres villes :<\/strong><\/span><\/p>\n<ul>\n<li><a href=\"https:\/\/luxury-rental-mc.com\/fr\/location-voiture-luxe\/barcelone\">Location Barcelone<\/a><\/li>\n<li><a href=\"https:\/\/luxury-rental-mc.com\/fr\/location-voiture-luxe\/cannes\">Location Cannes<\/a><\/li>\n<li><a href=\"https:\/\/luxury-rental-mc.com\/fr\/location-voiture-luxe\/location-corse\">Location Corse<\/a><\/li>\n<li><a href=\"https:\/\/luxury-rental-mc.com\/fr\/location-voiture-luxe\/marbella\">Location Marbella<\/a><\/li>\n<li><a href=\"https:\/\/luxury-rental-mc.com\/fr\/location-voiture-luxe\/milan\">Location Milan<\/a><\/li>\n<li><a href=\"https:\/\/luxury-rental-mc.com\/fr\/location-voiture-luxe\/nice\">Location Nice<\/a><\/li>\n<li><a href=\"https:\/\/luxury-rental-mc.com\/fr\/location-voiture-luxe\/rome\">Location Rome<\/a><\/li>\n<li><a href=\"https:\/\/luxury-rental-mc.com\/fr\/location-voiture-luxe\/saint-tropez\">Location Saint Tropez<\/a><\/li>\n<li><a href=\"https:\/\/luxury-rental-mc.com\/fr\/location-voiture-luxe\/toulon\">Location Toulon<\/a><\/li>\n<\/ul>\n","protected":false},"excerpt":{"rendered":"<p>Louez un v\u00e9hicule de luxe \u00e0 Monaco Mc Luxury Rental est une agence de location de voiture de luxe. Bas\u00e9e \u00e0 Monaco depuis plus de 7 ans elle a r\u00e9ussi \u00e0 satisfaire et fid\u00e9liser ses clients gr\u00e2ce \u00e0 son \u00e9quipe d\u2019experts. Ils \u00e9tudieront toutes vos demandes en y r\u00e9pondant avec pr\u00e9cision. Un large choix de [&hellip;]<\/p>\n","protected":false},"author":1,"featured_media":0,"parent":8650,"menu_order":0,"comment_status":"closed","ping_status":"closed","template":"","meta":{"_monsterinsights_skip_tracking":false,"_monsterinsights_sitenote_active":false,"_monsterinsights_sitenote_note":"","_monsterinsights_sitenote_category":0},"yoast_head":"<!-- This site is optimized with the Yoast SEO plugin v20.3 - https:\/\/yoast.com\/wordpress\/plugins\/seo\/ -->\n<title>Location voiture de luxe \u00e0 Monaco, v\u00e9hicules de luxe | LR MC<\/title>\n<meta name=\"description\" content=\"Monaco est une principaut\u00e9 dans le sud de la France coll\u00e9e \u00e0 la C\u00f4te d&#039;Azur.Un rocher rempli de luxe o\u00f9 vous pourrez vous aussi louer une voiture de luxe...\" \/>\n<meta name=\"robots\" content=\"index, follow, max-snippet:-1, max-image-preview:large, max-video-preview:-1\" \/>\n<link rel=\"canonical\" href=\"https:\/\/luxury-rental-mc.com\/fr\/location-voiture-luxe\/monaco\/\" \/>\n<meta property=\"og:locale\" content=\"fr_FR\" \/>\n<meta property=\"og:type\" content=\"article\" \/>\n<meta property=\"og:title\" content=\"Location voiture de luxe \u00e0 Monaco, v\u00e9hicules de luxe | LR MC\" \/>\n<meta property=\"og:description\" content=\"Monaco est une principaut\u00e9 dans le sud de la France coll\u00e9e \u00e0 la C\u00f4te d&#039;Azur.Un rocher rempli de luxe o\u00f9 vous pourrez vous aussi louer une voiture de luxe...\" \/>\n<meta property=\"og:url\" content=\"https:\/\/luxury-rental-mc.com\/fr\/location-voiture-luxe\/monaco\/\" \/>\n<meta property=\"og:site_name\" content=\"Luxury Car Rentals | Monaco, Nice, Cannes, Saint-Tropez\" \/>\n<meta property=\"article:modified_time\" content=\"2016-08-14T17:03:48+00:00\" \/>\n<meta property=\"og:image\" content=\"https:\/\/luxury-rental-mc.com\/wp-content\/uploads\/2016\/08\/Capture-d\u2019\u00e9cran-2016-07-29-\u00e0-16.28.30-300x211.png\" \/>\n<meta name=\"twitter:label1\" content=\"Dur\u00e9e de lecture estim\u00e9e\" \/>\n\t<meta name=\"twitter:data1\" content=\"4 minutes\" \/>\n<script type=\"application\/ld+json\" class=\"yoast-schema-graph\">{\"@context\":\"https:\/\/schema.org\",\"@graph\":[{\"@type\":\"WebPage\",\"@id\":\"https:\/\/luxury-rental-mc.com\/fr\/location-voiture-luxe\/monaco\/\",\"url\":\"https:\/\/luxury-rental-mc.com\/fr\/location-voiture-luxe\/monaco\/\",\"name\":\"Location voiture de luxe \u00e0 Monaco, v\u00e9hicules de luxe | LR MC\",\"isPartOf\":{\"@id\":\"https:\/\/luxury-rental-mc.com\/#website\"},\"datePublished\":\"2016-08-04T18:04:44+00:00\",\"dateModified\":\"2016-08-14T17:03:48+00:00\",\"description\":\"Monaco est une principaut\u00e9 dans le sud de la France coll\u00e9e \u00e0 la C\u00f4te d'Azur.Un rocher rempli de luxe o\u00f9 vous pourrez vous aussi louer une voiture de luxe...\",\"breadcrumb\":{\"@id\":\"https:\/\/luxury-rental-mc.com\/fr\/location-voiture-luxe\/monaco\/#breadcrumb\"},\"inLanguage\":\"fr-FR\",\"potentialAction\":[{\"@type\":\"ReadAction\",\"target\":[\"https:\/\/luxury-rental-mc.com\/fr\/location-voiture-luxe\/monaco\/\"]}]},{\"@type\":\"BreadcrumbList\",\"@id\":\"https:\/\/luxury-rental-mc.com\/fr\/location-voiture-luxe\/monaco\/#breadcrumb\",\"itemListElement\":[{\"@type\":\"ListItem\",\"position\":1,\"name\":\"Accueil\",\"item\":\"https:\/\/luxury-rental-mc.com\/fr\/\"},{\"@type\":\"ListItem\",\"position\":2,\"name\":\"Location\",\"item\":\"https:\/\/luxury-rental-mc.com\/fr\/location-voiture-luxe\/\"},{\"@type\":\"ListItem\",\"position\":3,\"name\":\"Location Monaco\"}]},{\"@type\":\"WebSite\",\"@id\":\"https:\/\/luxury-rental-mc.com\/#website\",\"url\":\"https:\/\/luxury-rental-mc.com\/\",\"name\":\"Luxury Car Rentals | Monaco, Nice, Cannes, Saint-Tropez\",\"description\":\"Rent the finest brands : Porsche, Ferrari, Lamborghini, Mercedes...\",\"potentialAction\":[{\"@type\":\"SearchAction\",\"target\":{\"@type\":\"EntryPoint\",\"urlTemplate\":\"https:\/\/luxury-rental-mc.com\/?s={search_term_string}\"},\"query-input\":\"required name=search_term_string\"}],\"inLanguage\":\"fr-FR\"}]}<\/script>\n<!-- \/ Yoast SEO plugin. -->","yoast_head_json":{"title":"Location voiture de luxe \u00e0 Monaco, v\u00e9hicules de luxe | LR MC","description":"Monaco est une principaut\u00e9 dans le sud de la France coll\u00e9e \u00e0 la C\u00f4te d'Azur.Un rocher rempli de luxe o\u00f9 vous pourrez vous aussi louer une voiture de luxe...","robots":{"index":"index","follow":"follow","max-snippet":"max-snippet:-1","max-image-preview":"max-image-preview:large","max-video-preview":"max-video-preview:-1"},"canonical":"https:\/\/luxury-rental-mc.com\/fr\/location-voiture-luxe\/monaco\/","og_locale":"fr_FR","og_type":"article","og_title":"Location voiture de luxe \u00e0 Monaco, v\u00e9hicules de luxe | LR MC","og_description":"Monaco est une principaut\u00e9 dans le sud de la France coll\u00e9e \u00e0 la C\u00f4te d'Azur.Un rocher rempli de luxe o\u00f9 vous pourrez vous aussi louer une voiture de luxe...","og_url":"https:\/\/luxury-rental-mc.com\/fr\/location-voiture-luxe\/monaco\/","og_site_name":"Luxury Car Rentals | Monaco, Nice, Cannes, Saint-Tropez","article_modified_time":"2016-08-14T17:03:48+00:00","og_image":[{"url":"https:\/\/luxury-rental-mc.com\/wp-content\/uploads\/2016\/08\/Capture-d\u2019\u00e9cran-2016-07-29-\u00e0-16.28.30-300x211.png"}],"twitter_misc":{"Dur\u00e9e de lecture estim\u00e9e":"4 minutes"},"schema":{"@context":"https:\/\/schema.org","@graph":[{"@type":"WebPage","@id":"https:\/\/luxury-rental-mc.com\/fr\/location-voiture-luxe\/monaco\/","url":"https:\/\/luxury-rental-mc.com\/fr\/location-voiture-luxe\/monaco\/","name":"Location voiture de luxe \u00e0 Monaco, v\u00e9hicules de luxe | LR MC","isPartOf":{"@id":"https:\/\/luxury-rental-mc.com\/#website"},"datePublished":"2016-08-04T18:04:44+00:00","dateModified":"2016-08-14T17:03:48+00:00","description":"Monaco est une principaut\u00e9 dans le sud de la France coll\u00e9e \u00e0 la C\u00f4te d'Azur.Un rocher rempli de luxe o\u00f9 vous pourrez vous aussi louer une voiture de luxe...","breadcrumb":{"@id":"https:\/\/luxury-rental-mc.com\/fr\/location-voiture-luxe\/monaco\/#breadcrumb"},"inLanguage":"fr-FR","potentialAction":[{"@type":"ReadAction","target":["https:\/\/luxury-rental-mc.com\/fr\/location-voiture-luxe\/monaco\/"]}]},{"@type":"BreadcrumbList","@id":"https:\/\/luxury-rental-mc.com\/fr\/location-voiture-luxe\/monaco\/#breadcrumb","itemListElement":[{"@type":"ListItem","position":1,"name":"Accueil","item":"https:\/\/luxury-rental-mc.com\/fr\/"},{"@type":"ListItem","position":2,"name":"Location","item":"https:\/\/luxury-rental-mc.com\/fr\/location-voiture-luxe\/"},{"@type":"ListItem","position":3,"name":"Location Monaco"}]},{"@type":"WebSite","@id":"https:\/\/luxury-rental-mc.com\/#website","url":"https:\/\/luxury-rental-mc.com\/","name":"Luxury Car Rentals | Monaco, Nice, Cannes, Saint-Tropez","description":"Rent the finest brands : Porsche, Ferrari, Lamborghini, Mercedes...","potentialAction":[{"@type":"SearchAction","target":{"@type":"EntryPoint","urlTemplate":"https:\/\/luxury-rental-mc.com\/?s={search_term_string}"},"query-input":"required name=search_term_string"}],"inLanguage":"fr-FR"}]}},"_links":{"self":[{"href":"https:\/\/luxury-rental-mc.com\/fr\/wp-json\/wp\/v2\/pages\/8687\/"}],"collection":[{"href":"https:\/\/luxury-rental-mc.com\/fr\/wp-json\/wp\/v2\/pages\/"}],"about":[{"href":"https:\/\/luxury-rental-mc.com\/fr\/wp-json\/wp\/v2\/types\/page\/"}],"author":[{"embeddable":true,"href":"https:\/\/luxury-rental-mc.com\/fr\/wp-json\/wp\/v2\/users\/1\/"}],"replies":[{"embeddable":true,"href":"https:\/\/luxury-rental-mc.com\/fr\/wp-json\/wp\/v2\/comments\/?post=8687"}],"version-history":[{"count":6,"href":"https:\/\/luxury-rental-mc.com\/fr\/wp-json\/wp\/v2\/pages\/8687\/revisions\/"}],"predecessor-version":[{"id":9028,"href":"https:\/\/luxury-rental-mc.com\/fr\/wp-json\/wp\/v2\/pages\/8687\/revisions\/9028\/"}],"up":[{"embeddable":true,"href":"https:\/\/luxury-rental-mc.com\/fr\/wp-json\/wp\/v2\/pages\/8650\/"}],"wp:attachment":[{"href":"https:\/\/luxury-rental-mc.com\/fr\/wp-json\/wp\/v2\/media\/?parent=8687"}],"curies":[{"name":"wp","href":"https:\/\/api.w.org\/{rel}","templated":true}]}}