{"id":8690,"date":"2016-08-04T20:05:48","date_gmt":"2016-08-04T18:05:48","guid":{"rendered":"https:\/\/luxury-rental-mc.com\/fr\/?page_id=8690"},"modified":"2016-08-14T19:04:46","modified_gmt":"2016-08-14T17:04:46","slug":"toulon","status":"publish","type":"page","link":"https:\/\/luxury-rental-mc.com\/fr\/location-voiture-luxe\/toulon\/","title":{"rendered":"Location Toulon"},"content":{"rendered":"<h1 style=\"text-align: justify;\">Louer une voiture \u00e0 Toulon<\/h1>\n<p style=\"text-align: justify;\">Toulon est une ville situ\u00e9e dans le Var sur la C\u00f4te M\u00e9diterran\u00e9enne. Elle n\u2019est pas la ville la plus touristique de la C\u00f4te mais elle attise tout de m\u00eame l\u2019attention des curieux.<\/p>\n<h2 style=\"text-align: justify;\">Toulon : point de passage<\/h2>\n<p style=\"text-align: justify;\">En effet, Toulon est le port d\u2019attache du fameux porte-avions Charles de Gaulle qui ne cesse d\u2019\u00e9merveiller les touristes. Elle accueille \u00e9galement de nombreux touristes de passage prenant le bateau pour la Corse.<\/p>\n<p style=\"text-align: justify;\">La Corse un territoire sur lequel la soci\u00e9t\u00e9 Mc Luxury Rental est implant\u00e9e tout comme \u00e0 Toulon. <strong>Mc Luxury Rental<\/strong> va vous permettre de louer des v\u00e9hicules de luxe pour vous permettre de passer votre s\u00e9jour \u00e0 visiter, voyager sur la <strong>C\u00f4te d\u2019Azur<\/strong>.<\/p>\n<p style=\"text-align: justify;\">Toulon est \u00e9galement une station baln\u00e9aire o\u00f9 se concentrent de nombreux touristes. Son architecture est d\u2019une grande richesse gr\u00e2ce au baron Haussmann qui fut le pr\u00e9fet du Var. Une architecture que vous pourrez admirez en conduisant dans les rues de Toulon \u00e0 bord d\u2019une petite citadine comme une Audi A1, d\u2019une \u00e9l\u00e9gante <strong>BMW<\/strong> s\u00e9rie 1 ou des authentiques <strong>Mini Cooper<\/strong> cabriolet. Mc Luxury Rental vous propose \u00e9galement des voitures plus spacieuses comme des berlines ou limousines des marques Mercedes ou encore Rolls Royce.<img loading=\"lazy\" class=\"alignright wp-image-8920\" src=\"https:\/\/luxury-rental-mc.com\/wp-content\/uploads\/2016\/08\/Toulon_Faron3_P1440701-P1440708-300x119.jpg\" alt=\"location de voiture \u00e0 toulon\" width=\"426\" height=\"169\" srcset=\"https:\/\/luxury-rental-mc.com\/wp-content\/uploads\/2016\/08\/Toulon_Faron3_P1440701-P1440708-300x119.jpg 300w, https:\/\/luxury-rental-mc.com\/wp-content\/uploads\/2016\/08\/Toulon_Faron3_P1440701-P1440708-768x304.jpg 768w, https:\/\/luxury-rental-mc.com\/wp-content\/uploads\/2016\/08\/Toulon_Faron3_P1440701-P1440708-1024x405.jpg 1024w, https:\/\/luxury-rental-mc.com\/wp-content\/uploads\/2016\/08\/Toulon_Faron3_P1440701-P1440708-400x158.jpg 400w, https:\/\/luxury-rental-mc.com\/wp-content\/uploads\/2016\/08\/Toulon_Faron3_P1440701-P1440708-800x317.jpg 800w\" sizes=\"(max-width: 426px) 100vw, 426px\" \/><\/p>\n<p style=\"text-align: justify;\">Comme de nombreuses villes sur la c\u00f4te m\u00e9diterran\u00e9enne Toulon n\u2019est qu\u2019\u00e0 quelques kilom\u00e8tres des montagnes o\u00f9 vous pourrez aller profiter des randonn\u00e9es, ou de la fra\u00eecheur en \u00e9t\u00e9 mais aussi d\u2019une journ\u00e9e de ski l\u2019hiver \u00e0 bord d\u2019un 4&#215;4 sp\u00e9cialement \u00e9quip\u00e9 pour ces types de routes et spacieux pour \u00eatre en famille. Nous vous proposons une large gamme de<strong> 4&#215;4\/SUV<\/strong> comme la gamme<strong> Range Rover<\/strong> avec le Range Rover Sport si vous aimez une conduite sportive, le Range Rover Autobiography pour un maniement dynamique sur tous les terrains ou notre Range Rover Vogue pour son raffinement. \u00a0Mais aussi des mod\u00e8les d\u2019autres marques tout aussi reconnues comme les v\u00e9hicules Mercedes : le GL pour sa polyvalence et son agilit\u00e9, le GLE pour son \u00e9l\u00e9gance alli\u00e9e \u00e0 la fougue, le GLS pour profiter du meilleur sur tous les terrains ou encore le design antique des G63 et G350 ainsi que leur robustesse.<\/p>\n<p style=\"text-align: justify;\">Vous pouvez acc\u00e9der \u00e0 Toulon gr\u00e2ce \u00e0 diff\u00e9rents axes routiers, par train ou encore gr\u00e2ce \u00e0 l\u2019a\u00e9roport international Nice C\u00f4te d\u2019Azur se situant \u00e0 environ 1h20 de route ou encore l\u2019a\u00e9roport de Hy\u00e8res.<\/p>\n<p style=\"text-align: justify;\">Gr\u00e2ce \u00e0 son <strong>large choix de marques<\/strong> et de v\u00e9hicule Mc Luxury Rental saura r\u00e9pondre \u00e0 toutes vos attentes, m\u00eame les plus folles.<\/p>\n<h2 style=\"text-align: justify;\">Mc Luxury Rental et son exp\u00e9rience<\/h2>\n<p style=\"text-align: justify;\">Forte de ses 7 ann\u00e9es d\u2019exp\u00e9rience dans le domaine de la location d\u2019automobile, Mc Luxury Rental a su fid\u00e9liser sa client\u00e8le en renouvelant r\u00e9guli\u00e8rement son stock de <strong>v\u00e9hicules de luxe<\/strong> mais aussi en \u00e9tant \u00e0 l\u2019\u00e9coute.<\/p>\n<p style=\"text-align: justify;\">Le mot d\u2019ordre de la soci\u00e9t\u00e9 est la rapidit\u00e9. Mc Luxury Rental vous offre une qualit\u00e9 de service inconnue encore jusqu\u2019\u00e0 pr\u00e9sent dans ce domaine.<\/p>\n<p style=\"text-align: justify;\">Nous vous livrons votre v\u00e9hicule en moins d\u2019une heure gr\u00e2ce \u00e0 nos nombreux points d\u2019implantation en Europe. Que vous soyez \u00e0 l\u2019h\u00f4tel, \u00e0 domicile ou encore \u00e0 l\u2019a\u00e9roport.<\/p>\n<p style=\"text-align: justify;\">Mc Luxury Rental vous offre une<strong> prestation de service hors du commun<\/strong> afin de vous satisfaire. N\u2019\u00e9tant jamais \u00e0 l\u2019abris d\u2019un probl\u00e8me quelconque nous mettons en place pour vous une assistance en moins d\u2019une heure.<\/p>\n<p style=\"text-align: justify;\">Mc Luxury Rental pimentera votre s\u00e9jour et vos vacances en vous offrant la possibilit\u00e9 de conduire les voitures de vos r\u00eaves comme <strong>l\u2019Audi<\/strong> R8, ou les voitures de marque italienne comme la <strong>Lamborghini<\/strong> Aventador, la <strong>Ferrari<\/strong> 488GTB pour son \u00e9l\u00e9gance et sa mythique couleur rouge ou une <strong>Bugatti<\/strong> Veyron. D\u2019autres mod\u00e8les en stock ne vous laisseront pas perplexe et vos vacances deviendront in\u00e9dites.<\/p>\n<p style=\"text-align: justify;\">Mc Luxury Rental vous offrira la r\u00e9ponse. La seule et unique solution pour vous. Une solution adapt\u00e9e \u00e0 votre demande. Notre \u00e9quipe d\u2019expert \u00e9tudiera votre demande dans les moindres d\u00e9tails et les plus brefs d\u00e9lais pour r\u00e9pondre \u00e0 votre attente.<\/p>\n<p style=\"text-align: justify;\">A votre service et \u00e0 votre \u00e9coute vous pourrez compter sur notre \u00e9quipe d\u2019experts.<\/p>\n<p style=\"text-align: justify;\">\n<p><span style=\"text-decoration: underline;\"><strong>D\u00e9couvrez les autres villes :<\/strong><\/span><\/p>\n<ul>\n<li><a href=\"https:\/\/luxury-rental-mc.com\/fr\/location-voiture-luxe\/barcelone\">Location Barcelone<\/a><\/li>\n<li><a href=\"https:\/\/luxury-rental-mc.com\/fr\/location-voiture-luxe\/cannes\">Location Cannes<\/a><\/li>\n<li><a href=\"https:\/\/luxury-rental-mc.com\/fr\/location-voiture-luxe\/location-corse\">Location Corse<\/a><\/li>\n<li><a href=\"https:\/\/luxury-rental-mc.com\/fr\/location-voiture-luxe\/marbella\">Location Marbella<\/a><\/li>\n<li><a href=\"https:\/\/luxury-rental-mc.com\/fr\/location-voiture-luxe\/milan\">Location Milan<\/a><\/li>\n<li><a href=\"https:\/\/luxury-rental-mc.com\/fr\/location-voiture-luxe\/monaco\">Location Monaco<\/a><\/li>\n<li><a href=\"https:\/\/luxury-rental-mc.com\/fr\/location-voiture-luxe\/nice\">Location Nice<\/a><\/li>\n<li><a href=\"https:\/\/luxury-rental-mc.com\/fr\/location-voiture-luxe\/rome\">Location Rome<\/a><\/li>\n<li><a href=\"https:\/\/luxury-rental-mc.com\/fr\/location-voiture-luxe\/saint-tropez\">Location Saint Tropez<\/a><\/li>\n<\/ul>\n","protected":false},"excerpt":{"rendered":"<p>Louer une voiture \u00e0 Toulon Toulon est une ville situ\u00e9e dans le Var sur la C\u00f4te M\u00e9diterran\u00e9enne. Elle n\u2019est pas la ville la plus touristique de la C\u00f4te mais elle attise tout de m\u00eame l\u2019attention des curieux. Toulon : point de passage En effet, Toulon est le port d\u2019attache du fameux porte-avions Charles de Gaulle [&hellip;]<\/p>\n","protected":false},"author":1,"featured_media":0,"parent":8650,"menu_order":0,"comment_status":"closed","ping_status":"closed","template":"","meta":{"_monsterinsights_skip_tracking":false,"_monsterinsights_sitenote_active":false,"_monsterinsights_sitenote_note":"","_monsterinsights_sitenote_category":0},"yoast_head":"<!-- This site is optimized with the Yoast SEO plugin v20.3 - https:\/\/yoast.com\/wordpress\/plugins\/seo\/ -->\n<title>Location voitures \u00e0 Toulon, voitures de luxe | LR MC<\/title>\n<meta name=\"description\" content=\"Toulon est une ville connue gr\u00e2ce \u00e0 son port h\u00e9bergeant le porte avion Charles de Gaulle mais aussi pour partir en Corse. Louez votre voiture ici !\" \/>\n<meta name=\"robots\" content=\"index, follow, max-snippet:-1, max-image-preview:large, max-video-preview:-1\" \/>\n<link rel=\"canonical\" href=\"https:\/\/luxury-rental-mc.com\/fr\/location-voiture-luxe\/toulon\/\" \/>\n<meta property=\"og:locale\" content=\"fr_FR\" \/>\n<meta property=\"og:type\" content=\"article\" \/>\n<meta property=\"og:title\" content=\"Location voitures \u00e0 Toulon, voitures de luxe | LR MC\" \/>\n<meta property=\"og:description\" content=\"Toulon est une ville connue gr\u00e2ce \u00e0 son port h\u00e9bergeant le porte avion Charles de Gaulle mais aussi pour partir en Corse. Louez votre voiture ici !\" \/>\n<meta property=\"og:url\" content=\"https:\/\/luxury-rental-mc.com\/fr\/location-voiture-luxe\/toulon\/\" \/>\n<meta property=\"og:site_name\" content=\"Luxury Car Rentals | Monaco, Nice, Cannes, Saint-Tropez\" \/>\n<meta property=\"article:modified_time\" content=\"2016-08-14T17:04:46+00:00\" \/>\n<meta property=\"og:image\" content=\"https:\/\/luxury-rental-mc.com\/wp-content\/uploads\/2016\/08\/Toulon_Faron3_P1440701-P1440708-300x119.jpg\" \/>\n<meta name=\"twitter:label1\" content=\"Dur\u00e9e de lecture estim\u00e9e\" \/>\n\t<meta name=\"twitter:data1\" content=\"4 minutes\" \/>\n<script type=\"application\/ld+json\" class=\"yoast-schema-graph\">{\"@context\":\"https:\/\/schema.org\",\"@graph\":[{\"@type\":\"WebPage\",\"@id\":\"https:\/\/luxury-rental-mc.com\/fr\/location-voiture-luxe\/toulon\/\",\"url\":\"https:\/\/luxury-rental-mc.com\/fr\/location-voiture-luxe\/toulon\/\",\"name\":\"Location voitures \u00e0 Toulon, voitures de luxe | LR MC\",\"isPartOf\":{\"@id\":\"https:\/\/luxury-rental-mc.com\/#website\"},\"datePublished\":\"2016-08-04T18:05:48+00:00\",\"dateModified\":\"2016-08-14T17:04:46+00:00\",\"description\":\"Toulon est une ville connue gr\u00e2ce \u00e0 son port h\u00e9bergeant le porte avion Charles de Gaulle mais aussi pour partir en Corse. Louez votre voiture ici !\",\"breadcrumb\":{\"@id\":\"https:\/\/luxury-rental-mc.com\/fr\/location-voiture-luxe\/toulon\/#breadcrumb\"},\"inLanguage\":\"fr-FR\",\"potentialAction\":[{\"@type\":\"ReadAction\",\"target\":[\"https:\/\/luxury-rental-mc.com\/fr\/location-voiture-luxe\/toulon\/\"]}]},{\"@type\":\"BreadcrumbList\",\"@id\":\"https:\/\/luxury-rental-mc.com\/fr\/location-voiture-luxe\/toulon\/#breadcrumb\",\"itemListElement\":[{\"@type\":\"ListItem\",\"position\":1,\"name\":\"Accueil\",\"item\":\"https:\/\/luxury-rental-mc.com\/fr\/\"},{\"@type\":\"ListItem\",\"position\":2,\"name\":\"Location\",\"item\":\"https:\/\/luxury-rental-mc.com\/fr\/location-voiture-luxe\/\"},{\"@type\":\"ListItem\",\"position\":3,\"name\":\"Location Toulon\"}]},{\"@type\":\"WebSite\",\"@id\":\"https:\/\/luxury-rental-mc.com\/#website\",\"url\":\"https:\/\/luxury-rental-mc.com\/\",\"name\":\"Luxury Car Rentals | Monaco, Nice, Cannes, Saint-Tropez\",\"description\":\"Rent the finest brands : Porsche, Ferrari, Lamborghini, Mercedes...\",\"potentialAction\":[{\"@type\":\"SearchAction\",\"target\":{\"@type\":\"EntryPoint\",\"urlTemplate\":\"https:\/\/luxury-rental-mc.com\/?s={search_term_string}\"},\"query-input\":\"required name=search_term_string\"}],\"inLanguage\":\"fr-FR\"}]}<\/script>\n<!-- \/ Yoast SEO plugin. -->","yoast_head_json":{"title":"Location voitures \u00e0 Toulon, voitures de luxe | LR MC","description":"Toulon est une ville connue gr\u00e2ce \u00e0 son port h\u00e9bergeant le porte avion Charles de Gaulle mais aussi pour partir en Corse. Louez votre voiture ici !","robots":{"index":"index","follow":"follow","max-snippet":"max-snippet:-1","max-image-preview":"max-image-preview:large","max-video-preview":"max-video-preview:-1"},"canonical":"https:\/\/luxury-rental-mc.com\/fr\/location-voiture-luxe\/toulon\/","og_locale":"fr_FR","og_type":"article","og_title":"Location voitures \u00e0 Toulon, voitures de luxe | LR MC","og_description":"Toulon est une ville connue gr\u00e2ce \u00e0 son port h\u00e9bergeant le porte avion Charles de Gaulle mais aussi pour partir en Corse. Louez votre voiture ici !","og_url":"https:\/\/luxury-rental-mc.com\/fr\/location-voiture-luxe\/toulon\/","og_site_name":"Luxury Car Rentals | Monaco, Nice, Cannes, Saint-Tropez","article_modified_time":"2016-08-14T17:04:46+00:00","og_image":[{"url":"https:\/\/luxury-rental-mc.com\/wp-content\/uploads\/2016\/08\/Toulon_Faron3_P1440701-P1440708-300x119.jpg"}],"twitter_misc":{"Dur\u00e9e de lecture estim\u00e9e":"4 minutes"},"schema":{"@context":"https:\/\/schema.org","@graph":[{"@type":"WebPage","@id":"https:\/\/luxury-rental-mc.com\/fr\/location-voiture-luxe\/toulon\/","url":"https:\/\/luxury-rental-mc.com\/fr\/location-voiture-luxe\/toulon\/","name":"Location voitures \u00e0 Toulon, voitures de luxe | LR MC","isPartOf":{"@id":"https:\/\/luxury-rental-mc.com\/#website"},"datePublished":"2016-08-04T18:05:48+00:00","dateModified":"2016-08-14T17:04:46+00:00","description":"Toulon est une ville connue gr\u00e2ce \u00e0 son port h\u00e9bergeant le porte avion Charles de Gaulle mais aussi pour partir en Corse. Louez votre voiture ici !","breadcrumb":{"@id":"https:\/\/luxury-rental-mc.com\/fr\/location-voiture-luxe\/toulon\/#breadcrumb"},"inLanguage":"fr-FR","potentialAction":[{"@type":"ReadAction","target":["https:\/\/luxury-rental-mc.com\/fr\/location-voiture-luxe\/toulon\/"]}]},{"@type":"BreadcrumbList","@id":"https:\/\/luxury-rental-mc.com\/fr\/location-voiture-luxe\/toulon\/#breadcrumb","itemListElement":[{"@type":"ListItem","position":1,"name":"Accueil","item":"https:\/\/luxury-rental-mc.com\/fr\/"},{"@type":"ListItem","position":2,"name":"Location","item":"https:\/\/luxury-rental-mc.com\/fr\/location-voiture-luxe\/"},{"@type":"ListItem","position":3,"name":"Location Toulon"}]},{"@type":"WebSite","@id":"https:\/\/luxury-rental-mc.com\/#website","url":"https:\/\/luxury-rental-mc.com\/","name":"Luxury Car Rentals | Monaco, Nice, Cannes, Saint-Tropez","description":"Rent the finest brands : Porsche, Ferrari, Lamborghini, Mercedes...","potentialAction":[{"@type":"SearchAction","target":{"@type":"EntryPoint","urlTemplate":"https:\/\/luxury-rental-mc.com\/?s={search_term_string}"},"query-input":"required name=search_term_string"}],"inLanguage":"fr-FR"}]}},"_links":{"self":[{"href":"https:\/\/luxury-rental-mc.com\/fr\/wp-json\/wp\/v2\/pages\/8690\/"}],"collection":[{"href":"https:\/\/luxury-rental-mc.com\/fr\/wp-json\/wp\/v2\/pages\/"}],"about":[{"href":"https:\/\/luxury-rental-mc.com\/fr\/wp-json\/wp\/v2\/types\/page\/"}],"author":[{"embeddable":true,"href":"https:\/\/luxury-rental-mc.com\/fr\/wp-json\/wp\/v2\/users\/1\/"}],"replies":[{"embeddable":true,"href":"https:\/\/luxury-rental-mc.com\/fr\/wp-json\/wp\/v2\/comments\/?post=8690"}],"version-history":[{"count":7,"href":"https:\/\/luxury-rental-mc.com\/fr\/wp-json\/wp\/v2\/pages\/8690\/revisions\/"}],"predecessor-version":[{"id":9033,"href":"https:\/\/luxury-rental-mc.com\/fr\/wp-json\/wp\/v2\/pages\/8690\/revisions\/9033\/"}],"up":[{"embeddable":true,"href":"https:\/\/luxury-rental-mc.com\/fr\/wp-json\/wp\/v2\/pages\/8650\/"}],"wp:attachment":[{"href":"https:\/\/luxury-rental-mc.com\/fr\/wp-json\/wp\/v2\/media\/?parent=8690"}],"curies":[{"name":"wp","href":"https:\/\/api.w.org\/{rel}","templated":true}]}}