{"id":8692,"date":"2016-08-04T20:06:30","date_gmt":"2016-08-04T18:06:30","guid":{"rendered":"https:\/\/luxury-rental-mc.com\/fr\/?page_id=8692"},"modified":"2016-08-14T19:04:32","modified_gmt":"2016-08-14T17:04:32","slug":"saint-tropez","status":"publish","type":"page","link":"https:\/\/luxury-rental-mc.com\/fr\/location-voiture-luxe\/saint-tropez\/","title":{"rendered":"Location Saint Tropez"},"content":{"rendered":"<h1>Location de luxe \u00e0 Saint Tropez<\/h1>\n<p style=\"text-align: justify;\">Saint Tropez est une ville situ\u00e9e sur la<strong> C\u00f4te d\u2019Azur<\/strong>, elle est consid\u00e9r\u00e9e comme la capitale du show-biz fran\u00e7ais. C\u2019est un petit village typique du sud de la France des plus connus au monde surprenant toujours par sa simplicit\u00e9 et son aspect traditionnel.<\/p>\n<h2 style=\"text-align: justify;\">Saint Tropez votre lieu tendance<\/h2>\n<p style=\"text-align: justify;\">Saint Tropez est une ville tr\u00e8s touristique et dynamique notamment pendant la p\u00e9riode d\u2019\u00e9t\u00e9. Si vous souhaitez visiter ce petit coin typique de France Mc Luxury Rental est votre solution. Nous vous proposons un <strong>large choix de v\u00e9hicule<\/strong> haut de gamme pour profiter d\u2019un s\u00e9jour trop\u00e9zien \u00e0 la hauteur de vos attentes.<img loading=\"lazy\" class=\"aligncenter wp-image-8908\" src=\"https:\/\/luxury-rental-mc.com\/wp-content\/uploads\/2016\/08\/Hauteurs_de_Saint-Tropez_port_et_clocher-300x225.jpg\" alt=\"louer une voiture \u00e0 saint tropez\" width=\"373\" height=\"280\" srcset=\"https:\/\/luxury-rental-mc.com\/wp-content\/uploads\/2016\/08\/Hauteurs_de_Saint-Tropez_port_et_clocher-300x225.jpg 300w, https:\/\/luxury-rental-mc.com\/wp-content\/uploads\/2016\/08\/Hauteurs_de_Saint-Tropez_port_et_clocher-768x576.jpg 768w, https:\/\/luxury-rental-mc.com\/wp-content\/uploads\/2016\/08\/Hauteurs_de_Saint-Tropez_port_et_clocher.jpg 1024w, https:\/\/luxury-rental-mc.com\/wp-content\/uploads\/2016\/08\/Hauteurs_de_Saint-Tropez_port_et_clocher-400x300.jpg 400w, https:\/\/luxury-rental-mc.com\/wp-content\/uploads\/2016\/08\/Hauteurs_de_Saint-Tropez_port_et_clocher-800x600.jpg 800w\" sizes=\"(max-width: 373px) 100vw, 373px\" \/><\/p>\n<p style=\"text-align: justify;\">Milieu du luxe et de la jet-set il vous faudra s\u00fbrement rivaliser en louant nos plus belles voitures sportives comme une Lamborghini Aventador, le charme d\u2019une Ferrari \u00a0ou le chic d\u2019une Audi R8.<\/p>\n<p style=\"text-align: justify;\">Le fameux port de Saint Tropez vous montrera ses plus beaux yachts faisant r\u00eaver les plus curieux tandis que ses petites ruelles, son incontournable Place des Lices vous ferons craquer pour leur beaut\u00e9 authentique.<\/p>\n<p style=\"text-align: justify;\">Tout comme nos <strong>voitures de luxe<\/strong> vous trouverez de nombreuses boutiques de luxe, de haute couture. Vous pourrez alors louer une petite citadine pour arpenter les petites rues de Saint Tropez pour votre shoping : tout comme les ruelles de Saint Tropez nous vous proposons par exemple le mod\u00e8le de l\u2019authentique <strong>Mini Cooper<\/strong>. D\u00e9capotable elle vous permettra de profiter du soleil et rendra vos vacances inoubliables. Une citadine comme la <strong>Audi<\/strong> A1 vous permettra d\u2019allier le c\u00f4t\u00e9 sportif et chic d\u2019une citadine, spacieuse \u00e0 l\u2019int\u00e9rieur mais assez compacte elle vous permettra de vous garer et de vous faufiler plus simplement dans les rues.<\/p>\n<p>Ce village typique est notamment connu pour l\u2019\u00e9v\u00e9nement international tr\u00e8s pris\u00e9 fin septembre Les Voiles de Saint Tropez auquel vous pourrez assister en famille gr\u00e2ce \u00e0 la location d\u2019un 4&#215;4\/SUV comme <strong>le Range Rover<\/strong> Sport si vous aimez une conduite sportive, le Range Rover Autobiography pour un maniement dynamique sur tous les terrains ou notre Range Rover Vogue pour son raffinement. Si vous \u00eates plut\u00f4t <strong>Mercedes<\/strong> ? Nous vous proposons les meilleurs mod\u00e8les de la marque allemande : le GL pour sa polyvalence et son agilit\u00e9, le GLE pour son \u00e9l\u00e9gance alli\u00e9e \u00e0 la fougue, le GLS pour profiter du meilleur sur tous les terrains ou encore le design antique des G63 et G350 ainsi que leur robustesse. \u00a0Nous mettons \u00e9galement \u00e0 votre disposition des vans pour vos congr\u00e8s \u00e0 plusieurs ou vos vacances en famille nombreuses.<img loading=\"lazy\" class=\"aligncenter wp-image-8910\" src=\"https:\/\/luxury-rental-mc.com\/wp-content\/uploads\/2016\/08\/Vue_de_Saint-Tropez-300x214.jpg\" alt=\"location voiture de luxe \u00e0 saint tropez\" width=\"396\" height=\"283\" srcset=\"https:\/\/luxury-rental-mc.com\/wp-content\/uploads\/2016\/08\/Vue_de_Saint-Tropez-300x214.jpg 300w, https:\/\/luxury-rental-mc.com\/wp-content\/uploads\/2016\/08\/Vue_de_Saint-Tropez-400x285.jpg 400w, https:\/\/luxury-rental-mc.com\/wp-content\/uploads\/2016\/08\/Vue_de_Saint-Tropez.jpg 604w\" sizes=\"(max-width: 396px) 100vw, 396px\" \/><\/p>\n<h2 style=\"text-align: justify;\">Se sentir comme une star gr\u00e2ce au service Mc Luxury Rental<\/h2>\n<p style=\"text-align: justify;\"><strong>Mc Luxury Rental<\/strong> vous offre un service in\u00e9dit digne de service de star. O\u00f9 que vous soyez vous pourrez \u00eatre livr\u00e9 maximum une heure apr\u00e8s votre commande. Notre \u00e9quipe de professionnel se met enti\u00e8rement \u00e0 votre disposition pour r\u00e9pondre \u00e0 tous vos crit\u00e8res de recherche et votre demande. Tel une star vous pourrez commander nos limousines ou grosses berlines de luxe comme les mod\u00e8les <strong>Rolls Royce<\/strong> qui allient tr\u00e8s bien chic, \u00e9l\u00e9gance, robustesse et dynamisme ou les mod\u00e8les spacieux et classe de Mercedes.<\/p>\n<p style=\"text-align: justify;\">Vous pourrez \u00e9galement venir assister gr\u00e2ce \u00e0 la location d\u2019une voiture chez Mc Luxury Rental aux autres \u00e9v\u00e9nements connus de Saint Tropez comme la Grande Braderie, la f\u00eate des p\u00eacheurs, le festival les nuits du ch\u00e2teau de la Moutte, etc. Notre soci\u00e9t\u00e9 pourra d\u00e9poser votre v\u00e9hicule command\u00e9 o\u00f9 que vous soyez : dans un des nombreux h\u00f4tels pr\u00e9sent sur la C\u00f4te d\u2019Azur, \u00e0 l\u2019a\u00e9roport international de Nice C\u00f4te D\u2019azur class\u00e9 num\u00e9ro 3 des a\u00e9roports fran\u00e7ais situ\u00e9 \u00e0 moins de 100kms ou \u00e0 \u00a0l\u2019a\u00e9roport de Toulon-Hy\u00e8res situ\u00e9 \u00e0 52kms mais \u00e9tant desservi par moins de destinations.<\/p>\n<p style=\"text-align: justify;\">Il vous faudra profiter de notre offre sur les mod\u00e8les les plus embl\u00e9matiques et sportifs des marques allemandes ou italiennes comme <strong>Porsche<\/strong> et sa classe ind\u00e9modable, <strong>Ferrari<\/strong> pour sa sportivit\u00e9 et <strong>McLaren<\/strong> pour son dynamisme et sa rapidit\u00e9 afin de rendre votre s\u00e9jour inoubliable.<\/p>\n<p>Que votre s\u00e9jour soit professionnel ou familiale il vous faudra le pimenter et quoi de mieux que de le pimenter gr\u00e2ce \u00e0 une belle voiture de la soci\u00e9t\u00e9 Mc Luxury Rental ?<img loading=\"lazy\" class=\"alignnone wp-image-8906 aligncenter\" src=\"https:\/\/luxury-rental-mc.com\/wp-content\/uploads\/2016\/08\/Capture-d\u2019\u00e9cran-2016-07-29-\u00e0-16.17.09-300x216.png\" alt=\"Capture d\u2019\u00e9cran 2016-07-29 \u00e0 16.17.09\" width=\"408\" height=\"294\" srcset=\"https:\/\/luxury-rental-mc.com\/wp-content\/uploads\/2016\/08\/Capture-d\u2019\u00e9cran-2016-07-29-\u00e0-16.17.09-300x216.png 300w, https:\/\/luxury-rental-mc.com\/wp-content\/uploads\/2016\/08\/Capture-d\u2019\u00e9cran-2016-07-29-\u00e0-16.17.09-768x552.png 768w, https:\/\/luxury-rental-mc.com\/wp-content\/uploads\/2016\/08\/Capture-d\u2019\u00e9cran-2016-07-29-\u00e0-16.17.09-400x288.png 400w, https:\/\/luxury-rental-mc.com\/wp-content\/uploads\/2016\/08\/Capture-d\u2019\u00e9cran-2016-07-29-\u00e0-16.17.09.png 790w\" sizes=\"(max-width: 408px) 100vw, 408px\" \/><\/p>\n<p style=\"text-align: justify;\">Des vacances doivent \u00eatre synonyme de plaisir c\u2019est pour cela que notre soci\u00e9t\u00e9, Mc Luxury Rental, vous met \u00e0 disposition un service d\u2019assistance o\u00f9 que vous soyez car nous ne sommes jamais \u00e0 l\u2019abris d\u2019un probl\u00e8me.<\/p>\n<p style=\"text-align: justify;\">La soci\u00e9t\u00e9 Mc Luxury Rental vous offre donc la possibilit\u00e9 de succomber \u00e0 une <strong>prestation compl\u00e8te<\/strong> et un suivi client\u00e8le in\u00e9dit en vous livrant des v\u00e9hicules en moins d\u2019une heure et en vous offrant un service d\u2019assistance. C\u2019est ce qui fid\u00e9lise nos clients depuis 7 ann\u00e9es cons\u00e9cutives avec un seul mot d\u2019ordre la r\u00e9activit\u00e9 afin de ne pas d\u00e9cevoir nos clients.<\/p>\n<p style=\"text-align: justify;\">Mc Luxury Rental vous offrira la r\u00e9ponse. La seule et unique solution pour vous. Une solution adapt\u00e9e \u00e0 votre demande. Notre \u00e9quipe d\u2019expert \u00e9tudiera votre demande dans les moindres d\u00e9tails et les plus brefs d\u00e9lais pour r\u00e9pondre \u00e0 votre attente.<\/p>\n<p style=\"text-align: justify;\">A votre service et \u00e0 votre \u00e9coute vous pourrez compter sur notre \u00e9quipe d\u2019experts.<\/p>\n<p><span style=\"text-decoration: underline;\"><strong>D\u00e9couvrez les autres villes :<\/strong><\/span><\/p>\n<ul>\n<li><a href=\"https:\/\/luxury-rental-mc.com\/fr\/location-voiture-luxe\/barcelone\">Location Barcelone<\/a><\/li>\n<li><a href=\"https:\/\/luxury-rental-mc.com\/fr\/location-voiture-luxe\/cannes\">Location Cannes<\/a><\/li>\n<li><a href=\"https:\/\/luxury-rental-mc.com\/fr\/location-voiture-luxe\/location-corse\">Location Corse<\/a><\/li>\n<li><a href=\"https:\/\/luxury-rental-mc.com\/fr\/location-voiture-luxe\/marbella\">Location Marbella<\/a><\/li>\n<li><a href=\"https:\/\/luxury-rental-mc.com\/fr\/location-voiture-luxe\/milan\">Location Milan<\/a><\/li>\n<li><a href=\"https:\/\/luxury-rental-mc.com\/fr\/location-voiture-luxe\/monaco\">Location Monaco<\/a><\/li>\n<li><a href=\"https:\/\/luxury-rental-mc.com\/fr\/location-voiture-luxe\/nice\">Location Nice<\/a><\/li>\n<li><a href=\"https:\/\/luxury-rental-mc.com\/fr\/location-voiture-luxe\/rome\">Location Rome<\/a><\/li>\n<li><a href=\"https:\/\/luxury-rental-mc.com\/fr\/location-voiture-luxe\/toulon\">Location Toulon<\/a><\/li>\n<\/ul>\n","protected":false},"excerpt":{"rendered":"<p>Location de luxe \u00e0 Saint Tropez Saint Tropez est une ville situ\u00e9e sur la C\u00f4te d\u2019Azur, elle est consid\u00e9r\u00e9e comme la capitale du show-biz fran\u00e7ais. C\u2019est un petit village typique du sud de la France des plus connus au monde surprenant toujours par sa simplicit\u00e9 et son aspect traditionnel. Saint Tropez votre lieu tendance Saint [&hellip;]<\/p>\n","protected":false},"author":1,"featured_media":0,"parent":8650,"menu_order":0,"comment_status":"closed","ping_status":"closed","template":"","meta":{"_monsterinsights_skip_tracking":false,"_monsterinsights_sitenote_active":false,"_monsterinsights_sitenote_note":"","_monsterinsights_sitenote_category":0},"yoast_head":"<!-- This site is optimized with the Yoast SEO plugin v20.3 - https:\/\/yoast.com\/wordpress\/plugins\/seo\/ -->\n<title>Location de voiture de luxe \u00e0 Saint Tropez, location luxe | LR MC<\/title>\n<meta name=\"description\" content=\"Saint Tropez est une ville de la C\u00f4te d&#039;Azur tr\u00e8s touristique l&#039;\u00e9t\u00e9. Une ville qui rassemble beaucoup de luxe o\u00f9 vous pourrez louer votre voiture de luxe.\" \/>\n<meta name=\"robots\" content=\"index, follow, max-snippet:-1, max-image-preview:large, max-video-preview:-1\" \/>\n<link rel=\"canonical\" href=\"https:\/\/luxury-rental-mc.com\/fr\/location-voiture-luxe\/saint-tropez\/\" \/>\n<meta property=\"og:locale\" content=\"fr_FR\" \/>\n<meta property=\"og:type\" content=\"article\" \/>\n<meta property=\"og:title\" content=\"Location de voiture de luxe \u00e0 Saint Tropez, location luxe | LR MC\" \/>\n<meta property=\"og:description\" content=\"Saint Tropez est une ville de la C\u00f4te d&#039;Azur tr\u00e8s touristique l&#039;\u00e9t\u00e9. Une ville qui rassemble beaucoup de luxe o\u00f9 vous pourrez louer votre voiture de luxe.\" \/>\n<meta property=\"og:url\" content=\"https:\/\/luxury-rental-mc.com\/fr\/location-voiture-luxe\/saint-tropez\/\" \/>\n<meta property=\"og:site_name\" content=\"Luxury Car Rentals | Monaco, Nice, Cannes, Saint-Tropez\" \/>\n<meta property=\"article:modified_time\" content=\"2016-08-14T17:04:32+00:00\" \/>\n<meta property=\"og:image\" content=\"https:\/\/luxury-rental-mc.com\/wp-content\/uploads\/2016\/08\/Hauteurs_de_Saint-Tropez_port_et_clocher-300x225.jpg\" \/>\n<meta name=\"twitter:label1\" content=\"Dur\u00e9e de lecture estim\u00e9e\" \/>\n\t<meta name=\"twitter:data1\" content=\"5 minutes\" \/>\n<script type=\"application\/ld+json\" class=\"yoast-schema-graph\">{\"@context\":\"https:\/\/schema.org\",\"@graph\":[{\"@type\":\"WebPage\",\"@id\":\"https:\/\/luxury-rental-mc.com\/fr\/location-voiture-luxe\/saint-tropez\/\",\"url\":\"https:\/\/luxury-rental-mc.com\/fr\/location-voiture-luxe\/saint-tropez\/\",\"name\":\"Location de voiture de luxe \u00e0 Saint Tropez, location luxe | LR MC\",\"isPartOf\":{\"@id\":\"https:\/\/luxury-rental-mc.com\/#website\"},\"datePublished\":\"2016-08-04T18:06:30+00:00\",\"dateModified\":\"2016-08-14T17:04:32+00:00\",\"description\":\"Saint Tropez est une ville de la C\u00f4te d'Azur tr\u00e8s touristique l'\u00e9t\u00e9. Une ville qui rassemble beaucoup de luxe o\u00f9 vous pourrez louer votre voiture de luxe.\",\"breadcrumb\":{\"@id\":\"https:\/\/luxury-rental-mc.com\/fr\/location-voiture-luxe\/saint-tropez\/#breadcrumb\"},\"inLanguage\":\"fr-FR\",\"potentialAction\":[{\"@type\":\"ReadAction\",\"target\":[\"https:\/\/luxury-rental-mc.com\/fr\/location-voiture-luxe\/saint-tropez\/\"]}]},{\"@type\":\"BreadcrumbList\",\"@id\":\"https:\/\/luxury-rental-mc.com\/fr\/location-voiture-luxe\/saint-tropez\/#breadcrumb\",\"itemListElement\":[{\"@type\":\"ListItem\",\"position\":1,\"name\":\"Accueil\",\"item\":\"https:\/\/luxury-rental-mc.com\/fr\/\"},{\"@type\":\"ListItem\",\"position\":2,\"name\":\"Location\",\"item\":\"https:\/\/luxury-rental-mc.com\/fr\/location-voiture-luxe\/\"},{\"@type\":\"ListItem\",\"position\":3,\"name\":\"Location Saint Tropez\"}]},{\"@type\":\"WebSite\",\"@id\":\"https:\/\/luxury-rental-mc.com\/#website\",\"url\":\"https:\/\/luxury-rental-mc.com\/\",\"name\":\"Luxury Car Rentals | Monaco, Nice, Cannes, Saint-Tropez\",\"description\":\"Rent the finest brands : Porsche, Ferrari, Lamborghini, Mercedes...\",\"potentialAction\":[{\"@type\":\"SearchAction\",\"target\":{\"@type\":\"EntryPoint\",\"urlTemplate\":\"https:\/\/luxury-rental-mc.com\/?s={search_term_string}\"},\"query-input\":\"required name=search_term_string\"}],\"inLanguage\":\"fr-FR\"}]}<\/script>\n<!-- \/ Yoast SEO plugin. -->","yoast_head_json":{"title":"Location de voiture de luxe \u00e0 Saint Tropez, location luxe | LR MC","description":"Saint Tropez est une ville de la C\u00f4te d'Azur tr\u00e8s touristique l'\u00e9t\u00e9. Une ville qui rassemble beaucoup de luxe o\u00f9 vous pourrez louer votre voiture de luxe.","robots":{"index":"index","follow":"follow","max-snippet":"max-snippet:-1","max-image-preview":"max-image-preview:large","max-video-preview":"max-video-preview:-1"},"canonical":"https:\/\/luxury-rental-mc.com\/fr\/location-voiture-luxe\/saint-tropez\/","og_locale":"fr_FR","og_type":"article","og_title":"Location de voiture de luxe \u00e0 Saint Tropez, location luxe | LR MC","og_description":"Saint Tropez est une ville de la C\u00f4te d'Azur tr\u00e8s touristique l'\u00e9t\u00e9. Une ville qui rassemble beaucoup de luxe o\u00f9 vous pourrez louer votre voiture de luxe.","og_url":"https:\/\/luxury-rental-mc.com\/fr\/location-voiture-luxe\/saint-tropez\/","og_site_name":"Luxury Car Rentals | Monaco, Nice, Cannes, Saint-Tropez","article_modified_time":"2016-08-14T17:04:32+00:00","og_image":[{"url":"https:\/\/luxury-rental-mc.com\/wp-content\/uploads\/2016\/08\/Hauteurs_de_Saint-Tropez_port_et_clocher-300x225.jpg"}],"twitter_misc":{"Dur\u00e9e de lecture estim\u00e9e":"5 minutes"},"schema":{"@context":"https:\/\/schema.org","@graph":[{"@type":"WebPage","@id":"https:\/\/luxury-rental-mc.com\/fr\/location-voiture-luxe\/saint-tropez\/","url":"https:\/\/luxury-rental-mc.com\/fr\/location-voiture-luxe\/saint-tropez\/","name":"Location de voiture de luxe \u00e0 Saint Tropez, location luxe | LR MC","isPartOf":{"@id":"https:\/\/luxury-rental-mc.com\/#website"},"datePublished":"2016-08-04T18:06:30+00:00","dateModified":"2016-08-14T17:04:32+00:00","description":"Saint Tropez est une ville de la C\u00f4te d'Azur tr\u00e8s touristique l'\u00e9t\u00e9. Une ville qui rassemble beaucoup de luxe o\u00f9 vous pourrez louer votre voiture de luxe.","breadcrumb":{"@id":"https:\/\/luxury-rental-mc.com\/fr\/location-voiture-luxe\/saint-tropez\/#breadcrumb"},"inLanguage":"fr-FR","potentialAction":[{"@type":"ReadAction","target":["https:\/\/luxury-rental-mc.com\/fr\/location-voiture-luxe\/saint-tropez\/"]}]},{"@type":"BreadcrumbList","@id":"https:\/\/luxury-rental-mc.com\/fr\/location-voiture-luxe\/saint-tropez\/#breadcrumb","itemListElement":[{"@type":"ListItem","position":1,"name":"Accueil","item":"https:\/\/luxury-rental-mc.com\/fr\/"},{"@type":"ListItem","position":2,"name":"Location","item":"https:\/\/luxury-rental-mc.com\/fr\/location-voiture-luxe\/"},{"@type":"ListItem","position":3,"name":"Location Saint Tropez"}]},{"@type":"WebSite","@id":"https:\/\/luxury-rental-mc.com\/#website","url":"https:\/\/luxury-rental-mc.com\/","name":"Luxury Car Rentals | Monaco, Nice, Cannes, Saint-Tropez","description":"Rent the finest brands : Porsche, Ferrari, Lamborghini, Mercedes...","potentialAction":[{"@type":"SearchAction","target":{"@type":"EntryPoint","urlTemplate":"https:\/\/luxury-rental-mc.com\/?s={search_term_string}"},"query-input":"required name=search_term_string"}],"inLanguage":"fr-FR"}]}},"_links":{"self":[{"href":"https:\/\/luxury-rental-mc.com\/fr\/wp-json\/wp\/v2\/pages\/8692\/"}],"collection":[{"href":"https:\/\/luxury-rental-mc.com\/fr\/wp-json\/wp\/v2\/pages\/"}],"about":[{"href":"https:\/\/luxury-rental-mc.com\/fr\/wp-json\/wp\/v2\/types\/page\/"}],"author":[{"embeddable":true,"href":"https:\/\/luxury-rental-mc.com\/fr\/wp-json\/wp\/v2\/users\/1\/"}],"replies":[{"embeddable":true,"href":"https:\/\/luxury-rental-mc.com\/fr\/wp-json\/wp\/v2\/comments\/?post=8692"}],"version-history":[{"count":8,"href":"https:\/\/luxury-rental-mc.com\/fr\/wp-json\/wp\/v2\/pages\/8692\/revisions\/"}],"predecessor-version":[{"id":9032,"href":"https:\/\/luxury-rental-mc.com\/fr\/wp-json\/wp\/v2\/pages\/8692\/revisions\/9032\/"}],"up":[{"embeddable":true,"href":"https:\/\/luxury-rental-mc.com\/fr\/wp-json\/wp\/v2\/pages\/8650\/"}],"wp:attachment":[{"href":"https:\/\/luxury-rental-mc.com\/fr\/wp-json\/wp\/v2\/media\/?parent=8692"}],"curies":[{"name":"wp","href":"https:\/\/api.w.org\/{rel}","templated":true}]}}