{"id":8694,"date":"2016-08-04T20:07:27","date_gmt":"2016-08-04T18:07:27","guid":{"rendered":"https:\/\/luxury-rental-mc.com\/fr\/?page_id=8694"},"modified":"2016-08-14T19:04:04","modified_gmt":"2016-08-14T17:04:04","slug":"nice","status":"publish","type":"page","link":"https:\/\/luxury-rental-mc.com\/fr\/location-voiture-luxe\/nice\/","title":{"rendered":"Location Nice"},"content":{"rendered":"<h1 style=\"text-align: justify;\">Louer \u00e0 Nice !<\/h1>\n<p style=\"text-align: justify;\">Nice est une m\u00e9tropole connue de la <strong>C\u00f4te d\u2019Azur<\/strong>, un lieu embl\u00e9matique gr\u00e2ce \u00e0 sa fameuse promenade des anglais, ses plages et son soleil.<\/p>\n<p style=\"text-align: justify;\">L\u2019\u00e9v\u00e9nement incontournable de la ville de Nice est son magnifique Carnaval qui se d\u00e9roule au mois de F\u00e9vrier et auquel vous devez assister !<\/p>\n<h2 style=\"text-align: justify;\">Nice, son Carnaval et sa Promenade<\/h2>\n<p style=\"text-align: justify;\">Y assister oui, mais comment se d\u00e9placer ? <strong>Mc Luxury Rental<\/strong> est une soci\u00e9t\u00e9 bas\u00e9e sur la C\u00f4te d\u2019Azur depuis 7 ans et fid\u00e9lise ses clients jours apr\u00e8s jours afin de leur proposer un service de location de voitures haut de gamme pour vous permettre de passer des s\u00e9jours familial ou professionnels dans de bonnes conditions.<\/p>\n<p style=\"text-align: justify;\">Nice \u00e9tant une ville id\u00e9alement situ\u00e9e entre mer et montagne vous permettra de profiter des fameuses plages de galets mais aussi de d\u00e9couvrir l\u2019arri\u00e8re pays escarp\u00e9 et le parc du Mercantour. Nice permet \u00e9galement de passer des s\u00e9jours d\u2019hiver dans des stations de ski \u00e0 environ 1 heure de trajet.<\/p>\n<p style=\"text-align: justify;\"><img loading=\"lazy\" class=\"alignnone wp-image-8883\" src=\"https:\/\/luxury-rental-mc.com\/wp-content\/uploads\/2016\/08\/nice-1121373_960_720-300x200.jpg\" alt=\"louer voiture \u00e0 Nice\" width=\"395\" height=\"263\" srcset=\"https:\/\/luxury-rental-mc.com\/wp-content\/uploads\/2016\/08\/nice-1121373_960_720-300x200.jpg 300w, https:\/\/luxury-rental-mc.com\/wp-content\/uploads\/2016\/08\/nice-1121373_960_720-768x511.jpg 768w, https:\/\/luxury-rental-mc.com\/wp-content\/uploads\/2016\/08\/nice-1121373_960_720-150x100.jpg 150w, https:\/\/luxury-rental-mc.com\/wp-content\/uploads\/2016\/08\/nice-1121373_960_720-400x266.jpg 400w, https:\/\/luxury-rental-mc.com\/wp-content\/uploads\/2016\/08\/nice-1121373_960_720-800x533.jpg 800w, https:\/\/luxury-rental-mc.com\/wp-content\/uploads\/2016\/08\/nice-1121373_960_720-900x600.jpg 900w, https:\/\/luxury-rental-mc.com\/wp-content\/uploads\/2016\/08\/nice-1121373_960_720.jpg 960w\" sizes=\"(max-width: 395px) 100vw, 395px\" \/>\u00a0 \u00a0 \u00a0 \u00a0 \u00a0 \u00a0 \u00a0 \u00a0<img loading=\"lazy\" class=\"alignnone wp-image-8881\" src=\"https:\/\/luxury-rental-mc.com\/wp-content\/uploads\/2016\/08\/nice-166051_960_720-300x225.jpg\" alt=\"location voiture de luxe nice\" width=\"392\" height=\"294\" srcset=\"https:\/\/luxury-rental-mc.com\/wp-content\/uploads\/2016\/08\/nice-166051_960_720-300x225.jpg 300w, https:\/\/luxury-rental-mc.com\/wp-content\/uploads\/2016\/08\/nice-166051_960_720-768x576.jpg 768w, https:\/\/luxury-rental-mc.com\/wp-content\/uploads\/2016\/08\/nice-166051_960_720-400x300.jpg 400w, https:\/\/luxury-rental-mc.com\/wp-content\/uploads\/2016\/08\/nice-166051_960_720-800x600.jpg 800w, https:\/\/luxury-rental-mc.com\/wp-content\/uploads\/2016\/08\/nice-166051_960_720.jpg 960w\" sizes=\"(max-width: 392px) 100vw, 392px\" \/><\/p>\n<p style=\"text-align: justify;\">Mc Luxury Rental sera donc votre solution en hiver ou en \u00e9t\u00e9 en vous proposant des voitures tout terrain qui s\u2019adapteront \u00e0 vos conditions de vacances. Vous pourrez alors louer des petites citadines comme la petite <strong>BMW<\/strong> S\u00e9rie 1 qui vous permettra d\u2019arpenter les petites rues ni\u00e7oises et de profiter de sa vieille ville, de ses boutiques et caf\u00e9s ou une <strong>Mini Cooper cabriolet<\/strong> pour son c\u00f4t\u00e9 tr\u00e8s estival pour vos vacances d\u2019\u00e9t\u00e9 ou enfin une Audi A1 pour \u00eatre une voiture compacte et sportive. Si vous \u00eates en vacances en famille et que vous \u00eates plut\u00f4t 4&#215;4 <strong>Mercedes<\/strong> nous vous proposons les meilleurs mod\u00e8les de la marque allemande : le GL pour sa polyvalence et son agilit\u00e9, le GLE pour son \u00e9l\u00e9gance alli\u00e9e \u00e0 la fougue, le GLS pour profiter du meilleur sur tous les terrains ou encore le design antique des G63 et G350 ainsi que leur robustesse.<\/p>\n<p style=\"text-align: justify;\">Les SUV <strong>Range Rover<\/strong> sont \u00e9galement \u00e0 votre disposition avec le Range Rover Sport si vous aimez une conduite sportive, le Range Rover Autobiography pour un maniement dynamique sur tous les terrains ou notre Range Rover Vogue pour son raffinement. Le <strong>BMW<\/strong> X5 est \u00e9galement un mod\u00e8le tr\u00e8s r\u00e9put\u00e9 et demand\u00e9 par nos clients pour des vacances en famille. Nous pouvons mettre \u00e9galement \u00e0 votre disposition des vans beaucoup plus spacieux si vous \u00eates une famille nombreuse ou si vous assistez \u00e0 un rendez-vous professionnel \u00e0 plusieurs.<\/p>\n<p style=\"text-align: justify;\"><img loading=\"lazy\" class=\"aligncenter wp-image-8885\" src=\"https:\/\/luxury-rental-mc.com\/wp-content\/uploads\/2016\/08\/Saleya_nice-300x225.jpg\" alt=\"location voiture de luxe nice\" width=\"363\" height=\"272\" srcset=\"https:\/\/luxury-rental-mc.com\/wp-content\/uploads\/2016\/08\/Saleya_nice-300x225.jpg 300w, https:\/\/luxury-rental-mc.com\/wp-content\/uploads\/2016\/08\/Saleya_nice-768x576.jpg 768w, https:\/\/luxury-rental-mc.com\/wp-content\/uploads\/2016\/08\/Saleya_nice-1024x768.jpg 1024w, https:\/\/luxury-rental-mc.com\/wp-content\/uploads\/2016\/08\/Saleya_nice-400x300.jpg 400w, https:\/\/luxury-rental-mc.com\/wp-content\/uploads\/2016\/08\/Saleya_nice-800x600.jpg 800w, https:\/\/luxury-rental-mc.com\/wp-content\/uploads\/2016\/08\/Saleya_nice.jpg 1200w\" sizes=\"(max-width: 363px) 100vw, 363px\" \/><\/p>\n<p style=\"text-align: justify;\">Par ailleurs, la location de ce type de voiture vous permettra \u00e9galement de profiter des routes pour rejoindre les domaines montagneux skiables comme Auron, Isola 2000 et Valberg accessibles \u00e9galement en p\u00e9riode estivale.<\/p>\n<p style=\"text-align: justify;\">Si vous venez pour un s\u00e9jour professionnel ou assister \u00e0 un des nombreux congr\u00e8s sur la ville de Cannes nous pouvons mettre \u00e0 votre disposition des berlines\/ limousines de luxe comme les mod\u00e8les les plus connus de <strong>Rolls Royce<\/strong> Phantom 2009, Ghost, les mod\u00e8les m\u00e9langeant caract\u00e8re et \u00e9l\u00e9gance des <strong>Bentley<\/strong> Flying Spur, Bentayga ou Mulsanne ou encore Mercedes Classe E.<\/p>\n<h2 style=\"text-align: justify;\">Un service \u00e0 la hauteur<\/h2>\n<p style=\"text-align: justify;\">Avec ses nombreux h\u00f4tels \u00e9toil\u00e9s comme le Palais de la M\u00e9diterran\u00e9e, le mythique <strong>Negresco<\/strong>, le Plaza, et ses casinos vous pourrez parader avec votre voiture de location venant de chez Mc Luxury Rental. Par ailleurs, Nice \u00e9tant une m\u00e9tropole, elle est tr\u00e8s bien desservie et se situe \u00e0 c\u00f4t\u00e9 de Monaco notamment o\u00f9 vous pourrez aller visiter de nombreux points incontournable comme son Port Hercule ou le Ch\u00e2teau Princier \u00e0 bord de votre voiture de luxe.<\/p>\n<p><img loading=\"lazy\" class=\"aligncenter wp-image-8879\" src=\"https:\/\/luxury-rental-mc.com\/wp-content\/uploads\/2016\/08\/Locations-vacances-Nice-Residence-Negresco_11-293x300.jpg\" alt=\"location v\u00e9hicules nice\" width=\"277\" height=\"284\" srcset=\"https:\/\/luxury-rental-mc.com\/wp-content\/uploads\/2016\/08\/Locations-vacances-Nice-Residence-Negresco_11-293x300.jpg 293w, https:\/\/luxury-rental-mc.com\/wp-content\/uploads\/2016\/08\/Locations-vacances-Nice-Residence-Negresco_11-341x350.jpg 341w, https:\/\/luxury-rental-mc.com\/wp-content\/uploads\/2016\/08\/Locations-vacances-Nice-Residence-Negresco_11.jpg 585w\" sizes=\"(max-width: 277px) 100vw, 277px\" \/><\/p>\n<p style=\"text-align: justify;\">Mc Luxury Rental vous offre un service rapide et de qualit\u00e9 in\u00e9dite ce qui place notre soci\u00e9t\u00e9 en t\u00eate de liste pour votre location de voiture.<\/p>\n<p style=\"text-align: justify;\">Nous vous livrons votre voiture command\u00e9e en moins d\u2019une heure o\u00f9 que vous soyez. Notre mot d\u2019ordre est la rapidit\u00e9. Si vous arrivez dans le troisi\u00e8me a\u00e9roport international qu\u2019accueille la ville de Nice, que vous soyez dans un des nombreux h\u00f4tels pr\u00e9sents dans le centre ville ou sur la <strong>Promenade des Anglais<\/strong>, ou dans l\u2019arri\u00e8re pays pr\u00eat \u00e0 partir en week-end nous vous offrons cette possibilit\u00e9 de recevoir une voiture en moins d\u2019une heure.<\/p>\n<p style=\"text-align: justify;\"><img loading=\"lazy\" class=\" wp-image-8877 aligncenter\" src=\"https:\/\/luxury-rental-mc.com\/wp-content\/uploads\/2016\/08\/5943251386_297ff458eb_b-300x224.jpg\" alt=\"5943251386_297ff458eb_b\" width=\"380\" height=\"284\" srcset=\"https:\/\/luxury-rental-mc.com\/wp-content\/uploads\/2016\/08\/5943251386_297ff458eb_b-300x224.jpg 300w, https:\/\/luxury-rental-mc.com\/wp-content\/uploads\/2016\/08\/5943251386_297ff458eb_b-768x574.jpg 768w, https:\/\/luxury-rental-mc.com\/wp-content\/uploads\/2016\/08\/5943251386_297ff458eb_b.jpg 1024w, https:\/\/luxury-rental-mc.com\/wp-content\/uploads\/2016\/08\/5943251386_297ff458eb_b-400x299.jpg 400w, https:\/\/luxury-rental-mc.com\/wp-content\/uploads\/2016\/08\/5943251386_297ff458eb_b-800x598.jpg 800w\" sizes=\"(max-width: 380px) 100vw, 380px\" \/><\/p>\n<p style=\"text-align: justify;\">Par ailleurs vous b\u00e9n\u00e9ficierez d\u2019une assistance en cas de probl\u00e8me rencontr\u00e9. Nous suivons toujours nos clients afin de nous assurer que vous profitez pleinement de votre service. Notre implantation et notre qualit\u00e9 de service permettent de r\u00e9pondre \u00e0 vos attentes et vos crit\u00e8res gr\u00e2ce \u00e0 notre \u00e9quipe d\u2019expert et notre <strong>large choix de v\u00e9hicules<\/strong> d\u2019exceptions.<\/p>\n<p style=\"text-align: justify;\">Apr\u00e8s 7 ann\u00e9es d\u2019exp\u00e9riences dans la location de v\u00e9hicule haut de gamme et de luxe nous connaissons notre client\u00e8le et nous pouvons donc affirmer que notre mot d\u2019ordre est la r\u00e9activit\u00e9.<\/p>\n<p style=\"text-align: justify;\">Nous souhaitons pimenter \u00a0vos vacances ou votre s\u00e9jour afin de le rendre inoubliable. Pimenter son s\u00e9jour \u00e0 bord d\u2019une voiture sportive comme une <strong>Lamborghini<\/strong> Aventador, une <strong>Bugatti<\/strong> Veyron, ou une <strong>McLaren<\/strong> 650S qui vous impressionnera par sa vitesse, son dynamisme et sa robustesse ne vous laissera pas indiff\u00e9rent. \u00a0Nous disposons de mod\u00e8les embl\u00e9matiques de chaque marque pour r\u00e9pondre \u00e0 vos attentes.<\/p>\n<p style=\"text-align: justify;\">A votre service et \u00e0 votre \u00e9coute, \u00e0 bient\u00f4t chez Mc Luxury Rental.<\/p>\n<p><span style=\"text-decoration: underline;\"><strong>D\u00e9couvrez les autres villes :<\/strong><\/span><\/p>\n<ul>\n<li><a href=\"https:\/\/luxury-rental-mc.com\/fr\/location-voiture-luxe\/barcelone\">Location Barcelone<\/a><\/li>\n<li><a href=\"https:\/\/luxury-rental-mc.com\/fr\/location-voiture-luxe\/cannes\">Location Cannes<\/a><\/li>\n<li><a href=\"https:\/\/luxury-rental-mc.com\/fr\/location-voiture-luxe\/location-corse\">Location Corse<\/a><\/li>\n<li><a href=\"https:\/\/luxury-rental-mc.com\/fr\/location-voiture-luxe\/marbella\">Location Marbella<\/a><\/li>\n<li><a href=\"https:\/\/luxury-rental-mc.com\/fr\/location-voiture-luxe\/milan\">Location Milan<\/a><\/li>\n<li><a href=\"https:\/\/luxury-rental-mc.com\/fr\/location-voiture-luxe\/monaco\">Location Monaco<\/a><\/li>\n<li><a href=\"https:\/\/luxury-rental-mc.com\/fr\/location-voiture-luxe\/rome\">Location Rome<\/a><\/li>\n<li><a href=\"https:\/\/luxury-rental-mc.com\/fr\/location-voiture-luxe\/saint-tropez\">Location Saint Tropez<\/a><\/li>\n<li><a href=\"https:\/\/luxury-rental-mc.com\/fr\/location-voiture-luxe\/toulon\">Location Toulon<\/a><\/li>\n<\/ul>\n","protected":false},"excerpt":{"rendered":"<p>Louer \u00e0 Nice ! Nice est une m\u00e9tropole connue de la C\u00f4te d\u2019Azur, un lieu embl\u00e9matique gr\u00e2ce \u00e0 sa fameuse promenade des anglais, ses plages et son soleil. L\u2019\u00e9v\u00e9nement incontournable de la ville de Nice est son magnifique Carnaval qui se d\u00e9roule au mois de F\u00e9vrier et auquel vous devez assister ! Nice, son Carnaval [&hellip;]<\/p>\n","protected":false},"author":1,"featured_media":0,"parent":8650,"menu_order":0,"comment_status":"closed","ping_status":"closed","template":"","meta":{"_monsterinsights_skip_tracking":false,"_monsterinsights_sitenote_active":false,"_monsterinsights_sitenote_note":"","_monsterinsights_sitenote_category":0},"yoast_head":"<!-- This site is optimized with the Yoast SEO plugin v20.3 - https:\/\/yoast.com\/wordpress\/plugins\/seo\/ -->\n<title>Location voitures de luxes, Nice location de voiture | LR MC<\/title>\n<meta name=\"description\" content=\"Nice est la m\u00e9tropole de la C\u00f4te d&#039;Azur, tr\u00e8s dynamique et connue pour sa Promenade des Anglais vous pourrez visiter gr\u00e2ce \u00e0 votre voiture de location!\" \/>\n<meta name=\"robots\" content=\"index, follow, max-snippet:-1, max-image-preview:large, max-video-preview:-1\" \/>\n<link rel=\"canonical\" href=\"https:\/\/luxury-rental-mc.com\/fr\/location-voiture-luxe\/nice\/\" \/>\n<meta property=\"og:locale\" content=\"fr_FR\" \/>\n<meta property=\"og:type\" content=\"article\" \/>\n<meta property=\"og:title\" content=\"Location voitures de luxes, Nice location de voiture | LR MC\" \/>\n<meta property=\"og:description\" content=\"Nice est la m\u00e9tropole de la C\u00f4te d&#039;Azur, tr\u00e8s dynamique et connue pour sa Promenade des Anglais vous pourrez visiter gr\u00e2ce \u00e0 votre voiture de location!\" \/>\n<meta property=\"og:url\" content=\"https:\/\/luxury-rental-mc.com\/fr\/location-voiture-luxe\/nice\/\" \/>\n<meta property=\"og:site_name\" content=\"Luxury Car Rentals | Monaco, Nice, Cannes, Saint-Tropez\" \/>\n<meta property=\"article:modified_time\" content=\"2016-08-14T17:04:04+00:00\" \/>\n<meta property=\"og:image\" content=\"https:\/\/luxury-rental-mc.com\/wp-content\/uploads\/2016\/08\/nice-1121373_960_720-300x200.jpg\" \/>\n<meta name=\"twitter:label1\" content=\"Dur\u00e9e de lecture estim\u00e9e\" \/>\n\t<meta name=\"twitter:data1\" content=\"5 minutes\" \/>\n<script type=\"application\/ld+json\" class=\"yoast-schema-graph\">{\"@context\":\"https:\/\/schema.org\",\"@graph\":[{\"@type\":\"WebPage\",\"@id\":\"https:\/\/luxury-rental-mc.com\/fr\/location-voiture-luxe\/nice\/\",\"url\":\"https:\/\/luxury-rental-mc.com\/fr\/location-voiture-luxe\/nice\/\",\"name\":\"Location voitures de luxes, Nice location de voiture | LR MC\",\"isPartOf\":{\"@id\":\"https:\/\/luxury-rental-mc.com\/#website\"},\"datePublished\":\"2016-08-04T18:07:27+00:00\",\"dateModified\":\"2016-08-14T17:04:04+00:00\",\"description\":\"Nice est la m\u00e9tropole de la C\u00f4te d'Azur, tr\u00e8s dynamique et connue pour sa Promenade des Anglais vous pourrez visiter gr\u00e2ce \u00e0 votre voiture de location!\",\"breadcrumb\":{\"@id\":\"https:\/\/luxury-rental-mc.com\/fr\/location-voiture-luxe\/nice\/#breadcrumb\"},\"inLanguage\":\"fr-FR\",\"potentialAction\":[{\"@type\":\"ReadAction\",\"target\":[\"https:\/\/luxury-rental-mc.com\/fr\/location-voiture-luxe\/nice\/\"]}]},{\"@type\":\"BreadcrumbList\",\"@id\":\"https:\/\/luxury-rental-mc.com\/fr\/location-voiture-luxe\/nice\/#breadcrumb\",\"itemListElement\":[{\"@type\":\"ListItem\",\"position\":1,\"name\":\"Accueil\",\"item\":\"https:\/\/luxury-rental-mc.com\/fr\/\"},{\"@type\":\"ListItem\",\"position\":2,\"name\":\"Location\",\"item\":\"https:\/\/luxury-rental-mc.com\/fr\/location-voiture-luxe\/\"},{\"@type\":\"ListItem\",\"position\":3,\"name\":\"Location Nice\"}]},{\"@type\":\"WebSite\",\"@id\":\"https:\/\/luxury-rental-mc.com\/#website\",\"url\":\"https:\/\/luxury-rental-mc.com\/\",\"name\":\"Luxury Car Rentals | Monaco, Nice, Cannes, Saint-Tropez\",\"description\":\"Rent the finest brands : Porsche, Ferrari, Lamborghini, Mercedes...\",\"potentialAction\":[{\"@type\":\"SearchAction\",\"target\":{\"@type\":\"EntryPoint\",\"urlTemplate\":\"https:\/\/luxury-rental-mc.com\/?s={search_term_string}\"},\"query-input\":\"required name=search_term_string\"}],\"inLanguage\":\"fr-FR\"}]}<\/script>\n<!-- \/ Yoast SEO plugin. -->","yoast_head_json":{"title":"Location voitures de luxes, Nice location de voiture | LR MC","description":"Nice est la m\u00e9tropole de la C\u00f4te d'Azur, tr\u00e8s dynamique et connue pour sa Promenade des Anglais vous pourrez visiter gr\u00e2ce \u00e0 votre voiture de location!","robots":{"index":"index","follow":"follow","max-snippet":"max-snippet:-1","max-image-preview":"max-image-preview:large","max-video-preview":"max-video-preview:-1"},"canonical":"https:\/\/luxury-rental-mc.com\/fr\/location-voiture-luxe\/nice\/","og_locale":"fr_FR","og_type":"article","og_title":"Location voitures de luxes, Nice location de voiture | LR MC","og_description":"Nice est la m\u00e9tropole de la C\u00f4te d'Azur, tr\u00e8s dynamique et connue pour sa Promenade des Anglais vous pourrez visiter gr\u00e2ce \u00e0 votre voiture de location!","og_url":"https:\/\/luxury-rental-mc.com\/fr\/location-voiture-luxe\/nice\/","og_site_name":"Luxury Car Rentals | Monaco, Nice, Cannes, Saint-Tropez","article_modified_time":"2016-08-14T17:04:04+00:00","og_image":[{"url":"https:\/\/luxury-rental-mc.com\/wp-content\/uploads\/2016\/08\/nice-1121373_960_720-300x200.jpg"}],"twitter_misc":{"Dur\u00e9e de lecture estim\u00e9e":"5 minutes"},"schema":{"@context":"https:\/\/schema.org","@graph":[{"@type":"WebPage","@id":"https:\/\/luxury-rental-mc.com\/fr\/location-voiture-luxe\/nice\/","url":"https:\/\/luxury-rental-mc.com\/fr\/location-voiture-luxe\/nice\/","name":"Location voitures de luxes, Nice location de voiture | LR MC","isPartOf":{"@id":"https:\/\/luxury-rental-mc.com\/#website"},"datePublished":"2016-08-04T18:07:27+00:00","dateModified":"2016-08-14T17:04:04+00:00","description":"Nice est la m\u00e9tropole de la C\u00f4te d'Azur, tr\u00e8s dynamique et connue pour sa Promenade des Anglais vous pourrez visiter gr\u00e2ce \u00e0 votre voiture de location!","breadcrumb":{"@id":"https:\/\/luxury-rental-mc.com\/fr\/location-voiture-luxe\/nice\/#breadcrumb"},"inLanguage":"fr-FR","potentialAction":[{"@type":"ReadAction","target":["https:\/\/luxury-rental-mc.com\/fr\/location-voiture-luxe\/nice\/"]}]},{"@type":"BreadcrumbList","@id":"https:\/\/luxury-rental-mc.com\/fr\/location-voiture-luxe\/nice\/#breadcrumb","itemListElement":[{"@type":"ListItem","position":1,"name":"Accueil","item":"https:\/\/luxury-rental-mc.com\/fr\/"},{"@type":"ListItem","position":2,"name":"Location","item":"https:\/\/luxury-rental-mc.com\/fr\/location-voiture-luxe\/"},{"@type":"ListItem","position":3,"name":"Location Nice"}]},{"@type":"WebSite","@id":"https:\/\/luxury-rental-mc.com\/#website","url":"https:\/\/luxury-rental-mc.com\/","name":"Luxury Car Rentals | Monaco, Nice, Cannes, Saint-Tropez","description":"Rent the finest brands : Porsche, Ferrari, Lamborghini, Mercedes...","potentialAction":[{"@type":"SearchAction","target":{"@type":"EntryPoint","urlTemplate":"https:\/\/luxury-rental-mc.com\/?s={search_term_string}"},"query-input":"required name=search_term_string"}],"inLanguage":"fr-FR"}]}},"_links":{"self":[{"href":"https:\/\/luxury-rental-mc.com\/fr\/wp-json\/wp\/v2\/pages\/8694\/"}],"collection":[{"href":"https:\/\/luxury-rental-mc.com\/fr\/wp-json\/wp\/v2\/pages\/"}],"about":[{"href":"https:\/\/luxury-rental-mc.com\/fr\/wp-json\/wp\/v2\/types\/page\/"}],"author":[{"embeddable":true,"href":"https:\/\/luxury-rental-mc.com\/fr\/wp-json\/wp\/v2\/users\/1\/"}],"replies":[{"embeddable":true,"href":"https:\/\/luxury-rental-mc.com\/fr\/wp-json\/wp\/v2\/comments\/?post=8694"}],"version-history":[{"count":6,"href":"https:\/\/luxury-rental-mc.com\/fr\/wp-json\/wp\/v2\/pages\/8694\/revisions\/"}],"predecessor-version":[{"id":9029,"href":"https:\/\/luxury-rental-mc.com\/fr\/wp-json\/wp\/v2\/pages\/8694\/revisions\/9029\/"}],"up":[{"embeddable":true,"href":"https:\/\/luxury-rental-mc.com\/fr\/wp-json\/wp\/v2\/pages\/8650\/"}],"wp:attachment":[{"href":"https:\/\/luxury-rental-mc.com\/fr\/wp-json\/wp\/v2\/media\/?parent=8694"}],"curies":[{"name":"wp","href":"https:\/\/api.w.org\/{rel}","templated":true}]}}