{"id":8696,"date":"2016-08-04T20:08:56","date_gmt":"2016-08-04T18:08:56","guid":{"rendered":"https:\/\/luxury-rental-mc.com\/fr\/?page_id=8696"},"modified":"2016-08-14T19:02:46","modified_gmt":"2016-08-14T17:02:46","slug":"cannes","status":"publish","type":"page","link":"https:\/\/luxury-rental-mc.com\/fr\/location-voiture-luxe\/cannes\/","title":{"rendered":"Location Cannes"},"content":{"rendered":"<h1 style=\"text-align: justify;\">Location v\u00e9hicules de luxe \u00e0 Cannes<\/h1>\n<p style=\"text-align: justify;\">D\u2019\u00e9t\u00e9 comme d\u2019hiver nous avons tous envie de profiter d\u2019un s\u00e9jour sur la C\u00f4te d\u2019Azur mais comment y acc\u00e9der par ses propres moyens et en toute s\u00e9curit\u00e9 ?<\/p>\n<h2 style=\"text-align: justify;\">Cannes et son paradis touristique<\/h2>\n<p style=\"text-align: justify;\">Cannes est une ville connue et r\u00e9put\u00e9e sur la <strong>C\u00f4te d\u2019Azur<\/strong> gr\u00e2ce \u00e0 son incontournable <strong>Croisette<\/strong>, \u00e0 son <strong>Festival de Cannes<\/strong>, \u00e0 ses plages, \u00e0 son soleil toute l\u2019ann\u00e9e.<\/p>\n<p style=\"text-align: justify;\">Ville situ\u00e9e \u00e0 l\u2019ouest du d\u00e9partement des Alpes-Maritimes sur la C\u00f4te d\u2019Azur dans la r\u00e9gion Provence Alpes C\u00f4te d\u2019Azur.<\/p>\n<p style=\"text-align: justify;\">Les charmes de la ville de Cannes vont bien au-del\u00e0 du tr\u00e8s connu festival de Cannes. Le Suquet o\u00f9 se situe la vieille ville est un ensemble de petites rues color\u00e9es cachant le Ch\u00e2teau de Castre et son mus\u00e9e de la culture m\u00e9diterran\u00e9enne. A l\u2019aide d\u2019un bateau vous pourrez d\u00e9couvrir des lieux insolites \u00e0 quelques encablures du vieux port : les \u00eeles de L\u00e9rins. Ces \u00eeles rassemblent l&rsquo;\u00eele Saint-Honorat abritant un tr\u00e8s ancien monast\u00e8re, et l&rsquo;\u00eele Sainte Marguerite ainsi que son fort Vauban.<\/p>\n<p style=\"text-align: justify;\">Que vous veniez profiter de vos vacances \u00e0 Cannes, d\u2019un hiver doux ou d\u2019un des nombreux congr\u00e8s qui s\u2019y d\u00e9roule tout au long de l\u2019ann\u00e9e, pla\u00e7ant Cannes la deuxi\u00e8me destination de congr\u00e8s apr\u00e8s Paris en France, vous aurez besoin d\u2019un moyen de locomotion. Votre meilleure solution sur Cannes et les alentours ? \u00a0<strong>Mc Luxury Rental<\/strong> !<\/p>\n<p style=\"text-align: justify;\">Quelque soit votre demande la soci\u00e9t\u00e9 Mc Luxury Rental trouvera dans son stock de quoi r\u00e9pondre \u00e0 votre demande afin de pouvoir vous permettre de profiter de votre s\u00e9jour et de la rendre encore plus agr\u00e9able que vous ayez un penchant pour les marques italiennes comme <strong>Ferrari<\/strong> ou <strong>Lamborghini<\/strong> ou les marques allemandes comme Audi ou la tr\u00e8s classe Mercedes nous mettrons \u00e0 votre dispositions tous les plus beaux mod\u00e8les de chaque marques. L\u2019entreprise de location de v\u00e9hicule met \u00e0 votre disposition une large gamme de v\u00e9hicule allant des citadines telles que la sportive Audi A1 ou l\u2019incontournable <strong>Mini Cooper<\/strong> aux v\u00e9hicules de sport comme la Lamborghini Aventador avec son style agressif ou l\u2019\u00e9l\u00e9gance de la <strong>Ferrari<\/strong> California T.<\/p>\n<p style=\"text-align: justify;\">Si vous \u00eates plut\u00f4t vacances en famille vous recherchez s\u00fbrement un v\u00e9hicule spacieux, dynamique, confortable pour visiter, voyager et profiter \u00e0 plusieurs c\u2019est pourquoi les mod\u00e8les 4&#215;4, SUV que nous vous mettons \u00e0 disposition sont la solution. Nous vous proposons le <strong>Range Rover Sport<\/strong> si vous aimez une conduite sportive, le Range Rover Autobiography pour un maniement dynamique sur tous les terrains ou notre Range Rover Vogue pour son raffinement. Non, vous \u00eates plut\u00f4t 4&#215;4<strong> Mercedes<\/strong> ? Nous vous proposons les meilleurs mod\u00e8les de la marque allemande : le GL pour sa polyvalence et son agilit\u00e9, le GLE pour son \u00e9l\u00e9gance alli\u00e9e \u00e0 la fougue, le GLS pour profiter du meilleur sur tous les terrains ou encore le design antique des G63 et G350 ainsi que leur robustesse. \u00a0Nous mettons \u00e9galement \u00e0 votre disposition des vans pour vos congr\u00e8s \u00e0 plusieurs ou vos vacances en famille nombreuses.<\/p>\n<p style=\"text-align: justify;\"><img loading=\"lazy\" class=\"aligncenter wp-image-8834\" src=\"https:\/\/luxury-rental-mc.com\/wp-content\/uploads\/2016\/08\/Locations-vacances-Cannes-MIRAMAR-CROISETTE_30-300x225.jpg\" alt=\"location v\u00e9hicule de luxe Cannes\" width=\"331\" height=\"248\" srcset=\"https:\/\/luxury-rental-mc.com\/wp-content\/uploads\/2016\/08\/Locations-vacances-Cannes-MIRAMAR-CROISETTE_30-300x225.jpg 300w, https:\/\/luxury-rental-mc.com\/wp-content\/uploads\/2016\/08\/Locations-vacances-Cannes-MIRAMAR-CROISETTE_30-768x576.jpg 768w, https:\/\/luxury-rental-mc.com\/wp-content\/uploads\/2016\/08\/Locations-vacances-Cannes-MIRAMAR-CROISETTE_30-400x300.jpg 400w, https:\/\/luxury-rental-mc.com\/wp-content\/uploads\/2016\/08\/Locations-vacances-Cannes-MIRAMAR-CROISETTE_30.jpg 800w\" sizes=\"(max-width: 331px) 100vw, 331px\" \/>\u00a0<img loading=\"lazy\" class=\"aligncenter wp-image-8826\" src=\"https:\/\/luxury-rental-mc.com\/wp-content\/uploads\/2016\/08\/5333818971_f30be8edc6_b-300x200.jpg\" alt=\"louer voiture Cannes\" width=\"330\" height=\"220\" srcset=\"https:\/\/luxury-rental-mc.com\/wp-content\/uploads\/2016\/08\/5333818971_f30be8edc6_b-300x200.jpg 300w, https:\/\/luxury-rental-mc.com\/wp-content\/uploads\/2016\/08\/5333818971_f30be8edc6_b-768x512.jpg 768w, https:\/\/luxury-rental-mc.com\/wp-content\/uploads\/2016\/08\/5333818971_f30be8edc6_b.jpg 1024w, https:\/\/luxury-rental-mc.com\/wp-content\/uploads\/2016\/08\/5333818971_f30be8edc6_b-150x100.jpg 150w, https:\/\/luxury-rental-mc.com\/wp-content\/uploads\/2016\/08\/5333818971_f30be8edc6_b-400x267.jpg 400w, https:\/\/luxury-rental-mc.com\/wp-content\/uploads\/2016\/08\/5333818971_f30be8edc6_b-800x534.jpg 800w, https:\/\/luxury-rental-mc.com\/wp-content\/uploads\/2016\/08\/5333818971_f30be8edc6_b-900x600.jpg 900w\" sizes=\"(max-width: 330px) 100vw, 330px\" \/><\/p>\n<h2 style=\"text-align: justify;\">Il n\u2019y a pas d\u2019autres solutions\u2026<\/h2>\n<p style=\"text-align: justify;\">Avec ses trois casinos, sa tr\u00e8s belle plage et ses nombreux festivals, Cannes ne dort jamais, alors profitez-en.<\/p>\n<p style=\"text-align: justify;\">Cannes est une ville d\u00e9velopp\u00e9e et touristique dans laquelle vous trouverez tout ce dont vous avez besoin. Par ailleurs, la qualit\u00e9 de la prestation vous la trouverez chez Mc Luxury Rental.<\/p>\n<p style=\"text-align: justify;\">Afin que vos vacances soient toujours synonyme de plaisir il vous faudra profiter de notre offre sur les mod\u00e8les les plus embl\u00e9matiques et sportifs de la marque allemande comme Porsche ou italienne Ferrari. Votre s\u00e9jour qu\u2019il soit professionnel ou familial il vous faudra le pimenter pour qu\u2019il soit inoubliable, pour ressentir des \u00e9motions in\u00e9dites.<\/p>\n<p style=\"text-align: justify;\">Mc Luxury Rental vous offrira la r\u00e9ponse. La seule est unique solution pour vous. Une solution adapt\u00e9e \u00e0 votre demande. Notre \u00e9quipe d\u2019expert \u00e9tudiera votre demande dans les moindres d\u00e9tails et les plus brefs d\u00e9lais pour r\u00e9pondre \u00e0 votre attente.<\/p>\n<p style=\"text-align: justify;\">Par ailleurs, nous vous proposons un service de <strong>livraison rapide<\/strong> en moins d\u2019une heure o\u00f9 que vous soyez. Nous pouvons livrer un v\u00e9hicule \u00e0 votre domicile avant votre d\u00e9part en vacances, \u00e0 votre h\u00f4tel pour vos sorties, \u00e0 l\u2019a\u00e9roport, etc. La soci\u00e9t\u00e9 vous offre donc la possibilit\u00e9 de succomber \u00e0 une \u00a0prestation de service compl\u00e8te et garantie afin de vous livrer des v\u00e9hicules \u00e9quip\u00e9s de grandes marques pour vos vacances sur la Croisette, Cannes.<\/p>\n<p style=\"text-align: justify;\">Cannes est tr\u00e8s bien desservi par de nombreux axes autoroutiers notamment l\u2019autoroute du Soleil mais surtout il dispose de l\u2019a\u00e9roport de Nice C\u00f4te d\u2019Azur situ\u00e9 \u00e0 moins de 30kms et accessible en moins de 30 min. L\u2019a\u00e9roport de Nice C\u00f4te d\u2019Azur est un a\u00e9roport international, c\u2019est le troisi\u00e8me a\u00e9roport fran\u00e7ais. Cannes dispose \u00e9galement d\u2019un petit a\u00e9roport sur son territoire.<\/p>\n<p style=\"text-align: justify;\"><img loading=\"lazy\" class=\"aligncenter wp-image-8830\" src=\"https:\/\/luxury-rental-mc.com\/wp-content\/uploads\/2016\/08\/Locations-vacances-Cannes-IMPERIAL-CROISETTE-A_10-300x225.jpg\" alt=\"location de luxe Cannes\" width=\"324\" height=\"243\" srcset=\"https:\/\/luxury-rental-mc.com\/wp-content\/uploads\/2016\/08\/Locations-vacances-Cannes-IMPERIAL-CROISETTE-A_10-300x225.jpg 300w, https:\/\/luxury-rental-mc.com\/wp-content\/uploads\/2016\/08\/Locations-vacances-Cannes-IMPERIAL-CROISETTE-A_10-768x576.jpg 768w, https:\/\/luxury-rental-mc.com\/wp-content\/uploads\/2016\/08\/Locations-vacances-Cannes-IMPERIAL-CROISETTE-A_10-400x300.jpg 400w, https:\/\/luxury-rental-mc.com\/wp-content\/uploads\/2016\/08\/Locations-vacances-Cannes-IMPERIAL-CROISETTE-A_10.jpg 800w\" sizes=\"(max-width: 324px) 100vw, 324px\" \/><\/p>\n<h2>Une qualit\u00e9 de services<\/h2>\n<p style=\"text-align: justify;\">Mc Luxury Rental sera la seule soci\u00e9t\u00e9 \u00e0 votre \u00e9coute, r\u00e9pondant \u00e0 vos besoins et qui pourra vous livrer une voiture en moins d\u2019une heure. Cette prestation est d\u2019autant plus compl\u00e8te que ces v\u00e9hicules de marques internationalement connues sont parfaitement \u00e9quip\u00e9s pour affronter les conditions climatiques et les routes que vous rencontrerez \u00e0 Cannes ou l\u2019arri\u00e8re pays Cannois.<\/p>\n<p style=\"text-align: justify;\">N\u2019\u00e9tant jamais \u00e0 l\u2019abris d\u2019un probl\u00e8me l\u2019\u00e9quipe de la soci\u00e9t\u00e9 MC Luxury Rental est en mesure de mettre \u00e0 votre disposition une assistance o\u00f9 que vous soyez sur Cannes et les alentours : les stations baln\u00e9aires, l\u2019arri\u00e8re pays cannois, \u00a0les villages typiques voisins, la Croisette, etc.<\/p>\n<p style=\"text-align: justify;\">Ce type de service avant et apr\u00e8s <strong>location<\/strong> font de notre soci\u00e9t\u00e9 une des rares \u00e0 proposer ces services sur le march\u00e9 de la C\u00f4te d\u2019Azur. Nous avons r\u00e9ussi \u00e0 fid\u00e9liser notre client\u00e8le gr\u00e2ce \u00e0 cette qualit\u00e9 de service que nous offrons \u00e0 nos clients ainsi que notre large choix de marque de v\u00e9hicule r\u00e9pondant \u00e0 toutes les attentes possibles. Que vous ayez envie de vous d\u00e9tendre et de profiter d\u2019un trajet apr\u00e8s une journ\u00e9e \u00e0 la plage ou de travail dans une berline comme la Mercedes classe S pour son \u00e9l\u00e9gance sportive ou dans la <strong>limousine<\/strong> Maybach ou tout simplement dans une citadine sportive comme l\u2019Audi A1.<\/p>\n<h2 style=\"text-align: justify;\">Mais qui sommes-nous ?<\/h2>\n<p style=\"text-align: justify;\">R\u00e9pondre \u00e0 tous vos besoins est une priorit\u00e9 pour nous. Notre \u00e9quipe est professionnelle \u00a0et vous apportera la meilleure solution pour r\u00e9pondre \u00e0 vos envies les plus folles.<\/p>\n<p style=\"text-align: justify;\">Notre implantation et notre r\u00e9activit\u00e9 permettent de r\u00e9pondre \u00e0 vos crit\u00e8res gr\u00e2ce \u00e0 notre large choix de v\u00e9hicules d\u2019exceptions. C\u2019est \u00e0 la suite de nos 7 ann\u00e9es d\u2019exp\u00e9riences dans la location de v\u00e9hicules de luxe que nous avons appris \u00e0 cerner vos besoins et vos envies.<\/p>\n<p style=\"text-align: justify;\">Durant ces 7 ann\u00e9es et encore aujourd\u2019hui notre mot d\u2019ordre est la r\u00e9activit\u00e9. Une r\u00e9activit\u00e9 qui ne vous d\u00e9cevra pas et qui est mise en place afin que votre s\u00e9jour et votre location se passe en toute tranquillit\u00e9.<\/p>\n<p style=\"text-align: justify;\">A votre service et \u00e0 votre \u00e9coute, vous pourrez compter sur une \u00e9quipe professionnelle et solide qui mettra tout en \u0153uvre pour vous satisfaire.<\/p>\n<p style=\"text-align: justify;\">L\u2019\u00e9quipe au complet vous attend et \u00e9tudiera la meilleure solution pour vous.<\/p>\n<p><img loading=\"lazy\" class=\"aligncenter wp-image-8828\" src=\"https:\/\/luxury-rental-mc.com\/wp-content\/uploads\/2016\/08\/CANNES_festival1-300x225.jpg\" alt=\"louer voiture Cannes\" width=\"317\" height=\"238\" srcset=\"https:\/\/luxury-rental-mc.com\/wp-content\/uploads\/2016\/08\/CANNES_festival1-300x225.jpg 300w, https:\/\/luxury-rental-mc.com\/wp-content\/uploads\/2016\/08\/CANNES_festival1-400x300.jpg 400w, https:\/\/luxury-rental-mc.com\/wp-content\/uploads\/2016\/08\/CANNES_festival1.jpg 482w\" sizes=\"(max-width: 317px) 100vw, 317px\" \/><\/p>\n<p><span style=\"text-decoration: underline;\"><strong>D\u00e9couvrez les autres villes :<\/strong><\/span><\/p>\n<ul>\n<li><a href=\"https:\/\/luxury-rental-mc.com\/fr\/location-voiture-luxe\/barcelone\">Location Barcelone<\/a><\/li>\n<li><a href=\"https:\/\/luxury-rental-mc.com\/fr\/location-voiture-luxe\/location-corse\">Location Corse<\/a><\/li>\n<li><a href=\"https:\/\/luxury-rental-mc.com\/fr\/location-voiture-luxe\/marbella\">Location Marbella<\/a><\/li>\n<li><a href=\"https:\/\/luxury-rental-mc.com\/fr\/location-voiture-luxe\/milan\">Location Milan<\/a><\/li>\n<li><a href=\"https:\/\/luxury-rental-mc.com\/fr\/location-voiture-luxe\/monaco\">Location Monaco<\/a><\/li>\n<li><a href=\"https:\/\/luxury-rental-mc.com\/fr\/location-voiture-luxe\/nice\">Location Nice<\/a><\/li>\n<li><a href=\"https:\/\/luxury-rental-mc.com\/fr\/location-voiture-luxe\/rome\">Location Rome<\/a><\/li>\n<li><a href=\"https:\/\/luxury-rental-mc.com\/fr\/location-voiture-luxe\/saint-tropez\">Location Saint Tropez<\/a><\/li>\n<li><a href=\"https:\/\/luxury-rental-mc.com\/fr\/location-voiture-luxe\/toulon\">Location Toulon<\/a><\/li>\n<\/ul>\n","protected":false},"excerpt":{"rendered":"<p>Location v\u00e9hicules de luxe \u00e0 Cannes D\u2019\u00e9t\u00e9 comme d\u2019hiver nous avons tous envie de profiter d\u2019un s\u00e9jour sur la C\u00f4te d\u2019Azur mais comment y acc\u00e9der par ses propres moyens et en toute s\u00e9curit\u00e9 ? Cannes et son paradis touristique Cannes est une ville connue et r\u00e9put\u00e9e sur la C\u00f4te d\u2019Azur gr\u00e2ce \u00e0 son incontournable Croisette, [&hellip;]<\/p>\n","protected":false},"author":1,"featured_media":0,"parent":8650,"menu_order":0,"comment_status":"closed","ping_status":"closed","template":"","meta":{"_monsterinsights_skip_tracking":false,"_monsterinsights_sitenote_active":false,"_monsterinsights_sitenote_note":"","_monsterinsights_sitenote_category":0},"yoast_head":"<!-- This site is optimized with the Yoast SEO plugin v20.3 - https:\/\/yoast.com\/wordpress\/plugins\/seo\/ -->\n<title>Louer v\u00e9hicule de luxe \u00e0 Cannes, location voiture | LR MC<\/title>\n<meta name=\"description\" content=\"Cannes est une ville connue de la C\u00f4te d&#039;Azur gr\u00e2ce \u00e0 sa Croisette et son Festival de Cannes notamment. Louez une voiture de luxe pour en profiter !\" \/>\n<meta name=\"robots\" content=\"index, follow, max-snippet:-1, max-image-preview:large, max-video-preview:-1\" \/>\n<link rel=\"canonical\" href=\"https:\/\/luxury-rental-mc.com\/fr\/location-voiture-luxe\/cannes\/\" \/>\n<meta property=\"og:locale\" content=\"fr_FR\" \/>\n<meta property=\"og:type\" content=\"article\" \/>\n<meta property=\"og:title\" content=\"Louer v\u00e9hicule de luxe \u00e0 Cannes, location voiture | LR MC\" \/>\n<meta property=\"og:description\" content=\"Cannes est une ville connue de la C\u00f4te d&#039;Azur gr\u00e2ce \u00e0 sa Croisette et son Festival de Cannes notamment. Louez une voiture de luxe pour en profiter !\" \/>\n<meta property=\"og:url\" content=\"https:\/\/luxury-rental-mc.com\/fr\/location-voiture-luxe\/cannes\/\" \/>\n<meta property=\"og:site_name\" content=\"Luxury Car Rentals | Monaco, Nice, Cannes, Saint-Tropez\" \/>\n<meta property=\"article:modified_time\" content=\"2016-08-14T17:02:46+00:00\" \/>\n<meta property=\"og:image\" content=\"https:\/\/luxury-rental-mc.com\/wp-content\/uploads\/2016\/08\/Locations-vacances-Cannes-MIRAMAR-CROISETTE_30-300x225.jpg\" \/>\n<meta name=\"twitter:label1\" content=\"Dur\u00e9e de lecture estim\u00e9e\" \/>\n\t<meta name=\"twitter:data1\" content=\"6 minutes\" \/>\n<script type=\"application\/ld+json\" class=\"yoast-schema-graph\">{\"@context\":\"https:\/\/schema.org\",\"@graph\":[{\"@type\":\"WebPage\",\"@id\":\"https:\/\/luxury-rental-mc.com\/fr\/location-voiture-luxe\/cannes\/\",\"url\":\"https:\/\/luxury-rental-mc.com\/fr\/location-voiture-luxe\/cannes\/\",\"name\":\"Louer v\u00e9hicule de luxe \u00e0 Cannes, location voiture | LR MC\",\"isPartOf\":{\"@id\":\"https:\/\/luxury-rental-mc.com\/#website\"},\"datePublished\":\"2016-08-04T18:08:56+00:00\",\"dateModified\":\"2016-08-14T17:02:46+00:00\",\"description\":\"Cannes est une ville connue de la C\u00f4te d'Azur gr\u00e2ce \u00e0 sa Croisette et son Festival de Cannes notamment. Louez une voiture de luxe pour en profiter !\",\"breadcrumb\":{\"@id\":\"https:\/\/luxury-rental-mc.com\/fr\/location-voiture-luxe\/cannes\/#breadcrumb\"},\"inLanguage\":\"fr-FR\",\"potentialAction\":[{\"@type\":\"ReadAction\",\"target\":[\"https:\/\/luxury-rental-mc.com\/fr\/location-voiture-luxe\/cannes\/\"]}]},{\"@type\":\"BreadcrumbList\",\"@id\":\"https:\/\/luxury-rental-mc.com\/fr\/location-voiture-luxe\/cannes\/#breadcrumb\",\"itemListElement\":[{\"@type\":\"ListItem\",\"position\":1,\"name\":\"Accueil\",\"item\":\"https:\/\/luxury-rental-mc.com\/fr\/\"},{\"@type\":\"ListItem\",\"position\":2,\"name\":\"Location\",\"item\":\"https:\/\/luxury-rental-mc.com\/fr\/location-voiture-luxe\/\"},{\"@type\":\"ListItem\",\"position\":3,\"name\":\"Location Cannes\"}]},{\"@type\":\"WebSite\",\"@id\":\"https:\/\/luxury-rental-mc.com\/#website\",\"url\":\"https:\/\/luxury-rental-mc.com\/\",\"name\":\"Luxury Car Rentals | Monaco, Nice, Cannes, Saint-Tropez\",\"description\":\"Rent the finest brands : Porsche, Ferrari, Lamborghini, Mercedes...\",\"potentialAction\":[{\"@type\":\"SearchAction\",\"target\":{\"@type\":\"EntryPoint\",\"urlTemplate\":\"https:\/\/luxury-rental-mc.com\/?s={search_term_string}\"},\"query-input\":\"required name=search_term_string\"}],\"inLanguage\":\"fr-FR\"}]}<\/script>\n<!-- \/ Yoast SEO plugin. -->","yoast_head_json":{"title":"Louer v\u00e9hicule de luxe \u00e0 Cannes, location voiture | LR MC","description":"Cannes est une ville connue de la C\u00f4te d'Azur gr\u00e2ce \u00e0 sa Croisette et son Festival de Cannes notamment. Louez une voiture de luxe pour en profiter !","robots":{"index":"index","follow":"follow","max-snippet":"max-snippet:-1","max-image-preview":"max-image-preview:large","max-video-preview":"max-video-preview:-1"},"canonical":"https:\/\/luxury-rental-mc.com\/fr\/location-voiture-luxe\/cannes\/","og_locale":"fr_FR","og_type":"article","og_title":"Louer v\u00e9hicule de luxe \u00e0 Cannes, location voiture | LR MC","og_description":"Cannes est une ville connue de la C\u00f4te d'Azur gr\u00e2ce \u00e0 sa Croisette et son Festival de Cannes notamment. Louez une voiture de luxe pour en profiter !","og_url":"https:\/\/luxury-rental-mc.com\/fr\/location-voiture-luxe\/cannes\/","og_site_name":"Luxury Car Rentals | Monaco, Nice, Cannes, Saint-Tropez","article_modified_time":"2016-08-14T17:02:46+00:00","og_image":[{"url":"https:\/\/luxury-rental-mc.com\/wp-content\/uploads\/2016\/08\/Locations-vacances-Cannes-MIRAMAR-CROISETTE_30-300x225.jpg"}],"twitter_misc":{"Dur\u00e9e de lecture estim\u00e9e":"6 minutes"},"schema":{"@context":"https:\/\/schema.org","@graph":[{"@type":"WebPage","@id":"https:\/\/luxury-rental-mc.com\/fr\/location-voiture-luxe\/cannes\/","url":"https:\/\/luxury-rental-mc.com\/fr\/location-voiture-luxe\/cannes\/","name":"Louer v\u00e9hicule de luxe \u00e0 Cannes, location voiture | LR MC","isPartOf":{"@id":"https:\/\/luxury-rental-mc.com\/#website"},"datePublished":"2016-08-04T18:08:56+00:00","dateModified":"2016-08-14T17:02:46+00:00","description":"Cannes est une ville connue de la C\u00f4te d'Azur gr\u00e2ce \u00e0 sa Croisette et son Festival de Cannes notamment. Louez une voiture de luxe pour en profiter !","breadcrumb":{"@id":"https:\/\/luxury-rental-mc.com\/fr\/location-voiture-luxe\/cannes\/#breadcrumb"},"inLanguage":"fr-FR","potentialAction":[{"@type":"ReadAction","target":["https:\/\/luxury-rental-mc.com\/fr\/location-voiture-luxe\/cannes\/"]}]},{"@type":"BreadcrumbList","@id":"https:\/\/luxury-rental-mc.com\/fr\/location-voiture-luxe\/cannes\/#breadcrumb","itemListElement":[{"@type":"ListItem","position":1,"name":"Accueil","item":"https:\/\/luxury-rental-mc.com\/fr\/"},{"@type":"ListItem","position":2,"name":"Location","item":"https:\/\/luxury-rental-mc.com\/fr\/location-voiture-luxe\/"},{"@type":"ListItem","position":3,"name":"Location Cannes"}]},{"@type":"WebSite","@id":"https:\/\/luxury-rental-mc.com\/#website","url":"https:\/\/luxury-rental-mc.com\/","name":"Luxury Car Rentals | Monaco, Nice, Cannes, Saint-Tropez","description":"Rent the finest brands : Porsche, Ferrari, Lamborghini, Mercedes...","potentialAction":[{"@type":"SearchAction","target":{"@type":"EntryPoint","urlTemplate":"https:\/\/luxury-rental-mc.com\/?s={search_term_string}"},"query-input":"required name=search_term_string"}],"inLanguage":"fr-FR"}]}},"_links":{"self":[{"href":"https:\/\/luxury-rental-mc.com\/fr\/wp-json\/wp\/v2\/pages\/8696\/"}],"collection":[{"href":"https:\/\/luxury-rental-mc.com\/fr\/wp-json\/wp\/v2\/pages\/"}],"about":[{"href":"https:\/\/luxury-rental-mc.com\/fr\/wp-json\/wp\/v2\/types\/page\/"}],"author":[{"embeddable":true,"href":"https:\/\/luxury-rental-mc.com\/fr\/wp-json\/wp\/v2\/users\/1\/"}],"replies":[{"embeddable":true,"href":"https:\/\/luxury-rental-mc.com\/fr\/wp-json\/wp\/v2\/comments\/?post=8696"}],"version-history":[{"count":7,"href":"https:\/\/luxury-rental-mc.com\/fr\/wp-json\/wp\/v2\/pages\/8696\/revisions\/"}],"predecessor-version":[{"id":9023,"href":"https:\/\/luxury-rental-mc.com\/fr\/wp-json\/wp\/v2\/pages\/8696\/revisions\/9023\/"}],"up":[{"embeddable":true,"href":"https:\/\/luxury-rental-mc.com\/fr\/wp-json\/wp\/v2\/pages\/8650\/"}],"wp:attachment":[{"href":"https:\/\/luxury-rental-mc.com\/fr\/wp-json\/wp\/v2\/media\/?parent=8696"}],"curies":[{"name":"wp","href":"https:\/\/api.w.org\/{rel}","templated":true}]}}