{"id":9111,"date":"2016-09-05T13:21:07","date_gmt":"2016-09-05T11:21:07","guid":{"rendered":"https:\/\/luxury-rental-mc.com\/fr\/?page_id=9111"},"modified":"2016-09-12T12:36:24","modified_gmt":"2016-09-12T10:36:24","slug":"land-rover","status":"publish","type":"page","link":"https:\/\/luxury-rental-mc.com\/fr\/land-rover\/","title":{"rendered":"Land Rover"},"content":{"rendered":"[vc_row][vc_column][vc_column_text]\n<h1>Range Rover le 4&#215;4 de luxe<\/h1>\n<p><img loading=\"lazy\" class=\"aligncenter wp-image-9113 size-full\" src=\"https:\/\/luxury-rental-mc.com\/wp-content\/uploads\/2016\/09\/marque-range-rover.jpg\" alt=\"location range rover\" width=\"256\" height=\"37\" \/><\/p>\n<p style=\"text-align: justify;\">La Range Rover est un v\u00e9hicule tout terrain de luxe. Produite par le c\u00e9l\u00e8bre constructeur Land Rover depuis 1970, c&rsquo;est une 4&#215;4 d&rsquo;un nouveau genre qui arrive sur le march\u00e9 de l&rsquo;automobile. Malgr\u00e9 ses quatre g\u00e9n\u00e9rations qui se sont succ\u00e9d\u00e9es ce 4&#215;4 reste aussi luxueux que baroudeur.<\/p>\n<p style=\"text-align: justify;\">Depuis 2008 le constructeur Land Rover appartient au groupe indien Tata Motors. La Range Rover se d\u00e9cline sous plusieurs mod\u00e8les dont notamment le mod\u00e8le Vogue, Sport et Autobiography.<\/p>\n<p style=\"text-align: justify;\">La gamme Range Rover a su se moderniser au fil des ann\u00e9es afin de r\u00e9pondre aux attentes de ses clients et de continuer \u00e0 jouer le r\u00f4le du concurrent sur le march\u00e9 des 4&#215;4.<\/p>\n<p style=\"text-align: justify;\"><img loading=\"lazy\" class=\"size-medium wp-image-9112 alignleft\" src=\"https:\/\/luxury-rental-mc.com\/wp-content\/uploads\/2016\/09\/range-rover-autobiography-300x168.jpg\" alt=\"range rover autobiography\" width=\"300\" height=\"168\" \/>Lors de son premier lancement elle est \u00e9quip\u00e9e de quatre roues motrices et d&rsquo;un moteur essence V8 de 3,5 litres. Tr\u00e8s appr\u00e9ci\u00e9e pour ses nombreuses performances dont notamment sa conduite sur route mais aussi en hors piste, c&rsquo;est un mod\u00e8le qui vous conviendra parfaitement pour vos s\u00e9jours en montagne, au ski, ou encore sur des routes escarp\u00e9es comme celles de la Corse.<\/p>\n<p style=\"text-align: justify;\">Mc Luxury Rental met justement \u00e0 votre disposition ces trois mod\u00e8les phares de la marques : le Vogue, le Sport et l&rsquo;Autobiography.<\/p>\n<h2 style=\"text-align: justify;\">Trois mod\u00e8les Range Rover parfaits<\/h2>\n<p style=\"text-align: justify;\">Le Range Rover Vogue est\u00a0 un mod\u00e8le d&rsquo;une maniabilit\u00e9 incomparable. Son habitacle est sophistiqu\u00e9 avec ses si\u00e8ges en cuir Oxford avec r\u00e9glage \u00e9lectrique 14 directions \u00e0 l&rsquo;avant et appuie-t\u00eate \u00e0 r\u00e9glage manuel 4 directions, les si\u00e8ges avant sont climatis\u00e9s et les si\u00e8ges arri\u00e8re chauffent. A l\u2019avant les si\u00e8ges conducteur et passager sont dot\u00e9s d\u2019une m\u00e9moire de position. Son tableau de bord fournit de nouvelles technologies intuitives \u00e0 port\u00e9e de main. Avec la technologie Adaptive Dynamics qui surveille constamment les mouvements du v\u00e9hicule afin de r\u00e9agir en cons\u00e9quence, votre conduite sera plus confortable. Par ailleurs le Range Rover Vogue dispose de cam\u00e9ras pour vous aider au stationnement.<\/p>\n<p style=\"text-align: justify;\">Le syst\u00e8me multim\u00e9dia mis en place dans le Range Rover Vogue vous permettra de vous divertir tout en profitant d\u2019une conduite confortable et souple.<\/p>\n<p style=\"text-align: justify;\"><img loading=\"lazy\" class=\"size-medium wp-image-9114 alignright\" src=\"https:\/\/luxury-rental-mc.com\/wp-content\/uploads\/2016\/09\/louer-range-rover-vogue-300x164.jpg\" alt=\"louer range rover vogue\" width=\"300\" height=\"164\" srcset=\"https:\/\/luxury-rental-mc.com\/wp-content\/uploads\/2016\/09\/louer-range-rover-vogue-300x164.jpg 300w, https:\/\/luxury-rental-mc.com\/wp-content\/uploads\/2016\/09\/louer-range-rover-vogue.jpg 304w\" sizes=\"(max-width: 300px) 100vw, 300px\" \/>\u00a0Le 4&#215;4 Range Rover Vogue est \u00e9quip\u00e9 de la climatisation ce qui n\u2019est pas n\u00e9gligeable lors d\u2019un s\u00e9jour au soleil.<\/p>\n<p style=\"text-align: justify;\">Ses jantes en alliage 20 pouces \u00e0 5 branches rajoute une touche esth\u00e9tique au design d\u00e9j\u00e0 irr\u00e9prochable de ce mod\u00e8le. Quant \u00e0 son moteur V8 d\u2019une puissance de 340 chevaux il vous rendra stup\u00e9fait en passant de 0 \u00e0 100 km\/h en 5,4 secondes.<\/p>\n<p style=\"text-align: justify;\">Le Range Rover Vogue est au sommet du luxe avec un niveau de raffinement exceptionnel et un souci du d\u00e9tail rarement \u00e9gal\u00e9 regroupant performance, intuitivit\u00e9 et plaisir de conduite.<\/p>\n<p style=\"text-align: justify;\">Le Range Rover Sport est un 4&#215;4 qui ne demande qu\u2019\u00e0 \u00eatre conduit. Tout donne envie dans ce mod\u00e8le spectaculaire. Son design et sa silhouette font de lui un mod\u00e8le sup\u00e9rieur gr\u00e2ce \u00e0 des lignes affirm\u00e9es et son style moderne. Un habitacle sophistiqu\u00e9 avec si\u00e8ges en cuir \u00a0gren\u00e9 r\u00e9glables de mani\u00e8re \u00e9lectrique. Les commandes de la cabine ont \u00e9t\u00e9 con\u00e7ues afin d\u2019avoir une conduite intuitive et plaisante.\u00a0 Le Range Rover Sport dispose d\u2019une suspensions pneumatique \u00e9lectronique nouvelle g\u00e9n\u00e9ration qui offre une tenue de route exceptionnelle. Ce v\u00e9hicule tient ses promesses m\u00eame dans les conditions les plus difficiles.<\/p>\n<p style=\"text-align: justify;\">Ses jantes en alliage 20 pouces \u00e0 5 branches rajoute une touche esth\u00e9tique au design d\u00e9j\u00e0 irr\u00e9prochable de ce mod\u00e8le. Quant \u00e0 son moteur V8 d\u2019une puissance de 258 chevaux il vous rendra stup\u00e9fait en passant de 0 \u00e0 100 km\/h en 7,6 secondes.<\/p>\n<p style=\"text-align: justify;\">Enfin le Range Rover Autobiography est le troisi\u00e8me mod\u00e8le pr\u00e9sent\u00e9 par Mc Luxury Rental est un mod\u00e8le qui sort du lot. La suspension pneumatique nouvelle g\u00e9n\u00e9ration et le syst\u00e8me Terrain Response 2 avec cinq modes terrain assurent un confort et des capacit\u00e9s exceptionnelles sur et hors route. Le cuir semi-aniline avec piq\u00fbres contrastantes a \u00e9t\u00e9 choisi pour son naturel et sa souplesse. Pour plus de confort lors de longs d\u00e9placements, les si\u00e8ges massants offrent cinq programmes au conducteur et au passager \u00e0 l&rsquo;avant. Le badge Autobiography sur le hayon, ainsi qu&rsquo;en relief sur le coussin arri\u00e8re central finissent de mani\u00e8re \u00e9l\u00e9gante l&rsquo;habillage du v\u00e9hicule.<\/p>\n<p style=\"text-align: justify;\"><img loading=\"lazy\" class=\"size-full wp-image-9115 alignleft\" src=\"https:\/\/luxury-rental-mc.com\/wp-content\/uploads\/2016\/09\/location-range-rover.jpg\" alt=\"location range rover\" width=\"269\" height=\"187\" srcset=\"https:\/\/luxury-rental-mc.com\/wp-content\/uploads\/2016\/09\/location-range-rover.jpg 269w, https:\/\/luxury-rental-mc.com\/wp-content\/uploads\/2016\/09\/location-range-rover-260x180.jpg 260w\" sizes=\"(max-width: 269px) 100vw, 269px\" \/>Tout de m\u00eame assez imposants ces mod\u00e8les restent tr\u00e8s maniables ce qui vous permettra de pouvoir profiter sur tous types de routes ou de stationnement. Que vous ayez envie de partir en montagne dans une station de ski comme les plus connues Meg\u00e8ve, Val Thorens ou encore Courchevel par un temps de neige, de pluie ou sous le soleil de Monaco, Cannes ou Marbella les Range Rover seront vos alli\u00e9s en qui vous pourrez avoir confiance.<\/p>\n<p style=\"text-align: justify;\">Mod\u00e8les \u00e0 d\u00e9couvrir avec Mc Luxury Rental.<\/p>\n[\/vc_column_text][\/vc_column][\/vc_row]\n","protected":false},"excerpt":{"rendered":"<p>[vc_row][vc_column][vc_column_text] Range Rover le 4&#215;4 de luxe La Range Rover est un v\u00e9hicule tout terrain de luxe. Produite par le c\u00e9l\u00e8bre constructeur Land Rover depuis 1970, c&rsquo;est une 4&#215;4 d&rsquo;un nouveau genre qui arrive sur le march\u00e9 de l&rsquo;automobile. Malgr\u00e9 ses quatre g\u00e9n\u00e9rations qui se sont succ\u00e9d\u00e9es ce 4&#215;4 reste aussi luxueux que baroudeur. Depuis [&hellip;]<\/p>\n","protected":false},"author":2,"featured_media":0,"parent":0,"menu_order":0,"comment_status":"closed","ping_status":"closed","template":"","meta":{"_monsterinsights_skip_tracking":false,"_monsterinsights_sitenote_active":false,"_monsterinsights_sitenote_note":"","_monsterinsights_sitenote_category":0},"yoast_head":"<!-- This site is optimized with the Yoast SEO plugin v20.3 - https:\/\/yoast.com\/wordpress\/plugins\/seo\/ -->\n<title>Range Rover location 4x4 \/ SUV de luxe - LR MC<\/title>\n<meta name=\"description\" content=\"Louez un 4x4 Range Rover chez Mc Luxury Rental. Range Rover est une marque connue et reconnue pour ses qualit\u00e9s automobiles.\" \/>\n<meta name=\"robots\" content=\"index, follow, max-snippet:-1, max-image-preview:large, max-video-preview:-1\" \/>\n<link rel=\"canonical\" href=\"https:\/\/luxury-rental-mc.com\/fr\/land-rover\/\" \/>\n<meta property=\"og:locale\" content=\"fr_FR\" \/>\n<meta property=\"og:type\" content=\"article\" \/>\n<meta property=\"og:title\" content=\"Range Rover location 4x4 \/ SUV de luxe - LR MC\" \/>\n<meta property=\"og:description\" content=\"Louez un 4x4 Range Rover chez Mc Luxury Rental. Range Rover est une marque connue et reconnue pour ses qualit\u00e9s automobiles.\" \/>\n<meta property=\"og:url\" content=\"https:\/\/luxury-rental-mc.com\/fr\/land-rover\/\" \/>\n<meta property=\"og:site_name\" content=\"Luxury Car Rentals | Monaco, Nice, Cannes, Saint-Tropez\" \/>\n<meta property=\"article:modified_time\" content=\"2016-09-12T10:36:24+00:00\" \/>\n<meta property=\"og:image\" content=\"https:\/\/luxury-rental-mc.com\/wp-content\/uploads\/2016\/09\/marque-range-rover.jpg\" \/>\n<meta name=\"twitter:label1\" content=\"Dur\u00e9e de lecture estim\u00e9e\" \/>\n\t<meta name=\"twitter:data1\" content=\"4 minutes\" \/>\n<script type=\"application\/ld+json\" class=\"yoast-schema-graph\">{\"@context\":\"https:\/\/schema.org\",\"@graph\":[{\"@type\":\"WebPage\",\"@id\":\"https:\/\/luxury-rental-mc.com\/fr\/land-rover\/\",\"url\":\"https:\/\/luxury-rental-mc.com\/fr\/land-rover\/\",\"name\":\"Range Rover location 4x4 \/ SUV de luxe - LR MC\",\"isPartOf\":{\"@id\":\"https:\/\/luxury-rental-mc.com\/#website\"},\"datePublished\":\"2016-09-05T11:21:07+00:00\",\"dateModified\":\"2016-09-12T10:36:24+00:00\",\"description\":\"Louez un 4x4 Range Rover chez Mc Luxury Rental. Range Rover est une marque connue et reconnue pour ses qualit\u00e9s automobiles.\",\"breadcrumb\":{\"@id\":\"https:\/\/luxury-rental-mc.com\/fr\/land-rover\/#breadcrumb\"},\"inLanguage\":\"fr-FR\",\"potentialAction\":[{\"@type\":\"ReadAction\",\"target\":[\"https:\/\/luxury-rental-mc.com\/fr\/land-rover\/\"]}]},{\"@type\":\"BreadcrumbList\",\"@id\":\"https:\/\/luxury-rental-mc.com\/fr\/land-rover\/#breadcrumb\",\"itemListElement\":[{\"@type\":\"ListItem\",\"position\":1,\"name\":\"Accueil\",\"item\":\"https:\/\/luxury-rental-mc.com\/fr\/\"},{\"@type\":\"ListItem\",\"position\":2,\"name\":\"Land Rover\"}]},{\"@type\":\"WebSite\",\"@id\":\"https:\/\/luxury-rental-mc.com\/#website\",\"url\":\"https:\/\/luxury-rental-mc.com\/\",\"name\":\"Luxury Car Rentals | Monaco, Nice, Cannes, Saint-Tropez\",\"description\":\"Rent the finest brands : Porsche, Ferrari, Lamborghini, Mercedes...\",\"potentialAction\":[{\"@type\":\"SearchAction\",\"target\":{\"@type\":\"EntryPoint\",\"urlTemplate\":\"https:\/\/luxury-rental-mc.com\/?s={search_term_string}\"},\"query-input\":\"required name=search_term_string\"}],\"inLanguage\":\"fr-FR\"}]}<\/script>\n<!-- \/ Yoast SEO plugin. -->","yoast_head_json":{"title":"Range Rover location 4x4 \/ SUV de luxe - LR MC","description":"Louez un 4x4 Range Rover chez Mc Luxury Rental. Range Rover est une marque connue et reconnue pour ses qualit\u00e9s automobiles.","robots":{"index":"index","follow":"follow","max-snippet":"max-snippet:-1","max-image-preview":"max-image-preview:large","max-video-preview":"max-video-preview:-1"},"canonical":"https:\/\/luxury-rental-mc.com\/fr\/land-rover\/","og_locale":"fr_FR","og_type":"article","og_title":"Range Rover location 4x4 \/ SUV de luxe - LR MC","og_description":"Louez un 4x4 Range Rover chez Mc Luxury Rental. Range Rover est une marque connue et reconnue pour ses qualit\u00e9s automobiles.","og_url":"https:\/\/luxury-rental-mc.com\/fr\/land-rover\/","og_site_name":"Luxury Car Rentals | Monaco, Nice, Cannes, Saint-Tropez","article_modified_time":"2016-09-12T10:36:24+00:00","og_image":[{"url":"https:\/\/luxury-rental-mc.com\/wp-content\/uploads\/2016\/09\/marque-range-rover.jpg"}],"twitter_misc":{"Dur\u00e9e de lecture estim\u00e9e":"4 minutes"},"schema":{"@context":"https:\/\/schema.org","@graph":[{"@type":"WebPage","@id":"https:\/\/luxury-rental-mc.com\/fr\/land-rover\/","url":"https:\/\/luxury-rental-mc.com\/fr\/land-rover\/","name":"Range Rover location 4x4 \/ SUV de luxe - LR MC","isPartOf":{"@id":"https:\/\/luxury-rental-mc.com\/#website"},"datePublished":"2016-09-05T11:21:07+00:00","dateModified":"2016-09-12T10:36:24+00:00","description":"Louez un 4x4 Range Rover chez Mc Luxury Rental. Range Rover est une marque connue et reconnue pour ses qualit\u00e9s automobiles.","breadcrumb":{"@id":"https:\/\/luxury-rental-mc.com\/fr\/land-rover\/#breadcrumb"},"inLanguage":"fr-FR","potentialAction":[{"@type":"ReadAction","target":["https:\/\/luxury-rental-mc.com\/fr\/land-rover\/"]}]},{"@type":"BreadcrumbList","@id":"https:\/\/luxury-rental-mc.com\/fr\/land-rover\/#breadcrumb","itemListElement":[{"@type":"ListItem","position":1,"name":"Accueil","item":"https:\/\/luxury-rental-mc.com\/fr\/"},{"@type":"ListItem","position":2,"name":"Land Rover"}]},{"@type":"WebSite","@id":"https:\/\/luxury-rental-mc.com\/#website","url":"https:\/\/luxury-rental-mc.com\/","name":"Luxury Car Rentals | Monaco, Nice, Cannes, Saint-Tropez","description":"Rent the finest brands : Porsche, Ferrari, Lamborghini, Mercedes...","potentialAction":[{"@type":"SearchAction","target":{"@type":"EntryPoint","urlTemplate":"https:\/\/luxury-rental-mc.com\/?s={search_term_string}"},"query-input":"required name=search_term_string"}],"inLanguage":"fr-FR"}]}},"_links":{"self":[{"href":"https:\/\/luxury-rental-mc.com\/fr\/wp-json\/wp\/v2\/pages\/9111\/"}],"collection":[{"href":"https:\/\/luxury-rental-mc.com\/fr\/wp-json\/wp\/v2\/pages\/"}],"about":[{"href":"https:\/\/luxury-rental-mc.com\/fr\/wp-json\/wp\/v2\/types\/page\/"}],"author":[{"embeddable":true,"href":"https:\/\/luxury-rental-mc.com\/fr\/wp-json\/wp\/v2\/users\/2\/"}],"replies":[{"embeddable":true,"href":"https:\/\/luxury-rental-mc.com\/fr\/wp-json\/wp\/v2\/comments\/?post=9111"}],"version-history":[{"count":7,"href":"https:\/\/luxury-rental-mc.com\/fr\/wp-json\/wp\/v2\/pages\/9111\/revisions\/"}],"predecessor-version":[{"id":9356,"href":"https:\/\/luxury-rental-mc.com\/fr\/wp-json\/wp\/v2\/pages\/9111\/revisions\/9356\/"}],"wp:attachment":[{"href":"https:\/\/luxury-rental-mc.com\/fr\/wp-json\/wp\/v2\/media\/?parent=9111"}],"curies":[{"name":"wp","href":"https:\/\/api.w.org\/{rel}","templated":true}]}}