{"id":9126,"date":"2016-09-05T13:37:57","date_gmt":"2016-09-05T11:37:57","guid":{"rendered":"https:\/\/luxury-rental-mc.com\/fr\/?page_id=9126"},"modified":"2016-09-12T12:54:00","modified_gmt":"2016-09-12T10:54:00","slug":"rolls-royce","status":"publish","type":"page","link":"https:\/\/luxury-rental-mc.com\/fr\/rolls-royce\/","title":{"rendered":"Rolls Royce"},"content":{"rendered":"[vc_row][vc_column][vc_column_text]\n<h1>Fameuse marque britannique : Rolls Royce<\/h1>\n<p style=\"text-align: justify;\"><img loading=\"lazy\" class=\"aligncenter wp-image-9124 size-full\" src=\"https:\/\/luxury-rental-mc.com\/wp-content\/uploads\/2016\/09\/logo-rolls-royce.jpg\" alt=\"louer rolls royce\" width=\"275\" height=\"183\" srcset=\"https:\/\/luxury-rental-mc.com\/wp-content\/uploads\/2016\/09\/logo-rolls-royce.jpg 275w, https:\/\/luxury-rental-mc.com\/wp-content\/uploads\/2016\/09\/logo-rolls-royce-150x100.jpg 150w\" sizes=\"(max-width: 275px) 100vw, 275px\" \/><\/p>\n<p style=\"text-align: justify;\">Rolls Royce est un constructeur d&rsquo;automobile de luxe britannique cr\u00e9\u00e9 en 1988. Les premi\u00e8res voitures ont \u00e9t\u00e9 fabriqu\u00e9e en 1904. Peu de mod\u00e8le ont \u00e9t\u00e9 r\u00e9alis\u00e9, le constructeur privil\u00e9gie la qualit\u00e9 de ses v\u00e9hicules. Mc Luxury Rental vous propose ses trois mod\u00e8les les plus r\u00e9put\u00e9s : la Phantom, la Ghost et la Drophead.<\/p>\n<p style=\"text-align: justify;\">Le premier mod\u00e8le de la marque britannique est la Phantom dessin\u00e9 sous l&rsquo;\u00e8re de BMW. Son int\u00e9rieur est luxueux avec des si\u00e8ges en cuir et un habitacle spacieux. Dot\u00e9e d&rsquo;un moteur V12 6 litres \u00e0 injection direct sa tenue de route est irr\u00e9prochable pouvant aller jusqu&rsquo;\u00e0 240 km\/h. Sa particularit\u00e9, comme sur les autres mod\u00e8les, ses portes s&rsquo;ouvrent en sens inverse. Le logo Rolls Royce sur les jantes reste orient\u00e9 vers le haut.<\/p>\n<p style=\"text-align: justify;\">Une automobile imposante de part se taille et son caract\u00e8re qui font d&rsquo;elle un mod\u00e8le de luxe exceptionnel.\u00a0<img loading=\"lazy\" class=\"size-full wp-image-9123 alignright\" src=\"https:\/\/luxury-rental-mc.com\/wp-content\/uploads\/2016\/09\/location-rolls-royce.jpg\" alt=\"location rolls royce\" width=\"259\" height=\"194\" \/><\/p>\n<h2 style=\"text-align: justify;\">Tous les mod\u00e8les de luxe par Rolls Royce<\/h2>\n<p style=\"text-align: justify;\">Le second mod\u00e8le du constructeur est la Drophead. Un mod\u00e8le bas\u00e9 sur la Rolls Royce Phantom en version coup\u00e9 d\u00e9capotable. Ce mod\u00e8le comporte \u00e9galement un moteur V12 pouvant aller jusqu&rsquo;\u00e0 460 chevaux et 240 km\/h. Un habitacle une fois de plus spacieux et luxueux tout de cuir les si\u00e8ges sont confortables. Ses portes s&rsquo;ouvrent en sens inverse \u00e9galement, c&rsquo;est une particularit\u00e9 de la marque britannique. Un logo de la marque toujours pr\u00e9sent sur les parties les plus visibles de la limousine. Ce mod\u00e8le vous fera donc profiter d&rsquo;un moment au soleil, d&rsquo;une promenade en plein \u00e9t\u00e9, d&rsquo;un ciel bleu sans nuages afin de vivre une v\u00e9ritable dolce vita.<\/p>\n<p style=\"text-align: justify;\">Enfin le troisi\u00e8me mod\u00e8le disponible chez Mc Luxury Rental est le mod\u00e8le Ghost. Mod\u00e8le similaire une fois de plus avec quelques particularit\u00e9. Toujours tr\u00e8s spacieux et des portes qui s&rsquo;ouvrent en sens inverse avec des si\u00e8ges en cuir ultra confortable. Le mod\u00e8le Ghost se diff\u00e9rencie notamment du mod\u00e8le Phantom car elle fait 40cms de moins en longueur. Toujours dot\u00e9 d&rsquo;un moteur V12 elle atteint les 570 chevaux.<\/p>\n<p style=\"text-align: justify;\"><img loading=\"lazy\" class=\"size-full wp-image-9122 alignleft\" src=\"https:\/\/luxury-rental-mc.com\/wp-content\/uploads\/2016\/09\/louer-rolls-royce-monaco.jpg\" alt=\"louer rolls royce monaco\" width=\"275\" height=\"183\" srcset=\"https:\/\/luxury-rental-mc.com\/wp-content\/uploads\/2016\/09\/louer-rolls-royce-monaco.jpg 275w, https:\/\/luxury-rental-mc.com\/wp-content\/uploads\/2016\/09\/louer-rolls-royce-monaco-150x100.jpg 150w\" sizes=\"(max-width: 275px) 100vw, 275px\" \/>Ces trois types de limousine de luxe du constructeur britannique Rolls Royce sont disponibles chez Mc Luxury Rental depuis quelques ann\u00e9es. Ce sont des v\u00e9hicules fiables, une conduite souple, silencieuse et confortable. Tout est mis en place pour vous faire aimer ces mod\u00e8les.<\/p>\n[\/vc_column_text][\/vc_column][\/vc_row]\n","protected":false},"excerpt":{"rendered":"<p>[vc_row][vc_column][vc_column_text] Fameuse marque britannique : Rolls Royce Rolls Royce est un constructeur d&rsquo;automobile de luxe britannique cr\u00e9\u00e9 en 1988. Les premi\u00e8res voitures ont \u00e9t\u00e9 fabriqu\u00e9e en 1904. Peu de mod\u00e8le ont \u00e9t\u00e9 r\u00e9alis\u00e9, le constructeur privil\u00e9gie la qualit\u00e9 de ses v\u00e9hicules. Mc Luxury Rental vous propose ses trois mod\u00e8les les plus r\u00e9put\u00e9s : la Phantom, [&hellip;]<\/p>\n","protected":false},"author":2,"featured_media":0,"parent":0,"menu_order":0,"comment_status":"closed","ping_status":"closed","template":"","meta":{"_monsterinsights_skip_tracking":false,"_monsterinsights_sitenote_active":false,"_monsterinsights_sitenote_note":"","_monsterinsights_sitenote_category":0},"yoast_head":"<!-- This site is optimized with the Yoast SEO plugin v20.3 - https:\/\/yoast.com\/wordpress\/plugins\/seo\/ -->\n<title>Limousines Rolls Royce \u00e0 louer - LR MC<\/title>\n<meta name=\"description\" content=\"Rolls Royce est une marque tr\u00e8s connue en Grande Bretagne gr\u00e2ce \u00e0 ses mod\u00e8les de limousines incontournables. Louez les avec Mc Luxury Rental.\" \/>\n<meta name=\"robots\" content=\"index, follow, max-snippet:-1, max-image-preview:large, max-video-preview:-1\" \/>\n<link rel=\"canonical\" href=\"https:\/\/luxury-rental-mc.com\/fr\/rolls-royce\/\" \/>\n<meta property=\"og:locale\" content=\"fr_FR\" \/>\n<meta property=\"og:type\" content=\"article\" \/>\n<meta property=\"og:title\" content=\"Limousines Rolls Royce \u00e0 louer - LR MC\" \/>\n<meta property=\"og:description\" content=\"Rolls Royce est une marque tr\u00e8s connue en Grande Bretagne gr\u00e2ce \u00e0 ses mod\u00e8les de limousines incontournables. Louez les avec Mc Luxury Rental.\" \/>\n<meta property=\"og:url\" content=\"https:\/\/luxury-rental-mc.com\/fr\/rolls-royce\/\" \/>\n<meta property=\"og:site_name\" content=\"Luxury Car Rentals | Monaco, Nice, Cannes, Saint-Tropez\" \/>\n<meta property=\"article:modified_time\" content=\"2016-09-12T10:54:00+00:00\" \/>\n<meta property=\"og:image\" content=\"https:\/\/luxury-rental-mc.com\/wp-content\/uploads\/2016\/09\/logo-rolls-royce.jpg\" \/>\n<meta name=\"twitter:label1\" content=\"Dur\u00e9e de lecture estim\u00e9e\" \/>\n\t<meta name=\"twitter:data1\" content=\"2 minutes\" \/>\n<script type=\"application\/ld+json\" class=\"yoast-schema-graph\">{\"@context\":\"https:\/\/schema.org\",\"@graph\":[{\"@type\":\"WebPage\",\"@id\":\"https:\/\/luxury-rental-mc.com\/fr\/rolls-royce\/\",\"url\":\"https:\/\/luxury-rental-mc.com\/fr\/rolls-royce\/\",\"name\":\"Limousines Rolls Royce \u00e0 louer - LR MC\",\"isPartOf\":{\"@id\":\"https:\/\/luxury-rental-mc.com\/#website\"},\"datePublished\":\"2016-09-05T11:37:57+00:00\",\"dateModified\":\"2016-09-12T10:54:00+00:00\",\"description\":\"Rolls Royce est une marque tr\u00e8s connue en Grande Bretagne gr\u00e2ce \u00e0 ses mod\u00e8les de limousines incontournables. Louez les avec Mc Luxury Rental.\",\"breadcrumb\":{\"@id\":\"https:\/\/luxury-rental-mc.com\/fr\/rolls-royce\/#breadcrumb\"},\"inLanguage\":\"fr-FR\",\"potentialAction\":[{\"@type\":\"ReadAction\",\"target\":[\"https:\/\/luxury-rental-mc.com\/fr\/rolls-royce\/\"]}]},{\"@type\":\"BreadcrumbList\",\"@id\":\"https:\/\/luxury-rental-mc.com\/fr\/rolls-royce\/#breadcrumb\",\"itemListElement\":[{\"@type\":\"ListItem\",\"position\":1,\"name\":\"Accueil\",\"item\":\"https:\/\/luxury-rental-mc.com\/fr\/\"},{\"@type\":\"ListItem\",\"position\":2,\"name\":\"Rolls Royce\"}]},{\"@type\":\"WebSite\",\"@id\":\"https:\/\/luxury-rental-mc.com\/#website\",\"url\":\"https:\/\/luxury-rental-mc.com\/\",\"name\":\"Luxury Car Rentals | Monaco, Nice, Cannes, Saint-Tropez\",\"description\":\"Rent the finest brands : Porsche, Ferrari, Lamborghini, Mercedes...\",\"potentialAction\":[{\"@type\":\"SearchAction\",\"target\":{\"@type\":\"EntryPoint\",\"urlTemplate\":\"https:\/\/luxury-rental-mc.com\/?s={search_term_string}\"},\"query-input\":\"required name=search_term_string\"}],\"inLanguage\":\"fr-FR\"}]}<\/script>\n<!-- \/ Yoast SEO plugin. -->","yoast_head_json":{"title":"Limousines Rolls Royce \u00e0 louer - LR MC","description":"Rolls Royce est une marque tr\u00e8s connue en Grande Bretagne gr\u00e2ce \u00e0 ses mod\u00e8les de limousines incontournables. Louez les avec Mc Luxury Rental.","robots":{"index":"index","follow":"follow","max-snippet":"max-snippet:-1","max-image-preview":"max-image-preview:large","max-video-preview":"max-video-preview:-1"},"canonical":"https:\/\/luxury-rental-mc.com\/fr\/rolls-royce\/","og_locale":"fr_FR","og_type":"article","og_title":"Limousines Rolls Royce \u00e0 louer - LR MC","og_description":"Rolls Royce est une marque tr\u00e8s connue en Grande Bretagne gr\u00e2ce \u00e0 ses mod\u00e8les de limousines incontournables. Louez les avec Mc Luxury Rental.","og_url":"https:\/\/luxury-rental-mc.com\/fr\/rolls-royce\/","og_site_name":"Luxury Car Rentals | Monaco, Nice, Cannes, Saint-Tropez","article_modified_time":"2016-09-12T10:54:00+00:00","og_image":[{"url":"https:\/\/luxury-rental-mc.com\/wp-content\/uploads\/2016\/09\/logo-rolls-royce.jpg"}],"twitter_misc":{"Dur\u00e9e de lecture estim\u00e9e":"2 minutes"},"schema":{"@context":"https:\/\/schema.org","@graph":[{"@type":"WebPage","@id":"https:\/\/luxury-rental-mc.com\/fr\/rolls-royce\/","url":"https:\/\/luxury-rental-mc.com\/fr\/rolls-royce\/","name":"Limousines Rolls Royce \u00e0 louer - LR MC","isPartOf":{"@id":"https:\/\/luxury-rental-mc.com\/#website"},"datePublished":"2016-09-05T11:37:57+00:00","dateModified":"2016-09-12T10:54:00+00:00","description":"Rolls Royce est une marque tr\u00e8s connue en Grande Bretagne gr\u00e2ce \u00e0 ses mod\u00e8les de limousines incontournables. Louez les avec Mc Luxury Rental.","breadcrumb":{"@id":"https:\/\/luxury-rental-mc.com\/fr\/rolls-royce\/#breadcrumb"},"inLanguage":"fr-FR","potentialAction":[{"@type":"ReadAction","target":["https:\/\/luxury-rental-mc.com\/fr\/rolls-royce\/"]}]},{"@type":"BreadcrumbList","@id":"https:\/\/luxury-rental-mc.com\/fr\/rolls-royce\/#breadcrumb","itemListElement":[{"@type":"ListItem","position":1,"name":"Accueil","item":"https:\/\/luxury-rental-mc.com\/fr\/"},{"@type":"ListItem","position":2,"name":"Rolls Royce"}]},{"@type":"WebSite","@id":"https:\/\/luxury-rental-mc.com\/#website","url":"https:\/\/luxury-rental-mc.com\/","name":"Luxury Car Rentals | Monaco, Nice, Cannes, Saint-Tropez","description":"Rent the finest brands : Porsche, Ferrari, Lamborghini, Mercedes...","potentialAction":[{"@type":"SearchAction","target":{"@type":"EntryPoint","urlTemplate":"https:\/\/luxury-rental-mc.com\/?s={search_term_string}"},"query-input":"required name=search_term_string"}],"inLanguage":"fr-FR"}]}},"_links":{"self":[{"href":"https:\/\/luxury-rental-mc.com\/fr\/wp-json\/wp\/v2\/pages\/9126\/"}],"collection":[{"href":"https:\/\/luxury-rental-mc.com\/fr\/wp-json\/wp\/v2\/pages\/"}],"about":[{"href":"https:\/\/luxury-rental-mc.com\/fr\/wp-json\/wp\/v2\/types\/page\/"}],"author":[{"embeddable":true,"href":"https:\/\/luxury-rental-mc.com\/fr\/wp-json\/wp\/v2\/users\/2\/"}],"replies":[{"embeddable":true,"href":"https:\/\/luxury-rental-mc.com\/fr\/wp-json\/wp\/v2\/comments\/?post=9126"}],"version-history":[{"count":5,"href":"https:\/\/luxury-rental-mc.com\/fr\/wp-json\/wp\/v2\/pages\/9126\/revisions\/"}],"predecessor-version":[{"id":9369,"href":"https:\/\/luxury-rental-mc.com\/fr\/wp-json\/wp\/v2\/pages\/9126\/revisions\/9369\/"}],"wp:attachment":[{"href":"https:\/\/luxury-rental-mc.com\/fr\/wp-json\/wp\/v2\/media\/?parent=9126"}],"curies":[{"name":"wp","href":"https:\/\/api.w.org\/{rel}","templated":true}]}}