{"id":9137,"date":"2016-09-05T14:03:05","date_gmt":"2016-09-05T12:03:05","guid":{"rendered":"https:\/\/luxury-rental-mc.com\/fr\/?page_id=9137"},"modified":"2016-09-12T12:48:53","modified_gmt":"2016-09-12T10:48:53","slug":"porsche","status":"publish","type":"page","link":"https:\/\/luxury-rental-mc.com\/fr\/porsche\/","title":{"rendered":"Porsche"},"content":{"rendered":"[vc_row][vc_column][vc_column_text]\n<h1>Porsche et sa qualit\u00e9<\/h1>\n<p style=\"text-align: justify;\"><img loading=\"lazy\" class=\"aligncenter wp-image-9132 size-full\" src=\"https:\/\/luxury-rental-mc.com\/wp-content\/uploads\/2016\/09\/logo-porsche.jpg\" alt=\"location porsche\" width=\"259\" height=\"194\" \/><\/p>\n<p style=\"text-align: justify;\">Porsche est une marque d&rsquo;automobile de luxe et de sport allemande. La soci\u00e9t\u00e9 a \u00e9t\u00e9 fond\u00e9e en 1931 par Ferdinand Porsche puis reprise par son fils Ferry.<\/p>\n<p style=\"text-align: justify;\">Les usines sont situ\u00e9es \u00e0 Leipzig et \u00e0 Zuffenhausen. C&rsquo;est le constructeur automobile le plus rentable de l&rsquo;histoire. En 2015, les ventes dans le monde se sont \u00e9lev\u00e9es \u00e0 plus de 225 000 voitures.<img loading=\"lazy\" class=\"size-full wp-image-9134 alignright\" src=\"https:\/\/luxury-rental-mc.com\/wp-content\/uploads\/2016\/09\/porsche-carrera-location.jpg\" alt=\"porsche carrera location\" width=\"275\" height=\"183\" srcset=\"https:\/\/luxury-rental-mc.com\/wp-content\/uploads\/2016\/09\/porsche-carrera-location.jpg 275w, https:\/\/luxury-rental-mc.com\/wp-content\/uploads\/2016\/09\/porsche-carrera-location-150x100.jpg 150w\" sizes=\"(max-width: 275px) 100vw, 275px\" \/><\/p>\n<p style=\"text-align: justify;\">Porsche pr\u00e9sente des v\u00e9hicules sportifs deux places ainsique des 4&#215;4 familiaux tr\u00e8s luxueux. Mc Luxury Rental vous pr\u00e9sente dans un premier temps ses voitures de sport. Le mod\u00e8le 911 est un mod\u00e8le incontournable de la marque et d\u00e9clin\u00e9 en version cabriolet et targa.<\/p>\n<p style=\"text-align: justify;\">La 911 Carrera\u00a0 est le mod\u00e8le qui a le plus \u00e9volu\u00e9 chez Porsche. Il existe une quinzaine de mod\u00e8les 911 diff\u00e9rents dont certains sont tr\u00e8s recherch\u00e9s par les collectionneurs. Nous vous mettons \u00e0 disposition la derni\u00e8re 911 carrera, un mod\u00e8le d\u00e9veloppant\u00a0 350 chevaux, au design \u00e9pur\u00e9, \u00e9l\u00e9gant. Une automobile deux places \u00e0 l&rsquo;avant allong\u00e9. C&rsquo;est une voiture a\u00e9rodynamique pour atteindre des vitesses sportives.<\/p>\n<h2 style=\"text-align: justify;\">Porsche innove pour ses clients<\/h2>\n<p style=\"text-align: justify;\">Elle est d\u00e9clin\u00e9e en cabriolet ce qui casse son c\u00f4t\u00e9 a\u00e9rodynamique et sportif mais qui lui donne un atout ind\u00e9niable lors d&rsquo;un week-end \u00e0 deux.<\/p>\n<p style=\"text-align: justify;\">Sa version Targa h\u00e9rite \u00e9galement des m\u00eames signes distinctifs. Profil atypique avec un arceau central et son toit ouvrant. C&rsquo;est le dernier mod\u00e8le de la s\u00e9rie 911.<\/p>\n<p style=\"text-align: justify;\"><img loading=\"lazy\" class=\"size-medium wp-image-9135 aligncenter\" src=\"https:\/\/luxury-rental-mc.com\/wp-content\/uploads\/2016\/09\/porsche-panamera_2016-300x216.jpg\" alt=\"Porsche-Panamera_2016\" width=\"300\" height=\"216\" srcset=\"https:\/\/luxury-rental-mc.com\/wp-content\/uploads\/2016\/09\/porsche-panamera_2016-300x216.jpg 300w, https:\/\/luxury-rental-mc.com\/wp-content\/uploads\/2016\/09\/porsche-panamera_2016-768x553.jpg 768w, https:\/\/luxury-rental-mc.com\/wp-content\/uploads\/2016\/09\/porsche-panamera_2016-1024x738.jpg 1024w, https:\/\/luxury-rental-mc.com\/wp-content\/uploads\/2016\/09\/porsche-panamera_2016-330x238.jpg 330w, https:\/\/luxury-rental-mc.com\/wp-content\/uploads\/2016\/09\/porsche-panamera_2016-1777x1280.jpg 1777w, https:\/\/luxury-rental-mc.com\/wp-content\/uploads\/2016\/09\/porsche-panamera_2016-575x414.jpg 575w, https:\/\/luxury-rental-mc.com\/wp-content\/uploads\/2016\/09\/porsche-panamera_2016-1280x922.jpg 1280w, https:\/\/luxury-rental-mc.com\/wp-content\/uploads\/2016\/09\/porsche-panamera_2016-414x298.jpg 414w\" sizes=\"(max-width: 300px) 100vw, 300px\" \/><\/p>\n<p style=\"text-align: justify;\">Porsche s&rsquo;est \u00e9galement lanc\u00e9 dans un mod\u00e8le in\u00e9dit. A la base constructeur de voiture de sport, le constructeur allemand a \u00e9labor\u00e9 une berline de luxe. La Porsche Panamera a vu le jour en 2009 et Mc Luxury Rental vous pr\u00e9sente d\u00e9j\u00e0 sa nouvelle version \u00e0 la location. C&rsquo;est une magnifique berline quatre portes cens\u00e9e concurrencer les berlines Mercedes, Maserati, etc. Son design est inspir\u00e9 de la Porsche 911 \u00e0 l&rsquo;avant et l&rsquo;arri\u00e8re typique d&rsquo;un coup\u00e9. Son volume est satisfaisant pour une berline avec de l&rsquo;espace \u00e0 l&rsquo;avant et \u00e0 l&rsquo;arri\u00e8re et des dimensions g\u00e9n\u00e9reuses.<\/p>\n<p style=\"text-align: justify;\"><img loading=\"lazy\" class=\"size-full wp-image-9133 alignleft\" src=\"https:\/\/luxury-rental-mc.com\/wp-content\/uploads\/2016\/09\/louer-porsche-cayenne.jpg\" alt=\"louer porsche cayenne\" width=\"275\" height=\"183\" srcset=\"https:\/\/luxury-rental-mc.com\/wp-content\/uploads\/2016\/09\/louer-porsche-cayenne.jpg 275w, https:\/\/luxury-rental-mc.com\/wp-content\/uploads\/2016\/09\/louer-porsche-cayenne-150x100.jpg 150w\" sizes=\"(max-width: 275px) 100vw, 275px\" \/>Enfin Porsche a \u00e9galement voulu s&rsquo;imposer sur le march\u00e9 des 4&#215;4 \/ SUV et a r\u00e9ussi avec brio! Porsche lance son 4&#215;4 Cayenne et devient le constructeur le plus rentable du monde. Le moteur Diesel d\u00e9veloppe 240 chevaux et permet une consommation correcte pour un 4&#215;4 de luxe. Sa version Turbo quant \u00e0 elle peut monter jusqu&rsquo;\u00e0 570 chevaux. C&rsquo;est un mod\u00e8le similaire, tr\u00e8s peu de changement hormis au niveau de la motorisation.<\/p>\n<p style=\"text-align: justify;\">Ce 4&#215;4 est classe et \u00e9l\u00e9gant mais il saura \u00e9galement vous surprendre gr\u00e2ce \u00e0 sa tenue de route et sa puissance.<\/p>\n<p style=\"text-align: justify;\">Mc Luxury Rental vous permet de louer des mod\u00e8les uniques du constructeur Porsche.<\/p>\n[\/vc_column_text][\/vc_column][\/vc_row]\n","protected":false},"excerpt":{"rendered":"<p>[vc_row][vc_column][vc_column_text] Porsche et sa qualit\u00e9 Porsche est une marque d&rsquo;automobile de luxe et de sport allemande. La soci\u00e9t\u00e9 a \u00e9t\u00e9 fond\u00e9e en 1931 par Ferdinand Porsche puis reprise par son fils Ferry. Les usines sont situ\u00e9es \u00e0 Leipzig et \u00e0 Zuffenhausen. C&rsquo;est le constructeur automobile le plus rentable de l&rsquo;histoire. En 2015, les ventes dans [&hellip;]<\/p>\n","protected":false},"author":2,"featured_media":0,"parent":0,"menu_order":0,"comment_status":"closed","ping_status":"closed","template":"","meta":{"_monsterinsights_skip_tracking":false,"_monsterinsights_sitenote_active":false,"_monsterinsights_sitenote_note":"","_monsterinsights_sitenote_category":0},"yoast_head":"<!-- This site is optimized with the Yoast SEO plugin v20.3 - https:\/\/yoast.com\/wordpress\/plugins\/seo\/ -->\n<title>Louer Porsche et ses mod\u00e8les d&#039;exceptions - LR MC<\/title>\n<meta name=\"description\" content=\"Porsche est une marque de voiture d&#039;exception. Voiture de sport, voiture de luxe, 4x4 Porsche est une marque incontournable dans le milieu automobile.\" \/>\n<meta name=\"robots\" content=\"index, follow, max-snippet:-1, max-image-preview:large, max-video-preview:-1\" \/>\n<link rel=\"canonical\" href=\"https:\/\/luxury-rental-mc.com\/fr\/porsche\/\" \/>\n<meta property=\"og:locale\" content=\"fr_FR\" \/>\n<meta property=\"og:type\" content=\"article\" \/>\n<meta property=\"og:title\" content=\"Louer Porsche et ses mod\u00e8les d&#039;exceptions - LR MC\" \/>\n<meta property=\"og:description\" content=\"Porsche est une marque de voiture d&#039;exception. Voiture de sport, voiture de luxe, 4x4 Porsche est une marque incontournable dans le milieu automobile.\" \/>\n<meta property=\"og:url\" content=\"https:\/\/luxury-rental-mc.com\/fr\/porsche\/\" \/>\n<meta property=\"og:site_name\" content=\"Luxury Car Rentals | Monaco, Nice, Cannes, Saint-Tropez\" \/>\n<meta property=\"article:modified_time\" content=\"2016-09-12T10:48:53+00:00\" \/>\n<meta property=\"og:image\" content=\"https:\/\/luxury-rental-mc.com\/wp-content\/uploads\/2016\/09\/logo-porsche.jpg\" \/>\n<meta name=\"twitter:label1\" content=\"Dur\u00e9e de lecture estim\u00e9e\" \/>\n\t<meta name=\"twitter:data1\" content=\"2 minutes\" \/>\n<script type=\"application\/ld+json\" class=\"yoast-schema-graph\">{\"@context\":\"https:\/\/schema.org\",\"@graph\":[{\"@type\":\"WebPage\",\"@id\":\"https:\/\/luxury-rental-mc.com\/fr\/porsche\/\",\"url\":\"https:\/\/luxury-rental-mc.com\/fr\/porsche\/\",\"name\":\"Louer Porsche et ses mod\u00e8les d'exceptions - LR MC\",\"isPartOf\":{\"@id\":\"https:\/\/luxury-rental-mc.com\/#website\"},\"datePublished\":\"2016-09-05T12:03:05+00:00\",\"dateModified\":\"2016-09-12T10:48:53+00:00\",\"description\":\"Porsche est une marque de voiture d'exception. Voiture de sport, voiture de luxe, 4x4 Porsche est une marque incontournable dans le milieu automobile.\",\"breadcrumb\":{\"@id\":\"https:\/\/luxury-rental-mc.com\/fr\/porsche\/#breadcrumb\"},\"inLanguage\":\"fr-FR\",\"potentialAction\":[{\"@type\":\"ReadAction\",\"target\":[\"https:\/\/luxury-rental-mc.com\/fr\/porsche\/\"]}]},{\"@type\":\"BreadcrumbList\",\"@id\":\"https:\/\/luxury-rental-mc.com\/fr\/porsche\/#breadcrumb\",\"itemListElement\":[{\"@type\":\"ListItem\",\"position\":1,\"name\":\"Accueil\",\"item\":\"https:\/\/luxury-rental-mc.com\/fr\/\"},{\"@type\":\"ListItem\",\"position\":2,\"name\":\"Porsche\"}]},{\"@type\":\"WebSite\",\"@id\":\"https:\/\/luxury-rental-mc.com\/#website\",\"url\":\"https:\/\/luxury-rental-mc.com\/\",\"name\":\"Luxury Car Rentals | Monaco, Nice, Cannes, Saint-Tropez\",\"description\":\"Rent the finest brands : Porsche, Ferrari, Lamborghini, Mercedes...\",\"potentialAction\":[{\"@type\":\"SearchAction\",\"target\":{\"@type\":\"EntryPoint\",\"urlTemplate\":\"https:\/\/luxury-rental-mc.com\/?s={search_term_string}\"},\"query-input\":\"required name=search_term_string\"}],\"inLanguage\":\"fr-FR\"}]}<\/script>\n<!-- \/ Yoast SEO plugin. -->","yoast_head_json":{"title":"Louer Porsche et ses mod\u00e8les d'exceptions - LR MC","description":"Porsche est une marque de voiture d'exception. Voiture de sport, voiture de luxe, 4x4 Porsche est une marque incontournable dans le milieu automobile.","robots":{"index":"index","follow":"follow","max-snippet":"max-snippet:-1","max-image-preview":"max-image-preview:large","max-video-preview":"max-video-preview:-1"},"canonical":"https:\/\/luxury-rental-mc.com\/fr\/porsche\/","og_locale":"fr_FR","og_type":"article","og_title":"Louer Porsche et ses mod\u00e8les d'exceptions - LR MC","og_description":"Porsche est une marque de voiture d'exception. Voiture de sport, voiture de luxe, 4x4 Porsche est une marque incontournable dans le milieu automobile.","og_url":"https:\/\/luxury-rental-mc.com\/fr\/porsche\/","og_site_name":"Luxury Car Rentals | Monaco, Nice, Cannes, Saint-Tropez","article_modified_time":"2016-09-12T10:48:53+00:00","og_image":[{"url":"https:\/\/luxury-rental-mc.com\/wp-content\/uploads\/2016\/09\/logo-porsche.jpg"}],"twitter_misc":{"Dur\u00e9e de lecture estim\u00e9e":"2 minutes"},"schema":{"@context":"https:\/\/schema.org","@graph":[{"@type":"WebPage","@id":"https:\/\/luxury-rental-mc.com\/fr\/porsche\/","url":"https:\/\/luxury-rental-mc.com\/fr\/porsche\/","name":"Louer Porsche et ses mod\u00e8les d'exceptions - LR MC","isPartOf":{"@id":"https:\/\/luxury-rental-mc.com\/#website"},"datePublished":"2016-09-05T12:03:05+00:00","dateModified":"2016-09-12T10:48:53+00:00","description":"Porsche est une marque de voiture d'exception. Voiture de sport, voiture de luxe, 4x4 Porsche est une marque incontournable dans le milieu automobile.","breadcrumb":{"@id":"https:\/\/luxury-rental-mc.com\/fr\/porsche\/#breadcrumb"},"inLanguage":"fr-FR","potentialAction":[{"@type":"ReadAction","target":["https:\/\/luxury-rental-mc.com\/fr\/porsche\/"]}]},{"@type":"BreadcrumbList","@id":"https:\/\/luxury-rental-mc.com\/fr\/porsche\/#breadcrumb","itemListElement":[{"@type":"ListItem","position":1,"name":"Accueil","item":"https:\/\/luxury-rental-mc.com\/fr\/"},{"@type":"ListItem","position":2,"name":"Porsche"}]},{"@type":"WebSite","@id":"https:\/\/luxury-rental-mc.com\/#website","url":"https:\/\/luxury-rental-mc.com\/","name":"Luxury Car Rentals | Monaco, Nice, Cannes, Saint-Tropez","description":"Rent the finest brands : Porsche, Ferrari, Lamborghini, Mercedes...","potentialAction":[{"@type":"SearchAction","target":{"@type":"EntryPoint","urlTemplate":"https:\/\/luxury-rental-mc.com\/?s={search_term_string}"},"query-input":"required name=search_term_string"}],"inLanguage":"fr-FR"}]}},"_links":{"self":[{"href":"https:\/\/luxury-rental-mc.com\/fr\/wp-json\/wp\/v2\/pages\/9137\/"}],"collection":[{"href":"https:\/\/luxury-rental-mc.com\/fr\/wp-json\/wp\/v2\/pages\/"}],"about":[{"href":"https:\/\/luxury-rental-mc.com\/fr\/wp-json\/wp\/v2\/types\/page\/"}],"author":[{"embeddable":true,"href":"https:\/\/luxury-rental-mc.com\/fr\/wp-json\/wp\/v2\/users\/2\/"}],"replies":[{"embeddable":true,"href":"https:\/\/luxury-rental-mc.com\/fr\/wp-json\/wp\/v2\/comments\/?post=9137"}],"version-history":[{"count":5,"href":"https:\/\/luxury-rental-mc.com\/fr\/wp-json\/wp\/v2\/pages\/9137\/revisions\/"}],"predecessor-version":[{"id":9367,"href":"https:\/\/luxury-rental-mc.com\/fr\/wp-json\/wp\/v2\/pages\/9137\/revisions\/9367\/"}],"wp:attachment":[{"href":"https:\/\/luxury-rental-mc.com\/fr\/wp-json\/wp\/v2\/media\/?parent=9137"}],"curies":[{"name":"wp","href":"https:\/\/api.w.org\/{rel}","templated":true}]}}