{"id":9139,"date":"2016-09-05T14:11:45","date_gmt":"2016-09-05T12:11:45","guid":{"rendered":"https:\/\/luxury-rental-mc.com\/fr\/?page_id=9139"},"modified":"2016-09-12T12:45:31","modified_gmt":"2016-09-12T10:45:31","slug":"mini","status":"publish","type":"page","link":"https:\/\/luxury-rental-mc.com\/fr\/mini\/","title":{"rendered":"Mini"},"content":{"rendered":"[vc_row][vc_column][vc_column_text]\n<h1>L&rsquo;authenticit\u00e9 Mini<\/h1>\n<p><img loading=\"lazy\" class=\"aligncenter wp-image-9140 size-full\" src=\"https:\/\/luxury-rental-mc.com\/wp-content\/uploads\/2016\/09\/logo-mini.jpg\" alt=\"location mini\" width=\"240\" height=\"102\" \/><\/p>\n<p style=\"text-align: justify;\">Le constructeur d&rsquo;automobile britannique Mini a \u00e9t\u00e9 fond\u00e9e en 1959 par l&rsquo;anglais Alec Issigonis. C&rsquo;est une filiale de ma marque BMW depuis 1994. C&rsquo;est \u00e9galement nom d&rsquo;un mod\u00e8le. Depuis 2013 les Mini ont \u00e9volu\u00e9es en diverses versions: citadine 3 portes, cabriolet, clubman, countryman, paceman, coup\u00e9 et roadster.<\/p>\n<p style=\"text-align: justify;\"><img loading=\"lazy\" class=\"size-full wp-image-9142 aligncenter\" src=\"https:\/\/luxury-rental-mc.com\/wp-content\/uploads\/2016\/09\/mini-cooper-location.jpg\" alt=\"mini cooper location\" width=\"283\" height=\"178\" \/><\/p>\n<h2 style=\"text-align: justify;\">La petite voiture par Mini<\/h2>\n<p style=\"text-align: justify;\">Mc Luxury Rental vous pr\u00e9sente la citadine classique 3 portes et sa version cabriolet. Une voiture compacte qui vous conviendra parfaitement pour des s\u00e9jours touristiques. Pratique pour sa garer gr\u00e2ce \u00e0 sa taille, elle dispose d&rsquo;un int\u00e9rieur assez spacieux \u00e0 l&rsquo;avant pour 2 personnes et les deux places arri\u00e8res sont plus restreintes. Sa version cabriolet rajoute un atout charme au mod\u00e8le. Vous aimerez passer un week-end romantique fa\u00e7on Dolce Vita \u00e0 bord de la Mini Cooper cabriolet.<\/p>\n<p style=\"text-align: justify;\"><img loading=\"lazy\" class=\"size-full wp-image-9141 aligncenter\" src=\"https:\/\/luxury-rental-mc.com\/wp-content\/uploads\/2016\/09\/mini-cooper-cabriolet--louer.jpg\" alt=\"mini cooper cabriolet \u00e0 louer\" width=\"275\" height=\"183\" srcset=\"https:\/\/luxury-rental-mc.com\/wp-content\/uploads\/2016\/09\/mini-cooper-cabriolet--louer.jpg 275w, https:\/\/luxury-rental-mc.com\/wp-content\/uploads\/2016\/09\/mini-cooper-cabriolet--louer-150x100.jpg 150w\" sizes=\"(max-width: 275px) 100vw, 275px\" \/><\/p>\n<p style=\"text-align: justify;\">La Mini Cooper est une petite voiture avec une bonne tenue de route gr\u00e2ce \u00e0 son moteur d\u00e9veloppant 120 chevaux. Vous pourrez visiter, voyager l\u00e9ger en toute tranquillit\u00e9.<\/p>\n<p style=\"text-align: justify;\">Retrouvez Mini Cooper chez Mc Luxury Rental.<\/p>\n[\/vc_column_text][\/vc_column][\/vc_row]\n","protected":false},"excerpt":{"rendered":"<p>[vc_row][vc_column][vc_column_text] L&rsquo;authenticit\u00e9 Mini Le constructeur d&rsquo;automobile britannique Mini a \u00e9t\u00e9 fond\u00e9e en 1959 par l&rsquo;anglais Alec Issigonis. C&rsquo;est une filiale de ma marque BMW depuis 1994. C&rsquo;est \u00e9galement nom d&rsquo;un mod\u00e8le. Depuis 2013 les Mini ont \u00e9volu\u00e9es en diverses versions: citadine 3 portes, cabriolet, clubman, countryman, paceman, coup\u00e9 et roadster. La petite voiture par Mini [&hellip;]<\/p>\n","protected":false},"author":2,"featured_media":0,"parent":0,"menu_order":0,"comment_status":"closed","ping_status":"closed","template":"","meta":{"_monsterinsights_skip_tracking":false,"_monsterinsights_sitenote_active":false,"_monsterinsights_sitenote_note":"","_monsterinsights_sitenote_category":0},"yoast_head":"<!-- This site is optimized with the Yoast SEO plugin v20.3 - https:\/\/yoast.com\/wordpress\/plugins\/seo\/ -->\n<title>Location Mini, Mini Cooper marque britannique - LR MC<\/title>\n<meta name=\"description\" content=\"Mini est une marque d&#039;automobile britannique. Un design authentique depuis sa premi\u00e8re voiture construite la marque a su se moderniser.\" \/>\n<meta name=\"robots\" content=\"index, follow, max-snippet:-1, max-image-preview:large, max-video-preview:-1\" \/>\n<link rel=\"canonical\" href=\"https:\/\/luxury-rental-mc.com\/fr\/mini\/\" \/>\n<meta property=\"og:locale\" content=\"fr_FR\" \/>\n<meta property=\"og:type\" content=\"article\" \/>\n<meta property=\"og:title\" content=\"Location Mini, Mini Cooper marque britannique - LR MC\" \/>\n<meta property=\"og:description\" content=\"Mini est une marque d&#039;automobile britannique. Un design authentique depuis sa premi\u00e8re voiture construite la marque a su se moderniser.\" \/>\n<meta property=\"og:url\" content=\"https:\/\/luxury-rental-mc.com\/fr\/mini\/\" \/>\n<meta property=\"og:site_name\" content=\"Luxury Car Rentals | Monaco, Nice, Cannes, Saint-Tropez\" \/>\n<meta property=\"article:modified_time\" content=\"2016-09-12T10:45:31+00:00\" \/>\n<meta property=\"og:image\" content=\"https:\/\/luxury-rental-mc.com\/wp-content\/uploads\/2016\/09\/logo-mini.jpg\" \/>\n<meta name=\"twitter:label1\" content=\"Dur\u00e9e de lecture estim\u00e9e\" \/>\n\t<meta name=\"twitter:data1\" content=\"1 minute\" \/>\n<script type=\"application\/ld+json\" class=\"yoast-schema-graph\">{\"@context\":\"https:\/\/schema.org\",\"@graph\":[{\"@type\":\"WebPage\",\"@id\":\"https:\/\/luxury-rental-mc.com\/fr\/mini\/\",\"url\":\"https:\/\/luxury-rental-mc.com\/fr\/mini\/\",\"name\":\"Location Mini, Mini Cooper marque britannique - LR MC\",\"isPartOf\":{\"@id\":\"https:\/\/luxury-rental-mc.com\/#website\"},\"datePublished\":\"2016-09-05T12:11:45+00:00\",\"dateModified\":\"2016-09-12T10:45:31+00:00\",\"description\":\"Mini est une marque d'automobile britannique. Un design authentique depuis sa premi\u00e8re voiture construite la marque a su se moderniser.\",\"breadcrumb\":{\"@id\":\"https:\/\/luxury-rental-mc.com\/fr\/mini\/#breadcrumb\"},\"inLanguage\":\"fr-FR\",\"potentialAction\":[{\"@type\":\"ReadAction\",\"target\":[\"https:\/\/luxury-rental-mc.com\/fr\/mini\/\"]}]},{\"@type\":\"BreadcrumbList\",\"@id\":\"https:\/\/luxury-rental-mc.com\/fr\/mini\/#breadcrumb\",\"itemListElement\":[{\"@type\":\"ListItem\",\"position\":1,\"name\":\"Accueil\",\"item\":\"https:\/\/luxury-rental-mc.com\/fr\/\"},{\"@type\":\"ListItem\",\"position\":2,\"name\":\"Mini\"}]},{\"@type\":\"WebSite\",\"@id\":\"https:\/\/luxury-rental-mc.com\/#website\",\"url\":\"https:\/\/luxury-rental-mc.com\/\",\"name\":\"Luxury Car Rentals | Monaco, Nice, Cannes, Saint-Tropez\",\"description\":\"Rent the finest brands : Porsche, Ferrari, Lamborghini, Mercedes...\",\"potentialAction\":[{\"@type\":\"SearchAction\",\"target\":{\"@type\":\"EntryPoint\",\"urlTemplate\":\"https:\/\/luxury-rental-mc.com\/?s={search_term_string}\"},\"query-input\":\"required name=search_term_string\"}],\"inLanguage\":\"fr-FR\"}]}<\/script>\n<!-- \/ Yoast SEO plugin. -->","yoast_head_json":{"title":"Location Mini, Mini Cooper marque britannique - LR MC","description":"Mini est une marque d'automobile britannique. Un design authentique depuis sa premi\u00e8re voiture construite la marque a su se moderniser.","robots":{"index":"index","follow":"follow","max-snippet":"max-snippet:-1","max-image-preview":"max-image-preview:large","max-video-preview":"max-video-preview:-1"},"canonical":"https:\/\/luxury-rental-mc.com\/fr\/mini\/","og_locale":"fr_FR","og_type":"article","og_title":"Location Mini, Mini Cooper marque britannique - LR MC","og_description":"Mini est une marque d'automobile britannique. Un design authentique depuis sa premi\u00e8re voiture construite la marque a su se moderniser.","og_url":"https:\/\/luxury-rental-mc.com\/fr\/mini\/","og_site_name":"Luxury Car Rentals | Monaco, Nice, Cannes, Saint-Tropez","article_modified_time":"2016-09-12T10:45:31+00:00","og_image":[{"url":"https:\/\/luxury-rental-mc.com\/wp-content\/uploads\/2016\/09\/logo-mini.jpg"}],"twitter_misc":{"Dur\u00e9e de lecture estim\u00e9e":"1 minute"},"schema":{"@context":"https:\/\/schema.org","@graph":[{"@type":"WebPage","@id":"https:\/\/luxury-rental-mc.com\/fr\/mini\/","url":"https:\/\/luxury-rental-mc.com\/fr\/mini\/","name":"Location Mini, Mini Cooper marque britannique - LR MC","isPartOf":{"@id":"https:\/\/luxury-rental-mc.com\/#website"},"datePublished":"2016-09-05T12:11:45+00:00","dateModified":"2016-09-12T10:45:31+00:00","description":"Mini est une marque d'automobile britannique. Un design authentique depuis sa premi\u00e8re voiture construite la marque a su se moderniser.","breadcrumb":{"@id":"https:\/\/luxury-rental-mc.com\/fr\/mini\/#breadcrumb"},"inLanguage":"fr-FR","potentialAction":[{"@type":"ReadAction","target":["https:\/\/luxury-rental-mc.com\/fr\/mini\/"]}]},{"@type":"BreadcrumbList","@id":"https:\/\/luxury-rental-mc.com\/fr\/mini\/#breadcrumb","itemListElement":[{"@type":"ListItem","position":1,"name":"Accueil","item":"https:\/\/luxury-rental-mc.com\/fr\/"},{"@type":"ListItem","position":2,"name":"Mini"}]},{"@type":"WebSite","@id":"https:\/\/luxury-rental-mc.com\/#website","url":"https:\/\/luxury-rental-mc.com\/","name":"Luxury Car Rentals | Monaco, Nice, Cannes, Saint-Tropez","description":"Rent the finest brands : Porsche, Ferrari, Lamborghini, Mercedes...","potentialAction":[{"@type":"SearchAction","target":{"@type":"EntryPoint","urlTemplate":"https:\/\/luxury-rental-mc.com\/?s={search_term_string}"},"query-input":"required name=search_term_string"}],"inLanguage":"fr-FR"}]}},"_links":{"self":[{"href":"https:\/\/luxury-rental-mc.com\/fr\/wp-json\/wp\/v2\/pages\/9139\/"}],"collection":[{"href":"https:\/\/luxury-rental-mc.com\/fr\/wp-json\/wp\/v2\/pages\/"}],"about":[{"href":"https:\/\/luxury-rental-mc.com\/fr\/wp-json\/wp\/v2\/types\/page\/"}],"author":[{"embeddable":true,"href":"https:\/\/luxury-rental-mc.com\/fr\/wp-json\/wp\/v2\/users\/2\/"}],"replies":[{"embeddable":true,"href":"https:\/\/luxury-rental-mc.com\/fr\/wp-json\/wp\/v2\/comments\/?post=9139"}],"version-history":[{"count":4,"href":"https:\/\/luxury-rental-mc.com\/fr\/wp-json\/wp\/v2\/pages\/9139\/revisions\/"}],"predecessor-version":[{"id":9365,"href":"https:\/\/luxury-rental-mc.com\/fr\/wp-json\/wp\/v2\/pages\/9139\/revisions\/9365\/"}],"wp:attachment":[{"href":"https:\/\/luxury-rental-mc.com\/fr\/wp-json\/wp\/v2\/media\/?parent=9139"}],"curies":[{"name":"wp","href":"https:\/\/api.w.org\/{rel}","templated":true}]}}