{"id":9152,"date":"2016-09-05T14:32:13","date_gmt":"2016-09-05T12:32:13","guid":{"rendered":"https:\/\/luxury-rental-mc.com\/fr\/?page_id=9152"},"modified":"2016-09-12T12:43:47","modified_gmt":"2016-09-12T10:43:47","slug":"mercedes","status":"publish","type":"page","link":"https:\/\/luxury-rental-mc.com\/fr\/mercedes\/","title":{"rendered":"Mercedes"},"content":{"rendered":"[vc_row][vc_column][vc_column_text]\n<h1>Mercedes la marque allemande<\/h1>\n<p style=\"text-align: justify;\"><img loading=\"lazy\" class=\"aligncenter wp-image-9150 size-full\" src=\"https:\/\/luxury-rental-mc.com\/wp-content\/uploads\/2016\/09\/logo-mercedes.png\" alt=\"louer mercedes\" width=\"269\" height=\"187\" srcset=\"https:\/\/luxury-rental-mc.com\/wp-content\/uploads\/2016\/09\/logo-mercedes.png 269w, https:\/\/luxury-rental-mc.com\/wp-content\/uploads\/2016\/09\/logo-mercedes-260x180.png 260w\" sizes=\"(max-width: 269px) 100vw, 269px\" \/><\/p>\n<p style=\"text-align: justify;\">Mercedes Benz est un constructeur allemand notamment d&rsquo;automobiles de luxe et de sport fond\u00e9 en 1926.<\/p>\n<p style=\"text-align: justify;\">En 1926, avant la guerre,\u00a0 le constructeur lance des mod\u00e8les de voitures de tourisme puis produira principalement des camions durant la Guerre. L&rsquo;apr\u00e8s guerre marque un tournant dans le design des voitures Mercedes en incorporant les optiques avant dans les ailes. Les classe E, S et SL verront le jour.<\/p>\n<p style=\"text-align: justify;\">La soci\u00e9t\u00e9 Mc Luxury Rental vous propose de nombreux mod\u00e8les exceptionnels de la marque allemande en partant de la berline jusqu&rsquo;\u00e0 la voiture de sport par excellence. Une marque phare dans notre large choix de v\u00e9hicules qui n&rsquo;a jamais d\u00e9\u00e7u nos clients.<\/p>\n<p style=\"text-align: justify;\"><img loading=\"lazy\" class=\"size-medium wp-image-9149 alignright\" src=\"https:\/\/luxury-rental-mc.com\/wp-content\/uploads\/2016\/09\/louer-classe-e-300x137.jpg\" alt=\"louer classe e\" width=\"300\" height=\"137\" srcset=\"https:\/\/luxury-rental-mc.com\/wp-content\/uploads\/2016\/09\/louer-classe-e-300x137.jpg 300w, https:\/\/luxury-rental-mc.com\/wp-content\/uploads\/2016\/09\/louer-classe-e-330x151.jpg 330w, https:\/\/luxury-rental-mc.com\/wp-content\/uploads\/2016\/09\/louer-classe-e.jpg 332w\" sizes=\"(max-width: 300px) 100vw, 300px\" \/>Limousine et berline seront repr\u00e9sent\u00e9es par les classes E, S et C. Pour vos rendez-vous d&rsquo;affaires vous acabriolet tr\u00e8s en vogue pour vos s\u00e9jours sous le soleil. La classe C quant aelle pr\u00e9sente un c\u00f4t\u00e9 plus sportif\u00a0 avec son design a\u00e9rodynamique qui ne d\u00e9\u00e7oit aucun client. Plus compacte elle est une valeur s\u00fbre sur la route.\u00a0ppr\u00e9cierez la simplicit\u00e9 et l&rsquo;\u00e9l\u00e9gance de la classe E. Ellerepr\u00e9sente le luxe moderne avec son \u00ab\u00a0 Intelligent drive\u00a0\u00bb, ses nombreux capteurs et cam\u00e9ras la classe E vous permet une conduite en toute s\u00e9curit\u00e9. Notre soci\u00e9t\u00e9 de location de voiture vous met \u00e0 disposition la version<\/p>\n<p style=\"text-align: justify;\">La limousine S500 de Mercedes \u00e9quip\u00e9e d&rsquo;un moteur V6 s&rsquo;av\u00e8re \u00eatre un mod\u00e8le particuli\u00e8rement efficient. Une voiture particuli\u00e8re puisqu&rsquo;avec son moteur thermique elle vous garantira une conduite performante et un confort in\u00e9dit.<\/p>\n<p style=\"text-align: justify;\">Le mod\u00e8le Maybach pr\u00e9sente une limousine incomparable d&rsquo;une \u00e9l\u00e9gance et d&rsquo;une finition in\u00e9galable. La Maybach est le raffinement absolu, son embl\u00e8me sur la calandre et ses portes arri\u00e8res la diff\u00e9rencie de la limousine classe S.<\/p>\n<h2 style=\"text-align: justify;\">Mod\u00e8les reconnus de Mercedes<\/h2>\n<p style=\"text-align: justify;\">Mercedes pr\u00e9sente donc une gamme de Berline et Limousine haut de gamme poss\u00e9dant chacune des atouts infaillibles.<\/p>\n<p style=\"text-align: justify;\"><img loading=\"lazy\" class=\"size-full wp-image-9148 alignright\" src=\"https:\/\/luxury-rental-mc.com\/wp-content\/uploads\/2016\/09\/location-mercedes.jpg\" alt=\"location mercedes\" width=\"288\" height=\"175\" \/>Les voitures Mercedes sont aussi des mod\u00e8les de sportivit\u00e9 dans le contexte automobile. On retrouve alors la cat\u00e9gorie AMG. Mc Luxury Rental vous pr\u00e9sente ses principaux mod\u00e8les comme le C63 AMG. Un v\u00e9hicule puissant dot\u00e9 d&rsquo;un moteur V8 biturbo vous garantit des sensations sportives lors de sa conduite.<\/p>\n<p style=\"text-align: justify;\">La S63 AMG est quant \u00e0 elle dynamique tout en \u00e9tant l\u00e9g\u00e8re contrairement aux autres mod\u00e8les.\u00a0 Ses formes voluptueuses et harmonieuses font d&rsquo;elle une berline unique.<\/p>\n<p style=\"text-align: justify;\">Si vous cherchez l&rsquo;excellence de le conduite sportive chez Mercedes vous pouvez donc vous tourner vers nos mod\u00e8les AMG GT et AMG GTS. Ce sont des voitures d&rsquo;exception, leur design est pur avec un long capot et un int\u00e9rieur sportif et sensuel.<\/p>\n<p style=\"text-align: justify;\">Le top de la voiture sportive chez Mercedes se trouve dans la SLS AMG avec ses portes papillon avec ses 591 chevaux.<\/p>\n<p style=\"text-align: justify;\">D&rsquo;autres part le constructeur allemand pr\u00e9sente une large gamme de 4&#215;4 en partant des 4&#215;4 qui gardent une touche d&rsquo;authenticit\u00e9\u00a0 comme le G63 ou le G500 Cabriolet avec un aspect tr\u00e8s robuste et carr\u00e9. V\u00e9hicules tout terrain sans \u00e9quivalence leur style singulier cache en r\u00e9alit\u00e9 un int\u00e9rieur luxueux. Ils vous permettront notamment d&rsquo;aborder en toute s\u00e9r\u00e9nit\u00e9 les routes non traditionnelles.<\/p>\n<p style=\"text-align: justify;\"><img loading=\"lazy\" class=\"size-full wp-image-9147 alignleft\" src=\"https:\/\/luxury-rental-mc.com\/wp-content\/uploads\/2016\/09\/location-4x4-mercedes.jpg\" alt=\"location 4x4 mercedes\" width=\"275\" height=\"183\" srcset=\"https:\/\/luxury-rental-mc.com\/wp-content\/uploads\/2016\/09\/location-4x4-mercedes.jpg 275w, https:\/\/luxury-rental-mc.com\/wp-content\/uploads\/2016\/09\/location-4x4-mercedes-150x100.jpg 150w\" sizes=\"(max-width: 275px) 100vw, 275px\" \/>Dans la cat\u00e9gorie 4&#215;4 plus classique mais tout aussi performant vous retrouverez dans nos propositons le GL, GLE et le GLE coup\u00e9. Ces mod\u00e8les sont des mod\u00e8les au design allong\u00e9, \u00e9l\u00e9gant, raffin\u00e9. Ces SUV sont \u00e9quip\u00e9s de luxe, le GL est dot\u00e9 d&rsquo;un \u00e9quipement technologique de pointe pour votre s\u00e9curit\u00e9 et votre confort, le GLE est le nouveau ML avec une apparence plus muscl\u00e9e mais tout aussi dynamique.<\/p>\n<p style=\"text-align: justify;\">Enfin Mercedes propose pour vos d\u00e9placements en famille ou \u00e0 plusieurs une classe V pouvant accueillir jusqu&rsquo;\u00e0 8 personnes. Un mini-bus tr\u00e8s \u00e9l\u00e9gant dot\u00e9 de nombreuses fonctionnalit\u00e9s et d&rsquo;un dynamisme \u00e9tonnant. Mercedes est encore une fois au rendez-vous avec ce mod\u00e8le.<\/p>\n<p style=\"text-align: justify;\">Le constructeur allemand fort de ses nombreuses ann\u00e9es d&rsquo;exp\u00e9riences dans le milieu de la conception automobile permet notamment\u00a0 de r\u00e9pondre \u00e0 tout type de terrains, de demandes de nos consommateurs. Vous pourrez retrouver les mod\u00e8les les plus reconnus de la marque \u00e0 la location chez Mc Luxury Rental.<\/p>\n[\/vc_column_text][\/vc_column][\/vc_row]\n","protected":false},"excerpt":{"rendered":"<p>[vc_row][vc_column][vc_column_text] Mercedes la marque allemande Mercedes Benz est un constructeur allemand notamment d&rsquo;automobiles de luxe et de sport fond\u00e9 en 1926. En 1926, avant la guerre,\u00a0 le constructeur lance des mod\u00e8les de voitures de tourisme puis produira principalement des camions durant la Guerre. L&rsquo;apr\u00e8s guerre marque un tournant dans le design des voitures Mercedes en [&hellip;]<\/p>\n","protected":false},"author":2,"featured_media":0,"parent":0,"menu_order":0,"comment_status":"closed","ping_status":"closed","template":"","meta":{"_monsterinsights_skip_tracking":false,"_monsterinsights_sitenote_active":false,"_monsterinsights_sitenote_note":"","_monsterinsights_sitenote_category":0},"yoast_head":"<!-- This site is optimized with the Yoast SEO plugin v20.3 - https:\/\/yoast.com\/wordpress\/plugins\/seo\/ -->\n<title>Louer une Mercedes marque allemande - LR MC<\/title>\n<meta name=\"description\" content=\"Mercedes est une marque d&#039;automobile allemande reconnue gr\u00e2ce \u00e0 ses nombreux mod\u00e8les partant de la limousine au 4x4 en passant par la voiture de sport!\" \/>\n<meta name=\"robots\" content=\"index, follow, max-snippet:-1, max-image-preview:large, max-video-preview:-1\" \/>\n<link rel=\"canonical\" href=\"https:\/\/luxury-rental-mc.com\/fr\/mercedes\/\" \/>\n<meta property=\"og:locale\" content=\"fr_FR\" \/>\n<meta property=\"og:type\" content=\"article\" \/>\n<meta property=\"og:title\" content=\"Louer une Mercedes marque allemande - LR MC\" \/>\n<meta property=\"og:description\" content=\"Mercedes est une marque d&#039;automobile allemande reconnue gr\u00e2ce \u00e0 ses nombreux mod\u00e8les partant de la limousine au 4x4 en passant par la voiture de sport!\" \/>\n<meta property=\"og:url\" content=\"https:\/\/luxury-rental-mc.com\/fr\/mercedes\/\" \/>\n<meta property=\"og:site_name\" content=\"Luxury Car Rentals | Monaco, Nice, Cannes, Saint-Tropez\" \/>\n<meta property=\"article:modified_time\" content=\"2016-09-12T10:43:47+00:00\" \/>\n<meta property=\"og:image\" content=\"https:\/\/luxury-rental-mc.com\/wp-content\/uploads\/2016\/09\/logo-mercedes.png\" \/>\n<meta name=\"twitter:label1\" content=\"Dur\u00e9e de lecture estim\u00e9e\" \/>\n\t<meta name=\"twitter:data1\" content=\"4 minutes\" \/>\n<script type=\"application\/ld+json\" class=\"yoast-schema-graph\">{\"@context\":\"https:\/\/schema.org\",\"@graph\":[{\"@type\":\"WebPage\",\"@id\":\"https:\/\/luxury-rental-mc.com\/fr\/mercedes\/\",\"url\":\"https:\/\/luxury-rental-mc.com\/fr\/mercedes\/\",\"name\":\"Louer une Mercedes marque allemande - LR MC\",\"isPartOf\":{\"@id\":\"https:\/\/luxury-rental-mc.com\/#website\"},\"datePublished\":\"2016-09-05T12:32:13+00:00\",\"dateModified\":\"2016-09-12T10:43:47+00:00\",\"description\":\"Mercedes est une marque d'automobile allemande reconnue gr\u00e2ce \u00e0 ses nombreux mod\u00e8les partant de la limousine au 4x4 en passant par la voiture de sport!\",\"breadcrumb\":{\"@id\":\"https:\/\/luxury-rental-mc.com\/fr\/mercedes\/#breadcrumb\"},\"inLanguage\":\"fr-FR\",\"potentialAction\":[{\"@type\":\"ReadAction\",\"target\":[\"https:\/\/luxury-rental-mc.com\/fr\/mercedes\/\"]}]},{\"@type\":\"BreadcrumbList\",\"@id\":\"https:\/\/luxury-rental-mc.com\/fr\/mercedes\/#breadcrumb\",\"itemListElement\":[{\"@type\":\"ListItem\",\"position\":1,\"name\":\"Accueil\",\"item\":\"https:\/\/luxury-rental-mc.com\/fr\/\"},{\"@type\":\"ListItem\",\"position\":2,\"name\":\"Mercedes\"}]},{\"@type\":\"WebSite\",\"@id\":\"https:\/\/luxury-rental-mc.com\/#website\",\"url\":\"https:\/\/luxury-rental-mc.com\/\",\"name\":\"Luxury Car Rentals | Monaco, Nice, Cannes, Saint-Tropez\",\"description\":\"Rent the finest brands : Porsche, Ferrari, Lamborghini, Mercedes...\",\"potentialAction\":[{\"@type\":\"SearchAction\",\"target\":{\"@type\":\"EntryPoint\",\"urlTemplate\":\"https:\/\/luxury-rental-mc.com\/?s={search_term_string}\"},\"query-input\":\"required name=search_term_string\"}],\"inLanguage\":\"fr-FR\"}]}<\/script>\n<!-- \/ Yoast SEO plugin. -->","yoast_head_json":{"title":"Louer une Mercedes marque allemande - LR MC","description":"Mercedes est une marque d'automobile allemande reconnue gr\u00e2ce \u00e0 ses nombreux mod\u00e8les partant de la limousine au 4x4 en passant par la voiture de sport!","robots":{"index":"index","follow":"follow","max-snippet":"max-snippet:-1","max-image-preview":"max-image-preview:large","max-video-preview":"max-video-preview:-1"},"canonical":"https:\/\/luxury-rental-mc.com\/fr\/mercedes\/","og_locale":"fr_FR","og_type":"article","og_title":"Louer une Mercedes marque allemande - LR MC","og_description":"Mercedes est une marque d'automobile allemande reconnue gr\u00e2ce \u00e0 ses nombreux mod\u00e8les partant de la limousine au 4x4 en passant par la voiture de sport!","og_url":"https:\/\/luxury-rental-mc.com\/fr\/mercedes\/","og_site_name":"Luxury Car Rentals | Monaco, Nice, Cannes, Saint-Tropez","article_modified_time":"2016-09-12T10:43:47+00:00","og_image":[{"url":"https:\/\/luxury-rental-mc.com\/wp-content\/uploads\/2016\/09\/logo-mercedes.png"}],"twitter_misc":{"Dur\u00e9e de lecture estim\u00e9e":"4 minutes"},"schema":{"@context":"https:\/\/schema.org","@graph":[{"@type":"WebPage","@id":"https:\/\/luxury-rental-mc.com\/fr\/mercedes\/","url":"https:\/\/luxury-rental-mc.com\/fr\/mercedes\/","name":"Louer une Mercedes marque allemande - LR MC","isPartOf":{"@id":"https:\/\/luxury-rental-mc.com\/#website"},"datePublished":"2016-09-05T12:32:13+00:00","dateModified":"2016-09-12T10:43:47+00:00","description":"Mercedes est une marque d'automobile allemande reconnue gr\u00e2ce \u00e0 ses nombreux mod\u00e8les partant de la limousine au 4x4 en passant par la voiture de sport!","breadcrumb":{"@id":"https:\/\/luxury-rental-mc.com\/fr\/mercedes\/#breadcrumb"},"inLanguage":"fr-FR","potentialAction":[{"@type":"ReadAction","target":["https:\/\/luxury-rental-mc.com\/fr\/mercedes\/"]}]},{"@type":"BreadcrumbList","@id":"https:\/\/luxury-rental-mc.com\/fr\/mercedes\/#breadcrumb","itemListElement":[{"@type":"ListItem","position":1,"name":"Accueil","item":"https:\/\/luxury-rental-mc.com\/fr\/"},{"@type":"ListItem","position":2,"name":"Mercedes"}]},{"@type":"WebSite","@id":"https:\/\/luxury-rental-mc.com\/#website","url":"https:\/\/luxury-rental-mc.com\/","name":"Luxury Car Rentals | Monaco, Nice, Cannes, Saint-Tropez","description":"Rent the finest brands : Porsche, Ferrari, Lamborghini, Mercedes...","potentialAction":[{"@type":"SearchAction","target":{"@type":"EntryPoint","urlTemplate":"https:\/\/luxury-rental-mc.com\/?s={search_term_string}"},"query-input":"required name=search_term_string"}],"inLanguage":"fr-FR"}]}},"_links":{"self":[{"href":"https:\/\/luxury-rental-mc.com\/fr\/wp-json\/wp\/v2\/pages\/9152\/"}],"collection":[{"href":"https:\/\/luxury-rental-mc.com\/fr\/wp-json\/wp\/v2\/pages\/"}],"about":[{"href":"https:\/\/luxury-rental-mc.com\/fr\/wp-json\/wp\/v2\/types\/page\/"}],"author":[{"embeddable":true,"href":"https:\/\/luxury-rental-mc.com\/fr\/wp-json\/wp\/v2\/users\/2\/"}],"replies":[{"embeddable":true,"href":"https:\/\/luxury-rental-mc.com\/fr\/wp-json\/wp\/v2\/comments\/?post=9152"}],"version-history":[{"count":4,"href":"https:\/\/luxury-rental-mc.com\/fr\/wp-json\/wp\/v2\/pages\/9152\/revisions\/"}],"predecessor-version":[{"id":9363,"href":"https:\/\/luxury-rental-mc.com\/fr\/wp-json\/wp\/v2\/pages\/9152\/revisions\/9363\/"}],"wp:attachment":[{"href":"https:\/\/luxury-rental-mc.com\/fr\/wp-json\/wp\/v2\/media\/?parent=9152"}],"curies":[{"name":"wp","href":"https:\/\/api.w.org\/{rel}","templated":true}]}}