{"id":9154,"date":"2016-09-05T14:35:54","date_gmt":"2016-09-05T12:35:54","guid":{"rendered":"https:\/\/luxury-rental-mc.com\/fr\/?page_id=9154"},"modified":"2016-09-12T12:40:39","modified_gmt":"2016-09-12T10:40:39","slug":"mclaren","status":"publish","type":"page","link":"https:\/\/luxury-rental-mc.com\/fr\/mclaren\/","title":{"rendered":"McLaren"},"content":{"rendered":"[vc_row][vc_column][vc_column_text]\n<h1>Voiture de course par McLaren<\/h1>\n<p style=\"text-align: justify;\">McLaren est une soci\u00e9t<img loading=\"lazy\" class=\"size-medium wp-image-9155 alignleft\" src=\"https:\/\/luxury-rental-mc.com\/wp-content\/uploads\/2016\/09\/location-mclaren-300x168.jpg\" alt=\"location mclaren\" width=\"300\" height=\"168\" \/>\u00e9 de construction automobile britannique cr\u00e9\u00e9e en 1989. Fond\u00e9e par le britannique Ron Dennis elle est sp\u00e9cialis\u00e9e dans la conception de voiture de sport.\u00a0Le premier mod\u00e8le que nous mettons \u00e0 votre disposition est la McLaren MP4 qui est une supercar. Elle marque le retour de la marque sur le march\u00e9 des automobiles de route puisque McLaren produisait des voitures de F1 principalement.<\/p>\n<p style=\"text-align: justify;\">La MP4 a \u00e9t\u00e9 commercialis\u00e9e \u00e0 partir de 2011 jusqu&rsquo;\u00e0 2014 afin d&rsquo;\u00eatre remplac\u00e9e par un autre mod\u00e8le toujours plus performant.<\/p>\n<p style=\"text-align: justify;\">C&rsquo;est un mod\u00e8le propuls\u00e9 par un moteur V8 d\u00e9veloppant 600 chevaux au design tr\u00e8s a\u00e9rodynamique. Remplac\u00e9 par la McLaren 650 S la MP4 reste \u00e0 la location chez Mc Luxury Rental.<\/p>\n<h2 style=\"text-align: justify;\">La course sur la route par McLaren<\/h2>\n<p style=\"text-align: justify;\"><img loading=\"lazy\" class=\"size-full wp-image-9156 alignright\" src=\"https:\/\/luxury-rental-mc.com\/wp-content\/uploads\/2016\/09\/mclaren-location-650s.jpg\" alt=\"McLaren location 650S\" width=\"262\" height=\"193\" srcset=\"https:\/\/luxury-rental-mc.com\/wp-content\/uploads\/2016\/09\/mclaren-location-650s.jpg 262w, https:\/\/luxury-rental-mc.com\/wp-content\/uploads\/2016\/09\/mclaren-location-650s-245x180.jpg 245w\" sizes=\"(max-width: 262px) 100vw, 262px\" \/>La 650S est \u00e9quip\u00e9e du m\u00eame moteur que la MP4 mais d\u00e9veloppe 650 chevaux soit un peu plus que la MP4. Le S correspond \u00e0 son c\u00f4t\u00e9 sportif. Elle est \u00e9galement mieux \u00e9quip\u00e9e et plus confortable que les autres mod\u00e8les de la marque. C\u00f4t\u00e9 design elle ressemble beaucoup au mod\u00e8le P1 de la marque.<\/p>\n<p style=\"text-align: justify;\">McLaren s&rsquo;impose donc en dehors des circuits de F1 avec ses deux mod\u00e8les de sport tr\u00e8s puissants. Des mod\u00e8les uniques, \u00e0 tester absolument chez Mc Luxury Rental!<\/p>\n[\/vc_column_text][\/vc_column][\/vc_row]\n","protected":false},"excerpt":{"rendered":"<p>[vc_row][vc_column][vc_column_text] Voiture de course par McLaren McLaren est une soci\u00e9t\u00e9 de construction automobile britannique cr\u00e9\u00e9e en 1989. Fond\u00e9e par le britannique Ron Dennis elle est sp\u00e9cialis\u00e9e dans la conception de voiture de sport.\u00a0Le premier mod\u00e8le que nous mettons \u00e0 votre disposition est la McLaren MP4 qui est une supercar. Elle marque le retour de la [&hellip;]<\/p>\n","protected":false},"author":2,"featured_media":0,"parent":0,"menu_order":0,"comment_status":"closed","ping_status":"closed","template":"","meta":{"_monsterinsights_skip_tracking":false,"_monsterinsights_sitenote_active":false,"_monsterinsights_sitenote_note":"","_monsterinsights_sitenote_category":0},"yoast_head":"<!-- This site is optimized with the Yoast SEO plugin v20.3 - https:\/\/yoast.com\/wordpress\/plugins\/seo\/ -->\n<title>Location d&#039;une marque de voiture de sport McLaren - LR MC<\/title>\n<meta name=\"description\" content=\"McLaren est une marque de voiture de course qui a lanc\u00e9 une gamme de voiture de sport sur route. Des mod\u00e8les d&#039;exceptions !\" \/>\n<meta name=\"robots\" content=\"index, follow, max-snippet:-1, max-image-preview:large, max-video-preview:-1\" \/>\n<link rel=\"canonical\" href=\"https:\/\/luxury-rental-mc.com\/fr\/mclaren\/\" \/>\n<meta property=\"og:locale\" content=\"fr_FR\" \/>\n<meta property=\"og:type\" content=\"article\" \/>\n<meta property=\"og:title\" content=\"Location d&#039;une marque de voiture de sport McLaren - LR MC\" \/>\n<meta property=\"og:description\" content=\"McLaren est une marque de voiture de course qui a lanc\u00e9 une gamme de voiture de sport sur route. Des mod\u00e8les d&#039;exceptions !\" \/>\n<meta property=\"og:url\" content=\"https:\/\/luxury-rental-mc.com\/fr\/mclaren\/\" \/>\n<meta property=\"og:site_name\" content=\"Luxury Car Rentals | Monaco, Nice, Cannes, Saint-Tropez\" \/>\n<meta property=\"article:modified_time\" content=\"2016-09-12T10:40:39+00:00\" \/>\n<meta property=\"og:image\" content=\"https:\/\/luxury-rental-mc.com\/wp-content\/uploads\/2016\/09\/location-mclaren-300x168.jpg\" \/>\n<meta name=\"twitter:label1\" content=\"Dur\u00e9e de lecture estim\u00e9e\" \/>\n\t<meta name=\"twitter:data1\" content=\"1 minute\" \/>\n<script type=\"application\/ld+json\" class=\"yoast-schema-graph\">{\"@context\":\"https:\/\/schema.org\",\"@graph\":[{\"@type\":\"WebPage\",\"@id\":\"https:\/\/luxury-rental-mc.com\/fr\/mclaren\/\",\"url\":\"https:\/\/luxury-rental-mc.com\/fr\/mclaren\/\",\"name\":\"Location d'une marque de voiture de sport McLaren - LR MC\",\"isPartOf\":{\"@id\":\"https:\/\/luxury-rental-mc.com\/#website\"},\"datePublished\":\"2016-09-05T12:35:54+00:00\",\"dateModified\":\"2016-09-12T10:40:39+00:00\",\"description\":\"McLaren est une marque de voiture de course qui a lanc\u00e9 une gamme de voiture de sport sur route. Des mod\u00e8les d'exceptions !\",\"breadcrumb\":{\"@id\":\"https:\/\/luxury-rental-mc.com\/fr\/mclaren\/#breadcrumb\"},\"inLanguage\":\"fr-FR\",\"potentialAction\":[{\"@type\":\"ReadAction\",\"target\":[\"https:\/\/luxury-rental-mc.com\/fr\/mclaren\/\"]}]},{\"@type\":\"BreadcrumbList\",\"@id\":\"https:\/\/luxury-rental-mc.com\/fr\/mclaren\/#breadcrumb\",\"itemListElement\":[{\"@type\":\"ListItem\",\"position\":1,\"name\":\"Accueil\",\"item\":\"https:\/\/luxury-rental-mc.com\/fr\/\"},{\"@type\":\"ListItem\",\"position\":2,\"name\":\"McLaren\"}]},{\"@type\":\"WebSite\",\"@id\":\"https:\/\/luxury-rental-mc.com\/#website\",\"url\":\"https:\/\/luxury-rental-mc.com\/\",\"name\":\"Luxury Car Rentals | Monaco, Nice, Cannes, Saint-Tropez\",\"description\":\"Rent the finest brands : Porsche, Ferrari, Lamborghini, Mercedes...\",\"potentialAction\":[{\"@type\":\"SearchAction\",\"target\":{\"@type\":\"EntryPoint\",\"urlTemplate\":\"https:\/\/luxury-rental-mc.com\/?s={search_term_string}\"},\"query-input\":\"required name=search_term_string\"}],\"inLanguage\":\"fr-FR\"}]}<\/script>\n<!-- \/ Yoast SEO plugin. -->","yoast_head_json":{"title":"Location d'une marque de voiture de sport McLaren - LR MC","description":"McLaren est une marque de voiture de course qui a lanc\u00e9 une gamme de voiture de sport sur route. Des mod\u00e8les d'exceptions !","robots":{"index":"index","follow":"follow","max-snippet":"max-snippet:-1","max-image-preview":"max-image-preview:large","max-video-preview":"max-video-preview:-1"},"canonical":"https:\/\/luxury-rental-mc.com\/fr\/mclaren\/","og_locale":"fr_FR","og_type":"article","og_title":"Location d'une marque de voiture de sport McLaren - LR MC","og_description":"McLaren est une marque de voiture de course qui a lanc\u00e9 une gamme de voiture de sport sur route. Des mod\u00e8les d'exceptions !","og_url":"https:\/\/luxury-rental-mc.com\/fr\/mclaren\/","og_site_name":"Luxury Car Rentals | Monaco, Nice, Cannes, Saint-Tropez","article_modified_time":"2016-09-12T10:40:39+00:00","og_image":[{"url":"https:\/\/luxury-rental-mc.com\/wp-content\/uploads\/2016\/09\/location-mclaren-300x168.jpg"}],"twitter_misc":{"Dur\u00e9e de lecture estim\u00e9e":"1 minute"},"schema":{"@context":"https:\/\/schema.org","@graph":[{"@type":"WebPage","@id":"https:\/\/luxury-rental-mc.com\/fr\/mclaren\/","url":"https:\/\/luxury-rental-mc.com\/fr\/mclaren\/","name":"Location d'une marque de voiture de sport McLaren - LR MC","isPartOf":{"@id":"https:\/\/luxury-rental-mc.com\/#website"},"datePublished":"2016-09-05T12:35:54+00:00","dateModified":"2016-09-12T10:40:39+00:00","description":"McLaren est une marque de voiture de course qui a lanc\u00e9 une gamme de voiture de sport sur route. Des mod\u00e8les d'exceptions !","breadcrumb":{"@id":"https:\/\/luxury-rental-mc.com\/fr\/mclaren\/#breadcrumb"},"inLanguage":"fr-FR","potentialAction":[{"@type":"ReadAction","target":["https:\/\/luxury-rental-mc.com\/fr\/mclaren\/"]}]},{"@type":"BreadcrumbList","@id":"https:\/\/luxury-rental-mc.com\/fr\/mclaren\/#breadcrumb","itemListElement":[{"@type":"ListItem","position":1,"name":"Accueil","item":"https:\/\/luxury-rental-mc.com\/fr\/"},{"@type":"ListItem","position":2,"name":"McLaren"}]},{"@type":"WebSite","@id":"https:\/\/luxury-rental-mc.com\/#website","url":"https:\/\/luxury-rental-mc.com\/","name":"Luxury Car Rentals | Monaco, Nice, Cannes, Saint-Tropez","description":"Rent the finest brands : Porsche, Ferrari, Lamborghini, Mercedes...","potentialAction":[{"@type":"SearchAction","target":{"@type":"EntryPoint","urlTemplate":"https:\/\/luxury-rental-mc.com\/?s={search_term_string}"},"query-input":"required name=search_term_string"}],"inLanguage":"fr-FR"}]}},"_links":{"self":[{"href":"https:\/\/luxury-rental-mc.com\/fr\/wp-json\/wp\/v2\/pages\/9154\/"}],"collection":[{"href":"https:\/\/luxury-rental-mc.com\/fr\/wp-json\/wp\/v2\/pages\/"}],"about":[{"href":"https:\/\/luxury-rental-mc.com\/fr\/wp-json\/wp\/v2\/types\/page\/"}],"author":[{"embeddable":true,"href":"https:\/\/luxury-rental-mc.com\/fr\/wp-json\/wp\/v2\/users\/2\/"}],"replies":[{"embeddable":true,"href":"https:\/\/luxury-rental-mc.com\/fr\/wp-json\/wp\/v2\/comments\/?post=9154"}],"version-history":[{"count":5,"href":"https:\/\/luxury-rental-mc.com\/fr\/wp-json\/wp\/v2\/pages\/9154\/revisions\/"}],"predecessor-version":[{"id":9361,"href":"https:\/\/luxury-rental-mc.com\/fr\/wp-json\/wp\/v2\/pages\/9154\/revisions\/9361\/"}],"wp:attachment":[{"href":"https:\/\/luxury-rental-mc.com\/fr\/wp-json\/wp\/v2\/media\/?parent=9154"}],"curies":[{"name":"wp","href":"https:\/\/api.w.org\/{rel}","templated":true}]}}