{"id":9165,"date":"2016-09-05T14:48:28","date_gmt":"2016-09-05T12:48:28","guid":{"rendered":"https:\/\/luxury-rental-mc.com\/fr\/?page_id=9165"},"modified":"2016-09-12T12:38:18","modified_gmt":"2016-09-12T10:38:18","slug":"maserati","status":"publish","type":"page","link":"https:\/\/luxury-rental-mc.com\/fr\/maserati\/","title":{"rendered":"Maserati"},"content":{"rendered":"[vc_row][vc_column][vc_column_text]\n<h1>Maserati le luxe \u00e0 l&rsquo;italienne<\/h1>\n<p style=\"text-align: justify;\"><img loading=\"lazy\" class=\"aligncenter wp-image-9161 size-full\" src=\"https:\/\/luxury-rental-mc.com\/wp-content\/uploads\/2016\/09\/logo-maserati.jpg\" alt=\"location maserati\" width=\"275\" height=\"183\" srcset=\"https:\/\/luxury-rental-mc.com\/wp-content\/uploads\/2016\/09\/logo-maserati.jpg 275w, https:\/\/luxury-rental-mc.com\/wp-content\/uploads\/2016\/09\/logo-maserati-150x100.jpg 150w\" sizes=\"(max-width: 275px) 100vw, 275px\" \/><\/p>\n<p style=\"text-align: justify;\">Maserati est un constructeur d&rsquo;automobiles de luxe, de sport et de course italien. Fond\u00e9e par trois fr\u00e8res : les Maserati en 1914 et dont le symbole est inspir\u00e9 de la fontaine de Neptune de Bologne qui repr\u00e9sente un trident.<\/p>\n<p style=\"text-align: justify;\">La premi\u00e8re voiture de la marque en 1926 s&rsquo;appelle Tipo 26 et est inspir\u00e9e de la Diatto. Un mod\u00e8le qui deviendra vite un concurrent redoutable des Bugatti. En 1926, ce mod\u00e8le gagne notamment la course Targa Florio.\u00a0<img loading=\"lazy\" class=\"size-full wp-image-9163 alignright\" src=\"https:\/\/luxury-rental-mc.com\/wp-content\/uploads\/2016\/09\/louer-maserati.jpg\" alt=\"louer maserati\" width=\"280\" height=\"180\" \/><\/p>\n<p style=\"text-align: justify;\">En 1937 des parts de la soci\u00e9t\u00e9 sont vendues \u00e0 la famille Orsi qui deviendra le seul actionnaire en 1953 de Maserati.<\/p>\n<p style=\"text-align: justify;\">Chez Mc Luxury Rental nous vous proposons des mod\u00e8les r\u00e9cents de la marque, des mod\u00e8les qui ont su faire leurs preuves aupr\u00e8s des clients.<\/p>\n<h2 style=\"text-align: justify;\">Maserati et ses particularit\u00e9s<\/h2>\n<p style=\"text-align: justify;\">Le mod\u00e8le GranTurismo est pr\u00e9sent\u00e9 en mars 2007 au salon de l&rsquo;automobile de Gen\u00e8ve, il dispose d&rsquo;un moteur V8 d\u00e9veloppant 405 chevaux. Un v\u00e9hicule de luxe avec un moteur puissant qui sera d\u00e9clin\u00e9 en version cabriolet en 2009. Le GranCabrio est donc le mod\u00e8le qui succ\u00e8de au GranTurismo. Elegant, puissant, un mod\u00e8le qui \u00e9volue et qui ne perd pas en performance. Une tenue de route incroyable gr\u00e2ce \u00e0 son moteur. Maserati est une marque d&rsquo;exp\u00e9rience et \u00e0 la pointe de la technologie. Pour les 100 ans de la marque le mod\u00e8le GranTurismo Centennale est pr\u00e9sent\u00e9 \u00e0 son public. Toujours le m\u00eame design mais pr\u00e9sent\u00e9 avec des couleurs de carrosserie diff\u00e9rentes.<\/p>\n<p style=\"text-align: justify;\"><img loading=\"lazy\" class=\"size-full wp-image-9162 alignleft\" src=\"https:\/\/luxury-rental-mc.com\/wp-content\/uploads\/2016\/09\/grancabrio-luxe-location.jpg\" alt=\"grancabrio luxe location\" width=\"275\" height=\"183\" srcset=\"https:\/\/luxury-rental-mc.com\/wp-content\/uploads\/2016\/09\/grancabrio-luxe-location.jpg 275w, https:\/\/luxury-rental-mc.com\/wp-content\/uploads\/2016\/09\/grancabrio-luxe-location-150x100.jpg 150w\" sizes=\"(max-width: 275px) 100vw, 275px\" \/>Maserati est une exp\u00e9rience \u00e0 vivre, reconnue dans le milieu de l&rsquo;automobile vous aimerez sa prestance \u00e0 l&rsquo;italienne. Mc Luxury Rental vous permet de louer une Maserati pour vos s\u00e9jours en Europe.<\/p>\n[\/vc_column_text][\/vc_column][\/vc_row]\n","protected":false},"excerpt":{"rendered":"<p>[vc_row][vc_column][vc_column_text] Maserati le luxe \u00e0 l&rsquo;italienne Maserati est un constructeur d&rsquo;automobiles de luxe, de sport et de course italien. Fond\u00e9e par trois fr\u00e8res : les Maserati en 1914 et dont le symbole est inspir\u00e9 de la fontaine de Neptune de Bologne qui repr\u00e9sente un trident. La premi\u00e8re voiture de la marque en 1926 s&rsquo;appelle Tipo [&hellip;]<\/p>\n","protected":false},"author":2,"featured_media":0,"parent":0,"menu_order":0,"comment_status":"closed","ping_status":"closed","template":"","meta":{"_monsterinsights_skip_tracking":false,"_monsterinsights_sitenote_active":false,"_monsterinsights_sitenote_note":"","_monsterinsights_sitenote_category":0},"yoast_head":"<!-- This site is optimized with the Yoast SEO plugin v20.3 - https:\/\/yoast.com\/wordpress\/plugins\/seo\/ -->\n<title>Location Maserati marque de luxe italienne - LR MC<\/title>\n<meta name=\"description\" content=\"Maserati est une marque d&#039;automobile de luxe italienne. Ses deux grands mod\u00e8les connus sont : le GranTurismo et le GranCabrio.\" \/>\n<meta name=\"robots\" content=\"index, follow, max-snippet:-1, max-image-preview:large, max-video-preview:-1\" \/>\n<link rel=\"canonical\" href=\"https:\/\/luxury-rental-mc.com\/fr\/maserati\/\" \/>\n<meta property=\"og:locale\" content=\"fr_FR\" \/>\n<meta property=\"og:type\" content=\"article\" \/>\n<meta property=\"og:title\" content=\"Location Maserati marque de luxe italienne - LR MC\" \/>\n<meta property=\"og:description\" content=\"Maserati est une marque d&#039;automobile de luxe italienne. Ses deux grands mod\u00e8les connus sont : le GranTurismo et le GranCabrio.\" \/>\n<meta property=\"og:url\" content=\"https:\/\/luxury-rental-mc.com\/fr\/maserati\/\" \/>\n<meta property=\"og:site_name\" content=\"Luxury Car Rentals | Monaco, Nice, Cannes, Saint-Tropez\" \/>\n<meta property=\"article:modified_time\" content=\"2016-09-12T10:38:18+00:00\" \/>\n<meta property=\"og:image\" content=\"https:\/\/luxury-rental-mc.com\/wp-content\/uploads\/2016\/09\/logo-maserati.jpg\" \/>\n<meta name=\"twitter:label1\" content=\"Dur\u00e9e de lecture estim\u00e9e\" \/>\n\t<meta name=\"twitter:data1\" content=\"2 minutes\" \/>\n<script type=\"application\/ld+json\" class=\"yoast-schema-graph\">{\"@context\":\"https:\/\/schema.org\",\"@graph\":[{\"@type\":\"WebPage\",\"@id\":\"https:\/\/luxury-rental-mc.com\/fr\/maserati\/\",\"url\":\"https:\/\/luxury-rental-mc.com\/fr\/maserati\/\",\"name\":\"Location Maserati marque de luxe italienne - LR MC\",\"isPartOf\":{\"@id\":\"https:\/\/luxury-rental-mc.com\/#website\"},\"datePublished\":\"2016-09-05T12:48:28+00:00\",\"dateModified\":\"2016-09-12T10:38:18+00:00\",\"description\":\"Maserati est une marque d'automobile de luxe italienne. Ses deux grands mod\u00e8les connus sont : le GranTurismo et le GranCabrio.\",\"breadcrumb\":{\"@id\":\"https:\/\/luxury-rental-mc.com\/fr\/maserati\/#breadcrumb\"},\"inLanguage\":\"fr-FR\",\"potentialAction\":[{\"@type\":\"ReadAction\",\"target\":[\"https:\/\/luxury-rental-mc.com\/fr\/maserati\/\"]}]},{\"@type\":\"BreadcrumbList\",\"@id\":\"https:\/\/luxury-rental-mc.com\/fr\/maserati\/#breadcrumb\",\"itemListElement\":[{\"@type\":\"ListItem\",\"position\":1,\"name\":\"Accueil\",\"item\":\"https:\/\/luxury-rental-mc.com\/fr\/\"},{\"@type\":\"ListItem\",\"position\":2,\"name\":\"Maserati\"}]},{\"@type\":\"WebSite\",\"@id\":\"https:\/\/luxury-rental-mc.com\/#website\",\"url\":\"https:\/\/luxury-rental-mc.com\/\",\"name\":\"Luxury Car Rentals | Monaco, Nice, Cannes, Saint-Tropez\",\"description\":\"Rent the finest brands : Porsche, Ferrari, Lamborghini, Mercedes...\",\"potentialAction\":[{\"@type\":\"SearchAction\",\"target\":{\"@type\":\"EntryPoint\",\"urlTemplate\":\"https:\/\/luxury-rental-mc.com\/?s={search_term_string}\"},\"query-input\":\"required name=search_term_string\"}],\"inLanguage\":\"fr-FR\"}]}<\/script>\n<!-- \/ Yoast SEO plugin. -->","yoast_head_json":{"title":"Location Maserati marque de luxe italienne - LR MC","description":"Maserati est une marque d'automobile de luxe italienne. Ses deux grands mod\u00e8les connus sont : le GranTurismo et le GranCabrio.","robots":{"index":"index","follow":"follow","max-snippet":"max-snippet:-1","max-image-preview":"max-image-preview:large","max-video-preview":"max-video-preview:-1"},"canonical":"https:\/\/luxury-rental-mc.com\/fr\/maserati\/","og_locale":"fr_FR","og_type":"article","og_title":"Location Maserati marque de luxe italienne - LR MC","og_description":"Maserati est une marque d'automobile de luxe italienne. Ses deux grands mod\u00e8les connus sont : le GranTurismo et le GranCabrio.","og_url":"https:\/\/luxury-rental-mc.com\/fr\/maserati\/","og_site_name":"Luxury Car Rentals | Monaco, Nice, Cannes, Saint-Tropez","article_modified_time":"2016-09-12T10:38:18+00:00","og_image":[{"url":"https:\/\/luxury-rental-mc.com\/wp-content\/uploads\/2016\/09\/logo-maserati.jpg"}],"twitter_misc":{"Dur\u00e9e de lecture estim\u00e9e":"2 minutes"},"schema":{"@context":"https:\/\/schema.org","@graph":[{"@type":"WebPage","@id":"https:\/\/luxury-rental-mc.com\/fr\/maserati\/","url":"https:\/\/luxury-rental-mc.com\/fr\/maserati\/","name":"Location Maserati marque de luxe italienne - LR MC","isPartOf":{"@id":"https:\/\/luxury-rental-mc.com\/#website"},"datePublished":"2016-09-05T12:48:28+00:00","dateModified":"2016-09-12T10:38:18+00:00","description":"Maserati est une marque d'automobile de luxe italienne. Ses deux grands mod\u00e8les connus sont : le GranTurismo et le GranCabrio.","breadcrumb":{"@id":"https:\/\/luxury-rental-mc.com\/fr\/maserati\/#breadcrumb"},"inLanguage":"fr-FR","potentialAction":[{"@type":"ReadAction","target":["https:\/\/luxury-rental-mc.com\/fr\/maserati\/"]}]},{"@type":"BreadcrumbList","@id":"https:\/\/luxury-rental-mc.com\/fr\/maserati\/#breadcrumb","itemListElement":[{"@type":"ListItem","position":1,"name":"Accueil","item":"https:\/\/luxury-rental-mc.com\/fr\/"},{"@type":"ListItem","position":2,"name":"Maserati"}]},{"@type":"WebSite","@id":"https:\/\/luxury-rental-mc.com\/#website","url":"https:\/\/luxury-rental-mc.com\/","name":"Luxury Car Rentals | Monaco, Nice, Cannes, Saint-Tropez","description":"Rent the finest brands : Porsche, Ferrari, Lamborghini, Mercedes...","potentialAction":[{"@type":"SearchAction","target":{"@type":"EntryPoint","urlTemplate":"https:\/\/luxury-rental-mc.com\/?s={search_term_string}"},"query-input":"required name=search_term_string"}],"inLanguage":"fr-FR"}]}},"_links":{"self":[{"href":"https:\/\/luxury-rental-mc.com\/fr\/wp-json\/wp\/v2\/pages\/9165\/"}],"collection":[{"href":"https:\/\/luxury-rental-mc.com\/fr\/wp-json\/wp\/v2\/pages\/"}],"about":[{"href":"https:\/\/luxury-rental-mc.com\/fr\/wp-json\/wp\/v2\/types\/page\/"}],"author":[{"embeddable":true,"href":"https:\/\/luxury-rental-mc.com\/fr\/wp-json\/wp\/v2\/users\/2\/"}],"replies":[{"embeddable":true,"href":"https:\/\/luxury-rental-mc.com\/fr\/wp-json\/wp\/v2\/comments\/?post=9165"}],"version-history":[{"count":5,"href":"https:\/\/luxury-rental-mc.com\/fr\/wp-json\/wp\/v2\/pages\/9165\/revisions\/"}],"predecessor-version":[{"id":9358,"href":"https:\/\/luxury-rental-mc.com\/fr\/wp-json\/wp\/v2\/pages\/9165\/revisions\/9358\/"}],"wp:attachment":[{"href":"https:\/\/luxury-rental-mc.com\/fr\/wp-json\/wp\/v2\/media\/?parent=9165"}],"curies":[{"name":"wp","href":"https:\/\/api.w.org\/{rel}","templated":true}]}}