{"id":9169,"date":"2016-09-05T23:46:57","date_gmt":"2016-09-05T21:46:57","guid":{"rendered":"https:\/\/luxury-rental-mc.com\/fr\/?page_id=9169"},"modified":"2016-09-12T12:33:55","modified_gmt":"2016-09-12T10:33:55","slug":"lamborghini","status":"publish","type":"page","link":"https:\/\/luxury-rental-mc.com\/fr\/lamborghini\/","title":{"rendered":"Lamborghini"},"content":{"rendered":"[vc_row][vc_column][vc_column_text]\n<h1>Lamborghini : le sport \u00e0 l&rsquo;italienne<\/h1>\n<p><img loading=\"lazy\" class=\"aligncenter wp-image-9172 size-full\" src=\"https:\/\/luxury-rental-mc.com\/wp-content\/uploads\/2016\/09\/logo-lamborghini.jpg\" alt=\"louer lamborghini\" width=\"259\" height=\"194\" \/><\/p>\n<p style=\"text-align: justify;\">Lamborghini est un constructeur d&rsquo;automobile de sport italien. Anciennement constructeur de tracteurs agricoles la soci\u00e9t\u00e9 est install\u00e9e \u00e0 Sant&rsquo;Agata Bolognese en Italie et fut fond\u00e9e en 1951 par Ferruccio Lamborghini. C&rsquo;est apr\u00e8s avoir fait fortune en moins de 10 ans gr\u00e2ce \u00e0 la construction de tracteurs que le directeur Ferruccio Lamborghini d\u00e9cide de s&rsquo;investir dans sa passion pour les belles voitures plus sophistiqu\u00e9es que les Ferrari ou Maserati. Les Lamborghini ont su faire preuve d&rsquo;un esprit avant gardiste, d&rsquo;innovations et d&rsquo;un design sp\u00e9cifique.<\/p>\n<p style=\"text-align: justify;\"><img loading=\"lazy\" class=\"size-medium wp-image-9171 alignleft\" src=\"https:\/\/luxury-rental-mc.com\/wp-content\/uploads\/2016\/09\/location-voiture-de-sport-300x164.jpg\" alt=\"location voiture de sport\" width=\"300\" height=\"164\" srcset=\"https:\/\/luxury-rental-mc.com\/wp-content\/uploads\/2016\/09\/location-voiture-de-sport-300x164.jpg 300w, https:\/\/luxury-rental-mc.com\/wp-content\/uploads\/2016\/09\/location-voiture-de-sport.jpg 304w\" sizes=\"(max-width: 300px) 100vw, 300px\" \/>Mc Luxury Rental vous pr\u00e9sente trois mod\u00e8les incontournables du constructeur italien avec chacun sa d\u00e9clinaison Spider. La Lamborghini LP560 aussi appel\u00e9e Gallardo est un des premiers mod\u00e8les \u00e0 avoir vu le jour apr\u00e8s une dizaine d&rsquo;ann\u00e9es de production. Dot\u00e9e d&rsquo;un moteur V10 et 530 chevaux c&rsquo;est une voiture puissante. Son design est sophistiqu\u00e9 elle a \u00e9t\u00e9 pr\u00e9sent\u00e9e au salon de l&rsquo;automobile de Gen\u00e8ve en 2003. Un an plus tard c&rsquo;est la version Spider qui a vu le jour. A nouveau le m\u00eame design mais avec un toit d\u00e9capotable.<\/p>\n<h2 style=\"text-align: justify;\">Le m\u00eame principe mais un autre model<\/h2>\n<p style=\"text-align: justify;\">L&rsquo;Aventador est \u00e9galement un mod\u00e8le d&rsquo;une puissance in\u00e9dite. Une supercar d\u00e9velopp\u00e9e et d\u00e9voil\u00e9e au salon de Gen\u00e8ve en 2011. Ce mod\u00e8le s&rsquo;annonce comme le mod\u00e8le le plus performant de la marque avec 700 chevaux. Gr\u00e2ce aux techniques d\u00e9velopp\u00e9es par Lamborghini concernant l&rsquo;utilisation du carbone un ch\u00e2ssis monocoque en fibre de carbone est install\u00e9 sur l&rsquo;Aventador pour le premi\u00e8re fois rendant le mod\u00e8le plus l\u00e9ger et rigide. C\u00f4t\u00e9 design c&rsquo;est un style agressif et radical. Sa version Spider pr\u00e9sente \u00e9galement un toit d\u00e9capotable.<\/p>\n<p style=\"text-align: justify;\"><img loading=\"lazy\" class=\"size-full wp-image-9170 alignright\" src=\"https:\/\/luxury-rental-mc.com\/wp-content\/uploads\/2016\/09\/location-aventador-lamborghini.jpg\" alt=\"location aventador lamborghini\" width=\"286\" height=\"176\" \/><\/p>\n<p style=\"text-align: justify;\">Enfin l&rsquo;Huracan supercar \u00e9galement elle succ\u00e8de \u00e0 la Gallardo. Toujours dot\u00e9e d&rsquo;un moteur V10 d\u00e9veloppant 610 chevaux. Elle<br \/>\na \u00e9t\u00e9 pr\u00e9sent\u00e9e au public lors du salon de l&rsquo;automobile de Gen\u00e8ve en 2014. Typique de Lamborghini son design est agressif, a\u00e9rodynamique et son int\u00e9rieur est rempli de technologie de pointe. De m\u00eame que les mod\u00e8les pr\u00e9c\u00e9dents elle se d\u00e9cline en version d\u00e9capotable appell\u00e9e Spider.<\/p>\n<p style=\"text-align: justify;\">Lamborghini est une marque de v\u00e9hicule sportif de luxe reconnue dans le monde entier et faisant concurrence aux plus grandes marques comme Ferrari, McLaren, et beaucoup d&rsquo;autres.<\/p>\n<p style=\"text-align: justify;\">Venez essayer et louer les mod\u00e8les Lamborghini avec Mc Luxury Rental.<\/p>\n[\/vc_column_text][\/vc_column][\/vc_row]\n","protected":false},"excerpt":{"rendered":"<p>[vc_row][vc_column][vc_column_text] Lamborghini : le sport \u00e0 l&rsquo;italienne Lamborghini est un constructeur d&rsquo;automobile de sport italien. Anciennement constructeur de tracteurs agricoles la soci\u00e9t\u00e9 est install\u00e9e \u00e0 Sant&rsquo;Agata Bolognese en Italie et fut fond\u00e9e en 1951 par Ferruccio Lamborghini. C&rsquo;est apr\u00e8s avoir fait fortune en moins de 10 ans gr\u00e2ce \u00e0 la construction de tracteurs que le [&hellip;]<\/p>\n","protected":false},"author":2,"featured_media":0,"parent":0,"menu_order":0,"comment_status":"closed","ping_status":"closed","template":"","meta":{"_monsterinsights_skip_tracking":false,"_monsterinsights_sitenote_active":false,"_monsterinsights_sitenote_note":"","_monsterinsights_sitenote_category":0},"yoast_head":"<!-- This site is optimized with the Yoast SEO plugin v20.3 - https:\/\/yoast.com\/wordpress\/plugins\/seo\/ -->\n<title>Location Lamborghini marque italienne de voiture - LR MC<\/title>\n<meta name=\"description\" content=\"Lamborghini est une marque de voiture de sport italienne. Connue dans le monde entier elle vous pr\u00e9sente des mod\u00e8les puissant et a\u00e9rodynamique.\" \/>\n<meta name=\"robots\" content=\"index, follow, max-snippet:-1, max-image-preview:large, max-video-preview:-1\" \/>\n<link rel=\"canonical\" href=\"https:\/\/luxury-rental-mc.com\/fr\/lamborghini\/\" \/>\n<meta property=\"og:locale\" content=\"fr_FR\" \/>\n<meta property=\"og:type\" content=\"article\" \/>\n<meta property=\"og:title\" content=\"Location Lamborghini marque italienne de voiture - LR MC\" \/>\n<meta property=\"og:description\" content=\"Lamborghini est une marque de voiture de sport italienne. Connue dans le monde entier elle vous pr\u00e9sente des mod\u00e8les puissant et a\u00e9rodynamique.\" \/>\n<meta property=\"og:url\" content=\"https:\/\/luxury-rental-mc.com\/fr\/lamborghini\/\" \/>\n<meta property=\"og:site_name\" content=\"Luxury Car Rentals | Monaco, Nice, Cannes, Saint-Tropez\" \/>\n<meta property=\"article:modified_time\" content=\"2016-09-12T10:33:55+00:00\" \/>\n<meta property=\"og:image\" content=\"https:\/\/luxury-rental-mc.com\/wp-content\/uploads\/2016\/09\/logo-lamborghini.jpg\" \/>\n<meta name=\"twitter:label1\" content=\"Dur\u00e9e de lecture estim\u00e9e\" \/>\n\t<meta name=\"twitter:data1\" content=\"2 minutes\" \/>\n<script type=\"application\/ld+json\" class=\"yoast-schema-graph\">{\"@context\":\"https:\/\/schema.org\",\"@graph\":[{\"@type\":\"WebPage\",\"@id\":\"https:\/\/luxury-rental-mc.com\/fr\/lamborghini\/\",\"url\":\"https:\/\/luxury-rental-mc.com\/fr\/lamborghini\/\",\"name\":\"Location Lamborghini marque italienne de voiture - LR MC\",\"isPartOf\":{\"@id\":\"https:\/\/luxury-rental-mc.com\/#website\"},\"datePublished\":\"2016-09-05T21:46:57+00:00\",\"dateModified\":\"2016-09-12T10:33:55+00:00\",\"description\":\"Lamborghini est une marque de voiture de sport italienne. Connue dans le monde entier elle vous pr\u00e9sente des mod\u00e8les puissant et a\u00e9rodynamique.\",\"breadcrumb\":{\"@id\":\"https:\/\/luxury-rental-mc.com\/fr\/lamborghini\/#breadcrumb\"},\"inLanguage\":\"fr-FR\",\"potentialAction\":[{\"@type\":\"ReadAction\",\"target\":[\"https:\/\/luxury-rental-mc.com\/fr\/lamborghini\/\"]}]},{\"@type\":\"BreadcrumbList\",\"@id\":\"https:\/\/luxury-rental-mc.com\/fr\/lamborghini\/#breadcrumb\",\"itemListElement\":[{\"@type\":\"ListItem\",\"position\":1,\"name\":\"Accueil\",\"item\":\"https:\/\/luxury-rental-mc.com\/fr\/\"},{\"@type\":\"ListItem\",\"position\":2,\"name\":\"Lamborghini\"}]},{\"@type\":\"WebSite\",\"@id\":\"https:\/\/luxury-rental-mc.com\/#website\",\"url\":\"https:\/\/luxury-rental-mc.com\/\",\"name\":\"Luxury Car Rentals | Monaco, Nice, Cannes, Saint-Tropez\",\"description\":\"Rent the finest brands : Porsche, Ferrari, Lamborghini, Mercedes...\",\"potentialAction\":[{\"@type\":\"SearchAction\",\"target\":{\"@type\":\"EntryPoint\",\"urlTemplate\":\"https:\/\/luxury-rental-mc.com\/?s={search_term_string}\"},\"query-input\":\"required name=search_term_string\"}],\"inLanguage\":\"fr-FR\"}]}<\/script>\n<!-- \/ Yoast SEO plugin. -->","yoast_head_json":{"title":"Location Lamborghini marque italienne de voiture - LR MC","description":"Lamborghini est une marque de voiture de sport italienne. Connue dans le monde entier elle vous pr\u00e9sente des mod\u00e8les puissant et a\u00e9rodynamique.","robots":{"index":"index","follow":"follow","max-snippet":"max-snippet:-1","max-image-preview":"max-image-preview:large","max-video-preview":"max-video-preview:-1"},"canonical":"https:\/\/luxury-rental-mc.com\/fr\/lamborghini\/","og_locale":"fr_FR","og_type":"article","og_title":"Location Lamborghini marque italienne de voiture - LR MC","og_description":"Lamborghini est une marque de voiture de sport italienne. Connue dans le monde entier elle vous pr\u00e9sente des mod\u00e8les puissant et a\u00e9rodynamique.","og_url":"https:\/\/luxury-rental-mc.com\/fr\/lamborghini\/","og_site_name":"Luxury Car Rentals | Monaco, Nice, Cannes, Saint-Tropez","article_modified_time":"2016-09-12T10:33:55+00:00","og_image":[{"url":"https:\/\/luxury-rental-mc.com\/wp-content\/uploads\/2016\/09\/logo-lamborghini.jpg"}],"twitter_misc":{"Dur\u00e9e de lecture estim\u00e9e":"2 minutes"},"schema":{"@context":"https:\/\/schema.org","@graph":[{"@type":"WebPage","@id":"https:\/\/luxury-rental-mc.com\/fr\/lamborghini\/","url":"https:\/\/luxury-rental-mc.com\/fr\/lamborghini\/","name":"Location Lamborghini marque italienne de voiture - LR MC","isPartOf":{"@id":"https:\/\/luxury-rental-mc.com\/#website"},"datePublished":"2016-09-05T21:46:57+00:00","dateModified":"2016-09-12T10:33:55+00:00","description":"Lamborghini est une marque de voiture de sport italienne. Connue dans le monde entier elle vous pr\u00e9sente des mod\u00e8les puissant et a\u00e9rodynamique.","breadcrumb":{"@id":"https:\/\/luxury-rental-mc.com\/fr\/lamborghini\/#breadcrumb"},"inLanguage":"fr-FR","potentialAction":[{"@type":"ReadAction","target":["https:\/\/luxury-rental-mc.com\/fr\/lamborghini\/"]}]},{"@type":"BreadcrumbList","@id":"https:\/\/luxury-rental-mc.com\/fr\/lamborghini\/#breadcrumb","itemListElement":[{"@type":"ListItem","position":1,"name":"Accueil","item":"https:\/\/luxury-rental-mc.com\/fr\/"},{"@type":"ListItem","position":2,"name":"Lamborghini"}]},{"@type":"WebSite","@id":"https:\/\/luxury-rental-mc.com\/#website","url":"https:\/\/luxury-rental-mc.com\/","name":"Luxury Car Rentals | Monaco, Nice, Cannes, Saint-Tropez","description":"Rent the finest brands : Porsche, Ferrari, Lamborghini, Mercedes...","potentialAction":[{"@type":"SearchAction","target":{"@type":"EntryPoint","urlTemplate":"https:\/\/luxury-rental-mc.com\/?s={search_term_string}"},"query-input":"required name=search_term_string"}],"inLanguage":"fr-FR"}]}},"_links":{"self":[{"href":"https:\/\/luxury-rental-mc.com\/fr\/wp-json\/wp\/v2\/pages\/9169\/"}],"collection":[{"href":"https:\/\/luxury-rental-mc.com\/fr\/wp-json\/wp\/v2\/pages\/"}],"about":[{"href":"https:\/\/luxury-rental-mc.com\/fr\/wp-json\/wp\/v2\/types\/page\/"}],"author":[{"embeddable":true,"href":"https:\/\/luxury-rental-mc.com\/fr\/wp-json\/wp\/v2\/users\/2\/"}],"replies":[{"embeddable":true,"href":"https:\/\/luxury-rental-mc.com\/fr\/wp-json\/wp\/v2\/comments\/?post=9169"}],"version-history":[{"count":5,"href":"https:\/\/luxury-rental-mc.com\/fr\/wp-json\/wp\/v2\/pages\/9169\/revisions\/"}],"predecessor-version":[{"id":9354,"href":"https:\/\/luxury-rental-mc.com\/fr\/wp-json\/wp\/v2\/pages\/9169\/revisions\/9354\/"}],"wp:attachment":[{"href":"https:\/\/luxury-rental-mc.com\/fr\/wp-json\/wp\/v2\/media\/?parent=9169"}],"curies":[{"name":"wp","href":"https:\/\/api.w.org\/{rel}","templated":true}]}}