{"id":9181,"date":"2016-09-05T23:58:41","date_gmt":"2016-09-05T21:58:41","guid":{"rendered":"https:\/\/luxury-rental-mc.com\/fr\/?page_id=9181"},"modified":"2022-04-26T16:37:38","modified_gmt":"2022-04-26T14:37:38","slug":"ferrari","status":"publish","type":"page","link":"https:\/\/luxury-rental-mc.com\/fr\/ferrari\/","title":{"rendered":"Ferrari"},"content":{"rendered":"[vc_row][vc_column][vc_column_text css=\u00a0\u00bb.vc_custom_1650983855933{margin-bottom: 0px !important;}\u00a0\u00bb]\n<h1>Ferrari : la meilleure marque italienne<\/h1>\n<p><img loading=\"lazy\" class=\"aligncenter wp-image-9178 size-full\" src=\"https:\/\/luxury-rental-mc.com\/wp-content\/uploads\/2016\/09\/logo-ferrari.jpg\" alt=\"louer ferrari\" width=\"275\" height=\"183\" srcset=\"https:\/\/luxury-rental-mc.com\/wp-content\/uploads\/2016\/09\/logo-ferrari.jpg 275w, https:\/\/luxury-rental-mc.com\/wp-content\/uploads\/2016\/09\/logo-ferrari-150x100.jpg 150w\" sizes=\"(max-width: 275px) 100vw, 275px\" \/><\/p>\n<p style=\"text-align: justify;\">Ferrari est LA marque de luxe par excellence. Ce constructeur automobile italien est install\u00e9 \u00e0 Maranello en Italie. La soci\u00e9t\u00e9 a \u00e9t\u00e9 fond\u00e9e par Enzo Ferrari en 1947 et est consid\u00e9r\u00e9e comme la meilleure marque automobile de toute l&rsquo;histoire connue dans le monde entier. Constructeur en s\u00e9rie de mod\u00e8les sportifs, Ferrari est une r\u00e9f\u00e9rence automobile. Vous recherchez une <a href=\"https:\/\/luxury-rental-mc.com\/fr\/location-ferrari\/\">location de Ferrari<\/a> ? Contactez nous<\/p>\n<p style=\"text-align: justify;\">Le design de ses voitures et leur technologie font preuve d&rsquo;une grande qualit\u00e9.<\/p>\n<p style=\"text-align: justify;\">Mc Luxury Rental toujours \u00e0 la recherche du meilleur pour ses clients vous propose les mod\u00e8les Ferrari les plus connu. Tout d&rsquo;abord avec le mod\u00e8le California d\u00e9clin\u00e9 \u00e9galement en California T.<\/p>\n<p style=\"text-align: justify;\">Ce mod\u00e8le California est \u00e0 la fois un coup\u00e9 et un cabriolet, ses lignes sont fluides avec un design a\u00e9rodynamique dot\u00e9 d&rsquo;un moteur de 460 chevaux. La version California T est une version am\u00e9lior\u00e9e. Le T est le moteur turbo qui d\u00e9veloppe 560 chevaux. Une pointe de sportivit\u00e9 comme on les aime.<\/p>\n<p style=\"text-align: justify;\"><img loading=\"lazy\" class=\"size-full wp-image-9177 alignright\" src=\"https:\/\/luxury-rental-mc.com\/wp-content\/uploads\/2016\/09\/location-ferrari-monaco.jpg\" alt=\"location ferrari monaco\" width=\"259\" height=\"194\" \/><\/p>\n<p style=\"text-align: justify;\">Le mod\u00e8le 458 quant \u00e0 lui est disponible en version Coup\u00e9 ou Spider. Ce mod\u00e8le est propuls\u00e9 par un moteur V8, tr\u00e8s travaill\u00e9 de mani\u00e8re a\u00e9rodynamique son design est tr\u00e8s \u00e9pur\u00e9 afin d&rsquo;atteindre des vitesses \u00e9lev\u00e9es. L&rsquo;int\u00e9rieur est contrast\u00e9 avec l&rsquo;ext\u00e9rieur, tout est recouvert de cuir et de nombreuses commandes \u00e9lectroniques. La version Spider a un toit ouvrant mais les fonctionnalit\u00e9s et le design du bolide ne changent pas.<\/p>\n<p style=\"text-align: justify;\">La Ferrari 458 va \u00eatre remplac\u00e9e par le mod\u00e8le 488 GTB qui se d\u00e9cline \u00e9galement en version Spider. Moteur V8 plac\u00e9 \u00e0 l&rsquo;arri\u00e8re porte la puissance \u00e0 670 chevaux. Son design est retravaill\u00e9 bien qu&rsquo;il ressemble \u00e0 la 458, une partie avant plus agressive, des ailes creus\u00e9es pour alimenter le moteur en air. Un design qui reste a\u00e9rodynamique. Sa version d\u00e9capotable Spider est bas\u00e9e sur le m\u00eame principe avec un toit ouvrant lui permettant d&rsquo;\u00eatre plus l\u00e9g\u00e8re. Elle fut pr\u00e9sent\u00e9 en 2015 au salon de l&rsquo;automobile.<\/p>\n<h2 style=\"text-align: justify;\">Ferrari toujours plus surprenante<\/h2>\n<p style=\"text-align: justify;\"><img loading=\"lazy\" class=\"size-full wp-image-9179 alignleft\" src=\"https:\/\/luxury-rental-mc.com\/wp-content\/uploads\/2016\/09\/louer-berlinetta-ferrari.jpg\" alt=\"louer berlinetta ferrari\" width=\"289\" height=\"174\" \/>Enfin le mod\u00e8le F12 sportif, \u00e9l\u00e9gant, chic, moderne a vu le jour en 2012. \u00c9quip\u00e9 d&rsquo;un moteur V12 c&rsquo;est un des mod\u00e8les de route le plus puissant jamais propos\u00e9 par le constructeur italien de Maranello. On retrouve dans le design de la Berlinetta des traits typiques de Ferrari. Son esth\u00e9tique d\u00e9pend des conditions a\u00e9rodynamiques. Un mod\u00e8le puissant qui fera chavirer votre coeur.<\/p>\n<p style=\"text-align: justify;\">Une fois de plus Mc Luxury Rental vous propose les meilleurs mod\u00e8les de la prestigieuse marque Ferrari. Nous vous aiderons \u00e0 trouver le mod\u00e8le qui vous convient. N&rsquo;h\u00e9sitez plus.<\/p>\n[\/vc_column_text][\/vc_column][\/vc_row]\n","protected":false},"excerpt":{"rendered":"<p>[vc_row][vc_column][vc_column_text css=\u00a0\u00bb.vc_custom_1650983855933{margin-bottom: 0px !important;}\u00a0\u00bb] Ferrari : la meilleure marque italienne Ferrari est LA marque de luxe par excellence. Ce constructeur automobile italien est install\u00e9 \u00e0 Maranello en Italie. La soci\u00e9t\u00e9 a \u00e9t\u00e9 fond\u00e9e par Enzo Ferrari en 1947 et est consid\u00e9r\u00e9e comme la meilleure marque automobile de toute l&rsquo;histoire connue dans le monde entier. Constructeur [&hellip;]<\/p>\n","protected":false},"author":2,"featured_media":0,"parent":0,"menu_order":0,"comment_status":"closed","ping_status":"closed","template":"","meta":{"_monsterinsights_skip_tracking":false,"_monsterinsights_sitenote_active":false,"_monsterinsights_sitenote_note":"","_monsterinsights_sitenote_category":0},"yoast_head":"<!-- This site is optimized with the Yoast SEO plugin v20.3 - https:\/\/yoast.com\/wordpress\/plugins\/seo\/ -->\n<title>Location Ferrari, la meilleure marque italienne - LR MC<\/title>\n<meta name=\"description\" content=\"Ferrari est la meilleure marque italienne. L&#039;Italie est tr\u00e8s r\u00e9put\u00e9e gr\u00e2ce \u00e0 ses grandes marques de v\u00e9hicules de luxe. Louez une Ferrari ici !\" \/>\n<meta name=\"robots\" content=\"index, follow, max-snippet:-1, max-image-preview:large, max-video-preview:-1\" \/>\n<link rel=\"canonical\" href=\"https:\/\/luxury-rental-mc.com\/fr\/ferrari\/\" \/>\n<meta property=\"og:locale\" content=\"fr_FR\" \/>\n<meta property=\"og:type\" content=\"article\" \/>\n<meta property=\"og:title\" content=\"Location Ferrari, la meilleure marque italienne - LR MC\" \/>\n<meta property=\"og:description\" content=\"Ferrari est la meilleure marque italienne. L&#039;Italie est tr\u00e8s r\u00e9put\u00e9e gr\u00e2ce \u00e0 ses grandes marques de v\u00e9hicules de luxe. Louez une Ferrari ici !\" \/>\n<meta property=\"og:url\" content=\"https:\/\/luxury-rental-mc.com\/fr\/ferrari\/\" \/>\n<meta property=\"og:site_name\" content=\"Luxury Car Rentals | Monaco, Nice, Cannes, Saint-Tropez\" \/>\n<meta property=\"article:modified_time\" content=\"2022-04-26T14:37:38+00:00\" \/>\n<meta property=\"og:image\" content=\"https:\/\/luxury-rental-mc.com\/wp-content\/uploads\/2016\/09\/logo-ferrari.jpg\" \/>\n<meta name=\"twitter:label1\" content=\"Dur\u00e9e de lecture estim\u00e9e\" \/>\n\t<meta name=\"twitter:data1\" content=\"2 minutes\" \/>\n<script type=\"application\/ld+json\" class=\"yoast-schema-graph\">{\"@context\":\"https:\/\/schema.org\",\"@graph\":[{\"@type\":\"WebPage\",\"@id\":\"https:\/\/luxury-rental-mc.com\/fr\/ferrari\/\",\"url\":\"https:\/\/luxury-rental-mc.com\/fr\/ferrari\/\",\"name\":\"Location Ferrari, la meilleure marque italienne - LR MC\",\"isPartOf\":{\"@id\":\"https:\/\/luxury-rental-mc.com\/#website\"},\"datePublished\":\"2016-09-05T21:58:41+00:00\",\"dateModified\":\"2022-04-26T14:37:38+00:00\",\"description\":\"Ferrari est la meilleure marque italienne. L'Italie est tr\u00e8s r\u00e9put\u00e9e gr\u00e2ce \u00e0 ses grandes marques de v\u00e9hicules de luxe. Louez une Ferrari ici !\",\"breadcrumb\":{\"@id\":\"https:\/\/luxury-rental-mc.com\/fr\/ferrari\/#breadcrumb\"},\"inLanguage\":\"fr-FR\",\"potentialAction\":[{\"@type\":\"ReadAction\",\"target\":[\"https:\/\/luxury-rental-mc.com\/fr\/ferrari\/\"]}]},{\"@type\":\"BreadcrumbList\",\"@id\":\"https:\/\/luxury-rental-mc.com\/fr\/ferrari\/#breadcrumb\",\"itemListElement\":[{\"@type\":\"ListItem\",\"position\":1,\"name\":\"Accueil\",\"item\":\"https:\/\/luxury-rental-mc.com\/fr\/\"},{\"@type\":\"ListItem\",\"position\":2,\"name\":\"Ferrari\"}]},{\"@type\":\"WebSite\",\"@id\":\"https:\/\/luxury-rental-mc.com\/#website\",\"url\":\"https:\/\/luxury-rental-mc.com\/\",\"name\":\"Luxury Car Rentals | Monaco, Nice, Cannes, Saint-Tropez\",\"description\":\"Rent the finest brands : Porsche, Ferrari, Lamborghini, Mercedes...\",\"potentialAction\":[{\"@type\":\"SearchAction\",\"target\":{\"@type\":\"EntryPoint\",\"urlTemplate\":\"https:\/\/luxury-rental-mc.com\/?s={search_term_string}\"},\"query-input\":\"required name=search_term_string\"}],\"inLanguage\":\"fr-FR\"}]}<\/script>\n<!-- \/ Yoast SEO plugin. -->","yoast_head_json":{"title":"Location Ferrari, la meilleure marque italienne - LR MC","description":"Ferrari est la meilleure marque italienne. L'Italie est tr\u00e8s r\u00e9put\u00e9e gr\u00e2ce \u00e0 ses grandes marques de v\u00e9hicules de luxe. Louez une Ferrari ici !","robots":{"index":"index","follow":"follow","max-snippet":"max-snippet:-1","max-image-preview":"max-image-preview:large","max-video-preview":"max-video-preview:-1"},"canonical":"https:\/\/luxury-rental-mc.com\/fr\/ferrari\/","og_locale":"fr_FR","og_type":"article","og_title":"Location Ferrari, la meilleure marque italienne - LR MC","og_description":"Ferrari est la meilleure marque italienne. L'Italie est tr\u00e8s r\u00e9put\u00e9e gr\u00e2ce \u00e0 ses grandes marques de v\u00e9hicules de luxe. Louez une Ferrari ici !","og_url":"https:\/\/luxury-rental-mc.com\/fr\/ferrari\/","og_site_name":"Luxury Car Rentals | Monaco, Nice, Cannes, Saint-Tropez","article_modified_time":"2022-04-26T14:37:38+00:00","og_image":[{"url":"https:\/\/luxury-rental-mc.com\/wp-content\/uploads\/2016\/09\/logo-ferrari.jpg"}],"twitter_misc":{"Dur\u00e9e de lecture estim\u00e9e":"2 minutes"},"schema":{"@context":"https:\/\/schema.org","@graph":[{"@type":"WebPage","@id":"https:\/\/luxury-rental-mc.com\/fr\/ferrari\/","url":"https:\/\/luxury-rental-mc.com\/fr\/ferrari\/","name":"Location Ferrari, la meilleure marque italienne - LR MC","isPartOf":{"@id":"https:\/\/luxury-rental-mc.com\/#website"},"datePublished":"2016-09-05T21:58:41+00:00","dateModified":"2022-04-26T14:37:38+00:00","description":"Ferrari est la meilleure marque italienne. L'Italie est tr\u00e8s r\u00e9put\u00e9e gr\u00e2ce \u00e0 ses grandes marques de v\u00e9hicules de luxe. Louez une Ferrari ici !","breadcrumb":{"@id":"https:\/\/luxury-rental-mc.com\/fr\/ferrari\/#breadcrumb"},"inLanguage":"fr-FR","potentialAction":[{"@type":"ReadAction","target":["https:\/\/luxury-rental-mc.com\/fr\/ferrari\/"]}]},{"@type":"BreadcrumbList","@id":"https:\/\/luxury-rental-mc.com\/fr\/ferrari\/#breadcrumb","itemListElement":[{"@type":"ListItem","position":1,"name":"Accueil","item":"https:\/\/luxury-rental-mc.com\/fr\/"},{"@type":"ListItem","position":2,"name":"Ferrari"}]},{"@type":"WebSite","@id":"https:\/\/luxury-rental-mc.com\/#website","url":"https:\/\/luxury-rental-mc.com\/","name":"Luxury Car Rentals | Monaco, Nice, Cannes, Saint-Tropez","description":"Rent the finest brands : Porsche, Ferrari, Lamborghini, Mercedes...","potentialAction":[{"@type":"SearchAction","target":{"@type":"EntryPoint","urlTemplate":"https:\/\/luxury-rental-mc.com\/?s={search_term_string}"},"query-input":"required name=search_term_string"}],"inLanguage":"fr-FR"}]}},"_links":{"self":[{"href":"https:\/\/luxury-rental-mc.com\/fr\/wp-json\/wp\/v2\/pages\/9181\/"}],"collection":[{"href":"https:\/\/luxury-rental-mc.com\/fr\/wp-json\/wp\/v2\/pages\/"}],"about":[{"href":"https:\/\/luxury-rental-mc.com\/fr\/wp-json\/wp\/v2\/types\/page\/"}],"author":[{"embeddable":true,"href":"https:\/\/luxury-rental-mc.com\/fr\/wp-json\/wp\/v2\/users\/2\/"}],"replies":[{"embeddable":true,"href":"https:\/\/luxury-rental-mc.com\/fr\/wp-json\/wp\/v2\/comments\/?post=9181"}],"version-history":[{"count":6,"href":"https:\/\/luxury-rental-mc.com\/fr\/wp-json\/wp\/v2\/pages\/9181\/revisions\/"}],"predecessor-version":[{"id":117165,"href":"https:\/\/luxury-rental-mc.com\/fr\/wp-json\/wp\/v2\/pages\/9181\/revisions\/117165\/"}],"wp:attachment":[{"href":"https:\/\/luxury-rental-mc.com\/fr\/wp-json\/wp\/v2\/media\/?parent=9181"}],"curies":[{"name":"wp","href":"https:\/\/api.w.org\/{rel}","templated":true}]}}