{"id":9184,"date":"2016-09-06T00:05:37","date_gmt":"2016-09-05T22:05:37","guid":{"rendered":"https:\/\/luxury-rental-mc.com\/fr\/?page_id=9184"},"modified":"2016-09-12T12:27:14","modified_gmt":"2016-09-12T10:27:14","slug":"bugatti","status":"publish","type":"page","link":"https:\/\/luxury-rental-mc.com\/fr\/bugatti\/","title":{"rendered":"Bugatti"},"content":{"rendered":"[vc_row][vc_column][vc_column_text]\n<h1>La course, Bugatti<\/h1>\n<p><img loading=\"lazy\" class=\"aligncenter wp-image-9187 size-medium\" src=\"https:\/\/luxury-rental-mc.com\/wp-content\/uploads\/2016\/09\/logo-bugatti-300x159.png\" alt=\"location bugatti\" width=\"300\" height=\"159\" srcset=\"https:\/\/luxury-rental-mc.com\/wp-content\/uploads\/2016\/09\/logo-bugatti-300x159.png 300w, https:\/\/luxury-rental-mc.com\/wp-content\/uploads\/2016\/09\/logo-bugatti.png 308w\" sizes=\"(max-width: 300px) 100vw, 300px\" \/><\/p>\n<p>&nbsp;<\/p>\n<p style=\"text-align: justify;\">Bugatti est un constructeur automobile fran\u00e7ais faisant parti de la filiale allemande Volkswagen. L&rsquo;entreprise a vu le jour en 1909\u00a0 gr\u00e2ce \u00e0 Ettore Bugatti. La marque est consid\u00e9r\u00e9e comme la meilleure dans le domaine de l&rsquo;automobile en produisant de luxueuses sportives de prestige. C&rsquo;est dans la comp\u00e9tition automobile sur circuit que Bugatti s&rsquo;est distingu\u00e9.<\/p>\n<h2 style=\"text-align: justify;\">Bugatti et son mod\u00e8le d&rsquo;exception<\/h2>\n<p style=\"text-align: justify;\">En 2005 Bugatti propose son premier mod\u00e8le d&rsquo;exception sur route. La Bugatti Veyron est la voiture la plus puissante sur le march\u00e9. Une voiture rare puisqu&rsquo;elle a \u00e9t\u00e9 produite en 450 exemplaires jusqu&rsquo;en 2015 ann\u00e9e de fin de production. Un mod\u00e8le unique qu&rsquo;Mc Luxury Rental vous permet de louer afin de ressentir des sensations uniques avec son moteur V16 qui d\u00e9veloppe 1001 chevaux.<\/p>\n<p style=\"text-align: justify;\"><img loading=\"lazy\" class=\"alignnone size-medium wp-image-9185\" src=\"https:\/\/luxury-rental-mc.com\/wp-content\/uploads\/2016\/09\/location-de-luxe-bugatti-300x160.jpg\" alt=\"location de luxe bugatti\" width=\"300\" height=\"160\" srcset=\"https:\/\/luxury-rental-mc.com\/wp-content\/uploads\/2016\/09\/location-de-luxe-bugatti-300x160.jpg 300w, https:\/\/luxury-rental-mc.com\/wp-content\/uploads\/2016\/09\/location-de-luxe-bugatti.jpg 308w\" sizes=\"(max-width: 300px) 100vw, 300px\" \/> <img loading=\"lazy\" class=\"alignnone size-medium wp-image-9186\" src=\"https:\/\/luxury-rental-mc.com\/wp-content\/uploads\/2016\/09\/location-veyron-bugatti-300x140.jpg\" alt=\"location veyron bugatti\" width=\"300\" height=\"140\" srcset=\"https:\/\/luxury-rental-mc.com\/wp-content\/uploads\/2016\/09\/location-veyron-bugatti-300x140.jpg 300w, https:\/\/luxury-rental-mc.com\/wp-content\/uploads\/2016\/09\/location-veyron-bugatti.jpg 329w\" sizes=\"(max-width: 300px) 100vw, 300px\" \/>\u00a0<img loading=\"lazy\" class=\"alignnone size-full wp-image-9188\" src=\"https:\/\/luxury-rental-mc.com\/wp-content\/uploads\/2016\/09\/louer-voiture-de-luxe.jpg\" alt=\"louer voiture de luxe\" width=\"297\" height=\"170\" \/><\/p>\n<p style=\"text-align: justify;\">Le prochain mod\u00e8le de marque est pr\u00e9sent\u00e9 en 2016 et s&rsquo;appelle Chiron, ce mod\u00e8le sera encore plus puissant que le mod\u00e8le Veyron avec 1500 chevaux.<\/p>\n<p style=\"text-align: justify;\">En attendant la nouveaut\u00e9 Bugatti 2016, nous vous proposons de louer la Bugatti Veyron pour appr\u00e9cier, d\u00e9couvrir et profiter de la marque et de son exp\u00e9rience en mati\u00e8re d&rsquo;automobile.<\/p>\n<p style=\"text-align: justify;\">Mc Luxury Rental vous proposera le meilleur prix pour ce mod\u00e8le automobile d&rsquo;exception.<\/p>\n[\/vc_column_text][\/vc_column][\/vc_row]\n","protected":false},"excerpt":{"rendered":"<p>[vc_row][vc_column][vc_column_text] La course, Bugatti &nbsp; Bugatti est un constructeur automobile fran\u00e7ais faisant parti de la filiale allemande Volkswagen. L&rsquo;entreprise a vu le jour en 1909\u00a0 gr\u00e2ce \u00e0 Ettore Bugatti. La marque est consid\u00e9r\u00e9e comme la meilleure dans le domaine de l&rsquo;automobile en produisant de luxueuses sportives de prestige. C&rsquo;est dans la comp\u00e9tition automobile sur circuit [&hellip;]<\/p>\n","protected":false},"author":2,"featured_media":0,"parent":0,"menu_order":0,"comment_status":"closed","ping_status":"closed","template":"","meta":{"_monsterinsights_skip_tracking":false,"_monsterinsights_sitenote_active":false,"_monsterinsights_sitenote_note":"","_monsterinsights_sitenote_category":0},"yoast_head":"<!-- This site is optimized with the Yoast SEO plugin v20.3 - https:\/\/yoast.com\/wordpress\/plugins\/seo\/ -->\n<title>Louer une Bugatti et son mod\u00e8le unique - LR MC<\/title>\n<meta name=\"description\" content=\"Bugatti est une marque de voiture de sport haute vitesse. Un mod\u00e8le unique \u00e0 l&#039;heure actuelle : la Veyron. Un ensemble de luxe, de puissance et de folie.\" \/>\n<meta name=\"robots\" content=\"index, follow, max-snippet:-1, max-image-preview:large, max-video-preview:-1\" \/>\n<link rel=\"canonical\" href=\"https:\/\/luxury-rental-mc.com\/fr\/bugatti\/\" \/>\n<meta property=\"og:locale\" content=\"fr_FR\" \/>\n<meta property=\"og:type\" content=\"article\" \/>\n<meta property=\"og:title\" content=\"Louer une Bugatti et son mod\u00e8le unique - LR MC\" \/>\n<meta property=\"og:description\" content=\"Bugatti est une marque de voiture de sport haute vitesse. Un mod\u00e8le unique \u00e0 l&#039;heure actuelle : la Veyron. Un ensemble de luxe, de puissance et de folie.\" \/>\n<meta property=\"og:url\" content=\"https:\/\/luxury-rental-mc.com\/fr\/bugatti\/\" \/>\n<meta property=\"og:site_name\" content=\"Luxury Car Rentals | Monaco, Nice, Cannes, Saint-Tropez\" \/>\n<meta property=\"article:modified_time\" content=\"2016-09-12T10:27:14+00:00\" \/>\n<meta property=\"og:image\" content=\"https:\/\/luxury-rental-mc.com\/wp-content\/uploads\/2016\/09\/logo-bugatti-300x159.png\" \/>\n<meta name=\"twitter:label1\" content=\"Dur\u00e9e de lecture estim\u00e9e\" \/>\n\t<meta name=\"twitter:data1\" content=\"1 minute\" \/>\n<script type=\"application\/ld+json\" class=\"yoast-schema-graph\">{\"@context\":\"https:\/\/schema.org\",\"@graph\":[{\"@type\":\"WebPage\",\"@id\":\"https:\/\/luxury-rental-mc.com\/fr\/bugatti\/\",\"url\":\"https:\/\/luxury-rental-mc.com\/fr\/bugatti\/\",\"name\":\"Louer une Bugatti et son mod\u00e8le unique - LR MC\",\"isPartOf\":{\"@id\":\"https:\/\/luxury-rental-mc.com\/#website\"},\"datePublished\":\"2016-09-05T22:05:37+00:00\",\"dateModified\":\"2016-09-12T10:27:14+00:00\",\"description\":\"Bugatti est une marque de voiture de sport haute vitesse. Un mod\u00e8le unique \u00e0 l'heure actuelle : la Veyron. Un ensemble de luxe, de puissance et de folie.\",\"breadcrumb\":{\"@id\":\"https:\/\/luxury-rental-mc.com\/fr\/bugatti\/#breadcrumb\"},\"inLanguage\":\"fr-FR\",\"potentialAction\":[{\"@type\":\"ReadAction\",\"target\":[\"https:\/\/luxury-rental-mc.com\/fr\/bugatti\/\"]}]},{\"@type\":\"BreadcrumbList\",\"@id\":\"https:\/\/luxury-rental-mc.com\/fr\/bugatti\/#breadcrumb\",\"itemListElement\":[{\"@type\":\"ListItem\",\"position\":1,\"name\":\"Accueil\",\"item\":\"https:\/\/luxury-rental-mc.com\/fr\/\"},{\"@type\":\"ListItem\",\"position\":2,\"name\":\"Bugatti\"}]},{\"@type\":\"WebSite\",\"@id\":\"https:\/\/luxury-rental-mc.com\/#website\",\"url\":\"https:\/\/luxury-rental-mc.com\/\",\"name\":\"Luxury Car Rentals | Monaco, Nice, Cannes, Saint-Tropez\",\"description\":\"Rent the finest brands : Porsche, Ferrari, Lamborghini, Mercedes...\",\"potentialAction\":[{\"@type\":\"SearchAction\",\"target\":{\"@type\":\"EntryPoint\",\"urlTemplate\":\"https:\/\/luxury-rental-mc.com\/?s={search_term_string}\"},\"query-input\":\"required name=search_term_string\"}],\"inLanguage\":\"fr-FR\"}]}<\/script>\n<!-- \/ Yoast SEO plugin. -->","yoast_head_json":{"title":"Louer une Bugatti et son mod\u00e8le unique - LR MC","description":"Bugatti est une marque de voiture de sport haute vitesse. Un mod\u00e8le unique \u00e0 l'heure actuelle : la Veyron. Un ensemble de luxe, de puissance et de folie.","robots":{"index":"index","follow":"follow","max-snippet":"max-snippet:-1","max-image-preview":"max-image-preview:large","max-video-preview":"max-video-preview:-1"},"canonical":"https:\/\/luxury-rental-mc.com\/fr\/bugatti\/","og_locale":"fr_FR","og_type":"article","og_title":"Louer une Bugatti et son mod\u00e8le unique - LR MC","og_description":"Bugatti est une marque de voiture de sport haute vitesse. Un mod\u00e8le unique \u00e0 l'heure actuelle : la Veyron. Un ensemble de luxe, de puissance et de folie.","og_url":"https:\/\/luxury-rental-mc.com\/fr\/bugatti\/","og_site_name":"Luxury Car Rentals | Monaco, Nice, Cannes, Saint-Tropez","article_modified_time":"2016-09-12T10:27:14+00:00","og_image":[{"url":"https:\/\/luxury-rental-mc.com\/wp-content\/uploads\/2016\/09\/logo-bugatti-300x159.png"}],"twitter_misc":{"Dur\u00e9e de lecture estim\u00e9e":"1 minute"},"schema":{"@context":"https:\/\/schema.org","@graph":[{"@type":"WebPage","@id":"https:\/\/luxury-rental-mc.com\/fr\/bugatti\/","url":"https:\/\/luxury-rental-mc.com\/fr\/bugatti\/","name":"Louer une Bugatti et son mod\u00e8le unique - LR MC","isPartOf":{"@id":"https:\/\/luxury-rental-mc.com\/#website"},"datePublished":"2016-09-05T22:05:37+00:00","dateModified":"2016-09-12T10:27:14+00:00","description":"Bugatti est une marque de voiture de sport haute vitesse. Un mod\u00e8le unique \u00e0 l'heure actuelle : la Veyron. Un ensemble de luxe, de puissance et de folie.","breadcrumb":{"@id":"https:\/\/luxury-rental-mc.com\/fr\/bugatti\/#breadcrumb"},"inLanguage":"fr-FR","potentialAction":[{"@type":"ReadAction","target":["https:\/\/luxury-rental-mc.com\/fr\/bugatti\/"]}]},{"@type":"BreadcrumbList","@id":"https:\/\/luxury-rental-mc.com\/fr\/bugatti\/#breadcrumb","itemListElement":[{"@type":"ListItem","position":1,"name":"Accueil","item":"https:\/\/luxury-rental-mc.com\/fr\/"},{"@type":"ListItem","position":2,"name":"Bugatti"}]},{"@type":"WebSite","@id":"https:\/\/luxury-rental-mc.com\/#website","url":"https:\/\/luxury-rental-mc.com\/","name":"Luxury Car Rentals | Monaco, Nice, Cannes, Saint-Tropez","description":"Rent the finest brands : Porsche, Ferrari, Lamborghini, Mercedes...","potentialAction":[{"@type":"SearchAction","target":{"@type":"EntryPoint","urlTemplate":"https:\/\/luxury-rental-mc.com\/?s={search_term_string}"},"query-input":"required name=search_term_string"}],"inLanguage":"fr-FR"}]}},"_links":{"self":[{"href":"https:\/\/luxury-rental-mc.com\/fr\/wp-json\/wp\/v2\/pages\/9184\/"}],"collection":[{"href":"https:\/\/luxury-rental-mc.com\/fr\/wp-json\/wp\/v2\/pages\/"}],"about":[{"href":"https:\/\/luxury-rental-mc.com\/fr\/wp-json\/wp\/v2\/types\/page\/"}],"author":[{"embeddable":true,"href":"https:\/\/luxury-rental-mc.com\/fr\/wp-json\/wp\/v2\/users\/2\/"}],"replies":[{"embeddable":true,"href":"https:\/\/luxury-rental-mc.com\/fr\/wp-json\/wp\/v2\/comments\/?post=9184"}],"version-history":[{"count":4,"href":"https:\/\/luxury-rental-mc.com\/fr\/wp-json\/wp\/v2\/pages\/9184\/revisions\/"}],"predecessor-version":[{"id":9350,"href":"https:\/\/luxury-rental-mc.com\/fr\/wp-json\/wp\/v2\/pages\/9184\/revisions\/9350\/"}],"wp:attachment":[{"href":"https:\/\/luxury-rental-mc.com\/fr\/wp-json\/wp\/v2\/media\/?parent=9184"}],"curies":[{"name":"wp","href":"https:\/\/api.w.org\/{rel}","templated":true}]}}