{"id":9200,"date":"2016-09-06T00:21:01","date_gmt":"2016-09-05T22:21:01","guid":{"rendered":"https:\/\/luxury-rental-mc.com\/fr\/?page_id=9200"},"modified":"2016-09-12T12:22:14","modified_gmt":"2016-09-12T10:22:14","slug":"bmw","status":"publish","type":"page","link":"https:\/\/luxury-rental-mc.com\/fr\/bmw\/","title":{"rendered":"BMW"},"content":{"rendered":"[vc_row][vc_column][vc_column_text]\n<h1>BMW : la fameuse marque incontournable<\/h1>\n<p><img loading=\"lazy\" class=\"aligncenter wp-image-9196 size-full\" src=\"https:\/\/luxury-rental-mc.com\/wp-content\/uploads\/2016\/09\/logo-bmw.jpg\" alt=\"louer bmw\" width=\"225\" height=\"225\" srcset=\"https:\/\/luxury-rental-mc.com\/wp-content\/uploads\/2016\/09\/logo-bmw.jpg 225w, https:\/\/luxury-rental-mc.com\/wp-content\/uploads\/2016\/09\/logo-bmw-150x150.jpg 150w, https:\/\/luxury-rental-mc.com\/wp-content\/uploads\/2016\/09\/logo-bmw-200x200.jpg 200w, https:\/\/luxury-rental-mc.com\/wp-content\/uploads\/2016\/09\/logo-bmw-300x300.jpg 300w\" sizes=\"(max-width: 225px) 100vw, 225px\" \/><\/p>\n<p>&nbsp;<\/p>\n<p style=\"text-align: justify;\">BMW est une soci\u00e9t\u00e9 de construction\u00a0 automobile allemande haut de gamme. Des mod\u00e8les de voitures luxueuses, sportives mais aussi de motos. L&rsquo;entreprise a \u00e9t\u00e9 fond\u00e9e en 1916 par Gustav Otto et Karl Friedrich Rapp. Son si\u00e8ge social se situe \u00e0 Munich en Allemagne.<\/p>\n<p style=\"text-align: justify;\">En 2014 le groupe BMW avait vendu 2 177 965 automobiles comprenant les marques Mini Cooper et Rolls Royce et 123 495 motos.<\/p>\n<p style=\"text-align: justify;\">Mc Luxury Rental pr\u00e9sente plusieurs mod\u00e8les r\u00e9put\u00e9s de la marque \u00e0 la location en partant de la citadine \u00e0 la voiture de sport en passant par la gamme 4&#215;4.<\/p>\n<p style=\"text-align: justify;\">Le premier mod\u00e8le propos\u00e9 par notre soci\u00e9t\u00e9, Mc Luxury Rental, est la BMW s\u00e9rie 1. C&rsquo;est un mod\u00e8le d&rsquo;entr\u00e9e de gamme, compacte \u00e0 5 portes. Son design est propre \u00e0 la marque avec un capot assez long, un habitacle spacieux pour un mod\u00e8le compacte. Toute la technologie n\u00e9cessaire pour un tableau de bord est disponible. Son moteur V6 permet une conduite souple et sportive.<\/p>\n<p style=\"text-align: justify;\"><img loading=\"lazy\" class=\"alignnone size-full wp-image-9193\" src=\"https:\/\/luxury-rental-mc.com\/wp-content\/uploads\/2016\/09\/location-4x4-bmw.jpg\" alt=\"location 4x4 bmw\" width=\"275\" height=\"183\" srcset=\"https:\/\/luxury-rental-mc.com\/wp-content\/uploads\/2016\/09\/location-4x4-bmw.jpg 275w, https:\/\/luxury-rental-mc.com\/wp-content\/uploads\/2016\/09\/location-4x4-bmw-150x100.jpg 150w\" sizes=\"(max-width: 275px) 100vw, 275px\" \/>\u00a0<img loading=\"lazy\" class=\"alignnone size-medium wp-image-9195\" src=\"https:\/\/luxury-rental-mc.com\/wp-content\/uploads\/2016\/09\/location-voiture-bmw-300x168.jpg\" alt=\"location voiture bmw\" width=\"300\" height=\"168\" \/><\/p>\n<h2 style=\"text-align: justify;\">Les fameuses berlines BMW<\/h2>\n<p style=\"text-align: justify;\">La s\u00e9rie 4 pr\u00e9sente une berline plus allong\u00e9e que la s\u00e9rie 1, son design ressemblant avec la forme du capot avant est comparable. Une berline qui sera parfaite pour des longs trajets, des rendez-vous d&rsquo;affaires. Une tenue de route irr\u00e9prochable, BMW nous pr\u00e9sente une berline d\u00e9clinable en version cabriolet. Sa version cabriolet est le m\u00eame mod\u00e8le mais avec un toit ouvrant. Un atout de valeur lorsqu&rsquo;on est sous le soleil.<\/p>\n<p style=\"text-align: justify;\">Mc Luxury Rental vous propose \u00e9galement de louer une BMW s\u00e9rie 6 en version cabriolet. Toujours dans la gamme des berlines c&rsquo;est un mod\u00e8le tout en longueur avec des courbes a\u00e9rodynamiques. Cabriolet est la petite touche en plus qui vous permettra d&rsquo;appr\u00e9cier sa tenue de route lors de long trajet. Dot\u00e9e d&rsquo;un moteur puissant vous ne serez pas d\u00e9\u00e7us par la marque allemande qui produit des mod\u00e8les complets tant au niveau du design que de la motorisation.<\/p>\n<p style=\"text-align: justify;\">La BMW s\u00e9rie 7 est une berline de luxe. Cette s\u00e9rie pr\u00e9sente le haut de gamme de la marque avec ce que BMW fait de mieux en mati\u00e8re de confort, de m\u00e9canique et de technologie.<\/p>\n<p style=\"text-align: justify;\">Spacieux, classe, \u00e9l\u00e9gante, dot\u00e9e de nombreuses technologie dont le iDrive la conduite devient un plaisir \u00e0 bord de cette berline.<\/p>\n<p style=\"text-align: justify;\"><img loading=\"lazy\" class=\"size-full wp-image-9197 aligncenter\" src=\"https:\/\/luxury-rental-mc.com\/wp-content\/uploads\/2016\/09\/louer-4x4.jpg\" alt=\"louer 4x4\" width=\"275\" height=\"183\" srcset=\"https:\/\/luxury-rental-mc.com\/wp-content\/uploads\/2016\/09\/louer-4x4.jpg 275w, https:\/\/luxury-rental-mc.com\/wp-content\/uploads\/2016\/09\/louer-4x4-150x100.jpg 150w\" sizes=\"(max-width: 275px) 100vw, 275px\" \/><img loading=\"lazy\" class=\"size-full wp-image-9194 aligncenter\" src=\"https:\/\/luxury-rental-mc.com\/wp-content\/uploads\/2016\/09\/location-berline-de-luxe.jpg\" alt=\"location berline de luxe\" width=\"276\" height=\"183\" srcset=\"https:\/\/luxury-rental-mc.com\/wp-content\/uploads\/2016\/09\/location-berline-de-luxe.jpg 276w, https:\/\/luxury-rental-mc.com\/wp-content\/uploads\/2016\/09\/location-berline-de-luxe-150x100.jpg 150w\" sizes=\"(max-width: 276px) 100vw, 276px\" \/><\/p>\n<p style=\"text-align: justify;\">Enfin le mod\u00e8le de 4&#215;4 tr\u00e8s demand\u00e9 chez BMW est le X5 \u00e9galement \u00e0 la location chez Mc Luxury Rental. Un SUV haut de gamme dot\u00e9 d&rsquo;un moteur V8 ce fut le premier grand SUV \u00e0 d\u00e9crocher cinq \u00e9toiles au test EuroNCAP.<\/p>\n<p style=\"text-align: justify;\">Spacieux, tenue de route parfaite, technologie de pointe, classe c&rsquo;est un mod\u00e8le qui concurrence les autres marques et qui vous permettra de conduire sur tous les types de routes.<\/p>\n<p style=\"text-align: justify;\">Mc Luxury Rental vous pr\u00e9sente donc plusieurs mod\u00e8les de BMW \u00e0 la location afin de r\u00e9pondre \u00e0 vos divers besoins. Nous savons que le constructeur allemand est professionnel dans son \u00e9laboration des v\u00e9hicules. Pour cela nous vous garantissons une location sans d\u00e9ception.<\/p>\n[\/vc_column_text][\/vc_column][\/vc_row]\n","protected":false},"excerpt":{"rendered":"<p>[vc_row][vc_column][vc_column_text] BMW : la fameuse marque incontournable &nbsp; BMW est une soci\u00e9t\u00e9 de construction\u00a0 automobile allemande haut de gamme. Des mod\u00e8les de voitures luxueuses, sportives mais aussi de motos. L&rsquo;entreprise a \u00e9t\u00e9 fond\u00e9e en 1916 par Gustav Otto et Karl Friedrich Rapp. Son si\u00e8ge social se situe \u00e0 Munich en Allemagne. En 2014 le groupe [&hellip;]<\/p>\n","protected":false},"author":2,"featured_media":0,"parent":0,"menu_order":0,"comment_status":"closed","ping_status":"closed","template":"","meta":{"_monsterinsights_skip_tracking":false,"_monsterinsights_sitenote_active":false,"_monsterinsights_sitenote_note":"","_monsterinsights_sitenote_category":0},"yoast_head":"<!-- This site is optimized with the Yoast SEO plugin v20.3 - https:\/\/yoast.com\/wordpress\/plugins\/seo\/ -->\n<title>Louer BMW la marque incontournable et abordable - LR MC<\/title>\n<meta name=\"description\" content=\"BMW est une marque connue par tout le monde. Elle propose une large gamme de v\u00e9hicule de luxe de la citadine au 4x4 en passant par la berline.\" \/>\n<meta name=\"robots\" content=\"index, follow, max-snippet:-1, max-image-preview:large, max-video-preview:-1\" \/>\n<link rel=\"canonical\" href=\"https:\/\/luxury-rental-mc.com\/fr\/bmw\/\" \/>\n<meta property=\"og:locale\" content=\"fr_FR\" \/>\n<meta property=\"og:type\" content=\"article\" \/>\n<meta property=\"og:title\" content=\"Louer BMW la marque incontournable et abordable - LR MC\" \/>\n<meta property=\"og:description\" content=\"BMW est une marque connue par tout le monde. Elle propose une large gamme de v\u00e9hicule de luxe de la citadine au 4x4 en passant par la berline.\" \/>\n<meta property=\"og:url\" content=\"https:\/\/luxury-rental-mc.com\/fr\/bmw\/\" \/>\n<meta property=\"og:site_name\" content=\"Luxury Car Rentals | Monaco, Nice, Cannes, Saint-Tropez\" \/>\n<meta property=\"article:modified_time\" content=\"2016-09-12T10:22:14+00:00\" \/>\n<meta property=\"og:image\" content=\"https:\/\/luxury-rental-mc.com\/wp-content\/uploads\/2016\/09\/logo-bmw.jpg\" \/>\n<meta name=\"twitter:label1\" content=\"Dur\u00e9e de lecture estim\u00e9e\" \/>\n\t<meta name=\"twitter:data1\" content=\"3 minutes\" \/>\n<script type=\"application\/ld+json\" class=\"yoast-schema-graph\">{\"@context\":\"https:\/\/schema.org\",\"@graph\":[{\"@type\":\"WebPage\",\"@id\":\"https:\/\/luxury-rental-mc.com\/fr\/bmw\/\",\"url\":\"https:\/\/luxury-rental-mc.com\/fr\/bmw\/\",\"name\":\"Louer BMW la marque incontournable et abordable - LR MC\",\"isPartOf\":{\"@id\":\"https:\/\/luxury-rental-mc.com\/#website\"},\"datePublished\":\"2016-09-05T22:21:01+00:00\",\"dateModified\":\"2016-09-12T10:22:14+00:00\",\"description\":\"BMW est une marque connue par tout le monde. Elle propose une large gamme de v\u00e9hicule de luxe de la citadine au 4x4 en passant par la berline.\",\"breadcrumb\":{\"@id\":\"https:\/\/luxury-rental-mc.com\/fr\/bmw\/#breadcrumb\"},\"inLanguage\":\"fr-FR\",\"potentialAction\":[{\"@type\":\"ReadAction\",\"target\":[\"https:\/\/luxury-rental-mc.com\/fr\/bmw\/\"]}]},{\"@type\":\"BreadcrumbList\",\"@id\":\"https:\/\/luxury-rental-mc.com\/fr\/bmw\/#breadcrumb\",\"itemListElement\":[{\"@type\":\"ListItem\",\"position\":1,\"name\":\"Accueil\",\"item\":\"https:\/\/luxury-rental-mc.com\/fr\/\"},{\"@type\":\"ListItem\",\"position\":2,\"name\":\"BMW\"}]},{\"@type\":\"WebSite\",\"@id\":\"https:\/\/luxury-rental-mc.com\/#website\",\"url\":\"https:\/\/luxury-rental-mc.com\/\",\"name\":\"Luxury Car Rentals | Monaco, Nice, Cannes, Saint-Tropez\",\"description\":\"Rent the finest brands : Porsche, Ferrari, Lamborghini, Mercedes...\",\"potentialAction\":[{\"@type\":\"SearchAction\",\"target\":{\"@type\":\"EntryPoint\",\"urlTemplate\":\"https:\/\/luxury-rental-mc.com\/?s={search_term_string}\"},\"query-input\":\"required name=search_term_string\"}],\"inLanguage\":\"fr-FR\"}]}<\/script>\n<!-- \/ Yoast SEO plugin. -->","yoast_head_json":{"title":"Louer BMW la marque incontournable et abordable - LR MC","description":"BMW est une marque connue par tout le monde. Elle propose une large gamme de v\u00e9hicule de luxe de la citadine au 4x4 en passant par la berline.","robots":{"index":"index","follow":"follow","max-snippet":"max-snippet:-1","max-image-preview":"max-image-preview:large","max-video-preview":"max-video-preview:-1"},"canonical":"https:\/\/luxury-rental-mc.com\/fr\/bmw\/","og_locale":"fr_FR","og_type":"article","og_title":"Louer BMW la marque incontournable et abordable - LR MC","og_description":"BMW est une marque connue par tout le monde. Elle propose une large gamme de v\u00e9hicule de luxe de la citadine au 4x4 en passant par la berline.","og_url":"https:\/\/luxury-rental-mc.com\/fr\/bmw\/","og_site_name":"Luxury Car Rentals | Monaco, Nice, Cannes, Saint-Tropez","article_modified_time":"2016-09-12T10:22:14+00:00","og_image":[{"url":"https:\/\/luxury-rental-mc.com\/wp-content\/uploads\/2016\/09\/logo-bmw.jpg"}],"twitter_misc":{"Dur\u00e9e de lecture estim\u00e9e":"3 minutes"},"schema":{"@context":"https:\/\/schema.org","@graph":[{"@type":"WebPage","@id":"https:\/\/luxury-rental-mc.com\/fr\/bmw\/","url":"https:\/\/luxury-rental-mc.com\/fr\/bmw\/","name":"Louer BMW la marque incontournable et abordable - LR MC","isPartOf":{"@id":"https:\/\/luxury-rental-mc.com\/#website"},"datePublished":"2016-09-05T22:21:01+00:00","dateModified":"2016-09-12T10:22:14+00:00","description":"BMW est une marque connue par tout le monde. Elle propose une large gamme de v\u00e9hicule de luxe de la citadine au 4x4 en passant par la berline.","breadcrumb":{"@id":"https:\/\/luxury-rental-mc.com\/fr\/bmw\/#breadcrumb"},"inLanguage":"fr-FR","potentialAction":[{"@type":"ReadAction","target":["https:\/\/luxury-rental-mc.com\/fr\/bmw\/"]}]},{"@type":"BreadcrumbList","@id":"https:\/\/luxury-rental-mc.com\/fr\/bmw\/#breadcrumb","itemListElement":[{"@type":"ListItem","position":1,"name":"Accueil","item":"https:\/\/luxury-rental-mc.com\/fr\/"},{"@type":"ListItem","position":2,"name":"BMW"}]},{"@type":"WebSite","@id":"https:\/\/luxury-rental-mc.com\/#website","url":"https:\/\/luxury-rental-mc.com\/","name":"Luxury Car Rentals | Monaco, Nice, Cannes, Saint-Tropez","description":"Rent the finest brands : Porsche, Ferrari, Lamborghini, Mercedes...","potentialAction":[{"@type":"SearchAction","target":{"@type":"EntryPoint","urlTemplate":"https:\/\/luxury-rental-mc.com\/?s={search_term_string}"},"query-input":"required name=search_term_string"}],"inLanguage":"fr-FR"}]}},"_links":{"self":[{"href":"https:\/\/luxury-rental-mc.com\/fr\/wp-json\/wp\/v2\/pages\/9200\/"}],"collection":[{"href":"https:\/\/luxury-rental-mc.com\/fr\/wp-json\/wp\/v2\/pages\/"}],"about":[{"href":"https:\/\/luxury-rental-mc.com\/fr\/wp-json\/wp\/v2\/types\/page\/"}],"author":[{"embeddable":true,"href":"https:\/\/luxury-rental-mc.com\/fr\/wp-json\/wp\/v2\/users\/2\/"}],"replies":[{"embeddable":true,"href":"https:\/\/luxury-rental-mc.com\/fr\/wp-json\/wp\/v2\/comments\/?post=9200"}],"version-history":[{"count":4,"href":"https:\/\/luxury-rental-mc.com\/fr\/wp-json\/wp\/v2\/pages\/9200\/revisions\/"}],"predecessor-version":[{"id":9348,"href":"https:\/\/luxury-rental-mc.com\/fr\/wp-json\/wp\/v2\/pages\/9200\/revisions\/9348\/"}],"wp:attachment":[{"href":"https:\/\/luxury-rental-mc.com\/fr\/wp-json\/wp\/v2\/media\/?parent=9200"}],"curies":[{"name":"wp","href":"https:\/\/api.w.org\/{rel}","templated":true}]}}