{"id":9202,"date":"2016-09-06T00:28:45","date_gmt":"2016-09-05T22:28:45","guid":{"rendered":"https:\/\/luxury-rental-mc.com\/fr\/?page_id=9202"},"modified":"2016-09-12T12:19:05","modified_gmt":"2016-09-12T10:19:05","slug":"bentley","status":"publish","type":"page","link":"https:\/\/luxury-rental-mc.com\/fr\/bentley\/","title":{"rendered":"Bentley"},"content":{"rendered":"[vc_row][vc_column][vc_column_text]\n<h1>La classe anglaise : Bentley<\/h1>\n<p><img loading=\"lazy\" class=\"aligncenter wp-image-9204 size-full\" src=\"https:\/\/luxury-rental-mc.com\/wp-content\/uploads\/2016\/09\/logo-bentley.jpg\" alt=\"louer bentley\" width=\"234\" height=\"216\" \/><\/p>\n<p>&nbsp;<\/p>\n<p style=\"text-align: justify;\">Dans les constructeurs d&rsquo;automobiles de luxe et de course on ne peut pas passer \u00e0 c\u00f4t\u00e9 du constructeur anglais Bentley. Constructeur bas\u00e9 en Angleterre \u00e0 Crewe, cette soci\u00e9t\u00e9 a \u00e9t\u00e9 fond\u00e9e par Walter Owen Bentley le 18 janvier 1919.<\/p>\n<p style=\"text-align: justify;\">Suite \u00e0 des soucis financiers la soci\u00e9t\u00e9 a \u00e9t\u00e9 rachet\u00e9e en 1998 par le groupe allemand Volkswagen.<\/p>\n<p style=\"text-align: justify;\">Bentley a notamment obtenu cinq victoires au 24h du Mans avec ses voitures de courses dans les ann\u00e9es 1920 avec une voiture propuls\u00e9e par un moteur exceptionnel.<\/p>\n<p style=\"text-align: justify;\">Que serait une agence de location de v\u00e9hicule de luxe sans la gamme Bentley ? Mc Luxury Rental vous propose cinq mod\u00e8les de cette incroyable marque anglaise.<\/p>\n<p style=\"text-align: justify;\"><img loading=\"lazy\" class=\"size-full wp-image-9205 alignleft\" src=\"https:\/\/luxury-rental-mc.com\/wp-content\/uploads\/2016\/09\/louer-bentayga-cannes.jpg\" alt=\"louer bentayga Cannes\" width=\"275\" height=\"183\" srcset=\"https:\/\/luxury-rental-mc.com\/wp-content\/uploads\/2016\/09\/louer-bentayga-cannes.jpg 275w, https:\/\/luxury-rental-mc.com\/wp-content\/uploads\/2016\/09\/louer-bentayga-cannes-150x100.jpg 150w\" sizes=\"(max-width: 275px) 100vw, 275px\" \/>Tout d&rsquo;abord le dernier mod\u00e8le de la marque : le Bentayga. Un SUV commercialis\u00e9 depuis 2016. Comme toutes les grandes marques d&rsquo;automobiles Bentley a sorti son 4&#215;4. Un v\u00e9hicule imposant, long mais caract\u00e9ristique de la marque. Le design reste dans le m\u00eame esprit que les mod\u00e8les pr\u00e9c\u00e9dents. Une voiture qui a fait sensation \u00e0 sa sortie et qui fait partie de la gamme des SUV \/ 4&#215;4 de luxe.<\/p>\n<h2 style=\"text-align: justify;\">Bentley et ses noms mythiques<\/h2>\n<p style=\"text-align: justify;\">Le mod\u00e8le Mulsanne est tr\u00e8s connue car son nom vient du circuit des 24h du Mans que la marque a gagn\u00e9 \u00e0 plusieurs reprises. Une incroyable limousine \u00e0 l&rsquo;int\u00e9rieur spacieux et luxueux. Tout de cuir v\u00eatu \u00e0 l&rsquo;int\u00e9rieur avec un moteur de 512 chevaux vous aurez plaisir \u00e0 conduire un tel v\u00e9hicule. Le design ne d\u00e9\u00e7oit personne, le moteur est \u00e0 la hauteur, tenue de route parfaite. C&rsquo;est LA limousine pour vos rendez-vous ou vos sorties.<\/p>\n<p style=\"text-align: justify;\">La Bentley Flying Spure est quant \u00e0 elle une berline. Une berline de luxe, haut de gamme comme tous les mod\u00e8les de la marque. Puissante gr\u00e2ce \u00e0 son moteur de 560 chevaux, son design est allong\u00e9, l&rsquo;arri\u00e8re est plus fin que l&rsquo;avant mais l&rsquo;espace interne est satisfaisant. Une berline parfaite pour des longs trajets. Vous ne verrez plus le temps passer \u00e0 bord de la Flying <img loading=\"lazy\" class=\"size-medium wp-image-9203 alignright\" src=\"https:\/\/luxury-rental-mc.com\/wp-content\/uploads\/2016\/09\/location-bentley-mulsanne-300x164.jpg\" alt=\"location bentley mulsanne\" width=\"300\" height=\"164\" srcset=\"https:\/\/luxury-rental-mc.com\/wp-content\/uploads\/2016\/09\/location-bentley-mulsanne-300x164.jpg 300w, https:\/\/luxury-rental-mc.com\/wp-content\/uploads\/2016\/09\/location-bentley-mulsanne.jpg 303w\" sizes=\"(max-width: 300px) 100vw, 300px\" \/>Spure.<\/p>\n<p style=\"text-align: justify;\">Et enfin nous pr\u00e9sentons \u00e9galement les mod\u00e8les Continental GT et GTC. Deux mod\u00e8les \u00e0 l&rsquo;apparence similaire. Le mod\u00e8le Continental GT est un coup\u00e9 de 2,3 tonnes, premier mod\u00e8le \u00e0 voir le jour apr\u00e8s la reprise par le groupe Volkswagen. Un coup\u00e9 de luxe, \u00e9l\u00e9gant, tout en longueur, avec un moteur puissant. La version GTC a le m\u00eame design ext\u00e9rieur mais son atout est le toit ouvrant.<\/p>\n<p style=\"text-align: justify;\">Un ensemble de mod\u00e8les de luxe passant du 4&#215;4 Bentley \u00e0 la berline mais toujours \u00e0 la pointe de la technologie et dot\u00e9s d&rsquo;un moteur puissant. Mc Luxury Rental vous met \u00e0 disposition les meilleurs mod\u00e8les de la marque.<\/p>\n[\/vc_column_text][\/vc_column][\/vc_row]\n","protected":false},"excerpt":{"rendered":"<p>[vc_row][vc_column][vc_column_text] La classe anglaise : Bentley &nbsp; Dans les constructeurs d&rsquo;automobiles de luxe et de course on ne peut pas passer \u00e0 c\u00f4t\u00e9 du constructeur anglais Bentley. Constructeur bas\u00e9 en Angleterre \u00e0 Crewe, cette soci\u00e9t\u00e9 a \u00e9t\u00e9 fond\u00e9e par Walter Owen Bentley le 18 janvier 1919. Suite \u00e0 des soucis financiers la soci\u00e9t\u00e9 a \u00e9t\u00e9 [&hellip;]<\/p>\n","protected":false},"author":2,"featured_media":0,"parent":0,"menu_order":0,"comment_status":"closed","ping_status":"closed","template":"","meta":{"_monsterinsights_skip_tracking":false,"_monsterinsights_sitenote_active":false,"_monsterinsights_sitenote_note":"","_monsterinsights_sitenote_category":0},"yoast_head":"<!-- This site is optimized with the Yoast SEO plugin v20.3 - https:\/\/yoast.com\/wordpress\/plugins\/seo\/ -->\n<title>Loaction Bentley, marque anglaise de voiture de luxe - LR MC<\/title>\n<meta name=\"description\" content=\"Bentley est une marque anglaise de luxe qui est de tr\u00e8s bonne qualit\u00e9. Elle pr\u00e9sente des limousines incroyables ainsi qu&#039;un nouveau mod\u00e8le 4x4.\" \/>\n<meta name=\"robots\" content=\"index, follow, max-snippet:-1, max-image-preview:large, max-video-preview:-1\" \/>\n<link rel=\"canonical\" href=\"https:\/\/luxury-rental-mc.com\/fr\/bentley\/\" \/>\n<meta property=\"og:locale\" content=\"fr_FR\" \/>\n<meta property=\"og:type\" content=\"article\" \/>\n<meta property=\"og:title\" content=\"Loaction Bentley, marque anglaise de voiture de luxe - LR MC\" \/>\n<meta property=\"og:description\" content=\"Bentley est une marque anglaise de luxe qui est de tr\u00e8s bonne qualit\u00e9. Elle pr\u00e9sente des limousines incroyables ainsi qu&#039;un nouveau mod\u00e8le 4x4.\" \/>\n<meta property=\"og:url\" content=\"https:\/\/luxury-rental-mc.com\/fr\/bentley\/\" \/>\n<meta property=\"og:site_name\" content=\"Luxury Car Rentals | Monaco, Nice, Cannes, Saint-Tropez\" \/>\n<meta property=\"article:modified_time\" content=\"2016-09-12T10:19:05+00:00\" \/>\n<meta property=\"og:image\" content=\"https:\/\/luxury-rental-mc.com\/wp-content\/uploads\/2016\/09\/logo-bentley.jpg\" \/>\n<meta name=\"twitter:label1\" content=\"Dur\u00e9e de lecture estim\u00e9e\" \/>\n\t<meta name=\"twitter:data1\" content=\"2 minutes\" \/>\n<script type=\"application\/ld+json\" class=\"yoast-schema-graph\">{\"@context\":\"https:\/\/schema.org\",\"@graph\":[{\"@type\":\"WebPage\",\"@id\":\"https:\/\/luxury-rental-mc.com\/fr\/bentley\/\",\"url\":\"https:\/\/luxury-rental-mc.com\/fr\/bentley\/\",\"name\":\"Loaction Bentley, marque anglaise de voiture de luxe - LR MC\",\"isPartOf\":{\"@id\":\"https:\/\/luxury-rental-mc.com\/#website\"},\"datePublished\":\"2016-09-05T22:28:45+00:00\",\"dateModified\":\"2016-09-12T10:19:05+00:00\",\"description\":\"Bentley est une marque anglaise de luxe qui est de tr\u00e8s bonne qualit\u00e9. Elle pr\u00e9sente des limousines incroyables ainsi qu'un nouveau mod\u00e8le 4x4.\",\"breadcrumb\":{\"@id\":\"https:\/\/luxury-rental-mc.com\/fr\/bentley\/#breadcrumb\"},\"inLanguage\":\"fr-FR\",\"potentialAction\":[{\"@type\":\"ReadAction\",\"target\":[\"https:\/\/luxury-rental-mc.com\/fr\/bentley\/\"]}]},{\"@type\":\"BreadcrumbList\",\"@id\":\"https:\/\/luxury-rental-mc.com\/fr\/bentley\/#breadcrumb\",\"itemListElement\":[{\"@type\":\"ListItem\",\"position\":1,\"name\":\"Accueil\",\"item\":\"https:\/\/luxury-rental-mc.com\/fr\/\"},{\"@type\":\"ListItem\",\"position\":2,\"name\":\"Bentley\"}]},{\"@type\":\"WebSite\",\"@id\":\"https:\/\/luxury-rental-mc.com\/#website\",\"url\":\"https:\/\/luxury-rental-mc.com\/\",\"name\":\"Luxury Car Rentals | Monaco, Nice, Cannes, Saint-Tropez\",\"description\":\"Rent the finest brands : Porsche, Ferrari, Lamborghini, Mercedes...\",\"potentialAction\":[{\"@type\":\"SearchAction\",\"target\":{\"@type\":\"EntryPoint\",\"urlTemplate\":\"https:\/\/luxury-rental-mc.com\/?s={search_term_string}\"},\"query-input\":\"required name=search_term_string\"}],\"inLanguage\":\"fr-FR\"}]}<\/script>\n<!-- \/ Yoast SEO plugin. -->","yoast_head_json":{"title":"Loaction Bentley, marque anglaise de voiture de luxe - LR MC","description":"Bentley est une marque anglaise de luxe qui est de tr\u00e8s bonne qualit\u00e9. Elle pr\u00e9sente des limousines incroyables ainsi qu'un nouveau mod\u00e8le 4x4.","robots":{"index":"index","follow":"follow","max-snippet":"max-snippet:-1","max-image-preview":"max-image-preview:large","max-video-preview":"max-video-preview:-1"},"canonical":"https:\/\/luxury-rental-mc.com\/fr\/bentley\/","og_locale":"fr_FR","og_type":"article","og_title":"Loaction Bentley, marque anglaise de voiture de luxe - LR MC","og_description":"Bentley est une marque anglaise de luxe qui est de tr\u00e8s bonne qualit\u00e9. Elle pr\u00e9sente des limousines incroyables ainsi qu'un nouveau mod\u00e8le 4x4.","og_url":"https:\/\/luxury-rental-mc.com\/fr\/bentley\/","og_site_name":"Luxury Car Rentals | Monaco, Nice, Cannes, Saint-Tropez","article_modified_time":"2016-09-12T10:19:05+00:00","og_image":[{"url":"https:\/\/luxury-rental-mc.com\/wp-content\/uploads\/2016\/09\/logo-bentley.jpg"}],"twitter_misc":{"Dur\u00e9e de lecture estim\u00e9e":"2 minutes"},"schema":{"@context":"https:\/\/schema.org","@graph":[{"@type":"WebPage","@id":"https:\/\/luxury-rental-mc.com\/fr\/bentley\/","url":"https:\/\/luxury-rental-mc.com\/fr\/bentley\/","name":"Loaction Bentley, marque anglaise de voiture de luxe - LR MC","isPartOf":{"@id":"https:\/\/luxury-rental-mc.com\/#website"},"datePublished":"2016-09-05T22:28:45+00:00","dateModified":"2016-09-12T10:19:05+00:00","description":"Bentley est une marque anglaise de luxe qui est de tr\u00e8s bonne qualit\u00e9. Elle pr\u00e9sente des limousines incroyables ainsi qu'un nouveau mod\u00e8le 4x4.","breadcrumb":{"@id":"https:\/\/luxury-rental-mc.com\/fr\/bentley\/#breadcrumb"},"inLanguage":"fr-FR","potentialAction":[{"@type":"ReadAction","target":["https:\/\/luxury-rental-mc.com\/fr\/bentley\/"]}]},{"@type":"BreadcrumbList","@id":"https:\/\/luxury-rental-mc.com\/fr\/bentley\/#breadcrumb","itemListElement":[{"@type":"ListItem","position":1,"name":"Accueil","item":"https:\/\/luxury-rental-mc.com\/fr\/"},{"@type":"ListItem","position":2,"name":"Bentley"}]},{"@type":"WebSite","@id":"https:\/\/luxury-rental-mc.com\/#website","url":"https:\/\/luxury-rental-mc.com\/","name":"Luxury Car Rentals | Monaco, Nice, Cannes, Saint-Tropez","description":"Rent the finest brands : Porsche, Ferrari, Lamborghini, Mercedes...","potentialAction":[{"@type":"SearchAction","target":{"@type":"EntryPoint","urlTemplate":"https:\/\/luxury-rental-mc.com\/?s={search_term_string}"},"query-input":"required name=search_term_string"}],"inLanguage":"fr-FR"}]}},"_links":{"self":[{"href":"https:\/\/luxury-rental-mc.com\/fr\/wp-json\/wp\/v2\/pages\/9202\/"}],"collection":[{"href":"https:\/\/luxury-rental-mc.com\/fr\/wp-json\/wp\/v2\/pages\/"}],"about":[{"href":"https:\/\/luxury-rental-mc.com\/fr\/wp-json\/wp\/v2\/types\/page\/"}],"author":[{"embeddable":true,"href":"https:\/\/luxury-rental-mc.com\/fr\/wp-json\/wp\/v2\/users\/2\/"}],"replies":[{"embeddable":true,"href":"https:\/\/luxury-rental-mc.com\/fr\/wp-json\/wp\/v2\/comments\/?post=9202"}],"version-history":[{"count":5,"href":"https:\/\/luxury-rental-mc.com\/fr\/wp-json\/wp\/v2\/pages\/9202\/revisions\/"}],"predecessor-version":[{"id":9346,"href":"https:\/\/luxury-rental-mc.com\/fr\/wp-json\/wp\/v2\/pages\/9202\/revisions\/9346\/"}],"wp:attachment":[{"href":"https:\/\/luxury-rental-mc.com\/fr\/wp-json\/wp\/v2\/media\/?parent=9202"}],"curies":[{"name":"wp","href":"https:\/\/api.w.org\/{rel}","templated":true}]}}