{"id":9219,"date":"2016-09-06T00:57:56","date_gmt":"2016-09-05T22:57:56","guid":{"rendered":"https:\/\/luxury-rental-mc.com\/fr\/?page_id=9219"},"modified":"2016-09-12T02:12:06","modified_gmt":"2016-09-12T00:12:06","slug":"audi","status":"publish","type":"page","link":"https:\/\/luxury-rental-mc.com\/fr\/audi\/","title":{"rendered":"Audi"},"content":{"rendered":"[vc_row][vc_column][vc_column_text]\n<h1>Luxueuse marque pour tous : Audi<\/h1>\n<p><img loading=\"lazy\" class=\"aligncenter wp-image-9216 size-medium\" src=\"https:\/\/luxury-rental-mc.com\/wp-content\/uploads\/2016\/09\/logo-audi-300x158.jpg\" alt=\"location audi\" width=\"300\" height=\"158\" srcset=\"https:\/\/luxury-rental-mc.com\/wp-content\/uploads\/2016\/09\/logo-audi-300x158.jpg 300w, https:\/\/luxury-rental-mc.com\/wp-content\/uploads\/2016\/09\/logo-audi.jpg 309w\" sizes=\"(max-width: 300px) 100vw, 300px\" \/><\/p>\n<p style=\"text-align: justify;\">Audi est un constructeur automobile de luxe allemand, le si\u00e8ge social se situant en bavi\u00e8re. Faisant partie du groupe Volkswagen pour des raisons financi\u00e8re, Audi produit notamment des voitures de luxe pour les particuliers mais aussi des voitures de sport. C&rsquo;est une marque tr\u00e8s r\u00e9put\u00e9e dans le monde. Son fondateur est August Horch et Audi signifie \u00ab\u00a0\u00e9couter\u00a0\u00bb en latin. La premi\u00e8re automobile\u00a0 d&rsquo;Audi est produite en 1910 \u00e0 Zwickau. Audi et ses diff\u00e9rentes usines ont connu de nombreuses difficult\u00e9s durant la Seconde Guerre Mondiale.<\/p>\n<p style=\"text-align: justify;\">Son logo avec les quatre anneaux repr\u00e9sente quatre marques qui ont fusionn\u00e9es lors des difficult\u00e9s \u00e9conomiques du groupe.<\/p>\n<p style=\"text-align: justify;\">La soci\u00e9t\u00e9 Mc Luxury Rental travaille depuis des ann\u00e9es avec ce constructeur pour ses qualit\u00e9s, son s\u00e9rieux, sa fiabilit\u00e9 et son design.<\/p>\n<p style=\"text-align: justify;\">Nous mettons \u00e0 votre disposition un large choix de v\u00e9hicules de luxe dont notamment les mod\u00e8les Audi en partant de la petite Audi citadine comme l&rsquo;Audi A1 \u00e0 l&rsquo;Audi sportive R8.\u00a0<img loading=\"lazy\" class=\"size-full wp-image-9217 alignright\" src=\"https:\/\/luxury-rental-mc.com\/wp-content\/uploads\/2016\/09\/louer-audi-nice.jpg\" alt=\"louer audi nice\" width=\"275\" height=\"183\" srcset=\"https:\/\/luxury-rental-mc.com\/wp-content\/uploads\/2016\/09\/louer-audi-nice.jpg 275w, https:\/\/luxury-rental-mc.com\/wp-content\/uploads\/2016\/09\/louer-audi-nice-150x100.jpg 150w\" sizes=\"(max-width: 275px) 100vw, 275px\" \/><\/p>\n<p style=\"text-align: justify;\">En effet, l&rsquo;Audi A1 est une petite citadine pratique pour vos s\u00e9jours dans les villes afin de se promener en toute tranquillit\u00e9. Sa taille compacte est pratique pour le stationnement. Son design est \u00e9l\u00e9gant et sa tenue de route irr\u00e9prochable,une citadine 3 portes. L&rsquo;Audi A3 est une citadine similaire mais plus grande, elle dispose de 5 portes, son habitacle est plus spacieux. On est entre la citadine et la routi\u00e8re, elle vous conviendra pour des voyages plus long.<\/p>\n<h2 style=\"text-align: justify;\">Des mod\u00e8les Audi plus spacieux<\/h2>\n<p style=\"text-align: justify;\">Dans la gamme routi\u00e8re les mod\u00e8les les plus pris\u00e9s et disponibles chez Mc Luxury Rental sont l&rsquo;Audi A5 et A6. L&rsquo;Audi A5 est un mod\u00e8le coup\u00e9 \u00e9l\u00e9gant. Sa nouvelle version se distingue de l&rsquo;Audi A4. Son habitacle est tr\u00e8s technologique avec de nombreuses options. C&rsquo;est une version trois portes mais tout de m\u00eame assez pratique pour un s\u00e9jour, un trajet \u00e0 plusieurs. La version pr\u00e9sent\u00e9e par notre soci\u00e9t\u00e9 est cabriolet ce qui ajoute un atout charme \u00e0 la berline.\u00a0 L&rsquo;Audi A6 est une berline de luxe tricorps. El\u00e9gante, dynamique, vous ne serez pas d\u00e9\u00e7us par la location de ce mod\u00e8le. Spacieux, design lin\u00e9aire, tenue de route impeccable, habitacle dot\u00e9 de technologie voici tous les \u00e9l\u00e9ments qui ne vous laisseront pas indiff\u00e9rent.<\/p>\n<p style=\"text-align: justify;\">Mc Luxury Rental propose \u00e9galement \u00e0 la location des mod\u00e8les deux places et sportif de la marque allemande Audi.<\/p>\n<p style=\"text-align: justify;\"><img loading=\"lazy\" class=\"size-full wp-image-9214 alignleft\" src=\"https:\/\/luxury-rental-mc.com\/wp-content\/uploads\/2016\/09\/audi-4x4-location.jpg\" alt=\"audi 4x4 location\" width=\"275\" height=\"183\" srcset=\"https:\/\/luxury-rental-mc.com\/wp-content\/uploads\/2016\/09\/audi-4x4-location.jpg 275w, https:\/\/luxury-rental-mc.com\/wp-content\/uploads\/2016\/09\/audi-4x4-location-150x100.jpg 150w\" sizes=\"(max-width: 275px) 100vw, 275px\" \/>Tout d&rsquo;abord un mod\u00e8le sportif en vogue qui est l&rsquo;Audi TT. Coup\u00e9 deux portes c&rsquo;est un mod\u00e8le au design a\u00e9rodynamique pouvant aller jusqu&rsquo;\u00e0 250 km\/h.<\/p>\n<p style=\"text-align: justify;\">Les mod\u00e8les de luxe sportifs pr\u00e9sent\u00e9 par la soci\u00e9t\u00e9 \u00e0 la location sont la R8 V8 coup\u00e9 et la R8 V10 Spider. Ces deux mod\u00e8les sont globalement les m\u00eames du point de vue du design, bien que la spider soit d\u00e9capotable ce qui rend la voiture encore plus pris\u00e9e. Ce mod\u00e8le est justement plus r\u00e9cent que la R8 V8 Coup\u00e9 et plus dynamique puisque dot\u00e9e d&rsquo;un V10.<\/p>\n<p style=\"text-align: justify;\">Audi s&rsquo;implante dans le monde entier gr\u00e2ce \u00e0 sa notori\u00e9t\u00e9 et sa qualit\u00e9 acquise pays apr\u00e8s pays. Un service irr\u00e9prochable et des mod\u00e8les prestigieux, que demander de plus ?<\/p>\n<p style=\"text-align: justify;\">Mc Luxury Rental trouve la meilleure solution pour vos besoins et votre budget.\u00a0<img loading=\"lazy\" class=\"size-full wp-image-9215 alignright\" src=\"https:\/\/luxury-rental-mc.com\/wp-content\/uploads\/2016\/09\/location-audi-r8.jpg\" alt=\"rent a audi r8\" width=\"295\" height=\"171\" \/><\/p>\n<p style=\"text-align: justify;\">Venez d\u00e9couvrir Audi \u00e0 nos c\u00f4t\u00e9s!<\/p>\n[\/vc_column_text][\/vc_column][\/vc_row]\n","protected":false},"excerpt":{"rendered":"<p>[vc_row][vc_column][vc_column_text] Luxueuse marque pour tous : Audi Audi est un constructeur automobile de luxe allemand, le si\u00e8ge social se situant en bavi\u00e8re. Faisant partie du groupe Volkswagen pour des raisons financi\u00e8re, Audi produit notamment des voitures de luxe pour les particuliers mais aussi des voitures de sport. C&rsquo;est une marque tr\u00e8s r\u00e9put\u00e9e dans le monde. [&hellip;]<\/p>\n","protected":false},"author":2,"featured_media":0,"parent":0,"menu_order":0,"comment_status":"closed","ping_status":"closed","template":"","meta":{"_monsterinsights_skip_tracking":false,"_monsterinsights_sitenote_active":false,"_monsterinsights_sitenote_note":"","_monsterinsights_sitenote_category":0},"yoast_head":"<!-- This site is optimized with the Yoast SEO plugin v20.3 - https:\/\/yoast.com\/wordpress\/plugins\/seo\/ -->\n<title>Location Audi : la marque d&#039;automobile accessible - LR MC<\/title>\n<meta name=\"description\" content=\"Audi est une marque d&#039;automobile allemande. Mod\u00e8les sportifs et puissants mais accessibles \u00e0 tous m\u00eame si certains sont chers. Louez une voiture ici !\" \/>\n<meta name=\"robots\" content=\"index, follow, max-snippet:-1, max-image-preview:large, max-video-preview:-1\" \/>\n<link rel=\"canonical\" href=\"https:\/\/luxury-rental-mc.com\/fr\/audi\/\" \/>\n<meta property=\"og:locale\" content=\"fr_FR\" \/>\n<meta property=\"og:type\" content=\"article\" \/>\n<meta property=\"og:title\" content=\"Location Audi : la marque d&#039;automobile accessible - LR MC\" \/>\n<meta property=\"og:description\" content=\"Audi est une marque d&#039;automobile allemande. Mod\u00e8les sportifs et puissants mais accessibles \u00e0 tous m\u00eame si certains sont chers. Louez une voiture ici !\" \/>\n<meta property=\"og:url\" content=\"https:\/\/luxury-rental-mc.com\/fr\/audi\/\" \/>\n<meta property=\"og:site_name\" content=\"Luxury Car Rentals | Monaco, Nice, Cannes, Saint-Tropez\" \/>\n<meta property=\"article:modified_time\" content=\"2016-09-12T00:12:06+00:00\" \/>\n<meta property=\"og:image\" content=\"https:\/\/luxury-rental-mc.com\/wp-content\/uploads\/2016\/09\/logo-audi-300x158.jpg\" \/>\n<meta name=\"twitter:label1\" content=\"Dur\u00e9e de lecture estim\u00e9e\" \/>\n\t<meta name=\"twitter:data1\" content=\"3 minutes\" \/>\n<script type=\"application\/ld+json\" class=\"yoast-schema-graph\">{\"@context\":\"https:\/\/schema.org\",\"@graph\":[{\"@type\":\"WebPage\",\"@id\":\"https:\/\/luxury-rental-mc.com\/fr\/audi\/\",\"url\":\"https:\/\/luxury-rental-mc.com\/fr\/audi\/\",\"name\":\"Location Audi : la marque d'automobile accessible - LR MC\",\"isPartOf\":{\"@id\":\"https:\/\/luxury-rental-mc.com\/#website\"},\"datePublished\":\"2016-09-05T22:57:56+00:00\",\"dateModified\":\"2016-09-12T00:12:06+00:00\",\"description\":\"Audi est une marque d'automobile allemande. Mod\u00e8les sportifs et puissants mais accessibles \u00e0 tous m\u00eame si certains sont chers. Louez une voiture ici !\",\"breadcrumb\":{\"@id\":\"https:\/\/luxury-rental-mc.com\/fr\/audi\/#breadcrumb\"},\"inLanguage\":\"fr-FR\",\"potentialAction\":[{\"@type\":\"ReadAction\",\"target\":[\"https:\/\/luxury-rental-mc.com\/fr\/audi\/\"]}]},{\"@type\":\"BreadcrumbList\",\"@id\":\"https:\/\/luxury-rental-mc.com\/fr\/audi\/#breadcrumb\",\"itemListElement\":[{\"@type\":\"ListItem\",\"position\":1,\"name\":\"Accueil\",\"item\":\"https:\/\/luxury-rental-mc.com\/fr\/\"},{\"@type\":\"ListItem\",\"position\":2,\"name\":\"Audi\"}]},{\"@type\":\"WebSite\",\"@id\":\"https:\/\/luxury-rental-mc.com\/#website\",\"url\":\"https:\/\/luxury-rental-mc.com\/\",\"name\":\"Luxury Car Rentals | Monaco, Nice, Cannes, Saint-Tropez\",\"description\":\"Rent the finest brands : Porsche, Ferrari, Lamborghini, Mercedes...\",\"potentialAction\":[{\"@type\":\"SearchAction\",\"target\":{\"@type\":\"EntryPoint\",\"urlTemplate\":\"https:\/\/luxury-rental-mc.com\/?s={search_term_string}\"},\"query-input\":\"required name=search_term_string\"}],\"inLanguage\":\"fr-FR\"}]}<\/script>\n<!-- \/ Yoast SEO plugin. -->","yoast_head_json":{"title":"Location Audi : la marque d'automobile accessible - LR MC","description":"Audi est une marque d'automobile allemande. Mod\u00e8les sportifs et puissants mais accessibles \u00e0 tous m\u00eame si certains sont chers. Louez une voiture ici !","robots":{"index":"index","follow":"follow","max-snippet":"max-snippet:-1","max-image-preview":"max-image-preview:large","max-video-preview":"max-video-preview:-1"},"canonical":"https:\/\/luxury-rental-mc.com\/fr\/audi\/","og_locale":"fr_FR","og_type":"article","og_title":"Location Audi : la marque d'automobile accessible - LR MC","og_description":"Audi est une marque d'automobile allemande. Mod\u00e8les sportifs et puissants mais accessibles \u00e0 tous m\u00eame si certains sont chers. Louez une voiture ici !","og_url":"https:\/\/luxury-rental-mc.com\/fr\/audi\/","og_site_name":"Luxury Car Rentals | Monaco, Nice, Cannes, Saint-Tropez","article_modified_time":"2016-09-12T00:12:06+00:00","og_image":[{"url":"https:\/\/luxury-rental-mc.com\/wp-content\/uploads\/2016\/09\/logo-audi-300x158.jpg"}],"twitter_misc":{"Dur\u00e9e de lecture estim\u00e9e":"3 minutes"},"schema":{"@context":"https:\/\/schema.org","@graph":[{"@type":"WebPage","@id":"https:\/\/luxury-rental-mc.com\/fr\/audi\/","url":"https:\/\/luxury-rental-mc.com\/fr\/audi\/","name":"Location Audi : la marque d'automobile accessible - LR MC","isPartOf":{"@id":"https:\/\/luxury-rental-mc.com\/#website"},"datePublished":"2016-09-05T22:57:56+00:00","dateModified":"2016-09-12T00:12:06+00:00","description":"Audi est une marque d'automobile allemande. Mod\u00e8les sportifs et puissants mais accessibles \u00e0 tous m\u00eame si certains sont chers. Louez une voiture ici !","breadcrumb":{"@id":"https:\/\/luxury-rental-mc.com\/fr\/audi\/#breadcrumb"},"inLanguage":"fr-FR","potentialAction":[{"@type":"ReadAction","target":["https:\/\/luxury-rental-mc.com\/fr\/audi\/"]}]},{"@type":"BreadcrumbList","@id":"https:\/\/luxury-rental-mc.com\/fr\/audi\/#breadcrumb","itemListElement":[{"@type":"ListItem","position":1,"name":"Accueil","item":"https:\/\/luxury-rental-mc.com\/fr\/"},{"@type":"ListItem","position":2,"name":"Audi"}]},{"@type":"WebSite","@id":"https:\/\/luxury-rental-mc.com\/#website","url":"https:\/\/luxury-rental-mc.com\/","name":"Luxury Car Rentals | Monaco, Nice, Cannes, Saint-Tropez","description":"Rent the finest brands : Porsche, Ferrari, Lamborghini, Mercedes...","potentialAction":[{"@type":"SearchAction","target":{"@type":"EntryPoint","urlTemplate":"https:\/\/luxury-rental-mc.com\/?s={search_term_string}"},"query-input":"required name=search_term_string"}],"inLanguage":"fr-FR"}]}},"_links":{"self":[{"href":"https:\/\/luxury-rental-mc.com\/fr\/wp-json\/wp\/v2\/pages\/9219\/"}],"collection":[{"href":"https:\/\/luxury-rental-mc.com\/fr\/wp-json\/wp\/v2\/pages\/"}],"about":[{"href":"https:\/\/luxury-rental-mc.com\/fr\/wp-json\/wp\/v2\/types\/page\/"}],"author":[{"embeddable":true,"href":"https:\/\/luxury-rental-mc.com\/fr\/wp-json\/wp\/v2\/users\/2\/"}],"replies":[{"embeddable":true,"href":"https:\/\/luxury-rental-mc.com\/fr\/wp-json\/wp\/v2\/comments\/?post=9219"}],"version-history":[{"count":4,"href":"https:\/\/luxury-rental-mc.com\/fr\/wp-json\/wp\/v2\/pages\/9219\/revisions\/"}],"predecessor-version":[{"id":9305,"href":"https:\/\/luxury-rental-mc.com\/fr\/wp-json\/wp\/v2\/pages\/9219\/revisions\/9305\/"}],"wp:attachment":[{"href":"https:\/\/luxury-rental-mc.com\/fr\/wp-json\/wp\/v2\/media\/?parent=9219"}],"curies":[{"name":"wp","href":"https:\/\/api.w.org\/{rel}","templated":true}]}}