{"id":9221,"date":"2016-09-06T01:09:27","date_gmt":"2016-09-05T23:09:27","guid":{"rendered":"https:\/\/luxury-rental-mc.com\/fr\/?page_id=9221"},"modified":"2016-09-12T12:15:50","modified_gmt":"2016-09-12T10:15:50","slug":"aston-martin","status":"publish","type":"page","link":"https:\/\/luxury-rental-mc.com\/fr\/aston-martin\/","title":{"rendered":"Aston Martin"},"content":{"rendered":"[vc_row][vc_column][vc_column_text]\n<h1>Aston Martin et la puissance<\/h1>\n<p><img loading=\"lazy\" class=\"aligncenter wp-image-9223 size-full\" src=\"https:\/\/luxury-rental-mc.com\/wp-content\/uploads\/2016\/09\/logo-aston-martin.jpg\" alt=\"louer aston martin\" width=\"259\" height=\"194\" \/><\/p>\n<p style=\"text-align: justify;\">Aston Martin est une marque anglaise de voiture de luxe et de course, elle a \u00e9t\u00e9 cr\u00e9\u00e9e en 1913 par Lionel Martin et Robert Bamford. Son si\u00e8ge est \u00e0 Gaydon, destin\u00e9e \u00e0 concurrencer la marque Bugatti au d\u00e9part. Apr\u00e8s plusieurs probl\u00e8mes financiers et suites aux guerres c&rsquo;est David Richards, John Sinders et deux soci\u00e9t\u00e9s kowe\u00eftiennes qui deviennent les nouveaux propri\u00e9taires de la marque Aston Martin.<\/p>\n<p style=\"text-align: justify;\"><img loading=\"lazy\" class=\"size-full wp-image-9222 alignleft\" src=\"https:\/\/luxury-rental-mc.com\/wp-content\/uploads\/2016\/09\/location-aston-martin.jpg\" alt=\"location aston martin\" width=\"275\" height=\"183\" srcset=\"https:\/\/luxury-rental-mc.com\/wp-content\/uploads\/2016\/09\/location-aston-martin.jpg 275w, https:\/\/luxury-rental-mc.com\/wp-content\/uploads\/2016\/09\/location-aston-martin-150x100.jpg 150w\" sizes=\"(max-width: 275px) 100vw, 275px\" \/>David Richards est connu pour avoir remport\u00e9 le championnat du monde des rallyes en 1981 et pour diriger depuis 1984 la soci\u00e9t\u00e9 anglaise Prodrive qui fabrique des pi\u00e8ces automobiles pour voitures de courses. Aston Martin fait maintenant partie de la filiale Prodrive.<\/p>\n<h2 style=\"text-align: justify;\">Aston Martin une star au cin\u00e9ma<\/h2>\n<p style=\"text-align: justify;\">Aston Martin est reconnue gr\u00e2ce \u00e0 sa qualit\u00e9 mais aussi pour \u00eatre la marque de voiture dans les films de James Bond.<\/p>\n<p style=\"text-align: justify;\">Mc Luxury Rental vous pr\u00e9sente l&rsquo;Aston Martin DB9 avec une carrosserie mixte permettant une meilleure r\u00e9partition des masses, une bo\u00eete de vitesse 6 rapports et un moteur avant tr\u00e8s recul\u00e9. La DB9 arrive sur le march\u00e9 afin de rendre la marque plus accessible car son prix est moins cher que la Vanquish.<\/p>\n<p style=\"text-align: justify;\">Dot\u00e9e d&rsquo;un moteur V12 de 6 litres d\u00e9veloppant 477 chevaux avec une vitesse maximale de 306 km\/h. C&rsquo;est un mod\u00e8le sportif et puissant pour les passionn\u00e9s de vitesse.\u00a0<img loading=\"lazy\" class=\"size-full wp-image-9224 alignright\" src=\"https:\/\/luxury-rental-mc.com\/wp-content\/uploads\/2016\/09\/louer-db9.jpg\" alt=\"louer db9\" width=\"276\" height=\"183\" srcset=\"https:\/\/luxury-rental-mc.com\/wp-content\/uploads\/2016\/09\/louer-db9.jpg 276w, https:\/\/luxury-rental-mc.com\/wp-content\/uploads\/2016\/09\/louer-db9-150x100.jpg 150w\" sizes=\"(max-width: 276px) 100vw, 276px\" \/><\/p>\n<p style=\"text-align: justify;\">Venez d\u00e9couvrir ce mod\u00e8le et la marque Aston Martin chez Mc Luxury Rental pour des sensations fortes.<\/p>\n[\/vc_column_text][\/vc_column][\/vc_row]\n","protected":false},"excerpt":{"rendered":"<p>[vc_row][vc_column][vc_column_text] Aston Martin et la puissance Aston Martin est une marque anglaise de voiture de luxe et de course, elle a \u00e9t\u00e9 cr\u00e9\u00e9e en 1913 par Lionel Martin et Robert Bamford. Son si\u00e8ge est \u00e0 Gaydon, destin\u00e9e \u00e0 concurrencer la marque Bugatti au d\u00e9part. Apr\u00e8s plusieurs probl\u00e8mes financiers et suites aux guerres c&rsquo;est David Richards, [&hellip;]<\/p>\n","protected":false},"author":2,"featured_media":0,"parent":0,"menu_order":0,"comment_status":"closed","ping_status":"closed","template":"","meta":{"_monsterinsights_skip_tracking":false,"_monsterinsights_sitenote_active":false,"_monsterinsights_sitenote_note":"","_monsterinsights_sitenote_category":0},"yoast_head":"<!-- This site is optimized with the Yoast SEO plugin v20.3 - https:\/\/yoast.com\/wordpress\/plugins\/seo\/ -->\n<title>Louer une Aston Martin, marque de voiture de course - LR MC<\/title>\n<meta name=\"description\" content=\"Aston Martin est une marque de voiture de luxe qui existe depuis 1913. Ses mod\u00e8les sont tr\u00e8s puissants et modernes. Venez louer une Aston Martin ici !\" \/>\n<meta name=\"robots\" content=\"index, follow, max-snippet:-1, max-image-preview:large, max-video-preview:-1\" \/>\n<link rel=\"canonical\" href=\"https:\/\/luxury-rental-mc.com\/fr\/aston-martin\/\" \/>\n<meta property=\"og:locale\" content=\"fr_FR\" \/>\n<meta property=\"og:type\" content=\"article\" \/>\n<meta property=\"og:title\" content=\"Louer une Aston Martin, marque de voiture de course - LR MC\" \/>\n<meta property=\"og:description\" content=\"Aston Martin est une marque de voiture de luxe qui existe depuis 1913. Ses mod\u00e8les sont tr\u00e8s puissants et modernes. Venez louer une Aston Martin ici !\" \/>\n<meta property=\"og:url\" content=\"https:\/\/luxury-rental-mc.com\/fr\/aston-martin\/\" \/>\n<meta property=\"og:site_name\" content=\"Luxury Car Rentals | Monaco, Nice, Cannes, Saint-Tropez\" \/>\n<meta property=\"article:modified_time\" content=\"2016-09-12T10:15:50+00:00\" \/>\n<meta property=\"og:image\" content=\"https:\/\/luxury-rental-mc.com\/wp-content\/uploads\/2016\/09\/logo-aston-martin.jpg\" \/>\n<meta name=\"twitter:label1\" content=\"Dur\u00e9e de lecture estim\u00e9e\" \/>\n\t<meta name=\"twitter:data1\" content=\"1 minute\" \/>\n<script type=\"application\/ld+json\" class=\"yoast-schema-graph\">{\"@context\":\"https:\/\/schema.org\",\"@graph\":[{\"@type\":\"WebPage\",\"@id\":\"https:\/\/luxury-rental-mc.com\/fr\/aston-martin\/\",\"url\":\"https:\/\/luxury-rental-mc.com\/fr\/aston-martin\/\",\"name\":\"Louer une Aston Martin, marque de voiture de course - LR MC\",\"isPartOf\":{\"@id\":\"https:\/\/luxury-rental-mc.com\/#website\"},\"datePublished\":\"2016-09-05T23:09:27+00:00\",\"dateModified\":\"2016-09-12T10:15:50+00:00\",\"description\":\"Aston Martin est une marque de voiture de luxe qui existe depuis 1913. Ses mod\u00e8les sont tr\u00e8s puissants et modernes. Venez louer une Aston Martin ici !\",\"breadcrumb\":{\"@id\":\"https:\/\/luxury-rental-mc.com\/fr\/aston-martin\/#breadcrumb\"},\"inLanguage\":\"fr-FR\",\"potentialAction\":[{\"@type\":\"ReadAction\",\"target\":[\"https:\/\/luxury-rental-mc.com\/fr\/aston-martin\/\"]}]},{\"@type\":\"BreadcrumbList\",\"@id\":\"https:\/\/luxury-rental-mc.com\/fr\/aston-martin\/#breadcrumb\",\"itemListElement\":[{\"@type\":\"ListItem\",\"position\":1,\"name\":\"Accueil\",\"item\":\"https:\/\/luxury-rental-mc.com\/fr\/\"},{\"@type\":\"ListItem\",\"position\":2,\"name\":\"Aston Martin\"}]},{\"@type\":\"WebSite\",\"@id\":\"https:\/\/luxury-rental-mc.com\/#website\",\"url\":\"https:\/\/luxury-rental-mc.com\/\",\"name\":\"Luxury Car Rentals | Monaco, Nice, Cannes, Saint-Tropez\",\"description\":\"Rent the finest brands : Porsche, Ferrari, Lamborghini, Mercedes...\",\"potentialAction\":[{\"@type\":\"SearchAction\",\"target\":{\"@type\":\"EntryPoint\",\"urlTemplate\":\"https:\/\/luxury-rental-mc.com\/?s={search_term_string}\"},\"query-input\":\"required name=search_term_string\"}],\"inLanguage\":\"fr-FR\"}]}<\/script>\n<!-- \/ Yoast SEO plugin. -->","yoast_head_json":{"title":"Louer une Aston Martin, marque de voiture de course - LR MC","description":"Aston Martin est une marque de voiture de luxe qui existe depuis 1913. Ses mod\u00e8les sont tr\u00e8s puissants et modernes. Venez louer une Aston Martin ici !","robots":{"index":"index","follow":"follow","max-snippet":"max-snippet:-1","max-image-preview":"max-image-preview:large","max-video-preview":"max-video-preview:-1"},"canonical":"https:\/\/luxury-rental-mc.com\/fr\/aston-martin\/","og_locale":"fr_FR","og_type":"article","og_title":"Louer une Aston Martin, marque de voiture de course - LR MC","og_description":"Aston Martin est une marque de voiture de luxe qui existe depuis 1913. Ses mod\u00e8les sont tr\u00e8s puissants et modernes. Venez louer une Aston Martin ici !","og_url":"https:\/\/luxury-rental-mc.com\/fr\/aston-martin\/","og_site_name":"Luxury Car Rentals | Monaco, Nice, Cannes, Saint-Tropez","article_modified_time":"2016-09-12T10:15:50+00:00","og_image":[{"url":"https:\/\/luxury-rental-mc.com\/wp-content\/uploads\/2016\/09\/logo-aston-martin.jpg"}],"twitter_misc":{"Dur\u00e9e de lecture estim\u00e9e":"1 minute"},"schema":{"@context":"https:\/\/schema.org","@graph":[{"@type":"WebPage","@id":"https:\/\/luxury-rental-mc.com\/fr\/aston-martin\/","url":"https:\/\/luxury-rental-mc.com\/fr\/aston-martin\/","name":"Louer une Aston Martin, marque de voiture de course - LR MC","isPartOf":{"@id":"https:\/\/luxury-rental-mc.com\/#website"},"datePublished":"2016-09-05T23:09:27+00:00","dateModified":"2016-09-12T10:15:50+00:00","description":"Aston Martin est une marque de voiture de luxe qui existe depuis 1913. Ses mod\u00e8les sont tr\u00e8s puissants et modernes. Venez louer une Aston Martin ici !","breadcrumb":{"@id":"https:\/\/luxury-rental-mc.com\/fr\/aston-martin\/#breadcrumb"},"inLanguage":"fr-FR","potentialAction":[{"@type":"ReadAction","target":["https:\/\/luxury-rental-mc.com\/fr\/aston-martin\/"]}]},{"@type":"BreadcrumbList","@id":"https:\/\/luxury-rental-mc.com\/fr\/aston-martin\/#breadcrumb","itemListElement":[{"@type":"ListItem","position":1,"name":"Accueil","item":"https:\/\/luxury-rental-mc.com\/fr\/"},{"@type":"ListItem","position":2,"name":"Aston Martin"}]},{"@type":"WebSite","@id":"https:\/\/luxury-rental-mc.com\/#website","url":"https:\/\/luxury-rental-mc.com\/","name":"Luxury Car Rentals | Monaco, Nice, Cannes, Saint-Tropez","description":"Rent the finest brands : Porsche, Ferrari, Lamborghini, Mercedes...","potentialAction":[{"@type":"SearchAction","target":{"@type":"EntryPoint","urlTemplate":"https:\/\/luxury-rental-mc.com\/?s={search_term_string}"},"query-input":"required name=search_term_string"}],"inLanguage":"fr-FR"}]}},"_links":{"self":[{"href":"https:\/\/luxury-rental-mc.com\/fr\/wp-json\/wp\/v2\/pages\/9221\/"}],"collection":[{"href":"https:\/\/luxury-rental-mc.com\/fr\/wp-json\/wp\/v2\/pages\/"}],"about":[{"href":"https:\/\/luxury-rental-mc.com\/fr\/wp-json\/wp\/v2\/types\/page\/"}],"author":[{"embeddable":true,"href":"https:\/\/luxury-rental-mc.com\/fr\/wp-json\/wp\/v2\/users\/2\/"}],"replies":[{"embeddable":true,"href":"https:\/\/luxury-rental-mc.com\/fr\/wp-json\/wp\/v2\/comments\/?post=9221"}],"version-history":[{"count":5,"href":"https:\/\/luxury-rental-mc.com\/fr\/wp-json\/wp\/v2\/pages\/9221\/revisions\/"}],"predecessor-version":[{"id":9344,"href":"https:\/\/luxury-rental-mc.com\/fr\/wp-json\/wp\/v2\/pages\/9221\/revisions\/9344\/"}],"wp:attachment":[{"href":"https:\/\/luxury-rental-mc.com\/fr\/wp-json\/wp\/v2\/media\/?parent=9221"}],"curies":[{"name":"wp","href":"https:\/\/api.w.org\/{rel}","templated":true}]}}