{"id":9495,"date":"2016-12-08T12:08:30","date_gmt":"2016-12-08T11:08:30","guid":{"rendered":"https:\/\/luxury-rental-mc.com\/?page_id=9495"},"modified":"2017-03-08T10:11:00","modified_gmt":"2017-03-08T09:11:00","slug":"location-geneve","status":"publish","type":"page","link":"https:\/\/luxury-rental-mc.com\/fr\/location-voiture-luxe\/autres-villes\/location-geneve\/","title":{"rendered":"Location Gen\u00e8ve"},"content":{"rendered":"[vc_row][vc_column][vc_column_text]\n<h1 style=\"text-align: center;\">Location voiture de luxe Gen\u00e8ve<\/h1>\n<p>&nbsp;<\/p>\n<p style=\"text-align: justify;\"><span class=\"il\">Gen\u00e8ve<\/span>, la deuxi\u00e8me ville Suisse, dispose de tr\u00e8s nombreux avantages.<br \/>\nNotamment, gr\u00e2ce \u00e0 son a\u00e9roport international qui lui permet d&rsquo;\u00eatre \u00e0 moins d&rsquo;une heure de vol des grandes villes europ\u00e9ennes telles que Paris, Milan, Londres &#8230;<br \/>\nDans le respect, le charme et la convivialit\u00e9 des villes Suisses, <span class=\"il\">Gen\u00e8ve<\/span> a r\u00e9ussi \u00e0 se faire sa place.<br \/>\nC\u00e9l\u00e8bre pour accueillir de nombreux si\u00e8ges d&rsquo;organisations internationales telles que L&rsquo;ONU, elle est l&rsquo;un des centres d&rsquo;affaires majeurs de Suisse, gr\u00e2ce \u00e0 son omnipr\u00e9sence dans les gestions financi\u00e8res priv\u00e9es. <span class=\"il\">Gen\u00e8ve<\/span> attire \u00e9norm\u00e9ment de personnes \u00e0 fort pouvoir d&rsquo;achat ayant des besoins sp\u00e9cifiques et c&rsquo;est pourquoi MC Luxury Rental est pr\u00e9sent sur cette ville.<\/p>\n<p>Il y a tant \u00e0 d\u00e9couvrir&#8230; Vous pourrez rendre votre s\u00e9jour parfait gr\u00e2ce \u00e0 la voiture de vos r\u00eaves.<br \/>\nEnvie d&rsquo;une Ferrari 458 pour harpenter les routes suisses ? D&rsquo;une l\u00e9gendaire Bentley pour vous rendre au pied du sommet le plus haut d&rsquo;Europe, le Mont Blanc ? D&rsquo;une luxueuse Aston Martin pour partir en vir\u00e9e shopping ? Ou bien d&rsquo;un Porsche Panamera pour vous rendre en rendez vous d&rsquo;affaire ?<br \/>\nVous n&rsquo;avez plus qu&rsquo;\u00e0 faire votre choix, et nous nous occupons du reste. Livraison \u00e0 l&rsquo;a\u00e9roport de <span class=\"il\">Gen\u00e8ve<\/span>, devant votre Hotel ou chalet&#8230;<\/p>\n<p>Lors d&rsquo;une semaine \u00e0 Courchevel ou encore Megeve , Vous souhaitez diversifier les sensations, entre descente \u00e0 ski, moto neige et Range Rover ?<br \/>\nVous pr\u00e9f\u00e9rez la sobri\u00e9t\u00e9 d&rsquo;une berline telle que la Mercedes Classe S, ou la luxueuse Mercedes Maybach ? Aucun probl\u00e8me, nous disposons de gammes 4 Matic. Ainsi vous pourrez franchir les cols en toute s\u00e9curit\u00e9, et toute tranquillit\u00e9.<br \/>\nNous disposons \u00e9galement de vans tel que le Mercedes V Classe 4 Matic, Viano, ou Volkswagen Caravelle pour les familles nombreuses ou groupe d&rsquo;amis.<br \/>\nPrenez de la hauteur en gravissant les sommets avec le nouveau et unique SUV de chez Bentley, le Bentayga ! Rendez votre s\u00e9jour innoubliable.<br \/>\nSillonnez les routes enneig\u00e9es avec l&rsquo;imposant 4&#215;4 Mercedes Classe G, qui ne passera pas inaper\u00e7u.<\/p>\n<h2 style=\"text-align: justify;\"><\/h2>\n[\/vc_column_text][\/vc_column][\/vc_row][mk_page_section bg_image=\u00a0\u00bbhttps:\/\/luxury-rental-mc.com\/wp-content\/uploads\/2016\/12\/genve.jpg\u00a0\u00bb attachment=\u00a0\u00bbfixed\u00a0\u00bb bg_repeat=\u00a0\u00bbno-repeat\u00a0\u00bb min_height=\u00a0\u00bb400&Prime; full_width=\u00a0\u00bbtrue\u00a0\u00bb sidebar=\u00a0\u00bbsidebar-1&Prime;][vc_column][\/vc_column][\/mk_page_section][vc_row][vc_column][vc_column_text]\n<h1 style=\"text-align: center;\"><\/h1>\n<h2 style=\"text-align: justify;\">Louer votre 4&#215;4 de luxe pour les Vacances d&rsquo;Hiver<\/h2>\n<p style=\"text-align: justify;\">Un d\u00e9placement de pr\u00e9vu sur <span class=\"il\">Gen\u00e8ve<\/span> ou encore Courchevel ? Un moment convivial en famille ou entre amis ? Mc Luxury Rental saura vous apporter la solution afin de rendre ce s\u00e9jour des plus agr\u00e9able.<\/p>\n<p>Pour une escapade dans l&rsquo;une des grandes stations europ\u00e9ennes, vos envies se tournent vers un 4&#215;4 ou SUV ultra sportif et dynamique tel qu&rsquo;un Range Rover SVR ou encore un Mercedes Classe G63 ?!! Nous pouvons vous livrer directement \u00e0 Courchevel 1850 ou encore Meribel.<\/p>\n<p>Si votre besoin est directement \u00e0 votre arriv\u00e9e \u00e0 l&rsquo;a\u00e9roport international de <span class=\"il\">Gen\u00e8ve<\/span> un de nos chauffeurs vous attendra sur place afin de vous remettre en main propre la voiture de votre choix celui ci pourra \u00e9galement se porter sur une Mercedes maybach ou encore une Ferrari 458 spider.<\/p>\n<p>Vous pr\u00e9ferez opter pour le confort et l&rsquo;espace des grands 4&#215;4 7 places tel que Mercedes GL ou Audi q7 nous r\u00e9pondrons \u00e9galement pr\u00e9sent.<\/p>\n<p>Un week end pr\u00e9vu en amoureux \u00e0 Annecy et vous ne savez comment vous y rendre, alors faites appel \u00e0 nos services.<br \/>\nEn p\u00e9riode estivale prenez le volant d&rsquo;une superbe Porsche 911 cabriolet ou encore une Ferrari 488 spider et si ces deux superbes sportives ne sauraient vous satisfaires prenez le volant de la toute derni\u00e8re Lamborghini Huracan cabriolet ou encore la McLaren 650s spider.<\/p>\n<p>Vous consultez la m\u00e9t\u00e9o et une envie soudaine vous vient de d\u00e9valer les pistes, une liste de stations plus attirantes les une que les autres s&rsquo;offrent \u00e0 vous.<\/p>\n<p>C\u00f4t\u00e9 Haute-Savoie vous aurez la possibilit\u00e9 de sauter \u00e0 bord d&rsquo;un sublime Range Rover Autobiography ou encore un Mercedes GLE dans sa d\u00e9clinaison GLE coup\u00e9 afin de rejoindre sans plus attendre les stations d&rsquo;hiver telles qu&rsquo;Avoriaz ou Chamonix sans oublier Meg\u00e8ve, La Clusaz ou encore le tr\u00e8s c\u00e9l\u00e8bre Mont Blanc elles se trouvent toutes \u00e0 environ une heure et 70km de <span class=\"il\">Gen\u00e8ve<\/span>.<\/p>\n<p>C\u00f4t\u00e9 Suisse nous vous recommandons de prendre place au volant de notre Range Rover Sport, Bentley Bentayga ou encore Maserati Levante afin d&rsquo;acc\u00e9der sans difficult\u00e9 aux stations de Verbier ou encore Les 4 Vall\u00e9es, toutes deux r\u00e9put\u00e9es pour leur c\u00e9l\u00e9brit\u00e9.<\/p>\n<p>Apr\u00e8s l&rsquo;effort le r\u00e9confort !<\/p>\n<p>Pensez \u00e0 opter pour un v\u00e9hicule type limousine telle que la Mercedes Classe S500 AMG ou encore la l\u00e9gendaire Maybach.<br \/>\n\u00c0 mon humble avis une Bentley Mulsanne ou encore une Roll Rolls ghost ou Wraith pourrait tout autant faire l&rsquo;affaire et ainsi laissez vous chouchouter \u00e0 l&rsquo;arri\u00e8re de ces v\u00e9hicules d&rsquo;exception.<\/p>\n<p>&nbsp;<\/p>\n<p>&nbsp;<\/p>\n<style type=\"text\/css\">\n\t<!-- @page { margin: 2cm } P { margin-bottom: 0.21cm } A:link { so-language: zxx } --><br \/>\n\t<\/style>\n<h2>D\u00e9couvrez les autres villes\u00a0:<\/h2>\n<ul>\n<li><a href=\"https:\/\/luxury-rental-mc.com\/fr\/location-voiture-luxe\/autres-villes\/location-voiture-luxe-chamonix\">Location voiture luxe Chamonix<\/a><\/li>\n<\/ul>\n<ul>\n<li><a href=\"https:\/\/luxury-rental-mc.com\/fr\/location-voiture-luxe\/autres-villes\/location-voiture-luxe-zurich\">Location voiture luxe Zurich<\/a><\/li>\n<\/ul>\n<ul>\n<li><a href=\"https:\/\/luxury-rental-mc.com\/fr\/location-voiture-luxe\/autres-villes\/location-davos\">Location voiture luxe Davos<\/a><\/li>\n<\/ul>\n<ul>\n<li><a href=\"https:\/\/luxury-rental-mc.com\/fr\/location-voiture-luxe\/autres-villes\/location-lausanne\">Location voiture luxe Lausanne<\/a><\/li>\n<\/ul>\n<ul>\n<li><a href=\"https:\/\/luxury-rental-mc.com\/fr\/location-voiture-luxe\/autres-villes\/location-laax\">Location voiture luxe Laax<\/a><\/li>\n<\/ul>\n<ul>\n<li><a href=\"https:\/\/luxury-rental-mc.com\/fr\/location-voiture-luxe\/autres-villes\/location-lucerne\">Location voiture luxe Lucerne<\/a><\/li>\n<\/ul>\n<ul>\n<li><a href=\"https:\/\/luxury-rental-mc.com\/fr\/location-voiture-luxe\/autres-villes\/location-voiture-luxe-berne-2\">Location voiture luxe\u00a0Berne<\/a><\/li>\n<li><a href=\"https:\/\/luxury-rental-mc.com\/fr\/location-voiture-luxe\/autres-villes\/location-voiture-de-luxe-venise\">Location voiture luxe\u00a0Venise<\/a><\/li>\n<\/ul>\n<ul>\n<li><a href=\"https:\/\/luxury-rental-mc.com\/fr\/location-voiture-luxe\/autres-villes\/location-voiture-luxe-lac-de-come\">Location voiture luxe\u00a0Lac de C\u00f4me<\/a><\/li>\n<\/ul>\n<ul>\n<li><a href=\"https:\/\/luxury-rental-mc.com\/fr\/location-voiture-luxe\/autres-villes\/location-voiture-luxe-porto-cervo\">Location voiture luxe\u00a0Porto Cervo<\/a><\/li>\n<\/ul>\n<ul>\n<li><a href=\"https:\/\/luxury-rental-mc.com\/fr\/location-voiture-luxe\/autres-villes\/location-voiture-luxe-positano\">Location voiture luxe\u00a0Positano<\/a><\/li>\n<li><a href=\"https:\/\/luxury-rental-mc.com\/fr\/location-voiture-luxe\/autres-villes\/location-voiture-de-luxe-turin\">Location voiture luxe\u00a0Turin<\/a><\/li>\n<\/ul>\n[\/vc_column_text][\/vc_column][\/vc_row]\n","protected":false},"excerpt":{"rendered":"<p>[vc_row][vc_column][vc_column_text] Location voiture de luxe Gen\u00e8ve &nbsp; Gen\u00e8ve, la deuxi\u00e8me ville Suisse, dispose de tr\u00e8s nombreux avantages. Notamment, gr\u00e2ce \u00e0 son a\u00e9roport international qui lui permet d&rsquo;\u00eatre \u00e0 moins d&rsquo;une heure de vol des grandes villes europ\u00e9ennes telles que Paris, Milan, Londres &#8230; Dans le respect, le charme et la convivialit\u00e9 des villes Suisses, Gen\u00e8ve [&hellip;]<\/p>\n","protected":false},"author":1,"featured_media":0,"parent":9503,"menu_order":0,"comment_status":"closed","ping_status":"closed","template":"","meta":{"_monsterinsights_skip_tracking":false,"_monsterinsights_sitenote_active":false,"_monsterinsights_sitenote_note":"","_monsterinsights_sitenote_category":0},"yoast_head":"<!-- This site is optimized with the Yoast SEO plugin v20.3 - https:\/\/yoast.com\/wordpress\/plugins\/seo\/ -->\n<title>Location voiture luxe Gen\u00e8ve, Suisse | Luxury Car Rental MC<\/title>\n<meta name=\"description\" content=\"Louer une voiture de luxe pour harpenter les routes suisses ? D&#039;une Bentley pour vous rendre au pied du sommet le plus haut d&#039;Europe, le Mont Blanc ?\" \/>\n<meta name=\"robots\" content=\"index, follow, max-snippet:-1, max-image-preview:large, max-video-preview:-1\" \/>\n<link rel=\"canonical\" href=\"https:\/\/luxury-rental-mc.com\/fr\/location-voiture-luxe\/autres-villes\/location-geneve\/\" \/>\n<meta property=\"og:locale\" content=\"fr_FR\" \/>\n<meta property=\"og:type\" content=\"article\" \/>\n<meta property=\"og:title\" content=\"Location voiture luxe Gen\u00e8ve, Suisse | Luxury Car Rental MC\" \/>\n<meta property=\"og:description\" content=\"Louer une voiture de luxe pour harpenter les routes suisses ? D&#039;une Bentley pour vous rendre au pied du sommet le plus haut d&#039;Europe, le Mont Blanc ?\" \/>\n<meta property=\"og:url\" content=\"https:\/\/luxury-rental-mc.com\/fr\/location-voiture-luxe\/autres-villes\/location-geneve\/\" \/>\n<meta property=\"og:site_name\" content=\"Luxury Car Rentals | Monaco, Nice, Cannes, Saint-Tropez\" \/>\n<meta property=\"article:modified_time\" content=\"2017-03-08T09:11:00+00:00\" \/>\n<meta name=\"twitter:label1\" content=\"Dur\u00e9e de lecture estim\u00e9e\" \/>\n\t<meta name=\"twitter:data1\" content=\"4 minutes\" \/>\n<script type=\"application\/ld+json\" class=\"yoast-schema-graph\">{\"@context\":\"https:\/\/schema.org\",\"@graph\":[{\"@type\":\"WebPage\",\"@id\":\"https:\/\/luxury-rental-mc.com\/fr\/location-voiture-luxe\/autres-villes\/location-geneve\/\",\"url\":\"https:\/\/luxury-rental-mc.com\/fr\/location-voiture-luxe\/autres-villes\/location-geneve\/\",\"name\":\"Location voiture luxe Gen\u00e8ve, Suisse | Luxury Car Rental MC\",\"isPartOf\":{\"@id\":\"https:\/\/luxury-rental-mc.com\/#website\"},\"datePublished\":\"2016-12-08T11:08:30+00:00\",\"dateModified\":\"2017-03-08T09:11:00+00:00\",\"description\":\"Louer une voiture de luxe pour harpenter les routes suisses ? D'une Bentley pour vous rendre au pied du sommet le plus haut d'Europe, le Mont Blanc ?\",\"breadcrumb\":{\"@id\":\"https:\/\/luxury-rental-mc.com\/fr\/location-voiture-luxe\/autres-villes\/location-geneve\/#breadcrumb\"},\"inLanguage\":\"fr-FR\",\"potentialAction\":[{\"@type\":\"ReadAction\",\"target\":[\"https:\/\/luxury-rental-mc.com\/fr\/location-voiture-luxe\/autres-villes\/location-geneve\/\"]}]},{\"@type\":\"BreadcrumbList\",\"@id\":\"https:\/\/luxury-rental-mc.com\/fr\/location-voiture-luxe\/autres-villes\/location-geneve\/#breadcrumb\",\"itemListElement\":[{\"@type\":\"ListItem\",\"position\":1,\"name\":\"Accueil\",\"item\":\"https:\/\/luxury-rental-mc.com\/fr\/\"},{\"@type\":\"ListItem\",\"position\":2,\"name\":\"Location\",\"item\":\"https:\/\/luxury-rental-mc.com\/fr\/location-voiture-luxe\/\"},{\"@type\":\"ListItem\",\"position\":3,\"name\":\"Autres Villes\",\"item\":\"https:\/\/luxury-rental-mc.com\/fr\/location-voiture-luxe\/autres-villes\/\"},{\"@type\":\"ListItem\",\"position\":4,\"name\":\"Location Gen\u00e8ve\"}]},{\"@type\":\"WebSite\",\"@id\":\"https:\/\/luxury-rental-mc.com\/#website\",\"url\":\"https:\/\/luxury-rental-mc.com\/\",\"name\":\"Luxury Car Rentals | Monaco, Nice, Cannes, Saint-Tropez\",\"description\":\"Rent the finest brands : Porsche, Ferrari, Lamborghini, Mercedes...\",\"potentialAction\":[{\"@type\":\"SearchAction\",\"target\":{\"@type\":\"EntryPoint\",\"urlTemplate\":\"https:\/\/luxury-rental-mc.com\/?s={search_term_string}\"},\"query-input\":\"required name=search_term_string\"}],\"inLanguage\":\"fr-FR\"}]}<\/script>\n<!-- \/ Yoast SEO plugin. -->","yoast_head_json":{"title":"Location voiture luxe Gen\u00e8ve, Suisse | Luxury Car Rental MC","description":"Louer une voiture de luxe pour harpenter les routes suisses ? D'une Bentley pour vous rendre au pied du sommet le plus haut d'Europe, le Mont Blanc ?","robots":{"index":"index","follow":"follow","max-snippet":"max-snippet:-1","max-image-preview":"max-image-preview:large","max-video-preview":"max-video-preview:-1"},"canonical":"https:\/\/luxury-rental-mc.com\/fr\/location-voiture-luxe\/autres-villes\/location-geneve\/","og_locale":"fr_FR","og_type":"article","og_title":"Location voiture luxe Gen\u00e8ve, Suisse | Luxury Car Rental MC","og_description":"Louer une voiture de luxe pour harpenter les routes suisses ? D'une Bentley pour vous rendre au pied du sommet le plus haut d'Europe, le Mont Blanc ?","og_url":"https:\/\/luxury-rental-mc.com\/fr\/location-voiture-luxe\/autres-villes\/location-geneve\/","og_site_name":"Luxury Car Rentals | Monaco, Nice, Cannes, Saint-Tropez","article_modified_time":"2017-03-08T09:11:00+00:00","twitter_misc":{"Dur\u00e9e de lecture estim\u00e9e":"4 minutes"},"schema":{"@context":"https:\/\/schema.org","@graph":[{"@type":"WebPage","@id":"https:\/\/luxury-rental-mc.com\/fr\/location-voiture-luxe\/autres-villes\/location-geneve\/","url":"https:\/\/luxury-rental-mc.com\/fr\/location-voiture-luxe\/autres-villes\/location-geneve\/","name":"Location voiture luxe Gen\u00e8ve, Suisse | Luxury Car Rental MC","isPartOf":{"@id":"https:\/\/luxury-rental-mc.com\/#website"},"datePublished":"2016-12-08T11:08:30+00:00","dateModified":"2017-03-08T09:11:00+00:00","description":"Louer une voiture de luxe pour harpenter les routes suisses ? D'une Bentley pour vous rendre au pied du sommet le plus haut d'Europe, le Mont Blanc ?","breadcrumb":{"@id":"https:\/\/luxury-rental-mc.com\/fr\/location-voiture-luxe\/autres-villes\/location-geneve\/#breadcrumb"},"inLanguage":"fr-FR","potentialAction":[{"@type":"ReadAction","target":["https:\/\/luxury-rental-mc.com\/fr\/location-voiture-luxe\/autres-villes\/location-geneve\/"]}]},{"@type":"BreadcrumbList","@id":"https:\/\/luxury-rental-mc.com\/fr\/location-voiture-luxe\/autres-villes\/location-geneve\/#breadcrumb","itemListElement":[{"@type":"ListItem","position":1,"name":"Accueil","item":"https:\/\/luxury-rental-mc.com\/fr\/"},{"@type":"ListItem","position":2,"name":"Location","item":"https:\/\/luxury-rental-mc.com\/fr\/location-voiture-luxe\/"},{"@type":"ListItem","position":3,"name":"Autres Villes","item":"https:\/\/luxury-rental-mc.com\/fr\/location-voiture-luxe\/autres-villes\/"},{"@type":"ListItem","position":4,"name":"Location Gen\u00e8ve"}]},{"@type":"WebSite","@id":"https:\/\/luxury-rental-mc.com\/#website","url":"https:\/\/luxury-rental-mc.com\/","name":"Luxury Car Rentals | Monaco, Nice, Cannes, Saint-Tropez","description":"Rent the finest brands : Porsche, Ferrari, Lamborghini, Mercedes...","potentialAction":[{"@type":"SearchAction","target":{"@type":"EntryPoint","urlTemplate":"https:\/\/luxury-rental-mc.com\/?s={search_term_string}"},"query-input":"required name=search_term_string"}],"inLanguage":"fr-FR"}]}},"_links":{"self":[{"href":"https:\/\/luxury-rental-mc.com\/fr\/wp-json\/wp\/v2\/pages\/9495\/"}],"collection":[{"href":"https:\/\/luxury-rental-mc.com\/fr\/wp-json\/wp\/v2\/pages\/"}],"about":[{"href":"https:\/\/luxury-rental-mc.com\/fr\/wp-json\/wp\/v2\/types\/page\/"}],"author":[{"embeddable":true,"href":"https:\/\/luxury-rental-mc.com\/fr\/wp-json\/wp\/v2\/users\/1\/"}],"replies":[{"embeddable":true,"href":"https:\/\/luxury-rental-mc.com\/fr\/wp-json\/wp\/v2\/comments\/?post=9495"}],"version-history":[{"count":11,"href":"https:\/\/luxury-rental-mc.com\/fr\/wp-json\/wp\/v2\/pages\/9495\/revisions\/"}],"predecessor-version":[{"id":9896,"href":"https:\/\/luxury-rental-mc.com\/fr\/wp-json\/wp\/v2\/pages\/9495\/revisions\/9896\/"}],"up":[{"embeddable":true,"href":"https:\/\/luxury-rental-mc.com\/fr\/wp-json\/wp\/v2\/pages\/9503\/"}],"wp:attachment":[{"href":"https:\/\/luxury-rental-mc.com\/fr\/wp-json\/wp\/v2\/media\/?parent=9495"}],"curies":[{"name":"wp","href":"https:\/\/api.w.org\/{rel}","templated":true}]}}