{"id":9537,"date":"2016-12-12T15:57:21","date_gmt":"2016-12-12T14:57:21","guid":{"rendered":"https:\/\/luxury-rental-mc.com\/fr\/?page_id=9537"},"modified":"2017-03-08T10:11:51","modified_gmt":"2017-03-08T09:11:51","slug":"location-voiture-luxe-chamonix","status":"publish","type":"page","link":"https:\/\/luxury-rental-mc.com\/fr\/location-voiture-luxe\/autres-villes\/location-voiture-luxe-chamonix\/","title":{"rendered":"Location Chamonix"},"content":{"rendered":"[vc_row][vc_column][vc_column_text]\n<h1 lang=\"fr-BE\" align=\"JUSTIFY\">Location voiture luxe Chamonix<\/h1>\n<p align=\"JUSTIFY\"><span lang=\"fr-BE\">Les offres de <\/span><strong><span lang=\"fr-BE\">location voiture luxe Chamonix <\/span><\/strong><span lang=\"fr-BE\">vous donne l&rsquo;opportunit\u00e9 de r\u00e9aliser votre plus grand r\u00eave de conduire un v\u00e9hicule haut de gamme, en une journ\u00e9e, une semaine ou pourquoi pas un mois entier si votre budget vous le permet. Nombreux sont les professionnels qui proposent ce genre de service dans cette commune de la Haute-Savoie. Vous pourrez les trouver facilement en ligne, o\u00f9 ils pr\u00e9sentent avec des photos \u00e0 l&rsquo;appui les diff\u00e9rents mod\u00e8les de v\u00e9hicule de marque disponibles en location. Une riche flotte de v\u00e9hicule est souvent mise \u00e0 disposition, comprenant des grandes marques telles que BMW, Audi, Ferrari, Porsche, Mercedes-Benz, et bien d&rsquo;autre encore. Cependant, si vous ne voulez pas vous ruiner, pensez \u00e0 bien choisir l&rsquo;agence de <\/span><strong><span lang=\"fr-BE\">location voiture luxe Chamonix<\/span><\/strong><span lang=\"fr-BE\"> aupr\u00e8s de laquelle vous allez vous rendre. Avec le m\u00eame prix, vous aurez peut-\u00eatre la chance de conduire les tous derniers mod\u00e8les de Ferrari, pour \u00e9pater vos amis et vos coll\u00e8gues. Vous pourrez faire une petite comparaison des tarifs de location, pour ce faire, en prenant en compte quelques crit\u00e8res, tels que la marque de la voiture, son \u00e9tat, et surtout les conditions de location de l&rsquo;agence. La <\/span><strong><span lang=\"fr-BE\">location voiture luxe Chamonix <\/span><\/strong><span lang=\"fr-BE\">est surtout int\u00e9ressante, pour les contrats de longue dur\u00e9e. Louer ce genre de voiture revient moins cher qu&rsquo;en acheter une sur une longue p\u00e9riode, si l&rsquo;on prend en compte son prix d&rsquo;achat, l&rsquo;assurance et les diff\u00e9rents entretiens.<\/span><\/p>\n[\/vc_column_text][\/vc_column][\/vc_row][mk_page_section bg_image=\u00a0\u00bbhttps:\/\/luxury-rental-mc.com\/wp-content\/uploads\/2016\/12\/chamonix.jpg\u00a0\u00bb bg_stretch=\u00a0\u00bbtrue\u00a0\u00bb enable_3d=\u00a0\u00bbtrue\u00a0\u00bb min_height=\u00a0\u00bb350&Prime; full_width=\u00a0\u00bbtrue\u00a0\u00bb js_vertical_centered=\u00a0\u00bbtrue\u00a0\u00bb padding_top=\u00a0\u00bb0&Prime; padding_bottom=\u00a0\u00bb0&Prime; sidebar=\u00a0\u00bbsidebar-1&Prime;][vc_column][\/vc_column][\/mk_page_section][vc_row][vc_column][vc_column_text]\n<h2 lang=\"fr-BE\" align=\"JUSTIFY\">Location 4&#215;4 Chamonix-Mont Blanc<\/h2>\n<p align=\"JUSTIFY\"><span lang=\"fr-BE\">La <\/span><strong><span lang=\"fr-BE\">location 4&#215;4 Chamonix-Mont Blanc<\/span><\/strong><span lang=\"fr-BE\">, sur une courte ou longue dur\u00e9e, n&rsquo;est pas seulement faite aux grandes entreprises. Que vous pr\u00e9voyez d&rsquo;y passer quelques jours de vacances, de partir \u00e0 l&rsquo;aventure ou tout simplement envie de vous mettre au volant d&rsquo;une 4 roue motrice pour une journ\u00e9e, rendez-vous aupr\u00e8s des agences locales. Ces professionnels mettent \u00e0 la disposition de leurs clients toute une gamme de voiture 4&#215;4 de grandes marques. Vous avez les mod\u00e8les imposants qui sont adapt\u00e9s \u00e0 tous les trajets, les mod\u00e8les plus r\u00e9duits mais avec un design luxueux, comme les SUV. Pour ce qui est de la marque, choisissez celle qui vous a toujours fait r\u00eaver. Si vous recherchez une 4&#215;4 \u00e0 la fois confortable et fort dynamique, vous pourrez vous tourner vers la Porsche par exemple. Pour une conduite s\u00e9curis\u00e9e, choisissez Audi, et pour les grands voyages, orientez votre choix vers les mod\u00e8les spacieux comme Mercedes-Benz. La<strong> location de 4&#215;4<\/strong> est id\u00e9ale pour passer des s\u00e9jours de courte dur\u00e9e dans cette partie de la France, sans avoir \u00e0 se soucier des moyens de transport. \u00catre \u00e0 bord d&rsquo;une 4&#215;4, c&rsquo;est profiter du confort d&rsquo;une voiture de luxe, coupl\u00e9 \u00e0 la puissance d&rsquo;un camion. Ce v\u00e9hicule tout-terrain vous permettra de sillonner les montagnes, r\u00e9aliser des raids dans les d\u00e9serts, d\u00e9couvrir des endroits touristiques non accessibles aux petites voitures, et sortir des sentiers battus. <\/span><\/p>\n<h2 lang=\"fr-BE\" align=\"JUSTIFY\">Transport Gen\u00e8ve Chamonix<\/h2>\n<p align=\"JUSTIFY\"><span lang=\"fr-BE\">Trouver un moyen de<\/span><strong><span lang=\"fr-BE\"> transport Gen\u00e8ve Chamonix<\/span><\/strong><span lang=\"fr-BE\"> est facile gr\u00e2ce \u00e0 Internet. Il suffit de naviguer en ligne pour d\u00e9nicher des professionnels qui assurent des services de transport entre ces deux villes, il faut compter environ 1 heure 5 minutes de route. Vous avez les agences qui offrent des voitures en location, les taxis, le train, le transfert priv\u00e9 et \u00e9galement les bus et minibus, qui assurent des transferts a\u00e9roport \u00e0 des prix concurrentiels. Si vous voulez faire des \u00e9conomies sur votre budget, les bus et minibus sont les meilleures options. Les autres sont plus on\u00e9reuses, mais toutefois int\u00e9ressantes si vous voulez plus d&rsquo;intimit\u00e9. Les bus choisissent comme arr\u00eat des points strat\u00e9giques, o\u00f9 ramasser leurs clients et les d\u00e9poser, afin de simplifier leur vie. Ils s&rsquo;arr\u00eatent notamment \u00e0 la gare routi\u00e8re de Chamonix. Ce qui est tr\u00e8s pratique pour les vacanciers et les voyageurs d&rsquo;affaires, qui doivent descendre dans les h\u00f4tels et appartements ou trouver des commerces dans cette ville. Sachez qu&rsquo;il n&rsquo;est pas imp\u00e9ratif de prendre l&rsquo;avion pour b\u00e9n\u00e9ficier de leurs services. Vous pourrez tr\u00e8s bien monter \u00e0 bord de ces v\u00e9hicules de transport quand vous voulez, en faisant tout simplement vos achats de billet ou vos r\u00e9servations en ligne. Il est aussi possible de n&rsquo;acheter les billets qu&rsquo;au moment du d\u00e9part, au chauffeur de ces bus. Bien \u00e9videmment, le prix des billets est l\u00e9g\u00e8rement plus \u00e9lev\u00e9.<\/span><\/p>\n<p>&nbsp;<\/p>\n[\/vc_column_text][\/vc_column][\/vc_row][vc_row][vc_column][vc_column_text]\n<style type=\"text\/css\">\n\t<!-- @page { margin: 2cm } P { margin-bottom: 0.21cm } A:link { so-language: zxx } --><br \/>\n\t<\/style>\n<p>D\u00e9couvrez les autres villes\u00a0:<\/p>\n<ul>\n<li><a href=\"https:\/\/luxury-rental-mc.com\/fr\/location-voiture-luxe\/autres-villes\/location-geneve\">Location voiture luxe Gen\u00e8ve<\/a><\/li>\n<\/ul>\n<ul>\n<li><a href=\"https:\/\/luxury-rental-mc.com\/fr\/location-voiture-luxe\/autres-villes\/location-voiture-luxe-zurich\">Location voiture luxe Zurich<\/a><\/li>\n<\/ul>\n<ul>\n<li><a href=\"https:\/\/luxury-rental-mc.com\/fr\/location-voiture-luxe\/autres-villes\/location-davos\">Location voiture luxe Davos<\/a><\/li>\n<\/ul>\n<ul>\n<li><a href=\"https:\/\/luxury-rental-mc.com\/fr\/location-voiture-luxe\/autres-villes\/location-lausanne\">Location voiture luxe Lausanne<\/a><\/li>\n<\/ul>\n<ul>\n<li><a href=\"https:\/\/luxury-rental-mc.com\/fr\/location-voiture-luxe\/autres-villes\/location-laax\">Location voiture luxe Laax<\/a><\/li>\n<\/ul>\n<ul>\n<li><a href=\"https:\/\/luxury-rental-mc.com\/fr\/location-voiture-luxe\/autres-villes\/location-lucerne\">Location voiture luxe Lucerne<\/a><\/li>\n<\/ul>\n<ul>\n<li><a href=\"https:\/\/luxury-rental-mc.com\/fr\/location-voiture-luxe\/autres-villes\/location-voiture-luxe-berne-2\">Location voiture luxe\u00a0Berne<\/a><\/li>\n<li><a href=\"https:\/\/luxury-rental-mc.com\/fr\/location-voiture-luxe\/autres-villes\/location-voiture-de-luxe-venise\">Location voiture luxe\u00a0Venise<\/a><\/li>\n<\/ul>\n<ul>\n<li><a href=\"https:\/\/luxury-rental-mc.com\/fr\/location-voiture-luxe\/autres-villes\/location-voiture-luxe-lac-de-come\">Location voiture luxe\u00a0Lac de C\u00f4me<\/a><\/li>\n<\/ul>\n<ul>\n<li><a href=\"https:\/\/luxury-rental-mc.com\/fr\/location-voiture-luxe\/autres-villes\/location-voiture-luxe-porto-cervo\">Location voiture luxe\u00a0Porto Cervo<\/a><\/li>\n<\/ul>\n<ul>\n<li><a href=\"https:\/\/luxury-rental-mc.com\/fr\/location-voiture-luxe\/autres-villes\/location-voiture-luxe-positano\">Location voiture luxe\u00a0Positano<\/a><\/li>\n<li><a href=\"https:\/\/luxury-rental-mc.com\/fr\/location-voiture-luxe\/autres-villes\/location-voiture-de-luxe-turin\">Location voiture luxe\u00a0Turin<\/a><\/li>\n<\/ul>\n[\/vc_column_text][\/vc_column][\/vc_row]\n","protected":false},"excerpt":{"rendered":"<p>[vc_row][vc_column][vc_column_text] Location voiture luxe Chamonix Les offres de location voiture luxe Chamonix vous donne l&rsquo;opportunit\u00e9 de r\u00e9aliser votre plus grand r\u00eave de conduire un v\u00e9hicule haut de gamme, en une journ\u00e9e, une semaine ou pourquoi pas un mois entier si votre budget vous le permet. Nombreux sont les professionnels qui proposent ce genre de service [&hellip;]<\/p>\n","protected":false},"author":1,"featured_media":0,"parent":9503,"menu_order":0,"comment_status":"closed","ping_status":"closed","template":"","meta":{"_monsterinsights_skip_tracking":false,"_monsterinsights_sitenote_active":false,"_monsterinsights_sitenote_note":"","_monsterinsights_sitenote_category":0},"yoast_head":"<!-- This site is optimized with the Yoast SEO plugin v20.3 - https:\/\/yoast.com\/wordpress\/plugins\/seo\/ -->\n<title>Location voiture Luxe Chamonix, Mont-Blanc - Luxury Car Rental MC<\/title>\n<meta name=\"description\" content=\"Les offres de location voiture luxe Chamonix vous donne l&#039;opportunit\u00e9 de r\u00e9aliser votre plus grand r\u00eave de conduire un v\u00e9hicule haut de gamme...\" \/>\n<meta name=\"robots\" content=\"index, follow, max-snippet:-1, max-image-preview:large, max-video-preview:-1\" \/>\n<link rel=\"canonical\" href=\"https:\/\/luxury-rental-mc.com\/fr\/location-voiture-luxe\/autres-villes\/location-voiture-luxe-chamonix\/\" \/>\n<meta property=\"og:locale\" content=\"fr_FR\" \/>\n<meta property=\"og:type\" content=\"article\" \/>\n<meta property=\"og:title\" content=\"Location voiture Luxe Chamonix, Mont-Blanc - Luxury Car Rental MC\" \/>\n<meta property=\"og:description\" content=\"Les offres de location voiture luxe Chamonix vous donne l&#039;opportunit\u00e9 de r\u00e9aliser votre plus grand r\u00eave de conduire un v\u00e9hicule haut de gamme...\" \/>\n<meta property=\"og:url\" content=\"https:\/\/luxury-rental-mc.com\/fr\/location-voiture-luxe\/autres-villes\/location-voiture-luxe-chamonix\/\" \/>\n<meta property=\"og:site_name\" content=\"Luxury Car Rentals | Monaco, Nice, Cannes, Saint-Tropez\" \/>\n<meta property=\"article:modified_time\" content=\"2017-03-08T09:11:51+00:00\" \/>\n<meta name=\"twitter:label1\" content=\"Dur\u00e9e de lecture estim\u00e9e\" \/>\n\t<meta name=\"twitter:data1\" content=\"4 minutes\" \/>\n<script type=\"application\/ld+json\" class=\"yoast-schema-graph\">{\"@context\":\"https:\/\/schema.org\",\"@graph\":[{\"@type\":\"WebPage\",\"@id\":\"https:\/\/luxury-rental-mc.com\/fr\/location-voiture-luxe\/autres-villes\/location-voiture-luxe-chamonix\/\",\"url\":\"https:\/\/luxury-rental-mc.com\/fr\/location-voiture-luxe\/autres-villes\/location-voiture-luxe-chamonix\/\",\"name\":\"Location voiture Luxe Chamonix, Mont-Blanc - Luxury Car Rental MC\",\"isPartOf\":{\"@id\":\"https:\/\/luxury-rental-mc.com\/#website\"},\"datePublished\":\"2016-12-12T14:57:21+00:00\",\"dateModified\":\"2017-03-08T09:11:51+00:00\",\"description\":\"Les offres de location voiture luxe Chamonix vous donne l'opportunit\u00e9 de r\u00e9aliser votre plus grand r\u00eave de conduire un v\u00e9hicule haut de gamme...\",\"breadcrumb\":{\"@id\":\"https:\/\/luxury-rental-mc.com\/fr\/location-voiture-luxe\/autres-villes\/location-voiture-luxe-chamonix\/#breadcrumb\"},\"inLanguage\":\"fr-FR\",\"potentialAction\":[{\"@type\":\"ReadAction\",\"target\":[\"https:\/\/luxury-rental-mc.com\/fr\/location-voiture-luxe\/autres-villes\/location-voiture-luxe-chamonix\/\"]}]},{\"@type\":\"BreadcrumbList\",\"@id\":\"https:\/\/luxury-rental-mc.com\/fr\/location-voiture-luxe\/autres-villes\/location-voiture-luxe-chamonix\/#breadcrumb\",\"itemListElement\":[{\"@type\":\"ListItem\",\"position\":1,\"name\":\"Accueil\",\"item\":\"https:\/\/luxury-rental-mc.com\/fr\/\"},{\"@type\":\"ListItem\",\"position\":2,\"name\":\"Location\",\"item\":\"https:\/\/luxury-rental-mc.com\/fr\/location-voiture-luxe\/\"},{\"@type\":\"ListItem\",\"position\":3,\"name\":\"Autres Villes\",\"item\":\"https:\/\/luxury-rental-mc.com\/fr\/location-voiture-luxe\/autres-villes\/\"},{\"@type\":\"ListItem\",\"position\":4,\"name\":\"Location Chamonix\"}]},{\"@type\":\"WebSite\",\"@id\":\"https:\/\/luxury-rental-mc.com\/#website\",\"url\":\"https:\/\/luxury-rental-mc.com\/\",\"name\":\"Luxury Car Rentals | Monaco, Nice, Cannes, Saint-Tropez\",\"description\":\"Rent the finest brands : Porsche, Ferrari, Lamborghini, Mercedes...\",\"potentialAction\":[{\"@type\":\"SearchAction\",\"target\":{\"@type\":\"EntryPoint\",\"urlTemplate\":\"https:\/\/luxury-rental-mc.com\/?s={search_term_string}\"},\"query-input\":\"required name=search_term_string\"}],\"inLanguage\":\"fr-FR\"}]}<\/script>\n<!-- \/ Yoast SEO plugin. -->","yoast_head_json":{"title":"Location voiture Luxe Chamonix, Mont-Blanc - Luxury Car Rental MC","description":"Les offres de location voiture luxe Chamonix vous donne l'opportunit\u00e9 de r\u00e9aliser votre plus grand r\u00eave de conduire un v\u00e9hicule haut de gamme...","robots":{"index":"index","follow":"follow","max-snippet":"max-snippet:-1","max-image-preview":"max-image-preview:large","max-video-preview":"max-video-preview:-1"},"canonical":"https:\/\/luxury-rental-mc.com\/fr\/location-voiture-luxe\/autres-villes\/location-voiture-luxe-chamonix\/","og_locale":"fr_FR","og_type":"article","og_title":"Location voiture Luxe Chamonix, Mont-Blanc - Luxury Car Rental MC","og_description":"Les offres de location voiture luxe Chamonix vous donne l'opportunit\u00e9 de r\u00e9aliser votre plus grand r\u00eave de conduire un v\u00e9hicule haut de gamme...","og_url":"https:\/\/luxury-rental-mc.com\/fr\/location-voiture-luxe\/autres-villes\/location-voiture-luxe-chamonix\/","og_site_name":"Luxury Car Rentals | Monaco, Nice, Cannes, Saint-Tropez","article_modified_time":"2017-03-08T09:11:51+00:00","twitter_misc":{"Dur\u00e9e de lecture estim\u00e9e":"4 minutes"},"schema":{"@context":"https:\/\/schema.org","@graph":[{"@type":"WebPage","@id":"https:\/\/luxury-rental-mc.com\/fr\/location-voiture-luxe\/autres-villes\/location-voiture-luxe-chamonix\/","url":"https:\/\/luxury-rental-mc.com\/fr\/location-voiture-luxe\/autres-villes\/location-voiture-luxe-chamonix\/","name":"Location voiture Luxe Chamonix, Mont-Blanc - Luxury Car Rental MC","isPartOf":{"@id":"https:\/\/luxury-rental-mc.com\/#website"},"datePublished":"2016-12-12T14:57:21+00:00","dateModified":"2017-03-08T09:11:51+00:00","description":"Les offres de location voiture luxe Chamonix vous donne l'opportunit\u00e9 de r\u00e9aliser votre plus grand r\u00eave de conduire un v\u00e9hicule haut de gamme...","breadcrumb":{"@id":"https:\/\/luxury-rental-mc.com\/fr\/location-voiture-luxe\/autres-villes\/location-voiture-luxe-chamonix\/#breadcrumb"},"inLanguage":"fr-FR","potentialAction":[{"@type":"ReadAction","target":["https:\/\/luxury-rental-mc.com\/fr\/location-voiture-luxe\/autres-villes\/location-voiture-luxe-chamonix\/"]}]},{"@type":"BreadcrumbList","@id":"https:\/\/luxury-rental-mc.com\/fr\/location-voiture-luxe\/autres-villes\/location-voiture-luxe-chamonix\/#breadcrumb","itemListElement":[{"@type":"ListItem","position":1,"name":"Accueil","item":"https:\/\/luxury-rental-mc.com\/fr\/"},{"@type":"ListItem","position":2,"name":"Location","item":"https:\/\/luxury-rental-mc.com\/fr\/location-voiture-luxe\/"},{"@type":"ListItem","position":3,"name":"Autres Villes","item":"https:\/\/luxury-rental-mc.com\/fr\/location-voiture-luxe\/autres-villes\/"},{"@type":"ListItem","position":4,"name":"Location Chamonix"}]},{"@type":"WebSite","@id":"https:\/\/luxury-rental-mc.com\/#website","url":"https:\/\/luxury-rental-mc.com\/","name":"Luxury Car Rentals | Monaco, Nice, Cannes, Saint-Tropez","description":"Rent the finest brands : Porsche, Ferrari, Lamborghini, Mercedes...","potentialAction":[{"@type":"SearchAction","target":{"@type":"EntryPoint","urlTemplate":"https:\/\/luxury-rental-mc.com\/?s={search_term_string}"},"query-input":"required name=search_term_string"}],"inLanguage":"fr-FR"}]}},"_links":{"self":[{"href":"https:\/\/luxury-rental-mc.com\/fr\/wp-json\/wp\/v2\/pages\/9537\/"}],"collection":[{"href":"https:\/\/luxury-rental-mc.com\/fr\/wp-json\/wp\/v2\/pages\/"}],"about":[{"href":"https:\/\/luxury-rental-mc.com\/fr\/wp-json\/wp\/v2\/types\/page\/"}],"author":[{"embeddable":true,"href":"https:\/\/luxury-rental-mc.com\/fr\/wp-json\/wp\/v2\/users\/1\/"}],"replies":[{"embeddable":true,"href":"https:\/\/luxury-rental-mc.com\/fr\/wp-json\/wp\/v2\/comments\/?post=9537"}],"version-history":[{"count":5,"href":"https:\/\/luxury-rental-mc.com\/fr\/wp-json\/wp\/v2\/pages\/9537\/revisions\/"}],"predecessor-version":[{"id":9897,"href":"https:\/\/luxury-rental-mc.com\/fr\/wp-json\/wp\/v2\/pages\/9537\/revisions\/9897\/"}],"up":[{"embeddable":true,"href":"https:\/\/luxury-rental-mc.com\/fr\/wp-json\/wp\/v2\/pages\/9503\/"}],"wp:attachment":[{"href":"https:\/\/luxury-rental-mc.com\/fr\/wp-json\/wp\/v2\/media\/?parent=9537"}],"curies":[{"name":"wp","href":"https:\/\/api.w.org\/{rel}","templated":true}]}}