{"id":9543,"date":"2016-12-12T16:09:45","date_gmt":"2016-12-12T15:09:45","guid":{"rendered":"https:\/\/luxury-rental-mc.com\/fr\/?page_id=9543"},"modified":"2017-03-08T10:14:40","modified_gmt":"2017-03-08T09:14:40","slug":"location-voiture-luxe-zurich","status":"publish","type":"page","link":"https:\/\/luxury-rental-mc.com\/fr\/location-voiture-luxe\/autres-villes\/location-voiture-luxe-zurich\/","title":{"rendered":"Location voiture luxe Zurich"},"content":{"rendered":"[vc_row][vc_column][vc_column_text]\n<h1 lang=\"fr-BE\" align=\"JUSTIFY\">Location voiture luxe Zurich<\/h1>\n<p align=\"JUSTIFY\"><span lang=\"fr-BE\">Nombreuses sont les raisons qui peuvent nous pousser \u00e0 faire une <\/span><span lang=\"fr-BE\">location voiture luxe Zurich<\/span><span lang=\"fr-BE\">, peut-\u00eatre, pour surprendre nos proches lors des grandes occasions telles que c\u00e9r\u00e9monie de mariage ou soir\u00e9e habill\u00e9e, ou tout simplement pour voyager avec style, pendant ses s\u00e9jours d&rsquo;affaires ou d&rsquo;agr\u00e9ments. Dans tous les cas, louer un v\u00e9hicule nous permet de rouler en toute autonomie, sans avoir \u00e0 se soucier des diff\u00e9rents moyens de transport \u00e0 prendre, en cas de d\u00e9placement le soir, ou pendant le week-end. La<\/span><span lang=\"fr-BE\"> location voiture luxe Zurich <\/span><span lang=\"fr-BE\">est simple et facile. La plupart des agences disposent d&rsquo;un portail web o\u00f9 les clients peuvent conclure directement leurs contrats. Vous choisissez parmi les mod\u00e8les et marques propos\u00e9s, la voiture de prestige qui fera votre bonheur pendant un bon moment. Leurs catalogues virtuels, illustr\u00e9s de photos, pr\u00e9sentent toute une panoplie de voitures de grandes marques, \u00e0 l&rsquo;instar de Lamborghini, Ferrari, Porsche, Maserati, ou encore Rolls Royce et Aston Martin, propos\u00e9es avec ou sans chauffeur. Veillez toujours \u00e0 prendre connaissance des conditions de <\/span><span lang=\"fr-BE\">location voiture luxe Zurich<\/span><span lang=\"fr-BE\">, avant de faire votre choix. Une fois fait, l&rsquo;agence vous fixera un rendez-vous afin de vous livrer votre voiture de luxe \u00e0 l&rsquo;adresse que vous auriez indiqu\u00e9e. Cette livraison s&rsquo;effectue normalement en moins de 48 heures. Ne vous inqui\u00e9tez de rien, ces voitures font l&rsquo;objet de contr\u00f4le et d&rsquo;entretien r\u00e9guliers, pour vous \u00e9pargner des \u00e9ventuelles pannes.<\/span><\/p>\n<p>&nbsp;<\/p>\n[\/vc_column_text][\/vc_column][\/vc_row][mk_page_section bg_image=\u00a0\u00bbhttps:\/\/luxury-rental-mc.com\/wp-content\/uploads\/2016\/12\/zurich.jpg\u00a0\u00bb bg_position=\u00a0\u00bbcenter center\u00a0\u00bb bg_repeat=\u00a0\u00bbno-repeat\u00a0\u00bb bg_stretch=\u00a0\u00bbtrue\u00a0\u00bb enable_3d=\u00a0\u00bbtrue\u00a0\u00bb min_height=\u00a0\u00bb400&Prime; full_width=\u00a0\u00bbtrue\u00a0\u00bb full_height=\u00a0\u00bbtrue\u00a0\u00bb padding_top=\u00a0\u00bb0&Prime; padding_bottom=\u00a0\u00bb0&Prime; sidebar=\u00a0\u00bbsidebar-1&Prime;][vc_column][\/vc_column][\/mk_page_section][vc_row][vc_column][vc_column_text]\n<h2 lang=\"fr-BE\" align=\"JUSTIFY\">Louer Ferrari Suisse<\/h2>\n<p align=\"JUSTIFY\"><span lang=\"fr-BE\">Louer Ferrari Suisse <\/span><span lang=\"fr-BE\">est une excellente alternative, si vous n&rsquo;avez pas pu r\u00e9aliser votre r\u00eave d&rsquo;en acheter une. Les moyens pour s&rsquo;offrir ce super car ne sont pas donn\u00e9s \u00e0 tout le monde, mais il est toutefois possible d&rsquo;en conduire un de temps en temps au quotidien, gr\u00e2ce \u00e0 ce type de service. Il vous reste donc \u00e0 choisir le mod\u00e8le et le type de Ferrari parmi ceux propos\u00e9s par les agences de location. Vous n&rsquo;aurez pas toujours \u00e0 d\u00e9penser toute votre fortune. Ces professionnels accordent d&rsquo;importantes r\u00e9ductions, pour les contrats de location de longue dur\u00e9e. Alors ne pensez plus que ce genre de location est uniquement r\u00e9serv\u00e9 aux grandes entreprises, car m\u00eame les simples particuliers et les amateurs de voiture de luxe auront la chance de monter \u00e0 bord de cette voiture l\u00e9gendaire. Vous choisirez votre mod\u00e8le pr\u00e9f\u00e9r\u00e9, avec ou sans chauffeur. Il vous est m\u00eame possible de changer de temps en temps de voiture, pour essayer tous les mod\u00e8les, et vous mettre au volant d&rsquo;une Porsche neuve sans avoir \u00e0 payer des grosses sommes d&rsquo;argent. Les agences de location offrent \u00e0 leurs clients la possibilit\u00e9 de changer de mod\u00e8le de voiture, \u00e0 chaque renouvellement de contrat. Pour ne pas vous tromper dans vos choix et \u00e9viter les surprises, il est conseill\u00e9 de toujours v\u00e9rifier les clauses qui r\u00e9gissent les contrats de location, avant de passer \u00e0 la signature, notamment en ce qui concerne les assurances et les entretiens.<\/span><\/p>\n<h2 lang=\"fr-BE\" align=\"JUSTIFY\">Chauffeur Zurich<\/h2>\n<p align=\"JUSTIFY\"><span lang=\"fr-BE\">Faire appel \u00e0 un <\/span><span lang=\"fr-BE\">chauffeur Zurich<\/span><span lang=\"fr-BE\"> est chose courante depuis bien des ann\u00e9es, mais en trouver un sans v\u00e9hicule peut \u00eatre quand m\u00eame difficile \u00e0 r\u00e9aliser. La plupart des chauffeurs sont, en effet, propos\u00e9s, par les agences, avec des voitures. Les recherches seront difficiles, mais pas toutefois impossibles. Vous pourrez vous rendre aupr\u00e8s des sites qui publient des offres de prestation et de service, pour d\u00e9nicher ce professionnel. En tant que chauffeur ind\u00e9pendant, il devra \u00eatre enregistr\u00e9 en tant que tel. Alors ne vous pr\u00e9cipitez donc pas trop lors de votre choix, pour \u00e9viter de tomber sur des personnes non exp\u00e9riment\u00e9es. Il s&rsquo;agit, en effet, de votre s\u00e9curit\u00e9 et bien-\u00eatre. Les v\u00e9ritables professionnels doivent avoir suivi des formations approfondies dans ce domaine, et disposer d&rsquo;assurances pour pouvoir exercer leur m\u00e9tier. En ce qui concerne les tarifs de prestation, ceux-ci sont tr\u00e8s vari\u00e9s, selon le chauffeur. Il n&rsquo;existe en effet aucun bar\u00e8me \u00e0 respecter pour fixer son prix, dans ce secteur. Les prix avoisinent les 20 \u00e0 30 euros de l&rsquo;heure. Pour plus d&rsquo;\u00e9conomie, il reste pr\u00e9f\u00e9rable de trouver un chauffeur ind\u00e9pendant, car les agences et les grandes soci\u00e9t\u00e9s ont souvent tendance \u00e0 fixer une marge de b\u00e9n\u00e9fice plus \u00e9lev\u00e9e. Cependant, si vous voulez avoir r\u00e9guli\u00e8rement \u00e0 votre disposition un chauffeur, mieux vaut opter pour les services en pack propos\u00e9s par ces agences, au lieu de payer par mois un chauffeur ind\u00e9pendant. Pour ne pas vous tromper dans vos choix, faites des comparaisons sur les offres de prestation, et choisissez le professionnel qui r\u00e9pond le mieux \u00e0 vos besoins<\/span><span style=\"font-family: Verdana,serif;\"><span style=\"font-size: medium;\"><span lang=\"fr-BE\">.<\/span><\/span><\/span><\/p>\n[\/vc_column_text][\/vc_column][\/vc_row][vc_row][vc_column][vc_column_text]\n<h2>\u00a0D\u00e9couvrez les autres villes\u00a0:<\/h2>\n<ul>\n<li><a href=\"https:\/\/luxury-rental-mc.com\/fr\/location-voiture-luxe\/autres-villes\/location-geneve\">Location voiture luxe Gen\u00e8ve<\/a><\/li>\n<\/ul>\n<ul>\n<li><a href=\"https:\/\/luxury-rental-mc.com\/fr\/location-voiture-luxe\/autres-villes\/location-voiture-luxe-chamonix\">Location voiture luxe Chamonix<\/a><\/li>\n<\/ul>\n<ul>\n<li><a href=\"https:\/\/luxury-rental-mc.com\/fr\/location-voiture-luxe\/autres-villes\/location-davos\">Location voiture luxe Davos<\/a><\/li>\n<\/ul>\n<ul>\n<li><a href=\"https:\/\/luxury-rental-mc.com\/fr\/location-voiture-luxe\/autres-villes\/location-lausanne\">Location voiture luxe Lausanne<\/a><\/li>\n<\/ul>\n<ul>\n<li><a href=\"https:\/\/luxury-rental-mc.com\/fr\/location-voiture-luxe\/autres-villes\/location-laax\">Location voiture luxe Laax<\/a><\/li>\n<\/ul>\n<ul>\n<li><a href=\"https:\/\/luxury-rental-mc.com\/fr\/location-voiture-luxe\/autres-villes\/location-lucerne\">Location voiture luxe Lucerne<\/a><\/li>\n<\/ul>\n<ul>\n<li><a href=\"https:\/\/luxury-rental-mc.com\/fr\/location-voiture-luxe\/autres-villes\/location-voiture-luxe-berne-2\">Location voiture luxe\u00a0Berne<\/a><\/li>\n<li><a href=\"https:\/\/luxury-rental-mc.com\/fr\/location-voiture-luxe\/autres-villes\/location-voiture-de-luxe-venise\">Location voiture luxe\u00a0Venise<\/a><\/li>\n<\/ul>\n<ul>\n<li><a href=\"https:\/\/luxury-rental-mc.com\/fr\/location-voiture-luxe\/autres-villes\/location-voiture-luxe-lac-de-come\">Location voiture luxe\u00a0Lac de C\u00f4me<\/a><\/li>\n<\/ul>\n<ul>\n<li><a href=\"https:\/\/luxury-rental-mc.com\/fr\/location-voiture-luxe\/autres-villes\/location-voiture-luxe-porto-cervo\">Location voiture luxe\u00a0Porto Cervo<\/a><\/li>\n<\/ul>\n<ul>\n<li><a href=\"https:\/\/luxury-rental-mc.com\/fr\/location-voiture-luxe\/autres-villes\/location-voiture-luxe-positano\">Location voiture luxe\u00a0Positano<\/a><\/li>\n<li><a href=\"https:\/\/luxury-rental-mc.com\/fr\/location-voiture-luxe\/autres-villes\/location-voiture-de-luxe-turin\">Location voiture luxe\u00a0Turin<\/a><\/li>\n<\/ul>\n[\/vc_column_text][\/vc_column][\/vc_row]\n","protected":false},"excerpt":{"rendered":"<p>[vc_row][vc_column][vc_column_text] Location voiture luxe Zurich Nombreuses sont les raisons qui peuvent nous pousser \u00e0 faire une location voiture luxe Zurich, peut-\u00eatre, pour surprendre nos proches lors des grandes occasions telles que c\u00e9r\u00e9monie de mariage ou soir\u00e9e habill\u00e9e, ou tout simplement pour voyager avec style, pendant ses s\u00e9jours d&rsquo;affaires ou d&rsquo;agr\u00e9ments. Dans tous les cas, louer [&hellip;]<\/p>\n","protected":false},"author":1,"featured_media":0,"parent":9503,"menu_order":0,"comment_status":"closed","ping_status":"closed","template":"","meta":{"_monsterinsights_skip_tracking":false,"_monsterinsights_sitenote_active":false,"_monsterinsights_sitenote_note":"","_monsterinsights_sitenote_category":0},"yoast_head":"<!-- This site is optimized with the Yoast SEO plugin v20.3 - https:\/\/yoast.com\/wordpress\/plugins\/seo\/ -->\n<title>Location voiture luxe Zurich - Luxury Car Rental MC<\/title>\n<meta name=\"description\" content=\"Nombreuses sont les raisons qui peuvent nous pousser \u00e0 faire une location voiture luxe Zurich, peut-\u00eatre, pour surprendre nos proches...\" \/>\n<meta name=\"robots\" content=\"index, follow, max-snippet:-1, max-image-preview:large, max-video-preview:-1\" \/>\n<link rel=\"canonical\" href=\"https:\/\/luxury-rental-mc.com\/fr\/location-voiture-luxe\/autres-villes\/location-voiture-luxe-zurich\/\" \/>\n<meta property=\"og:locale\" content=\"fr_FR\" \/>\n<meta property=\"og:type\" content=\"article\" \/>\n<meta property=\"og:title\" content=\"Location voiture luxe Zurich - Luxury Car Rental MC\" \/>\n<meta property=\"og:description\" content=\"Nombreuses sont les raisons qui peuvent nous pousser \u00e0 faire une location voiture luxe Zurich, peut-\u00eatre, pour surprendre nos proches...\" \/>\n<meta property=\"og:url\" content=\"https:\/\/luxury-rental-mc.com\/fr\/location-voiture-luxe\/autres-villes\/location-voiture-luxe-zurich\/\" \/>\n<meta property=\"og:site_name\" content=\"Luxury Car Rentals | Monaco, Nice, Cannes, Saint-Tropez\" \/>\n<meta property=\"article:modified_time\" content=\"2017-03-08T09:14:40+00:00\" \/>\n<meta name=\"twitter:label1\" content=\"Dur\u00e9e de lecture estim\u00e9e\" \/>\n\t<meta name=\"twitter:data1\" content=\"5 minutes\" \/>\n<script type=\"application\/ld+json\" class=\"yoast-schema-graph\">{\"@context\":\"https:\/\/schema.org\",\"@graph\":[{\"@type\":\"WebPage\",\"@id\":\"https:\/\/luxury-rental-mc.com\/fr\/location-voiture-luxe\/autres-villes\/location-voiture-luxe-zurich\/\",\"url\":\"https:\/\/luxury-rental-mc.com\/fr\/location-voiture-luxe\/autres-villes\/location-voiture-luxe-zurich\/\",\"name\":\"Location voiture luxe Zurich - Luxury Car Rental MC\",\"isPartOf\":{\"@id\":\"https:\/\/luxury-rental-mc.com\/#website\"},\"datePublished\":\"2016-12-12T15:09:45+00:00\",\"dateModified\":\"2017-03-08T09:14:40+00:00\",\"description\":\"Nombreuses sont les raisons qui peuvent nous pousser \u00e0 faire une location voiture luxe Zurich, peut-\u00eatre, pour surprendre nos proches...\",\"breadcrumb\":{\"@id\":\"https:\/\/luxury-rental-mc.com\/fr\/location-voiture-luxe\/autres-villes\/location-voiture-luxe-zurich\/#breadcrumb\"},\"inLanguage\":\"fr-FR\",\"potentialAction\":[{\"@type\":\"ReadAction\",\"target\":[\"https:\/\/luxury-rental-mc.com\/fr\/location-voiture-luxe\/autres-villes\/location-voiture-luxe-zurich\/\"]}]},{\"@type\":\"BreadcrumbList\",\"@id\":\"https:\/\/luxury-rental-mc.com\/fr\/location-voiture-luxe\/autres-villes\/location-voiture-luxe-zurich\/#breadcrumb\",\"itemListElement\":[{\"@type\":\"ListItem\",\"position\":1,\"name\":\"Accueil\",\"item\":\"https:\/\/luxury-rental-mc.com\/fr\/\"},{\"@type\":\"ListItem\",\"position\":2,\"name\":\"Location\",\"item\":\"https:\/\/luxury-rental-mc.com\/fr\/location-voiture-luxe\/\"},{\"@type\":\"ListItem\",\"position\":3,\"name\":\"Autres Villes\",\"item\":\"https:\/\/luxury-rental-mc.com\/fr\/location-voiture-luxe\/autres-villes\/\"},{\"@type\":\"ListItem\",\"position\":4,\"name\":\"Location voiture luxe Zurich\"}]},{\"@type\":\"WebSite\",\"@id\":\"https:\/\/luxury-rental-mc.com\/#website\",\"url\":\"https:\/\/luxury-rental-mc.com\/\",\"name\":\"Luxury Car Rentals | Monaco, Nice, Cannes, Saint-Tropez\",\"description\":\"Rent the finest brands : Porsche, Ferrari, Lamborghini, Mercedes...\",\"potentialAction\":[{\"@type\":\"SearchAction\",\"target\":{\"@type\":\"EntryPoint\",\"urlTemplate\":\"https:\/\/luxury-rental-mc.com\/?s={search_term_string}\"},\"query-input\":\"required name=search_term_string\"}],\"inLanguage\":\"fr-FR\"}]}<\/script>\n<!-- \/ Yoast SEO plugin. -->","yoast_head_json":{"title":"Location voiture luxe Zurich - Luxury Car Rental MC","description":"Nombreuses sont les raisons qui peuvent nous pousser \u00e0 faire une location voiture luxe Zurich, peut-\u00eatre, pour surprendre nos proches...","robots":{"index":"index","follow":"follow","max-snippet":"max-snippet:-1","max-image-preview":"max-image-preview:large","max-video-preview":"max-video-preview:-1"},"canonical":"https:\/\/luxury-rental-mc.com\/fr\/location-voiture-luxe\/autres-villes\/location-voiture-luxe-zurich\/","og_locale":"fr_FR","og_type":"article","og_title":"Location voiture luxe Zurich - Luxury Car Rental MC","og_description":"Nombreuses sont les raisons qui peuvent nous pousser \u00e0 faire une location voiture luxe Zurich, peut-\u00eatre, pour surprendre nos proches...","og_url":"https:\/\/luxury-rental-mc.com\/fr\/location-voiture-luxe\/autres-villes\/location-voiture-luxe-zurich\/","og_site_name":"Luxury Car Rentals | Monaco, Nice, Cannes, Saint-Tropez","article_modified_time":"2017-03-08T09:14:40+00:00","twitter_misc":{"Dur\u00e9e de lecture estim\u00e9e":"5 minutes"},"schema":{"@context":"https:\/\/schema.org","@graph":[{"@type":"WebPage","@id":"https:\/\/luxury-rental-mc.com\/fr\/location-voiture-luxe\/autres-villes\/location-voiture-luxe-zurich\/","url":"https:\/\/luxury-rental-mc.com\/fr\/location-voiture-luxe\/autres-villes\/location-voiture-luxe-zurich\/","name":"Location voiture luxe Zurich - Luxury Car Rental MC","isPartOf":{"@id":"https:\/\/luxury-rental-mc.com\/#website"},"datePublished":"2016-12-12T15:09:45+00:00","dateModified":"2017-03-08T09:14:40+00:00","description":"Nombreuses sont les raisons qui peuvent nous pousser \u00e0 faire une location voiture luxe Zurich, peut-\u00eatre, pour surprendre nos proches...","breadcrumb":{"@id":"https:\/\/luxury-rental-mc.com\/fr\/location-voiture-luxe\/autres-villes\/location-voiture-luxe-zurich\/#breadcrumb"},"inLanguage":"fr-FR","potentialAction":[{"@type":"ReadAction","target":["https:\/\/luxury-rental-mc.com\/fr\/location-voiture-luxe\/autres-villes\/location-voiture-luxe-zurich\/"]}]},{"@type":"BreadcrumbList","@id":"https:\/\/luxury-rental-mc.com\/fr\/location-voiture-luxe\/autres-villes\/location-voiture-luxe-zurich\/#breadcrumb","itemListElement":[{"@type":"ListItem","position":1,"name":"Accueil","item":"https:\/\/luxury-rental-mc.com\/fr\/"},{"@type":"ListItem","position":2,"name":"Location","item":"https:\/\/luxury-rental-mc.com\/fr\/location-voiture-luxe\/"},{"@type":"ListItem","position":3,"name":"Autres Villes","item":"https:\/\/luxury-rental-mc.com\/fr\/location-voiture-luxe\/autres-villes\/"},{"@type":"ListItem","position":4,"name":"Location voiture luxe Zurich"}]},{"@type":"WebSite","@id":"https:\/\/luxury-rental-mc.com\/#website","url":"https:\/\/luxury-rental-mc.com\/","name":"Luxury Car Rentals | Monaco, Nice, Cannes, Saint-Tropez","description":"Rent the finest brands : Porsche, Ferrari, Lamborghini, Mercedes...","potentialAction":[{"@type":"SearchAction","target":{"@type":"EntryPoint","urlTemplate":"https:\/\/luxury-rental-mc.com\/?s={search_term_string}"},"query-input":"required name=search_term_string"}],"inLanguage":"fr-FR"}]}},"_links":{"self":[{"href":"https:\/\/luxury-rental-mc.com\/fr\/wp-json\/wp\/v2\/pages\/9543\/"}],"collection":[{"href":"https:\/\/luxury-rental-mc.com\/fr\/wp-json\/wp\/v2\/pages\/"}],"about":[{"href":"https:\/\/luxury-rental-mc.com\/fr\/wp-json\/wp\/v2\/types\/page\/"}],"author":[{"embeddable":true,"href":"https:\/\/luxury-rental-mc.com\/fr\/wp-json\/wp\/v2\/users\/1\/"}],"replies":[{"embeddable":true,"href":"https:\/\/luxury-rental-mc.com\/fr\/wp-json\/wp\/v2\/comments\/?post=9543"}],"version-history":[{"count":4,"href":"https:\/\/luxury-rental-mc.com\/fr\/wp-json\/wp\/v2\/pages\/9543\/revisions\/"}],"predecessor-version":[{"id":9899,"href":"https:\/\/luxury-rental-mc.com\/fr\/wp-json\/wp\/v2\/pages\/9543\/revisions\/9899\/"}],"up":[{"embeddable":true,"href":"https:\/\/luxury-rental-mc.com\/fr\/wp-json\/wp\/v2\/pages\/9503\/"}],"wp:attachment":[{"href":"https:\/\/luxury-rental-mc.com\/fr\/wp-json\/wp\/v2\/media\/?parent=9543"}],"curies":[{"name":"wp","href":"https:\/\/api.w.org\/{rel}","templated":true}]}}