{"id":9652,"date":"2016-12-27T09:38:13","date_gmt":"2016-12-27T08:38:13","guid":{"rendered":"https:\/\/luxury-rental-mc.com\/fr\/?page_id=9652"},"modified":"2017-03-08T10:15:58","modified_gmt":"2017-03-08T09:15:58","slug":"location-davos","status":"publish","type":"page","link":"https:\/\/luxury-rental-mc.com\/fr\/location-voiture-luxe\/autres-villes\/location-davos\/","title":{"rendered":"Location Davos"},"content":{"rendered":"[vc_row][vc_column][vc_column_text]\n<h1 style=\"text-align: center;\">Location voiture luxe Davos<\/h1>\n<p align=\"JUSTIFY\">Davos dans les Grisons est une station qui constitue le plus grand centre de vacances en montagne \u00e0 l\u2019est de la Suisse. Si les sportifs y trouvent leur compte, elle est aussi connue pour accueillir annuellement le forum \u00e9conomique mondial qui r\u00e9unit des chefs d\u2019\u00c9tat et des grands experts en \u00e9conomie pour discuter du climat et de la situation de l\u2019\u00e9conomie mondiale. Mais Davos c\u2019est avant tout le sport d\u2019hiver. D\u2019ailleurs, on y organise de nombreux \u00e9v\u00e9nements tels que la Coupe Spengler pour le plus grand plaisir des amoureux du hockey sur glace. Un sport qui ne se d\u00e9roule principalement qu\u2019au Canada et aux \u00c9tats-Unis. Mais encore, vous y trouverez de nombreux domaines skiables \u00e0 savoir Parsenn, Jakobshorn, Pischa, Schatzalp et Rinerhorn. Pour profiter pleinement de votre s\u00e9jour et vous rendre d\u2019un domaine \u00e0 l\u2019autre sans difficult\u00e9, profitez de l\u2019offre location voiture luxe Davos. En visitant un site sp\u00e9cialis\u00e9 dans la r\u00e9gion, vous trouverez sans aucun doute la solution de transport la plus adapt\u00e9e \u00e0 vos besoins. Que vous soyez \u00e0 Davos pour les vacances en famille ou pour les affaires, le parc auto du professionnel vous laisse choisir parmi une gamme de voitures allant du SUV au coup\u00e9 sport pour braver les 1560 m\u00e8tres d\u2019altitude. Peu importe la marque de voiture que vous pr\u00e9f\u00e9rez, vous ne manquerez pas de la trouver chez une agence sp\u00e9cialis\u00e9e dans la location voiture luxe Davos.<\/p>\n[\/vc_column_text][mk_image src=\u00a0\u00bbhttps:\/\/luxury-rental-mc.com\/wp-content\/uploads\/2016\/12\/location-voiture-luxe-davos.jpg\u00a0\u00bb align=\u00a0\u00bbcenter\u00a0\u00bb][\/vc_column][\/vc_row][vc_row][vc_column][vc_column_text]\n<h2 style=\"text-align: center;\">Louer 4&#215;4 canton Grisons<\/h2>\n<p align=\"JUSTIFY\">\u00c0 quelques kilom\u00e8tres en voiture de Zurich, vous pouvez parcourir les Grisons qui est, sans aucun doute, la partie la plus d\u00e9paysante de Suisse. Comme ils constituent le plus vaste canton helv\u00e9tique avec plus de 1000 sommets, 150 vall\u00e9es ensoleill\u00e9es et ses routes de col, louer 4&#215;4 canton Grisons est un indispensable si vous comptez explorer la r\u00e9gion de long en large. Pour les amateurs de sport d\u2019hiver, le canton des Grisons est tout simplement l\u2019endroit id\u00e9al pour se faire plaisir avec ses nombreux domaines skiables comme Laax, Falera, Kloster, Flims ou encore Saint-Moritz qui sont les plus connus. Mais encore faut-il avoir un v\u00e9hicule bien \u00e9quip\u00e9 pour s\u2019y rendre en hiver, avec les routes enneig\u00e9es. Heureusement, avec la location voiture luxe Davos vous pourrez r\u00e9server d\u2019embl\u00e9e sur le site d\u2019une agence pour mieux pr\u00e9parer votre s\u00e9jour. Que vous soyez plut\u00f4t Range Rover, Mercedes-Benz, Porsche ou BMW, vous trouverez en ces marques le tout terrain de luxe qu\u2019il vous faut chez un professionnel. Pour la r\u00e9servation, c\u2019est tr\u00e8s simple, il vous suffit de remplir un formulaire pour communiquer les termes du contrat de location, le r\u00e8glement du service et les diff\u00e9rentes options dont vous souhaitez b\u00e9n\u00e9ficier. D\u00e8s votre arriv\u00e9e, le v\u00e9hicule sera \u00e0 votre enti\u00e8re disposition \u00e0 la gare, \u00e0 votre h\u00f4tel ou \u00e0 l\u2019a\u00e9roport selon votre convenance. Pour avoir plus d\u2019information sur les tarifs du service, n\u2019h\u00e9sitez donc pas \u00e0 visiter un site sp\u00e9cialis\u00e9 dans la r\u00e9gion.<\/p>\n[\/vc_column_text][\/vc_column][\/vc_row][mk_page_section bg_image=\u00a0\u00bbhttps:\/\/luxury-rental-mc.com\/wp-content\/uploads\/2016\/12\/louer-voiture-davos.jpg\u00a0\u00bb bg_position=\u00a0\u00bbcenter center\u00a0\u00bb bg_repeat=\u00a0\u00bbno-repeat\u00a0\u00bb bg_stretch=\u00a0\u00bbtrue\u00a0\u00bb enable_3d=\u00a0\u00bbtrue\u00a0\u00bb min_height=\u00a0\u00bb400&Prime; full_width=\u00a0\u00bbtrue\u00a0\u00bb js_vertical_centered=\u00a0\u00bbtrue\u00a0\u00bb sidebar=\u00a0\u00bbsidebar-1&Prime;][vc_column][\/vc_column][\/mk_page_section][vc_row][vc_column][vc_column_text]\n<h2 style=\"text-align: center;\">Vacances \u00e0 Davos en Suisse<\/h2>\n<p align=\"JUSTIFY\">Vous ne risquerez pas de vous ennuyer si vous passez vos vacances \u00e0 Davos en Suisse. En effet, en plus d\u2019offrir un grand domaine skiable, Davos h\u00e9berge de nombreux sites \u00e0 d\u00e9couvrir comme le mus\u00e9e Kirchner o\u00f9 vous trouverez la plus grande collection au monde d\u2019\u0153uvres de l\u2019expressionniste du m\u00eame nom. Mais encore, le d\u00e9paysement sera au rendez-vous dans la vall\u00e9e de Sertig o\u00f9 vous contemplerez les montagnes et la nature qui a gard\u00e9 toute son authenticit\u00e9. Mais pour varier le plaisir et sortir des pistes de ski traditionnel, Gotschna Freeride offre plus de 5\u00a0km de piste avec 800 m\u00e8tres de north shore et 600 m\u00e8tres de d\u00e9nivel\u00e9 avec \u00e0 la cl\u00e9 un parcours comprenant plusieurs am\u00e9nagements dans lesquels vous pourrez r\u00e9aliser des sauts et n\u00e9gocier des virages relev\u00e9s. Les d\u00e9butants et les pros s\u2019en donneront \u00e0 c\u0153ur joie sur ce parcours hors du commun. Comme le forum \u00e9conomique mondial s\u2019y d\u00e9roule chaque ann\u00e9e, vous y trouverez de nombreuses boutiques, des restaurants et des caf\u00e9s qui vous accueilleront comme il se doit au c\u0153ur du village. Pour les adeptes du shopping, les boutiques de grandes enseignes sont pr\u00e9sentes sur les lieux en vous offrant de nombreuses possibilit\u00e9s. Pour les bons viveurs, la nuit est le moment id\u00e9al pour passer du bon temps dans ses bars et pour s\u2019amuser dans ses discoth\u00e8ques.<\/p>\n<p>&nbsp;<\/p>\n[\/vc_column_text][mk_image src=\u00a0\u00bbhttps:\/\/luxury-rental-mc.com\/wp-content\/uploads\/2016\/12\/davos-location-voiture-1.jpg\u00a0\u00bb image_size=\u00a0\u00bbfull\u00a0\u00bb align=\u00a0\u00bbcenter\u00a0\u00bb][\/vc_column][\/vc_row][vc_row][vc_column][vc_column_text]\n<style type=\"text\/css\">\n\t<!-- @page { margin: 2cm } P { margin-bottom: 0.21cm } A:link { so-language: zxx } --><br \/>\n\t<\/style>\n<p>D\u00e9couvrez les autres villes\u00a0:<\/p>\n<ul>\n<li><a href=\"https:\/\/luxury-rental-mc.com\/fr\/location-voiture-luxe\/autres-villes\/location-geneve\">Location voiture luxe Gen\u00e8ve<\/a><\/li>\n<\/ul>\n<ul>\n<li><a href=\"https:\/\/luxury-rental-mc.com\/fr\/location-voiture-luxe\/autres-villes\/location-voiture-luxe-chamonix\">Location voiture luxe Chamonix<\/a><\/li>\n<\/ul>\n<ul>\n<li><a href=\"https:\/\/luxury-rental-mc.com\/fr\/location-voiture-luxe\/autres-villes\/location-voiture-luxe-zurich\">Location voiture luxe Zurich<\/a><\/li>\n<\/ul>\n<ul>\n<li><a href=\"https:\/\/luxury-rental-mc.com\/fr\/location-voiture-luxe\/autres-villes\/location-lausanne\">Location voiture luxe Lausanne<\/a><\/li>\n<\/ul>\n<ul>\n<li><a href=\"https:\/\/luxury-rental-mc.com\/fr\/location-voiture-luxe\/autres-villes\/location-laax\">Location voiture luxe Laax<\/a><\/li>\n<\/ul>\n<ul>\n<li><a href=\"https:\/\/luxury-rental-mc.com\/fr\/location-voiture-luxe\/autres-villes\/location-lucerne\">Location voiture luxe Lucerne<\/a><\/li>\n<\/ul>\n<ul>\n<li><a href=\"https:\/\/luxury-rental-mc.com\/fr\/location-voiture-luxe\/autres-villes\/location-voiture-luxe-berne-2\">Location voiture luxe\u00a0Berne<\/a><\/li>\n<li><a href=\"https:\/\/luxury-rental-mc.com\/fr\/location-voiture-luxe\/autres-villes\/location-voiture-de-luxe-venise\">Location voiture luxe\u00a0Venise<\/a><\/li>\n<\/ul>\n<ul>\n<li><a href=\"https:\/\/luxury-rental-mc.com\/fr\/location-voiture-luxe\/autres-villes\/location-voiture-luxe-lac-de-come\">Location voiture luxe\u00a0Lac de C\u00f4me<\/a><\/li>\n<\/ul>\n<ul>\n<li><a href=\"https:\/\/luxury-rental-mc.com\/fr\/location-voiture-luxe\/autres-villes\/location-voiture-luxe-porto-cervo\">Location voiture luxe\u00a0Porto Cervo<\/a><\/li>\n<\/ul>\n<ul>\n<li><a href=\"https:\/\/luxury-rental-mc.com\/fr\/location-voiture-luxe\/autres-villes\/location-voiture-luxe-positano\">Location voiture luxe\u00a0Positano<\/a><\/li>\n<li><a href=\"https:\/\/luxury-rental-mc.com\/fr\/location-voiture-luxe\/autres-villes\/location-voiture-de-luxe-turin\">Location voiture luxe\u00a0Turin<\/a><\/li>\n<\/ul>\n[\/vc_column_text][\/vc_column][\/vc_row]\n","protected":false},"excerpt":{"rendered":"<p>[vc_row][vc_column][vc_column_text] Location voiture luxe Davos Davos dans les Grisons est une station qui constitue le plus grand centre de vacances en montagne \u00e0 l\u2019est de la Suisse. Si les sportifs y trouvent leur compte, elle est aussi connue pour accueillir annuellement le forum \u00e9conomique mondial qui r\u00e9unit des chefs d\u2019\u00c9tat et des grands experts en [&hellip;]<\/p>\n","protected":false},"author":1,"featured_media":0,"parent":9503,"menu_order":0,"comment_status":"closed","ping_status":"closed","template":"","meta":{"_monsterinsights_skip_tracking":false,"_monsterinsights_sitenote_active":false,"_monsterinsights_sitenote_note":"","_monsterinsights_sitenote_category":0},"yoast_head":"<!-- This site is optimized with the Yoast SEO plugin v20.3 - https:\/\/yoast.com\/wordpress\/plugins\/seo\/ -->\n<title>Location voiture luxe Davos - Luxury Car Rental MC<\/title>\n<meta name=\"description\" content=\"Pour une location voiture de luxe Davos, contactez l&#039;\u00e9quipe de professionnels Luxury Car Rental. N&#039;h\u00e9sitez pas \u00e0 nous contactez pour toute question.\" \/>\n<meta name=\"robots\" content=\"index, follow, max-snippet:-1, max-image-preview:large, max-video-preview:-1\" \/>\n<link rel=\"canonical\" href=\"https:\/\/luxury-rental-mc.com\/fr\/location-voiture-luxe\/autres-villes\/location-davos\/\" \/>\n<meta property=\"og:locale\" content=\"fr_FR\" \/>\n<meta property=\"og:type\" content=\"article\" \/>\n<meta property=\"og:title\" content=\"Location voiture luxe Davos - Luxury Car Rental MC\" \/>\n<meta property=\"og:description\" content=\"Pour une location voiture de luxe Davos, contactez l&#039;\u00e9quipe de professionnels Luxury Car Rental. N&#039;h\u00e9sitez pas \u00e0 nous contactez pour toute question.\" \/>\n<meta property=\"og:url\" content=\"https:\/\/luxury-rental-mc.com\/fr\/location-voiture-luxe\/autres-villes\/location-davos\/\" \/>\n<meta property=\"og:site_name\" content=\"Luxury Car Rentals | Monaco, Nice, Cannes, Saint-Tropez\" \/>\n<meta property=\"article:modified_time\" content=\"2017-03-08T09:15:58+00:00\" \/>\n<meta name=\"twitter:label1\" content=\"Dur\u00e9e de lecture estim\u00e9e\" \/>\n\t<meta name=\"twitter:data1\" content=\"5 minutes\" \/>\n<script type=\"application\/ld+json\" class=\"yoast-schema-graph\">{\"@context\":\"https:\/\/schema.org\",\"@graph\":[{\"@type\":\"WebPage\",\"@id\":\"https:\/\/luxury-rental-mc.com\/fr\/location-voiture-luxe\/autres-villes\/location-davos\/\",\"url\":\"https:\/\/luxury-rental-mc.com\/fr\/location-voiture-luxe\/autres-villes\/location-davos\/\",\"name\":\"Location voiture luxe Davos - Luxury Car Rental MC\",\"isPartOf\":{\"@id\":\"https:\/\/luxury-rental-mc.com\/#website\"},\"datePublished\":\"2016-12-27T08:38:13+00:00\",\"dateModified\":\"2017-03-08T09:15:58+00:00\",\"description\":\"Pour une location voiture de luxe Davos, contactez l'\u00e9quipe de professionnels Luxury Car Rental. N'h\u00e9sitez pas \u00e0 nous contactez pour toute question.\",\"breadcrumb\":{\"@id\":\"https:\/\/luxury-rental-mc.com\/fr\/location-voiture-luxe\/autres-villes\/location-davos\/#breadcrumb\"},\"inLanguage\":\"fr-FR\",\"potentialAction\":[{\"@type\":\"ReadAction\",\"target\":[\"https:\/\/luxury-rental-mc.com\/fr\/location-voiture-luxe\/autres-villes\/location-davos\/\"]}]},{\"@type\":\"BreadcrumbList\",\"@id\":\"https:\/\/luxury-rental-mc.com\/fr\/location-voiture-luxe\/autres-villes\/location-davos\/#breadcrumb\",\"itemListElement\":[{\"@type\":\"ListItem\",\"position\":1,\"name\":\"Accueil\",\"item\":\"https:\/\/luxury-rental-mc.com\/fr\/\"},{\"@type\":\"ListItem\",\"position\":2,\"name\":\"Location\",\"item\":\"https:\/\/luxury-rental-mc.com\/fr\/location-voiture-luxe\/\"},{\"@type\":\"ListItem\",\"position\":3,\"name\":\"Autres Villes\",\"item\":\"https:\/\/luxury-rental-mc.com\/fr\/location-voiture-luxe\/autres-villes\/\"},{\"@type\":\"ListItem\",\"position\":4,\"name\":\"Location Davos\"}]},{\"@type\":\"WebSite\",\"@id\":\"https:\/\/luxury-rental-mc.com\/#website\",\"url\":\"https:\/\/luxury-rental-mc.com\/\",\"name\":\"Luxury Car Rentals | Monaco, Nice, Cannes, Saint-Tropez\",\"description\":\"Rent the finest brands : Porsche, Ferrari, Lamborghini, Mercedes...\",\"potentialAction\":[{\"@type\":\"SearchAction\",\"target\":{\"@type\":\"EntryPoint\",\"urlTemplate\":\"https:\/\/luxury-rental-mc.com\/?s={search_term_string}\"},\"query-input\":\"required name=search_term_string\"}],\"inLanguage\":\"fr-FR\"}]}<\/script>\n<!-- \/ Yoast SEO plugin. -->","yoast_head_json":{"title":"Location voiture luxe Davos - Luxury Car Rental MC","description":"Pour une location voiture de luxe Davos, contactez l'\u00e9quipe de professionnels Luxury Car Rental. N'h\u00e9sitez pas \u00e0 nous contactez pour toute question.","robots":{"index":"index","follow":"follow","max-snippet":"max-snippet:-1","max-image-preview":"max-image-preview:large","max-video-preview":"max-video-preview:-1"},"canonical":"https:\/\/luxury-rental-mc.com\/fr\/location-voiture-luxe\/autres-villes\/location-davos\/","og_locale":"fr_FR","og_type":"article","og_title":"Location voiture luxe Davos - Luxury Car Rental MC","og_description":"Pour une location voiture de luxe Davos, contactez l'\u00e9quipe de professionnels Luxury Car Rental. N'h\u00e9sitez pas \u00e0 nous contactez pour toute question.","og_url":"https:\/\/luxury-rental-mc.com\/fr\/location-voiture-luxe\/autres-villes\/location-davos\/","og_site_name":"Luxury Car Rentals | Monaco, Nice, Cannes, Saint-Tropez","article_modified_time":"2017-03-08T09:15:58+00:00","twitter_misc":{"Dur\u00e9e de lecture estim\u00e9e":"5 minutes"},"schema":{"@context":"https:\/\/schema.org","@graph":[{"@type":"WebPage","@id":"https:\/\/luxury-rental-mc.com\/fr\/location-voiture-luxe\/autres-villes\/location-davos\/","url":"https:\/\/luxury-rental-mc.com\/fr\/location-voiture-luxe\/autres-villes\/location-davos\/","name":"Location voiture luxe Davos - Luxury Car Rental MC","isPartOf":{"@id":"https:\/\/luxury-rental-mc.com\/#website"},"datePublished":"2016-12-27T08:38:13+00:00","dateModified":"2017-03-08T09:15:58+00:00","description":"Pour une location voiture de luxe Davos, contactez l'\u00e9quipe de professionnels Luxury Car Rental. N'h\u00e9sitez pas \u00e0 nous contactez pour toute question.","breadcrumb":{"@id":"https:\/\/luxury-rental-mc.com\/fr\/location-voiture-luxe\/autres-villes\/location-davos\/#breadcrumb"},"inLanguage":"fr-FR","potentialAction":[{"@type":"ReadAction","target":["https:\/\/luxury-rental-mc.com\/fr\/location-voiture-luxe\/autres-villes\/location-davos\/"]}]},{"@type":"BreadcrumbList","@id":"https:\/\/luxury-rental-mc.com\/fr\/location-voiture-luxe\/autres-villes\/location-davos\/#breadcrumb","itemListElement":[{"@type":"ListItem","position":1,"name":"Accueil","item":"https:\/\/luxury-rental-mc.com\/fr\/"},{"@type":"ListItem","position":2,"name":"Location","item":"https:\/\/luxury-rental-mc.com\/fr\/location-voiture-luxe\/"},{"@type":"ListItem","position":3,"name":"Autres Villes","item":"https:\/\/luxury-rental-mc.com\/fr\/location-voiture-luxe\/autres-villes\/"},{"@type":"ListItem","position":4,"name":"Location Davos"}]},{"@type":"WebSite","@id":"https:\/\/luxury-rental-mc.com\/#website","url":"https:\/\/luxury-rental-mc.com\/","name":"Luxury Car Rentals | Monaco, Nice, Cannes, Saint-Tropez","description":"Rent the finest brands : Porsche, Ferrari, Lamborghini, Mercedes...","potentialAction":[{"@type":"SearchAction","target":{"@type":"EntryPoint","urlTemplate":"https:\/\/luxury-rental-mc.com\/?s={search_term_string}"},"query-input":"required name=search_term_string"}],"inLanguage":"fr-FR"}]}},"_links":{"self":[{"href":"https:\/\/luxury-rental-mc.com\/fr\/wp-json\/wp\/v2\/pages\/9652\/"}],"collection":[{"href":"https:\/\/luxury-rental-mc.com\/fr\/wp-json\/wp\/v2\/pages\/"}],"about":[{"href":"https:\/\/luxury-rental-mc.com\/fr\/wp-json\/wp\/v2\/types\/page\/"}],"author":[{"embeddable":true,"href":"https:\/\/luxury-rental-mc.com\/fr\/wp-json\/wp\/v2\/users\/1\/"}],"replies":[{"embeddable":true,"href":"https:\/\/luxury-rental-mc.com\/fr\/wp-json\/wp\/v2\/comments\/?post=9652"}],"version-history":[{"count":6,"href":"https:\/\/luxury-rental-mc.com\/fr\/wp-json\/wp\/v2\/pages\/9652\/revisions\/"}],"predecessor-version":[{"id":9900,"href":"https:\/\/luxury-rental-mc.com\/fr\/wp-json\/wp\/v2\/pages\/9652\/revisions\/9900\/"}],"up":[{"embeddable":true,"href":"https:\/\/luxury-rental-mc.com\/fr\/wp-json\/wp\/v2\/pages\/9503\/"}],"wp:attachment":[{"href":"https:\/\/luxury-rental-mc.com\/fr\/wp-json\/wp\/v2\/media\/?parent=9652"}],"curies":[{"name":"wp","href":"https:\/\/api.w.org\/{rel}","templated":true}]}}