{"id":9662,"date":"2016-12-27T09:56:02","date_gmt":"2016-12-27T08:56:02","guid":{"rendered":"https:\/\/luxury-rental-mc.com\/fr\/?page_id=9662"},"modified":"2017-03-08T10:10:00","modified_gmt":"2017-03-08T09:10:00","slug":"location-lausanne","status":"publish","type":"page","link":"https:\/\/luxury-rental-mc.com\/fr\/location-voiture-luxe\/autres-villes\/location-lausanne\/","title":{"rendered":"Location Lausanne"},"content":{"rendered":"[vc_row][vc_column][vc_column_text]\n<h1 style=\"text-align: center;\">Location voiture luxe Lausanne<\/h1>\n<p align=\"JUSTIFY\">Lausanne est une ville suisse qui charme par ses diff\u00e9rents espaces verts, son environnement calme et sa culture raffin\u00e9e. D\u2019ailleurs, la ville a \u00e9t\u00e9 un centre intellectuel qui a attir\u00e9 de nombreux penseurs comme Voltaire et Rousseau. Profitant d\u2019un climat exceptionnel, il fait bon vivre \u00e0 Lausanne en toute saison attirant ainsi l\u2019int\u00e9r\u00eat de nombreux visiteurs venus pour se relaxer et profiter du ski nautique, la natation et la voile sur le lac L\u00e9man. Afin de savourer votre s\u00e9jour \u00e0 Lausanne, il convient de vous v\u00e9hiculer pour ne rien rater de ses 41,31\u00a0km2. En effet, mis \u00e0 part les activit\u00e9s sportives, on y trouve d\u2019excellents restaurants, toute une pellet\u00e9e de mus\u00e9es qui gardent la longue histoire de la ville, des cath\u00e9drales m\u00e9di\u00e9vales \u00e0 visiter absolument sans oublier de grimper au sommet des collines pour profiter d\u2019une vue panoramique tout simplement \u00e9poustouflante. En ces lieux, vous pourrez alors faire appel \u00e0 la location voiture luxe Lausanne. Un service qui vous laissera choisir parmi toute une flotte de v\u00e9hicules de prestige le mod\u00e8le de v\u00e9hicule qui est le plus adapt\u00e9 \u00e0 vos besoins. Vous trouverez alors dans le parc auto du prestataire une voiture de sport deux places, un SUV ou encore une limousine avec chauffeur. La location voiture luxe Lausanne est un service incontournable si vous souhaitez passer un s\u00e9jour inoubliable dans la r\u00e9gion. La location du v\u00e9hicule peut se faire \u00e0 la journ\u00e9e, \u00e0 la semaine ou au mois.<\/p>\n[\/vc_column_text][mk_image src=\u00a0\u00bbhttps:\/\/luxury-rental-mc.com\/wp-content\/uploads\/2016\/12\/location-voiture-lausanne.jpg\u00a0\u00bb image_size=\u00a0\u00bbfull\u00a0\u00bb align=\u00a0\u00bbcenter\u00a0\u00bb][mk_padding_divider][\/vc_column][\/vc_row][vc_row][vc_column][vc_column_text]\n<h2 style=\"text-align: center;\">Location prestige en Suisse<\/h2>\n<p align=\"JUSTIFY\">Quelle que soit la raison de votre s\u00e9jour, la location prestige en Suisse vous apportera des solutions adapt\u00e9es pour tous vos besoins de d\u00e9placement dans ce pays magnifique. L\u2019avantage avec de tels services c\u2019est que le prestataire a tendance \u00e0 vous proposer du sur mesure. Alors si vous voulez rouler dans une Porsche Cayenne turbo ou une Range Rover pour parcourir les routes du pays en profitant d\u2019un grand confort ou si vous souhaitez afficher l\u2019\u00e9l\u00e9gance dans une Ferrari ou une Lamborghini pour un rendez-vous d\u2019affaires, n\u2019h\u00e9sitez pas \u00e0 r\u00e9aliser une r\u00e9servation sur le site officiel d\u2019une agence.\u00a0La voiture sera disponible d\u00e8s votre arriv\u00e9e \u00e0 l\u2019a\u00e9roport ou si vous pr\u00e9f\u00e9rez, elle vous attendra \u00e0 votre h\u00f4tel. L\u2019agence peut \u00e9galement mettre un chauffeur \u00e0 votre enti\u00e8re disposition qui se fera un plaisir de vous amener o\u00f9 vous le souhaitez en respectant votre timing. Aussi, il vous servira de guide pendant votre s\u00e9jour et facilitera encore plus vos d\u00e9placements en vous proposant les meilleurs trajets du pays. Pour effectuer la r\u00e9servation, naviguez sur le site internet d\u2019une agence o\u00f9 vous remplirez tout simplement un formulaire ou encore en la contactant directement sur son num\u00e9ro sur lequel des agents pourront vous guider pour le choix du v\u00e9hicule le plus adapt\u00e9 \u00e0 vos besoins. Sur le site, vous pourrez obtenir un devis d\u00e9taill\u00e9 gratuit.<\/p>\n[\/vc_column_text][\/vc_column][\/vc_row][mk_page_section bg_image=\u00a0\u00bbhttps:\/\/luxury-rental-mc.com\/wp-content\/uploads\/2016\/12\/location-voiture-luxe-lausanne.jpg\u00a0\u00bb bg_position=\u00a0\u00bbcenter center\u00a0\u00bb bg_repeat=\u00a0\u00bbno-repeat\u00a0\u00bb bg_stretch=\u00a0\u00bbtrue\u00a0\u00bb enable_3d=\u00a0\u00bbtrue\u00a0\u00bb min_height=\u00a0\u00bb400&Prime; full_width=\u00a0\u00bbtrue\u00a0\u00bb js_vertical_centered=\u00a0\u00bbtrue\u00a0\u00bb sidebar=\u00a0\u00bbsidebar-1&Prime;][vc_column][\/vc_column][\/mk_page_section][vc_row][vc_column][vc_column_text]\n<h2 style=\"text-align: center;\">Les h\u00f4tels de luxe \u00e0 Lausanne<\/h2>\n<p align=\"JUSTIFY\">Lausanne est une ville tr\u00e8s appr\u00e9ci\u00e9e par les touristes pour sa qualit\u00e9 environnementale et les nombreuses activit\u00e9s avec lesquelles on peut s\u2019adonner. Se d\u00e9tendre au bord du lac, faire la visite des diff\u00e9rents mus\u00e9es ou encore se r\u00e9galer dans ses restaurants, tout cela promet un s\u00e9jour des plus exaltants. Les voyageurs exigeants \u00e9tant de plus en plus nombreux chaque ann\u00e9e, ce ne sont pas les h\u00f4tels de luxe \u00e0 Lausanne qui manquent. Par ailleurs, il est plus judicieux de r\u00e9server \u00e0 l\u2019avance en passant un appel ou en visitant le site de l\u2019h\u00f4tel pour \u00e9viter tout d\u00e9sagr\u00e9ment \u00e0 la derni\u00e8re minute. De plus, cela ne vous co\u00fbtera rien. Toutefois, certaines institutions exigent le paiement d\u2019une partie ou de la totalit\u00e9 de votre s\u00e9jour. Si d\u2019autres h\u00f4tels ne vous demandent aucune avance, ils vous informeront sur leur site la proc\u00e9dure \u00e0 suivre en cas d\u2019annulation. Dans tous les cas, un h\u00f4tel de luxe \u00e0 Lausanne vous offrira tout le confort dont vous r\u00eavez d\u2019avoir. Parking s\u00e9curis\u00e9, acc\u00e8s \u00e0 la piscine et \u00e0 la salle de gym, acc\u00e8s Wifi gratuit et service de qualit\u00e9 seront de mise pendant votre s\u00e9jour. Pour d\u00e9couvrir quels sont les meilleurs h\u00f4tels dans la r\u00e9gion, naviguez sur les sites de forums o\u00f9 vous trouverez les avis des anciens clients. Cela dit, il faut avoir un regard objectif lorsque vous consulterez ses diff\u00e9rents avis car la perception de chacun peut varier d\u2019une personne \u00e0 une autre.<\/p>\n<p>&nbsp;<\/p>\n[\/vc_column_text][mk_image src=\u00a0\u00bbhttps:\/\/luxury-rental-mc.com\/wp-content\/uploads\/2016\/12\/louer-voiture-luxe-lausanne.jpg\u00a0\u00bb image_size=\u00a0\u00bbfull\u00a0\u00bb align=\u00a0\u00bbcenter\u00a0\u00bb][\/vc_column][\/vc_row][vc_row][vc_column][vc_column_text]\n<h2>D\u00e9couvrez les autres villes\u00a0:<\/h2>\n<ul>\n<li><a href=\"https:\/\/luxury-rental-mc.com\/fr\/location-voiture-luxe\/autres-villes\/location-geneve\">Location voiture luxe Gen\u00e8ve<\/a><\/li>\n<\/ul>\n<ul>\n<li><a href=\"https:\/\/luxury-rental-mc.com\/fr\/location-voiture-luxe\/autres-villes\/location-voiture-luxe-chamonix\">Location voiture luxe Chamonix<\/a><\/li>\n<\/ul>\n<ul>\n<li><a href=\"https:\/\/luxury-rental-mc.com\/fr\/location-voiture-luxe\/autres-villes\/location-voiture-luxe-zurich\">Location voiture luxe Zurich<\/a><\/li>\n<\/ul>\n<ul>\n<li><a href=\"https:\/\/luxury-rental-mc.com\/fr\/location-voiture-luxe\/autres-villes\/location-davos\">Location voiture luxe Davos<\/a><\/li>\n<\/ul>\n<ul>\n<li><a href=\"https:\/\/luxury-rental-mc.com\/fr\/location-voiture-luxe\/autres-villes\/location-laax\">Location voiture luxe Laax<\/a><\/li>\n<\/ul>\n<ul>\n<li><a href=\"https:\/\/luxury-rental-mc.com\/fr\/location-voiture-luxe\/autres-villes\/location-lucerne\">Location voiture luxe Lucerne<\/a><\/li>\n<\/ul>\n<ul>\n<li><a href=\"https:\/\/luxury-rental-mc.com\/fr\/location-voiture-luxe\/autres-villes\/location-voiture-luxe-berne-2\">Location voiture luxe\u00a0Berne<\/a><\/li>\n<\/ul>\n<ul>\n<li><a href=\"https:\/\/luxury-rental-mc.com\/fr\/location-voiture-luxe\/autres-villes\/location-voiture-de-luxe-venise\">Location voiture luxe\u00a0Venise<\/a><\/li>\n<\/ul>\n<ul>\n<li><a href=\"https:\/\/luxury-rental-mc.com\/fr\/location-voiture-luxe\/autres-villes\/location-voiture-luxe-lac-de-come\">Location voiture luxe\u00a0Lac de C\u00f4me<\/a><\/li>\n<\/ul>\n<ul>\n<li><a href=\"https:\/\/luxury-rental-mc.com\/fr\/location-voiture-luxe\/autres-villes\/location-voiture-luxe-porto-cervo\">Location voiture luxe\u00a0Porto Cervo<\/a><\/li>\n<\/ul>\n<ul>\n<li><a href=\"https:\/\/luxury-rental-mc.com\/fr\/location-voiture-luxe\/autres-villes\/location-voiture-luxe-positano\">Location voiture luxe\u00a0Positano<\/a><\/li>\n<li><a href=\"https:\/\/luxury-rental-mc.com\/fr\/location-voiture-luxe\/autres-villes\/location-voiture-de-luxe-turin\">Location voiture luxe\u00a0Turin<\/a><\/li>\n<\/ul>\n[\/vc_column_text][\/vc_column][\/vc_row]\n","protected":false},"excerpt":{"rendered":"<p>[vc_row][vc_column][vc_column_text] Location voiture luxe Lausanne Lausanne est une ville suisse qui charme par ses diff\u00e9rents espaces verts, son environnement calme et sa culture raffin\u00e9e. D\u2019ailleurs, la ville a \u00e9t\u00e9 un centre intellectuel qui a attir\u00e9 de nombreux penseurs comme Voltaire et Rousseau. Profitant d\u2019un climat exceptionnel, il fait bon vivre \u00e0 Lausanne en toute saison [&hellip;]<\/p>\n","protected":false},"author":1,"featured_media":0,"parent":9503,"menu_order":0,"comment_status":"closed","ping_status":"closed","template":"","meta":{"_monsterinsights_skip_tracking":false,"_monsterinsights_sitenote_active":false,"_monsterinsights_sitenote_note":"","_monsterinsights_sitenote_category":0},"yoast_head":"<!-- This site is optimized with the Yoast SEO plugin v20.3 - https:\/\/yoast.com\/wordpress\/plugins\/seo\/ -->\n<title>Location voiture luxe Lausanne - Luxury Car Rental MC<\/title>\n<meta name=\"description\" content=\"Pour une location voiture luxe Lausanne, contactez votre \u00e9quipe de professionnels Luxury Car Rental MC. N&#039;h\u00e9sitez pas \u00e0 nous joindre pour toutes questions.\" \/>\n<meta name=\"robots\" content=\"index, follow, max-snippet:-1, max-image-preview:large, max-video-preview:-1\" \/>\n<link rel=\"canonical\" href=\"https:\/\/luxury-rental-mc.com\/fr\/location-voiture-luxe\/autres-villes\/location-lausanne\/\" \/>\n<meta property=\"og:locale\" content=\"fr_FR\" \/>\n<meta property=\"og:type\" content=\"article\" \/>\n<meta property=\"og:title\" content=\"Location voiture luxe Lausanne - Luxury Car Rental MC\" \/>\n<meta property=\"og:description\" content=\"Pour une location voiture luxe Lausanne, contactez votre \u00e9quipe de professionnels Luxury Car Rental MC. N&#039;h\u00e9sitez pas \u00e0 nous joindre pour toutes questions.\" \/>\n<meta property=\"og:url\" content=\"https:\/\/luxury-rental-mc.com\/fr\/location-voiture-luxe\/autres-villes\/location-lausanne\/\" \/>\n<meta property=\"og:site_name\" content=\"Luxury Car Rentals | Monaco, Nice, Cannes, Saint-Tropez\" \/>\n<meta property=\"article:modified_time\" content=\"2017-03-08T09:10:00+00:00\" \/>\n<meta name=\"twitter:label1\" content=\"Dur\u00e9e de lecture estim\u00e9e\" \/>\n\t<meta name=\"twitter:data1\" content=\"5 minutes\" \/>\n<script type=\"application\/ld+json\" class=\"yoast-schema-graph\">{\"@context\":\"https:\/\/schema.org\",\"@graph\":[{\"@type\":\"WebPage\",\"@id\":\"https:\/\/luxury-rental-mc.com\/fr\/location-voiture-luxe\/autres-villes\/location-lausanne\/\",\"url\":\"https:\/\/luxury-rental-mc.com\/fr\/location-voiture-luxe\/autres-villes\/location-lausanne\/\",\"name\":\"Location voiture luxe Lausanne - Luxury Car Rental MC\",\"isPartOf\":{\"@id\":\"https:\/\/luxury-rental-mc.com\/#website\"},\"datePublished\":\"2016-12-27T08:56:02+00:00\",\"dateModified\":\"2017-03-08T09:10:00+00:00\",\"description\":\"Pour une location voiture luxe Lausanne, contactez votre \u00e9quipe de professionnels Luxury Car Rental MC. N'h\u00e9sitez pas \u00e0 nous joindre pour toutes questions.\",\"breadcrumb\":{\"@id\":\"https:\/\/luxury-rental-mc.com\/fr\/location-voiture-luxe\/autres-villes\/location-lausanne\/#breadcrumb\"},\"inLanguage\":\"fr-FR\",\"potentialAction\":[{\"@type\":\"ReadAction\",\"target\":[\"https:\/\/luxury-rental-mc.com\/fr\/location-voiture-luxe\/autres-villes\/location-lausanne\/\"]}]},{\"@type\":\"BreadcrumbList\",\"@id\":\"https:\/\/luxury-rental-mc.com\/fr\/location-voiture-luxe\/autres-villes\/location-lausanne\/#breadcrumb\",\"itemListElement\":[{\"@type\":\"ListItem\",\"position\":1,\"name\":\"Accueil\",\"item\":\"https:\/\/luxury-rental-mc.com\/fr\/\"},{\"@type\":\"ListItem\",\"position\":2,\"name\":\"Location\",\"item\":\"https:\/\/luxury-rental-mc.com\/fr\/location-voiture-luxe\/\"},{\"@type\":\"ListItem\",\"position\":3,\"name\":\"Autres Villes\",\"item\":\"https:\/\/luxury-rental-mc.com\/fr\/location-voiture-luxe\/autres-villes\/\"},{\"@type\":\"ListItem\",\"position\":4,\"name\":\"Location Lausanne\"}]},{\"@type\":\"WebSite\",\"@id\":\"https:\/\/luxury-rental-mc.com\/#website\",\"url\":\"https:\/\/luxury-rental-mc.com\/\",\"name\":\"Luxury Car Rentals | Monaco, Nice, Cannes, Saint-Tropez\",\"description\":\"Rent the finest brands : Porsche, Ferrari, Lamborghini, Mercedes...\",\"potentialAction\":[{\"@type\":\"SearchAction\",\"target\":{\"@type\":\"EntryPoint\",\"urlTemplate\":\"https:\/\/luxury-rental-mc.com\/?s={search_term_string}\"},\"query-input\":\"required name=search_term_string\"}],\"inLanguage\":\"fr-FR\"}]}<\/script>\n<!-- \/ Yoast SEO plugin. -->","yoast_head_json":{"title":"Location voiture luxe Lausanne - Luxury Car Rental MC","description":"Pour une location voiture luxe Lausanne, contactez votre \u00e9quipe de professionnels Luxury Car Rental MC. N'h\u00e9sitez pas \u00e0 nous joindre pour toutes questions.","robots":{"index":"index","follow":"follow","max-snippet":"max-snippet:-1","max-image-preview":"max-image-preview:large","max-video-preview":"max-video-preview:-1"},"canonical":"https:\/\/luxury-rental-mc.com\/fr\/location-voiture-luxe\/autres-villes\/location-lausanne\/","og_locale":"fr_FR","og_type":"article","og_title":"Location voiture luxe Lausanne - Luxury Car Rental MC","og_description":"Pour une location voiture luxe Lausanne, contactez votre \u00e9quipe de professionnels Luxury Car Rental MC. N'h\u00e9sitez pas \u00e0 nous joindre pour toutes questions.","og_url":"https:\/\/luxury-rental-mc.com\/fr\/location-voiture-luxe\/autres-villes\/location-lausanne\/","og_site_name":"Luxury Car Rentals | Monaco, Nice, Cannes, Saint-Tropez","article_modified_time":"2017-03-08T09:10:00+00:00","twitter_misc":{"Dur\u00e9e de lecture estim\u00e9e":"5 minutes"},"schema":{"@context":"https:\/\/schema.org","@graph":[{"@type":"WebPage","@id":"https:\/\/luxury-rental-mc.com\/fr\/location-voiture-luxe\/autres-villes\/location-lausanne\/","url":"https:\/\/luxury-rental-mc.com\/fr\/location-voiture-luxe\/autres-villes\/location-lausanne\/","name":"Location voiture luxe Lausanne - Luxury Car Rental MC","isPartOf":{"@id":"https:\/\/luxury-rental-mc.com\/#website"},"datePublished":"2016-12-27T08:56:02+00:00","dateModified":"2017-03-08T09:10:00+00:00","description":"Pour une location voiture luxe Lausanne, contactez votre \u00e9quipe de professionnels Luxury Car Rental MC. N'h\u00e9sitez pas \u00e0 nous joindre pour toutes questions.","breadcrumb":{"@id":"https:\/\/luxury-rental-mc.com\/fr\/location-voiture-luxe\/autres-villes\/location-lausanne\/#breadcrumb"},"inLanguage":"fr-FR","potentialAction":[{"@type":"ReadAction","target":["https:\/\/luxury-rental-mc.com\/fr\/location-voiture-luxe\/autres-villes\/location-lausanne\/"]}]},{"@type":"BreadcrumbList","@id":"https:\/\/luxury-rental-mc.com\/fr\/location-voiture-luxe\/autres-villes\/location-lausanne\/#breadcrumb","itemListElement":[{"@type":"ListItem","position":1,"name":"Accueil","item":"https:\/\/luxury-rental-mc.com\/fr\/"},{"@type":"ListItem","position":2,"name":"Location","item":"https:\/\/luxury-rental-mc.com\/fr\/location-voiture-luxe\/"},{"@type":"ListItem","position":3,"name":"Autres Villes","item":"https:\/\/luxury-rental-mc.com\/fr\/location-voiture-luxe\/autres-villes\/"},{"@type":"ListItem","position":4,"name":"Location Lausanne"}]},{"@type":"WebSite","@id":"https:\/\/luxury-rental-mc.com\/#website","url":"https:\/\/luxury-rental-mc.com\/","name":"Luxury Car Rentals | Monaco, Nice, Cannes, Saint-Tropez","description":"Rent the finest brands : Porsche, Ferrari, Lamborghini, Mercedes...","potentialAction":[{"@type":"SearchAction","target":{"@type":"EntryPoint","urlTemplate":"https:\/\/luxury-rental-mc.com\/?s={search_term_string}"},"query-input":"required name=search_term_string"}],"inLanguage":"fr-FR"}]}},"_links":{"self":[{"href":"https:\/\/luxury-rental-mc.com\/fr\/wp-json\/wp\/v2\/pages\/9662\/"}],"collection":[{"href":"https:\/\/luxury-rental-mc.com\/fr\/wp-json\/wp\/v2\/pages\/"}],"about":[{"href":"https:\/\/luxury-rental-mc.com\/fr\/wp-json\/wp\/v2\/types\/page\/"}],"author":[{"embeddable":true,"href":"https:\/\/luxury-rental-mc.com\/fr\/wp-json\/wp\/v2\/users\/1\/"}],"replies":[{"embeddable":true,"href":"https:\/\/luxury-rental-mc.com\/fr\/wp-json\/wp\/v2\/comments\/?post=9662"}],"version-history":[{"count":4,"href":"https:\/\/luxury-rental-mc.com\/fr\/wp-json\/wp\/v2\/pages\/9662\/revisions\/"}],"predecessor-version":[{"id":9895,"href":"https:\/\/luxury-rental-mc.com\/fr\/wp-json\/wp\/v2\/pages\/9662\/revisions\/9895\/"}],"up":[{"embeddable":true,"href":"https:\/\/luxury-rental-mc.com\/fr\/wp-json\/wp\/v2\/pages\/9503\/"}],"wp:attachment":[{"href":"https:\/\/luxury-rental-mc.com\/fr\/wp-json\/wp\/v2\/media\/?parent=9662"}],"curies":[{"name":"wp","href":"https:\/\/api.w.org\/{rel}","templated":true}]}}