{"id":9668,"date":"2016-12-27T10:07:35","date_gmt":"2016-12-27T09:07:35","guid":{"rendered":"https:\/\/luxury-rental-mc.com\/fr\/?page_id=9668"},"modified":"2017-03-08T10:26:17","modified_gmt":"2017-03-08T09:26:17","slug":"location-laax","status":"publish","type":"page","link":"https:\/\/luxury-rental-mc.com\/fr\/location-voiture-luxe\/autres-villes\/location-laax\/","title":{"rendered":"Location Laax"},"content":{"rendered":"[vc_row][vc_column][vc_column_text]\n<h1 style=\"text-align: center;\">\u00a0Location voiture luxe Laax<\/h1>\n<p align=\"JUSTIFY\">Laax avec Flims et Falera forment le plus grand domaine de sports d\u2019hiver en Suisse, offrant plus de 235 kilom\u00e8tres de pistes. \u00c0 lui seulement, Laax repr\u00e9sente l\u2019un des plus importants domaines skiables du pays. Si toutefois il ne se trouve pas \u00eatre le sous-domaine le plus important en termes de superficie, il profite de tr\u00e8s bons \u00e9quipements en \u00e9tant bien desservi par une t\u00e9l\u00e9cabine dans les deux coins du village avec la pr\u00e9sence d\u2019\u00e9tablissements h\u00f4teliers de luxe qui sont de v\u00e9ritables havres de paix pour les voyageurs. Le domaine est alors tr\u00e8s pris\u00e9 par les d\u00e9butants qui viennent faire leur premier pas en ski ou en snowboard. Pour pleinement profiter de votre s\u00e9jour dans cette partie de la Suisse, assurez-vous de bien vous v\u00e9hiculer afin de parcourir sans souci les trois sous-domaines surtout par temps enneig\u00e9. En privil\u00e9giant la location voiture luxe Laax vous comblerez tous vos besoins de d\u00e9placement dans la r\u00e9gion en roulant dans le confort total et la s\u00e9curit\u00e9. En effet, avec ce type de service, le prestataire consid\u00e8re votre s\u00e9r\u00e9nit\u00e9 comme une priorit\u00e9 absolue. Ainsi, en fonction de vos besoins, du temps et de la destination du v\u00e9hicule, le professionnel n\u2019h\u00e9site pas \u00e0 vous proposer des solutions compl\u00e8tes vous permettant de parcourir tous vos trajets en toutes qui\u00e9tudes. Aussi, il \u00e9quipera votre v\u00e9hicule de pneus cha\u00een\u00e9s si cela s\u2019av\u00e8re \u00eatre n\u00e9cessaire. Pour consulter le tarif du service, vous pouvez effectuer une demande de devis gratuit sur le site d\u2019un professionnel.<\/p>\n[\/vc_column_text][mk_image src=\u00a0\u00bbhttps:\/\/luxury-rental-mc.com\/wp-content\/uploads\/2016\/12\/location-voiture-laax.jpg\u00a0\u00bb image_size=\u00a0\u00bbfull\u00a0\u00bb align=\u00a0\u00bbcenter\u00a0\u00bb][mk_padding_divider][\/vc_column][\/vc_row][vc_row][vc_column][vc_column_text]\n<h2 style=\"text-align: center;\">Location Mercedes Falera \/ Surselva<\/h2>\n<p align=\"JUSTIFY\">La location Mercedes Falera \/ Surselva est un incontournable pour parcourir en toute s\u00e9curit\u00e9 les routes de la r\u00e9gion avec la r\u00e9putation de la technologie Mercedes-Benz. Pour un voyage d\u2019affaires ou pour un s\u00e9jour de d\u00e9tente, louer une Mercedes pr\u00f4ne tout simplement l\u2019\u00e9l\u00e9gance et le confort. Comme la marque est tr\u00e8s appr\u00e9ci\u00e9e en Suisse, vous ne manquerez pas de trouver des offres de location voiture luxe Laax avec les mod\u00e8les les plus r\u00e9cents de la marque \u00e0 l\u2019\u00e9toile. En louant une Mercedes, les routes ne seront s\u00fbrement pas assez longues car vos trajets ne seront que des moments de pur plaisir. Vous pourrez alors louer un mod\u00e8le berline, un 4&#215;4, une familiale ou un cabriolet sur le site d\u2019un professionnel. Pour ce faire, il suffit de vous rendre sur le site, de consulter les diff\u00e9rents mod\u00e8les de voiture qui compose son parc auto et de s\u00e9lectionner le v\u00e9hicule qui vous convient le plus. La r\u00e9servation se fera en un rien de temps, en remplissant tout simplement un formulaire. D\u00e8s votre arriv\u00e9e, la voiture vous attendra \u00e0 la gare, \u00e0 l\u2019a\u00e9roport ou devant votre h\u00f4tel selon votre convenance. Pour que votre s\u00e9jour \u00e0 Falera soit inoubliable, n\u2019h\u00e9sitez donc pas \u00e0 louer une Mercedes.<\/p>\n[\/vc_column_text][\/vc_column][\/vc_row][mk_page_section bg_image=\u00a0\u00bbhttps:\/\/luxury-rental-mc.com\/wp-content\/uploads\/2016\/12\/location-voiture-luxe-laax.jpg\u00a0\u00bb bg_position=\u00a0\u00bbcenter center\u00a0\u00bb bg_repeat=\u00a0\u00bbno-repeat\u00a0\u00bb bg_stretch=\u00a0\u00bbtrue\u00a0\u00bb enable_3d=\u00a0\u00bbtrue\u00a0\u00bb min_height=\u00a0\u00bb400&Prime; full_width=\u00a0\u00bbtrue\u00a0\u00bb js_vertical_centered=\u00a0\u00bbtrue\u00a0\u00bb sidebar=\u00a0\u00bbsidebar-1&Prime;][vc_column][\/vc_column][\/mk_page_section][vc_row][vc_column][vc_column_text]\n<h2 style=\"text-align: center;\">Louer 4&#215;4 station de ski en Suisse<\/h2>\n<p align=\"JUSTIFY\">Pour braver les routes enneig\u00e9es et profiter d\u2019un grand confort avec une tenue de route irr\u00e9prochable, louer 4&#215;4 station de ski en Suisse est la premi\u00e8re chose \u00e0 faire avant d\u2019entamer votre voyage. Pour rouler en toute s\u00e9curit\u00e9, un 4&#215;4 est dot\u00e9 d\u2019un syst\u00e8me ABS qui am\u00e9liore le freinage sur les routes verglac\u00e9es. Un argument de taille qui devrait directement vous convaincre de louer ce type de v\u00e9hicule pour parcourir les diff\u00e9rentes stations de ski en Suisse surtout en hiver. De plus, un 4&#215;4 convient parfaitement \u00e0 de nombreux passagers si vous comptez partir en famille. Mais il permet \u00e9galement de transporter une charge importante de bagages, id\u00e9al pour les gros sacs de v\u00eatements chauds et les mat\u00e9riels de ski et de snowboard. L\u2019habitacle de ce type de v\u00e9hicule est dans la majorit\u00e9 des cas spacieux et confortable tout en profitant d\u2019une bonne temp\u00e9rature avec le syst\u00e8me de chauffage optimis\u00e9. Vos trajets seront des moments de pur bonheur. Avec la location voiture luxe Laax, vous pourrez recourir au service de location avec chauffeur si vous n\u2019avez pas envie de prendre le volant afin de profiter du paysage. Mais encore, le chauffeur est un professionnel qui pourra vous faire d\u00e9couvrir la r\u00e9gion de long en large \u00e0 votre simple demande. S\u00e9rieux et \u00e0 l\u2019\u00e9coute, il se fera un plaisir de vous emmener o\u00f9 bon vous semblera en respectant votre timing. Pour profiter d\u2019un tel service, il vous suffira de naviguer sur le site d\u2019une agence et de r\u00e9aliser en toute simplicit\u00e9 une r\u00e9servation.<\/p>\n[\/vc_column_text][mk_image src=\u00a0\u00bbhttps:\/\/luxury-rental-mc.com\/wp-content\/uploads\/2016\/12\/louer-voiture-laax.jpg\u00a0\u00bb image_size=\u00a0\u00bbfull\u00a0\u00bb align=\u00a0\u00bbcenter\u00a0\u00bb][\/vc_column][\/vc_row][vc_row][vc_column][vc_column_text]\n<h2>\u00a0D\u00e9couvrez les autres villes\u00a0:<\/h2>\n<ul>\n<li><a href=\"https:\/\/luxury-rental-mc.com\/fr\/location-voiture-luxe\/autres-villes\/location-geneve\">Location voiture luxe Gen\u00e8ve<\/a><\/li>\n<\/ul>\n<ul>\n<li><a href=\"https:\/\/luxury-rental-mc.com\/fr\/location-voiture-luxe\/autres-villes\/location-voiture-luxe-chamonix\">Location voiture luxe Chamonix<\/a><\/li>\n<\/ul>\n<ul>\n<li><a href=\"https:\/\/luxury-rental-mc.com\/fr\/location-voiture-luxe\/autres-villes\/location-voiture-luxe-zurich\">Location voiture luxe Zurich<\/a><\/li>\n<\/ul>\n<ul>\n<li><a href=\"https:\/\/luxury-rental-mc.com\/fr\/location-voiture-luxe\/autres-villes\/location-davos\">Location voiture luxe Davos<\/a><\/li>\n<\/ul>\n<ul>\n<li><a href=\"https:\/\/luxury-rental-mc.com\/fr\/location-voiture-luxe\/autres-villes\/location-lausanne\">Location voiture luxe Lausanne<\/a><\/li>\n<\/ul>\n<ul>\n<li><a href=\"https:\/\/luxury-rental-mc.com\/fr\/location-voiture-luxe\/autres-villes\/location-lucerne\">Location voiture luxe Lucerne<\/a><\/li>\n<\/ul>\n<ul>\n<li><a href=\"https:\/\/luxury-rental-mc.com\/fr\/location-voiture-luxe\/autres-villes\/location-voiture-luxe-berne-2\">Location voiture luxe\u00a0Berne<\/a><\/li>\n<li><a href=\"https:\/\/luxury-rental-mc.com\/fr\/location-voiture-luxe\/autres-villes\/location-voiture-de-luxe-venise\">Location voiture luxe\u00a0Venise<\/a><\/li>\n<\/ul>\n<ul>\n<li><a href=\"https:\/\/luxury-rental-mc.com\/fr\/location-voiture-luxe\/autres-villes\/location-voiture-luxe-lac-de-come\">Location voiture luxe\u00a0Lac de C\u00f4me<\/a><\/li>\n<\/ul>\n<ul>\n<li><a href=\"https:\/\/luxury-rental-mc.com\/fr\/location-voiture-luxe\/autres-villes\/location-voiture-luxe-porto-cervo\">Location voiture luxe\u00a0Porto Cervo<\/a><\/li>\n<\/ul>\n<ul>\n<li><a href=\"https:\/\/luxury-rental-mc.com\/fr\/location-voiture-luxe\/autres-villes\/location-voiture-luxe-positano\">Location voiture luxe\u00a0Positano<\/a><\/li>\n<li><a href=\"https:\/\/luxury-rental-mc.com\/fr\/location-voiture-luxe\/autres-villes\/location-voiture-de-luxe-turin\">Location voiture luxe\u00a0Turin<\/a><\/li>\n<\/ul>\n[\/vc_column_text][\/vc_column][\/vc_row]\n","protected":false},"excerpt":{"rendered":"<p>[vc_row][vc_column][vc_column_text] \u00a0Location voiture luxe Laax Laax avec Flims et Falera forment le plus grand domaine de sports d\u2019hiver en Suisse, offrant plus de 235 kilom\u00e8tres de pistes. \u00c0 lui seulement, Laax repr\u00e9sente l\u2019un des plus importants domaines skiables du pays. Si toutefois il ne se trouve pas \u00eatre le sous-domaine le plus important en termes [&hellip;]<\/p>\n","protected":false},"author":1,"featured_media":0,"parent":9503,"menu_order":0,"comment_status":"closed","ping_status":"closed","template":"","meta":{"_monsterinsights_skip_tracking":false,"_monsterinsights_sitenote_active":false,"_monsterinsights_sitenote_note":"","_monsterinsights_sitenote_category":0},"yoast_head":"<!-- This site is optimized with the Yoast SEO plugin v20.3 - https:\/\/yoast.com\/wordpress\/plugins\/seo\/ -->\n<title>Location voiture luxe Laax - Luxury Car Rental MC<\/title>\n<meta name=\"description\" content=\"Location voiture de luxe Laax, l&#039;\u00e9quipe Luxury Car Rental vous propose ses services et prestations. N&#039;h\u00e9sitez pas \u00e0 nous joindre pour toutes questions.\" \/>\n<meta name=\"robots\" content=\"index, follow, max-snippet:-1, max-image-preview:large, max-video-preview:-1\" \/>\n<link rel=\"canonical\" href=\"https:\/\/luxury-rental-mc.com\/fr\/location-voiture-luxe\/autres-villes\/location-laax\/\" \/>\n<meta property=\"og:locale\" content=\"fr_FR\" \/>\n<meta property=\"og:type\" content=\"article\" \/>\n<meta property=\"og:title\" content=\"Location voiture luxe Laax - Luxury Car Rental MC\" \/>\n<meta property=\"og:description\" content=\"Location voiture de luxe Laax, l&#039;\u00e9quipe Luxury Car Rental vous propose ses services et prestations. N&#039;h\u00e9sitez pas \u00e0 nous joindre pour toutes questions.\" \/>\n<meta property=\"og:url\" content=\"https:\/\/luxury-rental-mc.com\/fr\/location-voiture-luxe\/autres-villes\/location-laax\/\" \/>\n<meta property=\"og:site_name\" content=\"Luxury Car Rentals | Monaco, Nice, Cannes, Saint-Tropez\" \/>\n<meta property=\"article:modified_time\" content=\"2017-03-08T09:26:17+00:00\" \/>\n<meta name=\"twitter:label1\" content=\"Dur\u00e9e de lecture estim\u00e9e\" \/>\n\t<meta name=\"twitter:data1\" content=\"5 minutes\" \/>\n<script type=\"application\/ld+json\" class=\"yoast-schema-graph\">{\"@context\":\"https:\/\/schema.org\",\"@graph\":[{\"@type\":\"WebPage\",\"@id\":\"https:\/\/luxury-rental-mc.com\/fr\/location-voiture-luxe\/autres-villes\/location-laax\/\",\"url\":\"https:\/\/luxury-rental-mc.com\/fr\/location-voiture-luxe\/autres-villes\/location-laax\/\",\"name\":\"Location voiture luxe Laax - Luxury Car Rental MC\",\"isPartOf\":{\"@id\":\"https:\/\/luxury-rental-mc.com\/#website\"},\"datePublished\":\"2016-12-27T09:07:35+00:00\",\"dateModified\":\"2017-03-08T09:26:17+00:00\",\"description\":\"Location voiture de luxe Laax, l'\u00e9quipe Luxury Car Rental vous propose ses services et prestations. N'h\u00e9sitez pas \u00e0 nous joindre pour toutes questions.\",\"breadcrumb\":{\"@id\":\"https:\/\/luxury-rental-mc.com\/fr\/location-voiture-luxe\/autres-villes\/location-laax\/#breadcrumb\"},\"inLanguage\":\"fr-FR\",\"potentialAction\":[{\"@type\":\"ReadAction\",\"target\":[\"https:\/\/luxury-rental-mc.com\/fr\/location-voiture-luxe\/autres-villes\/location-laax\/\"]}]},{\"@type\":\"BreadcrumbList\",\"@id\":\"https:\/\/luxury-rental-mc.com\/fr\/location-voiture-luxe\/autres-villes\/location-laax\/#breadcrumb\",\"itemListElement\":[{\"@type\":\"ListItem\",\"position\":1,\"name\":\"Accueil\",\"item\":\"https:\/\/luxury-rental-mc.com\/fr\/\"},{\"@type\":\"ListItem\",\"position\":2,\"name\":\"Location\",\"item\":\"https:\/\/luxury-rental-mc.com\/fr\/location-voiture-luxe\/\"},{\"@type\":\"ListItem\",\"position\":3,\"name\":\"Autres Villes\",\"item\":\"https:\/\/luxury-rental-mc.com\/fr\/location-voiture-luxe\/autres-villes\/\"},{\"@type\":\"ListItem\",\"position\":4,\"name\":\"Location Laax\"}]},{\"@type\":\"WebSite\",\"@id\":\"https:\/\/luxury-rental-mc.com\/#website\",\"url\":\"https:\/\/luxury-rental-mc.com\/\",\"name\":\"Luxury Car Rentals | Monaco, Nice, Cannes, Saint-Tropez\",\"description\":\"Rent the finest brands : Porsche, Ferrari, Lamborghini, Mercedes...\",\"potentialAction\":[{\"@type\":\"SearchAction\",\"target\":{\"@type\":\"EntryPoint\",\"urlTemplate\":\"https:\/\/luxury-rental-mc.com\/?s={search_term_string}\"},\"query-input\":\"required name=search_term_string\"}],\"inLanguage\":\"fr-FR\"}]}<\/script>\n<!-- \/ Yoast SEO plugin. -->","yoast_head_json":{"title":"Location voiture luxe Laax - Luxury Car Rental MC","description":"Location voiture de luxe Laax, l'\u00e9quipe Luxury Car Rental vous propose ses services et prestations. N'h\u00e9sitez pas \u00e0 nous joindre pour toutes questions.","robots":{"index":"index","follow":"follow","max-snippet":"max-snippet:-1","max-image-preview":"max-image-preview:large","max-video-preview":"max-video-preview:-1"},"canonical":"https:\/\/luxury-rental-mc.com\/fr\/location-voiture-luxe\/autres-villes\/location-laax\/","og_locale":"fr_FR","og_type":"article","og_title":"Location voiture luxe Laax - Luxury Car Rental MC","og_description":"Location voiture de luxe Laax, l'\u00e9quipe Luxury Car Rental vous propose ses services et prestations. N'h\u00e9sitez pas \u00e0 nous joindre pour toutes questions.","og_url":"https:\/\/luxury-rental-mc.com\/fr\/location-voiture-luxe\/autres-villes\/location-laax\/","og_site_name":"Luxury Car Rentals | Monaco, Nice, Cannes, Saint-Tropez","article_modified_time":"2017-03-08T09:26:17+00:00","twitter_misc":{"Dur\u00e9e de lecture estim\u00e9e":"5 minutes"},"schema":{"@context":"https:\/\/schema.org","@graph":[{"@type":"WebPage","@id":"https:\/\/luxury-rental-mc.com\/fr\/location-voiture-luxe\/autres-villes\/location-laax\/","url":"https:\/\/luxury-rental-mc.com\/fr\/location-voiture-luxe\/autres-villes\/location-laax\/","name":"Location voiture luxe Laax - Luxury Car Rental MC","isPartOf":{"@id":"https:\/\/luxury-rental-mc.com\/#website"},"datePublished":"2016-12-27T09:07:35+00:00","dateModified":"2017-03-08T09:26:17+00:00","description":"Location voiture de luxe Laax, l'\u00e9quipe Luxury Car Rental vous propose ses services et prestations. N'h\u00e9sitez pas \u00e0 nous joindre pour toutes questions.","breadcrumb":{"@id":"https:\/\/luxury-rental-mc.com\/fr\/location-voiture-luxe\/autres-villes\/location-laax\/#breadcrumb"},"inLanguage":"fr-FR","potentialAction":[{"@type":"ReadAction","target":["https:\/\/luxury-rental-mc.com\/fr\/location-voiture-luxe\/autres-villes\/location-laax\/"]}]},{"@type":"BreadcrumbList","@id":"https:\/\/luxury-rental-mc.com\/fr\/location-voiture-luxe\/autres-villes\/location-laax\/#breadcrumb","itemListElement":[{"@type":"ListItem","position":1,"name":"Accueil","item":"https:\/\/luxury-rental-mc.com\/fr\/"},{"@type":"ListItem","position":2,"name":"Location","item":"https:\/\/luxury-rental-mc.com\/fr\/location-voiture-luxe\/"},{"@type":"ListItem","position":3,"name":"Autres Villes","item":"https:\/\/luxury-rental-mc.com\/fr\/location-voiture-luxe\/autres-villes\/"},{"@type":"ListItem","position":4,"name":"Location Laax"}]},{"@type":"WebSite","@id":"https:\/\/luxury-rental-mc.com\/#website","url":"https:\/\/luxury-rental-mc.com\/","name":"Luxury Car Rentals | Monaco, Nice, Cannes, Saint-Tropez","description":"Rent the finest brands : Porsche, Ferrari, Lamborghini, Mercedes...","potentialAction":[{"@type":"SearchAction","target":{"@type":"EntryPoint","urlTemplate":"https:\/\/luxury-rental-mc.com\/?s={search_term_string}"},"query-input":"required name=search_term_string"}],"inLanguage":"fr-FR"}]}},"_links":{"self":[{"href":"https:\/\/luxury-rental-mc.com\/fr\/wp-json\/wp\/v2\/pages\/9668\/"}],"collection":[{"href":"https:\/\/luxury-rental-mc.com\/fr\/wp-json\/wp\/v2\/pages\/"}],"about":[{"href":"https:\/\/luxury-rental-mc.com\/fr\/wp-json\/wp\/v2\/types\/page\/"}],"author":[{"embeddable":true,"href":"https:\/\/luxury-rental-mc.com\/fr\/wp-json\/wp\/v2\/users\/1\/"}],"replies":[{"embeddable":true,"href":"https:\/\/luxury-rental-mc.com\/fr\/wp-json\/wp\/v2\/comments\/?post=9668"}],"version-history":[{"count":5,"href":"https:\/\/luxury-rental-mc.com\/fr\/wp-json\/wp\/v2\/pages\/9668\/revisions\/"}],"predecessor-version":[{"id":9909,"href":"https:\/\/luxury-rental-mc.com\/fr\/wp-json\/wp\/v2\/pages\/9668\/revisions\/9909\/"}],"up":[{"embeddable":true,"href":"https:\/\/luxury-rental-mc.com\/fr\/wp-json\/wp\/v2\/pages\/9503\/"}],"wp:attachment":[{"href":"https:\/\/luxury-rental-mc.com\/fr\/wp-json\/wp\/v2\/media\/?parent=9668"}],"curies":[{"name":"wp","href":"https:\/\/api.w.org\/{rel}","templated":true}]}}