{"id":9674,"date":"2016-12-27T10:22:48","date_gmt":"2016-12-27T09:22:48","guid":{"rendered":"https:\/\/luxury-rental-mc.com\/fr\/?page_id=9674"},"modified":"2017-03-08T10:25:33","modified_gmt":"2017-03-08T09:25:33","slug":"location-lucerne","status":"publish","type":"page","link":"https:\/\/luxury-rental-mc.com\/fr\/location-voiture-luxe\/autres-villes\/location-lucerne\/","title":{"rendered":"Location Lucerne"},"content":{"rendered":"[vc_row][vc_column][vc_column_text]\n<h1 style=\"text-align: center;\">Location voiture luxe Lucerne<\/h1>\n<p align=\"JUSTIFY\">Lucerne est une \u00e9tape extraordinaire avant d\u2019acc\u00e9der \u00e0 la Suisse centrale. Elle est merveilleusement entour\u00e9e de montagne et situ\u00e9e au bord du lac des Quatre Cantons. C\u2019est un endroit r\u00eav\u00e9 pour les touristes qui souhaitent profiter du calme et de l\u2019air frais avec sa belle situation en bord de lac. Si la tranquillit\u00e9 est au rendez-vous, ce n\u2019est pas pour autant que vous allez vous ennuyer \u00e0 Lucerne avec ses nombreux points d\u2019int\u00e9r\u00eats, ses boutiques de souvenirs, ses horlogeries, les croisi\u00e8res en bateau \u00e0 vapeur sur le lac des Quatre Cantons et les excursions que l\u2019on peut r\u00e9aliser sur les montagnes qui d\u00e9voilent des panoramas \u00e9poustouflants. Mais Lucerne c\u2019est \u00e9galement les nombreux \u00e9v\u00e9nements comme le carnaval en f\u00e9vrier, le festival de Lucerne qui se d\u00e9roule chaque ann\u00e9e \u00e0 P\u00e2ques, en \u00e9t\u00e9 et en novembre, le festival de jazz et bien plus encore. Afin de profiter pleinement de vos vacances dans la r\u00e9gion, optez pour la location voiture luxe Lucerne. La voiture peut \u00eatre une sportive ou une voiture de plaisance de prestige conduit par un chauffeur. En visitant le site d\u2019un professionnel dans la r\u00e9gion, vous d\u00e9couvrirez les voitures qui composent son parc autos et vous pourrez directement y r\u00e9aliser une r\u00e9servation. En partant de chez vous, vous serez alors s\u00fbr de parcourir Lucerne et ses environs dans le confort et en profitant de la grande sensation que seule une voiture de luxe peut vous procurer. Partez ainsi \u00e0 la d\u00e9couverte du Rigi, du Mont Pilate et du Stranserhorn dans les meilleures conditions.<\/p>\n[\/vc_column_text][mk_image src=\u00a0\u00bbhttps:\/\/luxury-rental-mc.com\/wp-content\/uploads\/2016\/12\/louer-voiture-lucerne.jpg\u00a0\u00bb image_size=\u00a0\u00bbfull\u00a0\u00bb align=\u00a0\u00bbcenter\u00a0\u00bb][mk_padding_divider][\/vc_column][\/vc_row][vc_row][vc_column][vc_column_text]\n<h2 style=\"text-align: center;\">Location Ferrari Littau<\/h2>\n<p align=\"JUSTIFY\">En choisissant de contacter une agence pour la location voiture luxe Lucerne, vous vous assurez de parcourir la commune et ses environs \u00e0 toute allure. Si vous avez toujours r\u00eav\u00e9 de conduire une belle italienne dans un environnement paradisiaque, la location Ferrari Littau est faite pour vous. Littau est une localit\u00e9 de Lucerne qui rec\u00e8le bien des tr\u00e9sors. En effet, en r\u00e9alisant quelques recherches sur internet, vous ne manquerez pas de tomber sur des offres de location de la marque au cheval cabr\u00e9 r\u00e9put\u00e9e pour les performances in\u00e9gal\u00e9es de ces diff\u00e9rents mod\u00e8les. De la California T \u00e0 la 458 Sp\u00e9ciale en passant par la Modena Spider, vous ferez le tour du concessionnaire en ayant cette merveilleuse sensation d\u2019avoir \u00e0 port\u00e9e de main cette voiture rouge vif que vous avez toujours r\u00eav\u00e9 de conduire. Et quelle conduite. Au volant d\u2019une Ferrari, vous sentirez cette puissance qui se contr\u00f4le avec une facilit\u00e9 d\u00e9concertante. Ce type de service se veut \u00eatre accessible dans cette r\u00e9gion. De ce fait, les offres propos\u00e9es seront adapt\u00e9es \u00e0 diff\u00e9rents budgets selon le mod\u00e8le choisi. Par ailleurs, la location propose un syst\u00e8me tarifaire d\u00e9gressif qui satisfera la majorit\u00e9 des visiteurs qui comptent s\u00e9journer \u00e0 Littau pendant un petit bout de temps. Les vacances promettent d\u2019\u00eatre r\u00e9ussies avec la location voiture luxe Lucerne qui vont attirer tous les regards et vous procurez un plaisir inimaginable au volant de ces belles m\u00e9caniques qui n\u2019attendent plus que votre r\u00e9servation.<\/p>\n<p>&nbsp;<\/p>\n[\/vc_column_text][\/vc_column][\/vc_row][mk_page_section bg_image=\u00a0\u00bbhttps:\/\/luxury-rental-mc.com\/wp-content\/uploads\/2016\/12\/location-voiture-lucerne.jpg\u00a0\u00bb bg_position=\u00a0\u00bbcenter center\u00a0\u00bb bg_repeat=\u00a0\u00bbno-repeat\u00a0\u00bb bg_stretch=\u00a0\u00bbtrue\u00a0\u00bb min_height=\u00a0\u00bb400&Prime; full_width=\u00a0\u00bbtrue\u00a0\u00bb js_vertical_centered=\u00a0\u00bbtrue\u00a0\u00bb sidebar=\u00a0\u00bbsidebar-1&Prime;][vc_column][\/vc_column][\/mk_page_section][vc_row][vc_column][vc_column_text]\n<h2 style=\"text-align: center;\">Location Ferrari<\/h2>\n<p align=\"JUSTIFY\">Ferrari est une marque de constructeur automobile italienne mondialement connue pour ses mod\u00e8les de voitures d\u2019exception qui mettent en avant la performance, la grande maniabilit\u00e9 et des lignes esth\u00e9tiques d\u2019une rare beaut\u00e9. La plupart des voitures de la marque portent la couleur rouge flamboyante qui impose le respect. Toutes ces qualit\u00e9s que peu de constructeurs peuvent proposer sur le march\u00e9 jusqu\u2019\u00e0 ce jour font de Ferrari une marque de voiture unique. Mais la firme n\u2019est pas connue pour proposer des voitures affichant des prix \u00e0 la port\u00e9e de tous. En effet, la grande majorit\u00e9 des voitures de la marque sont in\u00e9dites. Mat\u00e9riaux d\u2019exceptions, ing\u00e9niosit\u00e9 technologique et m\u00e9canique en plus d\u2019une conception minutieuse de la carrosserie a\u00e9rodynamique sont des fusions qui expliquent le prix de chaque v\u00e9hicule de la marque. Heureusement, gr\u00e2ce \u00e0 la location Ferrari, vous pourrez bien vous mettre au volant d\u2019un de ces bolides sans devoir \u00e9puiser toutes vos \u00e9conomies. Vous pourrez alors br\u00fbler l\u2019asphalte au volant d\u2019une F430 Spider, d\u2019une 458 Spider, d\u2019une California T, d\u2019une 488 GTB, d\u2019une 488 Spider, d\u2019un F12 ou d\u2019une GTC4 Lusso en savourant chaque instant. La voiture se loue \u00e0 la journ\u00e9e, \u00e0 la semaine et m\u00eame au mois selon votre convenance. Pour en savoir davantage, n\u2019h\u00e9sitez pas \u00e0 visiter le site d\u2019un professionnel qui propose la location de Ferrari dans la r\u00e9gion de Canton.<\/p>\n[\/vc_column_text][mk_image src=\u00a0\u00bbhttps:\/\/luxury-rental-mc.com\/wp-content\/uploads\/2016\/12\/location-voiture-luxe-lucerne.jpg\u00a0\u00bb align=\u00a0\u00bbcenter\u00a0\u00bb][\/vc_column][\/vc_row][vc_row][vc_column][vc_column_text]\n<h2>D\u00e9couvrez les autres villes\u00a0:<\/h2>\n<ul>\n<li><a href=\"https:\/\/luxury-rental-mc.com\/fr\/location-voiture-luxe\/autres-villes\/location-geneve\">Location voiture luxe Gen\u00e8ve<\/a><\/li>\n<\/ul>\n<ul>\n<li><a href=\"https:\/\/luxury-rental-mc.com\/fr\/location-voiture-luxe\/autres-villes\/location-voiture-luxe-chamonix\">Location voiture luxe Chamonix<\/a><\/li>\n<\/ul>\n<ul>\n<li><a href=\"https:\/\/luxury-rental-mc.com\/fr\/location-voiture-luxe\/autres-villes\/location-voiture-luxe-zurich\">Location voiture luxe Zurich<\/a><\/li>\n<\/ul>\n<ul>\n<li><a href=\"https:\/\/luxury-rental-mc.com\/fr\/location-voiture-luxe\/autres-villes\/location-davos\">Location voiture luxe Davos<\/a><\/li>\n<\/ul>\n<ul>\n<li><a href=\"https:\/\/luxury-rental-mc.com\/fr\/location-voiture-luxe\/autres-villes\/location-lausanne\">Location voiture luxe Lausanne<\/a><\/li>\n<\/ul>\n<ul>\n<li><a href=\"https:\/\/luxury-rental-mc.com\/fr\/location-voiture-luxe\/autres-villes\/location-laax\">Location voiture luxe Laax<\/a><\/li>\n<\/ul>\n<ul>\n<li><a href=\"https:\/\/luxury-rental-mc.com\/fr\/location-voiture-luxe\/autres-villes\/location-voiture-luxe-berne-2\">Location voiture luxe\u00a0Berne<\/a><\/li>\n<li><a href=\"https:\/\/luxury-rental-mc.com\/fr\/location-voiture-luxe\/autres-villes\/location-voiture-de-luxe-venise\">Location voiture luxe\u00a0Venise<\/a><\/li>\n<\/ul>\n<ul>\n<li><a href=\"https:\/\/luxury-rental-mc.com\/fr\/location-voiture-luxe\/autres-villes\/location-voiture-luxe-lac-de-come\">Location voiture luxe\u00a0Lac de C\u00f4me<\/a><\/li>\n<\/ul>\n<ul>\n<li><a href=\"https:\/\/luxury-rental-mc.com\/fr\/location-voiture-luxe\/autres-villes\/location-voiture-luxe-porto-cervo\">Location voiture luxe\u00a0Porto Cervo<\/a><\/li>\n<\/ul>\n<ul>\n<li><a href=\"https:\/\/luxury-rental-mc.com\/fr\/location-voiture-luxe\/autres-villes\/location-voiture-luxe-positano\">Location voiture luxe\u00a0Positano<\/a><\/li>\n<li><a href=\"https:\/\/luxury-rental-mc.com\/fr\/location-voiture-luxe\/autres-villes\/location-voiture-de-luxe-turin\">Location voiture luxe\u00a0Turin<\/a><\/li>\n<\/ul>\n[\/vc_column_text][\/vc_column][\/vc_row]\n","protected":false},"excerpt":{"rendered":"<p>[vc_row][vc_column][vc_column_text] Location voiture luxe Lucerne Lucerne est une \u00e9tape extraordinaire avant d\u2019acc\u00e9der \u00e0 la Suisse centrale. Elle est merveilleusement entour\u00e9e de montagne et situ\u00e9e au bord du lac des Quatre Cantons. C\u2019est un endroit r\u00eav\u00e9 pour les touristes qui souhaitent profiter du calme et de l\u2019air frais avec sa belle situation en bord de lac. [&hellip;]<\/p>\n","protected":false},"author":1,"featured_media":0,"parent":9503,"menu_order":0,"comment_status":"closed","ping_status":"closed","template":"","meta":{"_monsterinsights_skip_tracking":false,"_monsterinsights_sitenote_active":false,"_monsterinsights_sitenote_note":"","_monsterinsights_sitenote_category":0},"yoast_head":"<!-- This site is optimized with the Yoast SEO plugin v20.3 - https:\/\/yoast.com\/wordpress\/plugins\/seo\/ -->\n<title>Location voiture luxe Lucerne - Luxury Car Rental MC<\/title>\n<meta name=\"description\" content=\"Pour une location voiture luxe Lucerne, l&#039;\u00e9quipe Luxury Car Rental est \u00e0 votre enti\u00e8re disposition. Contactez nos professionnels pour toutes questions.\" \/>\n<meta name=\"robots\" content=\"index, follow, max-snippet:-1, max-image-preview:large, max-video-preview:-1\" \/>\n<link rel=\"canonical\" href=\"https:\/\/luxury-rental-mc.com\/fr\/location-voiture-luxe\/autres-villes\/location-lucerne\/\" \/>\n<meta property=\"og:locale\" content=\"fr_FR\" \/>\n<meta property=\"og:type\" content=\"article\" \/>\n<meta property=\"og:title\" content=\"Location voiture luxe Lucerne - Luxury Car Rental MC\" \/>\n<meta property=\"og:description\" content=\"Pour une location voiture luxe Lucerne, l&#039;\u00e9quipe Luxury Car Rental est \u00e0 votre enti\u00e8re disposition. Contactez nos professionnels pour toutes questions.\" \/>\n<meta property=\"og:url\" content=\"https:\/\/luxury-rental-mc.com\/fr\/location-voiture-luxe\/autres-villes\/location-lucerne\/\" \/>\n<meta property=\"og:site_name\" content=\"Luxury Car Rentals | Monaco, Nice, Cannes, Saint-Tropez\" \/>\n<meta property=\"article:modified_time\" content=\"2017-03-08T09:25:33+00:00\" \/>\n<meta name=\"twitter:label1\" content=\"Dur\u00e9e de lecture estim\u00e9e\" \/>\n\t<meta name=\"twitter:data1\" content=\"5 minutes\" \/>\n<script type=\"application\/ld+json\" class=\"yoast-schema-graph\">{\"@context\":\"https:\/\/schema.org\",\"@graph\":[{\"@type\":\"WebPage\",\"@id\":\"https:\/\/luxury-rental-mc.com\/fr\/location-voiture-luxe\/autres-villes\/location-lucerne\/\",\"url\":\"https:\/\/luxury-rental-mc.com\/fr\/location-voiture-luxe\/autres-villes\/location-lucerne\/\",\"name\":\"Location voiture luxe Lucerne - Luxury Car Rental MC\",\"isPartOf\":{\"@id\":\"https:\/\/luxury-rental-mc.com\/#website\"},\"datePublished\":\"2016-12-27T09:22:48+00:00\",\"dateModified\":\"2017-03-08T09:25:33+00:00\",\"description\":\"Pour une location voiture luxe Lucerne, l'\u00e9quipe Luxury Car Rental est \u00e0 votre enti\u00e8re disposition. Contactez nos professionnels pour toutes questions.\",\"breadcrumb\":{\"@id\":\"https:\/\/luxury-rental-mc.com\/fr\/location-voiture-luxe\/autres-villes\/location-lucerne\/#breadcrumb\"},\"inLanguage\":\"fr-FR\",\"potentialAction\":[{\"@type\":\"ReadAction\",\"target\":[\"https:\/\/luxury-rental-mc.com\/fr\/location-voiture-luxe\/autres-villes\/location-lucerne\/\"]}]},{\"@type\":\"BreadcrumbList\",\"@id\":\"https:\/\/luxury-rental-mc.com\/fr\/location-voiture-luxe\/autres-villes\/location-lucerne\/#breadcrumb\",\"itemListElement\":[{\"@type\":\"ListItem\",\"position\":1,\"name\":\"Accueil\",\"item\":\"https:\/\/luxury-rental-mc.com\/fr\/\"},{\"@type\":\"ListItem\",\"position\":2,\"name\":\"Location\",\"item\":\"https:\/\/luxury-rental-mc.com\/fr\/location-voiture-luxe\/\"},{\"@type\":\"ListItem\",\"position\":3,\"name\":\"Autres Villes\",\"item\":\"https:\/\/luxury-rental-mc.com\/fr\/location-voiture-luxe\/autres-villes\/\"},{\"@type\":\"ListItem\",\"position\":4,\"name\":\"Location Lucerne\"}]},{\"@type\":\"WebSite\",\"@id\":\"https:\/\/luxury-rental-mc.com\/#website\",\"url\":\"https:\/\/luxury-rental-mc.com\/\",\"name\":\"Luxury Car Rentals | Monaco, Nice, Cannes, Saint-Tropez\",\"description\":\"Rent the finest brands : Porsche, Ferrari, Lamborghini, Mercedes...\",\"potentialAction\":[{\"@type\":\"SearchAction\",\"target\":{\"@type\":\"EntryPoint\",\"urlTemplate\":\"https:\/\/luxury-rental-mc.com\/?s={search_term_string}\"},\"query-input\":\"required name=search_term_string\"}],\"inLanguage\":\"fr-FR\"}]}<\/script>\n<!-- \/ Yoast SEO plugin. -->","yoast_head_json":{"title":"Location voiture luxe Lucerne - Luxury Car Rental MC","description":"Pour une location voiture luxe Lucerne, l'\u00e9quipe Luxury Car Rental est \u00e0 votre enti\u00e8re disposition. Contactez nos professionnels pour toutes questions.","robots":{"index":"index","follow":"follow","max-snippet":"max-snippet:-1","max-image-preview":"max-image-preview:large","max-video-preview":"max-video-preview:-1"},"canonical":"https:\/\/luxury-rental-mc.com\/fr\/location-voiture-luxe\/autres-villes\/location-lucerne\/","og_locale":"fr_FR","og_type":"article","og_title":"Location voiture luxe Lucerne - Luxury Car Rental MC","og_description":"Pour une location voiture luxe Lucerne, l'\u00e9quipe Luxury Car Rental est \u00e0 votre enti\u00e8re disposition. Contactez nos professionnels pour toutes questions.","og_url":"https:\/\/luxury-rental-mc.com\/fr\/location-voiture-luxe\/autres-villes\/location-lucerne\/","og_site_name":"Luxury Car Rentals | Monaco, Nice, Cannes, Saint-Tropez","article_modified_time":"2017-03-08T09:25:33+00:00","twitter_misc":{"Dur\u00e9e de lecture estim\u00e9e":"5 minutes"},"schema":{"@context":"https:\/\/schema.org","@graph":[{"@type":"WebPage","@id":"https:\/\/luxury-rental-mc.com\/fr\/location-voiture-luxe\/autres-villes\/location-lucerne\/","url":"https:\/\/luxury-rental-mc.com\/fr\/location-voiture-luxe\/autres-villes\/location-lucerne\/","name":"Location voiture luxe Lucerne - Luxury Car Rental MC","isPartOf":{"@id":"https:\/\/luxury-rental-mc.com\/#website"},"datePublished":"2016-12-27T09:22:48+00:00","dateModified":"2017-03-08T09:25:33+00:00","description":"Pour une location voiture luxe Lucerne, l'\u00e9quipe Luxury Car Rental est \u00e0 votre enti\u00e8re disposition. Contactez nos professionnels pour toutes questions.","breadcrumb":{"@id":"https:\/\/luxury-rental-mc.com\/fr\/location-voiture-luxe\/autres-villes\/location-lucerne\/#breadcrumb"},"inLanguage":"fr-FR","potentialAction":[{"@type":"ReadAction","target":["https:\/\/luxury-rental-mc.com\/fr\/location-voiture-luxe\/autres-villes\/location-lucerne\/"]}]},{"@type":"BreadcrumbList","@id":"https:\/\/luxury-rental-mc.com\/fr\/location-voiture-luxe\/autres-villes\/location-lucerne\/#breadcrumb","itemListElement":[{"@type":"ListItem","position":1,"name":"Accueil","item":"https:\/\/luxury-rental-mc.com\/fr\/"},{"@type":"ListItem","position":2,"name":"Location","item":"https:\/\/luxury-rental-mc.com\/fr\/location-voiture-luxe\/"},{"@type":"ListItem","position":3,"name":"Autres Villes","item":"https:\/\/luxury-rental-mc.com\/fr\/location-voiture-luxe\/autres-villes\/"},{"@type":"ListItem","position":4,"name":"Location Lucerne"}]},{"@type":"WebSite","@id":"https:\/\/luxury-rental-mc.com\/#website","url":"https:\/\/luxury-rental-mc.com\/","name":"Luxury Car Rentals | Monaco, Nice, Cannes, Saint-Tropez","description":"Rent the finest brands : Porsche, Ferrari, Lamborghini, Mercedes...","potentialAction":[{"@type":"SearchAction","target":{"@type":"EntryPoint","urlTemplate":"https:\/\/luxury-rental-mc.com\/?s={search_term_string}"},"query-input":"required name=search_term_string"}],"inLanguage":"fr-FR"}]}},"_links":{"self":[{"href":"https:\/\/luxury-rental-mc.com\/fr\/wp-json\/wp\/v2\/pages\/9674\/"}],"collection":[{"href":"https:\/\/luxury-rental-mc.com\/fr\/wp-json\/wp\/v2\/pages\/"}],"about":[{"href":"https:\/\/luxury-rental-mc.com\/fr\/wp-json\/wp\/v2\/types\/page\/"}],"author":[{"embeddable":true,"href":"https:\/\/luxury-rental-mc.com\/fr\/wp-json\/wp\/v2\/users\/1\/"}],"replies":[{"embeddable":true,"href":"https:\/\/luxury-rental-mc.com\/fr\/wp-json\/wp\/v2\/comments\/?post=9674"}],"version-history":[{"count":4,"href":"https:\/\/luxury-rental-mc.com\/fr\/wp-json\/wp\/v2\/pages\/9674\/revisions\/"}],"predecessor-version":[{"id":9908,"href":"https:\/\/luxury-rental-mc.com\/fr\/wp-json\/wp\/v2\/pages\/9674\/revisions\/9908\/"}],"up":[{"embeddable":true,"href":"https:\/\/luxury-rental-mc.com\/fr\/wp-json\/wp\/v2\/pages\/9503\/"}],"wp:attachment":[{"href":"https:\/\/luxury-rental-mc.com\/fr\/wp-json\/wp\/v2\/media\/?parent=9674"}],"curies":[{"name":"wp","href":"https:\/\/api.w.org\/{rel}","templated":true}]}}