{"id":9680,"date":"2016-12-27T10:43:48","date_gmt":"2016-12-27T09:43:48","guid":{"rendered":"https:\/\/luxury-rental-mc.com\/fr\/?page_id=9680"},"modified":"2016-12-27T11:07:18","modified_gmt":"2016-12-27T10:07:18","slug":"location-moritz","status":"publish","type":"page","link":"https:\/\/luxury-rental-mc.com\/fr\/location-voiture-luxe\/autres-villes\/location-moritz\/","title":{"rendered":"Location Moritz"},"content":{"rendered":"[vc_row][vc_column][vc_column_text]\n<h1 style=\"text-align: center;\">Location voiture luxe Saint-Moritz<\/h1>\n<p align=\"JUSTIFY\">Saint Moritz est une commune de Suisse qui est le berceau du tourisme hivernal il y a 150 ans. Situ\u00e9e dans le canton des Grisons, Saint-Moritz profite du soleil tout au long de l\u2019ann\u00e9e et avec son altitude de 1800 m\u00e8tres les amoureux du sport d\u2019hiver y trouvent leur joie. En 1928 et en 1948, la station a d\u2019ailleurs accueilli les Jeux olympiques d\u2019hiver. En outre, la station est c\u00e9l\u00e8bre pour ses sources curatives qui ont fait un lieu de cure d\u2019\u00e9t\u00e9 tr\u00e8s r\u00e9put\u00e9. C\u2019est un lieu de bien-\u00eatre incontestable avec en plus l\u2019apparition d\u2019une nouvelle tendance qui est le \u00ab\u00a0yoga on snow\u00a0\u00bb qui se pratique seul ou avec un accompagnateur. Mais Saint-Moritz c\u2019est surtout la d\u00e9tente, le luxe et le bon temps. Vous n\u2019y manquerez pas d\u2019y croiser de grandes stars du cin\u00e9ma, des ic\u00f4nes de la mode, des vedettes de spectacle, de chefs d\u2019\u00c9tat et m\u00eame des t\u00eates couronn\u00e9es qui profitent des services de luxe que l\u2019on trouve dans la plupart des \u00e9tablissements de la station. Aussi, pour ne pas faire tache dans le d\u00e9cor, il convient de bien se pr\u00e9senter en privil\u00e9giant une monture digne de ce nom. En effet, la premi\u00e8re chose que remarqueront les gens c\u2019est bien s\u00fbr le v\u00e9hicule qui vous sert de moyen de transport. Si vous souhaitez trouver un bon moyen de locomotion tout en esp\u00e9rant vous faire remarquer, optez pour la location voiture luxe Saint-Moritz.<\/p>\n<p>&nbsp;<\/p>\n[\/vc_column_text][mk_image src=\u00a0\u00bbhttps:\/\/luxury-rental-mc.com\/wp-content\/uploads\/2016\/12\/louer-voiture-saint-moritz.jpg\u00a0\u00bb image_size=\u00a0\u00bbfull\u00a0\u00bb align=\u00a0\u00bbcenter\u00a0\u00bb][mk_padding_divider][\/vc_column][\/vc_row][vc_row][vc_column][vc_column_text]\n<h2 style=\"text-align: center;\">Location Porsche Maloja<\/h2>\n<p align=\"JUSTIFY\">Si vous vous t\u00e2tez sur la marque de voiture \u00e0 conduire lors de la location voiture luxe Saint-Moritz, sachez que la marque allemande Porsche est tr\u00e8s connue et des plus utilis\u00e9s dans la r\u00e9gion avec la nouvelle venue de Porsche, la Porsche Cayenne qui fait forte sensation sur les routes de la station. Puissante, confortable et esth\u00e9tiquement impressionnante, cette voiture de luxe est tout simplement le SUV \u00e0 conduire sur la montagne enneig\u00e9e de Saint-Moritz. Mais si vous pr\u00e9f\u00e9rez un mod\u00e8le plus sportif, vous trouverez le v\u00e9hicule qui vous conviendra le plus avec la location Porsche Maloja. Pour votre information, Maloja n\u2019est autre que l\u2019un des districts du canton des Grisons en Suisse. Vous y trouverez des agences de location de voiture de luxe qui vous proposeront sans aucun doute tout une gamme de v\u00e9hicules de la marque Porsche dans leur parc auto. Comme la r\u00e9gion est tr\u00e8s pris\u00e9e par les vill\u00e9giateurs \u00e9t\u00e9 comme hiver, il est pr\u00e9f\u00e9rable de r\u00e9server votre v\u00e9hicule bien \u00e0 l\u2019avance pour vous assurer d\u2019avoir la voiture qu\u2019il vous faut. Pour cela, il suffit de visiter le site d\u2019une agence \u00e0 Maloja et de suivre certaines directives pour la location du v\u00e9hicule. G\u00e9n\u00e9ralement, le prestataire loue la voiture par heure, par semaine ou m\u00eame au mois. Comme les offres sont nombreuses sur internet, il vous revient de les comparer et de choisir celui qui vous semble \u00eatre la plus accessible ou celui qui propose le meilleur rapport qualit\u00e9\/prix.<\/p>\n[\/vc_column_text][\/vc_column][\/vc_row][mk_page_section bg_image=\u00a0\u00bbhttps:\/\/luxury-rental-mc.com\/wp-content\/uploads\/2016\/12\/location-voiture-saint-moritz.jpg\u00a0\u00bb bg_position=\u00a0\u00bbcenter center\u00a0\u00bb bg_stretch=\u00a0\u00bbtrue\u00a0\u00bb enable_3d=\u00a0\u00bbtrue\u00a0\u00bb min_height=\u00a0\u00bb400&Prime; full_width=\u00a0\u00bbtrue\u00a0\u00bb js_vertical_centered=\u00a0\u00bbtrue\u00a0\u00bb sidebar=\u00a0\u00bbsidebar-1&Prime;][vc_column][\/vc_column][\/mk_page_section][vc_row][vc_column][vc_column_text]\n<h2 style=\"text-align: center;\">Louer 4&#215;4 station de ski<\/h2>\n<p align=\"JUSTIFY\">Pour les vacances d\u2019hiver, il n\u2019y a rien de mieux que de se d\u00e9tendre en pratiquant le ski. Un sport qui soit dit en passant, est excellent pour s\u2019amuser en famille ou en groupe d\u2019amis comme il est \u00e0 la fois ludique et id\u00e9al pour garder la forme. Les parcours de ski \u00e9tant par ailleurs tr\u00e8s nombreux \u00e0 Saint-Moritz, il convient de bien vous v\u00e9hiculer afin de franchir toutes les routes. Pour cela, vous pouvez louer 4&#215;4 station de ski sur place si vous n\u2019\u00eates pas venu dans un v\u00e9hicule tout terrain. Le petit plus avec ce genre de location c\u2019est que le prestataire est tout \u00e0 fait conscient de l\u2019usage du v\u00e9hicule et le fera \u00e9quiper au mieux pour vous assurer le confort et la s\u00e9curit\u00e9. Pour que la voiture puisse faire face \u00e0 des conditions climatiques hivernales difficiles, le prestataire fera donc en sorte d\u2019\u00e9quiper au mieux les v\u00e9hicules avec des pneus hivernales. Car m\u00eame si le v\u00e9hicule est d\u00e9j\u00e0 bien \u00e9quip\u00e9 avec tout un panel de technologie comme l\u2019ABS et l\u2019ESP, cela ne sera pas suffisant pour optimiser votre s\u00e9curit\u00e9. Pour les routes tr\u00e8s enneig\u00e9es, les pneus peuvent \u00eatre cha\u00een\u00e9s. Vous pouvez louer la voiture avec tout son \u00e9quipement \u00e0 la journ\u00e9e, par semaine ou au mois. Cela dit, la plupart des prestataires proposent des tarifs d\u00e9gressifs pour ce type de location.<\/p>\n<p>&nbsp;<\/p>\n[\/vc_column_text][\/vc_column][\/vc_row][vc_row][vc_column][mk_image src=\u00a0\u00bbhttps:\/\/luxury-rental-mc.com\/wp-content\/uploads\/2016\/12\/location-voiture-luxe-saint-moritz.jpg\u00a0\u00bb image_size=\u00a0\u00bbfull\u00a0\u00bb align=\u00a0\u00bbcenter\u00a0\u00bb][\/vc_column][\/vc_row][vc_row][vc_column][vc_column_text]\n<h3>D\u00e9couvrez \u00e9galement nos autres villes desservies :<\/h3>\n<div class=\"wpb_row vc_row mk-fullwidth-false attched-false vc_row-fluid js-master-row mk-in-viewport\">\n<div class=\"vc_col-sm-12 wpb_column column_container _ height-full\">\n<div id=\"list-3\" class=\"mk-list-styles mk-align-none clear\" data-charcode=\"f00c\" data-family=\"awesome-icons\">\n<ul>\n<li><a href=\"https:\/\/luxury-rental-mc.com\/fr\/location-voiture-luxe\/autres-villes\/location-geneve\">Location voiture luxe Gen\u00e8ve<\/a><\/li>\n<li><a href=\"https:\/\/luxury-rental-mc.com\/fr\/location-voiture-luxe\/autres-villes\/location-voiture-luxe-chamonix\">Location voiture luxe Chamonix<\/a><\/li>\n<li><a href=\"https:\/\/luxury-rental-mc.com\/fr\/location-voiture-luxe\/autres-villes\/location-voiture-luxe-zurich\">Location voiture luxe Zurich<\/a><\/li>\n<li><a href=\"https:\/\/luxury-rental-mc.com\/fr\/location-voiture-luxe\/autres-villes\/location-davos\">Location voiture luxe Davos<\/a><\/li>\n<li><a href=\"https:\/\/luxury-rental-mc.com\/fr\/location-voiture-luxe\/autres-villes\/location-lausanne\">Location voiture luxe Lausanne<\/a><\/li>\n<li><a href=\"https:\/\/luxury-rental-mc.com\/fr\/location-voiture-luxe\/autres-villes\/location-laax\">Location voiture luxe Laax<\/a><\/li>\n<li><a href=\"https:\/\/luxury-rental-mc.com\/fr\/location-voiture-luxe\/autres-villes\/location-lucerne\">Location voiture luxe Lucerne<\/a><\/li>\n<\/ul>\n<\/div>\n<\/div>\n<\/div>\n[\/vc_column_text][\/vc_column][\/vc_row]\n","protected":false},"excerpt":{"rendered":"<p>[vc_row][vc_column][vc_column_text] Location voiture luxe Saint-Moritz Saint Moritz est une commune de Suisse qui est le berceau du tourisme hivernal il y a 150 ans. Situ\u00e9e dans le canton des Grisons, Saint-Moritz profite du soleil tout au long de l\u2019ann\u00e9e et avec son altitude de 1800 m\u00e8tres les amoureux du sport d\u2019hiver y trouvent leur joie. [&hellip;]<\/p>\n","protected":false},"author":1,"featured_media":0,"parent":9503,"menu_order":0,"comment_status":"closed","ping_status":"closed","template":"","meta":{"_monsterinsights_skip_tracking":false,"_monsterinsights_sitenote_active":false,"_monsterinsights_sitenote_note":"","_monsterinsights_sitenote_category":0},"yoast_head":"<!-- This site is optimized with the Yoast SEO plugin v20.3 - https:\/\/yoast.com\/wordpress\/plugins\/seo\/ -->\n<title>Location voiture luxe Saint Moritz - Luxury Car Rental MC<\/title>\n<meta name=\"description\" content=\"Pour la location voiture de luxe \u00e0 Saint Moritz, l&#039;\u00e9quipe Luxury Car Rental reste \u00e0 votre enti\u00e8re disposition. N&#039;h\u00e9sitez pas \u00e0 nous joindre.\" \/>\n<meta name=\"robots\" content=\"index, follow, max-snippet:-1, max-image-preview:large, max-video-preview:-1\" \/>\n<link rel=\"canonical\" href=\"https:\/\/luxury-rental-mc.com\/fr\/location-voiture-luxe\/autres-villes\/location-moritz\/\" \/>\n<meta property=\"og:locale\" content=\"fr_FR\" \/>\n<meta property=\"og:type\" content=\"article\" \/>\n<meta property=\"og:title\" content=\"Location voiture luxe Saint Moritz - Luxury Car Rental MC\" \/>\n<meta property=\"og:description\" content=\"Pour la location voiture de luxe \u00e0 Saint Moritz, l&#039;\u00e9quipe Luxury Car Rental reste \u00e0 votre enti\u00e8re disposition. N&#039;h\u00e9sitez pas \u00e0 nous joindre.\" \/>\n<meta property=\"og:url\" content=\"https:\/\/luxury-rental-mc.com\/fr\/location-voiture-luxe\/autres-villes\/location-moritz\/\" \/>\n<meta property=\"og:site_name\" content=\"Luxury Car Rentals | Monaco, Nice, Cannes, Saint-Tropez\" \/>\n<meta property=\"article:modified_time\" content=\"2016-12-27T10:07:18+00:00\" \/>\n<meta name=\"twitter:label1\" content=\"Dur\u00e9e de lecture estim\u00e9e\" \/>\n\t<meta name=\"twitter:data1\" content=\"5 minutes\" \/>\n<script type=\"application\/ld+json\" class=\"yoast-schema-graph\">{\"@context\":\"https:\/\/schema.org\",\"@graph\":[{\"@type\":\"WebPage\",\"@id\":\"https:\/\/luxury-rental-mc.com\/fr\/location-voiture-luxe\/autres-villes\/location-moritz\/\",\"url\":\"https:\/\/luxury-rental-mc.com\/fr\/location-voiture-luxe\/autres-villes\/location-moritz\/\",\"name\":\"Location voiture luxe Saint Moritz - Luxury Car Rental MC\",\"isPartOf\":{\"@id\":\"https:\/\/luxury-rental-mc.com\/#website\"},\"datePublished\":\"2016-12-27T09:43:48+00:00\",\"dateModified\":\"2016-12-27T10:07:18+00:00\",\"description\":\"Pour la location voiture de luxe \u00e0 Saint Moritz, l'\u00e9quipe Luxury Car Rental reste \u00e0 votre enti\u00e8re disposition. N'h\u00e9sitez pas \u00e0 nous joindre.\",\"breadcrumb\":{\"@id\":\"https:\/\/luxury-rental-mc.com\/fr\/location-voiture-luxe\/autres-villes\/location-moritz\/#breadcrumb\"},\"inLanguage\":\"fr-FR\",\"potentialAction\":[{\"@type\":\"ReadAction\",\"target\":[\"https:\/\/luxury-rental-mc.com\/fr\/location-voiture-luxe\/autres-villes\/location-moritz\/\"]}]},{\"@type\":\"BreadcrumbList\",\"@id\":\"https:\/\/luxury-rental-mc.com\/fr\/location-voiture-luxe\/autres-villes\/location-moritz\/#breadcrumb\",\"itemListElement\":[{\"@type\":\"ListItem\",\"position\":1,\"name\":\"Accueil\",\"item\":\"https:\/\/luxury-rental-mc.com\/fr\/\"},{\"@type\":\"ListItem\",\"position\":2,\"name\":\"Location\",\"item\":\"https:\/\/luxury-rental-mc.com\/fr\/location-voiture-luxe\/\"},{\"@type\":\"ListItem\",\"position\":3,\"name\":\"Autres Villes\",\"item\":\"https:\/\/luxury-rental-mc.com\/fr\/location-voiture-luxe\/autres-villes\/\"},{\"@type\":\"ListItem\",\"position\":4,\"name\":\"Location Moritz\"}]},{\"@type\":\"WebSite\",\"@id\":\"https:\/\/luxury-rental-mc.com\/#website\",\"url\":\"https:\/\/luxury-rental-mc.com\/\",\"name\":\"Luxury Car Rentals | Monaco, Nice, Cannes, Saint-Tropez\",\"description\":\"Rent the finest brands : Porsche, Ferrari, Lamborghini, Mercedes...\",\"potentialAction\":[{\"@type\":\"SearchAction\",\"target\":{\"@type\":\"EntryPoint\",\"urlTemplate\":\"https:\/\/luxury-rental-mc.com\/?s={search_term_string}\"},\"query-input\":\"required name=search_term_string\"}],\"inLanguage\":\"fr-FR\"}]}<\/script>\n<!-- \/ Yoast SEO plugin. -->","yoast_head_json":{"title":"Location voiture luxe Saint Moritz - Luxury Car Rental MC","description":"Pour la location voiture de luxe \u00e0 Saint Moritz, l'\u00e9quipe Luxury Car Rental reste \u00e0 votre enti\u00e8re disposition. N'h\u00e9sitez pas \u00e0 nous joindre.","robots":{"index":"index","follow":"follow","max-snippet":"max-snippet:-1","max-image-preview":"max-image-preview:large","max-video-preview":"max-video-preview:-1"},"canonical":"https:\/\/luxury-rental-mc.com\/fr\/location-voiture-luxe\/autres-villes\/location-moritz\/","og_locale":"fr_FR","og_type":"article","og_title":"Location voiture luxe Saint Moritz - Luxury Car Rental MC","og_description":"Pour la location voiture de luxe \u00e0 Saint Moritz, l'\u00e9quipe Luxury Car Rental reste \u00e0 votre enti\u00e8re disposition. N'h\u00e9sitez pas \u00e0 nous joindre.","og_url":"https:\/\/luxury-rental-mc.com\/fr\/location-voiture-luxe\/autres-villes\/location-moritz\/","og_site_name":"Luxury Car Rentals | Monaco, Nice, Cannes, Saint-Tropez","article_modified_time":"2016-12-27T10:07:18+00:00","twitter_misc":{"Dur\u00e9e de lecture estim\u00e9e":"5 minutes"},"schema":{"@context":"https:\/\/schema.org","@graph":[{"@type":"WebPage","@id":"https:\/\/luxury-rental-mc.com\/fr\/location-voiture-luxe\/autres-villes\/location-moritz\/","url":"https:\/\/luxury-rental-mc.com\/fr\/location-voiture-luxe\/autres-villes\/location-moritz\/","name":"Location voiture luxe Saint Moritz - Luxury Car Rental MC","isPartOf":{"@id":"https:\/\/luxury-rental-mc.com\/#website"},"datePublished":"2016-12-27T09:43:48+00:00","dateModified":"2016-12-27T10:07:18+00:00","description":"Pour la location voiture de luxe \u00e0 Saint Moritz, l'\u00e9quipe Luxury Car Rental reste \u00e0 votre enti\u00e8re disposition. N'h\u00e9sitez pas \u00e0 nous joindre.","breadcrumb":{"@id":"https:\/\/luxury-rental-mc.com\/fr\/location-voiture-luxe\/autres-villes\/location-moritz\/#breadcrumb"},"inLanguage":"fr-FR","potentialAction":[{"@type":"ReadAction","target":["https:\/\/luxury-rental-mc.com\/fr\/location-voiture-luxe\/autres-villes\/location-moritz\/"]}]},{"@type":"BreadcrumbList","@id":"https:\/\/luxury-rental-mc.com\/fr\/location-voiture-luxe\/autres-villes\/location-moritz\/#breadcrumb","itemListElement":[{"@type":"ListItem","position":1,"name":"Accueil","item":"https:\/\/luxury-rental-mc.com\/fr\/"},{"@type":"ListItem","position":2,"name":"Location","item":"https:\/\/luxury-rental-mc.com\/fr\/location-voiture-luxe\/"},{"@type":"ListItem","position":3,"name":"Autres Villes","item":"https:\/\/luxury-rental-mc.com\/fr\/location-voiture-luxe\/autres-villes\/"},{"@type":"ListItem","position":4,"name":"Location Moritz"}]},{"@type":"WebSite","@id":"https:\/\/luxury-rental-mc.com\/#website","url":"https:\/\/luxury-rental-mc.com\/","name":"Luxury Car Rentals | Monaco, Nice, Cannes, Saint-Tropez","description":"Rent the finest brands : Porsche, Ferrari, Lamborghini, Mercedes...","potentialAction":[{"@type":"SearchAction","target":{"@type":"EntryPoint","urlTemplate":"https:\/\/luxury-rental-mc.com\/?s={search_term_string}"},"query-input":"required name=search_term_string"}],"inLanguage":"fr-FR"}]}},"_links":{"self":[{"href":"https:\/\/luxury-rental-mc.com\/fr\/wp-json\/wp\/v2\/pages\/9680\/"}],"collection":[{"href":"https:\/\/luxury-rental-mc.com\/fr\/wp-json\/wp\/v2\/pages\/"}],"about":[{"href":"https:\/\/luxury-rental-mc.com\/fr\/wp-json\/wp\/v2\/types\/page\/"}],"author":[{"embeddable":true,"href":"https:\/\/luxury-rental-mc.com\/fr\/wp-json\/wp\/v2\/users\/1\/"}],"replies":[{"embeddable":true,"href":"https:\/\/luxury-rental-mc.com\/fr\/wp-json\/wp\/v2\/comments\/?post=9680"}],"version-history":[{"count":2,"href":"https:\/\/luxury-rental-mc.com\/fr\/wp-json\/wp\/v2\/pages\/9680\/revisions\/"}],"predecessor-version":[{"id":9699,"href":"https:\/\/luxury-rental-mc.com\/fr\/wp-json\/wp\/v2\/pages\/9680\/revisions\/9699\/"}],"up":[{"embeddable":true,"href":"https:\/\/luxury-rental-mc.com\/fr\/wp-json\/wp\/v2\/pages\/9503\/"}],"wp:attachment":[{"href":"https:\/\/luxury-rental-mc.com\/fr\/wp-json\/wp\/v2\/media\/?parent=9680"}],"curies":[{"name":"wp","href":"https:\/\/api.w.org\/{rel}","templated":true}]}}