{"id":9736,"date":"2017-01-15T16:02:02","date_gmt":"2017-01-15T15:02:02","guid":{"rendered":"https:\/\/luxury-rental-mc.com\/fr\/?page_id=9736"},"modified":"2017-01-15T16:14:39","modified_gmt":"2017-01-15T15:14:39","slug":"location-voiture-luxe-berne","status":"publish","type":"page","link":"https:\/\/luxury-rental-mc.com\/fr\/location-voiture-luxe\/autres-villes\/location-voiture-luxe-berne\/","title":{"rendered":"Location voiture luxe Berne"},"content":{"rendered":"[vc_row][vc_column][vc_column_text]\n<h1 style=\"text-align: center;\">Location voiture luxe Berne<\/h1>\n<p>&nbsp;<\/p>\n<p style=\"text-align: justify;\">La ville de Berne est un endroit exceptionnel qui a merveilleusement conserv\u00e9 son caract\u00e8re historique. Elle fascine avec son atmosph\u00e8re m\u00e9di\u00e9vale qui se fait sentir dans chaque coin de rue \u00e0 travers ses nombreuses fontaines, ses fa\u00e7ades en gr\u00e8s, ses cath\u00e9drales, ses tours historiques et ses ruelles pav\u00e9es. Cette ville Suisse attire naturellement par ses offres culturelles et sa qualit\u00e9 de vie \u00e9lev\u00e9e. \u00c9tant plac\u00e9 au c\u0153ur de la Suisse, c\u2019est un lieu de s\u00e9jour id\u00e9al car il est le portail d\u2019acc\u00e8s aux Alpes et constitue de surcroit le point de d\u00e9part parfait pour des excursions dans toute la Suisse. Disposant de tr\u00e8s bons services, on y trouve alors des bars, des boutiques, des caf\u00e9s, de grands h\u00f4tels et des services de transports pour tous les budgets. Aussi, si vous pr\u00e9voyez de passer quelques jours \u00e0 Berne, rassurez-vous tout de suite, vous n\u2019y manquerez de rien. Comme pour tout s\u00e9jour dans une ville \u00e9trang\u00e8re, disposer d\u2019un moyen de transport efficace est une chose importante afin de satisfaire comme il se doit tous vos besoins de d\u00e9placement et profiter ainsi pleinement de votre s\u00e9jour. Quelle que soit la raison de votre s\u00e9jour, pour les affaires ou pour les vacances, la location voiture luxe Berne constitue la solution la plus appropri\u00e9e dans cette ville. Pour profiter de ce service, il vous suffit de visiter le site d\u2019une agence situ\u00e9e dans la r\u00e9gion et d\u2019effectuer une r\u00e9servation apr\u00e8s quelques clics seulement.<\/p>\n<h2><strong>Louer Ferrari \u00e0 Berne a\u00e9roport<\/strong><\/h2>\n<p style=\"text-align: justify;\"><img loading=\"lazy\" class=\"alignleft wp-image-9741 size-full\" src=\"https:\/\/luxury-rental-mc.com\/wp-content\/uploads\/2017\/01\/aeroport-bern.jpg\" alt=\"Location voiture luxe Bern\" width=\"424\" height=\"282\" srcset=\"https:\/\/luxury-rental-mc.com\/wp-content\/uploads\/2017\/01\/aeroport-bern.jpg 424w, https:\/\/luxury-rental-mc.com\/wp-content\/uploads\/2017\/01\/aeroport-bern-300x200.jpg 300w, https:\/\/luxury-rental-mc.com\/wp-content\/uploads\/2017\/01\/aeroport-bern-150x100.jpg 150w, https:\/\/luxury-rental-mc.com\/wp-content\/uploads\/2017\/01\/aeroport-bern-330x219.jpg 330w, https:\/\/luxury-rental-mc.com\/wp-content\/uploads\/2017\/01\/aeroport-bern-414x275.jpg 414w\" sizes=\"(max-width: 424px) 100vw, 424px\" \/>Berne est une ville fascinante disposant de surcroit d\u2019une qualit\u00e9 de vie vraiment exceptionnelle. De ce fait, la majorit\u00e9 des produits et services qui vous y seront propos\u00e9s ont tendance \u00e0 miser sur le haut de gamme. Pour passer un s\u00e9jour de r\u00eave, ne l\u00e9sinez donc pas sur les moyens dans cette ville. La location voiture luxe Berne met \u00e0 la disposition des voyageurs amateurs de grandes marques d\u2019automobiles, la possibilit\u00e9 de louer Ferrari \u00e0 Berne a\u00e9roport. Comme vous l\u2019avez compris, c\u2019est une offre exclusive qui vous donne l\u2019opportunit\u00e9 de vous mettre au volant d\u2019une des plus grandes marques de voiture italienne qui sera \u00e0 votre enti\u00e8re disposition d\u00e8s votre arriv\u00e9e \u00e0 l\u2019a\u00e9roport. Pour ce faire, naviguez sur un site sp\u00e9cialis\u00e9 qui propose le service dans la r\u00e9gion. En consultant le parc auto du prestataire, vous d\u00e9couvrirez tous les mod\u00e8les de voiture \u00e0 la marque au cheval cabr\u00e9 disponibles en location. Avec son interface conviviale, il suffira d\u2019un seul clic sur la plateforme pour consulter la fiche technique du v\u00e9hicule et les conditions de la location. En g\u00e9n\u00e9ral, vous aurez la possibilit\u00e9 de louer la voiture par jour, par semaine ou au mois. Notez que la plupart des prestataires adopteront des tarifs d\u00e9gressifs. Autrement dit, plus le d\u00e9lai de location est prolong\u00e9, plus vous profiterez d\u2019une certaine remise. Pour les vacances ou pour un voyage d\u2019affaires, il n\u2019y a rien de plus extraordinaire que de s\u2019afficher \u00e9l\u00e9gamment en faisant de tous vos trajets un moment de pur plaisir.<\/p>\n[\/vc_column_text][\/vc_column][\/vc_row][mk_page_section bg_image=\u00a0\u00bbhttps:\/\/luxury-rental-mc.com\/wp-content\/uploads\/2017\/01\/berne.jpg\u00a0\u00bb attachment=\u00a0\u00bbfixed\u00a0\u00bb bg_repeat=\u00a0\u00bbno-repeat\u00a0\u00bb min_height=\u00a0\u00bb400&Prime; full_width=\u00a0\u00bbtrue\u00a0\u00bb sidebar=\u00a0\u00bbsidebar-1&Prime;][vc_column][\/vc_column][\/mk_page_section][vc_row][vc_column][vc_column_text]\n<h1 style=\"text-align: center;\"><\/h1>\n<h2><strong>Transfert avec chauffeur Suisse<\/strong><\/h2>\n<p style=\"text-align: justify;\"><img loading=\"lazy\" class=\"alignright wp-image-9743 size-medium\" src=\"https:\/\/luxury-rental-mc.com\/wp-content\/uploads\/2017\/01\/ferrari-location-suisse-300x300.jpg\" alt=\"transfert chauffeur Berne\" width=\"300\" height=\"300\" srcset=\"https:\/\/luxury-rental-mc.com\/wp-content\/uploads\/2017\/01\/ferrari-location-suisse-300x300.jpg 300w, https:\/\/luxury-rental-mc.com\/wp-content\/uploads\/2017\/01\/ferrari-location-suisse-150x150.jpg 150w, https:\/\/luxury-rental-mc.com\/wp-content\/uploads\/2017\/01\/ferrari-location-suisse-550x550.jpg 550w, https:\/\/luxury-rental-mc.com\/wp-content\/uploads\/2017\/01\/ferrari-location-suisse-500x500.jpg 500w, https:\/\/luxury-rental-mc.com\/wp-content\/uploads\/2017\/01\/ferrari-location-suisse-225x225.jpg 225w, https:\/\/luxury-rental-mc.com\/wp-content\/uploads\/2017\/01\/ferrari-location-suisse-200x200.jpg 200w, https:\/\/luxury-rental-mc.com\/wp-content\/uploads\/2017\/01\/ferrari-location-suisse-400x400.jpg 400w, https:\/\/luxury-rental-mc.com\/wp-content\/uploads\/2017\/01\/ferrari-location-suisse-260x260.jpg 260w, https:\/\/luxury-rental-mc.com\/wp-content\/uploads\/2017\/01\/ferrari-location-suisse-600x600.jpg 600w, https:\/\/luxury-rental-mc.com\/wp-content\/uploads\/2017\/01\/ferrari-location-suisse-414x414.jpg 414w, https:\/\/luxury-rental-mc.com\/wp-content\/uploads\/2017\/01\/ferrari-location-suisse.jpg 640w\" sizes=\"(max-width: 300px) 100vw, 300px\" \/>Si vous \u00eates press\u00e9 ou si vous avez envie de profiter pleinement de votre s\u00e9jour \u00e0 Berne sans vous pr\u00e9occuper des meilleurs itin\u00e9raires \u00e0 prendre, le transfert avec chauffeur Suisse est le service qu\u2019il vous faut. C\u2019est le meilleur compromis de transport pour \u00e9viter les longues files \u00e0 la sortie de l\u2019a\u00e9roport pour prendre un taxi ou une navette collective. Peu importe votre ville de d\u00e9part, vous profiterez du service pour vos d\u00e9placements d\u2019affaires ou pour un s\u00e9jour de d\u00e9tente dans n\u2019importe quelle ville de Suisse. Si votre destination est la ville de Berne, le service de location voiture luxe Berne mettra \u00e0 votre disposition toute une flotte de v\u00e9hicules \u00e9l\u00e9gants et d\u2019actualit\u00e9s. Avec des tarifs qui s\u2019adaptent \u00e0 vos besoins, vous pourrez louer une limousine, une Mercedes, une Jaguar ou encore une Rolls Royce\u00a0 aupr\u00e8s du prestataire. \u00c0 votre atterrissage, vous n\u2019aurez plus \u00e0 attendre. Votre chauffeur se pr\u00e9sentera avec une pancarte avec votre nom ou le logo de votre entreprise et s\u2019occupera avec plaisir de vos bagages. S\u00e9rieux et attentif, il vous conduira o\u00f9 vous voudrez et pourra m\u00eame vous proposer les trajets les plus courts ou les plus int\u00e9ressants pour vous faire visiter. Pour vos soir\u00e9es priv\u00e9es, vos congr\u00e8s ou vos rendez-vous d\u2019affaires, le prestataire vous garantira la discr\u00e9tion si tel est votre recommandation.<\/p>\n<p>&nbsp;<\/p>\n<h3>D\u00e9couvrez \u00e9galement nos autres villes desservies :<\/h3>\n<ul>\n<li><a href=\"https:\/\/luxury-rental-mc.com\/fr\/location-voiture-luxe\/autres-villes\/location-voiture-luxe-chamonix\">Location voiture luxe Chamonix<\/a><\/li>\n<li><a href=\"https:\/\/luxury-rental-mc.com\/fr\/location-voiture-luxe\/autres-villes\/location-voiture-luxe-zurich\">Location voiture luxe Zurich<\/a><\/li>\n<li><a href=\"https:\/\/luxury-rental-mc.com\/fr\/location-voiture-luxe\/autres-villes\/location-davos\">Location voiture luxe Davos<\/a><\/li>\n<li><a href=\"https:\/\/luxury-rental-mc.com\/fr\/location-voiture-luxe\/autres-villes\/location-lausanne\">Location voiture luxe Lausanne<\/a><\/li>\n<li><a href=\"https:\/\/luxury-rental-mc.com\/fr\/location-voiture-luxe\/autres-villes\/location-laax\">Location voiture luxe Laax<\/a><\/li>\n<li><a href=\"https:\/\/luxury-rental-mc.com\/fr\/location-voiture-luxe\/autres-villes\/location-lucerne\">Location voiture luxe Lucerne<\/a><\/li>\n<li><a href=\"https:\/\/luxury-rental-mc.com\/fr\/location-voiture-luxe\/autres-villes\/location-moritz\">Location voiture luxe Saint Moritz<\/a>\n<div class=\"wpb_row vc_row mk-fullwidth-false attched-false vc_row-fluid js-master-row mk-in-viewport\"><\/div>\n<\/li>\n<\/ul>\n[\/vc_column_text][\/vc_column][\/vc_row]\n","protected":false},"excerpt":{"rendered":"<p>[vc_row][vc_column][vc_column_text] Location voiture luxe Berne &nbsp; La ville de Berne est un endroit exceptionnel qui a merveilleusement conserv\u00e9 son caract\u00e8re historique. Elle fascine avec son atmosph\u00e8re m\u00e9di\u00e9vale qui se fait sentir dans chaque coin de rue \u00e0 travers ses nombreuses fontaines, ses fa\u00e7ades en gr\u00e8s, ses cath\u00e9drales, ses tours historiques et ses ruelles pav\u00e9es. Cette [&hellip;]<\/p>\n","protected":false},"author":1,"featured_media":0,"parent":9503,"menu_order":0,"comment_status":"closed","ping_status":"closed","template":"","meta":{"_monsterinsights_skip_tracking":false,"_monsterinsights_sitenote_active":false,"_monsterinsights_sitenote_note":"","_monsterinsights_sitenote_category":0},"yoast_head":"<!-- This site is optimized with the Yoast SEO plugin v20.3 - https:\/\/yoast.com\/wordpress\/plugins\/seo\/ -->\n<title>Location voiture luxe Berne - Luxury Car Rentals | Monaco, Nice, Cannes, Saint-Tropez<\/title>\n<meta name=\"robots\" content=\"index, follow, max-snippet:-1, max-image-preview:large, max-video-preview:-1\" \/>\n<link rel=\"canonical\" href=\"https:\/\/luxury-rental-mc.com\/fr\/location-voiture-luxe\/autres-villes\/location-voiture-luxe-berne\/\" \/>\n<meta property=\"og:locale\" content=\"fr_FR\" \/>\n<meta property=\"og:type\" content=\"article\" \/>\n<meta property=\"og:title\" content=\"Location voiture luxe Berne - Luxury Car Rentals | Monaco, Nice, Cannes, Saint-Tropez\" \/>\n<meta property=\"og:description\" content=\"[vc_row][vc_column][vc_column_text] Location voiture luxe Berne &nbsp; La ville de Berne est un endroit exceptionnel qui a merveilleusement conserv\u00e9 son caract\u00e8re historique. Elle fascine avec son atmosph\u00e8re m\u00e9di\u00e9vale qui se fait sentir dans chaque coin de rue \u00e0 travers ses nombreuses fontaines, ses fa\u00e7ades en gr\u00e8s, ses cath\u00e9drales, ses tours historiques et ses ruelles pav\u00e9es. Cette [&hellip;]\" \/>\n<meta property=\"og:url\" content=\"https:\/\/luxury-rental-mc.com\/fr\/location-voiture-luxe\/autres-villes\/location-voiture-luxe-berne\/\" \/>\n<meta property=\"og:site_name\" content=\"Luxury Car Rentals | Monaco, Nice, Cannes, Saint-Tropez\" \/>\n<meta property=\"article:modified_time\" content=\"2017-01-15T15:14:39+00:00\" \/>\n<meta property=\"og:image\" content=\"https:\/\/luxury-rental-mc.com\/wp-content\/uploads\/2017\/01\/aeroport-bern.jpg\" \/>\n<meta name=\"twitter:label1\" content=\"Dur\u00e9e de lecture estim\u00e9e\" \/>\n\t<meta name=\"twitter:data1\" content=\"4 minutes\" \/>\n<script type=\"application\/ld+json\" class=\"yoast-schema-graph\">{\"@context\":\"https:\/\/schema.org\",\"@graph\":[{\"@type\":\"WebPage\",\"@id\":\"https:\/\/luxury-rental-mc.com\/fr\/location-voiture-luxe\/autres-villes\/location-voiture-luxe-berne\/\",\"url\":\"https:\/\/luxury-rental-mc.com\/fr\/location-voiture-luxe\/autres-villes\/location-voiture-luxe-berne\/\",\"name\":\"Location voiture luxe Berne - Luxury Car Rentals | Monaco, Nice, Cannes, Saint-Tropez\",\"isPartOf\":{\"@id\":\"https:\/\/luxury-rental-mc.com\/#website\"},\"datePublished\":\"2017-01-15T15:02:02+00:00\",\"dateModified\":\"2017-01-15T15:14:39+00:00\",\"breadcrumb\":{\"@id\":\"https:\/\/luxury-rental-mc.com\/fr\/location-voiture-luxe\/autres-villes\/location-voiture-luxe-berne\/#breadcrumb\"},\"inLanguage\":\"fr-FR\",\"potentialAction\":[{\"@type\":\"ReadAction\",\"target\":[\"https:\/\/luxury-rental-mc.com\/fr\/location-voiture-luxe\/autres-villes\/location-voiture-luxe-berne\/\"]}]},{\"@type\":\"BreadcrumbList\",\"@id\":\"https:\/\/luxury-rental-mc.com\/fr\/location-voiture-luxe\/autres-villes\/location-voiture-luxe-berne\/#breadcrumb\",\"itemListElement\":[{\"@type\":\"ListItem\",\"position\":1,\"name\":\"Accueil\",\"item\":\"https:\/\/luxury-rental-mc.com\/fr\/\"},{\"@type\":\"ListItem\",\"position\":2,\"name\":\"Location\",\"item\":\"https:\/\/luxury-rental-mc.com\/fr\/location-voiture-luxe\/\"},{\"@type\":\"ListItem\",\"position\":3,\"name\":\"Autres Villes\",\"item\":\"https:\/\/luxury-rental-mc.com\/fr\/location-voiture-luxe\/autres-villes\/\"},{\"@type\":\"ListItem\",\"position\":4,\"name\":\"Location voiture luxe Berne\"}]},{\"@type\":\"WebSite\",\"@id\":\"https:\/\/luxury-rental-mc.com\/#website\",\"url\":\"https:\/\/luxury-rental-mc.com\/\",\"name\":\"Luxury Car Rentals | Monaco, Nice, Cannes, Saint-Tropez\",\"description\":\"Rent the finest brands : Porsche, Ferrari, Lamborghini, Mercedes...\",\"potentialAction\":[{\"@type\":\"SearchAction\",\"target\":{\"@type\":\"EntryPoint\",\"urlTemplate\":\"https:\/\/luxury-rental-mc.com\/?s={search_term_string}\"},\"query-input\":\"required name=search_term_string\"}],\"inLanguage\":\"fr-FR\"}]}<\/script>\n<!-- \/ Yoast SEO plugin. -->","yoast_head_json":{"title":"Location voiture luxe Berne - Luxury Car Rentals | Monaco, Nice, Cannes, Saint-Tropez","robots":{"index":"index","follow":"follow","max-snippet":"max-snippet:-1","max-image-preview":"max-image-preview:large","max-video-preview":"max-video-preview:-1"},"canonical":"https:\/\/luxury-rental-mc.com\/fr\/location-voiture-luxe\/autres-villes\/location-voiture-luxe-berne\/","og_locale":"fr_FR","og_type":"article","og_title":"Location voiture luxe Berne - Luxury Car Rentals | Monaco, Nice, Cannes, Saint-Tropez","og_description":"[vc_row][vc_column][vc_column_text] Location voiture luxe Berne &nbsp; La ville de Berne est un endroit exceptionnel qui a merveilleusement conserv\u00e9 son caract\u00e8re historique. Elle fascine avec son atmosph\u00e8re m\u00e9di\u00e9vale qui se fait sentir dans chaque coin de rue \u00e0 travers ses nombreuses fontaines, ses fa\u00e7ades en gr\u00e8s, ses cath\u00e9drales, ses tours historiques et ses ruelles pav\u00e9es. Cette [&hellip;]","og_url":"https:\/\/luxury-rental-mc.com\/fr\/location-voiture-luxe\/autres-villes\/location-voiture-luxe-berne\/","og_site_name":"Luxury Car Rentals | Monaco, Nice, Cannes, Saint-Tropez","article_modified_time":"2017-01-15T15:14:39+00:00","og_image":[{"url":"https:\/\/luxury-rental-mc.com\/wp-content\/uploads\/2017\/01\/aeroport-bern.jpg"}],"twitter_misc":{"Dur\u00e9e de lecture estim\u00e9e":"4 minutes"},"schema":{"@context":"https:\/\/schema.org","@graph":[{"@type":"WebPage","@id":"https:\/\/luxury-rental-mc.com\/fr\/location-voiture-luxe\/autres-villes\/location-voiture-luxe-berne\/","url":"https:\/\/luxury-rental-mc.com\/fr\/location-voiture-luxe\/autres-villes\/location-voiture-luxe-berne\/","name":"Location voiture luxe Berne - Luxury Car Rentals | Monaco, Nice, Cannes, Saint-Tropez","isPartOf":{"@id":"https:\/\/luxury-rental-mc.com\/#website"},"datePublished":"2017-01-15T15:02:02+00:00","dateModified":"2017-01-15T15:14:39+00:00","breadcrumb":{"@id":"https:\/\/luxury-rental-mc.com\/fr\/location-voiture-luxe\/autres-villes\/location-voiture-luxe-berne\/#breadcrumb"},"inLanguage":"fr-FR","potentialAction":[{"@type":"ReadAction","target":["https:\/\/luxury-rental-mc.com\/fr\/location-voiture-luxe\/autres-villes\/location-voiture-luxe-berne\/"]}]},{"@type":"BreadcrumbList","@id":"https:\/\/luxury-rental-mc.com\/fr\/location-voiture-luxe\/autres-villes\/location-voiture-luxe-berne\/#breadcrumb","itemListElement":[{"@type":"ListItem","position":1,"name":"Accueil","item":"https:\/\/luxury-rental-mc.com\/fr\/"},{"@type":"ListItem","position":2,"name":"Location","item":"https:\/\/luxury-rental-mc.com\/fr\/location-voiture-luxe\/"},{"@type":"ListItem","position":3,"name":"Autres Villes","item":"https:\/\/luxury-rental-mc.com\/fr\/location-voiture-luxe\/autres-villes\/"},{"@type":"ListItem","position":4,"name":"Location voiture luxe Berne"}]},{"@type":"WebSite","@id":"https:\/\/luxury-rental-mc.com\/#website","url":"https:\/\/luxury-rental-mc.com\/","name":"Luxury Car Rentals | Monaco, Nice, Cannes, Saint-Tropez","description":"Rent the finest brands : Porsche, Ferrari, Lamborghini, Mercedes...","potentialAction":[{"@type":"SearchAction","target":{"@type":"EntryPoint","urlTemplate":"https:\/\/luxury-rental-mc.com\/?s={search_term_string}"},"query-input":"required name=search_term_string"}],"inLanguage":"fr-FR"}]}},"_links":{"self":[{"href":"https:\/\/luxury-rental-mc.com\/fr\/wp-json\/wp\/v2\/pages\/9736\/"}],"collection":[{"href":"https:\/\/luxury-rental-mc.com\/fr\/wp-json\/wp\/v2\/pages\/"}],"about":[{"href":"https:\/\/luxury-rental-mc.com\/fr\/wp-json\/wp\/v2\/types\/page\/"}],"author":[{"embeddable":true,"href":"https:\/\/luxury-rental-mc.com\/fr\/wp-json\/wp\/v2\/users\/1\/"}],"replies":[{"embeddable":true,"href":"https:\/\/luxury-rental-mc.com\/fr\/wp-json\/wp\/v2\/comments\/?post=9736"}],"version-history":[{"count":6,"href":"https:\/\/luxury-rental-mc.com\/fr\/wp-json\/wp\/v2\/pages\/9736\/revisions\/"}],"predecessor-version":[{"id":9745,"href":"https:\/\/luxury-rental-mc.com\/fr\/wp-json\/wp\/v2\/pages\/9736\/revisions\/9745\/"}],"up":[{"embeddable":true,"href":"https:\/\/luxury-rental-mc.com\/fr\/wp-json\/wp\/v2\/pages\/9503\/"}],"wp:attachment":[{"href":"https:\/\/luxury-rental-mc.com\/fr\/wp-json\/wp\/v2\/media\/?parent=9736"}],"curies":[{"name":"wp","href":"https:\/\/api.w.org\/{rel}","templated":true}]}}