{"id":9852,"date":"2017-03-07T10:40:05","date_gmt":"2017-03-07T09:40:05","guid":{"rendered":"https:\/\/luxury-rental-mc.com\/fr\/?page_id=9852"},"modified":"2017-03-08T10:21:57","modified_gmt":"2017-03-08T09:21:57","slug":"location-voiture-luxe-lac-de-come","status":"publish","type":"page","link":"https:\/\/luxury-rental-mc.com\/fr\/location-voiture-luxe\/autres-villes\/location-voiture-luxe-lac-de-come\/","title":{"rendered":"Location voiture luxe Lac de C\u00f4me"},"content":{"rendered":"[vc_row][vc_column][vc_column_text]\n<h1 style=\"text-align: center;\">Location voiture luxe Lac de C\u00f4me<\/h1>\n<p align=\"JUSTIFY\">Entre les provinces de C\u00f4me et Lecco, \u00e0 50 kilom\u00e8tres de Milan, se trouve le Lac de C\u00f4me, un endroit qui charme par son paysage hors du commun. Entour\u00e9 par des montagnes, il offre des vues d\u2019une rare beaut\u00e9 et vous plonge dans les bourgs, les jardins luxuriants, les splendides villas qui bordent le lac. Le lac quant \u00e0 lui, prend la forme d\u2019un \u00ab\u00a0Y\u00a0\u00bb renvers\u00e9 et se divise en trois branches principales o\u00f9 l\u2019on trouvera le C\u00f4me au sud-ouest, Lecco au sud-est et Colico au nord. Des endroits tr\u00e8s appr\u00e9ci\u00e9s par les vill\u00e9giateurs de par leur richesse culturelle impressionnante et les nombreux points d\u2019int\u00e9r\u00eats qu\u2019ils r\u00e9servent. \u00c0 cela s\u2019ajoutent la visite des clubs de sport et les activit\u00e9s en plein air. Aussi, sera-t-il judicieux de vous v\u00e9hiculer pour profiter pleinement des merveilles de la r\u00e9gion. Pour vous constituer de grands souvenirs, pourquoi ne pas solliciter la location voiture luxe Lac du C\u00f4me\u00a0? La majorit\u00e9 des services disponibles dans la r\u00e9gion \u00e9tant plut\u00f4t acc\u00e8s au luxe, il ne vous y sera pas difficile de trouver une agence de location voiture luxe Lac de C\u00f4me vous proposant de vous mettre au volant des plus belles voitures du monde. Si vous ne souhaitez pas conduire, le professionnel mettra volontiers un chauffeur \u00e0 votre service pour vous conduire o\u00f9 bon vous semblera. Le chauffeur en question t\u00e2chera de respecter vos imp\u00e9ratifs et vous proposera les meilleurs itin\u00e9raires si vous souhaitez d\u00e9couvrir la r\u00e9gion.<\/p>\n[\/vc_column_text][\/vc_column][\/vc_row][mk_page_section bg_image=\u00a0\u00bbhttps:\/\/luxury-rental-mc.com\/wp-content\/uploads\/2017\/02\/lake-como-luxury-car-rental.jpg\u00a0\u00bb attachment=\u00a0\u00bbfixed\u00a0\u00bb bg_position=\u00a0\u00bbcenter center\u00a0\u00bb bg_repeat=\u00a0\u00bbno-repeat\u00a0\u00bb bg_stretch=\u00a0\u00bbtrue\u00a0\u00bb min_height=\u00a0\u00bb400&Prime; full_width=\u00a0\u00bbtrue\u00a0\u00bb sidebar=\u00a0\u00bbsidebar-1&Prime;][vc_column][\/vc_column][\/mk_page_section][vc_row][vc_column][vc_column_text]\n<h2 style=\"text-align: center;\">Louer v\u00e9hicule luxe Lombardie<\/h2>\n<p align=\"JUSTIFY\">La Lombardie est tr\u00e8s connue pour ses grands lacs et ses nombreux bassins mineurs qui offrent alors de grandes possibilit\u00e9s d\u2019attractions aux touristes. Mais encore, les routes de la ville sont sem\u00e9es de belles surprises qui ne manqueront pas de charmer. Si vous recherche le calme pour vous d\u00e9tendre, si vous \u00eates un grand amateur de sport et que vous voulez pratiquer des sports d\u2019eau, d\u2019air et de terre ou si vous \u00eates un passionn\u00e9 d\u2019art culinaire, la Lombardie est l\u2019endroit id\u00e9al pour passer ses vacances. Mais encore, sa proximit\u00e9 des villes comme Milan, Brescia et Mantoue n\u2019en fait pas un lieu isol\u00e9 et vous laisse donc l\u2019opportunit\u00e9 de profiter des joies des grandes villes, mais aussi le caract\u00e8re paisible de la campagne. Pour assurer vos d\u00e9placements, louer v\u00e9hicule luxe Lombardie constitue le meilleur compromis dans la r\u00e9gion. Pour parcourir avec plaisir les routes de la r\u00e9gion, roulez dans une sportive, un cabriolet ou une berline de grande marque. En optant pour une voiture de luxe, vous attirerez non seulement tous les regards, mais vous profiterez \u00e9galement d\u2019une exp\u00e9rience de conduite unique avec un niveau de s\u00e9curit\u00e9 et de confort accru accompagn\u00e9 de sensations fortes. Pour avoir de plus amples informations, n\u2019h\u00e9sitez pas \u00e0 contacter une agence de location exer\u00e7ant dans la r\u00e9gion par son num\u00e9ro direct ou encore consulter son site internet sur lequel vous pourrez directement effectuer une r\u00e9servation. En g\u00e9n\u00e9ral, la voiture que vous aurez choisie pourra \u00eatre lou\u00e9e par jour, par semaine ou au mois.<\/p>\n[\/vc_column_text][mk_image src=\u00a0\u00bbhttps:\/\/luxury-rental-mc.com\/wp-content\/uploads\/2017\/02\/lake-como-rent-car.jpg\u00a0\u00bb align=\u00a0\u00bbcenter\u00a0\u00bb][vc_column_text]\n<h2 style=\"text-align: center;\">Balade en voiture d&rsquo;exceptions<\/h2>\n<p align=\"JUSTIFY\">Les routes italiennes sont c\u00e9l\u00e8bres pour leurs paysages extraordinaires qu\u2019on ne trouvera pas dans d\u2019autres pays europ\u00e9ens. Pittoresque et surprenante, l\u2019Italie nous laisse \u00e0 c\u0153ur joie suivre la route des volcans, des ch\u00e2teaux romains et des vins. Pour se constituer des souvenirs encore plus agr\u00e9ables, une balade en voiture d\u2019exceptions au Lac de C\u00f4me semble \u00eatre un incontournable. Cet endroit naturellement hors du commun nous r\u00e9serve les plus belles trajectoires \u00e0 r\u00e9aliser en voiture. Du haut de ses montagnes jusqu\u2019au bord du lac, il n\u2019y a absolument rien \u00e0 rater. En famille, entre ami ou en couple, profiter des belles promotions que vous trouverez sur internet pour louer une Porsche, une Bentley, une Ferrari, une Mercedes, une Lamborghini ou une Aston Martin pour parcourir les routes de la r\u00e9gion. La location de ce type de v\u00e9hicule vous garantit des souvenirs inoubliables et une exp\u00e9rience de conduite exceptionnelle. Au volant d\u2019un v\u00e9hicule de prestige, vous sentirez tout de suite la diff\u00e9rence en ma\u00eetrisant avec une facilit\u00e9 d\u00e9concertante la grande puissance qu\u2019offre le moteur. Si vous avez une marque pr\u00e9f\u00e9r\u00e9e, n\u2019h\u00e9sitez pas \u00e0 visiter le site d\u2019un prestataire dans la r\u00e9gion pour consulter les diff\u00e9rents v\u00e9hicules disponible dans son parc auto. Sur le site, vous pourrez directement r\u00e9aliser une r\u00e9servation seulement en compl\u00e9tant un simple formulaire.<\/p>\n<p>&nbsp;<\/p>\n<h2>D\u00e9couvrez les autres villes\u00a0:<\/h2>\n<ul>\n<li><a href=\"https:\/\/luxury-rental-mc.com\/fr\/location-voiture-luxe\/autres-villes\/location-geneve\">Location voiture luxe Gen\u00e8ve<\/a><\/li>\n<\/ul>\n<ul>\n<li><a href=\"https:\/\/luxury-rental-mc.com\/fr\/location-voiture-luxe\/autres-villes\/location-voiture-luxe-chamonix\">Location voiture luxe Chamonix<\/a><\/li>\n<\/ul>\n<ul>\n<li><a href=\"https:\/\/luxury-rental-mc.com\/fr\/location-voiture-luxe\/autres-villes\/location-voiture-luxe-zurich\">Location voiture luxe Zurich<\/a><\/li>\n<\/ul>\n<ul>\n<li><a href=\"https:\/\/luxury-rental-mc.com\/fr\/location-voiture-luxe\/autres-villes\/location-davos\">Location voiture luxe Davos<\/a><\/li>\n<\/ul>\n<ul>\n<li><a href=\"https:\/\/luxury-rental-mc.com\/fr\/location-voiture-luxe\/autres-villes\/location-lausanne\">Location voiture luxe Lausanne<\/a><\/li>\n<\/ul>\n<ul>\n<li><a href=\"https:\/\/luxury-rental-mc.com\/fr\/location-voiture-luxe\/autres-villes\/location-laax\">Location voiture luxe Laax<\/a><\/li>\n<\/ul>\n<ul>\n<li><a href=\"https:\/\/luxury-rental-mc.com\/fr\/location-voiture-luxe\/autres-villes\/location-lucerne\">Location voiture luxe Lucerne<\/a><\/li>\n<\/ul>\n<ul>\n<li><a href=\"https:\/\/luxury-rental-mc.com\/fr\/location-voiture-luxe\/autres-villes\/location-voiture-luxe-berne-2\">Location voiture luxe\u00a0Berne<\/a><\/li>\n<li><a href=\"https:\/\/luxury-rental-mc.com\/fr\/location-voiture-luxe\/autres-villes\/location-voiture-de-luxe-venise\">Location voiture luxe\u00a0Venise<\/a><\/li>\n<\/ul>\n<ul>\n<li><a href=\"https:\/\/luxury-rental-mc.com\/fr\/location-voiture-luxe\/autres-villes\/location-voiture-luxe-porto-cervo\">Location voiture luxe\u00a0Porto Cervo<\/a><\/li>\n<\/ul>\n<ul>\n<li><a href=\"https:\/\/luxury-rental-mc.com\/fr\/location-voiture-luxe\/autres-villes\/location-voiture-luxe-positano\">Location voiture luxe\u00a0Positano<\/a><\/li>\n<li><a href=\"https:\/\/luxury-rental-mc.com\/fr\/location-voiture-luxe\/autres-villes\/location-voiture-de-luxe-turin\">Location voiture luxe\u00a0Turin<\/a><\/li>\n<\/ul>\n[\/vc_column_text][\/vc_column][\/vc_row]\n","protected":false},"excerpt":{"rendered":"<p>[vc_row][vc_column][vc_column_text] Location voiture luxe Lac de C\u00f4me Entre les provinces de C\u00f4me et Lecco, \u00e0 50 kilom\u00e8tres de Milan, se trouve le Lac de C\u00f4me, un endroit qui charme par son paysage hors du commun. Entour\u00e9 par des montagnes, il offre des vues d\u2019une rare beaut\u00e9 et vous plonge dans les bourgs, les jardins luxuriants, [&hellip;]<\/p>\n","protected":false},"author":1,"featured_media":0,"parent":9503,"menu_order":0,"comment_status":"closed","ping_status":"closed","template":"","meta":{"_monsterinsights_skip_tracking":false,"_monsterinsights_sitenote_active":false,"_monsterinsights_sitenote_note":"","_monsterinsights_sitenote_category":0},"yoast_head":"<!-- This site is optimized with the Yoast SEO plugin v20.3 - https:\/\/yoast.com\/wordpress\/plugins\/seo\/ -->\n<title>Location voiture de luxe lac de C\u00f4me - Luxury Rental MC<\/title>\n<meta name=\"description\" content=\"Contactez notre \u00e9quipe pour de plus amples informations concernant la location de voiture de luxe Lac de C\u00f4me. Demandez vos tarifs en ligne.\" \/>\n<meta name=\"robots\" content=\"index, follow, max-snippet:-1, max-image-preview:large, max-video-preview:-1\" \/>\n<link rel=\"canonical\" href=\"https:\/\/luxury-rental-mc.com\/fr\/location-voiture-luxe\/autres-villes\/location-voiture-luxe-lac-de-come\/\" \/>\n<meta property=\"og:locale\" content=\"fr_FR\" \/>\n<meta property=\"og:type\" content=\"article\" \/>\n<meta property=\"og:title\" content=\"Location voiture de luxe lac de C\u00f4me - Luxury Rental MC\" \/>\n<meta property=\"og:description\" content=\"Contactez notre \u00e9quipe pour de plus amples informations concernant la location de voiture de luxe Lac de C\u00f4me. Demandez vos tarifs en ligne.\" \/>\n<meta property=\"og:url\" content=\"https:\/\/luxury-rental-mc.com\/fr\/location-voiture-luxe\/autres-villes\/location-voiture-luxe-lac-de-come\/\" \/>\n<meta property=\"og:site_name\" content=\"Luxury Car Rentals | Monaco, Nice, Cannes, Saint-Tropez\" \/>\n<meta property=\"article:modified_time\" content=\"2017-03-08T09:21:57+00:00\" \/>\n<meta name=\"twitter:label1\" content=\"Dur\u00e9e de lecture estim\u00e9e\" \/>\n\t<meta name=\"twitter:data1\" content=\"5 minutes\" \/>\n<script type=\"application\/ld+json\" class=\"yoast-schema-graph\">{\"@context\":\"https:\/\/schema.org\",\"@graph\":[{\"@type\":\"WebPage\",\"@id\":\"https:\/\/luxury-rental-mc.com\/fr\/location-voiture-luxe\/autres-villes\/location-voiture-luxe-lac-de-come\/\",\"url\":\"https:\/\/luxury-rental-mc.com\/fr\/location-voiture-luxe\/autres-villes\/location-voiture-luxe-lac-de-come\/\",\"name\":\"Location voiture de luxe lac de C\u00f4me - Luxury Rental MC\",\"isPartOf\":{\"@id\":\"https:\/\/luxury-rental-mc.com\/#website\"},\"datePublished\":\"2017-03-07T09:40:05+00:00\",\"dateModified\":\"2017-03-08T09:21:57+00:00\",\"description\":\"Contactez notre \u00e9quipe pour de plus amples informations concernant la location de voiture de luxe Lac de C\u00f4me. Demandez vos tarifs en ligne.\",\"breadcrumb\":{\"@id\":\"https:\/\/luxury-rental-mc.com\/fr\/location-voiture-luxe\/autres-villes\/location-voiture-luxe-lac-de-come\/#breadcrumb\"},\"inLanguage\":\"fr-FR\",\"potentialAction\":[{\"@type\":\"ReadAction\",\"target\":[\"https:\/\/luxury-rental-mc.com\/fr\/location-voiture-luxe\/autres-villes\/location-voiture-luxe-lac-de-come\/\"]}]},{\"@type\":\"BreadcrumbList\",\"@id\":\"https:\/\/luxury-rental-mc.com\/fr\/location-voiture-luxe\/autres-villes\/location-voiture-luxe-lac-de-come\/#breadcrumb\",\"itemListElement\":[{\"@type\":\"ListItem\",\"position\":1,\"name\":\"Accueil\",\"item\":\"https:\/\/luxury-rental-mc.com\/fr\/\"},{\"@type\":\"ListItem\",\"position\":2,\"name\":\"Location\",\"item\":\"https:\/\/luxury-rental-mc.com\/fr\/location-voiture-luxe\/\"},{\"@type\":\"ListItem\",\"position\":3,\"name\":\"Autres Villes\",\"item\":\"https:\/\/luxury-rental-mc.com\/fr\/location-voiture-luxe\/autres-villes\/\"},{\"@type\":\"ListItem\",\"position\":4,\"name\":\"Location voiture luxe Lac de C\u00f4me\"}]},{\"@type\":\"WebSite\",\"@id\":\"https:\/\/luxury-rental-mc.com\/#website\",\"url\":\"https:\/\/luxury-rental-mc.com\/\",\"name\":\"Luxury Car Rentals | Monaco, Nice, Cannes, Saint-Tropez\",\"description\":\"Rent the finest brands : Porsche, Ferrari, Lamborghini, Mercedes...\",\"potentialAction\":[{\"@type\":\"SearchAction\",\"target\":{\"@type\":\"EntryPoint\",\"urlTemplate\":\"https:\/\/luxury-rental-mc.com\/?s={search_term_string}\"},\"query-input\":\"required name=search_term_string\"}],\"inLanguage\":\"fr-FR\"}]}<\/script>\n<!-- \/ Yoast SEO plugin. -->","yoast_head_json":{"title":"Location voiture de luxe lac de C\u00f4me - Luxury Rental MC","description":"Contactez notre \u00e9quipe pour de plus amples informations concernant la location de voiture de luxe Lac de C\u00f4me. Demandez vos tarifs en ligne.","robots":{"index":"index","follow":"follow","max-snippet":"max-snippet:-1","max-image-preview":"max-image-preview:large","max-video-preview":"max-video-preview:-1"},"canonical":"https:\/\/luxury-rental-mc.com\/fr\/location-voiture-luxe\/autres-villes\/location-voiture-luxe-lac-de-come\/","og_locale":"fr_FR","og_type":"article","og_title":"Location voiture de luxe lac de C\u00f4me - Luxury Rental MC","og_description":"Contactez notre \u00e9quipe pour de plus amples informations concernant la location de voiture de luxe Lac de C\u00f4me. Demandez vos tarifs en ligne.","og_url":"https:\/\/luxury-rental-mc.com\/fr\/location-voiture-luxe\/autres-villes\/location-voiture-luxe-lac-de-come\/","og_site_name":"Luxury Car Rentals | Monaco, Nice, Cannes, Saint-Tropez","article_modified_time":"2017-03-08T09:21:57+00:00","twitter_misc":{"Dur\u00e9e de lecture estim\u00e9e":"5 minutes"},"schema":{"@context":"https:\/\/schema.org","@graph":[{"@type":"WebPage","@id":"https:\/\/luxury-rental-mc.com\/fr\/location-voiture-luxe\/autres-villes\/location-voiture-luxe-lac-de-come\/","url":"https:\/\/luxury-rental-mc.com\/fr\/location-voiture-luxe\/autres-villes\/location-voiture-luxe-lac-de-come\/","name":"Location voiture de luxe lac de C\u00f4me - Luxury Rental MC","isPartOf":{"@id":"https:\/\/luxury-rental-mc.com\/#website"},"datePublished":"2017-03-07T09:40:05+00:00","dateModified":"2017-03-08T09:21:57+00:00","description":"Contactez notre \u00e9quipe pour de plus amples informations concernant la location de voiture de luxe Lac de C\u00f4me. Demandez vos tarifs en ligne.","breadcrumb":{"@id":"https:\/\/luxury-rental-mc.com\/fr\/location-voiture-luxe\/autres-villes\/location-voiture-luxe-lac-de-come\/#breadcrumb"},"inLanguage":"fr-FR","potentialAction":[{"@type":"ReadAction","target":["https:\/\/luxury-rental-mc.com\/fr\/location-voiture-luxe\/autres-villes\/location-voiture-luxe-lac-de-come\/"]}]},{"@type":"BreadcrumbList","@id":"https:\/\/luxury-rental-mc.com\/fr\/location-voiture-luxe\/autres-villes\/location-voiture-luxe-lac-de-come\/#breadcrumb","itemListElement":[{"@type":"ListItem","position":1,"name":"Accueil","item":"https:\/\/luxury-rental-mc.com\/fr\/"},{"@type":"ListItem","position":2,"name":"Location","item":"https:\/\/luxury-rental-mc.com\/fr\/location-voiture-luxe\/"},{"@type":"ListItem","position":3,"name":"Autres Villes","item":"https:\/\/luxury-rental-mc.com\/fr\/location-voiture-luxe\/autres-villes\/"},{"@type":"ListItem","position":4,"name":"Location voiture luxe Lac de C\u00f4me"}]},{"@type":"WebSite","@id":"https:\/\/luxury-rental-mc.com\/#website","url":"https:\/\/luxury-rental-mc.com\/","name":"Luxury Car Rentals | Monaco, Nice, Cannes, Saint-Tropez","description":"Rent the finest brands : Porsche, Ferrari, Lamborghini, Mercedes...","potentialAction":[{"@type":"SearchAction","target":{"@type":"EntryPoint","urlTemplate":"https:\/\/luxury-rental-mc.com\/?s={search_term_string}"},"query-input":"required name=search_term_string"}],"inLanguage":"fr-FR"}]}},"_links":{"self":[{"href":"https:\/\/luxury-rental-mc.com\/fr\/wp-json\/wp\/v2\/pages\/9852\/"}],"collection":[{"href":"https:\/\/luxury-rental-mc.com\/fr\/wp-json\/wp\/v2\/pages\/"}],"about":[{"href":"https:\/\/luxury-rental-mc.com\/fr\/wp-json\/wp\/v2\/types\/page\/"}],"author":[{"embeddable":true,"href":"https:\/\/luxury-rental-mc.com\/fr\/wp-json\/wp\/v2\/users\/1\/"}],"replies":[{"embeddable":true,"href":"https:\/\/luxury-rental-mc.com\/fr\/wp-json\/wp\/v2\/comments\/?post=9852"}],"version-history":[{"count":2,"href":"https:\/\/luxury-rental-mc.com\/fr\/wp-json\/wp\/v2\/pages\/9852\/revisions\/"}],"predecessor-version":[{"id":9905,"href":"https:\/\/luxury-rental-mc.com\/fr\/wp-json\/wp\/v2\/pages\/9852\/revisions\/9905\/"}],"up":[{"embeddable":true,"href":"https:\/\/luxury-rental-mc.com\/fr\/wp-json\/wp\/v2\/pages\/9503\/"}],"wp:attachment":[{"href":"https:\/\/luxury-rental-mc.com\/fr\/wp-json\/wp\/v2\/media\/?parent=9852"}],"curies":[{"name":"wp","href":"https:\/\/api.w.org\/{rel}","templated":true}]}}