{"id":9854,"date":"2017-03-07T10:45:23","date_gmt":"2017-03-07T09:45:23","guid":{"rendered":"https:\/\/luxury-rental-mc.com\/fr\/?page_id=9854"},"modified":"2017-03-08T10:20:52","modified_gmt":"2017-03-08T09:20:52","slug":"location-voiture-luxe-porto-cervo","status":"publish","type":"page","link":"https:\/\/luxury-rental-mc.com\/fr\/location-voiture-luxe\/autres-villes\/location-voiture-luxe-porto-cervo\/","title":{"rendered":"Location voiture luxe Porto Cervo"},"content":{"rendered":"[vc_row][vc_column][vc_column_text]\n<h1 style=\"text-align: center;\">Location voiture luxe Porto Cervo<\/h1>\n<p align=\"JUSTIFY\">Pour des vacances intenses et r\u00e9ussies, de nombreux touristes choisissent Porto Nuovo ou Porto Cervo comme destination. Ce village en bord de mer de la Sardaigne est sans nul doute le lieu de rendez-vous pr\u00e9f\u00e9r\u00e9 des grandes personnalit\u00e9s europ\u00e9ennes. Cette station baln\u00e9aire \u00e9tant sp\u00e9cialement pens\u00e9e pour accueillir les touristes, on y trouve de nombreux villas et appartements de luxe \u00e0 louer, des institutions h\u00f4teli\u00e8res de grande renomm\u00e9e, des restaurants raffin\u00e9s, des boutiques de grandes enseignes et de nombreux commerces rendant votre s\u00e9jour des plus agr\u00e9able. Si vous pr\u00e9voyez de venir en bateau, sachez que la marina peut accueillir de grands yachts de luxe. Bien s\u00fbr, vos besoins de d\u00e9placement sur la terre ferme seront pris en compte car pouvoir circuler sans contrainte est le premier gage d\u2019un s\u00e9jour r\u00e9ussi \u00e0 Porto Cervo. Le site \u00e9tant tr\u00e8s dynamique de jour comme de nuit, il est important de pouvoir s\u2019y d\u00e9placer \u00e0 sa guise pour ne se priver de rien. Voil\u00e0 pourquoi de nombreux professionnels sp\u00e9cialis\u00e9s dans la location voiture luxe Porto Cervo sont pr\u00e9sents sur les lieux et sur internet pour proposer \u00e0 chaque voyageur des solutions adapt\u00e9es \u00e0 leurs besoins et \u00e0 leurs envies. Aussi, d\u00e9couvrirez-vous sur leur site toute une flotte de v\u00e9hicules de prestige dans leur parc auto dans lequel vous n\u2019aurez besoin que d\u2019un seul clic pour r\u00e9aliser une r\u00e9servation. Le service de location voiture luxe Porto Cervo propose des services sur-mesure auxquels chacun trouvera son compte pour un s\u00e9jour inoubliable.<\/p>\n[\/vc_column_text][\/vc_column][\/vc_row][mk_page_section bg_image=\u00a0\u00bbhttps:\/\/luxury-rental-mc.com\/wp-content\/uploads\/2017\/02\/luxury-car-rental-porto-cervo.jpg\u00a0\u00bb attachment=\u00a0\u00bbfixed\u00a0\u00bb bg_position=\u00a0\u00bbcenter center\u00a0\u00bb bg_repeat=\u00a0\u00bbno-repeat\u00a0\u00bb min_height=\u00a0\u00bb400&Prime; full_width=\u00a0\u00bbtrue\u00a0\u00bb js_vertical_centered=\u00a0\u00bbtrue\u00a0\u00bb sidebar=\u00a0\u00bbsidebar-1&Prime;][vc_column][\/vc_column][\/mk_page_section][vc_row][vc_column][vc_column_text]\n<h2 style=\"text-align: center;\">Location voiture Sardaigne<\/h2>\n<p align=\"JUSTIFY\">D\u00e9couvrir la Sardaigne en voiture est une exp\u00e9rience exceptionnelle que tout visiteur ayant s\u00e9journ\u00e9 dans la r\u00e9gion vous conseillera vivement. Avec son climat typiquement m\u00e9diterran\u00e9en qui se caract\u00e9rise par du beau temps en toute saison, il est fort agr\u00e9able de prendre la route en Sardaigne et d\u2019admirer sa v\u00e9g\u00e9tation luxuriante mais \u00e9galement pour profiter des nombreuses activit\u00e9s qui sont r\u00e9parties sur les quatre coins de l\u2019\u00eele. Pour ce faire, il vous suffira de passer par un professionnel de la location voiture Sardaigne et de r\u00e9server votre voiture \u00e0 l\u2019avance sur son site. Comme le r\u00e9seau routier local est de bonne qualit\u00e9 et que l\u2019\u00eele est plut\u00f4t grande, mieux vaut passer par une location voiture de luxe Porto Cervo car vous allez s\u00fbrement faire de la route. En louant une voiture de luxe, vous augmentez votre niveau de confort et de s\u00e9curit\u00e9 sur la route tout en vous faisant plaisir au volant d\u2019une belle m\u00e9canique. De plus, vous profiterez des meilleurs tarifs et des conditions fiables en vous tournant vers la location de luxe. Dans ce type de location, le professionnel aura tendance \u00e0 vous proposer des tarifs d\u00e9gressifs. Plus pr\u00e9cis\u00e9ment, plus la dur\u00e9e de la location sera longue et plus vous b\u00e9n\u00e9ficierez d\u2019une certaine remise sur le prix de la locati<span style=\"font-family: Verdana,serif;\">on journali\u00e8re. En optant pour une location de voiture de luxe, vous aurez donc tout \u00e0 y gagner.<\/span><\/p>\n[\/vc_column_text][mk_image src=\u00a0\u00bbhttps:\/\/luxury-rental-mc.com\/wp-content\/uploads\/2017\/02\/rent-a-car-porto-cervo.jpg\u00a0\u00bb image_size=\u00a0\u00bbfull\u00a0\u00bb align=\u00a0\u00bbcenter\u00a0\u00bb][vc_column_text]\n<h2 style=\"text-align: center;\">Agence de location auto de prestige Arbatax Airport<\/h2>\n<p align=\"JUSTIFY\">Beaucoup de voyageurs ont actuellement tendance \u00e0 r\u00e9server leur voiture pour profiter de celle-ci d\u00e8s leur arriv\u00e9e \u00e0 l\u2019a\u00e9roport. Et avec la facilit\u00e9 du proc\u00e9d\u00e9 en passant par les services en ligne on comprend vite pourquoi. En r\u00e9servant votre voiture de location directement sur internet, la transaction se fait spontan\u00e9ment qu\u2019il s\u2019agisse d\u2019une voiture ordinaire ou d\u2019une voiture de grande marque. Pour les voyageurs exigeants, il est pr\u00e9f\u00e9rable de passer directement par la location de voiture de prestige pour profiter des meilleurs services. De plus, contrairement \u00e0 la pens\u00e9e collective, c\u2019est un service con\u00e7u pour tous dans lequel chacun trouvera une offre adapt\u00e9e \u00e0 ses besoins et \u00e0 ses possibilit\u00e9s. Si vous souhaitez donc profiter des performances d\u2019une voiture de sport lors de votre s\u00e9jour, il n\u2019y a pas de souci, le professionnel vous proposera un v\u00e9hicule adapt\u00e9 \u00e0 votre budget en se r\u00e9f\u00e9rant au d\u00e9lai de location et sa destination. Si vous pr\u00e9f\u00e9rez laisser le volant \u00e0 un professionnel pour pouvoir profiter pleinement de votre s\u00e9jour, l\u2019agence de location auto de prestige Arbatax Airport mettra \u00e0 votre disposition un chauffeur exp\u00e9riment\u00e9 qui conna\u00eet tr\u00e8s bien la r\u00e9gion et se fera un plaisir de vous conduire o\u00f9 vous le souhaitez. \u00c0 votre arriv\u00e9e \u00e0 l\u2019a\u00e9roport, votre v\u00e9hicule vous attendra pr\u00eat \u00e0 prendre la route, avec ou sans chauffeur selon votre demande.<\/p>\n<p>&nbsp;<\/p>\n<p>&nbsp;<\/p>\n<h2>D\u00e9couvrez les autres villes\u00a0:<\/h2>\n<ul>\n<li><a href=\"https:\/\/luxury-rental-mc.com\/fr\/location-voiture-luxe\/autres-villes\/location-geneve\">Location voiture luxe Gen\u00e8ve<\/a><\/li>\n<\/ul>\n<ul>\n<li><a href=\"https:\/\/luxury-rental-mc.com\/fr\/location-voiture-luxe\/autres-villes\/location-voiture-luxe-chamonix\">Location voiture luxe Chamonix<\/a><\/li>\n<\/ul>\n<ul>\n<li><a href=\"https:\/\/luxury-rental-mc.com\/fr\/location-voiture-luxe\/autres-villes\/location-voiture-luxe-zurich\">Location voiture luxe Zurich<\/a><\/li>\n<\/ul>\n<ul>\n<li><a href=\"https:\/\/luxury-rental-mc.com\/fr\/location-voiture-luxe\/autres-villes\/location-davos\">Location voiture luxe Davos<\/a><\/li>\n<\/ul>\n<ul>\n<li><a href=\"https:\/\/luxury-rental-mc.com\/fr\/location-voiture-luxe\/autres-villes\/location-lausanne\">Location voiture luxe Lausanne<\/a><\/li>\n<\/ul>\n<ul>\n<li><a href=\"https:\/\/luxury-rental-mc.com\/fr\/location-voiture-luxe\/autres-villes\/location-laax\">Location voiture luxe Laax<\/a><\/li>\n<\/ul>\n<ul>\n<li><a href=\"https:\/\/luxury-rental-mc.com\/fr\/location-voiture-luxe\/autres-villes\/location-lucerne\">Location voiture luxe Lucerne<\/a><\/li>\n<\/ul>\n<ul>\n<li><a href=\"https:\/\/luxury-rental-mc.com\/fr\/location-voiture-luxe\/autres-villes\/location-voiture-luxe-berne-2\">Location voiture luxe\u00a0Berne<\/a><\/li>\n<li><a href=\"https:\/\/luxury-rental-mc.com\/fr\/location-voiture-luxe\/autres-villes\/location-voiture-de-luxe-venise\">Location voiture luxe\u00a0Venise<\/a><\/li>\n<\/ul>\n<ul>\n<li><a href=\"https:\/\/luxury-rental-mc.com\/fr\/location-voiture-luxe\/autres-villes\/location-voiture-luxe-lac-de-come\">Location voiture luxe\u00a0Lac de C\u00f4me<\/a><\/li>\n<\/ul>\n<ul>\n<li><a href=\"https:\/\/luxury-rental-mc.com\/fr\/location-voiture-luxe\/autres-villes\/location-voiture-luxe-positano\">Location voiture luxe\u00a0Positano<\/a><\/li>\n<li><a href=\"https:\/\/luxury-rental-mc.com\/fr\/location-voiture-luxe\/autres-villes\/location-voiture-de-luxe-turin\">Location voiture luxe\u00a0Turin<\/a><\/li>\n<\/ul>\n[\/vc_column_text][\/vc_column][\/vc_row]\n","protected":false},"excerpt":{"rendered":"<p>[vc_row][vc_column][vc_column_text] Location voiture luxe Porto Cervo Pour des vacances intenses et r\u00e9ussies, de nombreux touristes choisissent Porto Nuovo ou Porto Cervo comme destination. Ce village en bord de mer de la Sardaigne est sans nul doute le lieu de rendez-vous pr\u00e9f\u00e9r\u00e9 des grandes personnalit\u00e9s europ\u00e9ennes. Cette station baln\u00e9aire \u00e9tant sp\u00e9cialement pens\u00e9e pour accueillir les touristes, [&hellip;]<\/p>\n","protected":false},"author":1,"featured_media":0,"parent":9503,"menu_order":0,"comment_status":"closed","ping_status":"closed","template":"","meta":{"_monsterinsights_skip_tracking":false,"_monsterinsights_sitenote_active":false,"_monsterinsights_sitenote_note":"","_monsterinsights_sitenote_category":0},"yoast_head":"<!-- This site is optimized with the Yoast SEO plugin v20.3 - https:\/\/yoast.com\/wordpress\/plugins\/seo\/ -->\n<title>Location voiture de luxe Porto Cervo - Luxury Rental MC<\/title>\n<meta name=\"description\" content=\"Pour de plus amples informations concernant la location voiture de luxe Porto Cervo, contactez nos experts. Luxury Rental MC reste \u00e0 votre service.\" \/>\n<meta name=\"robots\" content=\"index, follow, max-snippet:-1, max-image-preview:large, max-video-preview:-1\" \/>\n<link rel=\"canonical\" href=\"https:\/\/luxury-rental-mc.com\/fr\/location-voiture-luxe\/autres-villes\/location-voiture-luxe-porto-cervo\/\" \/>\n<meta property=\"og:locale\" content=\"fr_FR\" \/>\n<meta property=\"og:type\" content=\"article\" \/>\n<meta property=\"og:title\" content=\"Location voiture de luxe Porto Cervo - Luxury Rental MC\" \/>\n<meta property=\"og:description\" content=\"Pour de plus amples informations concernant la location voiture de luxe Porto Cervo, contactez nos experts. Luxury Rental MC reste \u00e0 votre service.\" \/>\n<meta property=\"og:url\" content=\"https:\/\/luxury-rental-mc.com\/fr\/location-voiture-luxe\/autres-villes\/location-voiture-luxe-porto-cervo\/\" \/>\n<meta property=\"og:site_name\" content=\"Luxury Car Rentals | Monaco, Nice, Cannes, Saint-Tropez\" \/>\n<meta property=\"article:modified_time\" content=\"2017-03-08T09:20:52+00:00\" \/>\n<meta name=\"twitter:label1\" content=\"Dur\u00e9e de lecture estim\u00e9e\" \/>\n\t<meta name=\"twitter:data1\" content=\"5 minutes\" \/>\n<script type=\"application\/ld+json\" class=\"yoast-schema-graph\">{\"@context\":\"https:\/\/schema.org\",\"@graph\":[{\"@type\":\"WebPage\",\"@id\":\"https:\/\/luxury-rental-mc.com\/fr\/location-voiture-luxe\/autres-villes\/location-voiture-luxe-porto-cervo\/\",\"url\":\"https:\/\/luxury-rental-mc.com\/fr\/location-voiture-luxe\/autres-villes\/location-voiture-luxe-porto-cervo\/\",\"name\":\"Location voiture de luxe Porto Cervo - Luxury Rental MC\",\"isPartOf\":{\"@id\":\"https:\/\/luxury-rental-mc.com\/#website\"},\"datePublished\":\"2017-03-07T09:45:23+00:00\",\"dateModified\":\"2017-03-08T09:20:52+00:00\",\"description\":\"Pour de plus amples informations concernant la location voiture de luxe Porto Cervo, contactez nos experts. Luxury Rental MC reste \u00e0 votre service.\",\"breadcrumb\":{\"@id\":\"https:\/\/luxury-rental-mc.com\/fr\/location-voiture-luxe\/autres-villes\/location-voiture-luxe-porto-cervo\/#breadcrumb\"},\"inLanguage\":\"fr-FR\",\"potentialAction\":[{\"@type\":\"ReadAction\",\"target\":[\"https:\/\/luxury-rental-mc.com\/fr\/location-voiture-luxe\/autres-villes\/location-voiture-luxe-porto-cervo\/\"]}]},{\"@type\":\"BreadcrumbList\",\"@id\":\"https:\/\/luxury-rental-mc.com\/fr\/location-voiture-luxe\/autres-villes\/location-voiture-luxe-porto-cervo\/#breadcrumb\",\"itemListElement\":[{\"@type\":\"ListItem\",\"position\":1,\"name\":\"Accueil\",\"item\":\"https:\/\/luxury-rental-mc.com\/fr\/\"},{\"@type\":\"ListItem\",\"position\":2,\"name\":\"Location\",\"item\":\"https:\/\/luxury-rental-mc.com\/fr\/location-voiture-luxe\/\"},{\"@type\":\"ListItem\",\"position\":3,\"name\":\"Autres Villes\",\"item\":\"https:\/\/luxury-rental-mc.com\/fr\/location-voiture-luxe\/autres-villes\/\"},{\"@type\":\"ListItem\",\"position\":4,\"name\":\"Location voiture luxe Porto Cervo\"}]},{\"@type\":\"WebSite\",\"@id\":\"https:\/\/luxury-rental-mc.com\/#website\",\"url\":\"https:\/\/luxury-rental-mc.com\/\",\"name\":\"Luxury Car Rentals | Monaco, Nice, Cannes, Saint-Tropez\",\"description\":\"Rent the finest brands : Porsche, Ferrari, Lamborghini, Mercedes...\",\"potentialAction\":[{\"@type\":\"SearchAction\",\"target\":{\"@type\":\"EntryPoint\",\"urlTemplate\":\"https:\/\/luxury-rental-mc.com\/?s={search_term_string}\"},\"query-input\":\"required name=search_term_string\"}],\"inLanguage\":\"fr-FR\"}]}<\/script>\n<!-- \/ Yoast SEO plugin. -->","yoast_head_json":{"title":"Location voiture de luxe Porto Cervo - Luxury Rental MC","description":"Pour de plus amples informations concernant la location voiture de luxe Porto Cervo, contactez nos experts. Luxury Rental MC reste \u00e0 votre service.","robots":{"index":"index","follow":"follow","max-snippet":"max-snippet:-1","max-image-preview":"max-image-preview:large","max-video-preview":"max-video-preview:-1"},"canonical":"https:\/\/luxury-rental-mc.com\/fr\/location-voiture-luxe\/autres-villes\/location-voiture-luxe-porto-cervo\/","og_locale":"fr_FR","og_type":"article","og_title":"Location voiture de luxe Porto Cervo - Luxury Rental MC","og_description":"Pour de plus amples informations concernant la location voiture de luxe Porto Cervo, contactez nos experts. Luxury Rental MC reste \u00e0 votre service.","og_url":"https:\/\/luxury-rental-mc.com\/fr\/location-voiture-luxe\/autres-villes\/location-voiture-luxe-porto-cervo\/","og_site_name":"Luxury Car Rentals | Monaco, Nice, Cannes, Saint-Tropez","article_modified_time":"2017-03-08T09:20:52+00:00","twitter_misc":{"Dur\u00e9e de lecture estim\u00e9e":"5 minutes"},"schema":{"@context":"https:\/\/schema.org","@graph":[{"@type":"WebPage","@id":"https:\/\/luxury-rental-mc.com\/fr\/location-voiture-luxe\/autres-villes\/location-voiture-luxe-porto-cervo\/","url":"https:\/\/luxury-rental-mc.com\/fr\/location-voiture-luxe\/autres-villes\/location-voiture-luxe-porto-cervo\/","name":"Location voiture de luxe Porto Cervo - Luxury Rental MC","isPartOf":{"@id":"https:\/\/luxury-rental-mc.com\/#website"},"datePublished":"2017-03-07T09:45:23+00:00","dateModified":"2017-03-08T09:20:52+00:00","description":"Pour de plus amples informations concernant la location voiture de luxe Porto Cervo, contactez nos experts. Luxury Rental MC reste \u00e0 votre service.","breadcrumb":{"@id":"https:\/\/luxury-rental-mc.com\/fr\/location-voiture-luxe\/autres-villes\/location-voiture-luxe-porto-cervo\/#breadcrumb"},"inLanguage":"fr-FR","potentialAction":[{"@type":"ReadAction","target":["https:\/\/luxury-rental-mc.com\/fr\/location-voiture-luxe\/autres-villes\/location-voiture-luxe-porto-cervo\/"]}]},{"@type":"BreadcrumbList","@id":"https:\/\/luxury-rental-mc.com\/fr\/location-voiture-luxe\/autres-villes\/location-voiture-luxe-porto-cervo\/#breadcrumb","itemListElement":[{"@type":"ListItem","position":1,"name":"Accueil","item":"https:\/\/luxury-rental-mc.com\/fr\/"},{"@type":"ListItem","position":2,"name":"Location","item":"https:\/\/luxury-rental-mc.com\/fr\/location-voiture-luxe\/"},{"@type":"ListItem","position":3,"name":"Autres Villes","item":"https:\/\/luxury-rental-mc.com\/fr\/location-voiture-luxe\/autres-villes\/"},{"@type":"ListItem","position":4,"name":"Location voiture luxe Porto Cervo"}]},{"@type":"WebSite","@id":"https:\/\/luxury-rental-mc.com\/#website","url":"https:\/\/luxury-rental-mc.com\/","name":"Luxury Car Rentals | Monaco, Nice, Cannes, Saint-Tropez","description":"Rent the finest brands : Porsche, Ferrari, Lamborghini, Mercedes...","potentialAction":[{"@type":"SearchAction","target":{"@type":"EntryPoint","urlTemplate":"https:\/\/luxury-rental-mc.com\/?s={search_term_string}"},"query-input":"required name=search_term_string"}],"inLanguage":"fr-FR"}]}},"_links":{"self":[{"href":"https:\/\/luxury-rental-mc.com\/fr\/wp-json\/wp\/v2\/pages\/9854\/"}],"collection":[{"href":"https:\/\/luxury-rental-mc.com\/fr\/wp-json\/wp\/v2\/pages\/"}],"about":[{"href":"https:\/\/luxury-rental-mc.com\/fr\/wp-json\/wp\/v2\/types\/page\/"}],"author":[{"embeddable":true,"href":"https:\/\/luxury-rental-mc.com\/fr\/wp-json\/wp\/v2\/users\/1\/"}],"replies":[{"embeddable":true,"href":"https:\/\/luxury-rental-mc.com\/fr\/wp-json\/wp\/v2\/comments\/?post=9854"}],"version-history":[{"count":3,"href":"https:\/\/luxury-rental-mc.com\/fr\/wp-json\/wp\/v2\/pages\/9854\/revisions\/"}],"predecessor-version":[{"id":9904,"href":"https:\/\/luxury-rental-mc.com\/fr\/wp-json\/wp\/v2\/pages\/9854\/revisions\/9904\/"}],"up":[{"embeddable":true,"href":"https:\/\/luxury-rental-mc.com\/fr\/wp-json\/wp\/v2\/pages\/9503\/"}],"wp:attachment":[{"href":"https:\/\/luxury-rental-mc.com\/fr\/wp-json\/wp\/v2\/media\/?parent=9854"}],"curies":[{"name":"wp","href":"https:\/\/api.w.org\/{rel}","templated":true}]}}