{"id":9856,"date":"2017-03-07T10:51:52","date_gmt":"2017-03-07T09:51:52","guid":{"rendered":"https:\/\/luxury-rental-mc.com\/fr\/?page_id=9856"},"modified":"2017-03-08T10:19:32","modified_gmt":"2017-03-08T09:19:32","slug":"location-voiture-luxe-positano","status":"publish","type":"page","link":"https:\/\/luxury-rental-mc.com\/fr\/location-voiture-luxe\/autres-villes\/location-voiture-luxe-positano\/","title":{"rendered":"Location voiture de luxe Positano"},"content":{"rendered":"[vc_row][vc_column][vc_column_text]\n<h2 style=\"text-align: center;\">Location voiture luxe Positano<\/h2>\n<p align=\"JUSTIFY\">Dans le pays de la dolce vita, on trouve de nombreux endroits, des villages et des villes, qui proposent une grande qualit\u00e9 de vie. Construit \u00e0 flanc de montagne en longeant la c\u00f4te, Positano est l\u2019un de ces endroits qui font r\u00eaver les vacanciers. C\u2019est un lieu calme et agr\u00e9able qui toutefois vous r\u00e9serve toutes sortes d\u2019activit\u00e9s pour profiter de la plage et ses rues color\u00e9es abritent de nombreux restaurants raffin\u00e9s, des boutiques tr\u00e8s \u00e0 la mode, des bars \u00e0 l\u2019ambiance tr\u00e8s conviviale et des commerces tr\u00e8s anim\u00e9s et gais. Par ailleurs, comme la ville est plong\u00e9e en piqu\u00e9 de par sa position, il n\u2019est pas toujours \u00e9vident de s&rsquo;y d\u00e9placer sans se fatiguer pour faire l\u2019all\u00e9e-retour entre votre h\u00f4tel, les boutiques et la plage. Aussi, le meilleur moyen de se d\u00e9placer avec praticit\u00e9 et efficacit\u00e9 sur les 8 kilom\u00e8tres carr\u00e9s du site c\u2019est de prendre la voiture. Si vous n\u2019\u00eates pas venu avec votre propre v\u00e9hicule ou si vous avez d\u00e9barqu\u00e9 \u00e0 la marina depuis un bateau, il n\u2019y a pas de souci \u00e0 se faire. Ici, les agences de location voiture luxe Positano sont nombreuses et vous proposeront sans aucun doute une formule adapt\u00e9e \u00e0 vos besoins pendant votre s\u00e9jour. Toutefois, il est pr\u00e9f\u00e9rable de r\u00e9server votre location \u00e0 l\u2019avance pour mieux organiser votre voyage. En effet, la location voiture luxe Positano est un service tr\u00e8s sollicit\u00e9 comme l\u2019endroit est un lieu tr\u00e8s fr\u00e9quent\u00e9 par les vill\u00e9giateurs aussi bien en \u00e9t\u00e9 qu\u2019en hiver.<\/p>\n[\/vc_column_text][\/vc_column][\/vc_row][mk_page_section bg_image=\u00a0\u00bbhttps:\/\/luxury-rental-mc.com\/wp-content\/uploads\/2017\/02\/luxury-car-rental-positano.jpg\u00a0\u00bb attachment=\u00a0\u00bbfixed\u00a0\u00bb bg_position=\u00a0\u00bbcenter center\u00a0\u00bb bg_repeat=\u00a0\u00bbno-repeat\u00a0\u00bb bg_stretch=\u00a0\u00bbtrue\u00a0\u00bb min_height=\u00a0\u00bb400&Prime; full_width=\u00a0\u00bbtrue\u00a0\u00bb sidebar=\u00a0\u00bbsidebar-1&Prime;][vc_column][\/vc_column][\/mk_page_section][vc_row][vc_column][vc_column_text]\n<h2 style=\"text-align: center;\">Location v\u00e9hicule luxe Salerne<\/h2>\n<p align=\"JUSTIFY\">Le passage \u00e0 Salerne est une \u00e9tape int\u00e9ressante pour un voyage en Italie. Avec la beaut\u00e9 de son littoral, le parfum enivrant de sa nature pr\u00e9serv\u00e9e et son histoire fascinante qui date de l\u2019antiquit\u00e9, la ville fascine au moindre m\u00e8tre carr\u00e9. Elle abrite dans son paysage, v\u00e9ritable monument de la nature, des criques, un littoral intact, des cours d\u2019eau entour\u00e9s d\u2019une flore passionnante, des villages pittoresques et des plages de sable blanc avec une mer d\u2019un bleu limpide. Et pour le bonheur des visiteurs, la ville organise r\u00e9guli\u00e8rement des \u00e9v\u00e9nements culturels et festifs qui d\u00e9notent la singularit\u00e9 et qui sont de ce fait, \u00e0 ne surtout pas manquer. Pour ne rien rater, ne l\u00e9sinez pas sur les moyens en optant pour la location v\u00e9hicule luxe Salerne. Vous verrez bien, vous y aurez tout \u00e0 y gagner. En choisissant de vous tourner vers les services haut de gamme, vous profiterez de v\u00e9hicules confortables et performants que vous louerez \u00e0 des prix adapt\u00e9s \u00e0 votre budget. Vous pouvez \u00e9galement ne pas prendre le volant et confier celui-ci \u00e0 un chauffeur si vous souhaitez profiter pleinement de votre s\u00e9jour. Le professionnel se fera alors le plaisir de vous servir de guide en vous conduisant o\u00f9 bon vous semblera, pour suivre des itin\u00e9raires ponctuels ou pour vous faire d\u00e9couvrir la r\u00e9gion. Pour r\u00e9server votre voiture, il vous suffira de visiter le site de l\u2019agence et de suivre la proc\u00e9dure n\u00e9cessaire pour la mise \u00e0 disposition du v\u00e9hicule choisi. Le r\u00e8glement du service se fera par syst\u00e8me de paiement s\u00e9curis\u00e9.<\/p>\n[\/vc_column_text][mk_image src=\u00a0\u00bbhttps:\/\/luxury-rental-mc.com\/wp-content\/uploads\/2017\/02\/rent-car-positano.jpg\u00a0\u00bb image_size=\u00a0\u00bbfull\u00a0\u00bb align=\u00a0\u00bbcenter\u00a0\u00bb][vc_column_text]\n<h2 style=\"text-align: center;\">Agence de location luxe Italie<\/h2>\n<p align=\"JUSTIFY\">L\u2019Italie est sans nul doute le pays le plus c\u00e9l\u00e8bre pour tout ce qui est glamour, romantique et luxueux. Dans ce pays sont produites les plus belles m\u00e9caniques du monde comme la Ferrari, Lamborghini, Pagani et Alfa Rom\u00e9o. Il serait donc plus juste de profiter de votre voyage en Italie pour vous mettre au volant de l\u2019une de ces grandes vedettes. En effet, si les prix de vente de ces v\u00e9hicules ne sont pas faits pour toutes les bourses, en approchant une agence de location luxe Italie vous aurez l\u2019occasion de conduire la voiture de vos r\u00eaves sans puiser dans toutes vos \u00e9conomies. Avec sa flotte de v\u00e9hicules de luxe disponible dans son parc auto, le professionnel vous proposera une formule adapt\u00e9e \u00e0 vos envies et \u00e0 vos possibilit\u00e9s. Dans ce service, il est donc question de sur-mesure. Que vous soyez en France, en Espagne ou dans n\u2019importe quel autre pays de l\u2019Europe, vous n\u2019aurez aucun souci \u00e0 r\u00e9server votre v\u00e9hicule depuis le site officiel du professionnel. Une fois arriv\u00e9e dans une des villes d\u2019Italie, au d\u00e9barquement de votre yacht ou \u00e0 l\u2019atterrissage de votre avion, votre voiture vous attendra pr\u00eate \u00e0 prendre la route.<\/p>\n<p>&nbsp;<\/p>\n<p>&nbsp;<\/p>\n<h2>D\u00e9couvrez les autres villes\u00a0:<\/h2>\n<ul>\n<li><a href=\"https:\/\/luxury-rental-mc.com\/fr\/location-voiture-luxe\/autres-villes\/location-geneve\">Location voiture luxe Gen\u00e8ve<\/a><\/li>\n<\/ul>\n<ul>\n<li><a href=\"https:\/\/luxury-rental-mc.com\/fr\/location-voiture-luxe\/autres-villes\/location-voiture-luxe-chamonix\">Location voiture luxe Chamonix<\/a><\/li>\n<\/ul>\n<ul>\n<li><a href=\"https:\/\/luxury-rental-mc.com\/fr\/location-voiture-luxe\/autres-villes\/location-voiture-luxe-zurich\">Location voiture luxe Zurich<\/a><\/li>\n<\/ul>\n<ul>\n<li><a href=\"https:\/\/luxury-rental-mc.com\/fr\/location-voiture-luxe\/autres-villes\/location-davos\">Location voiture luxe Davos<\/a><\/li>\n<\/ul>\n<ul>\n<li><a href=\"https:\/\/luxury-rental-mc.com\/fr\/location-voiture-luxe\/autres-villes\/location-lausanne\">Location voiture luxe Lausanne<\/a><\/li>\n<\/ul>\n<ul>\n<li><a href=\"https:\/\/luxury-rental-mc.com\/fr\/location-voiture-luxe\/autres-villes\/location-laax\">Location voiture luxe Laax<\/a><\/li>\n<\/ul>\n<ul>\n<li><a href=\"https:\/\/luxury-rental-mc.com\/fr\/location-voiture-luxe\/autres-villes\/location-lucerne\">Location voiture luxe Lucerne<\/a><\/li>\n<\/ul>\n<ul>\n<li><a href=\"https:\/\/luxury-rental-mc.com\/fr\/location-voiture-luxe\/autres-villes\/location-voiture-luxe-berne-2\">Location voiture luxe\u00a0Berne<\/a><\/li>\n<li><a href=\"https:\/\/luxury-rental-mc.com\/fr\/location-voiture-luxe\/autres-villes\/location-voiture-de-luxe-venise\">Location voiture luxe\u00a0Venise<\/a><\/li>\n<\/ul>\n<ul>\n<li><a href=\"https:\/\/luxury-rental-mc.com\/fr\/location-voiture-luxe\/autres-villes\/location-voiture-luxe-lac-de-come\">Location voiture luxe\u00a0Lac de C\u00f4me<\/a><\/li>\n<\/ul>\n<ul>\n<li><a href=\"https:\/\/luxury-rental-mc.com\/fr\/location-voiture-luxe\/autres-villes\/location-voiture-luxe-porto-cervo\">Location voiture luxe\u00a0Porto Cervo<\/a><\/li>\n<\/ul>\n<ul>\n<li><a href=\"https:\/\/luxury-rental-mc.com\/fr\/location-voiture-luxe\/autres-villes\/location-voiture-de-luxe-turin\">Location voiture luxe\u00a0Turin<\/a><\/li>\n<\/ul>\n[\/vc_column_text][\/vc_column][\/vc_row]\n","protected":false},"excerpt":{"rendered":"<p>[vc_row][vc_column][vc_column_text] Location voiture luxe Positano Dans le pays de la dolce vita, on trouve de nombreux endroits, des villages et des villes, qui proposent une grande qualit\u00e9 de vie. Construit \u00e0 flanc de montagne en longeant la c\u00f4te, Positano est l\u2019un de ces endroits qui font r\u00eaver les vacanciers. C\u2019est un lieu calme et agr\u00e9able [&hellip;]<\/p>\n","protected":false},"author":1,"featured_media":0,"parent":9503,"menu_order":0,"comment_status":"closed","ping_status":"closed","template":"","meta":{"_monsterinsights_skip_tracking":false,"_monsterinsights_sitenote_active":false,"_monsterinsights_sitenote_note":"","_monsterinsights_sitenote_category":0},"yoast_head":"<!-- This site is optimized with the Yoast SEO plugin v20.3 - https:\/\/yoast.com\/wordpress\/plugins\/seo\/ -->\n<title>Location voiture luxe Positano - Luxury Rental MC<\/title>\n<meta name=\"description\" content=\"Contactez l&#039;\u00e9quipe Luxury Rental MC pour de plus amples informations concernant la location voiture de luxe Positano. N&#039;h\u00e9sitez pas \u00e0 nous joindre.\" \/>\n<meta name=\"robots\" content=\"index, follow, max-snippet:-1, max-image-preview:large, max-video-preview:-1\" \/>\n<link rel=\"canonical\" href=\"https:\/\/luxury-rental-mc.com\/fr\/location-voiture-luxe\/autres-villes\/location-voiture-luxe-positano\/\" \/>\n<meta property=\"og:locale\" content=\"fr_FR\" \/>\n<meta property=\"og:type\" content=\"article\" \/>\n<meta property=\"og:title\" content=\"Location voiture luxe Positano - Luxury Rental MC\" \/>\n<meta property=\"og:description\" content=\"Contactez l&#039;\u00e9quipe Luxury Rental MC pour de plus amples informations concernant la location voiture de luxe Positano. N&#039;h\u00e9sitez pas \u00e0 nous joindre.\" \/>\n<meta property=\"og:url\" content=\"https:\/\/luxury-rental-mc.com\/fr\/location-voiture-luxe\/autres-villes\/location-voiture-luxe-positano\/\" \/>\n<meta property=\"og:site_name\" content=\"Luxury Car Rentals | Monaco, Nice, Cannes, Saint-Tropez\" \/>\n<meta property=\"article:modified_time\" content=\"2017-03-08T09:19:32+00:00\" \/>\n<meta name=\"twitter:label1\" content=\"Dur\u00e9e de lecture estim\u00e9e\" \/>\n\t<meta name=\"twitter:data1\" content=\"5 minutes\" \/>\n<script type=\"application\/ld+json\" class=\"yoast-schema-graph\">{\"@context\":\"https:\/\/schema.org\",\"@graph\":[{\"@type\":\"WebPage\",\"@id\":\"https:\/\/luxury-rental-mc.com\/fr\/location-voiture-luxe\/autres-villes\/location-voiture-luxe-positano\/\",\"url\":\"https:\/\/luxury-rental-mc.com\/fr\/location-voiture-luxe\/autres-villes\/location-voiture-luxe-positano\/\",\"name\":\"Location voiture luxe Positano - Luxury Rental MC\",\"isPartOf\":{\"@id\":\"https:\/\/luxury-rental-mc.com\/#website\"},\"datePublished\":\"2017-03-07T09:51:52+00:00\",\"dateModified\":\"2017-03-08T09:19:32+00:00\",\"description\":\"Contactez l'\u00e9quipe Luxury Rental MC pour de plus amples informations concernant la location voiture de luxe Positano. N'h\u00e9sitez pas \u00e0 nous joindre.\",\"breadcrumb\":{\"@id\":\"https:\/\/luxury-rental-mc.com\/fr\/location-voiture-luxe\/autres-villes\/location-voiture-luxe-positano\/#breadcrumb\"},\"inLanguage\":\"fr-FR\",\"potentialAction\":[{\"@type\":\"ReadAction\",\"target\":[\"https:\/\/luxury-rental-mc.com\/fr\/location-voiture-luxe\/autres-villes\/location-voiture-luxe-positano\/\"]}]},{\"@type\":\"BreadcrumbList\",\"@id\":\"https:\/\/luxury-rental-mc.com\/fr\/location-voiture-luxe\/autres-villes\/location-voiture-luxe-positano\/#breadcrumb\",\"itemListElement\":[{\"@type\":\"ListItem\",\"position\":1,\"name\":\"Accueil\",\"item\":\"https:\/\/luxury-rental-mc.com\/fr\/\"},{\"@type\":\"ListItem\",\"position\":2,\"name\":\"Location\",\"item\":\"https:\/\/luxury-rental-mc.com\/fr\/location-voiture-luxe\/\"},{\"@type\":\"ListItem\",\"position\":3,\"name\":\"Autres Villes\",\"item\":\"https:\/\/luxury-rental-mc.com\/fr\/location-voiture-luxe\/autres-villes\/\"},{\"@type\":\"ListItem\",\"position\":4,\"name\":\"Location voiture de luxe Positano\"}]},{\"@type\":\"WebSite\",\"@id\":\"https:\/\/luxury-rental-mc.com\/#website\",\"url\":\"https:\/\/luxury-rental-mc.com\/\",\"name\":\"Luxury Car Rentals | Monaco, Nice, Cannes, Saint-Tropez\",\"description\":\"Rent the finest brands : Porsche, Ferrari, Lamborghini, Mercedes...\",\"potentialAction\":[{\"@type\":\"SearchAction\",\"target\":{\"@type\":\"EntryPoint\",\"urlTemplate\":\"https:\/\/luxury-rental-mc.com\/?s={search_term_string}\"},\"query-input\":\"required name=search_term_string\"}],\"inLanguage\":\"fr-FR\"}]}<\/script>\n<!-- \/ Yoast SEO plugin. -->","yoast_head_json":{"title":"Location voiture luxe Positano - Luxury Rental MC","description":"Contactez l'\u00e9quipe Luxury Rental MC pour de plus amples informations concernant la location voiture de luxe Positano. N'h\u00e9sitez pas \u00e0 nous joindre.","robots":{"index":"index","follow":"follow","max-snippet":"max-snippet:-1","max-image-preview":"max-image-preview:large","max-video-preview":"max-video-preview:-1"},"canonical":"https:\/\/luxury-rental-mc.com\/fr\/location-voiture-luxe\/autres-villes\/location-voiture-luxe-positano\/","og_locale":"fr_FR","og_type":"article","og_title":"Location voiture luxe Positano - Luxury Rental MC","og_description":"Contactez l'\u00e9quipe Luxury Rental MC pour de plus amples informations concernant la location voiture de luxe Positano. N'h\u00e9sitez pas \u00e0 nous joindre.","og_url":"https:\/\/luxury-rental-mc.com\/fr\/location-voiture-luxe\/autres-villes\/location-voiture-luxe-positano\/","og_site_name":"Luxury Car Rentals | Monaco, Nice, Cannes, Saint-Tropez","article_modified_time":"2017-03-08T09:19:32+00:00","twitter_misc":{"Dur\u00e9e de lecture estim\u00e9e":"5 minutes"},"schema":{"@context":"https:\/\/schema.org","@graph":[{"@type":"WebPage","@id":"https:\/\/luxury-rental-mc.com\/fr\/location-voiture-luxe\/autres-villes\/location-voiture-luxe-positano\/","url":"https:\/\/luxury-rental-mc.com\/fr\/location-voiture-luxe\/autres-villes\/location-voiture-luxe-positano\/","name":"Location voiture luxe Positano - Luxury Rental MC","isPartOf":{"@id":"https:\/\/luxury-rental-mc.com\/#website"},"datePublished":"2017-03-07T09:51:52+00:00","dateModified":"2017-03-08T09:19:32+00:00","description":"Contactez l'\u00e9quipe Luxury Rental MC pour de plus amples informations concernant la location voiture de luxe Positano. N'h\u00e9sitez pas \u00e0 nous joindre.","breadcrumb":{"@id":"https:\/\/luxury-rental-mc.com\/fr\/location-voiture-luxe\/autres-villes\/location-voiture-luxe-positano\/#breadcrumb"},"inLanguage":"fr-FR","potentialAction":[{"@type":"ReadAction","target":["https:\/\/luxury-rental-mc.com\/fr\/location-voiture-luxe\/autres-villes\/location-voiture-luxe-positano\/"]}]},{"@type":"BreadcrumbList","@id":"https:\/\/luxury-rental-mc.com\/fr\/location-voiture-luxe\/autres-villes\/location-voiture-luxe-positano\/#breadcrumb","itemListElement":[{"@type":"ListItem","position":1,"name":"Accueil","item":"https:\/\/luxury-rental-mc.com\/fr\/"},{"@type":"ListItem","position":2,"name":"Location","item":"https:\/\/luxury-rental-mc.com\/fr\/location-voiture-luxe\/"},{"@type":"ListItem","position":3,"name":"Autres Villes","item":"https:\/\/luxury-rental-mc.com\/fr\/location-voiture-luxe\/autres-villes\/"},{"@type":"ListItem","position":4,"name":"Location voiture de luxe Positano"}]},{"@type":"WebSite","@id":"https:\/\/luxury-rental-mc.com\/#website","url":"https:\/\/luxury-rental-mc.com\/","name":"Luxury Car Rentals | Monaco, Nice, Cannes, Saint-Tropez","description":"Rent the finest brands : Porsche, Ferrari, Lamborghini, Mercedes...","potentialAction":[{"@type":"SearchAction","target":{"@type":"EntryPoint","urlTemplate":"https:\/\/luxury-rental-mc.com\/?s={search_term_string}"},"query-input":"required name=search_term_string"}],"inLanguage":"fr-FR"}]}},"_links":{"self":[{"href":"https:\/\/luxury-rental-mc.com\/fr\/wp-json\/wp\/v2\/pages\/9856\/"}],"collection":[{"href":"https:\/\/luxury-rental-mc.com\/fr\/wp-json\/wp\/v2\/pages\/"}],"about":[{"href":"https:\/\/luxury-rental-mc.com\/fr\/wp-json\/wp\/v2\/types\/page\/"}],"author":[{"embeddable":true,"href":"https:\/\/luxury-rental-mc.com\/fr\/wp-json\/wp\/v2\/users\/1\/"}],"replies":[{"embeddable":true,"href":"https:\/\/luxury-rental-mc.com\/fr\/wp-json\/wp\/v2\/comments\/?post=9856"}],"version-history":[{"count":4,"href":"https:\/\/luxury-rental-mc.com\/fr\/wp-json\/wp\/v2\/pages\/9856\/revisions\/"}],"predecessor-version":[{"id":9902,"href":"https:\/\/luxury-rental-mc.com\/fr\/wp-json\/wp\/v2\/pages\/9856\/revisions\/9902\/"}],"up":[{"embeddable":true,"href":"https:\/\/luxury-rental-mc.com\/fr\/wp-json\/wp\/v2\/pages\/9503\/"}],"wp:attachment":[{"href":"https:\/\/luxury-rental-mc.com\/fr\/wp-json\/wp\/v2\/media\/?parent=9856"}],"curies":[{"name":"wp","href":"https:\/\/api.w.org\/{rel}","templated":true}]}}