{"id":9862,"date":"2017-03-08T09:19:40","date_gmt":"2017-03-08T08:19:40","guid":{"rendered":"https:\/\/luxury-rental-mc.com\/fr\/?page_id=9862"},"modified":"2017-03-08T10:18:34","modified_gmt":"2017-03-08T09:18:34","slug":"location-voiture-de-luxe-turin","status":"publish","type":"page","link":"https:\/\/luxury-rental-mc.com\/fr\/location-voiture-luxe\/autres-villes\/location-voiture-de-luxe-turin\/","title":{"rendered":"Location voiture de luxe Turin"},"content":{"rendered":"[vc_row][vc_column][vc_column_text]\n<h1>Location voiture luxe Turin<\/h1>\n<p align=\"JUSTIFY\">L\u2019Italie est un pays connu pour son paysage pittoresque qui a \u00e9t\u00e9 dessin\u00e9 au fil des si\u00e8cles avec son histoire fabuleuse. Cet \u00c9tat du sud de l\u2019Europe est compos\u00e9 de plusieurs villes aussi fascinantes les unes que les autres dont la richesse culturelle et les activit\u00e9s touristiques suscitent la venue de plusieurs centaines de milliers de visiteurs chaque ann\u00e9e. Si la situation \u00e9conomique florissante du pays entra\u00eene immanquablement la visite r\u00e9guli\u00e8re d\u2019hommes d\u2019affaires, les vill\u00e9giateurs viennent pour profiter du caract\u00e8re sensible et passionn\u00e9 du pays. Particuli\u00e8rement \u00e0 Turin, une province du nord de l\u2019Italie qui \u00e9voque les souvenirs du long royaume de la Maison de Savoie, le taux de tourisme est tr\u00e8s important. Aussi, on y trouvera plusieurs prestataires de service dans le domaine de la location voiture luxe Turin car la demande s\u2019y trouve \u00eatre tr\u00e8s forte. En effet, la r\u00e9gion est vaste et pleine de surprises. Pour l\u2019explorer, ou ne serait-ce que pour s\u2019y d\u00e9placer d\u2019un point \u00e0 un autre, il convient de se v\u00e9hiculer pour rem\u00e9dier aux soucis de transport. De plus, soit dit en passant, les transports en commun y sont fortement sollicit\u00e9s. Pour \u00e9viter d\u2019attendre, de faire la queue ou de courir apr\u00e8s un taxi libre qui ne comprend souvent que la langue natale, privil\u00e9giez la location luxe Turin. L\u2019Italie ayant pour grande force \u00e9conomique l\u2019industrie automobile, vous trouverez sans aucun doute une agence de location \u00e0 Turin qui vous donnera l\u2019occasion de vous mettre derri\u00e8re le volant d\u2019une Ferrari, d\u2019une Lamborghini, d\u2019une Alfa Rom\u00e9o, d\u2019une Maserati ou m\u00eame d\u2019une Pagani qui est une voiture produite \u00e0 s\u00e9rie tr\u00e8s limit\u00e9e.<\/p>\n[\/vc_column_text][\/vc_column][\/vc_row][mk_page_section bg_image=\u00a0\u00bbhttps:\/\/luxury-rental-mc.com\/wp-content\/uploads\/2017\/02\/luxury-car-rental-torino.jpg\u00a0\u00bb attachment=\u00a0\u00bbfixed\u00a0\u00bb bg_position=\u00a0\u00bbcenter center\u00a0\u00bb bg_repeat=\u00a0\u00bbno-repeat\u00a0\u00bb bg_stretch=\u00a0\u00bbtrue\u00a0\u00bb min_height=\u00a0\u00bb400&Prime; full_width=\u00a0\u00bbtrue\u00a0\u00bb sidebar=\u00a0\u00bbsidebar-1&Prime;][vc_column][\/vc_column][\/mk_page_section][vc_row][vc_column][vc_column_text]\n<h2>Louer voiture sportive en Italie<\/h2>\n<p align=\"JUSTIFY\">Pour les grands amateurs de voiture de sport, les marques italiennes sont principalement des gages de performance, de qualit\u00e9 et d\u2019esth\u00e9tisme. Les marques Ferrari et Lamborghini illustrent parfaitement ses faits. Avec des lignes agressives et dynamiques, un moteur qui repr\u00e9sente des ann\u00e9es d\u2019ing\u00e9nierie et des couleurs qui imposent le respect, m\u00eame les profanes ne restent pas indiff\u00e9rents devant une telle \u0153uvre. Ces voitures produites au compte-goutte font alors r\u00eaver tous ceux qui d\u00e9tiennent un permis de conduire. Si vous pr\u00e9voyez alors de s\u00e9journer \u00e0 Turin, la location voiture luxe Turin vous offrira l\u2019occasion de faire de tous vos trajets un pur moment de plaisir au volant de ces belles m\u00e9caniques. Toutefois, il est \u00e0 noter que toutes les voitures d\u2019exceptions ne sont pas faites pour tout le monde, seuls les pilotes les plus exp\u00e9riment\u00e9s pourront pleinement profiter du service. Si la location de voiture classique exige l\u2019\u00e2ge minimum de 21 ans et 12 mois de d\u00e9tention du permis de conduire, ces exigences seront revues en hausse pour louer voiture sportive en Italie. Mais encore faut-il \u00eatre titulaire de deux cartes de cr\u00e9dit valides pour le paiement du service. Toutefois, cela ne devrait pas \u00eatre une barri\u00e8re pour appr\u00e9cier la conduite d\u2019un tel v\u00e9hicule qui en vaut vraiment la peine par rapport \u00e0 son prix de vente sur le march\u00e9. Pour avoir de plus amples informations sur le sujet, il vous suffira de naviguer sur le site d\u2019une agence dans la r\u00e9gion.<\/p>\n[\/vc_column_text][mk_image src=\u00a0\u00bbhttps:\/\/luxury-rental-mc.com\/wp-content\/uploads\/2017\/02\/rent-car-torino.jpg\u00a0\u00bb image_size=\u00a0\u00bbfull\u00a0\u00bb align=\u00a0\u00bbcenter\u00a0\u00bb][vc_column_text]\n<h2>Agence de location a\u00e9roport Torino<\/h2>\n<p align=\"JUSTIFY\">Pour rendre votre voyage \u00e0 Turin plus pratique, sollicitez les services d\u2019une agence de location a\u00e9roport Torino. Ce type de service vous propose de mettre un v\u00e9hicule \u00e0 votre disposition d\u00e8s votre arriv\u00e9e \u00e0 l\u2019a\u00e9roport. Vous n\u2019aurez donc plus \u00e0 faire la queue, remplir des formulaires ou tomber sur les seuls v\u00e9hicules disponibles dans le parc auto de l\u2019agence sans vous laisser de choix en r\u00e9alisant votre demande seulement une fois arriv\u00e9e sur les lieux. En effectuant une r\u00e9servation sur le site d\u2019un prestataire, fini les tracas. \u00c0 l\u2019atterrissage de votre avion, votre voiture vous attendra fin pr\u00eate \u00e0 la porte de votre terminal. Si vous le souhaitez, un chauffeur pourra \u00eatre mis \u00e0 votre disposition pour satisfaire tous vos besoins de d\u00e9placement dans la ville de Turin. De plus, le professionnel pourra vous servir de guide et vous indiquer les itin\u00e9raires les plus courts ou encore les trajets les plus int\u00e9ressants pour d\u00e9couvrir la ville dans son int\u00e9gralit\u00e9. Dans tous les cas, en optant pour un service avec ou sans chauffeur, vous aurez tout \u00e0 gagner en pr\u00e9voyant une location de voiture de luxe dans cette partie de l\u2019Italie.<\/p>\n<p>&nbsp;<\/p>\n<h2>D\u00e9couvrez les autres villes\u00a0:<\/h2>\n<ul>\n<li><a href=\"https:\/\/luxury-rental-mc.com\/fr\/location-voiture-luxe\/autres-villes\/location-geneve\">Location voiture luxe Gen\u00e8ve<\/a><\/li>\n<\/ul>\n<ul>\n<li><a href=\"https:\/\/luxury-rental-mc.com\/fr\/location-voiture-luxe\/autres-villes\/location-voiture-luxe-chamonix\">Location voiture luxe Chamonix<\/a><\/li>\n<\/ul>\n<ul>\n<li><a href=\"https:\/\/luxury-rental-mc.com\/fr\/location-voiture-luxe\/autres-villes\/location-voiture-luxe-zurich\">Location voiture luxe Zurich<\/a><\/li>\n<\/ul>\n<ul>\n<li><a href=\"https:\/\/luxury-rental-mc.com\/fr\/location-voiture-luxe\/autres-villes\/location-davos\">Location voiture luxe Davos<\/a><\/li>\n<\/ul>\n<ul>\n<li><a href=\"https:\/\/luxury-rental-mc.com\/fr\/location-voiture-luxe\/autres-villes\/location-lausanne\">Location voiture luxe Lausanne<\/a><\/li>\n<\/ul>\n<ul>\n<li><a href=\"https:\/\/luxury-rental-mc.com\/fr\/location-voiture-luxe\/autres-villes\/location-laax\">Location voiture luxe Laax<\/a><\/li>\n<\/ul>\n<ul>\n<li><a href=\"https:\/\/luxury-rental-mc.com\/fr\/location-voiture-luxe\/autres-villes\/location-lucerne\">Location voiture luxe Lucerne<\/a><\/li>\n<\/ul>\n<ul>\n<li><a href=\"https:\/\/luxury-rental-mc.com\/fr\/location-voiture-luxe\/autres-villes\/location-voiture-luxe-berne-2\">Location voiture luxe\u00a0Berne<\/a><\/li>\n<li><a href=\"https:\/\/luxury-rental-mc.com\/fr\/location-voiture-luxe\/autres-villes\/location-voiture-de-luxe-venise\">Location voiture luxe\u00a0Venise<\/a><\/li>\n<\/ul>\n<ul>\n<li><a href=\"https:\/\/luxury-rental-mc.com\/fr\/location-voiture-luxe\/autres-villes\/location-voiture-luxe-lac-de-come\">Location voiture luxe\u00a0Lac de C\u00f4me<\/a><\/li>\n<\/ul>\n<ul>\n<li><a href=\"https:\/\/luxury-rental-mc.com\/fr\/location-voiture-luxe\/autres-villes\/location-voiture-luxe-porto-cervo\">Location voiture luxe\u00a0Porto Cervo<\/a><\/li>\n<\/ul>\n<ul>\n<li><a href=\"https:\/\/luxury-rental-mc.com\/fr\/location-voiture-luxe\/autres-villes\/location-voiture-luxe-positano\">Location voiture luxe\u00a0Positano<\/a><\/li>\n<\/ul>\n[\/vc_column_text][\/vc_column][\/vc_row]\n","protected":false},"excerpt":{"rendered":"<p>[vc_row][vc_column][vc_column_text] Location voiture luxe Turin L\u2019Italie est un pays connu pour son paysage pittoresque qui a \u00e9t\u00e9 dessin\u00e9 au fil des si\u00e8cles avec son histoire fabuleuse. Cet \u00c9tat du sud de l\u2019Europe est compos\u00e9 de plusieurs villes aussi fascinantes les unes que les autres dont la richesse culturelle et les activit\u00e9s touristiques suscitent la venue [&hellip;]<\/p>\n","protected":false},"author":1,"featured_media":0,"parent":9503,"menu_order":0,"comment_status":"closed","ping_status":"closed","template":"","meta":{"_monsterinsights_skip_tracking":false,"_monsterinsights_sitenote_active":false,"_monsterinsights_sitenote_note":"","_monsterinsights_sitenote_category":0},"yoast_head":"<!-- This site is optimized with the Yoast SEO plugin v20.3 - https:\/\/yoast.com\/wordpress\/plugins\/seo\/ -->\n<title>Location voiture de luxe Turin - Luxury Rental MC<\/title>\n<meta name=\"description\" content=\"Contactez Luxury Rental MC pour de plus amples informations concernant la location voiture de luxe \u00e0 Turin Italie. Nous vous proposons un devis gratuit.\" \/>\n<meta name=\"robots\" content=\"index, follow, max-snippet:-1, max-image-preview:large, max-video-preview:-1\" \/>\n<link rel=\"canonical\" href=\"https:\/\/luxury-rental-mc.com\/fr\/location-voiture-luxe\/autres-villes\/location-voiture-de-luxe-turin\/\" \/>\n<meta property=\"og:locale\" content=\"fr_FR\" \/>\n<meta property=\"og:type\" content=\"article\" \/>\n<meta property=\"og:title\" content=\"Location voiture de luxe Turin - Luxury Rental MC\" \/>\n<meta property=\"og:description\" content=\"Contactez Luxury Rental MC pour de plus amples informations concernant la location voiture de luxe \u00e0 Turin Italie. Nous vous proposons un devis gratuit.\" \/>\n<meta property=\"og:url\" content=\"https:\/\/luxury-rental-mc.com\/fr\/location-voiture-luxe\/autres-villes\/location-voiture-de-luxe-turin\/\" \/>\n<meta property=\"og:site_name\" content=\"Luxury Car Rentals | Monaco, Nice, Cannes, Saint-Tropez\" \/>\n<meta property=\"article:modified_time\" content=\"2017-03-08T09:18:34+00:00\" \/>\n<meta name=\"twitter:label1\" content=\"Dur\u00e9e de lecture estim\u00e9e\" \/>\n\t<meta name=\"twitter:data1\" content=\"5 minutes\" \/>\n<script type=\"application\/ld+json\" class=\"yoast-schema-graph\">{\"@context\":\"https:\/\/schema.org\",\"@graph\":[{\"@type\":\"WebPage\",\"@id\":\"https:\/\/luxury-rental-mc.com\/fr\/location-voiture-luxe\/autres-villes\/location-voiture-de-luxe-turin\/\",\"url\":\"https:\/\/luxury-rental-mc.com\/fr\/location-voiture-luxe\/autres-villes\/location-voiture-de-luxe-turin\/\",\"name\":\"Location voiture de luxe Turin - Luxury Rental MC\",\"isPartOf\":{\"@id\":\"https:\/\/luxury-rental-mc.com\/#website\"},\"datePublished\":\"2017-03-08T08:19:40+00:00\",\"dateModified\":\"2017-03-08T09:18:34+00:00\",\"description\":\"Contactez Luxury Rental MC pour de plus amples informations concernant la location voiture de luxe \u00e0 Turin Italie. Nous vous proposons un devis gratuit.\",\"breadcrumb\":{\"@id\":\"https:\/\/luxury-rental-mc.com\/fr\/location-voiture-luxe\/autres-villes\/location-voiture-de-luxe-turin\/#breadcrumb\"},\"inLanguage\":\"fr-FR\",\"potentialAction\":[{\"@type\":\"ReadAction\",\"target\":[\"https:\/\/luxury-rental-mc.com\/fr\/location-voiture-luxe\/autres-villes\/location-voiture-de-luxe-turin\/\"]}]},{\"@type\":\"BreadcrumbList\",\"@id\":\"https:\/\/luxury-rental-mc.com\/fr\/location-voiture-luxe\/autres-villes\/location-voiture-de-luxe-turin\/#breadcrumb\",\"itemListElement\":[{\"@type\":\"ListItem\",\"position\":1,\"name\":\"Accueil\",\"item\":\"https:\/\/luxury-rental-mc.com\/fr\/\"},{\"@type\":\"ListItem\",\"position\":2,\"name\":\"Location\",\"item\":\"https:\/\/luxury-rental-mc.com\/fr\/location-voiture-luxe\/\"},{\"@type\":\"ListItem\",\"position\":3,\"name\":\"Autres Villes\",\"item\":\"https:\/\/luxury-rental-mc.com\/fr\/location-voiture-luxe\/autres-villes\/\"},{\"@type\":\"ListItem\",\"position\":4,\"name\":\"Location voiture de luxe Turin\"}]},{\"@type\":\"WebSite\",\"@id\":\"https:\/\/luxury-rental-mc.com\/#website\",\"url\":\"https:\/\/luxury-rental-mc.com\/\",\"name\":\"Luxury Car Rentals | Monaco, Nice, Cannes, Saint-Tropez\",\"description\":\"Rent the finest brands : Porsche, Ferrari, Lamborghini, Mercedes...\",\"potentialAction\":[{\"@type\":\"SearchAction\",\"target\":{\"@type\":\"EntryPoint\",\"urlTemplate\":\"https:\/\/luxury-rental-mc.com\/?s={search_term_string}\"},\"query-input\":\"required name=search_term_string\"}],\"inLanguage\":\"fr-FR\"}]}<\/script>\n<!-- \/ Yoast SEO plugin. -->","yoast_head_json":{"title":"Location voiture de luxe Turin - Luxury Rental MC","description":"Contactez Luxury Rental MC pour de plus amples informations concernant la location voiture de luxe \u00e0 Turin Italie. Nous vous proposons un devis gratuit.","robots":{"index":"index","follow":"follow","max-snippet":"max-snippet:-1","max-image-preview":"max-image-preview:large","max-video-preview":"max-video-preview:-1"},"canonical":"https:\/\/luxury-rental-mc.com\/fr\/location-voiture-luxe\/autres-villes\/location-voiture-de-luxe-turin\/","og_locale":"fr_FR","og_type":"article","og_title":"Location voiture de luxe Turin - Luxury Rental MC","og_description":"Contactez Luxury Rental MC pour de plus amples informations concernant la location voiture de luxe \u00e0 Turin Italie. Nous vous proposons un devis gratuit.","og_url":"https:\/\/luxury-rental-mc.com\/fr\/location-voiture-luxe\/autres-villes\/location-voiture-de-luxe-turin\/","og_site_name":"Luxury Car Rentals | Monaco, Nice, Cannes, Saint-Tropez","article_modified_time":"2017-03-08T09:18:34+00:00","twitter_misc":{"Dur\u00e9e de lecture estim\u00e9e":"5 minutes"},"schema":{"@context":"https:\/\/schema.org","@graph":[{"@type":"WebPage","@id":"https:\/\/luxury-rental-mc.com\/fr\/location-voiture-luxe\/autres-villes\/location-voiture-de-luxe-turin\/","url":"https:\/\/luxury-rental-mc.com\/fr\/location-voiture-luxe\/autres-villes\/location-voiture-de-luxe-turin\/","name":"Location voiture de luxe Turin - Luxury Rental MC","isPartOf":{"@id":"https:\/\/luxury-rental-mc.com\/#website"},"datePublished":"2017-03-08T08:19:40+00:00","dateModified":"2017-03-08T09:18:34+00:00","description":"Contactez Luxury Rental MC pour de plus amples informations concernant la location voiture de luxe \u00e0 Turin Italie. Nous vous proposons un devis gratuit.","breadcrumb":{"@id":"https:\/\/luxury-rental-mc.com\/fr\/location-voiture-luxe\/autres-villes\/location-voiture-de-luxe-turin\/#breadcrumb"},"inLanguage":"fr-FR","potentialAction":[{"@type":"ReadAction","target":["https:\/\/luxury-rental-mc.com\/fr\/location-voiture-luxe\/autres-villes\/location-voiture-de-luxe-turin\/"]}]},{"@type":"BreadcrumbList","@id":"https:\/\/luxury-rental-mc.com\/fr\/location-voiture-luxe\/autres-villes\/location-voiture-de-luxe-turin\/#breadcrumb","itemListElement":[{"@type":"ListItem","position":1,"name":"Accueil","item":"https:\/\/luxury-rental-mc.com\/fr\/"},{"@type":"ListItem","position":2,"name":"Location","item":"https:\/\/luxury-rental-mc.com\/fr\/location-voiture-luxe\/"},{"@type":"ListItem","position":3,"name":"Autres Villes","item":"https:\/\/luxury-rental-mc.com\/fr\/location-voiture-luxe\/autres-villes\/"},{"@type":"ListItem","position":4,"name":"Location voiture de luxe Turin"}]},{"@type":"WebSite","@id":"https:\/\/luxury-rental-mc.com\/#website","url":"https:\/\/luxury-rental-mc.com\/","name":"Luxury Car Rentals | Monaco, Nice, Cannes, Saint-Tropez","description":"Rent the finest brands : Porsche, Ferrari, Lamborghini, Mercedes...","potentialAction":[{"@type":"SearchAction","target":{"@type":"EntryPoint","urlTemplate":"https:\/\/luxury-rental-mc.com\/?s={search_term_string}"},"query-input":"required name=search_term_string"}],"inLanguage":"fr-FR"}]}},"_links":{"self":[{"href":"https:\/\/luxury-rental-mc.com\/fr\/wp-json\/wp\/v2\/pages\/9862\/"}],"collection":[{"href":"https:\/\/luxury-rental-mc.com\/fr\/wp-json\/wp\/v2\/pages\/"}],"about":[{"href":"https:\/\/luxury-rental-mc.com\/fr\/wp-json\/wp\/v2\/types\/page\/"}],"author":[{"embeddable":true,"href":"https:\/\/luxury-rental-mc.com\/fr\/wp-json\/wp\/v2\/users\/1\/"}],"replies":[{"embeddable":true,"href":"https:\/\/luxury-rental-mc.com\/fr\/wp-json\/wp\/v2\/comments\/?post=9862"}],"version-history":[{"count":4,"href":"https:\/\/luxury-rental-mc.com\/fr\/wp-json\/wp\/v2\/pages\/9862\/revisions\/"}],"predecessor-version":[{"id":9901,"href":"https:\/\/luxury-rental-mc.com\/fr\/wp-json\/wp\/v2\/pages\/9862\/revisions\/9901\/"}],"up":[{"embeddable":true,"href":"https:\/\/luxury-rental-mc.com\/fr\/wp-json\/wp\/v2\/pages\/9503\/"}],"wp:attachment":[{"href":"https:\/\/luxury-rental-mc.com\/fr\/wp-json\/wp\/v2\/media\/?parent=9862"}],"curies":[{"name":"wp","href":"https:\/\/api.w.org\/{rel}","templated":true}]}}