{"id":9872,"date":"2017-03-08T09:37:38","date_gmt":"2017-03-08T08:37:38","guid":{"rendered":"https:\/\/luxury-rental-mc.com\/fr\/?page_id=9872"},"modified":"2017-03-08T10:22:56","modified_gmt":"2017-03-08T09:22:56","slug":"location-voiture-de-luxe-venise","status":"publish","type":"page","link":"https:\/\/luxury-rental-mc.com\/fr\/location-voiture-luxe\/autres-villes\/location-voiture-de-luxe-venise\/","title":{"rendered":"Location voiture de luxe Venise"},"content":{"rendered":"[vc_row][vc_column][vc_column_text]\n<h1>Location voiture luxe Venise<\/h1>\n<p align=\"JUSTIFY\">Venise est une ville tr\u00e8s particuli\u00e8re d\u2019Italie. C\u2019est une ville maritime qui s\u2019\u00e9tend au milieu de lagunes sur les bords de l\u2019Adriatique. La ville enti\u00e8re est form\u00e9e par trois \u00eeles \u00e9lev\u00e9es au milieu de lagunes et celles-ci sont reli\u00e9es \u00e0 la terre ferme par un pont de chemin de fer. Ces trois \u00eeles sont elles-m\u00eames divis\u00e9es par des canaux en 117 ilots. Ce qu&rsquo;il y a d\u2019exceptionnel \u00e0 Venise ce sont les canaux qui remplacent les rues. Ses fameuses gondoles sont alors les seuls moyens de transport pour se d\u00e9placer efficacement entre chaque quartier. Une balade tranquille en mer qui devient le moment pr\u00e9f\u00e9r\u00e9 des amoureux. Mais il n\u2019est pas impossible de visiter la capitale du romantisme en voiture. S\u2019il est difficile d\u2019envisager de parcourir les ruelles de Venise en voiture, vous pourrez emprunter des routes goudronn\u00e9es ou pav\u00e9es pour d\u00e9couvrir le bord de mer ou certains lieux historiques. M\u00eame si la voiture n\u2019est pas le moyen de transport le plus naturel pour se d\u00e9placer \u00e0 Nice, vous pourrez soigner votre arriv\u00e9e \u00e0 une soir\u00e9e, \u00e0 un salon ou \u00e0 un rendez-vous d\u2019affaires en arrivant dans une voiture de prestige. En sollicitant les services de location voiture luxe Venise, il ne vous sera pas utile de venir dans la ville avec votre propre v\u00e9hicule. Il vous permettra alors de visiter les villes voisines en parcourant des paysages magnifiques au d\u00e9tour de Milan, V\u00e9rone, Turin, le Lac de Garde et Padoue.<\/p>\n[\/vc_column_text][\/vc_column][\/vc_row][mk_page_section bg_image=\u00a0\u00bbhttps:\/\/luxury-rental-mc.com\/wp-content\/uploads\/2017\/03\/venice.jpg\u00a0\u00bb bg_position=\u00a0\u00bbcenter center\u00a0\u00bb bg_repeat=\u00a0\u00bbno-repeat\u00a0\u00bb bg_stretch=\u00a0\u00bbtrue\u00a0\u00bb enable_3d=\u00a0\u00bbtrue\u00a0\u00bb min_height=\u00a0\u00bb300&Prime; full_width=\u00a0\u00bbtrue\u00a0\u00bb js_vertical_centered=\u00a0\u00bbtrue\u00a0\u00bb sidebar=\u00a0\u00bbsidebar-1&Prime;][vc_column][\/vc_column][\/mk_page_section][vc_row][vc_column][vc_column_text]\n<h2>Louer voiture prestige place saint marc<\/h2>\n<p align=\"JUSTIFY\">La place Saint Marc ou Piazza San Marco en v\u00e9nitien est le c\u0153ur de la ville qui est le passage oblig\u00e9 de plusieurs milliers de visiteurs chaque jour. Pour sa petite histoire, la place a \u00e9t\u00e9 le centre politique, administratif et religieux de la ville sans oublier que les f\u00eates et les r\u00e9ceptions s\u2019y d\u00e9roulaient \u00e9galement. De nombreux b\u00e2timents et \u00e9l\u00e9ments remarquables sont ainsi \u00e0 d\u00e9couvrir sur les lieux. Aux alentours, vous trouverez de tr\u00e8s bons restaurants, des caf\u00e9s et des bars qui sont plut\u00f4t tr\u00e8s luxueux. Pour un rendez-vous d\u2019affaires, c\u2019est l\u2019endroit id\u00e9al. Pour afficher votre \u00e9l\u00e9gance, pourquoi ne pas louer voiture prestige place Saint Marc et \u00e9pater ainsi vos futurs partenaires d\u2019affaires ou vos collaborateurs. Bien s\u00fbr, avec le caract\u00e8re liquide des ruelles v\u00e9nitiennes vous ne pourrez pas toujours circuler en voiture. Mais pour rejoindre votre h\u00f4tel qui se trouve en dehors des lagunes vous ne parcourrez pas mieux les routes asphalt\u00e9es que dans une voiture confortable et \u00e9l\u00e9gante. Votre voiture vous attendra alors dans un parking non loin de votre point de rendez-vous. Le mieux serait d\u2019accompagner ce service avec un chauffeur qui sera \u00e0 votre enti\u00e8re disposition pour vos besoins de d\u00e9placement sur la terre ferme de Venise. Ce dernier sera \u00e0 votre \u00e9coute et pourra vous faire visiter la ville et ses alentours si vous le souhaitez. \u00c0 ce sujet, sachez que beaucoup de lieux sont accessibles en voiture \u00e0 Venise. Des contr\u00e9es paysannes au bord de mer, n\u2019h\u00e9sitez pas \u00e0 formuler une simple demande \u00e0 votre chauffeur pour d\u00e9couvrir toute la beaut\u00e9 de la ville.<\/p>\n[\/vc_column_text][\/vc_column][\/vc_row][vc_row][vc_column][mk_image src=\u00a0\u00bbhttps:\/\/luxury-rental-mc.com\/wp-content\/uploads\/2017\/03\/rent-car-venice.jpg\u00a0\u00bb image_size=\u00a0\u00bbfull\u00a0\u00bb align=\u00a0\u00bbcenter\u00a0\u00bb][\/vc_column][\/vc_row][vc_row][vc_column][vc_column_text]\n<h2>Agence de location voiture a\u00e9roport Marco polo<\/h2>\n<p align=\"JUSTIFY\">Beaucoup de personnes se font une fausse id\u00e9e de leur d\u00e9placement \u00e0 Venise. Si le territoire est majoritairement compos\u00e9 d\u2019eau et que les gondoles et les vaporettos sont les principaux moyens de transport, votre arriv\u00e9e \u00e0 l\u2019a\u00e9roport doit \u00eatre intelligemment pens\u00e9e pour \u00e9viter les longues files d\u2019attente pour avoir une navette et rejoindre votre h\u00f4tel. C\u2019est l\u00e0 tout l\u2019int\u00e9r\u00eat de contacter une agence de location voiture a\u00e9roport Marco Polo avant m\u00eame votre d\u00e9part. Avec la location voiture luxe Venise, rouler dans des voitures de grandes marques dont vous pourrez choisir le mod\u00e8le sur le site du prestataire. Une fois arriv\u00e9e \u00e0 votre a\u00e9roport, ne vous pr\u00e9occupez plus de rien car votre chauffeur s\u2019occupera de tout. Le professionnel s\u2019assurera de prendre vos bagages et de les s\u00e9curiser dans la malle. \u00c0 votre arriv\u00e9e \u00e0 l\u2019h\u00f4tel, le bagagiste s\u2019occupera aussit\u00f4t de ceux-ci, ce qui ne vous laissera m\u00eame pas le temps de remarquer que vous avez emport\u00e9 des bagages avec vous. Aussi, pour rendre votre s\u00e9jour plus agr\u00e9ables, n\u2019oubliez pas de r\u00e9server la location de voiture sur un site sp\u00e9cialis\u00e9. Le proc\u00e9d\u00e9 sera rapide et tr\u00e8s simple.<\/p>\n[\/vc_column_text][\/vc_column][\/vc_row][vc_row][vc_column][vc_column_text]\n<h2>D\u00e9couvrez les autres villes\u00a0:<\/h2>\n<ul>\n<li><a href=\"https:\/\/luxury-rental-mc.com\/fr\/location-voiture-luxe\/autres-villes\/location-geneve\">Location voiture luxe Gen\u00e8ve<\/a><\/li>\n<\/ul>\n<ul>\n<li><a href=\"https:\/\/luxury-rental-mc.com\/fr\/location-voiture-luxe\/autres-villes\/location-voiture-luxe-chamonix\">Location voiture luxe Chamonix<\/a><\/li>\n<\/ul>\n<ul>\n<li><a href=\"https:\/\/luxury-rental-mc.com\/fr\/location-voiture-luxe\/autres-villes\/location-voiture-luxe-zurich\">Location voiture luxe Zurich<\/a><\/li>\n<\/ul>\n<ul>\n<li><a href=\"https:\/\/luxury-rental-mc.com\/fr\/location-voiture-luxe\/autres-villes\/location-davos\">Location voiture luxe Davos<\/a><\/li>\n<\/ul>\n<ul>\n<li><a href=\"https:\/\/luxury-rental-mc.com\/fr\/location-voiture-luxe\/autres-villes\/location-lausanne\">Location voiture luxe Lausanne<\/a><\/li>\n<\/ul>\n<ul>\n<li><a href=\"https:\/\/luxury-rental-mc.com\/fr\/location-voiture-luxe\/autres-villes\/location-laax\">Location voiture luxe Laax<\/a><\/li>\n<\/ul>\n<ul>\n<li><a href=\"https:\/\/luxury-rental-mc.com\/fr\/location-voiture-luxe\/autres-villes\/location-lucerne\">Location voiture luxe Lucerne<\/a><\/li>\n<\/ul>\n<ul>\n<li><a href=\"https:\/\/luxury-rental-mc.com\/fr\/location-voiture-luxe\/autres-villes\/location-voiture-luxe-berne-2\">Location voiture luxe\u00a0Berne<\/a><\/li>\n<\/ul>\n<ul>\n<li><a href=\"https:\/\/luxury-rental-mc.com\/fr\/location-voiture-luxe\/autres-villes\/location-voiture-luxe-lac-de-come\">Location voiture luxe\u00a0Lac de C\u00f4me<\/a><\/li>\n<\/ul>\n<ul>\n<li><a href=\"https:\/\/luxury-rental-mc.com\/fr\/location-voiture-luxe\/autres-villes\/location-voiture-luxe-porto-cervo\">Location voiture luxe\u00a0Porto Cervo<\/a><\/li>\n<\/ul>\n<ul>\n<li><a href=\"https:\/\/luxury-rental-mc.com\/fr\/location-voiture-luxe\/autres-villes\/location-voiture-luxe-positano\">Location voiture luxe\u00a0Positano<\/a><\/li>\n<li><a href=\"https:\/\/luxury-rental-mc.com\/fr\/location-voiture-luxe\/autres-villes\/location-voiture-de-luxe-turin\">Location voiture luxe\u00a0Turin<\/a><\/li>\n<\/ul>\n<p>&nbsp;<\/p>\n[\/vc_column_text][\/vc_column][\/vc_row]\n","protected":false},"excerpt":{"rendered":"<p>[vc_row][vc_column][vc_column_text] Location voiture luxe Venise Venise est une ville tr\u00e8s particuli\u00e8re d\u2019Italie. C\u2019est une ville maritime qui s\u2019\u00e9tend au milieu de lagunes sur les bords de l\u2019Adriatique. La ville enti\u00e8re est form\u00e9e par trois \u00eeles \u00e9lev\u00e9es au milieu de lagunes et celles-ci sont reli\u00e9es \u00e0 la terre ferme par un pont de chemin de fer. [&hellip;]<\/p>\n","protected":false},"author":1,"featured_media":0,"parent":9503,"menu_order":0,"comment_status":"closed","ping_status":"closed","template":"","meta":{"_monsterinsights_skip_tracking":false,"_monsterinsights_sitenote_active":false,"_monsterinsights_sitenote_note":"","_monsterinsights_sitenote_category":0},"yoast_head":"<!-- This site is optimized with the Yoast SEO plugin v20.3 - https:\/\/yoast.com\/wordpress\/plugins\/seo\/ -->\n<title>Location voiture de luxe Venise - Luxury Car Rentals | Monaco, Nice, Cannes, Saint-Tropez<\/title>\n<meta name=\"robots\" content=\"index, follow, max-snippet:-1, max-image-preview:large, max-video-preview:-1\" \/>\n<link rel=\"canonical\" href=\"https:\/\/luxury-rental-mc.com\/fr\/location-voiture-luxe\/autres-villes\/location-voiture-de-luxe-venise\/\" \/>\n<meta property=\"og:locale\" content=\"fr_FR\" \/>\n<meta property=\"og:type\" content=\"article\" \/>\n<meta property=\"og:title\" content=\"Location voiture de luxe Venise - Luxury Car Rentals | Monaco, Nice, Cannes, Saint-Tropez\" \/>\n<meta property=\"og:description\" content=\"[vc_row][vc_column][vc_column_text] Location voiture luxe Venise Venise est une ville tr\u00e8s particuli\u00e8re d\u2019Italie. C\u2019est une ville maritime qui s\u2019\u00e9tend au milieu de lagunes sur les bords de l\u2019Adriatique. La ville enti\u00e8re est form\u00e9e par trois \u00eeles \u00e9lev\u00e9es au milieu de lagunes et celles-ci sont reli\u00e9es \u00e0 la terre ferme par un pont de chemin de fer. [&hellip;]\" \/>\n<meta property=\"og:url\" content=\"https:\/\/luxury-rental-mc.com\/fr\/location-voiture-luxe\/autres-villes\/location-voiture-de-luxe-venise\/\" \/>\n<meta property=\"og:site_name\" content=\"Luxury Car Rentals | Monaco, Nice, Cannes, Saint-Tropez\" \/>\n<meta property=\"article:modified_time\" content=\"2017-03-08T09:22:56+00:00\" \/>\n<meta name=\"twitter:label1\" content=\"Dur\u00e9e de lecture estim\u00e9e\" \/>\n\t<meta name=\"twitter:data1\" content=\"5 minutes\" \/>\n<script type=\"application\/ld+json\" class=\"yoast-schema-graph\">{\"@context\":\"https:\/\/schema.org\",\"@graph\":[{\"@type\":\"WebPage\",\"@id\":\"https:\/\/luxury-rental-mc.com\/fr\/location-voiture-luxe\/autres-villes\/location-voiture-de-luxe-venise\/\",\"url\":\"https:\/\/luxury-rental-mc.com\/fr\/location-voiture-luxe\/autres-villes\/location-voiture-de-luxe-venise\/\",\"name\":\"Location voiture de luxe Venise - Luxury Car Rentals | Monaco, Nice, Cannes, Saint-Tropez\",\"isPartOf\":{\"@id\":\"https:\/\/luxury-rental-mc.com\/#website\"},\"datePublished\":\"2017-03-08T08:37:38+00:00\",\"dateModified\":\"2017-03-08T09:22:56+00:00\",\"breadcrumb\":{\"@id\":\"https:\/\/luxury-rental-mc.com\/fr\/location-voiture-luxe\/autres-villes\/location-voiture-de-luxe-venise\/#breadcrumb\"},\"inLanguage\":\"fr-FR\",\"potentialAction\":[{\"@type\":\"ReadAction\",\"target\":[\"https:\/\/luxury-rental-mc.com\/fr\/location-voiture-luxe\/autres-villes\/location-voiture-de-luxe-venise\/\"]}]},{\"@type\":\"BreadcrumbList\",\"@id\":\"https:\/\/luxury-rental-mc.com\/fr\/location-voiture-luxe\/autres-villes\/location-voiture-de-luxe-venise\/#breadcrumb\",\"itemListElement\":[{\"@type\":\"ListItem\",\"position\":1,\"name\":\"Accueil\",\"item\":\"https:\/\/luxury-rental-mc.com\/fr\/\"},{\"@type\":\"ListItem\",\"position\":2,\"name\":\"Location\",\"item\":\"https:\/\/luxury-rental-mc.com\/fr\/location-voiture-luxe\/\"},{\"@type\":\"ListItem\",\"position\":3,\"name\":\"Autres Villes\",\"item\":\"https:\/\/luxury-rental-mc.com\/fr\/location-voiture-luxe\/autres-villes\/\"},{\"@type\":\"ListItem\",\"position\":4,\"name\":\"Location voiture de luxe Venise\"}]},{\"@type\":\"WebSite\",\"@id\":\"https:\/\/luxury-rental-mc.com\/#website\",\"url\":\"https:\/\/luxury-rental-mc.com\/\",\"name\":\"Luxury Car Rentals | Monaco, Nice, Cannes, Saint-Tropez\",\"description\":\"Rent the finest brands : Porsche, Ferrari, Lamborghini, Mercedes...\",\"potentialAction\":[{\"@type\":\"SearchAction\",\"target\":{\"@type\":\"EntryPoint\",\"urlTemplate\":\"https:\/\/luxury-rental-mc.com\/?s={search_term_string}\"},\"query-input\":\"required name=search_term_string\"}],\"inLanguage\":\"fr-FR\"}]}<\/script>\n<!-- \/ Yoast SEO plugin. -->","yoast_head_json":{"title":"Location voiture de luxe Venise - Luxury Car Rentals | Monaco, Nice, Cannes, Saint-Tropez","robots":{"index":"index","follow":"follow","max-snippet":"max-snippet:-1","max-image-preview":"max-image-preview:large","max-video-preview":"max-video-preview:-1"},"canonical":"https:\/\/luxury-rental-mc.com\/fr\/location-voiture-luxe\/autres-villes\/location-voiture-de-luxe-venise\/","og_locale":"fr_FR","og_type":"article","og_title":"Location voiture de luxe Venise - Luxury Car Rentals | Monaco, Nice, Cannes, Saint-Tropez","og_description":"[vc_row][vc_column][vc_column_text] Location voiture luxe Venise Venise est une ville tr\u00e8s particuli\u00e8re d\u2019Italie. C\u2019est une ville maritime qui s\u2019\u00e9tend au milieu de lagunes sur les bords de l\u2019Adriatique. La ville enti\u00e8re est form\u00e9e par trois \u00eeles \u00e9lev\u00e9es au milieu de lagunes et celles-ci sont reli\u00e9es \u00e0 la terre ferme par un pont de chemin de fer. [&hellip;]","og_url":"https:\/\/luxury-rental-mc.com\/fr\/location-voiture-luxe\/autres-villes\/location-voiture-de-luxe-venise\/","og_site_name":"Luxury Car Rentals | Monaco, Nice, Cannes, Saint-Tropez","article_modified_time":"2017-03-08T09:22:56+00:00","twitter_misc":{"Dur\u00e9e de lecture estim\u00e9e":"5 minutes"},"schema":{"@context":"https:\/\/schema.org","@graph":[{"@type":"WebPage","@id":"https:\/\/luxury-rental-mc.com\/fr\/location-voiture-luxe\/autres-villes\/location-voiture-de-luxe-venise\/","url":"https:\/\/luxury-rental-mc.com\/fr\/location-voiture-luxe\/autres-villes\/location-voiture-de-luxe-venise\/","name":"Location voiture de luxe Venise - Luxury Car Rentals | Monaco, Nice, Cannes, Saint-Tropez","isPartOf":{"@id":"https:\/\/luxury-rental-mc.com\/#website"},"datePublished":"2017-03-08T08:37:38+00:00","dateModified":"2017-03-08T09:22:56+00:00","breadcrumb":{"@id":"https:\/\/luxury-rental-mc.com\/fr\/location-voiture-luxe\/autres-villes\/location-voiture-de-luxe-venise\/#breadcrumb"},"inLanguage":"fr-FR","potentialAction":[{"@type":"ReadAction","target":["https:\/\/luxury-rental-mc.com\/fr\/location-voiture-luxe\/autres-villes\/location-voiture-de-luxe-venise\/"]}]},{"@type":"BreadcrumbList","@id":"https:\/\/luxury-rental-mc.com\/fr\/location-voiture-luxe\/autres-villes\/location-voiture-de-luxe-venise\/#breadcrumb","itemListElement":[{"@type":"ListItem","position":1,"name":"Accueil","item":"https:\/\/luxury-rental-mc.com\/fr\/"},{"@type":"ListItem","position":2,"name":"Location","item":"https:\/\/luxury-rental-mc.com\/fr\/location-voiture-luxe\/"},{"@type":"ListItem","position":3,"name":"Autres Villes","item":"https:\/\/luxury-rental-mc.com\/fr\/location-voiture-luxe\/autres-villes\/"},{"@type":"ListItem","position":4,"name":"Location voiture de luxe Venise"}]},{"@type":"WebSite","@id":"https:\/\/luxury-rental-mc.com\/#website","url":"https:\/\/luxury-rental-mc.com\/","name":"Luxury Car Rentals | Monaco, Nice, Cannes, Saint-Tropez","description":"Rent the finest brands : Porsche, Ferrari, Lamborghini, Mercedes...","potentialAction":[{"@type":"SearchAction","target":{"@type":"EntryPoint","urlTemplate":"https:\/\/luxury-rental-mc.com\/?s={search_term_string}"},"query-input":"required name=search_term_string"}],"inLanguage":"fr-FR"}]}},"_links":{"self":[{"href":"https:\/\/luxury-rental-mc.com\/fr\/wp-json\/wp\/v2\/pages\/9872\/"}],"collection":[{"href":"https:\/\/luxury-rental-mc.com\/fr\/wp-json\/wp\/v2\/pages\/"}],"about":[{"href":"https:\/\/luxury-rental-mc.com\/fr\/wp-json\/wp\/v2\/types\/page\/"}],"author":[{"embeddable":true,"href":"https:\/\/luxury-rental-mc.com\/fr\/wp-json\/wp\/v2\/users\/1\/"}],"replies":[{"embeddable":true,"href":"https:\/\/luxury-rental-mc.com\/fr\/wp-json\/wp\/v2\/comments\/?post=9872"}],"version-history":[{"count":4,"href":"https:\/\/luxury-rental-mc.com\/fr\/wp-json\/wp\/v2\/pages\/9872\/revisions\/"}],"predecessor-version":[{"id":9906,"href":"https:\/\/luxury-rental-mc.com\/fr\/wp-json\/wp\/v2\/pages\/9872\/revisions\/9906\/"}],"up":[{"embeddable":true,"href":"https:\/\/luxury-rental-mc.com\/fr\/wp-json\/wp\/v2\/pages\/9503\/"}],"wp:attachment":[{"href":"https:\/\/luxury-rental-mc.com\/fr\/wp-json\/wp\/v2\/media\/?parent=9872"}],"curies":[{"name":"wp","href":"https:\/\/api.w.org\/{rel}","templated":true}]}}