{"id":9912,"date":"2017-03-14T17:17:44","date_gmt":"2017-03-14T16:17:44","guid":{"rendered":"https:\/\/luxury-rental-mc.com\/?page_id=9912"},"modified":"2017-03-14T17:17:44","modified_gmt":"2017-03-14T16:17:44","slug":"location-voiture-de-luxe-sardaigne","status":"publish","type":"page","link":"https:\/\/luxury-rental-mc.com\/fr\/location-voiture-luxe\/autres-villes\/location-voiture-de-luxe-sardaigne\/","title":{"rendered":"Location voiture de luxe Sardaigne"},"content":{"rendered":"[vc_row][vc_column][vc_column_text]\n<h1 style=\"text-align: center;\">Location voiture luxe Sardaigne<\/h1>\n<p align=\"JUSTIFY\">La location de voiture de courte dur\u00e9e est un service tr\u00e8s pratique qui vous offre une solution de d\u00e9placement fort efficace pour profiter pleinement de vos vacances, d&rsquo;un week-end ou pour rendre votre d\u00e9m\u00e9nagement plus ais\u00e9. Tr\u00e8s pris\u00e9 par les usagers, ce service tend \u00e0 se d\u00e9velopper en proposant encore plus d\u2019options. Et pour cela, les agences rivalisent d\u2019astuces pour offrir \u00e0 chaque usager la solution qui lui convient le plus. En passant par une agence de location de voiture vous pourrez alors choisir un v\u00e9hicule en rapport avec vos envies et vos besoins mais \u00e9galement adapt\u00e9 \u00e0 votre budget. La location pourrait m\u00eame devenir plus int\u00e9ressante que l\u2019achat d\u2019un certain point de vue. En effet, si la conduite d\u2019une voiture de luxe est des plus plaisantes, son prix d\u2019achat par contre n\u2019est pas fait pour tout le monde. Par ailleurs, en louant une voiture de cette classe vous pouvez tout \u00e0 fait profiter du plaisir de la route sans vous ruiner. Dans cette optique, les professionnels en location voiture luxe Sardaigne proposent aux visiteurs l\u2019opportunit\u00e9 de se mettre au volant des voitures les plus prestigieuses du monde afin de vivre un s\u00e9jour des plus agr\u00e9able. La r\u00e9servation de la location voiture luxe Sardaigne se fait facilement sur un site sp\u00e9cialis\u00e9 ou par t\u00e9l\u00e9phone. Il n\u2019est pas \u00e0 n\u00e9gliger que les points forts de ce type de service sont multiples. Vous n\u2019aurez pas ici une quelconque contrainte de location de parking ni d\u2019entretien avec des services flexibles proposant des forfaits week-end ou semaine. \u00c0 votre arriv\u00e9e sur l\u2019\u00eele de Sardaigne, votre voiture vous attendra au port ou \u00e0 l\u2019a\u00e9roport pr\u00eate \u00e0 prendre la route.<\/p>\n[\/vc_column_text][\/vc_column][\/vc_row][mk_page_section bg_image=\u00a0\u00bbhttps:\/\/luxury-rental-mc.com\/wp-content\/uploads\/2017\/03\/venice.jpg\u00a0\u00bb attachment=\u00a0\u00bbfixed\u00a0\u00bb bg_repeat=\u00a0\u00bbno-repeat\u00a0\u00bb bg_stretch=\u00a0\u00bbtrue\u00a0\u00bb min_height=\u00a0\u00bb400&Prime; full_width=\u00a0\u00bbtrue\u00a0\u00bb sidebar=\u00a0\u00bbsidebar-1&Prime;][vc_column][\/vc_column][\/mk_page_section][vc_row][vc_column][vc_column_text]\n<h2 style=\"text-align: center;\">Louer cabriolet luxe Olbia<\/h2>\n<p align=\"JUSTIFY\">Avec son paysage enchanteur, sa faune unique et sa mer d\u2019un bleu turquoise, Olbia, un \u00e9troit canal qui s\u00e9pare Sardaigne de la Corse, attire par son charme naturel. Cette partie de la Sardaigne est sans aucun doute l\u2019une des destinations les plus pris\u00e9es par les vill\u00e9giateurs, non seulement de toute l\u2019Italie mais du monde entier. \u00c9tant donn\u00e9 la venue de nombreux visiteurs dans cette ville, les services que l\u2019on y trouve tendent \u00e0 miser sur la grande qualit\u00e9. Autrement dit, le tourisme de luxe y est pr\u00e9dominant. Si vous envisagez de passer un petit s\u00e9jour dans la r\u00e9gion, visitez l\u2019\u00eele en optant pour la location voiture luxe Sardaigne. Vous aurez le choix parmi une large gamme de voitures de prestige disponible \u00e0 la location dans le parc auto d\u2019une agence pr\u00e9sente en Sardaigne. Vous pourrez r\u00e9aliser votre r\u00e9servation depuis un site internet tout simplement en remplissant un formulaire. La voiture que vous aurez choisie sera \u00e0 votre enti\u00e8re disposition \u00e0 votre arriv\u00e9e sur l\u2019\u00eele jusqu\u2019\u00e0 la fin du d\u00e9lai convenu dans le contrat de location. Mais encore, si vous d\u00e9cidez \u00e0 la derni\u00e8re minute de rallonger votre s\u00e9jour, vous pourrez renouveler votre contrat ou encore payer un suppl\u00e9ment. Cela d\u00e9pend de l\u2019agence que vous aurez approch\u00e9e. Toutefois, cela n\u2019est rien \u00e0 c\u00f4t\u00e9 du plaisir que vous aurez sur les routes de la Sardaigne. Louer cabriolet luxe Olbia vous garantira une sensation extraordinaire de libert\u00e9, cheveux au vent avec le doux parfait de cette \u00eele m\u00e9diterran\u00e9enne.<\/p>\n[\/vc_column_text][mk_image src=\u00a0\u00bbhttps:\/\/luxury-rental-mc.com\/wp-content\/uploads\/2017\/02\/bern-luxury-car-rental.jpg\u00a0\u00bb image_size=\u00a0\u00bbfull\u00a0\u00bb align=\u00a0\u00bbcenter\u00a0\u00bb][vc_column_text]\n<h2>Agence location v\u00e9hicule prestige Alghero<\/h2>\n<p align=\"JUSTIFY\">Si vous envisagez de passer vos vacances sur la c\u00f4te nord-occidentale en Sardaigne, sachez que vous y trouverez une agence location v\u00e9hicule prestige Alghero qui ne manquera pas de vous proposer les meilleurs services. Pour un cabriolet, un SUV, une berline ou pour une voiture de prestige avec chauffeur, vous trouverez ici ce qu\u2019il vous faut avec des forfaits adapt\u00e9s \u00e0 vos besoins. Parcourir les routes italiennes n\u2019aura jamais \u00e9t\u00e9 aussi merveilleux \u00e0 bord de ses v\u00e9hicules de luxe. Vivez une exp\u00e9rience sans pareil en profitant d\u2019un niveau de confort, de puissance et de s\u00e9curit\u00e9 accrue et partez pour une belle aventure en Italie. Vous serez totalement ind\u00e9pendant pour d\u00e9couvrir \u00e0 votre fa\u00e7on cette ville fascinante en visitant les diff\u00e9rents sites touristiques \u00e0 votre rythme et selon vos propres organisations. En louant une voiture de luxe, vous pourrez emprunter un itin\u00e9raire personnalis\u00e9. L\u2019agence vous proposera la location \u00e0 la journ\u00e9e, \u00e0 la semaine ou au mois selon votre convenance. Pour effectuer une r\u00e9servation, il vous suffira tout simplement de passer par le site de l\u2019agence.<\/p>\n<p>&nbsp;<\/p>\n<h3>D\u00e9couvrez \u00e9galement nos autres villes desservies :<\/h3>\n<ul>\n<li><a href=\"https:\/\/luxury-rental-mc.com\/fr\/location-voiture-luxe\/autres-villes\/location-voiture-luxe-chamonix\">Location voiture luxe Chamonix<\/a><\/li>\n<li><a href=\"https:\/\/luxury-rental-mc.com\/fr\/location-voiture-luxe\/autres-villes\/location-voiture-luxe-zurich\">Location voiture luxe Zurich<\/a><\/li>\n<li><a href=\"https:\/\/luxury-rental-mc.com\/fr\/location-voiture-luxe\/autres-villes\/location-davos\">Location voiture luxe Davos<\/a><\/li>\n<li><a href=\"https:\/\/luxury-rental-mc.com\/fr\/location-voiture-luxe\/autres-villes\/location-lausanne\">Location voiture luxe Lausanne<\/a><\/li>\n<li><a href=\"https:\/\/luxury-rental-mc.com\/fr\/location-voiture-luxe\/autres-villes\/location-laax\">Location voiture luxe Laax<\/a><\/li>\n<li><a href=\"https:\/\/luxury-rental-mc.com\/fr\/location-voiture-luxe\/autres-villes\/location-lucerne\">Location voiture luxe Lucerne<\/a><\/li>\n<li><a href=\"https:\/\/luxury-rental-mc.com\/fr\/location-voiture-luxe\/autres-villes\/location-moritz\">Location voiture luxe Saint Moritz<\/a>\n<div class=\"wpb_row vc_row mk-fullwidth-false attched-false vc_row-fluid js-master-row mk-in-viewport\"><\/div>\n<\/li>\n<\/ul>\n[\/vc_column_text][\/vc_column][\/vc_row]\n","protected":false},"excerpt":{"rendered":"<p>[vc_row][vc_column][vc_column_text] Location voiture luxe Sardaigne La location de voiture de courte dur\u00e9e est un service tr\u00e8s pratique qui vous offre une solution de d\u00e9placement fort efficace pour profiter pleinement de vos vacances, d&rsquo;un week-end ou pour rendre votre d\u00e9m\u00e9nagement plus ais\u00e9. Tr\u00e8s pris\u00e9 par les usagers, ce service tend \u00e0 se d\u00e9velopper en proposant encore [&hellip;]<\/p>\n","protected":false},"author":1,"featured_media":0,"parent":9503,"menu_order":0,"comment_status":"closed","ping_status":"closed","template":"","meta":{"_monsterinsights_skip_tracking":false,"_monsterinsights_sitenote_active":false,"_monsterinsights_sitenote_note":"","_monsterinsights_sitenote_category":0},"yoast_head":"<!-- This site is optimized with the Yoast SEO plugin v20.3 - https:\/\/yoast.com\/wordpress\/plugins\/seo\/ -->\n<title>Location v\u00e9hicule de luxe Sardaigne - Luxury Rental MC<\/title>\n<meta name=\"description\" content=\"Pour louer votre v\u00e9hicule de luxe en Sardaigne, contactez la soci\u00e9t\u00e9 Luxury Rental Mc. Une \u00e9quipe de professionnels est \u00e0 votre service.\" \/>\n<meta name=\"robots\" content=\"index, follow, max-snippet:-1, max-image-preview:large, max-video-preview:-1\" \/>\n<link rel=\"canonical\" href=\"https:\/\/luxury-rental-mc.com\/fr\/location-voiture-luxe\/autres-villes\/location-voiture-de-luxe-sardaigne\/\" \/>\n<meta property=\"og:locale\" content=\"fr_FR\" \/>\n<meta property=\"og:type\" content=\"article\" \/>\n<meta property=\"og:title\" content=\"Location v\u00e9hicule de luxe Sardaigne - Luxury Rental MC\" \/>\n<meta property=\"og:description\" content=\"Pour louer votre v\u00e9hicule de luxe en Sardaigne, contactez la soci\u00e9t\u00e9 Luxury Rental Mc. Une \u00e9quipe de professionnels est \u00e0 votre service.\" \/>\n<meta property=\"og:url\" content=\"https:\/\/luxury-rental-mc.com\/fr\/location-voiture-luxe\/autres-villes\/location-voiture-de-luxe-sardaigne\/\" \/>\n<meta property=\"og:site_name\" content=\"Luxury Car Rentals | Monaco, Nice, Cannes, Saint-Tropez\" \/>\n<meta name=\"twitter:label1\" content=\"Dur\u00e9e de lecture estim\u00e9e\" \/>\n\t<meta name=\"twitter:data1\" content=\"4 minutes\" \/>\n<script type=\"application\/ld+json\" class=\"yoast-schema-graph\">{\"@context\":\"https:\/\/schema.org\",\"@graph\":[{\"@type\":\"WebPage\",\"@id\":\"https:\/\/luxury-rental-mc.com\/fr\/location-voiture-luxe\/autres-villes\/location-voiture-de-luxe-sardaigne\/\",\"url\":\"https:\/\/luxury-rental-mc.com\/fr\/location-voiture-luxe\/autres-villes\/location-voiture-de-luxe-sardaigne\/\",\"name\":\"Location v\u00e9hicule de luxe Sardaigne - Luxury Rental MC\",\"isPartOf\":{\"@id\":\"https:\/\/luxury-rental-mc.com\/#website\"},\"datePublished\":\"2017-03-14T16:17:44+00:00\",\"dateModified\":\"2017-03-14T16:17:44+00:00\",\"description\":\"Pour louer votre v\u00e9hicule de luxe en Sardaigne, contactez la soci\u00e9t\u00e9 Luxury Rental Mc. Une \u00e9quipe de professionnels est \u00e0 votre service.\",\"breadcrumb\":{\"@id\":\"https:\/\/luxury-rental-mc.com\/fr\/location-voiture-luxe\/autres-villes\/location-voiture-de-luxe-sardaigne\/#breadcrumb\"},\"inLanguage\":\"fr-FR\",\"potentialAction\":[{\"@type\":\"ReadAction\",\"target\":[\"https:\/\/luxury-rental-mc.com\/fr\/location-voiture-luxe\/autres-villes\/location-voiture-de-luxe-sardaigne\/\"]}]},{\"@type\":\"BreadcrumbList\",\"@id\":\"https:\/\/luxury-rental-mc.com\/fr\/location-voiture-luxe\/autres-villes\/location-voiture-de-luxe-sardaigne\/#breadcrumb\",\"itemListElement\":[{\"@type\":\"ListItem\",\"position\":1,\"name\":\"Accueil\",\"item\":\"https:\/\/luxury-rental-mc.com\/fr\/\"},{\"@type\":\"ListItem\",\"position\":2,\"name\":\"Location\",\"item\":\"https:\/\/luxury-rental-mc.com\/fr\/location-voiture-luxe\/\"},{\"@type\":\"ListItem\",\"position\":3,\"name\":\"Autres Villes\",\"item\":\"https:\/\/luxury-rental-mc.com\/fr\/location-voiture-luxe\/autres-villes\/\"},{\"@type\":\"ListItem\",\"position\":4,\"name\":\"Location voiture de luxe Sardaigne\"}]},{\"@type\":\"WebSite\",\"@id\":\"https:\/\/luxury-rental-mc.com\/#website\",\"url\":\"https:\/\/luxury-rental-mc.com\/\",\"name\":\"Luxury Car Rentals | Monaco, Nice, Cannes, Saint-Tropez\",\"description\":\"Rent the finest brands : Porsche, Ferrari, Lamborghini, Mercedes...\",\"potentialAction\":[{\"@type\":\"SearchAction\",\"target\":{\"@type\":\"EntryPoint\",\"urlTemplate\":\"https:\/\/luxury-rental-mc.com\/?s={search_term_string}\"},\"query-input\":\"required name=search_term_string\"}],\"inLanguage\":\"fr-FR\"}]}<\/script>\n<!-- \/ Yoast SEO plugin. -->","yoast_head_json":{"title":"Location v\u00e9hicule de luxe Sardaigne - Luxury Rental MC","description":"Pour louer votre v\u00e9hicule de luxe en Sardaigne, contactez la soci\u00e9t\u00e9 Luxury Rental Mc. Une \u00e9quipe de professionnels est \u00e0 votre service.","robots":{"index":"index","follow":"follow","max-snippet":"max-snippet:-1","max-image-preview":"max-image-preview:large","max-video-preview":"max-video-preview:-1"},"canonical":"https:\/\/luxury-rental-mc.com\/fr\/location-voiture-luxe\/autres-villes\/location-voiture-de-luxe-sardaigne\/","og_locale":"fr_FR","og_type":"article","og_title":"Location v\u00e9hicule de luxe Sardaigne - Luxury Rental MC","og_description":"Pour louer votre v\u00e9hicule de luxe en Sardaigne, contactez la soci\u00e9t\u00e9 Luxury Rental Mc. Une \u00e9quipe de professionnels est \u00e0 votre service.","og_url":"https:\/\/luxury-rental-mc.com\/fr\/location-voiture-luxe\/autres-villes\/location-voiture-de-luxe-sardaigne\/","og_site_name":"Luxury Car Rentals | Monaco, Nice, Cannes, Saint-Tropez","twitter_misc":{"Dur\u00e9e de lecture estim\u00e9e":"4 minutes"},"schema":{"@context":"https:\/\/schema.org","@graph":[{"@type":"WebPage","@id":"https:\/\/luxury-rental-mc.com\/fr\/location-voiture-luxe\/autres-villes\/location-voiture-de-luxe-sardaigne\/","url":"https:\/\/luxury-rental-mc.com\/fr\/location-voiture-luxe\/autres-villes\/location-voiture-de-luxe-sardaigne\/","name":"Location v\u00e9hicule de luxe Sardaigne - Luxury Rental MC","isPartOf":{"@id":"https:\/\/luxury-rental-mc.com\/#website"},"datePublished":"2017-03-14T16:17:44+00:00","dateModified":"2017-03-14T16:17:44+00:00","description":"Pour louer votre v\u00e9hicule de luxe en Sardaigne, contactez la soci\u00e9t\u00e9 Luxury Rental Mc. Une \u00e9quipe de professionnels est \u00e0 votre service.","breadcrumb":{"@id":"https:\/\/luxury-rental-mc.com\/fr\/location-voiture-luxe\/autres-villes\/location-voiture-de-luxe-sardaigne\/#breadcrumb"},"inLanguage":"fr-FR","potentialAction":[{"@type":"ReadAction","target":["https:\/\/luxury-rental-mc.com\/fr\/location-voiture-luxe\/autres-villes\/location-voiture-de-luxe-sardaigne\/"]}]},{"@type":"BreadcrumbList","@id":"https:\/\/luxury-rental-mc.com\/fr\/location-voiture-luxe\/autres-villes\/location-voiture-de-luxe-sardaigne\/#breadcrumb","itemListElement":[{"@type":"ListItem","position":1,"name":"Accueil","item":"https:\/\/luxury-rental-mc.com\/fr\/"},{"@type":"ListItem","position":2,"name":"Location","item":"https:\/\/luxury-rental-mc.com\/fr\/location-voiture-luxe\/"},{"@type":"ListItem","position":3,"name":"Autres Villes","item":"https:\/\/luxury-rental-mc.com\/fr\/location-voiture-luxe\/autres-villes\/"},{"@type":"ListItem","position":4,"name":"Location voiture de luxe Sardaigne"}]},{"@type":"WebSite","@id":"https:\/\/luxury-rental-mc.com\/#website","url":"https:\/\/luxury-rental-mc.com\/","name":"Luxury Car Rentals | Monaco, Nice, Cannes, Saint-Tropez","description":"Rent the finest brands : Porsche, Ferrari, Lamborghini, Mercedes...","potentialAction":[{"@type":"SearchAction","target":{"@type":"EntryPoint","urlTemplate":"https:\/\/luxury-rental-mc.com\/?s={search_term_string}"},"query-input":"required name=search_term_string"}],"inLanguage":"fr-FR"}]}},"_links":{"self":[{"href":"https:\/\/luxury-rental-mc.com\/fr\/wp-json\/wp\/v2\/pages\/9912\/"}],"collection":[{"href":"https:\/\/luxury-rental-mc.com\/fr\/wp-json\/wp\/v2\/pages\/"}],"about":[{"href":"https:\/\/luxury-rental-mc.com\/fr\/wp-json\/wp\/v2\/types\/page\/"}],"author":[{"embeddable":true,"href":"https:\/\/luxury-rental-mc.com\/fr\/wp-json\/wp\/v2\/users\/1\/"}],"replies":[{"embeddable":true,"href":"https:\/\/luxury-rental-mc.com\/fr\/wp-json\/wp\/v2\/comments\/?post=9912"}],"version-history":[{"count":1,"href":"https:\/\/luxury-rental-mc.com\/fr\/wp-json\/wp\/v2\/pages\/9912\/revisions\/"}],"predecessor-version":[{"id":9915,"href":"https:\/\/luxury-rental-mc.com\/fr\/wp-json\/wp\/v2\/pages\/9912\/revisions\/9915\/"}],"up":[{"embeddable":true,"href":"https:\/\/luxury-rental-mc.com\/fr\/wp-json\/wp\/v2\/pages\/9503\/"}],"wp:attachment":[{"href":"https:\/\/luxury-rental-mc.com\/fr\/wp-json\/wp\/v2\/media\/?parent=9912"}],"curies":[{"name":"wp","href":"https:\/\/api.w.org\/{rel}","templated":true}]}}