{"id":9921,"date":"2017-03-14T17:45:41","date_gmt":"2017-03-14T16:45:41","guid":{"rendered":"https:\/\/luxury-rental-mc.com\/?page_id=9921"},"modified":"2017-03-14T17:47:07","modified_gmt":"2017-03-14T16:47:07","slug":"location-voiture-de-luxe-florence","status":"publish","type":"page","link":"https:\/\/luxury-rental-mc.com\/fr\/location-voiture-luxe\/autres-villes\/location-voiture-de-luxe-florence\/","title":{"rendered":"Location voiture de luxe Florence"},"content":{"rendered":"[vc_row][vc_column][vc_column_text]\n<h1 style=\"text-align: center;\">Location voiture de luxe Florence<\/h1>\n<p align=\"JUSTIFY\">Pour la majorit\u00e9 des voyageurs, l\u2019Italie est une destination de r\u00eave o\u00f9 l\u2019on profite des petits plaisirs de la vie avec son paysage pittoresque, son histoire grav\u00e9e dans ses monuments datant d\u2019une \u00e9poque lointaine dont beaucoup rappellent la Renaissance, son art gastronomique qui inspire tant de nations et ses routes enchanteresses qui ne demandent qu\u2019\u00e0 \u00eatre explor\u00e9es. Si vous \u00eates un grand passionn\u00e9 d\u2019art, un passage en Florence est sans aucun doute incontournable pour vous. En rassemblant plus d\u2019un quart des \u0153uvres repr\u00e9sentant le patrimoine artistique italien, Florence est bien connue pour \u00eatre l\u2019une des plus belles villes d\u2019Italie et m\u00eame d\u2019Europe. La ville est sans conteste le berceau de la Renaissance italienne sous le r\u00e8gne des M\u00e9dicis. Aujourd\u2019hui encore, elle nous expose tous les attraits de son riche pass\u00e9 \u00e0 travers ses \u00e9glises, ses mus\u00e9es et ses somptueux palais. Des monuments qui rassemblent toute une foule de touristes chaque ann\u00e9e. Pour visiter la ville dans toute sa splendeur, il vous sera plus pratique de louer un v\u00e9hicule. Et qui dit v\u00e9hicule en Italie dit bien s\u00fbr voiture de prestige. R\u00e9put\u00e9e pour la production de voiture de grande marque comme Ferrari et Lamborghini, profitez de votre s\u00e9jour dans le pays pour vous mettre au volant des plus belles voitures au monde. Avec le service de location voiture de luxe Florence, vous pourrez choisir la voiture qui convient le plus \u00e0 vos envies et \u00e0 votre budget. Un service de grande qualit\u00e9 qui ne vous propose que le sur mesure en vous laissant parcourir les routes italiennes \u00e0 votre guise sans aucune contrainte.<\/p>\n[\/vc_column_text][\/vc_column][\/vc_row][mk_page_section bg_image=\u00a0\u00bbhttps:\/\/luxury-rental-mc.com\/wp-content\/uploads\/2017\/03\/location-voiture-de-luxe-florence.jpg\u00a0\u00bb attachment=\u00a0\u00bbfixed\u00a0\u00bb bg_repeat=\u00a0\u00bbno-repeat\u00a0\u00bb bg_stretch=\u00a0\u00bbtrue\u00a0\u00bb min_height=\u00a0\u00bb400&Prime; full_width=\u00a0\u00bbtrue\u00a0\u00bb sidebar=\u00a0\u00bbsidebar-1&Prime;][vc_column][\/vc_column][\/mk_page_section][vc_row][vc_column][vc_column_text]\n<h2>Louer Ferrari Toscane<\/h2>\n<p align=\"JUSTIFY\">L\u2019Italie \u00e9voque de nombreuses choses dans l\u2019esprit du voyageur \u00e0 savoir les belles ruelles romantiques, les sp\u00e9cialit\u00e9s italiennes authentiques et bien s\u00fbr les voitures de sport. Et pas n\u2019importe lesquels puisque le pays est le producteur de la marque au cheval cabr\u00e9 distinctement reconnu par la couleur rouge vif de ses mod\u00e8les. Cette marque n\u2019est autre que Ferrari, la fiert\u00e9 de la nation italienne. Avec ses courbes tr\u00e8s esth\u00e9tiques et ses performances incroyables, chaque mod\u00e8le de la marque est un v\u00e9ritable bijou m\u00e9canique \u00e0 piloter. Enviant aussi bien les passionn\u00e9s occasionnels de sport automobile que les grands collectionneurs, \u00eatre au volant d\u2019une Ferrari est un grand r\u00eave pour tout type de conducteur. Si vous envisagez d\u2019entreprendre un voyage en Italie, sachez qu\u2019il est tout \u00e0 fait possible de louer Ferrari Toscane sans aucune difficult\u00e9. Pour ce faire, il vous suffit de visiter le site d\u2019une agence de location voiture luxe Florence et voir si celle-ci propose une Ferrari dans son parc auto. Ce qui est tr\u00e8s probable. Apr\u00e8s avoir fait le tour de la voiture en consultant ses fiches techniques et les tarifs propos\u00e9s, vous n\u2019aurez qu\u2019\u00e0 remplir un formulaire et d\u2019un simple clic pour avoir les clefs de la voiture pour quelques jours, des semaines ou un mois entier selon la dur\u00e9e de votre s\u00e9jour. Vous pouvez \u00e9galement contacter directement l\u2019agence par t\u00e9l\u00e9phone si cela vous semble plus pratique.<\/p>\n[\/vc_column_text][mk_image src=\u00a0\u00bbhttps:\/\/luxury-rental-mc.com\/wp-content\/uploads\/2017\/03\/louer-voiture-florence.jpg\u00a0\u00bb image_size=\u00a0\u00bbfull\u00a0\u00bb align=\u00a0\u00bbcenter\u00a0\u00bb][vc_column_text]\n<h2>Voiture de prestige a\u00e9roport international de Florence<\/h2>\n<p align=\"JUSTIFY\">Une fois arriv\u00e9 \u00e0 l\u2019a\u00e9roport de destination, le voyageur ne pense qu\u2019\u00e0 une seule chose\u00a0: comment se rendre \u00e0 l\u2019h\u00f4tel\u00a0? Bien entendu, un a\u00e9roport digne de ce nom met \u00e0 la disposition des voyageurs des solutions de transport fort pratiques mais qui ne pourraient pas toujours convenir \u00e0 tout le monde. En effet, il n\u2019est pas toujours agr\u00e9able de faire la queue pour prendre un taxi ou attendre de longues heures pour monter dans une navette collective. Avec les services d\u2019une agence de location voiture luxe Florence, vous n\u2019aurez plus \u00e0 attendre. D\u00e8s votre atterrissage, vous aurez un v\u00e9hicule \u00e0 votre disposition qui vous attend dans un parking bien gard\u00e9. Si vous avez opt\u00e9 pour un service avec chauffeur, ce dernier vous attendra avec une pancarte indiquant votre nom ou le logo de votre entreprise. Dans tous les cas, privil\u00e9gier la location de voiture de prestige a\u00e9roport international de Florence avec ou sans chauffeur vous apportera une solution de transport pratique et surtout des plus confortable. Vous aurez la voiture \u00e0 votre enti\u00e8re disposition pendant la dur\u00e9e de la location et vous pourrez emprunter les itin\u00e9raires que vous souhaitez sans aucune contrainte. Pour avoir de plus amples informations sur la location de voiture de luxe, n\u2019h\u00e9sitez pas \u00e0 visiter un site sp\u00e9cialis\u00e9.<\/p>\n<p>&nbsp;<\/p>\n<h3>D\u00e9couvrez \u00e9galement nos autres villes desservies :<\/h3>\n<ul>\n<li><a href=\"https:\/\/luxury-rental-mc.com\/fr\/location-voiture-luxe\/autres-villes\/location-voiture-luxe-chamonix\">Location voiture luxe Chamonix<\/a><\/li>\n<li><a href=\"https:\/\/luxury-rental-mc.com\/fr\/location-voiture-luxe\/autres-villes\/location-voiture-luxe-zurich\">Location voiture luxe Zurich<\/a><\/li>\n<li><a href=\"https:\/\/luxury-rental-mc.com\/fr\/location-voiture-luxe\/autres-villes\/location-davos\">Location voiture luxe Davos<\/a><\/li>\n<li><a href=\"https:\/\/luxury-rental-mc.com\/fr\/location-voiture-luxe\/autres-villes\/location-lausanne\">Location voiture luxe Lausanne<\/a><\/li>\n<li><a href=\"https:\/\/luxury-rental-mc.com\/fr\/location-voiture-luxe\/autres-villes\/location-laax\">Location voiture luxe Laax<\/a><\/li>\n<li><a href=\"https:\/\/luxury-rental-mc.com\/fr\/location-voiture-luxe\/autres-villes\/location-lucerne\">Location voiture luxe Lucerne<\/a><\/li>\n<li><a href=\"https:\/\/luxury-rental-mc.com\/fr\/location-voiture-luxe\/autres-villes\/location-moritz\">Location voiture luxe Saint Moritz<\/a>\n<div class=\"wpb_row vc_row mk-fullwidth-false attched-false vc_row-fluid js-master-row mk-in-viewport\"><\/div>\n<\/li>\n<\/ul>\n[\/vc_column_text][\/vc_column][\/vc_row]\n","protected":false},"excerpt":{"rendered":"<p>[vc_row][vc_column][vc_column_text] Location voiture de luxe Florence Pour la majorit\u00e9 des voyageurs, l\u2019Italie est une destination de r\u00eave o\u00f9 l\u2019on profite des petits plaisirs de la vie avec son paysage pittoresque, son histoire grav\u00e9e dans ses monuments datant d\u2019une \u00e9poque lointaine dont beaucoup rappellent la Renaissance, son art gastronomique qui inspire tant de nations et ses [&hellip;]<\/p>\n","protected":false},"author":1,"featured_media":0,"parent":9503,"menu_order":0,"comment_status":"closed","ping_status":"closed","template":"","meta":{"_monsterinsights_skip_tracking":false,"_monsterinsights_sitenote_active":false,"_monsterinsights_sitenote_note":"","_monsterinsights_sitenote_category":0},"yoast_head":"<!-- This site is optimized with the Yoast SEO plugin v20.3 - https:\/\/yoast.com\/wordpress\/plugins\/seo\/ -->\n<title>Location voiture de luxe Florence - Luxury Car Rentals | Monaco, Nice, Cannes, Saint-Tropez<\/title>\n<meta name=\"robots\" content=\"index, follow, max-snippet:-1, max-image-preview:large, max-video-preview:-1\" \/>\n<link rel=\"canonical\" href=\"https:\/\/luxury-rental-mc.com\/fr\/location-voiture-luxe\/autres-villes\/location-voiture-de-luxe-florence\/\" \/>\n<meta property=\"og:locale\" content=\"fr_FR\" \/>\n<meta property=\"og:type\" content=\"article\" \/>\n<meta property=\"og:title\" content=\"Location voiture de luxe Florence - Luxury Car Rentals | Monaco, Nice, Cannes, Saint-Tropez\" \/>\n<meta property=\"og:description\" content=\"[vc_row][vc_column][vc_column_text] Location voiture de luxe Florence Pour la majorit\u00e9 des voyageurs, l\u2019Italie est une destination de r\u00eave o\u00f9 l\u2019on profite des petits plaisirs de la vie avec son paysage pittoresque, son histoire grav\u00e9e dans ses monuments datant d\u2019une \u00e9poque lointaine dont beaucoup rappellent la Renaissance, son art gastronomique qui inspire tant de nations et ses [&hellip;]\" \/>\n<meta property=\"og:url\" content=\"https:\/\/luxury-rental-mc.com\/fr\/location-voiture-luxe\/autres-villes\/location-voiture-de-luxe-florence\/\" \/>\n<meta property=\"og:site_name\" content=\"Luxury Car Rentals | Monaco, Nice, Cannes, Saint-Tropez\" \/>\n<meta property=\"article:modified_time\" content=\"2017-03-14T16:47:07+00:00\" \/>\n<meta name=\"twitter:label1\" content=\"Dur\u00e9e de lecture estim\u00e9e\" \/>\n\t<meta name=\"twitter:data1\" content=\"4 minutes\" \/>\n<script type=\"application\/ld+json\" class=\"yoast-schema-graph\">{\"@context\":\"https:\/\/schema.org\",\"@graph\":[{\"@type\":\"WebPage\",\"@id\":\"https:\/\/luxury-rental-mc.com\/fr\/location-voiture-luxe\/autres-villes\/location-voiture-de-luxe-florence\/\",\"url\":\"https:\/\/luxury-rental-mc.com\/fr\/location-voiture-luxe\/autres-villes\/location-voiture-de-luxe-florence\/\",\"name\":\"Location voiture de luxe Florence - Luxury Car Rentals | Monaco, Nice, Cannes, Saint-Tropez\",\"isPartOf\":{\"@id\":\"https:\/\/luxury-rental-mc.com\/#website\"},\"datePublished\":\"2017-03-14T16:45:41+00:00\",\"dateModified\":\"2017-03-14T16:47:07+00:00\",\"breadcrumb\":{\"@id\":\"https:\/\/luxury-rental-mc.com\/fr\/location-voiture-luxe\/autres-villes\/location-voiture-de-luxe-florence\/#breadcrumb\"},\"inLanguage\":\"fr-FR\",\"potentialAction\":[{\"@type\":\"ReadAction\",\"target\":[\"https:\/\/luxury-rental-mc.com\/fr\/location-voiture-luxe\/autres-villes\/location-voiture-de-luxe-florence\/\"]}]},{\"@type\":\"BreadcrumbList\",\"@id\":\"https:\/\/luxury-rental-mc.com\/fr\/location-voiture-luxe\/autres-villes\/location-voiture-de-luxe-florence\/#breadcrumb\",\"itemListElement\":[{\"@type\":\"ListItem\",\"position\":1,\"name\":\"Accueil\",\"item\":\"https:\/\/luxury-rental-mc.com\/fr\/\"},{\"@type\":\"ListItem\",\"position\":2,\"name\":\"Location\",\"item\":\"https:\/\/luxury-rental-mc.com\/fr\/location-voiture-luxe\/\"},{\"@type\":\"ListItem\",\"position\":3,\"name\":\"Autres Villes\",\"item\":\"https:\/\/luxury-rental-mc.com\/fr\/location-voiture-luxe\/autres-villes\/\"},{\"@type\":\"ListItem\",\"position\":4,\"name\":\"Location voiture de luxe Florence\"}]},{\"@type\":\"WebSite\",\"@id\":\"https:\/\/luxury-rental-mc.com\/#website\",\"url\":\"https:\/\/luxury-rental-mc.com\/\",\"name\":\"Luxury Car Rentals | Monaco, Nice, Cannes, Saint-Tropez\",\"description\":\"Rent the finest brands : Porsche, Ferrari, Lamborghini, Mercedes...\",\"potentialAction\":[{\"@type\":\"SearchAction\",\"target\":{\"@type\":\"EntryPoint\",\"urlTemplate\":\"https:\/\/luxury-rental-mc.com\/?s={search_term_string}\"},\"query-input\":\"required name=search_term_string\"}],\"inLanguage\":\"fr-FR\"}]}<\/script>\n<!-- \/ Yoast SEO plugin. -->","yoast_head_json":{"title":"Location voiture de luxe Florence - Luxury Car Rentals | Monaco, Nice, Cannes, Saint-Tropez","robots":{"index":"index","follow":"follow","max-snippet":"max-snippet:-1","max-image-preview":"max-image-preview:large","max-video-preview":"max-video-preview:-1"},"canonical":"https:\/\/luxury-rental-mc.com\/fr\/location-voiture-luxe\/autres-villes\/location-voiture-de-luxe-florence\/","og_locale":"fr_FR","og_type":"article","og_title":"Location voiture de luxe Florence - Luxury Car Rentals | Monaco, Nice, Cannes, Saint-Tropez","og_description":"[vc_row][vc_column][vc_column_text] Location voiture de luxe Florence Pour la majorit\u00e9 des voyageurs, l\u2019Italie est une destination de r\u00eave o\u00f9 l\u2019on profite des petits plaisirs de la vie avec son paysage pittoresque, son histoire grav\u00e9e dans ses monuments datant d\u2019une \u00e9poque lointaine dont beaucoup rappellent la Renaissance, son art gastronomique qui inspire tant de nations et ses [&hellip;]","og_url":"https:\/\/luxury-rental-mc.com\/fr\/location-voiture-luxe\/autres-villes\/location-voiture-de-luxe-florence\/","og_site_name":"Luxury Car Rentals | Monaco, Nice, Cannes, Saint-Tropez","article_modified_time":"2017-03-14T16:47:07+00:00","twitter_misc":{"Dur\u00e9e de lecture estim\u00e9e":"4 minutes"},"schema":{"@context":"https:\/\/schema.org","@graph":[{"@type":"WebPage","@id":"https:\/\/luxury-rental-mc.com\/fr\/location-voiture-luxe\/autres-villes\/location-voiture-de-luxe-florence\/","url":"https:\/\/luxury-rental-mc.com\/fr\/location-voiture-luxe\/autres-villes\/location-voiture-de-luxe-florence\/","name":"Location voiture de luxe Florence - Luxury Car Rentals | Monaco, Nice, Cannes, Saint-Tropez","isPartOf":{"@id":"https:\/\/luxury-rental-mc.com\/#website"},"datePublished":"2017-03-14T16:45:41+00:00","dateModified":"2017-03-14T16:47:07+00:00","breadcrumb":{"@id":"https:\/\/luxury-rental-mc.com\/fr\/location-voiture-luxe\/autres-villes\/location-voiture-de-luxe-florence\/#breadcrumb"},"inLanguage":"fr-FR","potentialAction":[{"@type":"ReadAction","target":["https:\/\/luxury-rental-mc.com\/fr\/location-voiture-luxe\/autres-villes\/location-voiture-de-luxe-florence\/"]}]},{"@type":"BreadcrumbList","@id":"https:\/\/luxury-rental-mc.com\/fr\/location-voiture-luxe\/autres-villes\/location-voiture-de-luxe-florence\/#breadcrumb","itemListElement":[{"@type":"ListItem","position":1,"name":"Accueil","item":"https:\/\/luxury-rental-mc.com\/fr\/"},{"@type":"ListItem","position":2,"name":"Location","item":"https:\/\/luxury-rental-mc.com\/fr\/location-voiture-luxe\/"},{"@type":"ListItem","position":3,"name":"Autres Villes","item":"https:\/\/luxury-rental-mc.com\/fr\/location-voiture-luxe\/autres-villes\/"},{"@type":"ListItem","position":4,"name":"Location voiture de luxe Florence"}]},{"@type":"WebSite","@id":"https:\/\/luxury-rental-mc.com\/#website","url":"https:\/\/luxury-rental-mc.com\/","name":"Luxury Car Rentals | Monaco, Nice, Cannes, Saint-Tropez","description":"Rent the finest brands : Porsche, Ferrari, Lamborghini, Mercedes...","potentialAction":[{"@type":"SearchAction","target":{"@type":"EntryPoint","urlTemplate":"https:\/\/luxury-rental-mc.com\/?s={search_term_string}"},"query-input":"required name=search_term_string"}],"inLanguage":"fr-FR"}]}},"_links":{"self":[{"href":"https:\/\/luxury-rental-mc.com\/fr\/wp-json\/wp\/v2\/pages\/9921\/"}],"collection":[{"href":"https:\/\/luxury-rental-mc.com\/fr\/wp-json\/wp\/v2\/pages\/"}],"about":[{"href":"https:\/\/luxury-rental-mc.com\/fr\/wp-json\/wp\/v2\/types\/page\/"}],"author":[{"embeddable":true,"href":"https:\/\/luxury-rental-mc.com\/fr\/wp-json\/wp\/v2\/users\/1\/"}],"replies":[{"embeddable":true,"href":"https:\/\/luxury-rental-mc.com\/fr\/wp-json\/wp\/v2\/comments\/?post=9921"}],"version-history":[{"count":1,"href":"https:\/\/luxury-rental-mc.com\/fr\/wp-json\/wp\/v2\/pages\/9921\/revisions\/"}],"predecessor-version":[{"id":9924,"href":"https:\/\/luxury-rental-mc.com\/fr\/wp-json\/wp\/v2\/pages\/9921\/revisions\/9924\/"}],"up":[{"embeddable":true,"href":"https:\/\/luxury-rental-mc.com\/fr\/wp-json\/wp\/v2\/pages\/9503\/"}],"wp:attachment":[{"href":"https:\/\/luxury-rental-mc.com\/fr\/wp-json\/wp\/v2\/media\/?parent=9921"}],"curies":[{"name":"wp","href":"https:\/\/api.w.org\/{rel}","templated":true}]}}