{"id":9932,"date":"2017-03-15T10:20:46","date_gmt":"2017-03-15T09:20:46","guid":{"rendered":"https:\/\/luxury-rental-mc.com\/?page_id=9932"},"modified":"2017-03-15T10:20:46","modified_gmt":"2017-03-15T09:20:46","slug":"location-voiture-de-luxe-forte-dei-marmi","status":"publish","type":"page","link":"https:\/\/luxury-rental-mc.com\/fr\/location-voiture-luxe\/autres-villes\/location-voiture-de-luxe-forte-dei-marmi\/","title":{"rendered":"Location voiture de luxe Forte dei Marmi"},"content":{"rendered":"[vc_row][vc_column][vc_column_text]\n<h1 style=\"text-align: center;\">Location voiture luxe Forte dei Marmi<\/h1>\n<p align=\"JUSTIFY\">\u00c0 Forte Dei Marmi, une province tr\u00e8s branch\u00e9e d\u2019Italie, la beaut\u00e9 de la nature n\u2019a comme limite que l\u2019horizon de la mer. Avec plus de 350 kilom\u00e8tres de plages, les montagnes du nord, les ch\u00e2teaux datant de la renaissance entour\u00e9s de vignes et d\u2019oliviers sans oublier ses fermes typiques jointes par des routes blanches d\u00e9cor\u00e9es de cypr\u00e8s. Si vous avez pr\u00e9vu de s\u00e9journer dans cette partie de la Toscane, vous souhaitez sans aucun doute pouvoir profiter pleinement de votre s\u00e9jour en ayant la libert\u00e9 de circuler o\u00f9 bon vous semblera sans aucune contrainte. C\u2019est dans cette optique que les professionnels de la location voiture luxe Forte Dei Marmi proposent leurs services aux nombreux visiteurs venus parcourir l\u2019une des plus belles villes du monde. Vous n\u2019aurez donc aucun mal \u00e0 trouver sur le net une agence situ\u00e9e dans la Toscane sp\u00e9cialis\u00e9e dans la prestation de luxe. Comme la ville dispose d\u2019une grande qualit\u00e9 de vie, les services que l\u2019on y trouve tendent \u00e9galement \u00e0 offrir que le meilleur. Bon nombre de visiteurs privil\u00e9gient ainsi la location voiture luxe Forte Dei Marmi pour la qualit\u00e9 de service sans faille et des grands plaisirs que procure la conduite d\u2019une voiture d\u2019exception. Vous trouverez dans le parc auto des diff\u00e9rentes agences des voitures que vous n\u2019aurez pas l\u2019occasion de conduire tous les jours et m\u00eame des mod\u00e8les in\u00e9dits, cela \u00e0 des tarifs adapt\u00e9s \u00e0 votre budget.<\/p>\n<p>\u00a0[\/vc_column_text][\/vc_column][\/vc_row][mk_page_section bg_image=\u00a0\u00bbhttps:\/\/luxury-rental-mc.com\/wp-content\/uploads\/2017\/03\/location-voiture-luxe-forte-dei-marmi.jpg\u00a0\u00bb attachment=\u00a0\u00bbfixed\u00a0\u00bb bg_repeat=\u00a0\u00bbno-repeat\u00a0\u00bb bg_stretch=\u00a0\u00bbtrue\u00a0\u00bb min_height=\u00a0\u00bb400&Prime; full_width=\u00a0\u00bbtrue\u00a0\u00bb sidebar=\u00a0\u00bbsidebar-1&Prime;][vc_column][\/vc_column][\/mk_page_section][vc_row][vc_column][vc_column_text]\n<h2>Louer Porsche Lucques<\/h2>\n<p align=\"JUSTIFY\">Une Allemande qui parcourt avec joie l\u2019Italie. Voil\u00e0 \u00e0 quoi se r\u00e9sume le fait de louer Porsche Lucques. Dans cette ville italienne qui compte environ 85\u00a0000 \u00e2mes, parcourez ses rues m\u00e9di\u00e9vales et \u00e9l\u00e9gantes au volant d\u2019une voiture de luxe comme la Porsche Cayenne, 911, 997 Turbo ou encore la Panamera pour vivre des moments inoubliables. Vous aurez ici les performances et le design entre vos mains pendant une p\u00e9riode de courte dur\u00e9e. Profitez donc de votre s\u00e9jour en Italie pour vous faire plaisir et d\u00e9couvrir la joie de la dolce vita dans un confort total. Pour les amateurs de la m\u00e9canique automobile, la conduite d\u2019une Porsche s\u2019inscrit sans nul doute dans le registre des pilotages \u00e0 r\u00e9aliser absolument. Pour ceux qui recherchent le luxe, le plaisir de conduire une voiture puissante avec une ma\u00eetrise d\u00e9routante et les sensations fortes, vous ne serez pas mieux servi qu\u2019en louant une Porsche. Pour ce faire, il vous suffira de naviguer sur un site sp\u00e9cialis\u00e9 dans la location voiture luxe Forte Dei Marmi dans lequel vous pourrez choisir le mod\u00e8le de voiture de la gamme Porsche qui vous plaira le plus et dont le tarif de location est le plus adapt\u00e9 \u00e0 votre budget. En effet, le tarif de la location varie selon le gabarit, la puissance et le type de la voiture. Le service offre ainsi l\u2019opportunit\u00e9 \u00e0 chaque grand amateur de la marque allemande \u00e0 louer une voiture selon ses possibilit\u00e9s et ses envies. La r\u00e9servation de la voiture se fera en quelques clics seulement et le v\u00e9hicule sera \u00e0 votre disposition d\u00e8s votre arriv\u00e9e \u00e0 l\u2019a\u00e9roport.<\/p>\n[\/vc_column_text][mk_image src=\u00a0\u00bbhttps:\/\/luxury-rental-mc.com\/wp-content\/uploads\/2017\/03\/louer-voiture-forte-dei-marmi.jpg\u00a0\u00bb image_size=\u00a0\u00bbfull\u00a0\u00bb align=\u00a0\u00bbcenter\u00a0\u00bb][vc_column_text]\n<h2>Agence de location v\u00e9hicule haut de gamme Toscane<\/h2>\n<p align=\"JUSTIFY\">Si les prestataires en location de voiture classique sont bel et bien nombreux en Italie, vous vous demandez s\u00fbrement pourquoi passer par une agence de location v\u00e9hicule haut de gamme Toscane. La premi\u00e8re r\u00e9ponse \u00e9vidente est qu\u2019en passant par la location dit \u00ab\u00a0de luxe\u00a0\u00bb, vous profitez d\u2019un niveau de s\u00e9curit\u00e9 accru tout en gagnant en performance sur la grande voie ce qui vous fera gagner du temps. Bien entendu, si le prix de la location d\u2019une voiture de prestige est bien plus important que celui de la voiture classique, le plaisir qu\u2019apporte le pilotage de ces deux v\u00e9hicules n\u2019est pas du tout pareil. Mais encore, si vous voulez vous constituer des souvenirs inoubliables, il n\u2019y a rien de mieux que de prendre des photos sur fond de merveilleux paysages au volant d\u2019une voiture de luxe comme une Porsche, une Ferrari, une Bentley, une Lamborghini ou encore une Pagani. Contrairement \u00e0 la pens\u00e9e collective, la location d\u2019une voiture de luxe n\u2019est nullement difficile aujourd\u2019hui. Bien au contraire, c\u2019est un service qui se veut \u00eatre accessible en proposant des formules adapt\u00e9es \u00e0 tous les budgets et cela en passant par une seule plateforme sur internet.<\/p>\n<p>&nbsp;<\/p>\n<h3>D\u00e9couvrez \u00e9galement nos autres villes desservies :<\/h3>\n<ul>\n<li><a href=\"https:\/\/luxury-rental-mc.com\/fr\/location-voiture-luxe\/autres-villes\/location-voiture-luxe-chamonix\">Location voiture luxe Chamonix<\/a><\/li>\n<li><a href=\"https:\/\/luxury-rental-mc.com\/fr\/location-voiture-luxe\/autres-villes\/location-voiture-luxe-zurich\">Location voiture luxe Zurich<\/a><\/li>\n<li><a href=\"https:\/\/luxury-rental-mc.com\/fr\/location-voiture-luxe\/autres-villes\/location-davos\">Location voiture luxe Davos<\/a><\/li>\n<li><a href=\"https:\/\/luxury-rental-mc.com\/fr\/location-voiture-luxe\/autres-villes\/location-lausanne\">Location voiture luxe Lausanne<\/a><\/li>\n<li><a href=\"https:\/\/luxury-rental-mc.com\/fr\/location-voiture-luxe\/autres-villes\/location-laax\">Location voiture luxe Laax<\/a><\/li>\n<li><a href=\"https:\/\/luxury-rental-mc.com\/fr\/location-voiture-luxe\/autres-villes\/location-lucerne\">Location voiture luxe Lucerne<\/a><\/li>\n<li><a href=\"https:\/\/luxury-rental-mc.com\/fr\/location-voiture-luxe\/autres-villes\/location-moritz\">Location voiture luxe Saint Moritz<\/a>\n<div class=\"wpb_row vc_row mk-fullwidth-false attched-false vc_row-fluid js-master-row mk-in-viewport\"><\/div>\n<\/li>\n<\/ul>\n[\/vc_column_text][\/vc_column][\/vc_row]\n","protected":false},"excerpt":{"rendered":"<p>[vc_row][vc_column][vc_column_text] Location voiture luxe Forte dei Marmi \u00c0 Forte Dei Marmi, une province tr\u00e8s branch\u00e9e d\u2019Italie, la beaut\u00e9 de la nature n\u2019a comme limite que l\u2019horizon de la mer. Avec plus de 350 kilom\u00e8tres de plages, les montagnes du nord, les ch\u00e2teaux datant de la renaissance entour\u00e9s de vignes et d\u2019oliviers sans oublier ses fermes [&hellip;]<\/p>\n","protected":false},"author":1,"featured_media":0,"parent":9503,"menu_order":0,"comment_status":"closed","ping_status":"closed","template":"","meta":{"_monsterinsights_skip_tracking":false,"_monsterinsights_sitenote_active":false,"_monsterinsights_sitenote_note":"","_monsterinsights_sitenote_category":0},"yoast_head":"<!-- This site is optimized with the Yoast SEO plugin v20.3 - https:\/\/yoast.com\/wordpress\/plugins\/seo\/ -->\n<title>Location voiture de luxe Forte dei Marmi - Luxury Rental Mc<\/title>\n<meta name=\"robots\" content=\"index, follow, max-snippet:-1, max-image-preview:large, max-video-preview:-1\" \/>\n<link rel=\"canonical\" href=\"https:\/\/luxury-rental-mc.com\/fr\/location-voiture-luxe\/autres-villes\/location-voiture-de-luxe-forte-dei-marmi\/\" \/>\n<meta property=\"og:locale\" content=\"fr_FR\" \/>\n<meta property=\"og:type\" content=\"article\" \/>\n<meta property=\"og:title\" content=\"Location voiture de luxe Forte dei Marmi - Luxury Rental Mc\" \/>\n<meta property=\"og:description\" content=\"[vc_row][vc_column][vc_column_text] Location voiture luxe Forte dei Marmi \u00c0 Forte Dei Marmi, une province tr\u00e8s branch\u00e9e d\u2019Italie, la beaut\u00e9 de la nature n\u2019a comme limite que l\u2019horizon de la mer. Avec plus de 350 kilom\u00e8tres de plages, les montagnes du nord, les ch\u00e2teaux datant de la renaissance entour\u00e9s de vignes et d\u2019oliviers sans oublier ses fermes [&hellip;]\" \/>\n<meta property=\"og:url\" content=\"https:\/\/luxury-rental-mc.com\/fr\/location-voiture-luxe\/autres-villes\/location-voiture-de-luxe-forte-dei-marmi\/\" \/>\n<meta property=\"og:site_name\" content=\"Luxury Car Rentals | Monaco, Nice, Cannes, Saint-Tropez\" \/>\n<meta name=\"twitter:label1\" content=\"Dur\u00e9e de lecture estim\u00e9e\" \/>\n\t<meta name=\"twitter:data1\" content=\"4 minutes\" \/>\n<script type=\"application\/ld+json\" class=\"yoast-schema-graph\">{\"@context\":\"https:\/\/schema.org\",\"@graph\":[{\"@type\":\"WebPage\",\"@id\":\"https:\/\/luxury-rental-mc.com\/fr\/location-voiture-luxe\/autres-villes\/location-voiture-de-luxe-forte-dei-marmi\/\",\"url\":\"https:\/\/luxury-rental-mc.com\/fr\/location-voiture-luxe\/autres-villes\/location-voiture-de-luxe-forte-dei-marmi\/\",\"name\":\"Location voiture de luxe Forte dei Marmi - Luxury Rental Mc\",\"isPartOf\":{\"@id\":\"https:\/\/luxury-rental-mc.com\/#website\"},\"datePublished\":\"2017-03-15T09:20:46+00:00\",\"dateModified\":\"2017-03-15T09:20:46+00:00\",\"breadcrumb\":{\"@id\":\"https:\/\/luxury-rental-mc.com\/fr\/location-voiture-luxe\/autres-villes\/location-voiture-de-luxe-forte-dei-marmi\/#breadcrumb\"},\"inLanguage\":\"fr-FR\",\"potentialAction\":[{\"@type\":\"ReadAction\",\"target\":[\"https:\/\/luxury-rental-mc.com\/fr\/location-voiture-luxe\/autres-villes\/location-voiture-de-luxe-forte-dei-marmi\/\"]}]},{\"@type\":\"BreadcrumbList\",\"@id\":\"https:\/\/luxury-rental-mc.com\/fr\/location-voiture-luxe\/autres-villes\/location-voiture-de-luxe-forte-dei-marmi\/#breadcrumb\",\"itemListElement\":[{\"@type\":\"ListItem\",\"position\":1,\"name\":\"Accueil\",\"item\":\"https:\/\/luxury-rental-mc.com\/fr\/\"},{\"@type\":\"ListItem\",\"position\":2,\"name\":\"Location\",\"item\":\"https:\/\/luxury-rental-mc.com\/fr\/location-voiture-luxe\/\"},{\"@type\":\"ListItem\",\"position\":3,\"name\":\"Autres Villes\",\"item\":\"https:\/\/luxury-rental-mc.com\/fr\/location-voiture-luxe\/autres-villes\/\"},{\"@type\":\"ListItem\",\"position\":4,\"name\":\"Location voiture de luxe Forte dei Marmi\"}]},{\"@type\":\"WebSite\",\"@id\":\"https:\/\/luxury-rental-mc.com\/#website\",\"url\":\"https:\/\/luxury-rental-mc.com\/\",\"name\":\"Luxury Car Rentals | Monaco, Nice, Cannes, Saint-Tropez\",\"description\":\"Rent the finest brands : Porsche, Ferrari, Lamborghini, Mercedes...\",\"potentialAction\":[{\"@type\":\"SearchAction\",\"target\":{\"@type\":\"EntryPoint\",\"urlTemplate\":\"https:\/\/luxury-rental-mc.com\/?s={search_term_string}\"},\"query-input\":\"required name=search_term_string\"}],\"inLanguage\":\"fr-FR\"}]}<\/script>\n<!-- \/ Yoast SEO plugin. -->","yoast_head_json":{"title":"Location voiture de luxe Forte dei Marmi - Luxury Rental Mc","robots":{"index":"index","follow":"follow","max-snippet":"max-snippet:-1","max-image-preview":"max-image-preview:large","max-video-preview":"max-video-preview:-1"},"canonical":"https:\/\/luxury-rental-mc.com\/fr\/location-voiture-luxe\/autres-villes\/location-voiture-de-luxe-forte-dei-marmi\/","og_locale":"fr_FR","og_type":"article","og_title":"Location voiture de luxe Forte dei Marmi - Luxury Rental Mc","og_description":"[vc_row][vc_column][vc_column_text] Location voiture luxe Forte dei Marmi \u00c0 Forte Dei Marmi, une province tr\u00e8s branch\u00e9e d\u2019Italie, la beaut\u00e9 de la nature n\u2019a comme limite que l\u2019horizon de la mer. Avec plus de 350 kilom\u00e8tres de plages, les montagnes du nord, les ch\u00e2teaux datant de la renaissance entour\u00e9s de vignes et d\u2019oliviers sans oublier ses fermes [&hellip;]","og_url":"https:\/\/luxury-rental-mc.com\/fr\/location-voiture-luxe\/autres-villes\/location-voiture-de-luxe-forte-dei-marmi\/","og_site_name":"Luxury Car Rentals | Monaco, Nice, Cannes, Saint-Tropez","twitter_misc":{"Dur\u00e9e de lecture estim\u00e9e":"4 minutes"},"schema":{"@context":"https:\/\/schema.org","@graph":[{"@type":"WebPage","@id":"https:\/\/luxury-rental-mc.com\/fr\/location-voiture-luxe\/autres-villes\/location-voiture-de-luxe-forte-dei-marmi\/","url":"https:\/\/luxury-rental-mc.com\/fr\/location-voiture-luxe\/autres-villes\/location-voiture-de-luxe-forte-dei-marmi\/","name":"Location voiture de luxe Forte dei Marmi - Luxury Rental Mc","isPartOf":{"@id":"https:\/\/luxury-rental-mc.com\/#website"},"datePublished":"2017-03-15T09:20:46+00:00","dateModified":"2017-03-15T09:20:46+00:00","breadcrumb":{"@id":"https:\/\/luxury-rental-mc.com\/fr\/location-voiture-luxe\/autres-villes\/location-voiture-de-luxe-forte-dei-marmi\/#breadcrumb"},"inLanguage":"fr-FR","potentialAction":[{"@type":"ReadAction","target":["https:\/\/luxury-rental-mc.com\/fr\/location-voiture-luxe\/autres-villes\/location-voiture-de-luxe-forte-dei-marmi\/"]}]},{"@type":"BreadcrumbList","@id":"https:\/\/luxury-rental-mc.com\/fr\/location-voiture-luxe\/autres-villes\/location-voiture-de-luxe-forte-dei-marmi\/#breadcrumb","itemListElement":[{"@type":"ListItem","position":1,"name":"Accueil","item":"https:\/\/luxury-rental-mc.com\/fr\/"},{"@type":"ListItem","position":2,"name":"Location","item":"https:\/\/luxury-rental-mc.com\/fr\/location-voiture-luxe\/"},{"@type":"ListItem","position":3,"name":"Autres Villes","item":"https:\/\/luxury-rental-mc.com\/fr\/location-voiture-luxe\/autres-villes\/"},{"@type":"ListItem","position":4,"name":"Location voiture de luxe Forte dei Marmi"}]},{"@type":"WebSite","@id":"https:\/\/luxury-rental-mc.com\/#website","url":"https:\/\/luxury-rental-mc.com\/","name":"Luxury Car Rentals | Monaco, Nice, Cannes, Saint-Tropez","description":"Rent the finest brands : Porsche, Ferrari, Lamborghini, Mercedes...","potentialAction":[{"@type":"SearchAction","target":{"@type":"EntryPoint","urlTemplate":"https:\/\/luxury-rental-mc.com\/?s={search_term_string}"},"query-input":"required name=search_term_string"}],"inLanguage":"fr-FR"}]}},"_links":{"self":[{"href":"https:\/\/luxury-rental-mc.com\/fr\/wp-json\/wp\/v2\/pages\/9932\/"}],"collection":[{"href":"https:\/\/luxury-rental-mc.com\/fr\/wp-json\/wp\/v2\/pages\/"}],"about":[{"href":"https:\/\/luxury-rental-mc.com\/fr\/wp-json\/wp\/v2\/types\/page\/"}],"author":[{"embeddable":true,"href":"https:\/\/luxury-rental-mc.com\/fr\/wp-json\/wp\/v2\/users\/1\/"}],"replies":[{"embeddable":true,"href":"https:\/\/luxury-rental-mc.com\/fr\/wp-json\/wp\/v2\/comments\/?post=9932"}],"version-history":[{"count":1,"href":"https:\/\/luxury-rental-mc.com\/fr\/wp-json\/wp\/v2\/pages\/9932\/revisions\/"}],"predecessor-version":[{"id":9935,"href":"https:\/\/luxury-rental-mc.com\/fr\/wp-json\/wp\/v2\/pages\/9932\/revisions\/9935\/"}],"up":[{"embeddable":true,"href":"https:\/\/luxury-rental-mc.com\/fr\/wp-json\/wp\/v2\/pages\/9503\/"}],"wp:attachment":[{"href":"https:\/\/luxury-rental-mc.com\/fr\/wp-json\/wp\/v2\/media\/?parent=9932"}],"curies":[{"name":"wp","href":"https:\/\/api.w.org\/{rel}","templated":true}]}}