{"id":99639,"date":"2022-01-20T14:51:23","date_gmt":"2022-01-20T13:51:23","guid":{"rendered":"https:\/\/luxury-rental-mc.com\/?page_id=99639"},"modified":"2022-01-20T14:51:23","modified_gmt":"2022-01-20T13:51:23","slug":"mc-luxury-rental-vous-souhaite-une-bonne-annee-2022","status":"publish","type":"page","link":"https:\/\/luxury-rental-mc.com\/fr\/mc-luxury-rental-vous-souhaite-une-bonne-annee-2022\/","title":{"rendered":"MC Luxury Rental vous souhaite une bonne ann\u00e9e 2022"},"content":{"rendered":"<p>Pour cette nouvelle ann\u00e9e, l\u2019agence de location de v\u00e9hicule haut de gamme MC Luxury Rental vous souhaite une merveilleuse ann\u00e9e 2022. Nous esp\u00e9rons que vous avez pass\u00e9 d\u2019agr\u00e9ables f\u00eates en cette fin d\u2019ann\u00e9e en compagnie de votre famille et de vos amis. Notre soci\u00e9t\u00e9 de location de voiture de luxe reste \u00e0 vos c\u00f4t\u00e9s pour une nouvelle ann\u00e9e remplie d\u2019aventures et de sensations gr\u00e2ce \u00e0 nos v\u00e9hicules d\u2019exceptions. L\u2019\u00e9quipe MC Luxury Rental est tr\u00e8s heureux de continuer \u00e0 vous accompagner dans vos voyages professionnels et priv\u00e9s. Vivez l\u2019exp\u00e9rience grand luxe encore une fois avec MC Luxury Rental.<\/p>\n<p><b>Notre caract\u00e8re inalt\u00e9rable <span class=\"Apple-converted-space\">\u00a0<\/span><\/b><\/p>\n<p>Les valeurs de notre soci\u00e9t\u00e9 de location de voiture de prestige ne changent pas, nous restons encore cette ann\u00e9e \u00e0 votre enti\u00e8re disposition, nous vous offrons un service irr\u00e9prochable, ponctuel et r\u00e9actif pour vous satisfaire de la meilleure mani\u00e8re qu\u2019il soit. MC Luxury Rental s\u2019efforce \u00e0 vous offrir une service de location \u00e0 la hauteur de vos attentes.<span class=\"Apple-converted-space\">\u00a0<\/span><\/p>\n<p><b>Les nouveaut\u00e9s 2022<\/b><\/p>\n<p>Nous vous pr\u00e9parons quelques surprises avec l\u2019arriv\u00e9e de super cars dans notre tr\u00e8s grande collection de voiture de location. Nous faisons l\u2019acquisition cette ann\u00e9e encore de magnifiques mod\u00e8les dans notre portefeuille de <b>v\u00e9hicule de location de luxe<\/b>.<span class=\"Apple-converted-space\">\u00a0<\/span><\/p>\n<p><b>Donnez de l\u2019allure \u00e0 vos week-end<\/b><\/p>\n<p>\u00c0 la carte, nous vous proposons de louer une <a href=\"https:\/\/luxury-rental-mc.com\/fr\/location-voiture\/lamborghini-urus\/\">Lamborghini Urus<\/a>, cette b\u00eate automobile vous impressionnera par sa puissance et son design moderne et futuriste. Ce SUV d\u2019exception vous permettra d\u2019assumer et d\u2019assurer vos vir\u00e9es \u00e0 la montagne, dans vos stations favorites fran\u00e7aises telles que <a href=\"https:\/\/luxury-rental-mc.com\/fr\/location-megeve\/\">Meg\u00e8ve<\/a>, <a href=\"https:\/\/luxury-rental-mc.com\/fr\/location-voiture-luxe\/location-courchevel\/\">Courchevel<\/a> mais aussi traverser les sommets des montagnes Suisse, \u00e0 Saint-Moritz.<span class=\"Apple-converted-space\">\u00a0<\/span><\/p>\n<p>Cette <b>Lamborghini Urus<\/b> de location vous \u00e9tonnera par son maintien sur les routes enneig\u00e9es gr\u00e2ce \u00e0 son mode \u00ab\u00a0Neve\u00a0\u00bb sp\u00e9cialement adapt\u00e9 aux chauss\u00e9es glissantes. Pour les autres types de routes rencontr\u00e9es, 6 modes existent<span class=\"Apple-converted-space\">\u00a0 <\/span>et permettent \u00e0 votre Lamborghini Urus de location de s\u2019adapter et d\u2019adh\u00e9rer \u00e0 tous le chemins. Cette large adaptabilit\u00e9 marque la polyvalence de ce prestigieux <b>SUV sportif de location<\/b>. Elle offre un habitacle ultra spacieux pour vous et votre famille.<span class=\"Apple-converted-space\">\u00a0<\/span><\/p>\n<p>Elle saura vous offrir des performances \u00e0 couper le souffle avec son moteur V8 biturbo de 650 chevaux, et ses 3,6s pour atteindre les 100km\/h.<\/p>\n<p><b>La sportive aboutie<span class=\"Apple-converted-space\">\u00a0<\/span><\/b><\/p>\n<p>Une nouvelle sportive fait son entr\u00e9e dans notre large gamme de location automobile haut de gamme, une Ferrari F8 Spider.<span class=\"Apple-converted-space\">\u00a0<\/span><\/p>\n<p>Roulez au volant de l\u2019embl\u00e9matique Cheval Cabr\u00e9 sur les traces du tr\u00e8s c\u00e9l\u00e8bre grand prix de Formule 1 de <a href=\"https:\/\/luxury-rental-mc.com\/fr\/location-voiture-luxe\/monaco\/\">Monaco<\/a> pour vous sentir tel un pilote avec son design et ses courbes \u00e9l\u00e9gantes. Elle est capable de monter \u00e0 100km\/h en 2,9s, c\u2019est digne d\u2019une fus\u00e9e automobile. Cette <b>Ferrari F8 Spider<\/b> de location est dot\u00e9e d\u2019un moteur V8 d\u2019une puissance de 720ch. Vous l\u2019entendrez gronder lors de vos acc\u00e9l\u00e9rations.<span class=\"Apple-converted-space\">\u00a0<\/span><\/p>\n<p><b>Ce SUV ind\u00e9tr\u00f4nable<span class=\"Apple-converted-space\">\u00a0<\/span><\/b><\/p>\n<p>Le nouveau <a href=\"https:\/\/luxury-rental-mc.com\/fr\/location-voiture\/range-rover-vogue\/\">Range Rover Vogue<\/a> entre \u00e9galement dans notre grande famille de location MC Luxury Rental. Ce v\u00e9hicule de location sophistiqu\u00e9 offre un habitacle large qui vous permettra d\u2019accueillir votre famille et vos bagages sans se sentir \u00e0 l\u2019\u00e9troit. Ce bijou assure une s\u00e9curit\u00e9 automobile, un confort et une aisance de conduite vous permettant de franchir des routes difficiles d\u2019acc\u00e8s gr\u00e2ce \u00e0 ses suspensions lui assurant une adh\u00e9rence exceptionnelle \u00e0 tous types de sentiers. N\u2019ayez aucune crainte et louez ce <b>Range Rover Vogue<\/b> ayant une tenue de route irr\u00e9prochable et un \u00e9quipement de haute qualit\u00e9.<span class=\"Apple-converted-space\">\u00a0<\/span><\/p>\n<p>Ce v\u00e9hicule maniable de location est tout terrain et rendra votre voyage plus simple sur les pistes abruptes.<span class=\"Apple-converted-space\">\u00a0<\/span><\/p>\n<p><b>Louer de l\u2019\u00e9lectrique chez MC Luxury Rental\u00a0!<\/b><\/p>\n<p>Une innovation et un pas vers la voiture de demain, la venue dans n\u00f4tre agence automobile haut de gamme, d\u2019un <b>v\u00e9hicule 100% \u00e9lectrique<\/b> de location. La <a href=\"https:\/\/luxury-rental-mc.com\/fr\/notre-nouveaute-electrique-chez-mc-luxury-rental\/\">Porsche Taycan<\/a>, cette incarnation du luxe automobile aux courbes arrondies vous garantit une conduite responsable et \u00e9cologique par ce mod\u00e8le 100% \u00e9lectrique. Cette somptueuse voiture de location exclusive est compos\u00e9e de deux moteurs \u00e9lectriques de quoi vous offrir de belles sensations sans culpabiliser. Louez la <b>Porsche Taycan<\/b> et partez \u00e0 la d\u00e9couverte de l\u2019Italie en passant par Florence, Milan, Rome et Naples, sa charge vous offre une autonomie de 500km et une recharge rapide gr\u00e2ce au syst\u00e8me Porsche Charge Manager, le faisant passer de 5% \u00e0 80% en seulement quelques minutes.<span class=\"Apple-converted-space\">\u00a0<\/span><\/p>\n<p><b>Les services propos\u00e9s par MC Luxury Rental<span class=\"Apple-converted-space\">\u00a0<\/span><\/b><\/p>\n<p>L\u2019agence MC Luxury Rental propose un grand panel de mod\u00e8le pour r\u00e9pondre \u00e0 toutes les demandes de nos clients pour leurs s\u00e9jours courtes ou longues dur\u00e9es. L\u2019\u00e9quipe MC Luxury Rental offre un <a href=\"https:\/\/luxury-rental-mc.com\/fr\/qui-sommes-nous\/\">service premium sur mesure<\/a> \u00e0 notre client\u00e8le haut de gamme pour leur fournir un confort optimal. Nos exotic cars sont dot\u00e9es de toutes les options n\u00e9cessaires et des derni\u00e8res technologies pour offrir une aisance incomparable. <span class=\"Apple-converted-space\">\u00a0<\/span><\/p>\n<p>Faites-vous livrer votre voiture de luxe, l\u2019a\u00e9roport, \u00e0 la sortie de votre jet-priv\u00e9, devant votre r\u00e9sidence secondaire, dans votre chalet de montagne, en bas de votre h\u00f4tel de luxe, c\u2019est \u00e0 vous de d\u00e9cider du lieux de votre livraison.<span class=\"Apple-converted-space\">\u00a0<\/span><\/p>\n<p>Vous avez la possibilit\u00e9 de louer nos <b>voitures premium en aller simple<\/b>, nos \u00e9quipes se chargeront de venir chercher le v\u00e9hicule o\u00f9 vous l\u2019avez d\u00e9pos\u00e9. Nous louons nos voiture de luxe \u00e0 travers la France (Paris, Nantes, Nice, Cannes, Saint-Tropez, Toulon, Corse, Courchevel, M\u00e9ribel, Val Thorens\u2026) et l\u2019Europe (Italie, Espagne, Allemagne, Autriche, Suisse, Belgique\u2026)ainsi qu\u2019\u00e0 Monaco et nous mettons un point d\u2019honneur \u00e0 la propret\u00e9 de celles-ci. Vous recevrez votre v\u00e9hicule de location comme neuf o\u00f9 vous le d\u00e9sirez.<\/p>\n<p>Nous restons \u00e0 votre disposition 24\/24 et 7\/7 pour toutes questions.<span class=\"Apple-converted-space\">\u00a0<\/span><\/p>\n","protected":false},"excerpt":{"rendered":"<p>Pour cette nouvelle ann\u00e9e, l\u2019agence de location de v\u00e9hicule haut de gamme MC Luxury Rental vous souhaite une merveilleuse ann\u00e9e 2022. Nous esp\u00e9rons que vous avez pass\u00e9 d\u2019agr\u00e9ables f\u00eates en cette fin d\u2019ann\u00e9e en compagnie de votre famille et de vos amis. Notre soci\u00e9t\u00e9 de location de voiture de luxe reste \u00e0 vos c\u00f4t\u00e9s pour [&hellip;]<\/p>\n","protected":false},"author":4,"featured_media":0,"parent":0,"menu_order":0,"comment_status":"closed","ping_status":"closed","template":"","meta":{"_monsterinsights_skip_tracking":false,"_monsterinsights_sitenote_active":false,"_monsterinsights_sitenote_note":"","_monsterinsights_sitenote_category":0},"yoast_head":"<!-- This site is optimized with the Yoast SEO plugin v20.3 - https:\/\/yoast.com\/wordpress\/plugins\/seo\/ -->\n<title>MC Luxury Rental vous souhaite une bonne ann\u00e9e 2022 - Luxury Car Rentals | Monaco, Nice, Cannes, Saint-Tropez<\/title>\n<meta name=\"robots\" content=\"index, follow, max-snippet:-1, max-image-preview:large, max-video-preview:-1\" \/>\n<link rel=\"canonical\" href=\"https:\/\/luxury-rental-mc.com\/fr\/mc-luxury-rental-vous-souhaite-une-bonne-annee-2022\/\" \/>\n<meta property=\"og:locale\" content=\"fr_FR\" \/>\n<meta property=\"og:type\" content=\"article\" \/>\n<meta property=\"og:title\" content=\"MC Luxury Rental vous souhaite une bonne ann\u00e9e 2022 - Luxury Car Rentals | Monaco, Nice, Cannes, Saint-Tropez\" \/>\n<meta property=\"og:description\" content=\"Pour cette nouvelle ann\u00e9e, l\u2019agence de location de v\u00e9hicule haut de gamme MC Luxury Rental vous souhaite une merveilleuse ann\u00e9e 2022. Nous esp\u00e9rons que vous avez pass\u00e9 d\u2019agr\u00e9ables f\u00eates en cette fin d\u2019ann\u00e9e en compagnie de votre famille et de vos amis. Notre soci\u00e9t\u00e9 de location de voiture de luxe reste \u00e0 vos c\u00f4t\u00e9s pour [&hellip;]\" \/>\n<meta property=\"og:url\" content=\"https:\/\/luxury-rental-mc.com\/fr\/mc-luxury-rental-vous-souhaite-une-bonne-annee-2022\/\" \/>\n<meta property=\"og:site_name\" content=\"Luxury Car Rentals | Monaco, Nice, Cannes, Saint-Tropez\" \/>\n<meta name=\"twitter:label1\" content=\"Dur\u00e9e de lecture estim\u00e9e\" \/>\n\t<meta name=\"twitter:data1\" content=\"4 minutes\" \/>\n<script type=\"application\/ld+json\" class=\"yoast-schema-graph\">{\"@context\":\"https:\/\/schema.org\",\"@graph\":[{\"@type\":\"WebPage\",\"@id\":\"https:\/\/luxury-rental-mc.com\/fr\/mc-luxury-rental-vous-souhaite-une-bonne-annee-2022\/\",\"url\":\"https:\/\/luxury-rental-mc.com\/fr\/mc-luxury-rental-vous-souhaite-une-bonne-annee-2022\/\",\"name\":\"MC Luxury Rental vous souhaite une bonne ann\u00e9e 2022 - Luxury Car Rentals | Monaco, Nice, Cannes, Saint-Tropez\",\"isPartOf\":{\"@id\":\"https:\/\/luxury-rental-mc.com\/#website\"},\"datePublished\":\"2022-01-20T13:51:23+00:00\",\"dateModified\":\"2022-01-20T13:51:23+00:00\",\"breadcrumb\":{\"@id\":\"https:\/\/luxury-rental-mc.com\/fr\/mc-luxury-rental-vous-souhaite-une-bonne-annee-2022\/#breadcrumb\"},\"inLanguage\":\"fr-FR\",\"potentialAction\":[{\"@type\":\"ReadAction\",\"target\":[\"https:\/\/luxury-rental-mc.com\/fr\/mc-luxury-rental-vous-souhaite-une-bonne-annee-2022\/\"]}]},{\"@type\":\"BreadcrumbList\",\"@id\":\"https:\/\/luxury-rental-mc.com\/fr\/mc-luxury-rental-vous-souhaite-une-bonne-annee-2022\/#breadcrumb\",\"itemListElement\":[{\"@type\":\"ListItem\",\"position\":1,\"name\":\"Accueil\",\"item\":\"https:\/\/luxury-rental-mc.com\/fr\/\"},{\"@type\":\"ListItem\",\"position\":2,\"name\":\"MC Luxury Rental vous souhaite une bonne ann\u00e9e 2022\"}]},{\"@type\":\"WebSite\",\"@id\":\"https:\/\/luxury-rental-mc.com\/#website\",\"url\":\"https:\/\/luxury-rental-mc.com\/\",\"name\":\"Luxury Car Rentals | Monaco, Nice, Cannes, Saint-Tropez\",\"description\":\"Rent the finest brands : Porsche, Ferrari, Lamborghini, Mercedes...\",\"potentialAction\":[{\"@type\":\"SearchAction\",\"target\":{\"@type\":\"EntryPoint\",\"urlTemplate\":\"https:\/\/luxury-rental-mc.com\/?s={search_term_string}\"},\"query-input\":\"required name=search_term_string\"}],\"inLanguage\":\"fr-FR\"}]}<\/script>\n<!-- \/ Yoast SEO plugin. -->","yoast_head_json":{"title":"MC Luxury Rental vous souhaite une bonne ann\u00e9e 2022 - Luxury Car Rentals | Monaco, Nice, Cannes, Saint-Tropez","robots":{"index":"index","follow":"follow","max-snippet":"max-snippet:-1","max-image-preview":"max-image-preview:large","max-video-preview":"max-video-preview:-1"},"canonical":"https:\/\/luxury-rental-mc.com\/fr\/mc-luxury-rental-vous-souhaite-une-bonne-annee-2022\/","og_locale":"fr_FR","og_type":"article","og_title":"MC Luxury Rental vous souhaite une bonne ann\u00e9e 2022 - Luxury Car Rentals | Monaco, Nice, Cannes, Saint-Tropez","og_description":"Pour cette nouvelle ann\u00e9e, l\u2019agence de location de v\u00e9hicule haut de gamme MC Luxury Rental vous souhaite une merveilleuse ann\u00e9e 2022. Nous esp\u00e9rons que vous avez pass\u00e9 d\u2019agr\u00e9ables f\u00eates en cette fin d\u2019ann\u00e9e en compagnie de votre famille et de vos amis. Notre soci\u00e9t\u00e9 de location de voiture de luxe reste \u00e0 vos c\u00f4t\u00e9s pour [&hellip;]","og_url":"https:\/\/luxury-rental-mc.com\/fr\/mc-luxury-rental-vous-souhaite-une-bonne-annee-2022\/","og_site_name":"Luxury Car Rentals | Monaco, Nice, Cannes, Saint-Tropez","twitter_misc":{"Dur\u00e9e de lecture estim\u00e9e":"4 minutes"},"schema":{"@context":"https:\/\/schema.org","@graph":[{"@type":"WebPage","@id":"https:\/\/luxury-rental-mc.com\/fr\/mc-luxury-rental-vous-souhaite-une-bonne-annee-2022\/","url":"https:\/\/luxury-rental-mc.com\/fr\/mc-luxury-rental-vous-souhaite-une-bonne-annee-2022\/","name":"MC Luxury Rental vous souhaite une bonne ann\u00e9e 2022 - Luxury Car Rentals | Monaco, Nice, Cannes, Saint-Tropez","isPartOf":{"@id":"https:\/\/luxury-rental-mc.com\/#website"},"datePublished":"2022-01-20T13:51:23+00:00","dateModified":"2022-01-20T13:51:23+00:00","breadcrumb":{"@id":"https:\/\/luxury-rental-mc.com\/fr\/mc-luxury-rental-vous-souhaite-une-bonne-annee-2022\/#breadcrumb"},"inLanguage":"fr-FR","potentialAction":[{"@type":"ReadAction","target":["https:\/\/luxury-rental-mc.com\/fr\/mc-luxury-rental-vous-souhaite-une-bonne-annee-2022\/"]}]},{"@type":"BreadcrumbList","@id":"https:\/\/luxury-rental-mc.com\/fr\/mc-luxury-rental-vous-souhaite-une-bonne-annee-2022\/#breadcrumb","itemListElement":[{"@type":"ListItem","position":1,"name":"Accueil","item":"https:\/\/luxury-rental-mc.com\/fr\/"},{"@type":"ListItem","position":2,"name":"MC Luxury Rental vous souhaite une bonne ann\u00e9e 2022"}]},{"@type":"WebSite","@id":"https:\/\/luxury-rental-mc.com\/#website","url":"https:\/\/luxury-rental-mc.com\/","name":"Luxury Car Rentals | Monaco, Nice, Cannes, Saint-Tropez","description":"Rent the finest brands : Porsche, Ferrari, Lamborghini, Mercedes...","potentialAction":[{"@type":"SearchAction","target":{"@type":"EntryPoint","urlTemplate":"https:\/\/luxury-rental-mc.com\/?s={search_term_string}"},"query-input":"required name=search_term_string"}],"inLanguage":"fr-FR"}]}},"_links":{"self":[{"href":"https:\/\/luxury-rental-mc.com\/fr\/wp-json\/wp\/v2\/pages\/99639\/"}],"collection":[{"href":"https:\/\/luxury-rental-mc.com\/fr\/wp-json\/wp\/v2\/pages\/"}],"about":[{"href":"https:\/\/luxury-rental-mc.com\/fr\/wp-json\/wp\/v2\/types\/page\/"}],"author":[{"embeddable":true,"href":"https:\/\/luxury-rental-mc.com\/fr\/wp-json\/wp\/v2\/users\/4\/"}],"replies":[{"embeddable":true,"href":"https:\/\/luxury-rental-mc.com\/fr\/wp-json\/wp\/v2\/comments\/?post=99639"}],"version-history":[{"count":1,"href":"https:\/\/luxury-rental-mc.com\/fr\/wp-json\/wp\/v2\/pages\/99639\/revisions\/"}],"predecessor-version":[{"id":99640,"href":"https:\/\/luxury-rental-mc.com\/fr\/wp-json\/wp\/v2\/pages\/99639\/revisions\/99640\/"}],"wp:attachment":[{"href":"https:\/\/luxury-rental-mc.com\/fr\/wp-json\/wp\/v2\/media\/?parent=99639"}],"curies":[{"name":"wp","href":"https:\/\/api.w.org\/{rel}","templated":true}]}}